{"id":9859,"date":"2021-08-26T12:21:44","date_gmt":"2021-08-26T12:21:44","guid":{"rendered":"http:\/\/dummy.xtemos.com\/woodmart2\/elementor\/?page_id=45"},"modified":"2021-08-26T12:21:44","modified_gmt":"2021-08-26T12:21:44","slug":"%d9%8a%d9%82%d8%a7%d8%b1%d9%86","status":"publish","type":"page","link":"https:\/\/distribucionarc.com\/ar\/compare\/","title":{"rendered":"\u064a\u0642\u0627\u0631\u0646"},"content":{"rendered":"<p>[woodmart_compare]<\/p>\n","protected":false},"excerpt":{"rendered":"","protected":false},"author":1,"featured_media":0,"parent":0,"menu_order":0,"comment_status":"closed","ping_status":"closed","template":"","meta":{"footnotes":""},"class_list":["post-9859","page","type-page","status-publish","hentry"],"yoast_head":"<!-- This site is optimized with the Yoast SEO Premium plugin v24.9 (Yoast SEO v26.1) - https:\/\/yoast.com\/wordpress\/plugins\/seo\/ -->\n<title>Compare - distribuci\u00f3n ARC<\/title>\n<meta name=\"robots\" content=\"index, follow, max-snippet:-1, max-image-preview:large, max-video-preview:-1\" \/>\n<link rel=\"canonical\" href=\"https:\/\/distribucionarc.com\/ar\/\u064a\u0642\u0627\u0631\u0646\/\" \/>\n<meta property=\"og:locale\" content=\"ar_AR\" \/>\n<meta property=\"og:type\" content=\"article\" \/>\n<meta property=\"og:title\" content=\"Compare\" \/>\n<meta property=\"og:url\" content=\"https:\/\/distribucionarc.com\/ar\/\u064a\u0642\u0627\u0631\u0646\/\" \/>\n<meta property=\"og:site_name\" content=\"distribuci\u00f3n ARC\" \/>\n<meta property=\"og:image\" content=\"https:\/\/distribucionarc.com\/wp-content\/uploads\/2024\/12\/icono-arc.jpg\" \/>\n\t<meta property=\"og:image:width\" content=\"612\" \/>\n\t<meta property=\"og:image:height\" content=\"792\" \/>\n\t<meta property=\"og:image:type\" content=\"image\/jpeg\" \/>\n<meta name=\"twitter:card\" content=\"summary_large_image\" \/>\n<script type=\"application\/ld+json\" class=\"yoast-schema-graph\">{\"@context\":\"https:\/\/schema.org\",\"@graph\":[{\"@type\":\"WebPage\",\"@id\":\"https:\/\/distribucionarc.com\/compare\/\",\"url\":\"https:\/\/distribucionarc.com\/compare\/\",\"name\":\"Compare - distribuci\u00f3n ARC\",\"isPartOf\":{\"@id\":\"https:\/\/www.distribucionarc.com\/de\/#website\"},\"datePublished\":\"2021-08-26T12:21:44+00:00\",\"breadcrumb\":{\"@id\":\"https:\/\/distribucionarc.com\/compare\/#breadcrumb\"},\"inLanguage\":\"ar\",\"potentialAction\":[{\"@type\":\"ReadAction\",\"target\":[\"https:\/\/distribucionarc.com\/compare\/\"]}]},{\"@type\":\"BreadcrumbList\",\"@id\":\"https:\/\/distribucionarc.com\/compare\/#breadcrumb\",\"itemListElement\":[{\"@type\":\"ListItem\",\"position\":1,\"name\":\"Portada\",\"item\":\"https:\/\/www.distribucionarc.com\/en\/\"},{\"@type\":\"ListItem\",\"position\":2,\"name\":\"Compare\"}]},{\"@type\":\"WebSite\",\"@id\":\"https:\/\/www.distribucionarc.com\/de\/#website\",\"url\":\"https:\/\/www.distribucionarc.com\/de\/\",\"name\":\"distribuci\u00f3n ARC\",\"description\":\"Empresa especializada en la fabricaci\u00f3n y distribuci\u00f3n de maquinaria industrial, selladoras de latas, Maquinas de hacer pastillas, Maquinas de cortar carne...\",\"publisher\":{\"@id\":\"https:\/\/www.distribucionarc.com\/de\/#organization\"},\"potentialAction\":[{\"@type\":\"SearchAction\",\"target\":{\"@type\":\"EntryPoint\",\"urlTemplate\":\"https:\/\/www.distribucionarc.com\/de\/?s={search_term_string}\"},\"query-input\":{\"@type\":\"PropertyValueSpecification\",\"valueRequired\":true,\"valueName\":\"search_term_string\"}}],\"inLanguage\":\"ar\"},{\"@type\":\"Organization\",\"@id\":\"https:\/\/www.distribucionarc.com\/de\/#organization\",\"name\":\"Distribuci\u00f3n ARC\",\"url\":\"https:\/\/www.distribucionarc.com\/de\/\",\"logo\":{\"@type\":\"ImageObject\",\"inLanguage\":\"ar\",\"@id\":\"https:\/\/www.distribucionarc.com\/de\/#\/schema\/logo\/image\/\",\"url\":\"https:\/\/distribucionarc.com\/wp-content\/uploads\/2024\/10\/distribucion-ARC-COLOR-SIN-FONDO-e1732295305345.png\",\"contentUrl\":\"https:\/\/distribucionarc.com\/wp-content\/uploads\/2024\/10\/distribucion-ARC-COLOR-SIN-FONDO-e1732295305345.png\",\"width\":1164,\"height\":558,\"caption\":\"Distribuci\u00f3n ARC\"},\"image\":{\"@id\":\"https:\/\/www.distribucionarc.com\/de\/#\/schema\/logo\/image\/\"},\"description\":\"Empresa especializada en la fabricaci\u00f3n y distribuci\u00f3n de maquinaria industrial para los sectores alimentario y farmac\u00e9utico. Nos especializamos en: M\u00e1quinas de cortar carne Fabricaci\u00f3n de comprimidos Sistemas de transporte industrial L\u00edneas de embotellado Dosificadores Y mucho m\u00e1s... Ofrecemos soluciones innovadoras y personalizadas para optimizar los procesos productivos de tu empresa.\",\"email\":\"Admistracion@distribucionarc.com\",\"telephone\":\"+34 643496664\",\"legalName\":\"ARC TECH SOLUTIONS\",\"foundingDate\":\"2024-04-09\",\"vatID\":\"B55480172\",\"numberOfEmployees\":{\"@type\":\"QuantitativeValue\",\"minValue\":\"1\",\"maxValue\":\"10\"}}]}<\/script>\n<!-- \/ Yoast SEO Premium plugin. -->","yoast_head_json":{"title":"\u0645\u0642\u0627\u0631\u0646\u0629 - \u062a\u0648\u0632\u064a\u0639 ARC","robots":{"index":"index","follow":"follow","max-snippet":"max-snippet:-1","max-image-preview":"max-image-preview:large","max-video-preview":"max-video-preview:-1"},"canonical":"https:\/\/distribucionarc.com\/ar\/\u064a\u0642\u0627\u0631\u0646\/","og_locale":"ar_AR","og_type":"article","og_title":"Compare","og_url":"https:\/\/distribucionarc.com\/ar\/\u064a\u0642\u0627\u0631\u0646\/","og_site_name":"distribuci\u00f3n ARC","og_image":[{"width":612,"height":792,"url":"https:\/\/distribucionarc.com\/wp-content\/uploads\/2024\/12\/icono-arc.jpg","type":"image\/jpeg"}],"twitter_card":"summary_large_image","schema":{"@context":"https:\/\/schema.org","@graph":[{"@type":"WebPage","@id":"https:\/\/distribucionarc.com\/compare\/","url":"https:\/\/distribucionarc.com\/compare\/","name":"\u0645\u0642\u0627\u0631\u0646\u0629 - \u062a\u0648\u0632\u064a\u0639 ARC","isPartOf":{"@id":"https:\/\/www.distribucionarc.com\/de\/#website"},"datePublished":"2021-08-26T12:21:44+00:00","breadcrumb":{"@id":"https:\/\/distribucionarc.com\/compare\/#breadcrumb"},"inLanguage":"ar","potentialAction":[{"@type":"ReadAction","target":["https:\/\/distribucionarc.com\/compare\/"]}]},{"@type":"BreadcrumbList","@id":"https:\/\/distribucionarc.com\/compare\/#breadcrumb","itemListElement":[{"@type":"ListItem","position":1,"name":"Portada","item":"https:\/\/www.distribucionarc.com\/en\/"},{"@type":"ListItem","position":2,"name":"Compare"}]},{"@type":"WebSite","@id":"https:\/\/www.distribucionarc.com\/de\/#website","url":"https:\/\/www.distribucionarc.com\/de\/","name":"\u062a\u0648\u0632\u064a\u0639 \u0627\u0644\u0642\u0648\u0633","description":"\u0634\u0631\u0643\u0629 \u0645\u062a\u062e\u0635\u0635\u0629 \u0641\u064a \u062a\u0635\u0646\u064a\u0639 \u0648\u062a\u0648\u0632\u064a\u0639 \u0627\u0644\u0622\u0644\u0627\u062a \u0627\u0644\u0635\u0646\u0627\u0639\u064a\u0629\u060c \u0648\u0645\u0627\u0643\u064a\u0646\u0627\u062a \u062e\u062a\u0645 \u0627\u0644\u0639\u0644\u0628\u060c \u0648\u0645\u0627\u0643\u064a\u0646\u0627\u062a \u0635\u0646\u0639 \u0627\u0644\u0623\u0642\u0631\u0627\u0635\u060c \u0648\u0645\u0627\u0643\u064a\u0646\u0627\u062a \u062a\u0642\u0637\u064a\u0639 \u0627\u0644\u0644\u062d\u0648\u0645...","publisher":{"@id":"https:\/\/www.distribucionarc.com\/de\/#organization"},"potentialAction":[{"@type":"SearchAction","target":{"@type":"EntryPoint","urlTemplate":"https:\/\/www.distribucionarc.com\/de\/?s={search_term_string}"},"query-input":{"@type":"PropertyValueSpecification","valueRequired":true,"valueName":"search_term_string"}}],"inLanguage":"ar"},{"@type":"Organization","@id":"https:\/\/www.distribucionarc.com\/de\/#organization","name":"\u062a\u0648\u0632\u064a\u0639 \u0622\u0631\u0643","url":"https:\/\/www.distribucionarc.com\/de\/","logo":{"@type":"ImageObject","inLanguage":"ar","@id":"https:\/\/www.distribucionarc.com\/de\/#\/schema\/logo\/image\/","url":"https:\/\/distribucionarc.com\/wp-content\/uploads\/2024\/10\/distribucion-ARC-COLOR-SIN-FONDO-e1732295305345.png","contentUrl":"https:\/\/distribucionarc.com\/wp-content\/uploads\/2024\/10\/distribucion-ARC-COLOR-SIN-FONDO-e1732295305345.png","width":1164,"height":558,"caption":"Distribuci\u00f3n ARC"},"image":{"@id":"https:\/\/www.distribucionarc.com\/de\/#\/schema\/logo\/image\/"},"description":"\u0634\u0631\u0643\u0629 \u0645\u062a\u062e\u0635\u0635\u0629 \u0641\u064a \u062a\u0635\u0646\u064a\u0639 \u0648\u062a\u0648\u0632\u064a\u0639 \u0627\u0644\u0622\u0644\u0627\u062a \u0627\u0644\u0635\u0646\u0627\u0639\u064a\u0629 \u0644\u0642\u0637\u0627\u0639\u064a \u0627\u0644\u0623\u063a\u0630\u064a\u0629 \u0648\u0627\u0644\u0623\u062f\u0648\u064a\u0629. \u0646\u062d\u0646 \u0645\u062a\u062e\u0635\u0635\u0648\u0646 \u0641\u064a: \u0645\u0627\u0643\u064a\u0646\u0627\u062a \u062a\u0642\u0637\u064a\u0639 \u0627\u0644\u0644\u062d\u0648\u0645 \u062a\u0635\u0646\u064a\u0639 \u0627\u0644\u0623\u0642\u0631\u0627\u0635 \u0623\u0646\u0638\u0645\u0629 \u0627\u0644\u0646\u0642\u0644 \u0627\u0644\u0635\u0646\u0627\u0639\u064a\u0629 \u062e\u0637\u0648\u0637 \u0627\u0644\u062a\u0639\u0628\u0626\u0629 \u0648\u0627\u0644\u062a\u063a\u0644\u064a\u0641 \u0627\u0644\u0645\u0648\u0632\u0639\u0627\u062a \u0648\u0623\u0643\u062b\u0631 \u0645\u0646 \u0630\u0644\u0643 \u0628\u0643\u062b\u064a\u0631... \u0646\u062d\u0646 \u0646\u0642\u062f\u0645 \u062d\u0644\u0648\u0644\u0627\u064b \u0645\u0628\u062a\u0643\u0631\u0629 \u0648\u0645\u062e\u0635\u0635\u0629 \u0644\u062a\u062d\u0633\u064a\u0646 \u0639\u0645\u0644\u064a\u0627\u062a \u0627\u0644\u0625\u0646\u062a\u0627\u062c \u0641\u064a \u0634\u0631\u0643\u062a\u0643.","email":"Admistracion@distribucionarc.com","telephone":"+34 643496664","legalName":"ARC TECH SOLUTIONS","foundingDate":"2024-04-09","vatID":"B55480172","numberOfEmployees":{"@type":"QuantitativeValue","minValue":"1","maxValue":"10"}}]}},"_links":{"self":[{"href":"https:\/\/distribucionarc.com\/ar\/wp-json\/wp\/v2\/pages\/9859","targetHints":{"allow":["GET"]}}],"collection":[{"href":"https:\/\/distribucionarc.com\/ar\/wp-json\/wp\/v2\/pages"}],"about":[{"href":"https:\/\/distribucionarc.com\/ar\/wp-json\/wp\/v2\/types\/page"}],"author":[{"embeddable":true,"href":"https:\/\/distribucionarc.com\/ar\/wp-json\/wp\/v2\/users\/1"}],"replies":[{"embeddable":true,"href":"https:\/\/distribucionarc.com\/ar\/wp-json\/wp\/v2\/comments?post=9859"}],"version-history":[{"count":0,"href":"https:\/\/distribucionarc.com\/ar\/wp-json\/wp\/v2\/pages\/9859\/revisions"}],"wp:attachment":[{"href":"https:\/\/distribucionarc.com\/ar\/wp-json\/wp\/v2\/media?parent=9859"}],"curies":[{"name":"wp","href":"https:\/\/api.w.org\/{rel}","templated":true}]}}