{"id":1222,"date":"2020-07-29T12:13:13","date_gmt":"2020-07-29T12:13:13","guid":{"rendered":"https:\/\/distribucionarc.com\/?post_type=product&#038;p=1222"},"modified":"2023-06-04T18:46:28","modified_gmt":"2023-06-04T18:46:28","slug":"%d8%ae%d9%84%d8%a7%d8%b7-%d9%83%d9%87%d8%b1%d8%a8%d8%a7%d8%a6%d9%8a-%d8%a7%d8%ad%d8%aa%d8%b1%d8%a7%d9%81%d9%8a","status":"publish","type":"product","link":"https:\/\/distribucionarc.com\/ar\/producto\/batidora-electrica-profesional\/","title":{"rendered":"\u062e\u0644\u0627\u0637 \u0643\u0647\u0631\u0628\u0627\u0626\u064a \u0627\u062d\u062a\u0631\u0627\u0641\u064a"},"content":{"rendered":"<h3>\u062e\u0644\u0627\u0637 \u0643\u0647\u0631\u0628\u0627\u0626\u064a \u0645\u0646 \u0627\u0644\u0641\u0648\u0644\u0627\u0630 \u0627\u0644\u0645\u0642\u0627\u0648\u0645 \u0644\u0644\u0635\u062f\u0623 \u0633\u0639\u0629 1 \u0644\u062a\u0631<\/h3>\n<p>\u0645\u0644\u0643\u0646\u0627 <strong>\u062e\u0644\u0627\u0637 \u0643\u0647\u0631\u0628\u0627\u0626\u064a <span style=\"color: #ff0000;\">\u0644<\/span><span style=\"color: #0000ff;\">\u0631<\/span>\u0633\u064a \u0628\u064a \u0625\u064a \u0628\u064a 1<\/strong> \u0641\u0647\u0648 \u0645\u062b\u0627\u0644\u064a \u0644\u062a\u062d\u0636\u064a\u0631 \u0627\u0644\u0639\u0635\u0627\u0626\u0631 \u0648\u0627\u0644\u0645\u0634\u0631\u0648\u0628\u0627\u062a \u0627\u0644\u0645\u062e\u0641\u0648\u0642\u0629 \u0648\u0627\u0644\u0643\u0648\u0643\u062a\u064a\u0644\u0627\u062a. \u0633\u0631\u0639\u062a\u0647\u0627 \u062a\u062c\u0639\u0644\u0647\u0627 \u062c\u0647\u0627\u0632\u064b\u0627 \u0645\u062b\u0627\u0644\u064a\u064b\u0627 \u0644\u0644\u062d\u0627\u0646\u0627\u062a \u0648\u0627\u0644\u0645\u0637\u0627\u0639\u0645 \u0648\u0627\u0644\u0645\u0642\u0627\u0647\u064a \u0648\u0645\u0627 \u0625\u0644\u0649 \u0630\u0644\u0643.<\/p>\n<p>\u0627\u0644 <strong>\u062e\u0644\u0627\u0637 \u0643\u0647\u0631\u0628\u0627\u0626\u064a <span style=\"color: #ff0000;\">\u0644<\/span><span style=\"color: #0000ff;\">\u0631<\/span>\u062c<\/strong> \u0645\u0635\u0646\u0648\u0639 \u0645\u0646 \u0627\u0644\u0641\u0648\u0644\u0627\u0630 \u0627\u0644\u0645\u0642\u0627\u0648\u0645 \u0644\u0644\u0635\u062f\u0623 \u0639\u0627\u0644\u064a \u0627\u0644\u062c\u0648\u062f\u0629\u060c \u0647\u0630\u0627 <strong>\u062e\u0644\u0627\u0637<\/strong> \u064a\u062a\u0645\u064a\u0632 \u0628\u062a\u0635\u0645\u064a\u0645 \u0623\u0646\u064a\u0642\u060c \u0643\u0645\u0627 \u064a\u062a\u0645\u064a\u0632 \u0628\u0642\u0648\u062a\u0647 \u0648\u0645\u062a\u0627\u0646\u062a\u0647. \u062a\u062d\u062a\u0648\u064a \u0639\u0644\u0649 \u0645\u0633\u062a\u0648\u064a\u064a\u0646 \u0644\u0644\u0633\u0631\u0639\u0629 \u0644\u062a\u0644\u0628\u064a\u0629 \u0627\u062d\u062a\u064a\u0627\u062c\u0627\u062a \u0627\u0644\u0637\u0647\u064a \u0627\u0644\u0645\u062e\u062a\u0644\u0641\u0629. \u064a\u062a\u0645\u064a\u0632 \u0627\u0644\u0643\u0648\u0628 \u0627\u0644\u0645\u0635\u0646\u0648\u0639 \u0645\u0646 \u0627\u0644\u0641\u0648\u0644\u0627\u0630 \u0627\u0644\u0645\u0642\u0627\u0648\u0645 \u0644\u0644\u0635\u062f\u0623 \u0628\u0633\u0639\u0629 0.7 \u0644\u062a\u0631 \u0648\u064a\u062a\u0645\u064a\u0632 \u0628\u0645\u0642\u064a\u0627\u0633 \u0639\u0644\u0649 \u0627\u0644\u0633\u0637\u062d \u062d\u062a\u0649 \u062a\u062a\u0645\u0643\u0646 \u0645\u0646 \u0627\u0644\u0642\u064a\u0627\u0633 \u0628\u0633\u0647\u0648\u0644\u0629 \u0648\u0631\u0627\u062d\u0629. \u062a\u0639\u0645\u0644 \u0627\u0644\u0623\u0642\u062f\u0627\u0645 \u0627\u0644\u0645\u0637\u0627\u0637\u064a\u0629 \u063a\u064a\u0631 \u0627\u0644\u0642\u0627\u0628\u0644\u0629 \u0644\u0644\u0627\u0646\u0632\u0644\u0627\u0642 \u0639\u0644\u0649 \u0632\u064a\u0627\u062f\u0629 \u062b\u0628\u0627\u062a \u0627\u0644\u062e\u0644\u0627\u0637.<\/p>\n<p>\u0645\u0639 \u0647\u0630\u0627 <strong>\u062e\u0644\u0627\u0637 \u0643\u0647\u0631\u0628\u0627\u0626\u064a <span style=\"color: #ff0000;\">\u0644<\/span><span style=\"color: #0000ff;\">\u0631<\/span>\u062c<\/strong> \u0633\u0648\u0627\u0621 \u0644\u0644\u0627\u0633\u062a\u062e\u062f\u0627\u0645 \u0627\u0644\u0627\u062d\u062a\u0631\u0627\u0641\u064a \u0623\u0648 \u0627\u0644\u0647\u0648\u0627\u0629\u060c \u0641\u0625\u0646\u0647 \u0633\u0648\u0641 \u064a\u0639\u0637\u064a \u0646\u062a\u0627\u0626\u062c \u0645\u062b\u0627\u0644\u064a\u0629 \u0628\u0633\u0628\u0628 \u0633\u0631\u0639\u062a\u0647 \u0648\u0642\u0648\u062a\u0647.<\/p>\n<h6><strong>\u0636\u0645\u0627\u0646\u00a0<span style=\"color: #ff0000;\">\u0644<\/span><span style=\"color: #0000ff;\">\u0631<\/span>\u062c<\/strong><strong>\u00a0\u0633\u0646\u062a\u0627\u0646<\/strong><\/h6>\n<h6><span style=\"color: #008000;\">\u062e\u0644\u0627\u0637 \u0643\u0647\u0631\u0628\u0627\u0626\u064a \u0641\u0639\u0627\u0644\u060c \u0627\u0633\u062a\u0647\u0644\u0627\u0643 \u0645\u0646\u062e\u0641\u0636 160 \u0648\u0627\u0637<\/span><\/h6>\n<h6><strong>\u064a\u0634\u0645\u0644 \u0627\u0644\u062f\u0639\u0645 \u0627\u0644\u0641\u0646\u064a<\/strong><\/h6>\n<p>&nbsp;<\/p>\n<table role=\"presentation\" width=\"100%\" cellspacing=\"0\" cellpadding=\"0\">\n<tbody>\n<tr>\n<td class=\"attrLabels\">\u0633\u0631\u0639\u0629:<\/td>\n<td width=\"50.0%\">9000 \u0625\u0644\u0649 13000 \u062f\u0648\u0631\u0629 \u0641\u064a \u0627\u0644\u062f\u0642\u064a\u0642\u0629<\/td>\n<\/tr>\n<tr>\n<td class=\"attrLabels\">\u0628\u0644\u062f \u0627\u0644\u062a\u0648\u0632\u064a\u0639:<\/td>\n<td width=\"50.0%\">\u0627\u0633\u0628\u0627\u0646\u064a\u0627\u060c \u0623\u0644\u0645\u0627\u0646\u064a\u0627\u060c \u0627\u0644\u0648\u0644\u0627\u064a\u0627\u062a \u0627\u0644\u0645\u062a\u062d\u062f\u0629 \u0627\u0644\u0623\u0645\u0631\u064a\u0643\u064a\u0629<\/td>\n<td class=\"attrLabels\">\u0648\u0632\u0646:<\/td>\n<td width=\"50.0%\">4 \u0643\u062c\u0645<\/td>\n<\/tr>\n<tr>\n<td class=\"attrLabels\">\u0645\u0627\u0631\u0643\u0629:<\/td>\n<td width=\"50.0%\">\u0642\u0648\u0633<\/td>\n<td class=\"attrLabels\">\u0627\u0631\u062a\u0641\u0627\u0639:<\/td>\n<td width=\"50.0%\">52 \u0633\u0645<\/td>\n<\/tr>\n<tr>\n<td class=\"attrLabels\">\u0644\u0648\u0646:<\/td>\n<td width=\"50.0%\">\u0641\u0636\u064a<\/td>\n<td class=\"attrLabels\">\u0637\u0648\u064a\u0644:<\/td>\n<td width=\"50.0%\">18.5 \u0633\u0645<\/td>\n<\/tr>\n<tr>\n<td class=\"attrLabels\">\u0646\u0648\u0639 \u0627\u0644\u0645\u0646\u062a\u062c:<\/td>\n<td width=\"50.0%\">\u062e\u0644\u0627\u0637 \u0643\u0647\u0631\u0628\u0627\u0626\u064a \u0627\u062d\u062a\u0631\u0627\u0641\u064a<\/td>\n<td class=\"attrLabels\">\u0648\u0627\u0633\u0639:<\/td>\n<td width=\"50.0%\">18.5 \u0633\u0645<\/td>\n<\/tr>\n<tr>\n<td class=\"attrLabels\">\u0631\u0642\u0645 \u0627\u0644\u0634\u0631\u0643\u0629 \u0627\u0644\u0645\u0635\u0646\u0639\u0629:<\/td>\n<td width=\"50.0%\">\u0623\u0631\u0643\u0628\u064a\u06281<\/td>\n<td class=\"attrLabels\">\u0642\u0648\u0629:<\/td>\n<td width=\"50.0%\">160 \u0648\u0627\u0637<\/td>\n<\/tr>\n<tr>\n<td class=\"attrLabels\">\u0645\u0627\u062f\u0629:<\/td>\n<td width=\"50.0%\">\u0627\u0644\u0641\u0648\u0644\u0627\u0630 \u0627\u0644\u0645\u0642\u0627\u0648\u0645 \u0644\u0644\u0635\u062f\u0623\u060c \u0623\u0648\u062a\u0648\u0645\u0627\u062a\u064a\u0643\u064a \u0628\u0627\u0644\u0643\u0627\u0645\u0644<\/td>\n<td class=\"attrLabels\">\u062c\u0647\u062f \u0627\u0644\u0625\u062f\u062e\u0627\u0644<\/td>\n<td width=\"50.0%\">220 \u0641\u0648\u0644\u062a \u2013 60 \u0647\u0631\u062a\u0632<\/td>\n<\/tr>\n<tr>\n<td class=\"attrLabels\">\u0633\u0639\u0629 \u0627\u0644\u0632\u062c\u0627\u062c:<\/td>\n<td width=\"50.0%\">700 \u0645\u0644<\/td>\n<td class=\"attrLabels\">\u0636\u0645\u0627\u0646:<\/td>\n<td width=\"50.0%\">\u0633\u0646\u062a\u0627\u0646<\/td>\n<\/tr>\n<tr>\n<td class=\"attrLabels\">\u0623\u062f\u0648\u0627\u062a \u0627\u0644\u062a\u062b\u0628\u064a\u062a:<\/td>\n<td width=\"50.0%\">\u0646\u0639\u0645<\/td>\n<td class=\"attrLabels\">\u0625\u0646\u062a\u0627\u062c:<\/td>\n<td width=\"50.0%\">1 \u0625\u0644\u0649 2 \u062f\u0642\u064a\u0642\u0629 \u0644\u0643\u0644 \u0631\u062c\u0651\u0629<\/td>\n<\/tr>\n<\/tbody>\n<\/table>","protected":false},"excerpt":{"rendered":"<h2>\u062e\u0644\u0627\u0637 \u0643\u0647\u0631\u0628\u0627\u0626\u064a \u0645\u0646 \u0627\u0644\u0641\u0648\u0644\u0627\u0630 \u0627\u0644\u0645\u0642\u0627\u0648\u0645 \u0644\u0644\u0635\u062f\u0623 \u0633\u0639\u0629 1 \u0644\u062a\u0631<\/h2>\n<p>\u0645\u0639 <strong>\u062e\u0644\u0627\u0637 \u0643\u0647\u0631\u0628\u0627\u0626\u064a \u0627\u062d\u062a\u0631\u0627\u0641\u064a <span style=\"color: #ff0000;\">\u0644<\/span><span style=\"color: #0000ff;\">\u0631<\/span>\u062c<\/strong> \u064a\u0645\u0643\u0646\u0643 \u0635\u0646\u0639 \u0627\u0644\u0639\u0635\u0627\u0626\u0631 \u0648\u0627\u0644\u0645\u0634\u0631\u0648\u0628\u0627\u062a \u0627\u0644\u0645\u062e\u0641\u0648\u0642\u0629 \u0648\u0627\u0644\u0643\u0648\u0643\u062a\u064a\u0644\u0627\u062a \u0648\u0645\u0627 \u0625\u0644\u0649 \u0630\u0644\u0643. \u0648\u0641\u0631 \u0627\u0644\u0648\u0642\u062a \u0648\u0627\u0644\u0637\u0627\u0642\u0629 \u0628\u0641\u0636\u0644 \u0645\u062d\u0631\u0643 \u0627\u0644\u062c\u064a\u0644 \u0627\u0644\u0623\u062d\u062f\u062b<\/p>\n<p>\u0627\u0644 <strong>\u062e\u0644\u0627\u0637 \u0643\u0647\u0631\u0628\u0627\u0626\u064a <span style=\"color: #ff0000;\">\u0644<\/span><span style=\"color: #0000ff;\">\u0631<\/span>\u0633\u064a \u0628\u064a \u0625\u064a \u0628\u064a 1<\/strong>\u00a0\u0645\u0635\u0646\u0648\u0639 \u0645\u0646 \u0627\u0644\u0641\u0648\u0644\u0627\u0630 \u0627\u0644\u0645\u0642\u0627\u0648\u0645 \u0644\u0644\u0635\u062f\u0623 \u0639\u0627\u0644\u064a \u0627\u0644\u062c\u0648\u062f\u0629\u060c \u0647\u0630\u0627 <strong>\u062e\u0644\u0627\u0637<\/strong> \u064a\u062a\u0645\u064a\u0632 \u0628\u062a\u0635\u0645\u064a\u0645 \u0623\u0646\u064a\u0642\u060c \u0643\u0645\u0627 \u064a\u062a\u0645\u064a\u0632 \u0628\u0642\u0648\u062a\u0647 \u0648\u0645\u062a\u0627\u0646\u062a\u0647. \u064a\u062a\u0645\u064a\u0632 \u0627\u0644\u0643\u0648\u0628 \u0627\u0644\u0645\u0635\u0646\u0648\u0639 \u0645\u0646 \u0627\u0644\u0641\u0648\u0644\u0627\u0630 \u0627\u0644\u0645\u0642\u0627\u0648\u0645 \u0644\u0644\u0635\u062f\u0623 \u0628\u0633\u0639\u0629 0.7 \u0644\u062a\u0631 \u0648\u064a\u062a\u0645\u064a\u0632 \u0628\u0645\u0642\u064a\u0627\u0633 \u0639\u0644\u0649 \u0627\u0644\u0633\u0637\u062d \u062d\u062a\u0649 \u062a\u062a\u0645\u0643\u0646 \u0645\u0646 \u0627\u0644\u0642\u064a\u0627\u0633 \u0628\u0633\u0647\u0648\u0644\u0629 \u0648\u0631\u0627\u062d\u0629.<\/p>\n<h6><strong>\u0636\u0645\u0627\u0646\u00a0<span style=\"color: #ff0000;\">\u0644<\/span><span style=\"color: #0000ff;\">\u0631<\/span>\u062c<\/strong><strong>\u00a0\u0633\u0646\u062a\u0627\u0646<\/strong><\/h6>\n<h6><span style=\"color: #008000;\">\u062e\u0644\u0627\u0637 \u0643\u0647\u0631\u0628\u0627\u0626\u064a \u0641\u0639\u0627\u0644\u060c \u0627\u0633\u062a\u0647\u0644\u0627\u0643 \u0645\u0646\u062e\u0641\u0636 160 \u0648\u0627\u0637<\/span><\/h6>\n<h6><strong>\u064a\u0634\u0645\u0644 \u0627\u0644\u062f\u0639\u0645 \u0627\u0644\u0641\u0646\u064a<\/strong><\/h6>\n<p>&nbsp;<\/p>\n<p>&nbsp;<\/p>","protected":false},"featured_media":1701,"comment_status":"open","ping_status":"closed","template":"","meta":{"wds_primary_product_brand":0,"wds_primary_product_cat":0},"product_brand":[],"product_cat":[56],"product_tag":[],"class_list":{"0":"post-1222","1":"product","2":"type-product","3":"status-publish","4":"has-post-thumbnail","6":"product_cat-maquinaria-para-ferias","7":"product_shipping_class-hosteleria","9":"first","10":"instock","11":"taxable","12":"shipping-taxable","13":"purchasable","14":"product-type-simple"},"yoast_head":"<!-- This site is optimized with the Yoast SEO Premium plugin v24.9 (Yoast SEO v26.1) - https:\/\/yoast.com\/wordpress\/plugins\/seo\/ -->\n<title>Batidora el\u00e9ctrica profesional - distribuci\u00f3n ARC<\/title>\n<meta name=\"robots\" content=\"index, follow, max-snippet:-1, max-image-preview:large, max-video-preview:-1\" \/>\n<link rel=\"canonical\" href=\"https:\/\/distribucionarc.com\/ar\/\u0645\u0646\u062a\u062c\/\u062e\u0644\u0627\u0637-\u0643\u0647\u0631\u0628\u0627\u0626\u064a-\u0627\u062d\u062a\u0631\u0627\u0641\u064a\/\" \/>\n<meta property=\"og:locale\" content=\"ar_AR\" \/>\n<meta property=\"og:type\" content=\"article\" \/>\n<meta property=\"og:title\" content=\"Batidora el\u00e9ctrica profesional\" \/>\n<meta property=\"og:description\" content=\"Batidora el\u00e9ctrica acero inox 1L Con la batidora el\u00e9ctrica profesional ARC podr\u00e1s realizar batidos, smoothies, cocktails etc. Ahorra en tiempo y energ\u00eda gracias a su motor de \u00faltima generaci\u00f3n  La batidora el\u00e9ctrica de ARCBEP1\u00a0est\u00e1 hecha de acero inoxidable de alta calidad, esta licuadora tiene un dise\u00f1o elegante, al igual que tambi\u00e9n destaca por su robustez y durabilidad. El vaso de acero inoxidable tiene una capacidad de 0.7 litros y cuenta con una escala en la superficie para que pueda medir f\u00e1cil y c\u00f3modamente. Garant\u00eda\u00a0ARC\u00a02 A\u00d1OS Batidora el\u00e9ctrica eficiente, bajo consumo 160w soporte t\u00e9cnico incluido &nbsp;  &nbsp;\" \/>\n<meta property=\"og:url\" content=\"https:\/\/distribucionarc.com\/ar\/\u0645\u0646\u062a\u062c\/\u062e\u0644\u0627\u0637-\u0643\u0647\u0631\u0628\u0627\u0626\u064a-\u0627\u062d\u062a\u0631\u0627\u0641\u064a\/\" \/>\n<meta property=\"og:site_name\" content=\"distribuci\u00f3n ARC\" \/>\n<meta property=\"article:modified_time\" content=\"2023-06-04T18:46:28+00:00\" \/>\n<meta property=\"og:image\" content=\"https:\/\/distribucionarc.com\/wp-content\/uploads\/2020\/07\/Batidora-el\u00e9ctrica-profesional-0.jpg\" \/>\n\t<meta property=\"og:image:width\" content=\"1600\" \/>\n\t<meta property=\"og:image:height\" content=\"1600\" \/>\n\t<meta property=\"og:image:type\" content=\"image\/jpeg\" \/>\n<meta name=\"twitter:card\" content=\"summary_large_image\" \/>\n<meta name=\"twitter:label1\" content=\"\u0648\u0642\u062a \u0627\u0644\u0642\u0631\u0627\u0621\u0629 \u0627\u0644\u0645\u064f\u0642\u062f\u0651\u0631\" \/>\n\t<meta name=\"twitter:data1\" content=\"\u062f\u0642\u064a\u0642\u0629 \u0648\u0627\u062d\u062f\u0629\" \/>\n<script type=\"application\/ld+json\" class=\"yoast-schema-graph\">{\"@context\":\"https:\/\/schema.org\",\"@graph\":[{\"@type\":\"WebPage\",\"@id\":\"https:\/\/distribucionarc.com\/en\/producto\/batidora-electrica-profesional\/\",\"url\":\"https:\/\/distribucionarc.com\/en\/producto\/batidora-electrica-profesional\/\",\"name\":\"Batidora el\u00e9ctrica profesional - distribuci\u00f3n ARC\",\"isPartOf\":{\"@id\":\"https:\/\/distribucionarc.com\/de\/#website\"},\"primaryImageOfPage\":{\"@id\":\"https:\/\/distribucionarc.com\/en\/producto\/batidora-electrica-profesional\/#primaryimage\"},\"image\":{\"@id\":\"https:\/\/distribucionarc.com\/en\/producto\/batidora-electrica-profesional\/#primaryimage\"},\"thumbnailUrl\":\"https:\/\/distribucionarc.com\/wp-content\/uploads\/2020\/07\/Batidora-el\u00e9ctrica-profesional-0.jpg\",\"datePublished\":\"2020-07-29T12:13:13+00:00\",\"dateModified\":\"2023-06-04T18:46:28+00:00\",\"breadcrumb\":{\"@id\":\"https:\/\/distribucionarc.com\/en\/producto\/batidora-electrica-profesional\/#breadcrumb\"},\"inLanguage\":\"ar\",\"potentialAction\":[{\"@type\":\"ReadAction\",\"target\":[\"https:\/\/distribucionarc.com\/en\/producto\/batidora-electrica-profesional\/\"]}]},{\"@type\":\"ImageObject\",\"inLanguage\":\"ar\",\"@id\":\"https:\/\/distribucionarc.com\/en\/producto\/batidora-electrica-profesional\/#primaryimage\",\"url\":\"https:\/\/distribucionarc.com\/wp-content\/uploads\/2020\/07\/Batidora-el\u00e9ctrica-profesional-0.jpg\",\"contentUrl\":\"https:\/\/distribucionarc.com\/wp-content\/uploads\/2020\/07\/Batidora-el\u00e9ctrica-profesional-0.jpg\",\"width\":1600,\"height\":1600,\"caption\":\"Batidora el\u00e9ctrica profesional\"},{\"@type\":\"BreadcrumbList\",\"@id\":\"https:\/\/distribucionarc.com\/en\/producto\/batidora-electrica-profesional\/#breadcrumb\",\"itemListElement\":[{\"@type\":\"ListItem\",\"position\":1,\"name\":\"Portada\",\"item\":\"https:\/\/distribucionarc.com\/pl\/\"},{\"@type\":\"ListItem\",\"position\":2,\"name\":\"Produkty\",\"item\":\"https:\/\/distribucionarc.com\/pl\/shop\/\"},{\"@type\":\"ListItem\",\"position\":3,\"name\":\"Batidora el\u00e9ctrica profesional\"}]},{\"@type\":\"WebSite\",\"@id\":\"https:\/\/distribucionarc.com\/de\/#website\",\"url\":\"https:\/\/distribucionarc.com\/de\/\",\"name\":\"distribuci\u00f3n ARC\",\"description\":\"Empresa especializada en la fabricaci\u00f3n y distribuci\u00f3n de maquinaria industrial, selladoras de latas, Maquinas de hacer pastillas, Maquinas de cortar carne...\",\"publisher\":{\"@id\":\"https:\/\/distribucionarc.com\/de\/#organization\"},\"potentialAction\":[{\"@type\":\"SearchAction\",\"target\":{\"@type\":\"EntryPoint\",\"urlTemplate\":\"https:\/\/distribucionarc.com\/de\/?s={search_term_string}\"},\"query-input\":{\"@type\":\"PropertyValueSpecification\",\"valueRequired\":true,\"valueName\":\"search_term_string\"}}],\"inLanguage\":\"ar\"},{\"@type\":\"Organization\",\"@id\":\"https:\/\/distribucionarc.com\/de\/#organization\",\"name\":\"Distribuci\u00f3n ARC\",\"url\":\"https:\/\/distribucionarc.com\/de\/\",\"logo\":{\"@type\":\"ImageObject\",\"inLanguage\":\"ar\",\"@id\":\"https:\/\/distribucionarc.com\/de\/#\/schema\/logo\/image\/\",\"url\":\"https:\/\/distribucionarc.com\/wp-content\/uploads\/2024\/10\/distribucion-ARC-COLOR-SIN-FONDO-e1732295305345.png\",\"contentUrl\":\"https:\/\/distribucionarc.com\/wp-content\/uploads\/2024\/10\/distribucion-ARC-COLOR-SIN-FONDO-e1732295305345.png\",\"width\":1164,\"height\":558,\"caption\":\"Distribuci\u00f3n ARC\"},\"image\":{\"@id\":\"https:\/\/distribucionarc.com\/de\/#\/schema\/logo\/image\/\"},\"description\":\"Empresa especializada en la fabricaci\u00f3n y distribuci\u00f3n de maquinaria industrial para los sectores alimentario y farmac\u00e9utico. Nos especializamos en: M\u00e1quinas de cortar carne Fabricaci\u00f3n de comprimidos Sistemas de transporte industrial L\u00edneas de embotellado Dosificadores Y mucho m\u00e1s... Ofrecemos soluciones innovadoras y personalizadas para optimizar los procesos productivos de tu empresa.\",\"email\":\"Admistracion@distribucionarc.com\",\"telephone\":\"+34 643496664\",\"legalName\":\"ARC TECH SOLUTIONS\",\"foundingDate\":\"2024-04-09\",\"vatID\":\"B55480172\",\"numberOfEmployees\":{\"@type\":\"QuantitativeValue\",\"minValue\":\"1\",\"maxValue\":\"10\"}}]}<\/script>\n<!-- \/ Yoast SEO Premium plugin. -->","yoast_head_json":{"title":"\u062e\u0644\u0627\u0637 \u0643\u0647\u0631\u0628\u0627\u0626\u064a \u0627\u062d\u062a\u0631\u0627\u0641\u064a - \u062a\u0648\u0632\u064a\u0639 ARC","robots":{"index":"index","follow":"follow","max-snippet":"max-snippet:-1","max-image-preview":"max-image-preview:large","max-video-preview":"max-video-preview:-1"},"canonical":"https:\/\/distribucionarc.com\/ar\/\u0645\u0646\u062a\u062c\/\u062e\u0644\u0627\u0637-\u0643\u0647\u0631\u0628\u0627\u0626\u064a-\u0627\u062d\u062a\u0631\u0627\u0641\u064a\/","og_locale":"ar_AR","og_type":"article","og_title":"Batidora el\u00e9ctrica profesional","og_description":"Batidora el\u00e9ctrica acero inox 1L Con la batidora el\u00e9ctrica profesional ARC podr\u00e1s realizar batidos, smoothies, cocktails etc. Ahorra en tiempo y energ\u00eda gracias a su motor de \u00faltima generaci\u00f3n  La batidora el\u00e9ctrica de ARCBEP1\u00a0est\u00e1 hecha de acero inoxidable de alta calidad, esta licuadora tiene un dise\u00f1o elegante, al igual que tambi\u00e9n destaca por su robustez y durabilidad. El vaso de acero inoxidable tiene una capacidad de 0.7 litros y cuenta con una escala en la superficie para que pueda medir f\u00e1cil y c\u00f3modamente. Garant\u00eda\u00a0ARC\u00a02 A\u00d1OS Batidora el\u00e9ctrica eficiente, bajo consumo 160w soporte t\u00e9cnico incluido &nbsp;  &nbsp;","og_url":"https:\/\/distribucionarc.com\/ar\/\u0645\u0646\u062a\u062c\/\u062e\u0644\u0627\u0637-\u0643\u0647\u0631\u0628\u0627\u0626\u064a-\u0627\u062d\u062a\u0631\u0627\u0641\u064a\/","og_site_name":"distribuci\u00f3n ARC","article_modified_time":"2023-06-04T18:46:28+00:00","og_image":[{"width":1600,"height":1600,"url":"https:\/\/distribucionarc.com\/wp-content\/uploads\/2020\/07\/Batidora-el\u00e9ctrica-profesional-0.jpg","type":"image\/jpeg"}],"twitter_card":"summary_large_image","twitter_misc":{"\u0648\u0642\u062a \u0627\u0644\u0642\u0631\u0627\u0621\u0629 \u0627\u0644\u0645\u064f\u0642\u062f\u0651\u0631":"\u062f\u0642\u064a\u0642\u0629 \u0648\u0627\u062d\u062f\u0629"},"schema":{"@context":"https:\/\/schema.org","@graph":[{"@type":"WebPage","@id":"https:\/\/distribucionarc.com\/en\/producto\/batidora-electrica-profesional\/","url":"https:\/\/distribucionarc.com\/en\/producto\/batidora-electrica-profesional\/","name":"\u062e\u0644\u0627\u0637 \u0643\u0647\u0631\u0628\u0627\u0626\u064a \u0627\u062d\u062a\u0631\u0627\u0641\u064a - \u062a\u0648\u0632\u064a\u0639 ARC","isPartOf":{"@id":"https:\/\/distribucionarc.com\/de\/#website"},"primaryImageOfPage":{"@id":"https:\/\/distribucionarc.com\/en\/producto\/batidora-electrica-profesional\/#primaryimage"},"image":{"@id":"https:\/\/distribucionarc.com\/en\/producto\/batidora-electrica-profesional\/#primaryimage"},"thumbnailUrl":"https:\/\/distribucionarc.com\/wp-content\/uploads\/2020\/07\/Batidora-el\u00e9ctrica-profesional-0.jpg","datePublished":"2020-07-29T12:13:13+00:00","dateModified":"2023-06-04T18:46:28+00:00","breadcrumb":{"@id":"https:\/\/distribucionarc.com\/en\/producto\/batidora-electrica-profesional\/#breadcrumb"},"inLanguage":"ar","potentialAction":[{"@type":"ReadAction","target":["https:\/\/distribucionarc.com\/en\/producto\/batidora-electrica-profesional\/"]}]},{"@type":"ImageObject","inLanguage":"ar","@id":"https:\/\/distribucionarc.com\/en\/producto\/batidora-electrica-profesional\/#primaryimage","url":"https:\/\/distribucionarc.com\/wp-content\/uploads\/2020\/07\/Batidora-el\u00e9ctrica-profesional-0.jpg","contentUrl":"https:\/\/distribucionarc.com\/wp-content\/uploads\/2020\/07\/Batidora-el\u00e9ctrica-profesional-0.jpg","width":1600,"height":1600,"caption":"Batidora el\u00e9ctrica profesional"},{"@type":"BreadcrumbList","@id":"https:\/\/distribucionarc.com\/en\/producto\/batidora-electrica-profesional\/#breadcrumb","itemListElement":[{"@type":"ListItem","position":1,"name":"Portada","item":"https:\/\/distribucionarc.com\/pl\/"},{"@type":"ListItem","position":2,"name":"Produkty","item":"https:\/\/distribucionarc.com\/pl\/shop\/"},{"@type":"ListItem","position":3,"name":"Batidora el\u00e9ctrica profesional"}]},{"@type":"WebSite","@id":"https:\/\/distribucionarc.com\/de\/#website","url":"https:\/\/distribucionarc.com\/de\/","name":"\u062a\u0648\u0632\u064a\u0639 \u0627\u0644\u0642\u0648\u0633","description":"\u0634\u0631\u0643\u0629 \u0645\u062a\u062e\u0635\u0635\u0629 \u0641\u064a \u062a\u0635\u0646\u064a\u0639 \u0648\u062a\u0648\u0632\u064a\u0639 \u0627\u0644\u0622\u0644\u0627\u062a \u0627\u0644\u0635\u0646\u0627\u0639\u064a\u0629\u060c \u0648\u0645\u0627\u0643\u064a\u0646\u0627\u062a \u062e\u062a\u0645 \u0627\u0644\u0639\u0644\u0628\u060c \u0648\u0645\u0627\u0643\u064a\u0646\u0627\u062a \u0635\u0646\u0639 \u0627\u0644\u0623\u0642\u0631\u0627\u0635\u060c \u0648\u0645\u0627\u0643\u064a\u0646\u0627\u062a \u062a\u0642\u0637\u064a\u0639 \u0627\u0644\u0644\u062d\u0648\u0645...","publisher":{"@id":"https:\/\/distribucionarc.com\/de\/#organization"},"potentialAction":[{"@type":"SearchAction","target":{"@type":"EntryPoint","urlTemplate":"https:\/\/distribucionarc.com\/de\/?s={search_term_string}"},"query-input":{"@type":"PropertyValueSpecification","valueRequired":true,"valueName":"search_term_string"}}],"inLanguage":"ar"},{"@type":"Organization","@id":"https:\/\/distribucionarc.com\/de\/#organization","name":"\u062a\u0648\u0632\u064a\u0639 \u0622\u0631\u0643","url":"https:\/\/distribucionarc.com\/de\/","logo":{"@type":"ImageObject","inLanguage":"ar","@id":"https:\/\/distribucionarc.com\/de\/#\/schema\/logo\/image\/","url":"https:\/\/distribucionarc.com\/wp-content\/uploads\/2024\/10\/distribucion-ARC-COLOR-SIN-FONDO-e1732295305345.png","contentUrl":"https:\/\/distribucionarc.com\/wp-content\/uploads\/2024\/10\/distribucion-ARC-COLOR-SIN-FONDO-e1732295305345.png","width":1164,"height":558,"caption":"Distribuci\u00f3n ARC"},"image":{"@id":"https:\/\/distribucionarc.com\/de\/#\/schema\/logo\/image\/"},"description":"\u0634\u0631\u0643\u0629 \u0645\u062a\u062e\u0635\u0635\u0629 \u0641\u064a \u062a\u0635\u0646\u064a\u0639 \u0648\u062a\u0648\u0632\u064a\u0639 \u0627\u0644\u0622\u0644\u0627\u062a \u0627\u0644\u0635\u0646\u0627\u0639\u064a\u0629 \u0644\u0642\u0637\u0627\u0639\u064a \u0627\u0644\u0623\u063a\u0630\u064a\u0629 \u0648\u0627\u0644\u0623\u062f\u0648\u064a\u0629. \u0646\u062d\u0646 \u0645\u062a\u062e\u0635\u0635\u0648\u0646 \u0641\u064a: \u0645\u0627\u0643\u064a\u0646\u0627\u062a \u062a\u0642\u0637\u064a\u0639 \u0627\u0644\u0644\u062d\u0648\u0645 \u062a\u0635\u0646\u064a\u0639 \u0627\u0644\u0623\u0642\u0631\u0627\u0635 \u0623\u0646\u0638\u0645\u0629 \u0627\u0644\u0646\u0642\u0644 \u0627\u0644\u0635\u0646\u0627\u0639\u064a\u0629 \u062e\u0637\u0648\u0637 \u0627\u0644\u062a\u0639\u0628\u0626\u0629 \u0648\u0627\u0644\u062a\u063a\u0644\u064a\u0641 \u0627\u0644\u0645\u0648\u0632\u0639\u0627\u062a \u0648\u0623\u0643\u062b\u0631 \u0645\u0646 \u0630\u0644\u0643 \u0628\u0643\u062b\u064a\u0631... \u0646\u062d\u0646 \u0646\u0642\u062f\u0645 \u062d\u0644\u0648\u0644\u0627\u064b \u0645\u0628\u062a\u0643\u0631\u0629 \u0648\u0645\u062e\u0635\u0635\u0629 \u0644\u062a\u062d\u0633\u064a\u0646 \u0639\u0645\u0644\u064a\u0627\u062a \u0627\u0644\u0625\u0646\u062a\u0627\u062c \u0641\u064a \u0634\u0631\u0643\u062a\u0643.","email":"Admistracion@distribucionarc.com","telephone":"+34 643496664","legalName":"ARC TECH SOLUTIONS","foundingDate":"2024-04-09","vatID":"B55480172","numberOfEmployees":{"@type":"QuantitativeValue","minValue":"1","maxValue":"10"}}]}},"_links":{"self":[{"href":"https:\/\/distribucionarc.com\/ar\/wp-json\/wp\/v2\/product\/1222","targetHints":{"allow":["GET"]}}],"collection":[{"href":"https:\/\/distribucionarc.com\/ar\/wp-json\/wp\/v2\/product"}],"about":[{"href":"https:\/\/distribucionarc.com\/ar\/wp-json\/wp\/v2\/types\/product"}],"replies":[{"embeddable":true,"href":"https:\/\/distribucionarc.com\/ar\/wp-json\/wp\/v2\/comments?post=1222"}],"version-history":[{"count":0,"href":"https:\/\/distribucionarc.com\/ar\/wp-json\/wp\/v2\/product\/1222\/revisions"}],"wp:featuredmedia":[{"embeddable":true,"href":"https:\/\/distribucionarc.com\/ar\/wp-json\/wp\/v2\/media\/1701"}],"wp:attachment":[{"href":"https:\/\/distribucionarc.com\/ar\/wp-json\/wp\/v2\/media?parent=1222"}],"wp:term":[{"taxonomy":"product_brand","embeddable":true,"href":"https:\/\/distribucionarc.com\/ar\/wp-json\/wp\/v2\/product_brand?post=1222"},{"taxonomy":"product_cat","embeddable":true,"href":"https:\/\/distribucionarc.com\/ar\/wp-json\/wp\/v2\/product_cat?post=1222"},{"taxonomy":"product_tag","embeddable":true,"href":"https:\/\/distribucionarc.com\/ar\/wp-json\/wp\/v2\/product_tag?post=1222"}],"curies":[{"name":"wp","href":"https:\/\/api.w.org\/{rel}","templated":true}]}}