{"id":1380,"date":"2020-07-23T16:14:34","date_gmt":"2020-07-23T16:14:34","guid":{"rendered":"https:\/\/distribucionarc.com\/?post_type=product&#038;p=1380"},"modified":"2020-09-27T09:44:03","modified_gmt":"2020-09-27T09:44:03","slug":"%d8%af%d9%88%d9%86%d8%a7%d8%aa-%d9%85%d9%88%d8%b2%d8%b9-%d9%8a%d8%af%d9%88%d9%8a-5-%d9%84%d8%aa%d8%b1","status":"publish","type":"product","link":"https:\/\/distribucionarc.com\/ar\/producto\/dosificador-rosquillera-manual-5l\/","title":{"rendered":"\u0645\u0648\u0632\u0639 \u062f\u0648\u0646\u0627\u062a \u064a\u062f\u0648\u064a \u0633\u0639\u0629 5 \u0644\u062a\u0631"},"content":{"rendered":"<h3>\u0645\u0648\u0632\u0639 \u062f\u0648\u0646\u0627\u062a \u064a\u062f\u0648\u064a \u0633\u0639\u0629 5 \u0644\u062a\u0631<\/h3>\n<p>\u0647\u0648 <strong>\u0645\u0648\u0632\u0639 \u0627\u0644\u062f\u0648\u0646\u0627\u062a\u00a0<\/strong><strong style=\"font-size: 16px; font-style: normal;\"><span style=\"color: #ff0000;\">\u0644<\/span><\/strong><strong style=\"font-size: 16px;\"><span style=\"color: #0000ff;\">\u0631<\/span>\u062c<\/strong><span style=\"font-size: 16px;\"> \u0645\u0635\u0646\u0648\u0639 \u0645\u0646 \u0627\u0644\u0623\u0644\u0648\u0645\u0646\u064a\u0648\u0645 \u0627\u0644\u0635\u0627\u0644\u062d \u0644\u0644\u0637\u0639\u0627\u0645 \u0648\u0627\u0644\u0641\u0648\u0644\u0627\u0630 \u0627\u0644\u0645\u0642\u0627\u0648\u0645 \u0644\u0644\u0635\u062f\u0623\u060c \u0628\u062a\u0635\u0645\u064a\u0645 \u0645\u0636\u063a\u0648\u0637. \u0645\u0642\u0627\u0648\u0645\u0629 \u0644\u062f\u0631\u062c\u0627\u062a \u0627\u0644\u062d\u0631\u0627\u0631\u0629 \u0627\u0644\u0639\u0627\u0644\u064a\u0629 \u0648\u0633\u0647\u0644\u0629 \u0627\u0644\u062a\u0646\u0638\u064a\u0641.<\/span><\/p>\n<p><strong>\u0635\u0627\u0646\u0639\u0629 \u0627\u0644\u062f\u0648\u0646\u0627\u062a <span style=\"color: #ff0000;\">\u0644<\/span><span style=\"color: #0000ff;\">\u0631<\/span>CMDM1<\/strong> \u064a\u0623\u062a\u064a \u0645\u0632\u0648\u062f\u064b\u0627 \u0628\u0642\u0627\u062f\u0648\u0633 \u0633\u0639\u0629 5 \u0644\u062a\u0631\u060c \u0642\u0627\u062f\u0631 \u0639\u0644\u0649 \u0627\u0633\u062a\u064a\u0639\u0627\u0628 \u0643\u0645\u064a\u0629 \u0643\u0628\u064a\u0631\u0629 \u0645\u0646 \u0627\u0644\u0639\u062c\u064a\u0646. \u064a\u0645\u0643\u0646 \u0635\u0646\u0639 \u0627\u0644\u0639\u062f\u064a\u062f \u0645\u0646 \u0627\u0644\u0643\u0639\u0643 \u0641\u064a \u0634\u062d\u0646\u0629 \u0648\u0627\u062d\u062f\u0629\u060c \u0648\u062a\u062a\u0648\u0641\u0631 6 \u0645\u0633\u062a\u0648\u064a\u0627\u062a\u060c \u0648\u064a\u0645\u0643\u0646 \u062a\u0639\u062f\u064a\u0644\u0647\u0627 \u0648\u0641\u0642\u064b\u0627 \u0644\u0627\u062d\u062a\u064a\u0627\u062c\u0627\u062a\u0643 \u0627\u0644\u062e\u0627\u0635\u0629. \u0645\u0631\u0646\u0629 \u0648\u0633\u0647\u0644\u0629 \u0627\u0644\u062a\u062d\u0643\u0645 \u0641\u064a \u0633\u0645\u0643 \u0642\u0627\u0644\u0628 \u0627\u0644\u062f\u0648\u0646\u0627\u062a<\/p>\n<p>\u0648\u064a\u062d\u062a\u0648\u064a \u0639\u0644\u0649 \u0634\u0631\u064a\u0637 \u062a\u062d\u0643\u0645 \u0644\u0633\u0647\u0648\u0644\u0629 \u0627\u0644\u062a\u0634\u063a\u064a\u0644 \u0628\u064a\u062f \u0648\u0627\u062d\u062f\u0629\u060c \u0645\u0639 \u0632\u0646\u0628\u0631\u0643 \u0645\u0648\u0641\u0631 \u0644\u0644\u0637\u0627\u0642\u0629 \u0648\u0645\u0642\u0628\u0636 \u0645\u062d\u0645\u0648\u0644 \u0639\u0627\u0644\u064a \u0627\u0644\u062c\u0648\u062f\u0629.<\/p>\n<p>\u064a\u0639\u062a\u0628\u0631 \u062a\u0635\u0645\u064a\u0645 \u0631\u0641 \u0627\u0644\u062d\u0627\u0645\u0644 \u0645\u0646\u0627\u0633\u0628\u064b\u0627 \u0644\u062a\u062e\u0632\u064a\u0646 \u0645\u0648\u0632\u0639 \u0627\u0644\u062f\u0648\u0646\u0627\u062a. \u0648\u064a\u0645\u0643\u0646\u0647 \u0623\u064a\u0636\u064b\u0627 \u0645\u0646\u0639 \u0627\u0644\u0639\u062c\u064a\u0646 \u0645\u0646 \u0627\u0644\u062a\u062f\u0641\u0642 \u0628\u0634\u0643\u0644 \u0641\u0639\u0627\u0644 \u0623\u062b\u0646\u0627\u0621 \u0627\u0644\u062a\u0634\u063a\u064a\u0644.<\/p>\n<p>\u0639\u0645\u0644\u064a\u0629 \u0628\u0633\u064a\u0637\u0629 \u0648\u0645\u0631\u064a\u062d\u0629 \u0644\u0635\u0646\u0639 \u0627\u0644\u0643\u0639\u0643. \u064a\u0633\u062a\u062e\u062f\u0645 \u0639\u0644\u0649 \u0646\u0637\u0627\u0642 \u0648\u0627\u0633\u0639 \u0641\u064a \u0627\u0644\u0645\u0637\u0627\u0639\u0645 \u0648\u0627\u0644\u0645\u0642\u0627\u0647\u064a \u0648\u0627\u0644\u0645\u062e\u0627\u0628\u0632 \u0648\u0645\u0637\u0627\u0628\u062e \u0627\u0644\u0645\u0646\u0627\u0632\u0644 \u0648\u0645\u0627 \u0625\u0644\u0649 \u0630\u0644\u0643. \u0645\u0646\u0627\u0633\u0628\u0629 \u0644\u0644\u0627\u0633\u062a\u062e\u062f\u0627\u0645 \u0627\u0644\u0645\u0646\u0632\u0644\u064a \u0648\u0627\u0644\u062a\u062c\u0627\u0631\u064a.<\/p>\n<h6><\/h6>\n<h6><strong>\u0636\u0645\u0627\u0646\u00a0<span style=\"color: #ff0000;\">\u0644<\/span><span style=\"color: #0000ff;\">\u0631<\/span>\u062c<\/strong><strong>\u00a0\u0633\u0646\u062a\u0627\u0646<\/strong><\/h6>\n<h6><strong>\u064a\u0634\u0645\u0644 \u0627\u0644\u062f\u0639\u0645 \u0627\u0644\u0641\u0646\u064a<\/strong><\/h6>\n<p>&nbsp;<\/p>\n<p>&nbsp;<\/p>\n<table width=\"100%\">\n<tbody>\n<tr>\n<td>\u0645\u0627\u0631\u0643\u0629:<\/td>\n<td width=\"32%\">\u0642\u0648\u0633<\/td>\n<td>\u0648\u0632\u0646:<\/td>\n<td width=\"30%\">1 \u0643\u062c\u0645<\/td>\n<\/tr>\n<tr>\n<td>\u0628\u0644\u062f \u0627\u0644\u062a\u0648\u0632\u064a\u0639:<\/td>\n<td width=\"32%\">\u0627\u0633\u0628\u0627\u0646\u064a\u0627\u060c \u0623\u0644\u0645\u0627\u0646\u064a\u0627\u060c \u0627\u0644\u0648\u0644\u0627\u064a\u0627\u062a \u0627\u0644\u0645\u062a\u062d\u062f\u0629 \u0627\u0644\u0623\u0645\u0631\u064a\u0643\u064a\u0629<\/td>\n<td>\u0627\u0631\u062a\u0641\u0627\u0639:<\/td>\n<td width=\"30%\">42 \u0633\u0645<\/td>\n<\/tr>\n<tr>\n<td>\u0644\u0648\u0646:<\/td>\n<td width=\"32%\">\u0641\u0636\u064a<\/td>\n<td>\u0637\u0648\u064a\u0644:<\/td>\n<td width=\"30%\">18 \u0633\u0645<\/td>\n<\/tr>\n<tr>\n<td>\u0646\u0648\u0639 \u0627\u0644\u0645\u0646\u062a\u062c:<\/td>\n<td width=\"32%\">\u0645\u0648\u0632\u0639 \u0627\u0644\u062f\u0648\u0646\u0627\u062a \u0627\u0644\u0627\u062d\u062a\u0631\u0627\u0641\u064a<\/td>\n<td>\u0648\u0627\u0633\u0639:<\/td>\n<td width=\"30%\">18 \u0633\u0645<\/td>\n<\/tr>\n<tr>\n<td>\u0631\u0642\u0645 \u0627\u0644\u0634\u0631\u0643\u0629 \u0627\u0644\u0645\u0635\u0646\u0639\u0629:<\/td>\n<td width=\"32%\">\u0623\u0631\u0643\u0645\u062f\u06451<\/td>\n<td>\u062d\u062c\u0645 \u0627\u0644\u0642\u0627\u062f\u0648\u0633:<\/td>\n<td width=\"30%\">5 \u0644\u062a\u0631<\/td>\n<\/tr>\n<tr>\n<td>\u0645\u0627\u062f\u0629:<\/td>\n<td width=\"32%\">\u0627\u0644\u0641\u0648\u0644\u0627\u0630 \u0627\u0644\u0645\u0642\u0627\u0648\u0645 \u0644\u0644\u0635\u062f\u0623<\/td>\n<td>\u0636\u0645\u0627\u0646:<\/td>\n<td width=\"30%\">\u0633\u0646\u062a\u0627\u0646<\/td>\n<\/tr>\n<tr>\n<td>\u062d\u062c\u0645 \u0627\u0644\u062f\u0648\u0646\u0627\u062a:<\/td>\n<td width=\"32%\">5 \u0627\u0644\u0649 9 \u0633\u0645<\/td>\n<td>\u0627\u0644\u0645\u0633\u0627\u062d\u0627\u062a:<\/td>\n<td width=\"30%\">\u00a06 \u0645\u0633\u062a\u0648\u064a\u0627\u062a \u0642\u0627\u0628\u0644\u0629 \u0644\u0644\u062a\u0639\u062f\u064a\u0644<\/td>\n<\/tr>\n<\/tbody>\n<\/table>","protected":false},"excerpt":{"rendered":"<h2>\u0645\u0648\u0632\u0639 \u0627\u0644\u062f\u0648\u0646\u0627\u062a \u0627\u0644\u064a\u062f\u0648\u064a 5 \u0644\u062a\u0631<\/h2>\n<p>\u0647\u0630\u0627\u00a0<strong>\u0622\u0644\u0629 \u062f\u0648\u0646\u0627\u062a<\/strong>\u00a0\u0644\u00a0<strong><span style=\"color: #ff0000;\">\u0644<\/span><span style=\"color: #0000ff;\">\u0631<\/span>\u062c<\/strong>\u00a0\u0641\u0647\u0648 \u0645\u0646\u0627\u0633\u0628 \u0644\u0644\u0625\u0646\u062a\u0627\u062c \u0627\u0644\u0636\u062e\u0645 \u0623\u0648 \u062d\u062a\u0649 \u0644\u0644\u062a\u0635\u0646\u064a\u0639 <strong>\u062f\u0648\u0646\u0627\u062a\u0633 \u0637\u0627\u0632\u062c\u0629<\/strong> \u0628\u0643\u0645\u064a\u0627\u062a \u0643\u0628\u064a\u0631\u0629 \u0628\u062d\u064a\u062b \u062a\u062d\u062a\u0641\u0638 \u0628\u0643\u0627\u0645\u0644 \u0642\u0648\u0627\u0645\u0647\u0627 \u0648\u0646\u0643\u0647\u062a\u0647\u0627.<\/p>\n<p>\u0647\u0630\u0627 <strong>\u0645\u0648\u0632\u0639 \u0627\u0644\u062f\u0648\u0646\u0627\u062a \u0627\u0644\u064a\u062f\u0648\u064a <span style=\"color: #ff0000;\">\u0644<\/span><span style=\"color: #0000ff;\">\u0631<\/span>\u0633\u064a \u062f\u064a \u0627\u0645 \u062f\u064a 1<\/strong> \u062a\u0645 \u062a\u0635\u0645\u064a\u0645\u0647 \u0644\u0644\u0633\u0645\u0627\u062d \u0644\u0643 \u0628\u0635\u0646\u0639 \u0623\u0637\u0639\u0645\u0629 \u0644\u0630\u064a\u0630\u0629 <strong>\u0627\u0644\u0643\u0639\u0643<\/strong> \u0628\u0627\u0644\u0637\u0631\u064a\u0642\u0629 \u0627\u0644\u0623\u0628\u0633\u0637 \u0648\u0627\u0644\u0623\u0633\u0631\u0639. \u0625\u0646\u0647 \u0645\u062b\u0627\u0644\u064a \u0644\u0640 <strong>\u0627\u0644\u0643\u0639\u0643<\/strong> \u062a\u0644\u0643 \u0627\u0644\u0645\u0635\u0646\u0648\u0639\u0629 \u0645\u0646\u0632\u0644\u064a\u064b\u0627 \u0628\u0634\u0643\u0644 \u0645\u062b\u0627\u0644\u064a. \u062a\u0636\u0645\u0646 \u0645\u0627\u062f\u0629 \u0627\u0644\u0623\u0644\u0648\u0645\u0646\u064a\u0648\u0645 \u0627\u0644\u0645\u062e\u0635\u0635\u0629 \u0644\u0644\u0623\u063a\u0630\u064a\u0629 \u0647\u064a\u0643\u0644\u064b\u0627 \u0642\u0648\u064a\u064b\u0627 \u0648\u062a\u0635\u0645\u064a\u0645\u064b\u0627 \u0645\u0636\u063a\u0648\u0637\u064b\u0627\u060c \u0643\u0645\u0627 \u0623\u0646 \u0627\u0644\u0642\u0627\u062f\u0648\u0633 \u0633\u0639\u0629 5 \u0644\u062a\u0631 \u064a\u0633\u0645\u062d \u0644\u0643 \u0628\u0627\u0644\u0639\u0645\u0644 \u0628\u0634\u0643\u0644 \u0623\u0643\u062b\u0631 \u0631\u0627\u062d\u0629 \u0628\u0633\u0628\u0628 \u0643\u0645\u064a\u0629 \u0627\u0644\u0639\u062c\u064a\u0646 \u0627\u0644\u062a\u064a \u064a\u0645\u0643\u0646\u0647 \u062a\u062e\u0632\u064a\u0646\u0647\u0627. \u064a\u0633\u0645\u062d \u0634\u0631\u064a\u0637 \u0627\u0644\u062a\u062d\u0643\u0645 \u0627\u0644\u0645\u062f\u0645\u062c \u0644\u0644\u0642\u0627\u062f\u0648\u0633 \u0628\u0640 <strong>\u0627\u0644\u0643\u0639\u0643<\/strong> \u0627\u0644\u0639\u0645\u0644 \u0628\u064a\u062f \u0648\u0627\u062d\u062f\u0629. \u0645\u0646\u0627\u0633\u0628 \u0644\u0644\u0627\u0633\u062a\u062e\u062f\u0627\u0645 \u0627\u0644\u0645\u0646\u0632\u0644\u064a \u0648\u0627\u0644\u062a\u062c\u0627\u0631\u064a.<\/p>\n<h6><strong>\u0636\u0645\u0627\u0646\u00a0<span style=\"color: #ff0000;\">\u0644<\/span><span style=\"color: #0000ff;\">\u0631<\/span>\u062c<\/strong><strong>\u00a0\u0633\u0646\u062a\u0627\u0646<\/strong><\/h6>\n<h6><strong>\u064a\u0634\u0645\u0644 \u0627\u0644\u062f\u0639\u0645 \u0627\u0644\u0641\u0646\u064a<\/strong><\/h6>\n<div class=\"summary entry-summary\">\n<div class=\"quantity\"><label class=\"screen-reader-text\" for=\"quantity_5f19adf2dab21\">\u0643\u0645\u064a\u0629 \u0645\u0627\u0643\u064a\u0646\u0629 \u0627\u0644\u062f\u0648\u0646\u0627\u062a \u0627\u0644\u0623\u0648\u062a\u0648\u0645\u0627\u062a\u064a\u0643\u064a\u0629 \u0627\u0644\u0627\u062d\u062a\u0631\u0627\u0641\u064a\u0629<\/label><\/div>\n<\/div>","protected":false},"featured_media":1387,"comment_status":"open","ping_status":"closed","template":"","meta":{"wds_primary_product_brand":0,"wds_primary_product_cat":0},"product_brand":[],"product_cat":[53],"product_tag":[],"class_list":{"0":"post-1380","1":"product","2":"type-product","3":"status-publish","4":"has-post-thumbnail","6":"product_cat-panaderia-y-pasteleria-industrial","7":"product_shipping_class-hosteleria","9":"first","10":"instock","11":"sale","12":"taxable","13":"shipping-taxable","14":"purchasable","15":"product-type-simple"},"yoast_head":"<!-- This site is optimized with the Yoast SEO Premium plugin v24.9 (Yoast SEO v26.1) - https:\/\/yoast.com\/wordpress\/plugins\/seo\/ -->\n<title>Dosificador rosquillera manual 5L - distribuci\u00f3n ARC<\/title>\n<meta name=\"robots\" content=\"index, follow, max-snippet:-1, max-image-preview:large, max-video-preview:-1\" \/>\n<link rel=\"canonical\" href=\"https:\/\/distribucionarc.com\/ar\/\u0645\u0646\u062a\u062c\/\u062f\u0648\u0646\u0627\u062a-\u0645\u0648\u0632\u0639-\u064a\u062f\u0648\u064a-5-\u0644\u062a\u0631\/\" \/>\n<meta property=\"og:locale\" content=\"ar_AR\" \/>\n<meta property=\"og:type\" content=\"article\" \/>\n<meta property=\"og:title\" content=\"Dosificador rosquillera manual 5L\" \/>\n<meta property=\"og:description\" content=\"Dosificador rosquillera manual 5 L Esta\u00a0m\u00e1quina de donuts\u00a0de\u00a0ARC\u00a0es la indicada para la producci\u00f3n en cadena o incluso para fabricar donuts frescos en gran cantidad para que conserven toda su textura y sabor.  Este dispensador manual de donuts ARCDMD1 est\u00e1 dise\u00f1ado para permitirle hacer deliciosas rosquillas de la forma m\u00e1s sencilla y r\u00e1pida. Es ideal para donuts caseros perfectamente formados. El material de aluminio de calidad alimentaria garantiza una estructura robusta y un dise\u00f1o compacto, su tolva de 5 L le permitir\u00e1 trabajar m\u00e1s c\u00f3modamente por la cantidad de masa que puede almacenar . La barra de control incorporada permite que la tolva de rosquillas funcione con una mano. Es adecuado para uso dom\u00e9stico y comercial. Garant\u00eda\u00a0ARC\u00a02 A\u00d1OS soporte t\u00e9cnico incluido  M\u00e1quina autom\u00e1tica para donuts o rosquillas profesional cantidad\" \/>\n<meta property=\"og:url\" content=\"https:\/\/distribucionarc.com\/ar\/\u0645\u0646\u062a\u062c\/\u062f\u0648\u0646\u0627\u062a-\u0645\u0648\u0632\u0639-\u064a\u062f\u0648\u064a-5-\u0644\u062a\u0631\/\" \/>\n<meta property=\"og:site_name\" content=\"distribuci\u00f3n ARC\" \/>\n<meta property=\"article:modified_time\" content=\"2020-09-27T09:44:03+00:00\" \/>\n<meta property=\"og:image\" content=\"https:\/\/distribucionarc.com\/wp-content\/uploads\/2020\/07\/Dosificador-rosquillera-manual-5L-0.jpg\" \/>\n\t<meta property=\"og:image:width\" content=\"1600\" \/>\n\t<meta property=\"og:image:height\" content=\"1600\" \/>\n\t<meta property=\"og:image:type\" content=\"image\/jpeg\" \/>\n<meta name=\"twitter:card\" content=\"summary_large_image\" \/>\n<meta name=\"twitter:label1\" content=\"\u0648\u0642\u062a \u0627\u0644\u0642\u0631\u0627\u0621\u0629 \u0627\u0644\u0645\u064f\u0642\u062f\u0651\u0631\" \/>\n\t<meta name=\"twitter:data1\" content=\"\u062f\u0642\u064a\u0642\u0629 \u0648\u0627\u062d\u062f\u0629\" \/>\n<script type=\"application\/ld+json\" class=\"yoast-schema-graph\">{\"@context\":\"https:\/\/schema.org\",\"@graph\":[{\"@type\":\"WebPage\",\"@id\":\"https:\/\/distribucionarc.com\/el\/producto\/dosificador-rosquillera-manual-5l\/\",\"url\":\"https:\/\/distribucionarc.com\/el\/producto\/dosificador-rosquillera-manual-5l\/\",\"name\":\"Dosificador rosquillera manual 5L - distribuci\u00f3n ARC\",\"isPartOf\":{\"@id\":\"https:\/\/distribucionarc.com\/pl\/#website\"},\"primaryImageOfPage\":{\"@id\":\"https:\/\/distribucionarc.com\/el\/producto\/dosificador-rosquillera-manual-5l\/#primaryimage\"},\"image\":{\"@id\":\"https:\/\/distribucionarc.com\/el\/producto\/dosificador-rosquillera-manual-5l\/#primaryimage\"},\"thumbnailUrl\":\"https:\/\/distribucionarc.com\/wp-content\/uploads\/2020\/07\/Dosificador-rosquillera-manual-5L-0.jpg\",\"datePublished\":\"2020-07-23T16:14:34+00:00\",\"dateModified\":\"2020-09-27T09:44:03+00:00\",\"breadcrumb\":{\"@id\":\"https:\/\/distribucionarc.com\/el\/producto\/dosificador-rosquillera-manual-5l\/#breadcrumb\"},\"inLanguage\":\"ar\",\"potentialAction\":[{\"@type\":\"ReadAction\",\"target\":[\"https:\/\/distribucionarc.com\/el\/producto\/dosificador-rosquillera-manual-5l\/\"]}]},{\"@type\":\"ImageObject\",\"inLanguage\":\"ar\",\"@id\":\"https:\/\/distribucionarc.com\/el\/producto\/dosificador-rosquillera-manual-5l\/#primaryimage\",\"url\":\"https:\/\/distribucionarc.com\/wp-content\/uploads\/2020\/07\/Dosificador-rosquillera-manual-5L-0.jpg\",\"contentUrl\":\"https:\/\/distribucionarc.com\/wp-content\/uploads\/2020\/07\/Dosificador-rosquillera-manual-5L-0.jpg\",\"width\":1600,\"height\":1600,\"caption\":\"Dosificador rosquillera manual 5L\"},{\"@type\":\"BreadcrumbList\",\"@id\":\"https:\/\/distribucionarc.com\/el\/producto\/dosificador-rosquillera-manual-5l\/#breadcrumb\",\"itemListElement\":[{\"@type\":\"ListItem\",\"position\":1,\"name\":\"Portada\",\"item\":\"https:\/\/www.distribucionarc.com\/tr\/\"},{\"@type\":\"ListItem\",\"position\":2,\"name\":\"Izdelki\",\"item\":\"https:\/\/www.distribucionarc.com\/sl\/trgovina\/\"},{\"@type\":\"ListItem\",\"position\":3,\"name\":\"Dosificador rosquillera manual 5L\"}]},{\"@type\":\"WebSite\",\"@id\":\"https:\/\/distribucionarc.com\/pl\/#website\",\"url\":\"https:\/\/distribucionarc.com\/pl\/\",\"name\":\"distribuci\u00f3n ARC\",\"description\":\"Empresa especializada en la fabricaci\u00f3n y distribuci\u00f3n de maquinaria industrial, selladoras de latas, Maquinas de hacer pastillas, Maquinas de cortar carne...\",\"publisher\":{\"@id\":\"https:\/\/distribucionarc.com\/pl\/#organization\"},\"potentialAction\":[{\"@type\":\"SearchAction\",\"target\":{\"@type\":\"EntryPoint\",\"urlTemplate\":\"https:\/\/distribucionarc.com\/pl\/?s={search_term_string}\"},\"query-input\":{\"@type\":\"PropertyValueSpecification\",\"valueRequired\":true,\"valueName\":\"search_term_string\"}}],\"inLanguage\":\"ar\"},{\"@type\":\"Organization\",\"@id\":\"https:\/\/distribucionarc.com\/pl\/#organization\",\"name\":\"Distribuci\u00f3n ARC\",\"url\":\"https:\/\/distribucionarc.com\/pl\/\",\"logo\":{\"@type\":\"ImageObject\",\"inLanguage\":\"ar\",\"@id\":\"https:\/\/distribucionarc.com\/pl\/#\/schema\/logo\/image\/\",\"url\":\"https:\/\/distribucionarc.com\/wp-content\/uploads\/2024\/10\/distribucion-ARC-COLOR-SIN-FONDO-e1732295305345.png\",\"contentUrl\":\"https:\/\/distribucionarc.com\/wp-content\/uploads\/2024\/10\/distribucion-ARC-COLOR-SIN-FONDO-e1732295305345.png\",\"width\":1164,\"height\":558,\"caption\":\"Distribuci\u00f3n ARC\"},\"image\":{\"@id\":\"https:\/\/distribucionarc.com\/pl\/#\/schema\/logo\/image\/\"},\"description\":\"Empresa especializada en la fabricaci\u00f3n y distribuci\u00f3n de maquinaria industrial para los sectores alimentario y farmac\u00e9utico. Nos especializamos en: M\u00e1quinas de cortar carne Fabricaci\u00f3n de comprimidos Sistemas de transporte industrial L\u00edneas de embotellado Dosificadores Y mucho m\u00e1s... Ofrecemos soluciones innovadoras y personalizadas para optimizar los procesos productivos de tu empresa.\",\"email\":\"Admistracion@distribucionarc.com\",\"telephone\":\"+34 643496664\",\"legalName\":\"ARC TECH SOLUTIONS\",\"foundingDate\":\"2024-04-09\",\"vatID\":\"B55480172\",\"numberOfEmployees\":{\"@type\":\"QuantitativeValue\",\"minValue\":\"1\",\"maxValue\":\"10\"}}]}<\/script>\n<!-- \/ Yoast SEO Premium plugin. -->","yoast_head_json":{"title":"\u0645\u0648\u0632\u0639 \u0627\u0644\u062f\u0648\u0646\u0627\u062a \u0627\u0644\u064a\u062f\u0648\u064a 5 \u0644\u062a\u0631 - \u062a\u0648\u0632\u064a\u0639 ARC","robots":{"index":"index","follow":"follow","max-snippet":"max-snippet:-1","max-image-preview":"max-image-preview:large","max-video-preview":"max-video-preview:-1"},"canonical":"https:\/\/distribucionarc.com\/ar\/\u0645\u0646\u062a\u062c\/\u062f\u0648\u0646\u0627\u062a-\u0645\u0648\u0632\u0639-\u064a\u062f\u0648\u064a-5-\u0644\u062a\u0631\/","og_locale":"ar_AR","og_type":"article","og_title":"Dosificador rosquillera manual 5L","og_description":"Dosificador rosquillera manual 5 L Esta\u00a0m\u00e1quina de donuts\u00a0de\u00a0ARC\u00a0es la indicada para la producci\u00f3n en cadena o incluso para fabricar donuts frescos en gran cantidad para que conserven toda su textura y sabor.  Este dispensador manual de donuts ARCDMD1 est\u00e1 dise\u00f1ado para permitirle hacer deliciosas rosquillas de la forma m\u00e1s sencilla y r\u00e1pida. Es ideal para donuts caseros perfectamente formados. El material de aluminio de calidad alimentaria garantiza una estructura robusta y un dise\u00f1o compacto, su tolva de 5 L le permitir\u00e1 trabajar m\u00e1s c\u00f3modamente por la cantidad de masa que puede almacenar . La barra de control incorporada permite que la tolva de rosquillas funcione con una mano. Es adecuado para uso dom\u00e9stico y comercial. Garant\u00eda\u00a0ARC\u00a02 A\u00d1OS soporte t\u00e9cnico incluido  M\u00e1quina autom\u00e1tica para donuts o rosquillas profesional cantidad","og_url":"https:\/\/distribucionarc.com\/ar\/\u0645\u0646\u062a\u062c\/\u062f\u0648\u0646\u0627\u062a-\u0645\u0648\u0632\u0639-\u064a\u062f\u0648\u064a-5-\u0644\u062a\u0631\/","og_site_name":"distribuci\u00f3n ARC","article_modified_time":"2020-09-27T09:44:03+00:00","og_image":[{"width":1600,"height":1600,"url":"https:\/\/distribucionarc.com\/wp-content\/uploads\/2020\/07\/Dosificador-rosquillera-manual-5L-0.jpg","type":"image\/jpeg"}],"twitter_card":"summary_large_image","twitter_misc":{"\u0648\u0642\u062a \u0627\u0644\u0642\u0631\u0627\u0621\u0629 \u0627\u0644\u0645\u064f\u0642\u062f\u0651\u0631":"\u062f\u0642\u064a\u0642\u0629 \u0648\u0627\u062d\u062f\u0629"},"schema":{"@context":"https:\/\/schema.org","@graph":[{"@type":"WebPage","@id":"https:\/\/distribucionarc.com\/el\/producto\/dosificador-rosquillera-manual-5l\/","url":"https:\/\/distribucionarc.com\/el\/producto\/dosificador-rosquillera-manual-5l\/","name":"\u0645\u0648\u0632\u0639 \u0627\u0644\u062f\u0648\u0646\u0627\u062a \u0627\u0644\u064a\u062f\u0648\u064a 5 \u0644\u062a\u0631 - \u062a\u0648\u0632\u064a\u0639 ARC","isPartOf":{"@id":"https:\/\/distribucionarc.com\/pl\/#website"},"primaryImageOfPage":{"@id":"https:\/\/distribucionarc.com\/el\/producto\/dosificador-rosquillera-manual-5l\/#primaryimage"},"image":{"@id":"https:\/\/distribucionarc.com\/el\/producto\/dosificador-rosquillera-manual-5l\/#primaryimage"},"thumbnailUrl":"https:\/\/distribucionarc.com\/wp-content\/uploads\/2020\/07\/Dosificador-rosquillera-manual-5L-0.jpg","datePublished":"2020-07-23T16:14:34+00:00","dateModified":"2020-09-27T09:44:03+00:00","breadcrumb":{"@id":"https:\/\/distribucionarc.com\/el\/producto\/dosificador-rosquillera-manual-5l\/#breadcrumb"},"inLanguage":"ar","potentialAction":[{"@type":"ReadAction","target":["https:\/\/distribucionarc.com\/el\/producto\/dosificador-rosquillera-manual-5l\/"]}]},{"@type":"ImageObject","inLanguage":"ar","@id":"https:\/\/distribucionarc.com\/el\/producto\/dosificador-rosquillera-manual-5l\/#primaryimage","url":"https:\/\/distribucionarc.com\/wp-content\/uploads\/2020\/07\/Dosificador-rosquillera-manual-5L-0.jpg","contentUrl":"https:\/\/distribucionarc.com\/wp-content\/uploads\/2020\/07\/Dosificador-rosquillera-manual-5L-0.jpg","width":1600,"height":1600,"caption":"Dosificador rosquillera manual 5L"},{"@type":"BreadcrumbList","@id":"https:\/\/distribucionarc.com\/el\/producto\/dosificador-rosquillera-manual-5l\/#breadcrumb","itemListElement":[{"@type":"ListItem","position":1,"name":"Portada","item":"https:\/\/www.distribucionarc.com\/tr\/"},{"@type":"ListItem","position":2,"name":"Izdelki","item":"https:\/\/www.distribucionarc.com\/sl\/trgovina\/"},{"@type":"ListItem","position":3,"name":"Dosificador rosquillera manual 5L"}]},{"@type":"WebSite","@id":"https:\/\/distribucionarc.com\/pl\/#website","url":"https:\/\/distribucionarc.com\/pl\/","name":"\u062a\u0648\u0632\u064a\u0639 \u0627\u0644\u0642\u0648\u0633","description":"\u0634\u0631\u0643\u0629 \u0645\u062a\u062e\u0635\u0635\u0629 \u0641\u064a \u062a\u0635\u0646\u064a\u0639 \u0648\u062a\u0648\u0632\u064a\u0639 \u0627\u0644\u0622\u0644\u0627\u062a \u0627\u0644\u0635\u0646\u0627\u0639\u064a\u0629\u060c \u0648\u0645\u0627\u0643\u064a\u0646\u0627\u062a \u062e\u062a\u0645 \u0627\u0644\u0639\u0644\u0628\u060c \u0648\u0645\u0627\u0643\u064a\u0646\u0627\u062a \u0635\u0646\u0639 \u0627\u0644\u0623\u0642\u0631\u0627\u0635\u060c \u0648\u0645\u0627\u0643\u064a\u0646\u0627\u062a \u062a\u0642\u0637\u064a\u0639 \u0627\u0644\u0644\u062d\u0648\u0645...","publisher":{"@id":"https:\/\/distribucionarc.com\/pl\/#organization"},"potentialAction":[{"@type":"SearchAction","target":{"@type":"EntryPoint","urlTemplate":"https:\/\/distribucionarc.com\/pl\/?s={search_term_string}"},"query-input":{"@type":"PropertyValueSpecification","valueRequired":true,"valueName":"search_term_string"}}],"inLanguage":"ar"},{"@type":"Organization","@id":"https:\/\/distribucionarc.com\/pl\/#organization","name":"\u062a\u0648\u0632\u064a\u0639 \u0622\u0631\u0643","url":"https:\/\/distribucionarc.com\/pl\/","logo":{"@type":"ImageObject","inLanguage":"ar","@id":"https:\/\/distribucionarc.com\/pl\/#\/schema\/logo\/image\/","url":"https:\/\/distribucionarc.com\/wp-content\/uploads\/2024\/10\/distribucion-ARC-COLOR-SIN-FONDO-e1732295305345.png","contentUrl":"https:\/\/distribucionarc.com\/wp-content\/uploads\/2024\/10\/distribucion-ARC-COLOR-SIN-FONDO-e1732295305345.png","width":1164,"height":558,"caption":"Distribuci\u00f3n ARC"},"image":{"@id":"https:\/\/distribucionarc.com\/pl\/#\/schema\/logo\/image\/"},"description":"\u0634\u0631\u0643\u0629 \u0645\u062a\u062e\u0635\u0635\u0629 \u0641\u064a \u062a\u0635\u0646\u064a\u0639 \u0648\u062a\u0648\u0632\u064a\u0639 \u0627\u0644\u0622\u0644\u0627\u062a \u0627\u0644\u0635\u0646\u0627\u0639\u064a\u0629 \u0644\u0642\u0637\u0627\u0639\u064a \u0627\u0644\u0623\u063a\u0630\u064a\u0629 \u0648\u0627\u0644\u0623\u062f\u0648\u064a\u0629. \u0646\u062d\u0646 \u0645\u062a\u062e\u0635\u0635\u0648\u0646 \u0641\u064a: \u0645\u0627\u0643\u064a\u0646\u0627\u062a \u062a\u0642\u0637\u064a\u0639 \u0627\u0644\u0644\u062d\u0648\u0645 \u062a\u0635\u0646\u064a\u0639 \u0627\u0644\u0623\u0642\u0631\u0627\u0635 \u0623\u0646\u0638\u0645\u0629 \u0627\u0644\u0646\u0642\u0644 \u0627\u0644\u0635\u0646\u0627\u0639\u064a\u0629 \u062e\u0637\u0648\u0637 \u0627\u0644\u062a\u0639\u0628\u0626\u0629 \u0648\u0627\u0644\u062a\u063a\u0644\u064a\u0641 \u0627\u0644\u0645\u0648\u0632\u0639\u0627\u062a \u0648\u0623\u0643\u062b\u0631 \u0645\u0646 \u0630\u0644\u0643 \u0628\u0643\u062b\u064a\u0631... \u0646\u062d\u0646 \u0646\u0642\u062f\u0645 \u062d\u0644\u0648\u0644\u0627\u064b \u0645\u0628\u062a\u0643\u0631\u0629 \u0648\u0645\u062e\u0635\u0635\u0629 \u0644\u062a\u062d\u0633\u064a\u0646 \u0639\u0645\u0644\u064a\u0627\u062a \u0627\u0644\u0625\u0646\u062a\u0627\u062c \u0641\u064a \u0634\u0631\u0643\u062a\u0643.","email":"Admistracion@distribucionarc.com","telephone":"+34 643496664","legalName":"ARC TECH SOLUTIONS","foundingDate":"2024-04-09","vatID":"B55480172","numberOfEmployees":{"@type":"QuantitativeValue","minValue":"1","maxValue":"10"}}]}},"_links":{"self":[{"href":"https:\/\/distribucionarc.com\/ar\/wp-json\/wp\/v2\/product\/1380","targetHints":{"allow":["GET"]}}],"collection":[{"href":"https:\/\/distribucionarc.com\/ar\/wp-json\/wp\/v2\/product"}],"about":[{"href":"https:\/\/distribucionarc.com\/ar\/wp-json\/wp\/v2\/types\/product"}],"replies":[{"embeddable":true,"href":"https:\/\/distribucionarc.com\/ar\/wp-json\/wp\/v2\/comments?post=1380"}],"version-history":[{"count":0,"href":"https:\/\/distribucionarc.com\/ar\/wp-json\/wp\/v2\/product\/1380\/revisions"}],"wp:featuredmedia":[{"embeddable":true,"href":"https:\/\/distribucionarc.com\/ar\/wp-json\/wp\/v2\/media\/1387"}],"wp:attachment":[{"href":"https:\/\/distribucionarc.com\/ar\/wp-json\/wp\/v2\/media?parent=1380"}],"wp:term":[{"taxonomy":"product_brand","embeddable":true,"href":"https:\/\/distribucionarc.com\/ar\/wp-json\/wp\/v2\/product_brand?post=1380"},{"taxonomy":"product_cat","embeddable":true,"href":"https:\/\/distribucionarc.com\/ar\/wp-json\/wp\/v2\/product_cat?post=1380"},{"taxonomy":"product_tag","embeddable":true,"href":"https:\/\/distribucionarc.com\/ar\/wp-json\/wp\/v2\/product_tag?post=1380"}],"curies":[{"name":"wp","href":"https:\/\/api.w.org\/{rel}","templated":true}]}}