{"id":1501,"date":"2020-07-25T16:39:58","date_gmt":"2020-07-25T16:39:58","guid":{"rendered":"https:\/\/distribucionarc.com\/?post_type=product&#038;p=1501"},"modified":"2020-09-27T10:01:49","modified_gmt":"2020-09-27T10:01:49","slug":"%d8%b4%d9%88%d8%a7%d8%a1-%d8%ba%d8%a7%d8%b2-%d9%84%d9%84%d8%b7%d8%b9%d8%a7%d9%85-2-%d8%b4%d8%b9%d9%84%d8%a7%d8%aa","status":"publish","type":"product","link":"https:\/\/distribucionarc.com\/ar\/producto\/barbacoa-de-gas-para-hosteleria-2-quemadores\/","title":{"rendered":"\u0634\u0648\u0627\u064a\u0629 \u063a\u0627\u0632 \u0644\u0644\u0636\u064a\u0627\u0641\u0629 2 \u0634\u0639\u0644\u0629"},"content":{"rendered":"<h3>\u0634\u0648\u0627\u064a\u0629 \u063a\u0627\u0632 \u0644\u0644\u0636\u064a\u0627\u0641\u0629 2 \u0634\u0639\u0644\u0629<\/h3>\n<p>\u0627\u0644<strong> \u0634\u0648\u0627\u064a\u0627\u062a \u0627\u0644\u063a\u0627\u0632 <span style=\"color: #ff0000;\">\u0644<\/span><span style=\"color: #0000ff;\">\u0631<\/span>\u062c<\/strong> \u062a\u062a\u0645\u064a\u0632 \u0628\u062c\u0633\u0645 \u0642\u0648\u064a \u0645\u0635\u0646\u0648\u0639 \u0645\u0646 \u0623\u062c\u0648\u062f \u0623\u0646\u0648\u0627\u0639 \u0627\u0644\u0641\u0648\u0644\u0627\u0630 \u0627\u0644\u0645\u0642\u0627\u0648\u0645 \u0644\u0644\u0635\u062f\u0623\u060c \u0644\u0636\u0645\u0627\u0646 \u062b\u0628\u0627\u062a \u0648\u0645\u062a\u0627\u0646\u0629 \u0627\u0644\u0645\u0627\u0643\u064a\u0646\u0629. \u0627\u0644\u0634\u0648\u0627\u064a\u0629 \u0645\u0642\u0627\u0633 30 \u00d7 25 \u0633\u0645 \u0645\u0635\u0646\u0648\u0639\u0629 \u0645\u0646 \u0627\u0644\u0641\u0648\u0644\u0627\u0630 \u0627\u0644\u0645\u0642\u0627\u0648\u0645 \u0644\u0644\u0635\u062f\u0623 \u0627\u0644\u0622\u0645\u0646 \u063a\u0630\u0627\u0626\u064a\u064b\u0627.<\/p>\n<p>\u064a\u062d\u062a\u0648\u064a \u0639\u0644\u0649 \u0634\u0639\u0644\u062a\u064a\u0646\u060c \u064a\u062a\u0645 \u0627\u0644\u062a\u062d\u0643\u0645 \u0641\u064a \u0643\u0644 \u0645\u0646\u0647\u0645\u0627 \u0628\u0634\u0643\u0644 \u0645\u0633\u062a\u0642\u0644 \u0644\u0637\u0647\u064a \u0642\u0637\u0639 \u0645\u062e\u062a\u0644\u0641\u0629. \u0627\u0644\u0645\u0648\u0627\u0642\u062f <strong>\u0634\u0648\u0627\u0621 \u063a\u0627\u0632<\/strong> <strong><span style=\"color: #ff0000;\">\u0644<\/span><span style=\"color: #0000ff;\">\u0631<\/span>CB2G<\/strong> \u0648\u0647\u064a \u0645\u063a\u0637\u0627\u0629 \u0628\u0644\u0648\u062d\u0629 \u0641\u0648\u0644\u0627\u0630\u064a\u0629 \u0648\u0644\u0648\u062d\u0629 \u0632\u062c\u0627\u062c\u064a\u0629 \u0644\u0645\u0646\u0639 \u0633\u0642\u0648\u0637 \u0627\u0644\u0634\u062d\u0648\u0645 \u0639\u0644\u064a\u0647\u0627 \u0648\u062a\u062f\u0645\u064a\u0631 \u0627\u0644\u0644\u0647\u0628. \u064a\u0645\u0643\u0646 \u062a\u0639\u062f\u064a\u0644 \u0627\u0631\u062a\u0641\u0627\u0639 \u0627\u0644\u0634\u0648\u0627\u064a\u0629 \u0628\u0633\u0647\u0648\u0644\u0629 \u0644\u064a\u0646\u0627\u0633\u0628 \u0646\u0642\u0627\u0637 \u0627\u0644\u0637\u0647\u064a \u0627\u0644\u0645\u062e\u062a\u0644\u0641\u0629.<\/p>\n<p>\u0627\u0644 <strong>\u0634\u0648\u0627\u0621<\/strong>\u060c \u064a\u0645\u0643\u0646 \u062a\u0641\u0643\u064a\u0643 \u0648\u0627\u0642\u064a\u0627\u062a \u0627\u0644\u0634\u0639\u0644\u0629 \u0648\u0635\u064a\u0646\u064a\u0629 \u062a\u062c\u0645\u064a\u0639 \u0627\u0644\u0634\u062d\u0648\u0645 \u0628\u0633\u0647\u0648\u0644\u0629\u060c \u0644\u062a\u0633\u0647\u064a\u0644 \u0635\u064a\u0627\u0646\u0629 \u0627\u0644\u0634\u0639\u0644\u0629 <strong>\u0634\u0648\u0627\u0621 \u063a\u0627\u0632<\/strong>. \u062f\u0648\u0646 \u0627\u0644\u062d\u0627\u062c\u0629 \u0625\u0644\u0649 \u0627\u0644\u0627\u0639\u062a\u0645\u0627\u062f \u0639\u0644\u0649 \u0627\u0644\u062d\u062c\u0631 \u0627\u0644\u0628\u0631\u0643\u0627\u0646\u064a\u060c \u0647\u0630\u0627 <strong>\u0634\u0648\u0627\u0621 \u063a\u0627\u0632<\/strong> \u0648\u0633\u0648\u0641 \u062a\u0644\u0628\u064a \u0627\u062d\u062a\u064a\u0627\u062c\u0627\u062a\u0643.<\/p>\n<h6><\/h6>\n<h6><strong>\u0636\u0645\u0627\u0646\u00a0<span style=\"color: #ff0000;\">\u0644<\/span><span style=\"color: #0000ff;\">\u0631<\/span>\u062c 2 \u0633\u0646\u0629<\/strong><\/h6>\n<h6><strong>\u064a\u0634\u0645\u0644 \u0627\u0644\u062f\u0639\u0645 \u0627\u0644\u0641\u0646\u064a<\/strong><\/h6>\n<p>&nbsp;<\/p>\n<p>&nbsp;<\/p>\n<table width=\"100%\">\n<tbody>\n<tr>\n<td>\u0645\u0627\u0631\u0643\u0629:<\/td>\n<td width=\"32%\">\u0642\u0648\u0633<\/td>\n<td>\u0648\u0632\u0646:<\/td>\n<td width=\"30%\">8.5 \u0643\u062c\u0645<\/td>\n<\/tr>\n<tr>\n<td>\u0628\u0644\u062f \u0627\u0644\u062a\u0648\u0632\u064a\u0639:<\/td>\n<td width=\"32%\">\u0627\u0633\u0628\u0627\u0646\u064a\u0627\u060c \u0623\u0644\u0645\u0627\u0646\u064a\u0627\u060c \u0627\u0644\u0648\u0644\u0627\u064a\u0627\u062a \u0627\u0644\u0645\u062a\u062d\u062f\u0629 \u0627\u0644\u0623\u0645\u0631\u064a\u0643\u064a\u0629<\/td>\n<td>\u0627\u0631\u062a\u0641\u0627\u0639:<\/td>\n<td width=\"30%\">18 \u0633\u0645<\/td>\n<\/tr>\n<tr>\n<td>\u0644\u0648\u0646:<\/td>\n<td width=\"32%\">\u0641\u0636\u064a<\/td>\n<td>\u0637\u0648\u064a\u0644:<\/td>\n<td width=\"30%\">54 \u0633\u0645<\/td>\n<\/tr>\n<tr>\n<td>\u0646\u0648\u0639 \u0627\u0644\u0645\u0646\u062a\u062c:<\/td>\n<td width=\"32%\">\u0634\u0648\u0627\u064a\u0629 \u063a\u0627\u0632 \u0627\u062d\u062a\u0631\u0627\u0641\u064a\u0629<\/td>\n<td>\u0648\u0627\u0633\u0639:<\/td>\n<td width=\"30%\">40 \u0633\u0645<\/td>\n<\/tr>\n<tr>\n<td>\u0631\u0642\u0645 \u0627\u0644\u0634\u0631\u0643\u0629 \u0627\u0644\u0645\u0635\u0646\u0639\u0629:<\/td>\n<td width=\"32%\">ARCB2G<\/td>\n<td>\u0636\u063a\u0637 \u0627\u0644\u0635\u0645\u0627\u0645:<\/td>\n<td width=\"30%\">2800 \u0628\u0627\u0633\u0643\u0627\u0644<\/td>\n<\/tr>\n<tr>\n<td>\u0645\u0627\u062f\u0629:<\/td>\n<td width=\"32%\">\u00a0\u0627\u0644\u0641\u0648\u0644\u0627\u0630 \u0627\u0644\u0645\u0642\u0627\u0648\u0645 \u0644\u0644\u0635\u062f\u0623\u060c \u0627\u0644\u062a\u062d\u0643\u0645 \u0641\u064a \u062f\u0631\u062c\u0629 \u0627\u0644\u062d\u0631\u0627\u0631\u0629\u060c \u0627\u0644\u0632\u062c\u0627\u062c<\/td>\n<td>\u062d\u062c\u0645 \u0627\u0644\u0634\u0648\u0627\u064a\u0629:<\/td>\n<td width=\"30%\">30x25 \u0633\u0645<\/td>\n<\/tr>\n<tr>\n<td>\u0636\u0645\u0627\u0646:<\/td>\n<td width=\"32%\">\u0633\u0646\u062a\u0627\u0646<\/td>\n<td>\u062a\u063a\u0637\u064a\u0629 \u0627\u0644\u0645\u0648\u0642\u062f:<\/td>\n<td width=\"30%\">\u00a0\u0632\u062c\u0627\u062c\/\u0641\u0648\u0644\u0627\u0630<\/td>\n<\/tr>\n<\/tbody>\n<\/table>","protected":false},"excerpt":{"rendered":"<h2>\u0634\u0648\u0627\u064a\u0629 \u063a\u0627\u0632 \u0644\u0644\u0636\u064a\u0627\u0641\u0629 2 \u0634\u0639\u0644\u0629<\/h2>\n<p>\u0627\u0644<strong> \u0634\u0648\u0627\u064a\u0627\u062a \u0627\u0644\u063a\u0627\u0632<\/strong> \u0644 <strong><span style=\"color: #ff0000;\">\u0644<\/span><span style=\"color: #0000ff;\">\u0631<\/span>\u062c<\/strong> \u0625\u0646\u0647\u0627 \u0645\u0635\u0646\u0648\u0639\u0629 \u0645\u0646 \u0623\u0641\u0636\u0644 \u0627\u0644\u0645\u0648\u0627\u062f \u0648\u0623\u0643\u062b\u0631\u0647\u0627 \u0627\u0628\u062a\u0643\u0627\u0631\u064b\u0627 \u0644\u0644\u062d\u0635\u0648\u0644 \u0639\u0644\u0649 \u0627\u0644\u0637\u0639\u0645 \u0648\u0627\u0644\u062a\u0623\u062b\u064a\u0631 \u0627\u0644\u0628\u0635\u0631\u064a \u0648\u0627\u0644\u0631\u0627\u0626\u062d\u0629 \u0627\u0644\u0623\u0635\u064a\u0644\u0629.<strong> \u0634\u0648\u0627\u0621<\/strong>.<\/p>\n<p>\u0625\u0630\u0627 \u0643\u0627\u0646 \u0645\u0627 \u062a\u0628\u062d\u062b \u0639\u0646\u0647 \u0647\u0648 \u0627\u0644\u0631\u0628\u062d\u064a\u0629\u060c \u0641\u0625\u0646 <strong>\u0634\u0648\u0627\u064a\u0627\u062a \u0627\u0644\u063a\u0627\u0632<\/strong> \u0644<strong><span style=\"color: #ff0000;\"> \u0644<\/span><span style=\"color: #0000ff;\">\u0631<\/span>\u062c<\/strong> \u0633\u0648\u0641 \u062a\u0644\u0628\u064a \u0627\u062d\u062a\u064a\u0627\u062c\u0627\u062a\u0643. \u0627\u0646\u0633\u064e \u0623\u0645\u0631 \u0635\u064a\u0627\u0646\u0629 \u0627\u0644\u062d\u062c\u0631 \u0627\u0644\u0628\u0631\u0643\u0627\u0646\u064a \u0648\u0627\u062e\u062a\u0631 \u0628\u0639\u0636\u064b\u0627 \u0645\u0646\u0647 <strong>\u0627\u0644\u0634\u0639\u0644\u0627\u062a \u0627\u0644\u0641\u0639\u0627\u0644\u0629<\/strong> \u0645\u062d\u0645\u064a\u0629\u060c \u0644\u0636\u0645\u0627\u0646 \u0645\u062a\u0627\u0646\u0629 <strong>\u0634\u0648\u0627\u064a\u0629 \u063a\u0627\u0632<\/strong> \u0648\u062a\u0648\u0641\u0631 \u0644\u0643 \u0639\u0644\u0627\u0645\u0627\u062a \u0645\u062b\u0627\u0644\u064a\u0629 \u0644\u0644\u062d\u0648\u0645 \u0648\u0627\u0644\u0623\u0633\u0645\u0627\u0643 \u0648\u0627\u0644\u062e\u0636\u0631\u0648\u0627\u062a \u0648\u0627\u0644\u062a\u0648\u0641\u0648 \u0648\u0645\u0627 \u0625\u0644\u0649 \u0630\u0644\u0643. \u0627\u0644 <strong>\u0634\u0648\u0627\u0621 \u063a\u0627\u0632 <span style=\"color: #ff0000;\">\u0644<\/span><span style=\"color: #0000ff;\">\u0631<\/span>CB2G<\/strong> \u062a\u062d\u062a\u0648\u064a \u0639\u0644\u0649 \u0634\u0639\u0644\u062a\u064a\u0646 \u0645\u0639 \u0625\u0645\u0643\u0627\u0646\u064a\u0629 \u0627\u0644\u062a\u062d\u0643\u0645 \u0641\u064a \u062f\u0631\u062c\u0629 \u0627\u0644\u062d\u0631\u0627\u0631\u0629 \u0644\u0643\u0644 \u0634\u0639\u0644\u0629.<\/p>\n<h6><strong>\u0636\u0645\u0627\u0646\u00a0<span style=\"color: #ff0000;\">\u0644<\/span><span style=\"color: #0000ff;\">\u0631<\/span>\u062c 2 \u0633\u0646\u0629<\/strong><\/h6>\n<h6><strong>\u064a\u0634\u0645\u0644 \u0627\u0644\u062f\u0639\u0645 \u0627\u0644\u0641\u0646\u064a<\/strong><\/h6>","protected":false},"featured_media":1503,"comment_status":"open","ping_status":"closed","template":"","meta":{"wds_primary_product_brand":0,"wds_primary_product_cat":0},"product_brand":[],"product_cat":[39],"product_tag":[],"class_list":{"0":"post-1501","1":"product","2":"type-product","3":"status-publish","4":"has-post-thumbnail","6":"product_cat-plancha-de-cosina","7":"product_shipping_class-hosteleria","9":"first","10":"instock","11":"sale","12":"taxable","13":"shipping-taxable","14":"purchasable","15":"product-type-simple"},"yoast_head":"<!-- This site is optimized with the Yoast SEO Premium plugin v24.9 (Yoast SEO v26.1) - https:\/\/yoast.com\/wordpress\/plugins\/seo\/ -->\n<title>Barbacoa de gas para hosteler\u00eda 2 quemadores - distribuci\u00f3n ARC<\/title>\n<meta name=\"robots\" content=\"index, follow, max-snippet:-1, max-image-preview:large, max-video-preview:-1\" \/>\n<link rel=\"canonical\" href=\"https:\/\/distribucionarc.com\/ar\/\u0645\u0646\u062a\u062c\/\u0634\u0648\u0627\u0621-\u063a\u0627\u0632-\u0644\u0644\u0637\u0639\u0627\u0645-2-\u0634\u0639\u0644\u0627\u062a\/\" \/>\n<meta property=\"og:locale\" content=\"ar_AR\" \/>\n<meta property=\"og:type\" content=\"article\" \/>\n<meta property=\"og:title\" content=\"Barbacoa de gas para hosteler\u00eda 2 quemadores\" \/>\n<meta property=\"og:description\" content=\"Barbacoa de gas para hosteler\u00eda 2 quemadores Las barbacoas a gas de ARC est\u00e1n fabricadas con los mejores y m\u00e1s innovadores materiales para obtener un sabor, efecto visual, olor \u00a0de aut\u00e9ntica parrilla.  Si lo que buscas es rentabilidad, las barbacoas a gas de ARC cumplir\u00e1n con tus necesidades. Olv\u00eddate del mantenimiento de la piedra volc\u00e1nica y apuesta por unos quemadores eficientes protegidos, para asegurar la durabilidad de la parrilla a gas y proporcionarte un marcado perfecto de tus carnes, pescados, vegetales, tofu, etc. La barbacoa a gas ARCB2G dispone de dos quemadores con control de temperatura ajustable para cada quemador. Garant\u00eda\u00a0ARC 2 A\u00d1OS soporte t\u00e9cnico incluido\" \/>\n<meta property=\"og:url\" content=\"https:\/\/distribucionarc.com\/ar\/\u0645\u0646\u062a\u062c\/\u0634\u0648\u0627\u0621-\u063a\u0627\u0632-\u0644\u0644\u0637\u0639\u0627\u0645-2-\u0634\u0639\u0644\u0627\u062a\/\" \/>\n<meta property=\"og:site_name\" content=\"distribuci\u00f3n ARC\" \/>\n<meta property=\"article:modified_time\" content=\"2020-09-27T10:01:49+00:00\" \/>\n<meta property=\"og:image\" content=\"https:\/\/distribucionarc.com\/wp-content\/uploads\/2020\/07\/Barbacoa-de-gas-para-hosteler\u00eda-2-quemadores-1.jpg\" \/>\n\t<meta property=\"og:image:width\" content=\"1000\" \/>\n\t<meta property=\"og:image:height\" content=\"1000\" \/>\n\t<meta property=\"og:image:type\" content=\"image\/jpeg\" \/>\n<meta name=\"twitter:card\" content=\"summary_large_image\" \/>\n<meta name=\"twitter:label1\" content=\"\u0648\u0642\u062a \u0627\u0644\u0642\u0631\u0627\u0621\u0629 \u0627\u0644\u0645\u064f\u0642\u062f\u0651\u0631\" \/>\n\t<meta name=\"twitter:data1\" content=\"\u062f\u0642\u064a\u0642\u0629 \u0648\u0627\u062d\u062f\u0629\" \/>\n<script type=\"application\/ld+json\" class=\"yoast-schema-graph\">{\"@context\":\"https:\/\/schema.org\",\"@graph\":[{\"@type\":\"WebPage\",\"@id\":\"https:\/\/distribucionarc.com\/ar\/producto\/barbacoa-de-gas-para-hosteleria-2-quemadores\/\",\"url\":\"https:\/\/distribucionarc.com\/ar\/producto\/barbacoa-de-gas-para-hosteleria-2-quemadores\/\",\"name\":\"Barbacoa de gas para hosteler\u00eda 2 quemadores - distribuci\u00f3n ARC\",\"isPartOf\":{\"@id\":\"https:\/\/distribucionarc.com\/de\/#website\"},\"primaryImageOfPage\":{\"@id\":\"https:\/\/distribucionarc.com\/ar\/producto\/barbacoa-de-gas-para-hosteleria-2-quemadores\/#primaryimage\"},\"image\":{\"@id\":\"https:\/\/distribucionarc.com\/ar\/producto\/barbacoa-de-gas-para-hosteleria-2-quemadores\/#primaryimage\"},\"thumbnailUrl\":\"https:\/\/distribucionarc.com\/wp-content\/uploads\/2020\/07\/Barbacoa-de-gas-para-hosteler\u00eda-2-quemadores-1.jpg\",\"datePublished\":\"2020-07-25T16:39:58+00:00\",\"dateModified\":\"2020-09-27T10:01:49+00:00\",\"breadcrumb\":{\"@id\":\"https:\/\/distribucionarc.com\/ar\/producto\/barbacoa-de-gas-para-hosteleria-2-quemadores\/#breadcrumb\"},\"inLanguage\":\"ar\",\"potentialAction\":[{\"@type\":\"ReadAction\",\"target\":[\"https:\/\/distribucionarc.com\/ar\/producto\/barbacoa-de-gas-para-hosteleria-2-quemadores\/\"]}]},{\"@type\":\"ImageObject\",\"inLanguage\":\"ar\",\"@id\":\"https:\/\/distribucionarc.com\/ar\/producto\/barbacoa-de-gas-para-hosteleria-2-quemadores\/#primaryimage\",\"url\":\"https:\/\/distribucionarc.com\/wp-content\/uploads\/2020\/07\/Barbacoa-de-gas-para-hosteler\u00eda-2-quemadores-1.jpg\",\"contentUrl\":\"https:\/\/distribucionarc.com\/wp-content\/uploads\/2020\/07\/Barbacoa-de-gas-para-hosteler\u00eda-2-quemadores-1.jpg\",\"width\":1000,\"height\":1000,\"caption\":\"Barbacoa de gas para hosteler\u00eda 2 quemadores\"},{\"@type\":\"BreadcrumbList\",\"@id\":\"https:\/\/distribucionarc.com\/ar\/producto\/barbacoa-de-gas-para-hosteleria-2-quemadores\/#breadcrumb\",\"itemListElement\":[{\"@type\":\"ListItem\",\"position\":1,\"name\":\"Portada\",\"item\":\"https:\/\/distribucionarc.com\/pl\/\"},{\"@type\":\"ListItem\",\"position\":2,\"name\":\"Produkty\",\"item\":\"https:\/\/distribucionarc.com\/pl\/shop\/\"},{\"@type\":\"ListItem\",\"position\":3,\"name\":\"Barbacoa de gas para hosteler\u00eda 2 quemadores\"}]},{\"@type\":\"WebSite\",\"@id\":\"https:\/\/distribucionarc.com\/de\/#website\",\"url\":\"https:\/\/distribucionarc.com\/de\/\",\"name\":\"distribuci\u00f3n ARC\",\"description\":\"Empresa especializada en la fabricaci\u00f3n y distribuci\u00f3n de maquinaria industrial, selladoras de latas, Maquinas de hacer pastillas, Maquinas de cortar carne...\",\"publisher\":{\"@id\":\"https:\/\/distribucionarc.com\/de\/#organization\"},\"potentialAction\":[{\"@type\":\"SearchAction\",\"target\":{\"@type\":\"EntryPoint\",\"urlTemplate\":\"https:\/\/distribucionarc.com\/de\/?s={search_term_string}\"},\"query-input\":{\"@type\":\"PropertyValueSpecification\",\"valueRequired\":true,\"valueName\":\"search_term_string\"}}],\"inLanguage\":\"ar\"},{\"@type\":\"Organization\",\"@id\":\"https:\/\/distribucionarc.com\/de\/#organization\",\"name\":\"Distribuci\u00f3n ARC\",\"url\":\"https:\/\/distribucionarc.com\/de\/\",\"logo\":{\"@type\":\"ImageObject\",\"inLanguage\":\"ar\",\"@id\":\"https:\/\/distribucionarc.com\/de\/#\/schema\/logo\/image\/\",\"url\":\"https:\/\/distribucionarc.com\/wp-content\/uploads\/2024\/10\/distribucion-ARC-COLOR-SIN-FONDO-e1732295305345.png\",\"contentUrl\":\"https:\/\/distribucionarc.com\/wp-content\/uploads\/2024\/10\/distribucion-ARC-COLOR-SIN-FONDO-e1732295305345.png\",\"width\":1164,\"height\":558,\"caption\":\"Distribuci\u00f3n ARC\"},\"image\":{\"@id\":\"https:\/\/distribucionarc.com\/de\/#\/schema\/logo\/image\/\"},\"description\":\"Empresa especializada en la fabricaci\u00f3n y distribuci\u00f3n de maquinaria industrial para los sectores alimentario y farmac\u00e9utico. Nos especializamos en: M\u00e1quinas de cortar carne Fabricaci\u00f3n de comprimidos Sistemas de transporte industrial L\u00edneas de embotellado Dosificadores Y mucho m\u00e1s... Ofrecemos soluciones innovadoras y personalizadas para optimizar los procesos productivos de tu empresa.\",\"email\":\"Admistracion@distribucionarc.com\",\"telephone\":\"+34 643496664\",\"legalName\":\"ARC TECH SOLUTIONS\",\"foundingDate\":\"2024-04-09\",\"vatID\":\"B55480172\",\"numberOfEmployees\":{\"@type\":\"QuantitativeValue\",\"minValue\":\"1\",\"maxValue\":\"10\"}}]}<\/script>\n<!-- \/ Yoast SEO Premium plugin. -->","yoast_head_json":{"title":"\u0634\u0648\u0627\u064a\u0629 \u063a\u0627\u0632 \u0644\u0644\u0636\u064a\u0627\u0641\u0629 2 \u0634\u0639\u0644\u0629 - \u062a\u0648\u0632\u064a\u0639 ARC","robots":{"index":"index","follow":"follow","max-snippet":"max-snippet:-1","max-image-preview":"max-image-preview:large","max-video-preview":"max-video-preview:-1"},"canonical":"https:\/\/distribucionarc.com\/ar\/\u0645\u0646\u062a\u062c\/\u0634\u0648\u0627\u0621-\u063a\u0627\u0632-\u0644\u0644\u0637\u0639\u0627\u0645-2-\u0634\u0639\u0644\u0627\u062a\/","og_locale":"ar_AR","og_type":"article","og_title":"Barbacoa de gas para hosteler\u00eda 2 quemadores","og_description":"Barbacoa de gas para hosteler\u00eda 2 quemadores Las barbacoas a gas de ARC est\u00e1n fabricadas con los mejores y m\u00e1s innovadores materiales para obtener un sabor, efecto visual, olor \u00a0de aut\u00e9ntica parrilla.  Si lo que buscas es rentabilidad, las barbacoas a gas de ARC cumplir\u00e1n con tus necesidades. Olv\u00eddate del mantenimiento de la piedra volc\u00e1nica y apuesta por unos quemadores eficientes protegidos, para asegurar la durabilidad de la parrilla a gas y proporcionarte un marcado perfecto de tus carnes, pescados, vegetales, tofu, etc. La barbacoa a gas ARCB2G dispone de dos quemadores con control de temperatura ajustable para cada quemador. Garant\u00eda\u00a0ARC 2 A\u00d1OS soporte t\u00e9cnico incluido","og_url":"https:\/\/distribucionarc.com\/ar\/\u0645\u0646\u062a\u062c\/\u0634\u0648\u0627\u0621-\u063a\u0627\u0632-\u0644\u0644\u0637\u0639\u0627\u0645-2-\u0634\u0639\u0644\u0627\u062a\/","og_site_name":"distribuci\u00f3n ARC","article_modified_time":"2020-09-27T10:01:49+00:00","og_image":[{"width":1000,"height":1000,"url":"https:\/\/distribucionarc.com\/wp-content\/uploads\/2020\/07\/Barbacoa-de-gas-para-hosteler\u00eda-2-quemadores-1.jpg","type":"image\/jpeg"}],"twitter_card":"summary_large_image","twitter_misc":{"\u0648\u0642\u062a \u0627\u0644\u0642\u0631\u0627\u0621\u0629 \u0627\u0644\u0645\u064f\u0642\u062f\u0651\u0631":"\u062f\u0642\u064a\u0642\u0629 \u0648\u0627\u062d\u062f\u0629"},"schema":{"@context":"https:\/\/schema.org","@graph":[{"@type":"WebPage","@id":"https:\/\/distribucionarc.com\/ar\/producto\/barbacoa-de-gas-para-hosteleria-2-quemadores\/","url":"https:\/\/distribucionarc.com\/ar\/producto\/barbacoa-de-gas-para-hosteleria-2-quemadores\/","name":"\u0634\u0648\u0627\u064a\u0629 \u063a\u0627\u0632 \u0644\u0644\u0636\u064a\u0627\u0641\u0629 2 \u0634\u0639\u0644\u0629 - \u062a\u0648\u0632\u064a\u0639 ARC","isPartOf":{"@id":"https:\/\/distribucionarc.com\/de\/#website"},"primaryImageOfPage":{"@id":"https:\/\/distribucionarc.com\/ar\/producto\/barbacoa-de-gas-para-hosteleria-2-quemadores\/#primaryimage"},"image":{"@id":"https:\/\/distribucionarc.com\/ar\/producto\/barbacoa-de-gas-para-hosteleria-2-quemadores\/#primaryimage"},"thumbnailUrl":"https:\/\/distribucionarc.com\/wp-content\/uploads\/2020\/07\/Barbacoa-de-gas-para-hosteler\u00eda-2-quemadores-1.jpg","datePublished":"2020-07-25T16:39:58+00:00","dateModified":"2020-09-27T10:01:49+00:00","breadcrumb":{"@id":"https:\/\/distribucionarc.com\/ar\/producto\/barbacoa-de-gas-para-hosteleria-2-quemadores\/#breadcrumb"},"inLanguage":"ar","potentialAction":[{"@type":"ReadAction","target":["https:\/\/distribucionarc.com\/ar\/producto\/barbacoa-de-gas-para-hosteleria-2-quemadores\/"]}]},{"@type":"ImageObject","inLanguage":"ar","@id":"https:\/\/distribucionarc.com\/ar\/producto\/barbacoa-de-gas-para-hosteleria-2-quemadores\/#primaryimage","url":"https:\/\/distribucionarc.com\/wp-content\/uploads\/2020\/07\/Barbacoa-de-gas-para-hosteler\u00eda-2-quemadores-1.jpg","contentUrl":"https:\/\/distribucionarc.com\/wp-content\/uploads\/2020\/07\/Barbacoa-de-gas-para-hosteler\u00eda-2-quemadores-1.jpg","width":1000,"height":1000,"caption":"Barbacoa de gas para hosteler\u00eda 2 quemadores"},{"@type":"BreadcrumbList","@id":"https:\/\/distribucionarc.com\/ar\/producto\/barbacoa-de-gas-para-hosteleria-2-quemadores\/#breadcrumb","itemListElement":[{"@type":"ListItem","position":1,"name":"Portada","item":"https:\/\/distribucionarc.com\/pl\/"},{"@type":"ListItem","position":2,"name":"Produkty","item":"https:\/\/distribucionarc.com\/pl\/shop\/"},{"@type":"ListItem","position":3,"name":"Barbacoa de gas para hosteler\u00eda 2 quemadores"}]},{"@type":"WebSite","@id":"https:\/\/distribucionarc.com\/de\/#website","url":"https:\/\/distribucionarc.com\/de\/","name":"\u062a\u0648\u0632\u064a\u0639 \u0627\u0644\u0642\u0648\u0633","description":"\u0634\u0631\u0643\u0629 \u0645\u062a\u062e\u0635\u0635\u0629 \u0641\u064a \u062a\u0635\u0646\u064a\u0639 \u0648\u062a\u0648\u0632\u064a\u0639 \u0627\u0644\u0622\u0644\u0627\u062a \u0627\u0644\u0635\u0646\u0627\u0639\u064a\u0629\u060c \u0648\u0645\u0627\u0643\u064a\u0646\u0627\u062a \u062e\u062a\u0645 \u0627\u0644\u0639\u0644\u0628\u060c \u0648\u0645\u0627\u0643\u064a\u0646\u0627\u062a \u0635\u0646\u0639 \u0627\u0644\u0623\u0642\u0631\u0627\u0635\u060c \u0648\u0645\u0627\u0643\u064a\u0646\u0627\u062a \u062a\u0642\u0637\u064a\u0639 \u0627\u0644\u0644\u062d\u0648\u0645...","publisher":{"@id":"https:\/\/distribucionarc.com\/de\/#organization"},"potentialAction":[{"@type":"SearchAction","target":{"@type":"EntryPoint","urlTemplate":"https:\/\/distribucionarc.com\/de\/?s={search_term_string}"},"query-input":{"@type":"PropertyValueSpecification","valueRequired":true,"valueName":"search_term_string"}}],"inLanguage":"ar"},{"@type":"Organization","@id":"https:\/\/distribucionarc.com\/de\/#organization","name":"\u062a\u0648\u0632\u064a\u0639 \u0622\u0631\u0643","url":"https:\/\/distribucionarc.com\/de\/","logo":{"@type":"ImageObject","inLanguage":"ar","@id":"https:\/\/distribucionarc.com\/de\/#\/schema\/logo\/image\/","url":"https:\/\/distribucionarc.com\/wp-content\/uploads\/2024\/10\/distribucion-ARC-COLOR-SIN-FONDO-e1732295305345.png","contentUrl":"https:\/\/distribucionarc.com\/wp-content\/uploads\/2024\/10\/distribucion-ARC-COLOR-SIN-FONDO-e1732295305345.png","width":1164,"height":558,"caption":"Distribuci\u00f3n ARC"},"image":{"@id":"https:\/\/distribucionarc.com\/de\/#\/schema\/logo\/image\/"},"description":"\u0634\u0631\u0643\u0629 \u0645\u062a\u062e\u0635\u0635\u0629 \u0641\u064a \u062a\u0635\u0646\u064a\u0639 \u0648\u062a\u0648\u0632\u064a\u0639 \u0627\u0644\u0622\u0644\u0627\u062a \u0627\u0644\u0635\u0646\u0627\u0639\u064a\u0629 \u0644\u0642\u0637\u0627\u0639\u064a \u0627\u0644\u0623\u063a\u0630\u064a\u0629 \u0648\u0627\u0644\u0623\u062f\u0648\u064a\u0629. \u0646\u062d\u0646 \u0645\u062a\u062e\u0635\u0635\u0648\u0646 \u0641\u064a: \u0645\u0627\u0643\u064a\u0646\u0627\u062a \u062a\u0642\u0637\u064a\u0639 \u0627\u0644\u0644\u062d\u0648\u0645 \u062a\u0635\u0646\u064a\u0639 \u0627\u0644\u0623\u0642\u0631\u0627\u0635 \u0623\u0646\u0638\u0645\u0629 \u0627\u0644\u0646\u0642\u0644 \u0627\u0644\u0635\u0646\u0627\u0639\u064a\u0629 \u062e\u0637\u0648\u0637 \u0627\u0644\u062a\u0639\u0628\u0626\u0629 \u0648\u0627\u0644\u062a\u063a\u0644\u064a\u0641 \u0627\u0644\u0645\u0648\u0632\u0639\u0627\u062a \u0648\u0623\u0643\u062b\u0631 \u0645\u0646 \u0630\u0644\u0643 \u0628\u0643\u062b\u064a\u0631... \u0646\u062d\u0646 \u0646\u0642\u062f\u0645 \u062d\u0644\u0648\u0644\u0627\u064b \u0645\u0628\u062a\u0643\u0631\u0629 \u0648\u0645\u062e\u0635\u0635\u0629 \u0644\u062a\u062d\u0633\u064a\u0646 \u0639\u0645\u0644\u064a\u0627\u062a \u0627\u0644\u0625\u0646\u062a\u0627\u062c \u0641\u064a \u0634\u0631\u0643\u062a\u0643.","email":"Admistracion@distribucionarc.com","telephone":"+34 643496664","legalName":"ARC TECH SOLUTIONS","foundingDate":"2024-04-09","vatID":"B55480172","numberOfEmployees":{"@type":"QuantitativeValue","minValue":"1","maxValue":"10"}}]}},"_links":{"self":[{"href":"https:\/\/distribucionarc.com\/ar\/wp-json\/wp\/v2\/product\/1501","targetHints":{"allow":["GET"]}}],"collection":[{"href":"https:\/\/distribucionarc.com\/ar\/wp-json\/wp\/v2\/product"}],"about":[{"href":"https:\/\/distribucionarc.com\/ar\/wp-json\/wp\/v2\/types\/product"}],"replies":[{"embeddable":true,"href":"https:\/\/distribucionarc.com\/ar\/wp-json\/wp\/v2\/comments?post=1501"}],"version-history":[{"count":0,"href":"https:\/\/distribucionarc.com\/ar\/wp-json\/wp\/v2\/product\/1501\/revisions"}],"wp:featuredmedia":[{"embeddable":true,"href":"https:\/\/distribucionarc.com\/ar\/wp-json\/wp\/v2\/media\/1503"}],"wp:attachment":[{"href":"https:\/\/distribucionarc.com\/ar\/wp-json\/wp\/v2\/media?parent=1501"}],"wp:term":[{"taxonomy":"product_brand","embeddable":true,"href":"https:\/\/distribucionarc.com\/ar\/wp-json\/wp\/v2\/product_brand?post=1501"},{"taxonomy":"product_cat","embeddable":true,"href":"https:\/\/distribucionarc.com\/ar\/wp-json\/wp\/v2\/product_cat?post=1501"},{"taxonomy":"product_tag","embeddable":true,"href":"https:\/\/distribucionarc.com\/ar\/wp-json\/wp\/v2\/product_tag?post=1501"}],"curies":[{"name":"wp","href":"https:\/\/api.w.org\/{rel}","templated":true}]}}