{"id":1556,"date":"2020-07-27T17:47:28","date_gmt":"2020-07-27T17:47:28","guid":{"rendered":"https:\/\/distribucionarc.com\/?post_type=product&#038;p=1556"},"modified":"2020-09-27T10:19:49","modified_gmt":"2020-09-27T10:19:49","slug":"%d9%82%d8%b7%d8%a7%d8%b9%d8%a9-%d9%84%d8%ad%d9%85-%d8%af%d9%88%d9%86%d8%b1-%d9%83%d8%a8%d8%a7%d8%a8","status":"publish","type":"product","link":"https:\/\/distribucionarc.com\/ar\/producto\/cortador-de-carne-para-kebab-doner\/","title":{"rendered":"\u0642\u0637\u0639 \u0627\u0644\u0644\u062d\u0648\u0645 \u0644\u062f\u0648\u0646\u0631 \u0643\u0628\u0627\u0628"},"content":{"rendered":"<h3>\u0642\u0637\u0639 \u0627\u0644\u0644\u062d\u0648\u0645 \u0644\u062f\u0648\u0646\u0631 \u0643\u0628\u0627\u0628<\/h3>\n<p>\u0627\u0644 <strong>\u0642\u0637\u0627\u0639\u0629 \u0643\u0628\u0627\u0628<\/strong> \u0644 <strong><span style=\"color: #ff0000;\">\u0644<\/span><span style=\"color: #0000ff;\">\u0631<\/span>\u062c<\/strong> \u0648\u0647\u064a \u0645\u0643\u0648\u0646\u0629 \u0645\u0646 \u0634\u0641\u0631\u0629 \u0645\u0646 \u0627\u0644\u0641\u0648\u0644\u0627\u0630 \u0627\u0644\u0645\u0642\u0627\u0648\u0645 \u0644\u0644\u0635\u062f\u0623 \u0644\u0636\u0645\u0627\u0646 \u0639\u0645\u0631 \u0637\u0648\u064a\u0644 \u0644\u0644\u0622\u0644\u0629. \u0627\u0644\u0634\u0641\u0631\u0629 \u0645\u062d\u0645\u064a\u0629 \u0644\u062a\u0648\u0641\u064a\u0631 \u0633\u0644\u0627\u0645\u0629 \u0639\u0627\u0644\u064a\u0629.<\/p>\n<p>\u0647\u0630\u0627 <strong>\u0633\u0643\u064a\u0646 \u062a\u0642\u0637\u064a\u0639 \u0627\u0644\u0643\u0628\u0627\u0628<\/strong> \u064a\u0645\u0643\u0646 \u062a\u0646\u0638\u064a\u0641\u0647\u0627 \u0628\u0633\u0647\u0648\u0644\u0629 \u0628\u0627\u0633\u062a\u062e\u062f\u0627\u0645 \u0628\u0631\u063a\u064a \u0641\u062a\u062d \u0628\u0633\u064a\u0637\u060c \u0648\u064a\u0645\u0643\u0646\u0643 \u062a\u0646\u0638\u064a\u0645 \u0633\u0645\u0643 \u0627\u0644\u0642\u0637\u0639\u060c \u0641\u0647\u064a \u062a\u062d\u062a\u0648\u064a \u0639\u0644\u0649 \u062d\u062c\u0631 \u0644\u0644\u062d\u0641\u0627\u0638 \u0639\u0644\u0649 \u062d\u062f\u0629 \u0627\u0644\u0634\u0641\u0631\u0629 \u0644\u0641\u062a\u0631\u0629 \u0637\u0648\u064a\u0644\u0629.<\/p>\n<p>\u0647\u0630\u0627<strong> \u0642\u0637\u0627\u0639\u0629 \u0643\u0628\u0627\u0628 <span style=\"color: #ff0000;\">\u0644<\/span><span style=\"color: #0000ff;\">\u0631<\/span>CCK1<\/strong> <span style=\"color: #008000;\"><strong>\u064a\u0633\u062a\u0647\u0644\u0643 \u0637\u0627\u0642\u0629 \u0623\u0642\u0644<\/strong><\/span> \u0645\u0646 \u0627\u0644\u0645\u0646\u062a\u062c\u0627\u062a \u0627\u0644\u0623\u062e\u0631\u0649 \u0627\u0644\u0645\u0648\u062c\u0648\u062f\u0629 \u0641\u064a \u0627\u0644\u0633\u0648\u0642\u060c \u064a\u0633\u0627\u0639\u062f \u0627\u0644\u0645\u0642\u0628\u0636 \u0627\u0644\u0645\u0635\u0645\u0645 \u0647\u0646\u062f\u0633\u064a\u064b\u0627 \u0639\u0644\u0649 \u062c\u0639\u0644\u0647 \u0623\u0643\u062b\u0631 \u0631\u0627\u062d\u0629 \u0641\u064a \u0627\u0644\u0627\u0633\u062a\u062e\u062f\u0627\u0645.<\/p>\n<h6>\u0636\u0645\u0627\u0646<strong><span style=\"color: #ff0000;\">\u00a0\u0644<\/span><span style=\"color: #0000ff;\">\u0631<\/span>\u062c<\/strong><\/h6>\n<h6><span style=\"color: #008000;\"><strong>\u0642\u0637\u0627\u0639\u0629 \u0643\u0628\u0627\u0628 \u0627\u062d\u062a\u0631\u0627\u0641\u064a\u0629\u060c \u0627\u0633\u062a\u0647\u0644\u0627\u0643 \u0645\u0646\u062e\u0641\u0636 60 \u0648\u0627\u062a<\/strong><\/span><\/h6>\n<h6>\u064a\u0634\u0645\u0644 \u0627\u0644\u062f\u0639\u0645 \u0627\u0644\u0641\u0646\u064a<\/h6>\n<p>&nbsp;<\/p>\n<table role=\"presentation\" width=\"100%\" cellspacing=\"0\" cellpadding=\"0\">\n<tbody>\n<tr>\n<td class=\"attrLabels\">\u0636\u0645\u0627\u0646:<\/td>\n<td width=\"50.0%\">\u0627\u0644\u0642\u0648\u0633 2 \u0633\u0646\u0629<\/td>\n<\/tr>\n<tr>\n<td class=\"attrLabels\">\u0628\u0644\u062f \u0627\u0644\u062a\u0648\u0632\u064a\u0639:<\/td>\n<td width=\"50.0%\">\u0627\u0633\u0628\u0627\u0646\u064a\u0627\u060c \u0623\u0644\u0645\u0627\u0646\u064a\u0627\u060c \u0627\u0644\u0648\u0644\u0627\u064a\u0627\u062a \u0627\u0644\u0645\u062a\u062d\u062f\u0629 \u0627\u0644\u0623\u0645\u0631\u064a\u0643\u064a\u0629<\/td>\n<td class=\"attrLabels\">\u0648\u0632\u0646:<\/td>\n<td width=\"50.0%\">1.50 \u0643\u062c\u0645<\/td>\n<\/tr>\n<tr>\n<td class=\"attrLabels\">\u0645\u0627\u0631\u0643\u0629:<\/td>\n<td width=\"50.0%\">\u0642\u0648\u0633<\/td>\n<td class=\"attrLabels\">\u0627\u0631\u062a\u0641\u0627\u0639:<\/td>\n<td width=\"50.0%\">\u00a027 \u0633\u0645<\/td>\n<\/tr>\n<tr>\n<td class=\"attrLabels\">\u0644\u0648\u0646:<\/td>\n<td width=\"50.0%\">\u0641\u0636\u064a<\/td>\n<td class=\"attrLabels\">\u0637\u0648\u064a\u0644:<\/td>\n<td width=\"50.0%\">23 \u0633\u0645<\/td>\n<\/tr>\n<tr>\n<td class=\"attrLabels\">\u0646\u0648\u0639 \u0627\u0644\u0645\u0646\u062a\u062c:<\/td>\n<td width=\"50.0%\">\u0642\u0637\u0627\u0639\u0629 \u0643\u0628\u0627\u0628 \u0627\u062d\u062a\u0631\u0627\u0641\u064a\u0629<\/td>\n<td class=\"attrLabels\">\u0648\u0627\u0633\u0639:<\/td>\n<td width=\"50.0%\">18 \u0633\u0645<\/td>\n<\/tr>\n<tr>\n<td class=\"attrLabels\">\u0631\u0642\u0645 \u0627\u0644\u0634\u0631\u0643\u0629 \u0627\u0644\u0645\u0635\u0646\u0639\u0629:<\/td>\n<td width=\"50.0%\">ARCCK1<\/td>\n<td class=\"attrLabels\">\u0642\u0648\u0629:<\/td>\n<td width=\"50.0%\">60 \u0648\u0627\u0637<\/td>\n<\/tr>\n<tr>\n<td class=\"attrLabels\">\u0645\u0627\u062f\u0629:<\/td>\n<td width=\"50.0%\">\u0627\u0644\u0641\u0648\u0644\u0627\u0630 \u0627\u0644\u0645\u0642\u0627\u0648\u0645 \u0644\u0644\u0635\u062f\u0623<\/td>\n<td class=\"attrLabels\">\u062c\u0647\u062f \u0627\u0644\u0625\u062f\u062e\u0627\u0644<\/td>\n<td width=\"50.0%\">220 \u0641\u0648\u0644\u062a \u2013 50 \u0647\u0631\u062a\u0632<\/td>\n<\/tr>\n<tr>\n<td class=\"attrLabels\">\u0623\u0646\u0648\u0627\u0639 \u0627\u0644\u0642\u0637\u0639:<\/td>\n<td width=\"50.0%\">0 \u0625\u0644\u0649 8 \u0645\u0644\u0645<\/td>\n<td class=\"attrLabels\">\u0642\u0637\u0631 \u0627\u0644\u0634\u0641\u0631\u0629:<\/td>\n<td width=\"50.0%\">100 \u0645\u0644\u0645<\/td>\n<\/tr>\n<tr>\n<td class=\"attrLabels\">\u0623\u062f\u0648\u0627\u062a \u0627\u0644\u062a\u062b\u0628\u064a\u062a:<\/td>\n<td width=\"50.0%\">\u0646\u0639\u0645<\/td>\n<td class=\"attrLabels\">\u0642\u062f\u0631\u0629 \u0627\u0644\u0642\u0637\u0639 \u0627\u0644\u064a\u0648\u0645\u064a\u0629:<\/td>\n<td width=\"50.0%\">50 \u0625\u0644\u0649 70 \u0643\u062c\u0645<\/td>\n<\/tr>\n<\/tbody>\n<\/table>\n<p>&nbsp;<\/p>","protected":false},"excerpt":{"rendered":"<h2>\u0642\u0637\u0639 \u0627\u0644\u0644\u062d\u0648\u0645 \u0644\u062f\u0648\u0646\u0631 \u0643\u0628\u0627\u0628<\/h2>\n<p>\u0627\u0644 <strong>\u0642\u0637\u0627\u0639\u0629 \u0643\u0628\u0627\u0628 <span style=\"color: #ff0000;\">\u0644<\/span><span style=\"color: #0000ff;\">\u0631<\/span>\u062c<\/strong> \u0644\u0642\u062f \u062a\u0645 \u062a\u0635\u0645\u064a\u0645\u0647\u0627 \u0644\u062a\u0643\u0648\u0646 \u0633\u0647\u0644\u0629 \u0627\u0644\u062a\u0646\u0638\u064a\u0641 \u0648\u0627\u0644\u0635\u064a\u0627\u0646\u0629: \u064a\u0645\u0643\u0646 \u0625\u0632\u0627\u0644\u0629 \u0627\u0644\u0634\u0641\u0631\u0629 \u0628\u0627\u0633\u062a\u062e\u062f\u0627\u0645 \u0628\u0631\u063a\u064a \u0642\u0641\u0644 \u0628\u0633\u064a\u0637.<\/p>\n<p>\u0647\u0630\u0627 <strong>\u0642\u0637\u0639 \u0643\u0628\u0627\u0628 <span style=\"color: #ff0000;\">\u0644<\/span><span style=\"color: #0000ff;\">\u0631<\/span>CCK1<\/strong> \u0625\u0646\u0647 \u0645\u0635\u0646\u0648\u0639 \u0645\u0646 \u0645\u0648\u0627\u062f \u0639\u0627\u0644\u064a\u0629 \u0627\u0644\u062c\u0648\u062f\u0629 \u0648\u0647\u0648 \u062c\u0647\u0627\u0632 \u0634\u0628\u0643\u064a \u0639\u0645\u0644\u064a \u0644\u0630\u0627 \u064a\u0645\u0643\u0646\u0643 \u0627\u0633\u062a\u062e\u062f\u0627\u0645\u0647 \u0641\u064a \u0623\u064a \u0645\u0643\u0627\u0646. \u0627\u0644\u0634\u0641\u0631\u0629 \u062d\u0627\u062f\u0629 \u0644\u0644\u063a\u0627\u064a\u0629\u060c \u0644\u0630\u0644\u0643 \u0633\u062a\u0642\u0637\u0639 \u0644\u062d\u0645 \u0627\u0644\u0636\u0623\u0646 \u0648\u0627\u0644\u062f\u062c\u0627\u062c \u0648\u0644\u062d\u0645 \u0627\u0644\u0628\u0642\u0631 \u0628\u0633\u0647\u0648\u0644\u0629 \u0648\u062f\u0642\u0629. \u0627\u0644\u062d\u0644\u0642\u0629 \u0648\u0627\u0644\u0645\u0633\u0645\u0627\u0631 \u0642\u0627\u0628\u0644\u0627\u0646 \u0644\u0644\u062a\u0639\u062f\u064a\u0644\u060c \u064a\u0645\u0643\u0646\u0643 \u0636\u0628\u0637\u0647\u0645\u0627 \u062d\u0633\u0628 \u0627\u0644\u0633\u0645\u0643 \u0627\u0644\u0645\u0631\u063a\u0648\u0628 \u0641\u064a\u0647. \u064a\u062a\u0645 \u0627\u0644\u062d\u0641\u0627\u0638 \u0639\u0644\u0649 \u0642\u0637\u0627\u0639\u0629 \u0627\u0644\u0643\u0628\u0627\u0628 \u0622\u0645\u0646\u0629 \u0645\u0646 \u062e\u0644\u0627\u0644 \u0648\u0627\u0642\u064a \u0634\u0641\u0631\u0629 \u0645\u0641\u064a\u062f \u0648\u0642\u062f \u062a\u0645 \u062a\u0635\u0645\u064a\u0645 \u0627\u0644\u0645\u0642\u0628\u0636 \u0647\u0646\u062f\u0633\u064a\u064b\u0627 \u0644\u064a\u0646\u0627\u0633\u0628 \u064a\u062f\u0643 \u062a\u0645\u0627\u0645\u064b\u0627.<\/p>\n<h6>\u0636\u0645\u0627\u0646<strong><span style=\"color: #ff0000;\">\u00a0\u0644<\/span><span style=\"color: #0000ff;\">\u0631<\/span>\u062c<\/strong><\/h6>\n<h6><span style=\"color: #008000;\"><strong>\u0642\u0637\u0627\u0639\u0629 \u0643\u0628\u0627\u0628 \u0627\u062d\u062a\u0631\u0627\u0641\u064a\u0629\u060c \u0627\u0633\u062a\u0647\u0644\u0627\u0643 \u0645\u0646\u062e\u0641\u0636 60 \u0648\u0627\u062a<\/strong><\/span><\/h6>\n<h6>\u064a\u0634\u0645\u0644 \u0627\u0644\u062f\u0639\u0645 \u0627\u0644\u0641\u0646\u064a<\/h6>\n<p>&nbsp;<\/p>","protected":false},"featured_media":1563,"comment_status":"open","ping_status":"closed","template":"","meta":{"wds_primary_product_brand":0,"wds_primary_product_cat":0},"product_brand":[],"product_cat":[43],"product_tag":[],"class_list":{"0":"post-1556","1":"product","2":"type-product","3":"status-publish","4":"has-post-thumbnail","6":"product_cat-cortadoras-de-alimentos","7":"product_shipping_class-hosteleria","9":"first","10":"instock","11":"sale","12":"taxable","13":"shipping-taxable","14":"purchasable","15":"product-type-simple"},"yoast_head":"<!-- This site is optimized with the Yoast SEO Premium plugin v24.9 (Yoast SEO v26.1) - https:\/\/yoast.com\/wordpress\/plugins\/seo\/ -->\n<title>Cortador de Carne para Kebab D\u00f6ner - distribuci\u00f3n ARC<\/title>\n<meta name=\"robots\" content=\"index, follow, max-snippet:-1, max-image-preview:large, max-video-preview:-1\" \/>\n<link rel=\"canonical\" href=\"https:\/\/distribucionarc.com\/ar\/\u0645\u0646\u062a\u062c\/\u0642\u0637\u0627\u0639\u0629-\u0644\u062d\u0645-\u062f\u0648\u0646\u0631-\u0643\u0628\u0627\u0628\/\" \/>\n<meta property=\"og:locale\" content=\"ar_AR\" \/>\n<meta property=\"og:type\" content=\"article\" \/>\n<meta property=\"og:title\" content=\"Cortador de Carne para Kebab D\u00f6ner\" \/>\n<meta property=\"og:description\" content=\"Cortador de Carne para Kebab D\u00f6ner La cortadora de kebab ARC est\u00e1 dise\u00f1ada para que sea f\u00e1cil de limpiar y mantener: la hoja se puede quitar con un simple tornillo de bloqueo.  Este cortador de kebab ARCCK1 est\u00e1 hecho de material altamente calificado y es un pr\u00e1ctico dispositivo de red para que pueda usarlo en cualquier lugar. La hoja es s\u00faper afilada, por lo que cortar\u00e1 a trav\u00e9s de cordero, pollo, ternera, con facilidad y finura. El anillo y el tornillo es ajustable, se puede ajustar para el espesor deseado. El cortador de kebab se mantiene seguro con un pr\u00e1ctico protector de la hoja y el mango ha sido dise\u00f1ado ergon\u00f3micamente para que encaje perfectamente en la mano. Garant\u00eda\u00a0ARC Cortador de kebab profesional, bajo consumo 60w soporte t\u00e9cnico\u00a0incluido &nbsp;\" \/>\n<meta property=\"og:url\" content=\"https:\/\/distribucionarc.com\/ar\/\u0645\u0646\u062a\u062c\/\u0642\u0637\u0627\u0639\u0629-\u0644\u062d\u0645-\u062f\u0648\u0646\u0631-\u0643\u0628\u0627\u0628\/\" \/>\n<meta property=\"og:site_name\" content=\"distribuci\u00f3n ARC\" \/>\n<meta property=\"article:modified_time\" content=\"2020-09-27T10:19:49+00:00\" \/>\n<meta property=\"og:image\" content=\"https:\/\/distribucionarc.com\/wp-content\/uploads\/2020\/07\/Cortador-de-Carne-para-Kebab-D\u00f6ner-0.jpg\" \/>\n\t<meta property=\"og:image:width\" content=\"1000\" \/>\n\t<meta property=\"og:image:height\" content=\"1000\" \/>\n\t<meta property=\"og:image:type\" content=\"image\/jpeg\" \/>\n<meta name=\"twitter:card\" content=\"summary_large_image\" \/>\n<meta name=\"twitter:label1\" content=\"\u0648\u0642\u062a \u0627\u0644\u0642\u0631\u0627\u0621\u0629 \u0627\u0644\u0645\u064f\u0642\u062f\u0651\u0631\" \/>\n\t<meta name=\"twitter:data1\" content=\"\u062f\u0642\u064a\u0642\u0629 \u0648\u0627\u062d\u062f\u0629\" \/>\n<script type=\"application\/ld+json\" class=\"yoast-schema-graph\">{\"@context\":\"https:\/\/schema.org\",\"@graph\":[{\"@type\":\"WebPage\",\"@id\":\"https:\/\/distribucionarc.com\/hr\/producto\/cortador-de-carne-para-kebab-doner\/\",\"url\":\"https:\/\/distribucionarc.com\/hr\/producto\/cortador-de-carne-para-kebab-doner\/\",\"name\":\"Cortador de Carne para Kebab D\u00f6ner - distribuci\u00f3n ARC\",\"isPartOf\":{\"@id\":\"https:\/\/distribucionarc.com\/de\/#website\"},\"primaryImageOfPage\":{\"@id\":\"https:\/\/distribucionarc.com\/hr\/producto\/cortador-de-carne-para-kebab-doner\/#primaryimage\"},\"image\":{\"@id\":\"https:\/\/distribucionarc.com\/hr\/producto\/cortador-de-carne-para-kebab-doner\/#primaryimage\"},\"thumbnailUrl\":\"https:\/\/distribucionarc.com\/wp-content\/uploads\/2020\/07\/Cortador-de-Carne-para-Kebab-D\u00f6ner-0.jpg\",\"datePublished\":\"2020-07-27T17:47:28+00:00\",\"dateModified\":\"2020-09-27T10:19:49+00:00\",\"breadcrumb\":{\"@id\":\"https:\/\/distribucionarc.com\/hr\/producto\/cortador-de-carne-para-kebab-doner\/#breadcrumb\"},\"inLanguage\":\"ar\",\"potentialAction\":[{\"@type\":\"ReadAction\",\"target\":[\"https:\/\/distribucionarc.com\/hr\/producto\/cortador-de-carne-para-kebab-doner\/\"]}]},{\"@type\":\"ImageObject\",\"inLanguage\":\"ar\",\"@id\":\"https:\/\/distribucionarc.com\/hr\/producto\/cortador-de-carne-para-kebab-doner\/#primaryimage\",\"url\":\"https:\/\/distribucionarc.com\/wp-content\/uploads\/2020\/07\/Cortador-de-Carne-para-Kebab-D\u00f6ner-0.jpg\",\"contentUrl\":\"https:\/\/distribucionarc.com\/wp-content\/uploads\/2020\/07\/Cortador-de-Carne-para-Kebab-D\u00f6ner-0.jpg\",\"width\":1000,\"height\":1000,\"caption\":\"Cortador de carne para kebab doner\"},{\"@type\":\"BreadcrumbList\",\"@id\":\"https:\/\/distribucionarc.com\/hr\/producto\/cortador-de-carne-para-kebab-doner\/#breadcrumb\",\"itemListElement\":[{\"@type\":\"ListItem\",\"position\":1,\"name\":\"Portada\",\"item\":\"https:\/\/distribucionarc.com\/pl\/\"},{\"@type\":\"ListItem\",\"position\":2,\"name\":\"Produkty\",\"item\":\"https:\/\/distribucionarc.com\/pl\/shop\/\"},{\"@type\":\"ListItem\",\"position\":3,\"name\":\"Cortador de Carne para Kebab D\u00f6ner\"}]},{\"@type\":\"WebSite\",\"@id\":\"https:\/\/distribucionarc.com\/de\/#website\",\"url\":\"https:\/\/distribucionarc.com\/de\/\",\"name\":\"distribuci\u00f3n ARC\",\"description\":\"Empresa especializada en la fabricaci\u00f3n y distribuci\u00f3n de maquinaria industrial, selladoras de latas, Maquinas de hacer pastillas, Maquinas de cortar carne...\",\"publisher\":{\"@id\":\"https:\/\/distribucionarc.com\/de\/#organization\"},\"potentialAction\":[{\"@type\":\"SearchAction\",\"target\":{\"@type\":\"EntryPoint\",\"urlTemplate\":\"https:\/\/distribucionarc.com\/de\/?s={search_term_string}\"},\"query-input\":{\"@type\":\"PropertyValueSpecification\",\"valueRequired\":true,\"valueName\":\"search_term_string\"}}],\"inLanguage\":\"ar\"},{\"@type\":\"Organization\",\"@id\":\"https:\/\/distribucionarc.com\/de\/#organization\",\"name\":\"Distribuci\u00f3n ARC\",\"url\":\"https:\/\/distribucionarc.com\/de\/\",\"logo\":{\"@type\":\"ImageObject\",\"inLanguage\":\"ar\",\"@id\":\"https:\/\/distribucionarc.com\/de\/#\/schema\/logo\/image\/\",\"url\":\"https:\/\/distribucionarc.com\/wp-content\/uploads\/2024\/10\/distribucion-ARC-COLOR-SIN-FONDO-e1732295305345.png\",\"contentUrl\":\"https:\/\/distribucionarc.com\/wp-content\/uploads\/2024\/10\/distribucion-ARC-COLOR-SIN-FONDO-e1732295305345.png\",\"width\":1164,\"height\":558,\"caption\":\"Distribuci\u00f3n ARC\"},\"image\":{\"@id\":\"https:\/\/distribucionarc.com\/de\/#\/schema\/logo\/image\/\"},\"description\":\"Empresa especializada en la fabricaci\u00f3n y distribuci\u00f3n de maquinaria industrial para los sectores alimentario y farmac\u00e9utico. Nos especializamos en: M\u00e1quinas de cortar carne Fabricaci\u00f3n de comprimidos Sistemas de transporte industrial L\u00edneas de embotellado Dosificadores Y mucho m\u00e1s... Ofrecemos soluciones innovadoras y personalizadas para optimizar los procesos productivos de tu empresa.\",\"email\":\"Admistracion@distribucionarc.com\",\"telephone\":\"+34 643496664\",\"legalName\":\"ARC TECH SOLUTIONS\",\"foundingDate\":\"2024-04-09\",\"vatID\":\"B55480172\",\"numberOfEmployees\":{\"@type\":\"QuantitativeValue\",\"minValue\":\"1\",\"maxValue\":\"10\"}}]}<\/script>\n<!-- \/ Yoast SEO Premium plugin. -->","yoast_head_json":{"title":"\u0642\u0637\u0627\u0639\u0629 \u0644\u062d\u0645 \u0644\u0644\u062f\u0648\u0646\u0631 \u0643\u0628\u0627\u0628 - \u062a\u0648\u0632\u064a\u0639 ARC","robots":{"index":"index","follow":"follow","max-snippet":"max-snippet:-1","max-image-preview":"max-image-preview:large","max-video-preview":"max-video-preview:-1"},"canonical":"https:\/\/distribucionarc.com\/ar\/\u0645\u0646\u062a\u062c\/\u0642\u0637\u0627\u0639\u0629-\u0644\u062d\u0645-\u062f\u0648\u0646\u0631-\u0643\u0628\u0627\u0628\/","og_locale":"ar_AR","og_type":"article","og_title":"Cortador de Carne para Kebab D\u00f6ner","og_description":"Cortador de Carne para Kebab D\u00f6ner La cortadora de kebab ARC est\u00e1 dise\u00f1ada para que sea f\u00e1cil de limpiar y mantener: la hoja se puede quitar con un simple tornillo de bloqueo.  Este cortador de kebab ARCCK1 est\u00e1 hecho de material altamente calificado y es un pr\u00e1ctico dispositivo de red para que pueda usarlo en cualquier lugar. La hoja es s\u00faper afilada, por lo que cortar\u00e1 a trav\u00e9s de cordero, pollo, ternera, con facilidad y finura. El anillo y el tornillo es ajustable, se puede ajustar para el espesor deseado. El cortador de kebab se mantiene seguro con un pr\u00e1ctico protector de la hoja y el mango ha sido dise\u00f1ado ergon\u00f3micamente para que encaje perfectamente en la mano. Garant\u00eda\u00a0ARC Cortador de kebab profesional, bajo consumo 60w soporte t\u00e9cnico\u00a0incluido &nbsp;","og_url":"https:\/\/distribucionarc.com\/ar\/\u0645\u0646\u062a\u062c\/\u0642\u0637\u0627\u0639\u0629-\u0644\u062d\u0645-\u062f\u0648\u0646\u0631-\u0643\u0628\u0627\u0628\/","og_site_name":"distribuci\u00f3n ARC","article_modified_time":"2020-09-27T10:19:49+00:00","og_image":[{"width":1000,"height":1000,"url":"https:\/\/distribucionarc.com\/wp-content\/uploads\/2020\/07\/Cortador-de-Carne-para-Kebab-D\u00f6ner-0.jpg","type":"image\/jpeg"}],"twitter_card":"summary_large_image","twitter_misc":{"\u0648\u0642\u062a \u0627\u0644\u0642\u0631\u0627\u0621\u0629 \u0627\u0644\u0645\u064f\u0642\u062f\u0651\u0631":"\u062f\u0642\u064a\u0642\u0629 \u0648\u0627\u062d\u062f\u0629"},"schema":{"@context":"https:\/\/schema.org","@graph":[{"@type":"WebPage","@id":"https:\/\/distribucionarc.com\/hr\/producto\/cortador-de-carne-para-kebab-doner\/","url":"https:\/\/distribucionarc.com\/hr\/producto\/cortador-de-carne-para-kebab-doner\/","name":"\u0642\u0637\u0627\u0639\u0629 \u0644\u062d\u0645 \u0644\u0644\u062f\u0648\u0646\u0631 \u0643\u0628\u0627\u0628 - \u062a\u0648\u0632\u064a\u0639 ARC","isPartOf":{"@id":"https:\/\/distribucionarc.com\/de\/#website"},"primaryImageOfPage":{"@id":"https:\/\/distribucionarc.com\/hr\/producto\/cortador-de-carne-para-kebab-doner\/#primaryimage"},"image":{"@id":"https:\/\/distribucionarc.com\/hr\/producto\/cortador-de-carne-para-kebab-doner\/#primaryimage"},"thumbnailUrl":"https:\/\/distribucionarc.com\/wp-content\/uploads\/2020\/07\/Cortador-de-Carne-para-Kebab-D\u00f6ner-0.jpg","datePublished":"2020-07-27T17:47:28+00:00","dateModified":"2020-09-27T10:19:49+00:00","breadcrumb":{"@id":"https:\/\/distribucionarc.com\/hr\/producto\/cortador-de-carne-para-kebab-doner\/#breadcrumb"},"inLanguage":"ar","potentialAction":[{"@type":"ReadAction","target":["https:\/\/distribucionarc.com\/hr\/producto\/cortador-de-carne-para-kebab-doner\/"]}]},{"@type":"ImageObject","inLanguage":"ar","@id":"https:\/\/distribucionarc.com\/hr\/producto\/cortador-de-carne-para-kebab-doner\/#primaryimage","url":"https:\/\/distribucionarc.com\/wp-content\/uploads\/2020\/07\/Cortador-de-Carne-para-Kebab-D\u00f6ner-0.jpg","contentUrl":"https:\/\/distribucionarc.com\/wp-content\/uploads\/2020\/07\/Cortador-de-Carne-para-Kebab-D\u00f6ner-0.jpg","width":1000,"height":1000,"caption":"Cortador de carne para kebab doner"},{"@type":"BreadcrumbList","@id":"https:\/\/distribucionarc.com\/hr\/producto\/cortador-de-carne-para-kebab-doner\/#breadcrumb","itemListElement":[{"@type":"ListItem","position":1,"name":"Portada","item":"https:\/\/distribucionarc.com\/pl\/"},{"@type":"ListItem","position":2,"name":"Produkty","item":"https:\/\/distribucionarc.com\/pl\/shop\/"},{"@type":"ListItem","position":3,"name":"Cortador de Carne para Kebab D\u00f6ner"}]},{"@type":"WebSite","@id":"https:\/\/distribucionarc.com\/de\/#website","url":"https:\/\/distribucionarc.com\/de\/","name":"\u062a\u0648\u0632\u064a\u0639 \u0627\u0644\u0642\u0648\u0633","description":"\u0634\u0631\u0643\u0629 \u0645\u062a\u062e\u0635\u0635\u0629 \u0641\u064a \u062a\u0635\u0646\u064a\u0639 \u0648\u062a\u0648\u0632\u064a\u0639 \u0627\u0644\u0622\u0644\u0627\u062a \u0627\u0644\u0635\u0646\u0627\u0639\u064a\u0629\u060c \u0648\u0645\u0627\u0643\u064a\u0646\u0627\u062a \u062e\u062a\u0645 \u0627\u0644\u0639\u0644\u0628\u060c \u0648\u0645\u0627\u0643\u064a\u0646\u0627\u062a \u0635\u0646\u0639 \u0627\u0644\u0623\u0642\u0631\u0627\u0635\u060c \u0648\u0645\u0627\u0643\u064a\u0646\u0627\u062a \u062a\u0642\u0637\u064a\u0639 \u0627\u0644\u0644\u062d\u0648\u0645...","publisher":{"@id":"https:\/\/distribucionarc.com\/de\/#organization"},"potentialAction":[{"@type":"SearchAction","target":{"@type":"EntryPoint","urlTemplate":"https:\/\/distribucionarc.com\/de\/?s={search_term_string}"},"query-input":{"@type":"PropertyValueSpecification","valueRequired":true,"valueName":"search_term_string"}}],"inLanguage":"ar"},{"@type":"Organization","@id":"https:\/\/distribucionarc.com\/de\/#organization","name":"\u062a\u0648\u0632\u064a\u0639 \u0622\u0631\u0643","url":"https:\/\/distribucionarc.com\/de\/","logo":{"@type":"ImageObject","inLanguage":"ar","@id":"https:\/\/distribucionarc.com\/de\/#\/schema\/logo\/image\/","url":"https:\/\/distribucionarc.com\/wp-content\/uploads\/2024\/10\/distribucion-ARC-COLOR-SIN-FONDO-e1732295305345.png","contentUrl":"https:\/\/distribucionarc.com\/wp-content\/uploads\/2024\/10\/distribucion-ARC-COLOR-SIN-FONDO-e1732295305345.png","width":1164,"height":558,"caption":"Distribuci\u00f3n ARC"},"image":{"@id":"https:\/\/distribucionarc.com\/de\/#\/schema\/logo\/image\/"},"description":"\u0634\u0631\u0643\u0629 \u0645\u062a\u062e\u0635\u0635\u0629 \u0641\u064a \u062a\u0635\u0646\u064a\u0639 \u0648\u062a\u0648\u0632\u064a\u0639 \u0627\u0644\u0622\u0644\u0627\u062a \u0627\u0644\u0635\u0646\u0627\u0639\u064a\u0629 \u0644\u0642\u0637\u0627\u0639\u064a \u0627\u0644\u0623\u063a\u0630\u064a\u0629 \u0648\u0627\u0644\u0623\u062f\u0648\u064a\u0629. \u0646\u062d\u0646 \u0645\u062a\u062e\u0635\u0635\u0648\u0646 \u0641\u064a: \u0645\u0627\u0643\u064a\u0646\u0627\u062a \u062a\u0642\u0637\u064a\u0639 \u0627\u0644\u0644\u062d\u0648\u0645 \u062a\u0635\u0646\u064a\u0639 \u0627\u0644\u0623\u0642\u0631\u0627\u0635 \u0623\u0646\u0638\u0645\u0629 \u0627\u0644\u0646\u0642\u0644 \u0627\u0644\u0635\u0646\u0627\u0639\u064a\u0629 \u062e\u0637\u0648\u0637 \u0627\u0644\u062a\u0639\u0628\u0626\u0629 \u0648\u0627\u0644\u062a\u063a\u0644\u064a\u0641 \u0627\u0644\u0645\u0648\u0632\u0639\u0627\u062a \u0648\u0623\u0643\u062b\u0631 \u0645\u0646 \u0630\u0644\u0643 \u0628\u0643\u062b\u064a\u0631... \u0646\u062d\u0646 \u0646\u0642\u062f\u0645 \u062d\u0644\u0648\u0644\u0627\u064b \u0645\u0628\u062a\u0643\u0631\u0629 \u0648\u0645\u062e\u0635\u0635\u0629 \u0644\u062a\u062d\u0633\u064a\u0646 \u0639\u0645\u0644\u064a\u0627\u062a \u0627\u0644\u0625\u0646\u062a\u0627\u062c \u0641\u064a \u0634\u0631\u0643\u062a\u0643.","email":"Admistracion@distribucionarc.com","telephone":"+34 643496664","legalName":"ARC TECH SOLUTIONS","foundingDate":"2024-04-09","vatID":"B55480172","numberOfEmployees":{"@type":"QuantitativeValue","minValue":"1","maxValue":"10"}}]}},"_links":{"self":[{"href":"https:\/\/distribucionarc.com\/ar\/wp-json\/wp\/v2\/product\/1556","targetHints":{"allow":["GET"]}}],"collection":[{"href":"https:\/\/distribucionarc.com\/ar\/wp-json\/wp\/v2\/product"}],"about":[{"href":"https:\/\/distribucionarc.com\/ar\/wp-json\/wp\/v2\/types\/product"}],"replies":[{"embeddable":true,"href":"https:\/\/distribucionarc.com\/ar\/wp-json\/wp\/v2\/comments?post=1556"}],"version-history":[{"count":0,"href":"https:\/\/distribucionarc.com\/ar\/wp-json\/wp\/v2\/product\/1556\/revisions"}],"wp:featuredmedia":[{"embeddable":true,"href":"https:\/\/distribucionarc.com\/ar\/wp-json\/wp\/v2\/media\/1563"}],"wp:attachment":[{"href":"https:\/\/distribucionarc.com\/ar\/wp-json\/wp\/v2\/media?parent=1556"}],"wp:term":[{"taxonomy":"product_brand","embeddable":true,"href":"https:\/\/distribucionarc.com\/ar\/wp-json\/wp\/v2\/product_brand?post=1556"},{"taxonomy":"product_cat","embeddable":true,"href":"https:\/\/distribucionarc.com\/ar\/wp-json\/wp\/v2\/product_cat?post=1556"},{"taxonomy":"product_tag","embeddable":true,"href":"https:\/\/distribucionarc.com\/ar\/wp-json\/wp\/v2\/product_tag?post=1556"}],"curies":[{"name":"wp","href":"https:\/\/api.w.org\/{rel}","templated":true}]}}