{"id":1643,"date":"2020-07-28T16:45:37","date_gmt":"2020-07-28T16:45:37","guid":{"rendered":"https:\/\/distribucionarc.com\/?post_type=product&#038;p=1643"},"modified":"2024-10-05T03:49:28","modified_gmt":"2024-10-05T03:49:28","slug":"%d9%85%d9%81%d8%b1%d9%85%d8%a9-%d9%84%d8%ad%d9%85-%d8%b5%d9%86%d8%a7%d8%b9%d9%8a-350-%d9%83%d8%ba","status":"publish","type":"product","link":"https:\/\/distribucionarc.com\/ar\/producto\/picadora-de-carne-industrial-350-kg\/","title":{"rendered":"\u0645\u0641\u0631\u0645\u0629 \u0644\u062d\u0645 \u0635\u0646\u0627\u0639\u064a\u0629 350 \u0643\u062c\u0645"},"content":{"rendered":"<h3>\u0645\u0641\u0631\u0645\u0629 \u0644\u062d\u0645 \u0635\u0646\u0627\u0639\u064a\u0629 350 \u0643\u062c\u0645<\/h3>\n<p>\u0647\u0648\u00a0<strong>\u0637\u0627\u062d\u0648\u0646\u0629 \u0643\u0647\u0631\u0628\u0627\u0626\u064a\u0629<\/strong>\u00a0\u0644\u00a0<strong><span style=\"color: #ff0000;\">\u0644<\/span><span style=\"color: #0000ff;\">\u0631<\/span>\u062c<\/strong>\u00a0\u0625\u0646\u0647\u0627 \u0645\u0646\u0627\u0633\u0628\u0629 \u0644\u0644\u0627\u0633\u062a\u062e\u062f\u0627\u0645 \u0627\u0644\u062a\u062c\u0627\u0631\u064a \u0646\u0638\u0631\u064b\u0627 \u0644\u0645\u0648\u0627\u062f\u0647\u0627 \u0639\u0627\u0644\u064a\u0629 \u0627\u0644\u062c\u0648\u062f\u0629 \u0648\u0642\u0648\u0629 \u0627\u0644\u0645\u0639\u0627\u0644\u062c\u0629.<\/p>\n<p>\u0645\u0635\u0646\u0648\u0639\u0629 \u0645\u0646 \u0627\u0644\u0641\u0648\u0644\u0627\u0630 \u0627\u0644\u0645\u0642\u0627\u0648\u0645 \u0644\u0644\u0635\u062f\u0623 \u0645\u0646 \u0623\u0641\u0636\u0644 \u0646\u0648\u0639\u064a\u0629 \u063a\u0630\u0627\u0626\u064a\u0629 \u0645\u0645\u0627 \u064a\u0636\u0645\u0646 \u0642\u0648\u0629 \u0648\u0645\u062a\u0627\u0646\u0629 \u0627\u0644\u0645\u0627\u0643\u064a\u0646\u0629. \u064a\u062a\u0645\u062a\u0639 \u0627\u0644\u0645\u062d\u0631\u0643 \u0627\u0644\u0642\u0648\u064a \u0644\u0645\u0641\u0631\u0645\u0629 \u0627\u0644\u0644\u062d\u0645 \u0628\u0642\u062f\u0631\u0629 2000 \u0648\u0627\u0637 \u0644\u0637\u062d\u0646 \u0623\u0635\u0639\u0628 \u0623\u0646\u0648\u0627\u0639 \u0627\u0644\u0644\u062d\u0648\u0645 \u0628\u0633\u0631\u0639\u0629.<\/p>\n<p>\u0645\u0639 \u0647\u0630\u0627\u00a0<strong>\u0637\u0627\u062d\u0648\u0646\u0629 \u0643\u0647\u0631\u0628\u0627\u0626\u064a\u0629 <span style=\"color: #ff0000;\">\u0644<\/span><span style=\"color: #0000ff;\">\u0631<\/span>CTMC350<\/strong> \u064a\u0645\u0643\u0646\u0647\u0627 \u0637\u062d\u0646 350 \u0643\u062c\u0645 \u0641\u064a \u0627\u0644\u0633\u0627\u0639\u0629 \u0628\u0633\u0647\u0648\u0644\u0629\u060c \u0643\u0645\u0627 \u0623\u0646 \u0633\u0631\u0639\u0629 \u0627\u0644\u0634\u0641\u0631\u0629 \u0633\u0631\u064a\u0639\u0629 \u0623\u064a\u0636\u064b\u0627 \u0648\u062a\u0639\u0645\u0644 \u0628\u0633\u0631\u0639\u0629 220 \u062f\u0648\u0631\u0629 \u0641\u064a \u0627\u0644\u062f\u0642\u064a\u0642\u0629\u060c \u0639\u0644\u0649 \u0639\u0643\u0633 \u0627\u0644\u0645\u0637\u062d\u0646\u0629 \u0627\u0644\u0635\u063a\u064a\u0631\u0629\u060c \u0641\u0647\u064a \u062a\u062d\u062a\u0648\u064a \u0639\u0644\u0649 \u0623\u0646\u0628\u0648\u0628 \u062a\u063a\u0630\u064a\u0629 \u0643\u0628\u064a\u0631 \u0644\u0630\u0644\u0643 \u0644\u0627 \u062a\u062d\u062a\u0627\u062c \u0625\u0644\u0649 \u062a\u0642\u0637\u064a\u0639 \u0627\u0644\u0644\u062d\u0645 \u0625\u0644\u0649 \u0642\u0637\u0639 \u0623\u0635\u063a\u0631.<\/p>\n<h6>\u0636\u0645\u0627\u0646<strong>\u00a0<\/strong><span style=\"color: #ff0000;\"><strong>\u0644<\/strong><\/span><span style=\"color: #0000ff;\"><strong>\u0631<\/strong><\/span><strong>\u062c 2 \u0633\u0646\u0629<\/strong><\/h6>\n<h6><span style=\"color: #008000;\">\u0645\u062d\u0631\u0643 2000 \u0648\u0627\u0637 \u0627\u0644\u0623\u0643\u062b\u0631 \u0643\u0641\u0627\u0621\u0629 \u0648\u0627\u0644\u0627\u0633\u062a\u0647\u0644\u0627\u0643 \u0627\u0644\u0645\u0646\u062e\u0641\u0636<\/span><\/h6>\n<h6>\u064a\u0634\u0645\u0644 \u0627\u0644\u062f\u0639\u0645 \u0627\u0644\u0641\u0646\u064a.<\/h6>\n<p>&nbsp;<\/p>\n<table role=\"presentation\" width=\"100%\" cellspacing=\"0\" cellpadding=\"0\">\n<tbody>\n<tr>\n<td class=\"attrLabels\">\u0642\u0648\u0629:<\/td>\n<td width=\"50.0%\">2000 \u0648\u0627\u0637<\/td>\n<\/tr>\n<tr>\n<td class=\"attrLabels\">\u0627\u0644\u062c\u0647\u062f \u0627\u0627\u0644\u0643\u0647\u0631\u0628\u0649:<\/td>\n<td width=\"50.0%\">220 \u0641\u0648\u0644\u062a 50 \u0647\u0631\u062a\u0632<\/td>\n<td class=\"attrLabels\">\u0648\u0632\u0646:<\/td>\n<td width=\"50.0%\">25 \u0643\u062c\u0645<\/td>\n<\/tr>\n<tr>\n<td class=\"attrLabels\">\u0628\u0644\u062f \u0627\u0644\u062a\u0648\u0632\u064a\u0639:<\/td>\n<td width=\"50.0%\">\u0627\u0633\u0628\u0627\u0646\u064a\u0627\u060c \u0623\u0644\u0645\u0627\u0646\u064a\u0627\u060c \u0627\u0644\u0648\u0644\u0627\u064a\u0627\u062a \u0627\u0644\u0645\u062a\u062d\u062f\u0629 \u0627\u0644\u0623\u0645\u0631\u064a\u0643\u064a\u0629<\/td>\n<td class=\"attrLabels\">\u0627\u0631\u062a\u0641\u0627\u0639:<\/td>\n<td width=\"50.0%\">56 \u0633\u0645<\/td>\n<\/tr>\n<tr>\n<td class=\"attrLabels\">\u0645\u0627\u0631\u0643\u0629:<\/td>\n<td width=\"50.0%\">\u0642\u0648\u0633<\/td>\n<td class=\"attrLabels\">\u0637\u0648\u064a\u0644:<\/td>\n<td width=\"50.0%\">44 \u0633\u0645<\/td>\n<\/tr>\n<tr>\n<td class=\"attrLabels\">\u0646\u0648\u0639 \u0627\u0644\u0645\u0646\u062a\u062c:<\/td>\n<td width=\"50.0%\">\u0645\u0641\u0631\u0645\u0629 \u0644\u062d\u0645 \u0635\u0646\u0627\u0639\u064a\u0629<\/td>\n<td class=\"attrLabels\">\u0648\u0627\u0633\u0639:<\/td>\n<td width=\"50.0%\">\u00a024 \u0633\u0645<\/td>\n<\/tr>\n<tr>\n<td class=\"attrLabels\">\u0631\u0642\u0645 \u0627\u0644\u0634\u0631\u0643\u0629 \u0627\u0644\u0645\u0635\u0646\u0639\u0629:<\/td>\n<td width=\"50.0%\">ARCTMC350<\/td>\n<td class=\"attrLabels\">\u0633\u0631\u0639\u0629 \u0627\u0644\u0639\u0645\u0644:<\/td>\n<td width=\"50.0%\">\u00a0650 \u0643\u062c\u0645 \u0641\u064a \u0627\u0644\u0633\u0627\u0639\u0629<\/td>\n<\/tr>\n<tr>\n<td class=\"attrLabels\">\u0645\u0627\u062f\u0629:<\/td>\n<td width=\"50.0%\">\u0627\u0644\u0641\u0648\u0644\u0627\u0630 \u0627\u0644\u0645\u0642\u0627\u0648\u0645 \u0644\u0644\u0635\u062f\u0623\u060c \u0623\u0642\u062f\u0627\u0645 \u063a\u064a\u0631 \u0642\u0627\u0628\u0644\u0629 \u0644\u0644\u0627\u0646\u0632\u0644\u0627\u0642\u060c<\/td>\n<td class=\"attrLabels\">\u062d\u062c\u0645 \u0627\u0644\u0625\u062f\u062e\u0627\u0644:<\/td>\n<td width=\"50.0%\">14.5 \u00d7 7 \u0633\u0645<\/td>\n<\/tr>\n<tr>\n<td class=\"attrLabels\">\u0644\u0648\u0646:<\/td>\n<td width=\"50.0%\">\u0641\u0636\u064a<\/td>\n<td class=\"attrLabels\">\u0633\u0631\u0639\u0629 \u0627\u0644\u0645\u062d\u0631\u0643:<\/td>\n<td width=\"50.0%\">220 \u062f\u0648\u0631\u0629 \u0641\u064a \u0627\u0644\u062f\u0642\u064a\u0642\u0629<\/td>\n<\/tr>\n<tr>\n<td class=\"attrLabels\">\u0623\u062f\u0648\u0627\u062a \u0627\u0644\u062a\u062b\u0628\u064a\u062a:<\/td>\n<td width=\"50.0%\">\u0646\u0639\u0645<\/td>\n<td class=\"attrLabels\">\u0636\u0645\u0627\u0646:<\/td>\n<td width=\"50.0%\">\u0633\u0646\u062a\u0627\u0646<\/td>\n<\/tr>\n<\/tbody>\n<\/table>","protected":false},"excerpt":{"rendered":"<h2>\u0645\u0641\u0631\u0645\u0629 \u0644\u062d\u0645 \u0635\u0646\u0627\u0639\u064a\u0629 350 \u0643\u062c\u0645<\/h2>\n<p>\u0642\u0645 \u0628\u0637\u062d\u0646 \u0627\u0644\u0644\u062d\u0648\u0645 \u0628\u0633\u0631\u0639\u0629 \u0644\u0635\u0646\u0639 \u0627\u0644\u0628\u0631\u063a\u0631 \u0623\u0648 \u0631\u063a\u064a\u0641 \u0627\u0644\u0644\u062d\u0645 \u0623\u0648 \u0627\u0644\u0646\u0642\u0627\u0646\u0642 \u0628\u0627\u0633\u062a\u062e\u062f\u0627\u0645 \u0647\u0630\u0647 \u0627\u0644\u0642\u0648\u0629\u00a0<strong>\u0645\u0641\u0631\u0645\u0629 \u0644\u062d\u0645 \u0643\u0647\u0631\u0628\u0627\u0626\u064a\u0629<\/strong>\u00a0\u0623\u0648 \u0627\u0644\u062e\u0636\u0627\u0631.<\/p>\n<p>\u0635<strong>\u0645\u0641\u0631\u0645\u0629 \u0644\u062d\u0645<span style=\"color: #ff0000;\">\u00a0\u0644<\/span><span style=\"color: #0000ff;\">\u0631<\/span>\u062c<\/strong>\u00a0\u062a\u0639\u062a\u0628\u0631 \u0627\u0644\u062e\u062f\u0645\u0629 \u0627\u0644\u0634\u0627\u0642\u0629 \u0645\u062b\u0627\u0644\u064a\u0629 \u0644\u0635\u0646\u0639 \u0627\u0644\u0644\u062d\u0645 \u0627\u0644\u0628\u0642\u0631\u064a \u0627\u0644\u0645\u0641\u0631\u0648\u0645 \u0648\u0627\u0644\u0646\u0642\u0627\u0646\u0642 \u0648\u0644\u062d\u0648\u0645 \u0627\u0644\u0637\u0631\u0627\u0626\u062f \u0627\u0644\u0628\u0631\u064a\u0629. \u0628\u0641\u0636\u0644 \u0645\u062d\u0631\u0643\u0647 \u0628\u0642\u062f\u0631\u0629 1000 \u0648\u0627\u0637\u060c \u0633\u064a\u0644\u0628\u064a \u0628\u0627\u0644\u062a\u0623\u0643\u064a\u062f \u0637\u0644\u0628 \u0627\u0644\u0645\u0637\u0627\u0639\u0645 \u0648\u0645\u062d\u0644\u0627\u062a \u062a\u062c\u0647\u064a\u0632 \u0627\u0644\u0644\u062d\u0648\u0645 \u0648\u0645\u062d\u0644\u0627\u062a \u0627\u0644\u0648\u062c\u0628\u0627\u062a \u0627\u0644\u062c\u0627\u0647\u0632\u0629 \u0648\u0645\u062d\u0644\u0627\u062a \u0627\u0644\u062c\u0632\u0627\u0631\u0629 \u0648\u0627\u0644\u0645\u0632\u064a\u062f. \u0647\u0648\u00a0<strong>\u0645\u0641\u0631\u0645\u0629 \u0644\u062d\u0645\u00a0<span style=\"color: #ff0000;\">\u0644<\/span><span style=\"color: #0000ff;\">\u0631<\/span>CTMC350<\/strong> \u064a\u0645\u0643\u0646\u0647\u0627 \u0637\u062d\u0646 \u0645\u0627 \u064a\u0635\u0644 \u0625\u0644\u0649 350 \u0643\u062c\u0645 \u0645\u0646 \u0627\u0644\u0644\u062d\u0648\u0645 \u062a\u0642\u0631\u064a\u0628\u064b\u0627 \u0641\u064a \u0627\u0644\u0633\u0627\u0639\u0629.<\/p>\n<h6>\u0636\u0645\u0627\u0646<strong>\u00a0<\/strong><span style=\"color: #ff0000;\"><strong>\u0644<\/strong><\/span><span style=\"color: #0000ff;\"><strong>\u0631<\/strong><\/span><strong>\u062c 2 \u0633\u0646\u0629<\/strong><\/h6>\n<h6><span style=\"color: #008000;\">\u0645\u062d\u0631\u0643 2000 \u0648\u0627\u0637 \u0627\u0644\u0623\u0643\u062b\u0631 \u0643\u0641\u0627\u0621\u0629 \u0648\u0627\u0644\u0627\u0633\u062a\u0647\u0644\u0627\u0643 \u0627\u0644\u0645\u0646\u062e\u0641\u0636<\/span><\/h6>\n<h6>\u064a\u0634\u0645\u0644 \u0627\u0644\u062f\u0639\u0645 \u0627\u0644\u0641\u0646\u064a.<\/h6>","protected":false},"featured_media":1651,"comment_status":"open","ping_status":"closed","template":"","meta":{"wds_primary_product_brand":0,"wds_primary_product_cat":0},"product_brand":[],"product_cat":[120],"product_tag":[],"class_list":{"0":"post-1643","1":"product","2":"type-product","3":"status-publish","4":"has-post-thumbnail","6":"product_cat-picadoras-carne","7":"product_shipping_class-hosteleria","9":"first","10":"instock","11":"taxable","12":"shipping-taxable","13":"purchasable","14":"product-type-simple"},"yoast_head":"<!-- This site is optimized with the Yoast SEO Premium plugin v24.9 (Yoast SEO v26.1) - https:\/\/yoast.com\/wordpress\/plugins\/seo\/ -->\n<title>Picadora de carne industrial 350 Kg - distribuci\u00f3n ARC<\/title>\n<meta name=\"robots\" content=\"index, follow, max-snippet:-1, max-image-preview:large, max-video-preview:-1\" \/>\n<link rel=\"canonical\" href=\"https:\/\/distribucionarc.com\/ar\/\u0645\u0646\u062a\u062c\/\u0645\u0641\u0631\u0645\u0629-\u0644\u062d\u0645-\u0635\u0646\u0627\u0639\u064a-350-\u0643\u063a\/\" \/>\n<meta property=\"og:locale\" content=\"ar_AR\" \/>\n<meta property=\"og:type\" content=\"article\" \/>\n<meta property=\"og:title\" content=\"Picadora de carne industrial 350 Kg\" \/>\n<meta property=\"og:description\" content=\"Picadora de carne industrial 350 Kg Muela r\u00e1pidamente la carne para hamburguesas, pastel de carne o salchichas con esta potente\u00a0picadora de carne el\u00e9ctrica\u00a0o verdura.  La picadora de carne\u00a0ARC\u00a0de servicio pesado es perfecto para crear carne molida, salchichas y carne de caza silvestre. Con su motor de 1000 vatios, sin duda satisfar\u00e1 la demanda de restaurantes, tienda de procesamiento de carne, delicatessen, carnicer\u00edas y m\u00e1s. El\u00a0triturador de carne\u00a0ARCTMC350 puede moler aproximadamente hasta 350 kg de carne por hora. Garant\u00eda\u00a0ARC 2 A\u00d1OS motor m\u00e1s eficiente bajo consumo 2000w soporte t\u00e9cnico\u00a0incluido.\" \/>\n<meta property=\"og:url\" content=\"https:\/\/distribucionarc.com\/ar\/\u0645\u0646\u062a\u062c\/\u0645\u0641\u0631\u0645\u0629-\u0644\u062d\u0645-\u0635\u0646\u0627\u0639\u064a-350-\u0643\u063a\/\" \/>\n<meta property=\"og:site_name\" content=\"distribuci\u00f3n ARC\" \/>\n<meta property=\"article:modified_time\" content=\"2024-10-05T03:49:28+00:00\" \/>\n<meta property=\"og:image\" content=\"https:\/\/distribucionarc.com\/wp-content\/uploads\/2020\/07\/icadora-de-carne-industrial-350-Kg-0.jpg\" \/>\n\t<meta property=\"og:image:width\" content=\"1600\" \/>\n\t<meta property=\"og:image:height\" content=\"1600\" \/>\n\t<meta property=\"og:image:type\" content=\"image\/jpeg\" \/>\n<meta name=\"twitter:card\" content=\"summary_large_image\" \/>\n<meta name=\"twitter:label1\" content=\"\u0648\u0642\u062a \u0627\u0644\u0642\u0631\u0627\u0621\u0629 \u0627\u0644\u0645\u064f\u0642\u062f\u0651\u0631\" \/>\n\t<meta name=\"twitter:data1\" content=\"\u062f\u0642\u064a\u0642\u062a\u0627\u0646\" \/>\n<script type=\"application\/ld+json\" class=\"yoast-schema-graph\">{\"@context\":\"https:\/\/schema.org\",\"@graph\":[{\"@type\":\"WebPage\",\"@id\":\"https:\/\/distribucionarc.com\/pl\/producto\/picadora-de-carne-industrial-350-kg\/\",\"url\":\"https:\/\/distribucionarc.com\/pl\/producto\/picadora-de-carne-industrial-350-kg\/\",\"name\":\"Picadora de carne industrial 350 Kg - distribuci\u00f3n ARC\",\"isPartOf\":{\"@id\":\"https:\/\/www.distribucionarc.com\/sl\/#website\"},\"primaryImageOfPage\":{\"@id\":\"https:\/\/distribucionarc.com\/pl\/producto\/picadora-de-carne-industrial-350-kg\/#primaryimage\"},\"image\":{\"@id\":\"https:\/\/distribucionarc.com\/pl\/producto\/picadora-de-carne-industrial-350-kg\/#primaryimage\"},\"thumbnailUrl\":\"https:\/\/distribucionarc.com\/wp-content\/uploads\/2020\/07\/icadora-de-carne-industrial-350-Kg-0.jpg\",\"datePublished\":\"2020-07-28T16:45:37+00:00\",\"dateModified\":\"2024-10-05T03:49:28+00:00\",\"breadcrumb\":{\"@id\":\"https:\/\/distribucionarc.com\/pl\/producto\/picadora-de-carne-industrial-350-kg\/#breadcrumb\"},\"inLanguage\":\"ar\",\"potentialAction\":[{\"@type\":\"ReadAction\",\"target\":[\"https:\/\/distribucionarc.com\/pl\/producto\/picadora-de-carne-industrial-350-kg\/\"]}]},{\"@type\":\"ImageObject\",\"inLanguage\":\"ar\",\"@id\":\"https:\/\/distribucionarc.com\/pl\/producto\/picadora-de-carne-industrial-350-kg\/#primaryimage\",\"url\":\"https:\/\/distribucionarc.com\/wp-content\/uploads\/2020\/07\/icadora-de-carne-industrial-350-Kg-0.jpg\",\"contentUrl\":\"https:\/\/distribucionarc.com\/wp-content\/uploads\/2020\/07\/icadora-de-carne-industrial-350-Kg-0.jpg\",\"width\":1600,\"height\":1600,\"caption\":\"Picadora de carne industrial 350 Kg\"},{\"@type\":\"BreadcrumbList\",\"@id\":\"https:\/\/distribucionarc.com\/pl\/producto\/picadora-de-carne-industrial-350-kg\/#breadcrumb\",\"itemListElement\":[{\"@type\":\"ListItem\",\"position\":1,\"name\":\"Portada\",\"item\":\"https:\/\/www.distribucionarc.com\/\"},{\"@type\":\"ListItem\",\"position\":2,\"name\":\"\u00dcr\u00fcnler\",\"item\":\"https:\/\/www.distribucionarc.com\/tr\/magaza\/\"},{\"@type\":\"ListItem\",\"position\":3,\"name\":\"Picadora de carne industrial 350 Kg\"}]},{\"@type\":\"WebSite\",\"@id\":\"https:\/\/www.distribucionarc.com\/sl\/#website\",\"url\":\"https:\/\/www.distribucionarc.com\/sl\/\",\"name\":\"distribuci\u00f3n ARC\",\"description\":\"Empresa especializada en la fabricaci\u00f3n y distribuci\u00f3n de maquinaria industrial, selladoras de latas, Maquinas de hacer pastillas, Maquinas de cortar carne...\",\"publisher\":{\"@id\":\"https:\/\/www.distribucionarc.com\/sl\/#organization\"},\"potentialAction\":[{\"@type\":\"SearchAction\",\"target\":{\"@type\":\"EntryPoint\",\"urlTemplate\":\"https:\/\/www.distribucionarc.com\/sl\/?s={search_term_string}\"},\"query-input\":{\"@type\":\"PropertyValueSpecification\",\"valueRequired\":true,\"valueName\":\"search_term_string\"}}],\"inLanguage\":\"ar\"},{\"@type\":\"Organization\",\"@id\":\"https:\/\/www.distribucionarc.com\/sl\/#organization\",\"name\":\"Distribuci\u00f3n ARC\",\"url\":\"https:\/\/www.distribucionarc.com\/sl\/\",\"logo\":{\"@type\":\"ImageObject\",\"inLanguage\":\"ar\",\"@id\":\"https:\/\/www.distribucionarc.com\/sl\/#\/schema\/logo\/image\/\",\"url\":\"https:\/\/distribucionarc.com\/wp-content\/uploads\/2024\/10\/distribucion-ARC-COLOR-SIN-FONDO-e1732295305345.png\",\"contentUrl\":\"https:\/\/distribucionarc.com\/wp-content\/uploads\/2024\/10\/distribucion-ARC-COLOR-SIN-FONDO-e1732295305345.png\",\"width\":1164,\"height\":558,\"caption\":\"Distribuci\u00f3n ARC\"},\"image\":{\"@id\":\"https:\/\/www.distribucionarc.com\/sl\/#\/schema\/logo\/image\/\"},\"description\":\"Empresa especializada en la fabricaci\u00f3n y distribuci\u00f3n de maquinaria industrial para los sectores alimentario y farmac\u00e9utico. Nos especializamos en: M\u00e1quinas de cortar carne Fabricaci\u00f3n de comprimidos Sistemas de transporte industrial L\u00edneas de embotellado Dosificadores Y mucho m\u00e1s... Ofrecemos soluciones innovadoras y personalizadas para optimizar los procesos productivos de tu empresa.\",\"email\":\"Admistracion@distribucionarc.com\",\"telephone\":\"+34 643496664\",\"legalName\":\"ARC TECH SOLUTIONS\",\"foundingDate\":\"2024-04-09\",\"vatID\":\"B55480172\",\"numberOfEmployees\":{\"@type\":\"QuantitativeValue\",\"minValue\":\"1\",\"maxValue\":\"10\"}}]}<\/script>\n<!-- \/ Yoast SEO Premium plugin. -->","yoast_head_json":{"title":"\u0645\u0641\u0631\u0645\u0629 \u0644\u062d\u0645 \u0635\u0646\u0627\u0639\u064a\u0629 350 \u0643\u062c\u0645 - \u062a\u0648\u0632\u064a\u0639 ARC","robots":{"index":"index","follow":"follow","max-snippet":"max-snippet:-1","max-image-preview":"max-image-preview:large","max-video-preview":"max-video-preview:-1"},"canonical":"https:\/\/distribucionarc.com\/ar\/\u0645\u0646\u062a\u062c\/\u0645\u0641\u0631\u0645\u0629-\u0644\u062d\u0645-\u0635\u0646\u0627\u0639\u064a-350-\u0643\u063a\/","og_locale":"ar_AR","og_type":"article","og_title":"Picadora de carne industrial 350 Kg","og_description":"Picadora de carne industrial 350 Kg Muela r\u00e1pidamente la carne para hamburguesas, pastel de carne o salchichas con esta potente\u00a0picadora de carne el\u00e9ctrica\u00a0o verdura.  La picadora de carne\u00a0ARC\u00a0de servicio pesado es perfecto para crear carne molida, salchichas y carne de caza silvestre. Con su motor de 1000 vatios, sin duda satisfar\u00e1 la demanda de restaurantes, tienda de procesamiento de carne, delicatessen, carnicer\u00edas y m\u00e1s. El\u00a0triturador de carne\u00a0ARCTMC350 puede moler aproximadamente hasta 350 kg de carne por hora. Garant\u00eda\u00a0ARC 2 A\u00d1OS motor m\u00e1s eficiente bajo consumo 2000w soporte t\u00e9cnico\u00a0incluido.","og_url":"https:\/\/distribucionarc.com\/ar\/\u0645\u0646\u062a\u062c\/\u0645\u0641\u0631\u0645\u0629-\u0644\u062d\u0645-\u0635\u0646\u0627\u0639\u064a-350-\u0643\u063a\/","og_site_name":"distribuci\u00f3n ARC","article_modified_time":"2024-10-05T03:49:28+00:00","og_image":[{"width":1600,"height":1600,"url":"https:\/\/distribucionarc.com\/wp-content\/uploads\/2020\/07\/icadora-de-carne-industrial-350-Kg-0.jpg","type":"image\/jpeg"}],"twitter_card":"summary_large_image","twitter_misc":{"\u0648\u0642\u062a \u0627\u0644\u0642\u0631\u0627\u0621\u0629 \u0627\u0644\u0645\u064f\u0642\u062f\u0651\u0631":"\u062f\u0642\u064a\u0642\u062a\u0627\u0646"},"schema":{"@context":"https:\/\/schema.org","@graph":[{"@type":"WebPage","@id":"https:\/\/distribucionarc.com\/pl\/producto\/picadora-de-carne-industrial-350-kg\/","url":"https:\/\/distribucionarc.com\/pl\/producto\/picadora-de-carne-industrial-350-kg\/","name":"\u0645\u0641\u0631\u0645\u0629 \u0644\u062d\u0645 \u0635\u0646\u0627\u0639\u064a\u0629 350 \u0643\u062c\u0645 - \u062a\u0648\u0632\u064a\u0639 ARC","isPartOf":{"@id":"https:\/\/www.distribucionarc.com\/sl\/#website"},"primaryImageOfPage":{"@id":"https:\/\/distribucionarc.com\/pl\/producto\/picadora-de-carne-industrial-350-kg\/#primaryimage"},"image":{"@id":"https:\/\/distribucionarc.com\/pl\/producto\/picadora-de-carne-industrial-350-kg\/#primaryimage"},"thumbnailUrl":"https:\/\/distribucionarc.com\/wp-content\/uploads\/2020\/07\/icadora-de-carne-industrial-350-Kg-0.jpg","datePublished":"2020-07-28T16:45:37+00:00","dateModified":"2024-10-05T03:49:28+00:00","breadcrumb":{"@id":"https:\/\/distribucionarc.com\/pl\/producto\/picadora-de-carne-industrial-350-kg\/#breadcrumb"},"inLanguage":"ar","potentialAction":[{"@type":"ReadAction","target":["https:\/\/distribucionarc.com\/pl\/producto\/picadora-de-carne-industrial-350-kg\/"]}]},{"@type":"ImageObject","inLanguage":"ar","@id":"https:\/\/distribucionarc.com\/pl\/producto\/picadora-de-carne-industrial-350-kg\/#primaryimage","url":"https:\/\/distribucionarc.com\/wp-content\/uploads\/2020\/07\/icadora-de-carne-industrial-350-Kg-0.jpg","contentUrl":"https:\/\/distribucionarc.com\/wp-content\/uploads\/2020\/07\/icadora-de-carne-industrial-350-Kg-0.jpg","width":1600,"height":1600,"caption":"Picadora de carne industrial 350 Kg"},{"@type":"BreadcrumbList","@id":"https:\/\/distribucionarc.com\/pl\/producto\/picadora-de-carne-industrial-350-kg\/#breadcrumb","itemListElement":[{"@type":"ListItem","position":1,"name":"Portada","item":"https:\/\/www.distribucionarc.com\/"},{"@type":"ListItem","position":2,"name":"\u00dcr\u00fcnler","item":"https:\/\/www.distribucionarc.com\/tr\/magaza\/"},{"@type":"ListItem","position":3,"name":"Picadora de carne industrial 350 Kg"}]},{"@type":"WebSite","@id":"https:\/\/www.distribucionarc.com\/sl\/#website","url":"https:\/\/www.distribucionarc.com\/sl\/","name":"\u062a\u0648\u0632\u064a\u0639 \u0627\u0644\u0642\u0648\u0633","description":"\u0634\u0631\u0643\u0629 \u0645\u062a\u062e\u0635\u0635\u0629 \u0641\u064a \u062a\u0635\u0646\u064a\u0639 \u0648\u062a\u0648\u0632\u064a\u0639 \u0627\u0644\u0622\u0644\u0627\u062a \u0627\u0644\u0635\u0646\u0627\u0639\u064a\u0629\u060c \u0648\u0645\u0627\u0643\u064a\u0646\u0627\u062a \u062e\u062a\u0645 \u0627\u0644\u0639\u0644\u0628\u060c \u0648\u0645\u0627\u0643\u064a\u0646\u0627\u062a \u0635\u0646\u0639 \u0627\u0644\u0623\u0642\u0631\u0627\u0635\u060c \u0648\u0645\u0627\u0643\u064a\u0646\u0627\u062a \u062a\u0642\u0637\u064a\u0639 \u0627\u0644\u0644\u062d\u0648\u0645...","publisher":{"@id":"https:\/\/www.distribucionarc.com\/sl\/#organization"},"potentialAction":[{"@type":"SearchAction","target":{"@type":"EntryPoint","urlTemplate":"https:\/\/www.distribucionarc.com\/sl\/?s={search_term_string}"},"query-input":{"@type":"PropertyValueSpecification","valueRequired":true,"valueName":"search_term_string"}}],"inLanguage":"ar"},{"@type":"Organization","@id":"https:\/\/www.distribucionarc.com\/sl\/#organization","name":"\u062a\u0648\u0632\u064a\u0639 \u0622\u0631\u0643","url":"https:\/\/www.distribucionarc.com\/sl\/","logo":{"@type":"ImageObject","inLanguage":"ar","@id":"https:\/\/www.distribucionarc.com\/sl\/#\/schema\/logo\/image\/","url":"https:\/\/distribucionarc.com\/wp-content\/uploads\/2024\/10\/distribucion-ARC-COLOR-SIN-FONDO-e1732295305345.png","contentUrl":"https:\/\/distribucionarc.com\/wp-content\/uploads\/2024\/10\/distribucion-ARC-COLOR-SIN-FONDO-e1732295305345.png","width":1164,"height":558,"caption":"Distribuci\u00f3n ARC"},"image":{"@id":"https:\/\/www.distribucionarc.com\/sl\/#\/schema\/logo\/image\/"},"description":"\u0634\u0631\u0643\u0629 \u0645\u062a\u062e\u0635\u0635\u0629 \u0641\u064a \u062a\u0635\u0646\u064a\u0639 \u0648\u062a\u0648\u0632\u064a\u0639 \u0627\u0644\u0622\u0644\u0627\u062a \u0627\u0644\u0635\u0646\u0627\u0639\u064a\u0629 \u0644\u0642\u0637\u0627\u0639\u064a \u0627\u0644\u0623\u063a\u0630\u064a\u0629 \u0648\u0627\u0644\u0623\u062f\u0648\u064a\u0629. \u0646\u062d\u0646 \u0645\u062a\u062e\u0635\u0635\u0648\u0646 \u0641\u064a: \u0645\u0627\u0643\u064a\u0646\u0627\u062a \u062a\u0642\u0637\u064a\u0639 \u0627\u0644\u0644\u062d\u0648\u0645 \u062a\u0635\u0646\u064a\u0639 \u0627\u0644\u0623\u0642\u0631\u0627\u0635 \u0623\u0646\u0638\u0645\u0629 \u0627\u0644\u0646\u0642\u0644 \u0627\u0644\u0635\u0646\u0627\u0639\u064a\u0629 \u062e\u0637\u0648\u0637 \u0627\u0644\u062a\u0639\u0628\u0626\u0629 \u0648\u0627\u0644\u062a\u063a\u0644\u064a\u0641 \u0627\u0644\u0645\u0648\u0632\u0639\u0627\u062a \u0648\u0623\u0643\u062b\u0631 \u0645\u0646 \u0630\u0644\u0643 \u0628\u0643\u062b\u064a\u0631... \u0646\u062d\u0646 \u0646\u0642\u062f\u0645 \u062d\u0644\u0648\u0644\u0627\u064b \u0645\u0628\u062a\u0643\u0631\u0629 \u0648\u0645\u062e\u0635\u0635\u0629 \u0644\u062a\u062d\u0633\u064a\u0646 \u0639\u0645\u0644\u064a\u0627\u062a \u0627\u0644\u0625\u0646\u062a\u0627\u062c \u0641\u064a \u0634\u0631\u0643\u062a\u0643.","email":"Admistracion@distribucionarc.com","telephone":"+34 643496664","legalName":"ARC TECH SOLUTIONS","foundingDate":"2024-04-09","vatID":"B55480172","numberOfEmployees":{"@type":"QuantitativeValue","minValue":"1","maxValue":"10"}}]}},"_links":{"self":[{"href":"https:\/\/distribucionarc.com\/ar\/wp-json\/wp\/v2\/product\/1643","targetHints":{"allow":["GET"]}}],"collection":[{"href":"https:\/\/distribucionarc.com\/ar\/wp-json\/wp\/v2\/product"}],"about":[{"href":"https:\/\/distribucionarc.com\/ar\/wp-json\/wp\/v2\/types\/product"}],"replies":[{"embeddable":true,"href":"https:\/\/distribucionarc.com\/ar\/wp-json\/wp\/v2\/comments?post=1643"}],"version-history":[{"count":0,"href":"https:\/\/distribucionarc.com\/ar\/wp-json\/wp\/v2\/product\/1643\/revisions"}],"wp:featuredmedia":[{"embeddable":true,"href":"https:\/\/distribucionarc.com\/ar\/wp-json\/wp\/v2\/media\/1651"}],"wp:attachment":[{"href":"https:\/\/distribucionarc.com\/ar\/wp-json\/wp\/v2\/media?parent=1643"}],"wp:term":[{"taxonomy":"product_brand","embeddable":true,"href":"https:\/\/distribucionarc.com\/ar\/wp-json\/wp\/v2\/product_brand?post=1643"},{"taxonomy":"product_cat","embeddable":true,"href":"https:\/\/distribucionarc.com\/ar\/wp-json\/wp\/v2\/product_cat?post=1643"},{"taxonomy":"product_tag","embeddable":true,"href":"https:\/\/distribucionarc.com\/ar\/wp-json\/wp\/v2\/product_tag?post=1643"}],"curies":[{"name":"wp","href":"https:\/\/api.w.org\/{rel}","templated":true}]}}