{"id":1925,"date":"2020-08-03T13:04:34","date_gmt":"2020-08-03T13:04:34","guid":{"rendered":"https:\/\/distribucionarc.com\/?post_type=product&#038;p=1925"},"modified":"2020-09-27T15:51:48","modified_gmt":"2020-09-27T15:51:48","slug":"%d8%b4%d9%88%d8%a7%d8%a1-%d9%84%d9%84%d9%87%d9%88%d8%aa-%d8%af%d9%88%d8%ac-5grill-fur-hotdogs-5","status":"publish","type":"product","link":"https:\/\/distribucionarc.com\/ar\/producto\/parrilla-para-perritos-caliente-5\/","title":{"rendered":"\u0634\u0648\u0627\u064a\u0629 \u0647\u0648\u062a \u062f\u0648\u062c 5"},"content":{"rendered":"<h3>\u0634\u0648\u0627\u064a\u0629 \u0647\u0648\u062a \u062f\u0648\u062c \u0631\u0648\u0644\u0631<\/h3>\n<p>\u0645\u0639 <strong>\u0645\u0627\u0643\u064a\u0646\u0629 \u0647\u0648\u062a \u062f\u0648\u062c <span style=\"color: #ff0000;\">\u0644<\/span><span style=\"color: #0000ff;\">\u0631<\/span>\u0645\u0631\u0643\u0632 \u0627\u0644\u062a\u0639\u0644\u064a\u0645 \u0627\u0644\u0628\u064a\u0626\u064a 05<\/strong> \u0644\u062f\u064a\u0647 \u0627\u0644\u0642\u062f\u0631\u0629 \u0639\u0644\u0649 \u0634\u0648\u0627\u0621 \u0648\u062a\u0633\u062e\u064a\u0646 \u0627\u0644\u0646\u0642\u0627\u0646\u0642 \u0627\u0644\u0633\u0627\u062e\u0646\u0629 \u0641\u064a \u0648\u0642\u062a \u0648\u0627\u062d\u062f\u060c \u0641\u064a \u0645\u0646\u0627\u0637\u0642 \u062a\u0633\u062e\u064a\u0646 \u0645\u0646\u0641\u0635\u0644\u0629.<\/p>\n<p>\u0627\u0644\u0642\u062f\u0631\u0629 \u0627\u0644\u0639\u0627\u0644\u064a\u0629 \u0645\u0639 \u062a\u0646\u0638\u064a\u0645 \u062f\u0631\u062c\u0629 \u0627\u0644\u062d\u0631\u0627\u0631\u0629 \u0627\u0644\u0645\u0633\u062a\u0645\u0631 \u0645\u0646 50 \u062f\u0631\u062c\u0629 \u0645\u0626\u0648\u064a\u0629 \u0625\u0644\u0649 250 \u062f\u0631\u062c\u0629 \u0645\u0626\u0648\u064a\u0629 \u0628\u0627\u0644\u0625\u0636\u0627\u0641\u0629 \u0625\u0644\u0649 \u0625\u0639\u0637\u0627\u0621<strong> \u0634\u0648\u0627\u064a\u0629 \u0643\u0647\u0631\u0628\u0627\u0626\u064a\u0629<\/strong> \u0644 <strong><span style=\"color: #ff0000;\">\u0644<\/span><span style=\"color: #0000ff;\">\u0631<\/span>\u062c<\/strong> \u0627\u0633\u062a\u0647\u0644\u0627\u0643 \u0623\u0643\u062b\u0631 \u0643\u0641\u0627\u0621\u0629 \u0644\u0644\u0637\u0627\u0642\u0629.<\/p>\n<p>\u062a\u062f\u0648\u0631 \u0627\u0644\u0623\u0633\u0637\u0648\u0627\u0646\u0627\u062a \u062a\u0644\u0642\u0627\u0626\u064a\u064b\u0627 \u0628\u0632\u0627\u0648\u064a\u0629 360 \u062f\u0631\u062c\u0629 \u0639\u0646\u062f \u062a\u0633\u062e\u064a\u0646 \u0645\u0646\u0637\u0642\u0629 \u0627\u0644\u062a\u0633\u062e\u064a\u0646 \u0627\u0644\u0645\u0642\u0627\u0628\u0644\u0629 \u0644\u0644\u062d\u0635\u0648\u0644 \u0639\u0644\u0649 \u0646\u062a\u064a\u062c\u0629 \u0634\u0648\u0627\u0621 \u0645\u062b\u0627\u0644\u064a\u0629.<\/p>\n<p>\u064a\u0639\u062f \u0627\u0644\u063a\u0637\u0627\u0621 \u0627\u0644\u0632\u062c\u0627\u062c\u064a \u0633\u0647\u0644 \u0627\u0644\u062a\u0631\u0643\u064a\u0628 \u0648\u0627\u0644\u0625\u0632\u0627\u0644\u0629 \u0644\u0633\u0647\u0648\u0644\u0629 \u0627\u0644\u062a\u0646\u0638\u064a\u0641 \u0648\u0627\u0644\u062d\u0641\u0627\u0638 \u0639\u0644\u0649 \u0645\u0646\u062a\u062c\u0643 \u0622\u0645\u0646\u064b\u0627 \u062f\u0627\u0626\u0645\u064b\u0627.<\/p>\n<p>\u0625\u0646 \u0627\u0644\u0623\u0633\u0637\u0648\u0627\u0646\u0627\u062a \u0648\u062f\u0644\u0648 \u0627\u0644\u062a\u062c\u0645\u064a\u0639 \u0648\u0627\u0644\u063a\u0644\u0627\u0641 \u0645\u0635\u0646\u0648\u0639\u0627\u0646 \u0645\u0646 \u0627\u0644\u0641\u0648\u0644\u0627\u0630 \u0627\u0644\u0645\u0642\u0627\u0648\u0645 \u0644\u0644\u0635\u062f\u0623 \u0639\u0627\u0644\u064a \u0627\u0644\u062c\u0648\u062f\u0629 \u0644\u0644\u062a\u0646\u0638\u064a\u0641 \u0627\u0644\u0633\u0631\u064a\u0639 \u0648\u0644\u0625\u0636\u0641\u0627\u0621 \u0645\u0632\u064a\u062f \u0645\u0646 \u0627\u0644\u0642\u0648\u0629 \u0639\u0644\u0649 \u0627\u0644\u0645\u0627\u0643\u064a\u0646\u0629. <strong>\u0634\u0648\u0627\u064a\u0629 \u0643\u0647\u0631\u0628\u0627\u0626\u064a\u0629<\/strong><\/p>\n<h6><strong>\u0636\u0645\u0627\u0646\u00a0<span style=\"color: #ff0000;\">\u0644<\/span><span style=\"color: #0000ff;\">\u0631<\/span>\u062c 2 \u0633\u0646\u0629<\/strong><\/h6>\n<h6><span style=\"color: #008000;\">\u0634\u0648\u0627\u064a\u0629 \u0643\u0647\u0631\u0628\u0627\u0626\u064a\u0629 \u0641\u0639\u0627\u0644\u0629\u060c \u0627\u0633\u062a\u0647\u0644\u0627\u0643 \u0645\u0646\u062e\u0641\u0636 1250 \u0648\u0627\u0637<\/span><\/h6>\n<h6><strong>\u064a\u0634\u0645\u0644 \u0627\u0644\u062f\u0639\u0645 \u0627\u0644\u0641\u0646\u064a<\/strong><\/h6>\n<p>&nbsp;<\/p>\n<table role=\"presentation\" width=\"100%\" cellspacing=\"0\" cellpadding=\"0\">\n<tbody>\n<tr>\n<td class=\"attrLabels\">\u062f\u0631\u062c\u0629 \u062d\u0631\u0627\u0631\u0629:<\/td>\n<td width=\"50.0%\">50-250 \u062f\u0631\u062c\u0629 \u0645\u0626\u0648\u064a\u0629<\/td>\n<\/tr>\n<tr>\n<td class=\"attrLabels\">\u0628\u0644\u062f \u0627\u0644\u062a\u0648\u0632\u064a\u0639:<\/td>\n<td width=\"50.0%\">\u0627\u0633\u0628\u0627\u0646\u064a\u0627\u060c \u0623\u0644\u0645\u0627\u0646\u064a\u0627\u060c \u0627\u0644\u0648\u0644\u0627\u064a\u0627\u062a \u0627\u0644\u0645\u062a\u062d\u062f\u0629 \u0627\u0644\u0623\u0645\u0631\u064a\u0643\u064a\u0629<\/td>\n<td class=\"attrLabels\">\u0648\u0632\u0646:<\/td>\n<td width=\"50.0%\">8.5 \u0643\u062c\u0645<\/td>\n<\/tr>\n<tr>\n<td class=\"attrLabels\">\u0645\u0627\u0631\u0643\u0629:<\/td>\n<td width=\"50.0%\">\u0642\u0648\u0633<\/td>\n<td class=\"attrLabels\">\u0627\u0631\u062a\u0641\u0627\u0639:<\/td>\n<td width=\"50.0%\">58.50 \u0633\u0645<\/td>\n<\/tr>\n<tr>\n<td class=\"attrLabels\">\u0644\u0648\u0646:<\/td>\n<td width=\"50.0%\">\u0641\u0636\u064a<\/td>\n<td class=\"attrLabels\">\u0637\u0648\u064a\u0644:<\/td>\n<td width=\"50.0%\">36 \u0633\u0645<\/td>\n<\/tr>\n<tr>\n<td class=\"attrLabels\">\u0646\u0648\u0639 \u0627\u0644\u0645\u0646\u062a\u062c:<\/td>\n<td width=\"50.0%\">\u0634\u0648\u0627\u064a\u0629 \u0627\u0644\u0646\u0642\u0627\u0646\u0642 \u0627\u0644\u0643\u0647\u0631\u0628\u0627\u0626\u064a\u0629<\/td>\n<td class=\"attrLabels\">\u0648\u0627\u0633\u0639:<\/td>\n<td width=\"50.0%\">27 \u0633\u0645<\/td>\n<\/tr>\n<tr>\n<td class=\"attrLabels\">\u0631\u0642\u0645 \u0627\u0644\u0634\u0631\u0643\u0629 \u0627\u0644\u0645\u0635\u0646\u0639\u0629:<\/td>\n<td width=\"50.0%\">\u0623\u0631\u0643\u0628\u064a\u063305<\/td>\n<td class=\"attrLabels\">\u0642\u0648\u0629:<\/td>\n<td width=\"50.0%\">1250 \u0648\u0627\u0637<\/td>\n<\/tr>\n<tr>\n<td class=\"attrLabels\">\u0645\u0627\u062f\u0629:<\/td>\n<td width=\"50.0%\">\u0627\u0644\u0641\u0648\u0644\u0627\u0630 \u0627\u0644\u0645\u0642\u0627\u0648\u0645 \u0644\u0644\u0635\u062f\u0623\u060c \u0628\u0643\u0631\u0627\u062a \u062f\u0648\u0627\u0631\u0629\u060c \u0627\u0644\u062a\u062d\u0643\u0645 \u0641\u064a \u062f\u0631\u062c\u0629 \u0627\u0644\u062d\u0631\u0627\u0631\u0629<\/td>\n<td class=\"attrLabels\">\u062c\u0647\u062f \u0627\u0644\u0625\u062f\u062e\u0627\u0644<\/td>\n<td width=\"50.0%\">230 \u0641\u0648\u0644\u062a \u2013 50 \u0647\u0631\u062a\u0632<\/td>\n<\/tr>\n<tr>\n<td class=\"attrLabels\">\u0628\u0643\u0631\u0627\u062a:<\/td>\n<td width=\"50.0%\">\u00a05<\/td>\n<td class=\"attrLabels\">\u0636\u0645\u0627\u0646:<\/td>\n<td width=\"50.0%\">\u0633\u0646\u062a\u0627\u0646<\/td>\n<\/tr>\n<tr>\n<td class=\"attrLabels\">\u0623\u062f\u0648\u0627\u062a \u0627\u0644\u062a\u062b\u0628\u064a\u062a:<\/td>\n<td width=\"50.0%\">\u0646\u0639\u0645<\/td>\n<td class=\"attrLabels\">\u0625\u0646\u062a\u0627\u062c:<\/td>\n<td width=\"50.0%\">5 \u0627\u0644\u0649 14 \u0642\u0637\u0639\u0629<\/td>\n<\/tr>\n<\/tbody>\n<\/table>\n<p>&nbsp;<\/p>\n<p>&nbsp;<\/p>","protected":false},"excerpt":{"rendered":"<h2>\u0634\u0648\u0627\u064a\u0629 \u0647\u0648\u062a \u062f\u0648\u062c \u0631\u0648\u0644\u0631<\/h2>\n<p>\u0627\u0644 <strong>\u0622\u0644\u0629 \u0627\u0644\u0646\u0642\u0627\u0646\u0642 <span style=\"color: #ff0000;\">\u0644<\/span><span style=\"color: #0000ff;\">\u0631<\/span>\u062c<\/strong> \u0645\u0646\u0627\u0633\u0628\u0629 \u0644\u00a0<strong>\u062c\u0645\u064a\u0639 \u0627\u062d\u062c\u0627\u0645 \u0627\u0644\u0647\u0648\u062a \u062f\u0648\u062c<\/strong>. \u0625\u0646 \u0633\u0647\u0648\u0644\u0629 \u0627\u0644\u0627\u0633\u062a\u062e\u062f\u0627\u0645 \u0648\u0627\u0644\u062a\u0634\u063a\u064a\u0644 \u062a\u062c\u0639\u0644 \u0627\u0644\u062c\u0647\u0627\u0632 \u0645\u0633\u0627\u0639\u062f\u064b\u0627 \u0645\u062b\u0627\u0644\u064a\u064b\u0627 \u0644\u0623\u064a \u0645\u0637\u0639\u0645 \u0623\u0648 \u0628\u0627\u0631 \u0623\u0648 \u0645\u0642\u0647\u0649 \u0623\u0648 \u0645\u0639\u0631\u0636 \u0648\u0645\u0627 \u0625\u0644\u0649 \u0630\u0644\u0643.<\/p>\n<p>\u0627\u0644 <strong>\u0634\u0648\u0627\u064a\u0629 \u0627\u0644\u0646\u0642\u0627\u0646\u0642<\/strong> \u062a\u0645 \u062a\u062c\u0647\u064a\u0632\u0647 \u0628\u062c\u0647\u0627\u0632\u064a\u0646 \u0644\u0644\u062a\u062d\u0643\u0645 \u0641\u064a \u062f\u0631\u062c\u0629 \u0627\u0644\u062d\u0631\u0627\u0631\u0629. \u064a\u062a\u064a\u062d \u0647\u0630\u0627 \u0627\u0644\u062a\u062d\u0643\u0645 \u0641\u064a \u062f\u0631\u062c\u0629 \u0627\u0644\u062d\u0631\u0627\u0631\u0629 \u0641\u064a \u0643\u0644\u0627 \u0645\u0646\u0637\u0642\u062a\u064a \u0627\u0644\u062a\u062f\u0641\u0626\u0629 \u0628\u0634\u0643\u0644 \u0645\u0646\u0641\u0635\u0644. \u0645\u0639 \u0645\u0646\u0638\u0645\u0627\u062a \u062f\u0631\u062c\u0629 \u0627\u0644\u062d\u0631\u0627\u0631\u0629 \u064a\u0645\u0643\u0646 \u062a\u0639\u062f\u064a\u0644 \u062f\u0631\u062c\u0629 \u0627\u0644\u062d\u0631\u0627\u0631\u0629 \u0628\u0627\u0633\u062a\u062e\u062f\u0627\u0645<strong>\u00a0\u062f\u0642\u0629<\/strong>. \u0627\u0644\u00a0<strong>\u063a\u0637\u0627\u0621 \u0632\u062c\u0627\u062c\u064a \u0645\u0642\u0648\u0649<\/strong> \u064a\u062d\u0645\u064a \u0645\u0646 \u0641\u0642\u062f\u0627\u0646 \u0627\u0644\u062d\u0631\u0627\u0631\u0629 \u0628\u0627\u0644\u0625\u0636\u0627\u0641\u0629 \u0625\u0644\u0649 \u0627\u0644\u0627\u0644\u062a\u0632\u0627\u0645 \u0628\u0642\u0648\u0627\u0639\u062f \u0627\u0644\u0646\u0638\u0627\u0641\u0629. \u0627\u0644 <strong>\u0634\u0648\u0627\u064a\u0629 \u0647\u0648\u062a \u062f\u0648\u062c <span style=\"color: #ff0000;\">\u0644<\/span><span style=\"color: #0000ff;\">\u0631<\/span>\u062c<\/strong> \u0625\u0646\u0647\u0627 \u0645\u0635\u0646\u0648\u0639\u0629 \u0645\u0646 \u0627\u0644\u0641\u0648\u0644\u0627\u0630 \u0627\u0644\u0645\u0642\u0627\u0648\u0645 \u0644\u0644\u0635\u062f\u0623\u060c \u0645\u0645\u0627 \u064a\u062c\u0639\u0644 \u0627\u0644\u062a\u0646\u0638\u064a\u0641 \u0633\u0647\u0644\u0627\u064b \u0648\u0645\u0631\u064a\u062d\u064b\u0627.<\/p>\n<h6><strong>\u0636\u0645\u0627\u0646\u00a0<span style=\"color: #ff0000;\">\u0644<\/span><span style=\"color: #0000ff;\">\u0631<\/span>\u062c 2 \u0633\u0646\u0629<\/strong><\/h6>\n<h6><span style=\"color: #008000;\">\u0634\u0648\u0627\u064a\u0629 \u0643\u0647\u0631\u0628\u0627\u0626\u064a\u0629 \u0641\u0639\u0627\u0644\u0629\u060c \u0627\u0633\u062a\u0647\u0644\u0627\u0643 \u0645\u0646\u062e\u0641\u0636 1250 \u0648\u0627\u0637<\/span><\/h6>\n<h6><strong>\u064a\u0634\u0645\u0644 \u0627\u0644\u062f\u0639\u0645 \u0627\u0644\u0641\u0646\u064a<\/strong><\/h6>\n<p>&nbsp;<\/p>","protected":false},"featured_media":1926,"comment_status":"open","ping_status":"closed","template":"","meta":{"wds_primary_product_brand":0,"wds_primary_product_cat":0},"product_brand":[],"product_cat":[56,39,41],"product_tag":[],"class_list":{"0":"post-1925","1":"product","2":"type-product","3":"status-publish","4":"has-post-thumbnail","6":"product_cat-maquinaria-para-ferias","7":"product_cat-plancha-de-cosina","8":"product_cat-expositor-de-alimentos","9":"product_shipping_class-hosteleria","11":"first","12":"instock","13":"sale","14":"taxable","15":"shipping-taxable","16":"purchasable","17":"product-type-simple"},"yoast_head":"<!-- This site is optimized with the Yoast SEO Premium plugin v24.9 (Yoast SEO v26.1) - https:\/\/yoast.com\/wordpress\/plugins\/seo\/ -->\n<title>Parrilla para perritos caliente 5 - distribuci\u00f3n ARC<\/title>\n<meta name=\"robots\" content=\"index, follow, max-snippet:-1, max-image-preview:large, max-video-preview:-1\" \/>\n<link rel=\"canonical\" href=\"https:\/\/www.distribucionarc.com\/nl\/producto\/parrilla-para-perritos-caliente-5\/\" \/>\n<meta property=\"og:locale\" content=\"ar_AR\" \/>\n<meta property=\"og:type\" content=\"article\" \/>\n<meta property=\"og:title\" content=\"Parrilla para perritos caliente 5\" \/>\n<meta property=\"og:description\" content=\"Parrilla con rodillos para perritos caliente La m\u00e1quina para salchichas ARC son las adecuadas para\u00a0todos los tama\u00f1os de perritos calientes. La\u00a0facilidad de manejo y funcionamiento\u00a0hacen del aparato un\u00a0ayudante ideal para cualquier restaurante, bar, cafeter\u00eda, feria, etc..  La parrilla de salchichas est\u00e1\u00a0equipada con 2 controladores de temperatura. Esto permite que la temperatura en ambas zonas de calentamiento se controle por separado. Con los reguladores de temperatura la temperatura se puede ajustar con\u00a0precisi\u00f3n. La\u00a0cubierta de vidrio templado protege contra la p\u00e9rdida de calor adem\u00e1s de cumplir con las normativas de higiene. Las parrilla para perritos caliente ARC son de acero inoxidable, lo que hace que la limpieza sea sencilla y c\u00f3moda. Garant\u00eda\u00a0ARC 2 A\u00d1OS Parrilla el\u00e9ctrica\u00a0 eficiente, bajo consumo 1250w soporte t\u00e9cnico incluido &nbsp;\" \/>\n<meta property=\"og:url\" content=\"https:\/\/www.distribucionarc.com\/nl\/producto\/parrilla-para-perritos-caliente-5\/\" \/>\n<meta property=\"og:site_name\" content=\"distribuci\u00f3n ARC\" \/>\n<meta property=\"article:modified_time\" content=\"2020-09-27T15:51:48+00:00\" \/>\n<meta property=\"og:image\" content=\"https:\/\/www.distribucionarc.com\/wp-content\/uploads\/2020\/08\/Parrilla-para-perritos-caliente-5-0.jpg\" \/>\n\t<meta property=\"og:image:width\" content=\"1500\" \/>\n\t<meta property=\"og:image:height\" content=\"1500\" \/>\n\t<meta property=\"og:image:type\" content=\"image\/jpeg\" \/>\n<meta name=\"twitter:card\" content=\"summary_large_image\" \/>\n<meta name=\"twitter:label1\" content=\"\u0648\u0642\u062a \u0627\u0644\u0642\u0631\u0627\u0621\u0629 \u0627\u0644\u0645\u064f\u0642\u062f\u0651\u0631\" \/>\n\t<meta name=\"twitter:data1\" content=\"\u062f\u0642\u064a\u0642\u0629 \u0648\u0627\u062d\u062f\u0629\" \/>\n<script type=\"application\/ld+json\" class=\"yoast-schema-graph\">{\"@context\":\"https:\/\/schema.org\",\"@graph\":[{\"@type\":\"WebPage\",\"@id\":\"https:\/\/www.distribucionarc.com\/nl\/producto\/parrilla-para-perritos-caliente-5\/\",\"url\":\"https:\/\/www.distribucionarc.com\/nl\/producto\/parrilla-para-perritos-caliente-5\/\",\"name\":\"Parrilla para perritos caliente 5 - distribuci\u00f3n ARC\",\"isPartOf\":{\"@id\":\"https:\/\/www.distribucionarc.com\/sl\/#website\"},\"primaryImageOfPage\":{\"@id\":\"https:\/\/www.distribucionarc.com\/nl\/producto\/parrilla-para-perritos-caliente-5\/#primaryimage\"},\"image\":{\"@id\":\"https:\/\/www.distribucionarc.com\/nl\/producto\/parrilla-para-perritos-caliente-5\/#primaryimage\"},\"thumbnailUrl\":\"https:\/\/distribucionarc.com\/wp-content\/uploads\/2020\/08\/Parrilla-para-perritos-caliente-5-0.jpg\",\"datePublished\":\"2020-08-03T13:04:34+00:00\",\"dateModified\":\"2020-09-27T15:51:48+00:00\",\"breadcrumb\":{\"@id\":\"https:\/\/www.distribucionarc.com\/nl\/producto\/parrilla-para-perritos-caliente-5\/#breadcrumb\"},\"inLanguage\":\"ar\",\"potentialAction\":[{\"@type\":\"ReadAction\",\"target\":[\"https:\/\/www.distribucionarc.com\/nl\/producto\/parrilla-para-perritos-caliente-5\/\"]}]},{\"@type\":\"ImageObject\",\"inLanguage\":\"ar\",\"@id\":\"https:\/\/www.distribucionarc.com\/nl\/producto\/parrilla-para-perritos-caliente-5\/#primaryimage\",\"url\":\"https:\/\/distribucionarc.com\/wp-content\/uploads\/2020\/08\/Parrilla-para-perritos-caliente-5-0.jpg\",\"contentUrl\":\"https:\/\/distribucionarc.com\/wp-content\/uploads\/2020\/08\/Parrilla-para-perritos-caliente-5-0.jpg\",\"width\":1500,\"height\":1500,\"caption\":\"Parrilla para perritos calientes 5\"},{\"@type\":\"BreadcrumbList\",\"@id\":\"https:\/\/www.distribucionarc.com\/nl\/producto\/parrilla-para-perritos-caliente-5\/#breadcrumb\",\"itemListElement\":[{\"@type\":\"ListItem\",\"position\":1,\"name\":\"Portada\",\"item\":\"https:\/\/www.distribucionarc.com\/\"},{\"@type\":\"ListItem\",\"position\":2,\"name\":\"\u00dcr\u00fcnler\",\"item\":\"https:\/\/www.distribucionarc.com\/tr\/magaza\/\"},{\"@type\":\"ListItem\",\"position\":3,\"name\":\"Parrilla para perritos caliente 5\"}]},{\"@type\":\"WebSite\",\"@id\":\"https:\/\/www.distribucionarc.com\/sl\/#website\",\"url\":\"https:\/\/www.distribucionarc.com\/sl\/\",\"name\":\"distribuci\u00f3n ARC\",\"description\":\"Empresa especializada en la fabricaci\u00f3n y distribuci\u00f3n de maquinaria industrial, selladoras de latas, Maquinas de hacer pastillas, Maquinas de cortar carne...\",\"publisher\":{\"@id\":\"https:\/\/www.distribucionarc.com\/sl\/#organization\"},\"potentialAction\":[{\"@type\":\"SearchAction\",\"target\":{\"@type\":\"EntryPoint\",\"urlTemplate\":\"https:\/\/www.distribucionarc.com\/sl\/?s={search_term_string}\"},\"query-input\":{\"@type\":\"PropertyValueSpecification\",\"valueRequired\":true,\"valueName\":\"search_term_string\"}}],\"inLanguage\":\"ar\"},{\"@type\":\"Organization\",\"@id\":\"https:\/\/www.distribucionarc.com\/sl\/#organization\",\"name\":\"Distribuci\u00f3n ARC\",\"url\":\"https:\/\/www.distribucionarc.com\/sl\/\",\"logo\":{\"@type\":\"ImageObject\",\"inLanguage\":\"ar\",\"@id\":\"https:\/\/www.distribucionarc.com\/sl\/#\/schema\/logo\/image\/\",\"url\":\"https:\/\/distribucionarc.com\/wp-content\/uploads\/2024\/10\/distribucion-ARC-COLOR-SIN-FONDO-e1732295305345.png\",\"contentUrl\":\"https:\/\/distribucionarc.com\/wp-content\/uploads\/2024\/10\/distribucion-ARC-COLOR-SIN-FONDO-e1732295305345.png\",\"width\":1164,\"height\":558,\"caption\":\"Distribuci\u00f3n ARC\"},\"image\":{\"@id\":\"https:\/\/www.distribucionarc.com\/sl\/#\/schema\/logo\/image\/\"},\"description\":\"Empresa especializada en la fabricaci\u00f3n y distribuci\u00f3n de maquinaria industrial para los sectores alimentario y farmac\u00e9utico. Nos especializamos en: M\u00e1quinas de cortar carne Fabricaci\u00f3n de comprimidos Sistemas de transporte industrial L\u00edneas de embotellado Dosificadores Y mucho m\u00e1s... Ofrecemos soluciones innovadoras y personalizadas para optimizar los procesos productivos de tu empresa.\",\"email\":\"Admistracion@distribucionarc.com\",\"telephone\":\"+34 643496664\",\"legalName\":\"ARC TECH SOLUTIONS\",\"foundingDate\":\"2024-04-09\",\"vatID\":\"B55480172\",\"numberOfEmployees\":{\"@type\":\"QuantitativeValue\",\"minValue\":\"1\",\"maxValue\":\"10\"}}]}<\/script>\n<!-- \/ Yoast SEO Premium plugin. -->","yoast_head_json":{"title":"\u0634\u0648\u0627\u064a\u0629 \u0647\u0648\u062a \u062f\u0648\u062c 5 - \u062a\u0648\u0632\u064a\u0639 ARC","robots":{"index":"index","follow":"follow","max-snippet":"max-snippet:-1","max-image-preview":"max-image-preview:large","max-video-preview":"max-video-preview:-1"},"canonical":"https:\/\/www.distribucionarc.com\/nl\/producto\/parrilla-para-perritos-caliente-5\/","og_locale":"ar_AR","og_type":"article","og_title":"Parrilla para perritos caliente 5","og_description":"Parrilla con rodillos para perritos caliente La m\u00e1quina para salchichas ARC son las adecuadas para\u00a0todos los tama\u00f1os de perritos calientes. La\u00a0facilidad de manejo y funcionamiento\u00a0hacen del aparato un\u00a0ayudante ideal para cualquier restaurante, bar, cafeter\u00eda, feria, etc..  La parrilla de salchichas est\u00e1\u00a0equipada con 2 controladores de temperatura. Esto permite que la temperatura en ambas zonas de calentamiento se controle por separado. Con los reguladores de temperatura la temperatura se puede ajustar con\u00a0precisi\u00f3n. La\u00a0cubierta de vidrio templado protege contra la p\u00e9rdida de calor adem\u00e1s de cumplir con las normativas de higiene. Las parrilla para perritos caliente ARC son de acero inoxidable, lo que hace que la limpieza sea sencilla y c\u00f3moda. Garant\u00eda\u00a0ARC 2 A\u00d1OS Parrilla el\u00e9ctrica\u00a0 eficiente, bajo consumo 1250w soporte t\u00e9cnico incluido &nbsp;","og_url":"https:\/\/www.distribucionarc.com\/nl\/producto\/parrilla-para-perritos-caliente-5\/","og_site_name":"distribuci\u00f3n ARC","article_modified_time":"2020-09-27T15:51:48+00:00","og_image":[{"width":1500,"height":1500,"url":"https:\/\/www.distribucionarc.com\/wp-content\/uploads\/2020\/08\/Parrilla-para-perritos-caliente-5-0.jpg","type":"image\/jpeg"}],"twitter_card":"summary_large_image","twitter_misc":{"\u0648\u0642\u062a \u0627\u0644\u0642\u0631\u0627\u0621\u0629 \u0627\u0644\u0645\u064f\u0642\u062f\u0651\u0631":"\u062f\u0642\u064a\u0642\u0629 \u0648\u0627\u062d\u062f\u0629"},"schema":{"@context":"https:\/\/schema.org","@graph":[{"@type":"WebPage","@id":"https:\/\/www.distribucionarc.com\/nl\/producto\/parrilla-para-perritos-caliente-5\/","url":"https:\/\/www.distribucionarc.com\/nl\/producto\/parrilla-para-perritos-caliente-5\/","name":"\u0634\u0648\u0627\u064a\u0629 \u0647\u0648\u062a \u062f\u0648\u062c 5 - \u062a\u0648\u0632\u064a\u0639 ARC","isPartOf":{"@id":"https:\/\/www.distribucionarc.com\/sl\/#website"},"primaryImageOfPage":{"@id":"https:\/\/www.distribucionarc.com\/nl\/producto\/parrilla-para-perritos-caliente-5\/#primaryimage"},"image":{"@id":"https:\/\/www.distribucionarc.com\/nl\/producto\/parrilla-para-perritos-caliente-5\/#primaryimage"},"thumbnailUrl":"https:\/\/distribucionarc.com\/wp-content\/uploads\/2020\/08\/Parrilla-para-perritos-caliente-5-0.jpg","datePublished":"2020-08-03T13:04:34+00:00","dateModified":"2020-09-27T15:51:48+00:00","breadcrumb":{"@id":"https:\/\/www.distribucionarc.com\/nl\/producto\/parrilla-para-perritos-caliente-5\/#breadcrumb"},"inLanguage":"ar","potentialAction":[{"@type":"ReadAction","target":["https:\/\/www.distribucionarc.com\/nl\/producto\/parrilla-para-perritos-caliente-5\/"]}]},{"@type":"ImageObject","inLanguage":"ar","@id":"https:\/\/www.distribucionarc.com\/nl\/producto\/parrilla-para-perritos-caliente-5\/#primaryimage","url":"https:\/\/distribucionarc.com\/wp-content\/uploads\/2020\/08\/Parrilla-para-perritos-caliente-5-0.jpg","contentUrl":"https:\/\/distribucionarc.com\/wp-content\/uploads\/2020\/08\/Parrilla-para-perritos-caliente-5-0.jpg","width":1500,"height":1500,"caption":"Parrilla para perritos calientes 5"},{"@type":"BreadcrumbList","@id":"https:\/\/www.distribucionarc.com\/nl\/producto\/parrilla-para-perritos-caliente-5\/#breadcrumb","itemListElement":[{"@type":"ListItem","position":1,"name":"Portada","item":"https:\/\/www.distribucionarc.com\/"},{"@type":"ListItem","position":2,"name":"\u00dcr\u00fcnler","item":"https:\/\/www.distribucionarc.com\/tr\/magaza\/"},{"@type":"ListItem","position":3,"name":"Parrilla para perritos caliente 5"}]},{"@type":"WebSite","@id":"https:\/\/www.distribucionarc.com\/sl\/#website","url":"https:\/\/www.distribucionarc.com\/sl\/","name":"\u062a\u0648\u0632\u064a\u0639 \u0627\u0644\u0642\u0648\u0633","description":"\u0634\u0631\u0643\u0629 \u0645\u062a\u062e\u0635\u0635\u0629 \u0641\u064a \u062a\u0635\u0646\u064a\u0639 \u0648\u062a\u0648\u0632\u064a\u0639 \u0627\u0644\u0622\u0644\u0627\u062a \u0627\u0644\u0635\u0646\u0627\u0639\u064a\u0629\u060c \u0648\u0645\u0627\u0643\u064a\u0646\u0627\u062a \u062e\u062a\u0645 \u0627\u0644\u0639\u0644\u0628\u060c \u0648\u0645\u0627\u0643\u064a\u0646\u0627\u062a \u0635\u0646\u0639 \u0627\u0644\u0623\u0642\u0631\u0627\u0635\u060c \u0648\u0645\u0627\u0643\u064a\u0646\u0627\u062a \u062a\u0642\u0637\u064a\u0639 \u0627\u0644\u0644\u062d\u0648\u0645...","publisher":{"@id":"https:\/\/www.distribucionarc.com\/sl\/#organization"},"potentialAction":[{"@type":"SearchAction","target":{"@type":"EntryPoint","urlTemplate":"https:\/\/www.distribucionarc.com\/sl\/?s={search_term_string}"},"query-input":{"@type":"PropertyValueSpecification","valueRequired":true,"valueName":"search_term_string"}}],"inLanguage":"ar"},{"@type":"Organization","@id":"https:\/\/www.distribucionarc.com\/sl\/#organization","name":"\u062a\u0648\u0632\u064a\u0639 \u0622\u0631\u0643","url":"https:\/\/www.distribucionarc.com\/sl\/","logo":{"@type":"ImageObject","inLanguage":"ar","@id":"https:\/\/www.distribucionarc.com\/sl\/#\/schema\/logo\/image\/","url":"https:\/\/distribucionarc.com\/wp-content\/uploads\/2024\/10\/distribucion-ARC-COLOR-SIN-FONDO-e1732295305345.png","contentUrl":"https:\/\/distribucionarc.com\/wp-content\/uploads\/2024\/10\/distribucion-ARC-COLOR-SIN-FONDO-e1732295305345.png","width":1164,"height":558,"caption":"Distribuci\u00f3n ARC"},"image":{"@id":"https:\/\/www.distribucionarc.com\/sl\/#\/schema\/logo\/image\/"},"description":"\u0634\u0631\u0643\u0629 \u0645\u062a\u062e\u0635\u0635\u0629 \u0641\u064a \u062a\u0635\u0646\u064a\u0639 \u0648\u062a\u0648\u0632\u064a\u0639 \u0627\u0644\u0622\u0644\u0627\u062a \u0627\u0644\u0635\u0646\u0627\u0639\u064a\u0629 \u0644\u0642\u0637\u0627\u0639\u064a \u0627\u0644\u0623\u063a\u0630\u064a\u0629 \u0648\u0627\u0644\u0623\u062f\u0648\u064a\u0629. \u0646\u062d\u0646 \u0645\u062a\u062e\u0635\u0635\u0648\u0646 \u0641\u064a: \u0645\u0627\u0643\u064a\u0646\u0627\u062a \u062a\u0642\u0637\u064a\u0639 \u0627\u0644\u0644\u062d\u0648\u0645 \u062a\u0635\u0646\u064a\u0639 \u0627\u0644\u0623\u0642\u0631\u0627\u0635 \u0623\u0646\u0638\u0645\u0629 \u0627\u0644\u0646\u0642\u0644 \u0627\u0644\u0635\u0646\u0627\u0639\u064a\u0629 \u062e\u0637\u0648\u0637 \u0627\u0644\u062a\u0639\u0628\u0626\u0629 \u0648\u0627\u0644\u062a\u063a\u0644\u064a\u0641 \u0627\u0644\u0645\u0648\u0632\u0639\u0627\u062a \u0648\u0623\u0643\u062b\u0631 \u0645\u0646 \u0630\u0644\u0643 \u0628\u0643\u062b\u064a\u0631... \u0646\u062d\u0646 \u0646\u0642\u062f\u0645 \u062d\u0644\u0648\u0644\u0627\u064b \u0645\u0628\u062a\u0643\u0631\u0629 \u0648\u0645\u062e\u0635\u0635\u0629 \u0644\u062a\u062d\u0633\u064a\u0646 \u0639\u0645\u0644\u064a\u0627\u062a \u0627\u0644\u0625\u0646\u062a\u0627\u062c \u0641\u064a \u0634\u0631\u0643\u062a\u0643.","email":"Admistracion@distribucionarc.com","telephone":"+34 643496664","legalName":"ARC TECH SOLUTIONS","foundingDate":"2024-04-09","vatID":"B55480172","numberOfEmployees":{"@type":"QuantitativeValue","minValue":"1","maxValue":"10"}}]}},"_links":{"self":[{"href":"https:\/\/distribucionarc.com\/ar\/wp-json\/wp\/v2\/product\/1925","targetHints":{"allow":["GET"]}}],"collection":[{"href":"https:\/\/distribucionarc.com\/ar\/wp-json\/wp\/v2\/product"}],"about":[{"href":"https:\/\/distribucionarc.com\/ar\/wp-json\/wp\/v2\/types\/product"}],"replies":[{"embeddable":true,"href":"https:\/\/distribucionarc.com\/ar\/wp-json\/wp\/v2\/comments?post=1925"}],"version-history":[{"count":0,"href":"https:\/\/distribucionarc.com\/ar\/wp-json\/wp\/v2\/product\/1925\/revisions"}],"wp:featuredmedia":[{"embeddable":true,"href":"https:\/\/distribucionarc.com\/ar\/wp-json\/wp\/v2\/media\/1926"}],"wp:attachment":[{"href":"https:\/\/distribucionarc.com\/ar\/wp-json\/wp\/v2\/media?parent=1925"}],"wp:term":[{"taxonomy":"product_brand","embeddable":true,"href":"https:\/\/distribucionarc.com\/ar\/wp-json\/wp\/v2\/product_brand?post=1925"},{"taxonomy":"product_cat","embeddable":true,"href":"https:\/\/distribucionarc.com\/ar\/wp-json\/wp\/v2\/product_cat?post=1925"},{"taxonomy":"product_tag","embeddable":true,"href":"https:\/\/distribucionarc.com\/ar\/wp-json\/wp\/v2\/product_tag?post=1925"}],"curies":[{"name":"wp","href":"https:\/\/api.w.org\/{rel}","templated":true}]}}