{"id":2427,"date":"2020-08-18T10:29:11","date_gmt":"2020-08-18T10:29:11","guid":{"rendered":"https:\/\/distribucionarc.com\/?post_type=product&#038;p=2427"},"modified":"2023-07-05T16:12:33","modified_gmt":"2023-07-05T16:12:33","slug":"%d9%82%d8%b4%d8%a7%d8%b1%d8%a9-%d8%a8%d8%b7%d8%a7%d8%b7%d8%b3-%d8%a7%d9%88%d8%aa%d9%88%d9%85%d8%a7%d8%aa%d9%8a%d9%83%d9%8a%d8%a9-15-20-%d9%83%d8%ba","status":"publish","type":"product","link":"https:\/\/distribucionarc.com\/ar\/producto\/pelador-automatico-de-patatas-15-20-kg\/","title":{"rendered":"\u0642\u0634\u0627\u0631\u0629 \u0628\u0637\u0627\u0637\u0633 \u0623\u0648\u062a\u0648\u0645\u0627\u062a\u064a\u0643\u064a\u0629 15-20 \u0643\u062c\u0645"},"content":{"rendered":"<h3>\u0642\u0634\u0627\u0631\u0629 \u0628\u0637\u0627\u0637\u0633 \u0623\u0648\u062a\u0648\u0645\u0627\u062a\u064a\u0643\u064a\u0629 15-20 \u0643\u062c\u0645<\/h3>\n<p>\u0627\u0644<strong> \u0645\u0642\u0634\u0631\u0629 \u0627\u0644\u062e\u0636\u0627\u0631 <span style=\"color: #ff0000;\">\u0644<\/span><span style=\"color: #0000ff;\">\u0631<\/span>\u062c<\/strong> \u0625\u0646\u0647\u0627 \u0645\u0635\u0646\u0648\u0639\u0629 \u0645\u0646 \u0627\u0644\u0641\u0648\u0644\u0627\u0630 \u0627\u0644\u0645\u0642\u0627\u0648\u0645 \u0644\u0644\u0635\u062f\u0623 201 \u0639\u0627\u0644\u064a \u0627\u0644\u062c\u0648\u062f\u0629\u060c \u0648\u0627\u0644\u0630\u064a \u0644\u0627 \u064a\u0635\u062f\u0623\u060c \u0648\u0644\u064a\u0633 \u0645\u0646 \u0627\u0644\u0633\u0647\u0644 \u062a\u0634\u0648\u064a\u0647\u0647\u060c \u0648\u0633\u0647\u0644 \u0627\u0644\u062a\u0646\u0638\u064a\u0641 \u0628\u0645\u0638\u0647\u0631 \u0644\u0627\u0641\u062a \u0644\u0644\u0646\u0638\u0631. \u0645\u062c\u0647\u0632\u0629 \u0623 <span style=\"color: #008000;\"><strong>\u0645\u062d\u0631\u0643 \u0639\u0627\u0644\u064a \u0627\u0644\u0637\u0627\u0642\u0629<\/strong><\/span> \u0645\u0646 1500 \u0648\u0627\u0637\u060c \u0648\u0647\u0648 <span style=\"color: #008000;\"><strong>\u0645\u0633\u062a\u0642\u0631\u0629 \u0648\u0641\u0639\u0627\u0644\u0629<\/strong><\/span>. <strong>\u064a\u0633\u062a\u0637\u064a\u0639<\/strong> \u064a\u0646\u0647\u064a <strong>\u0642\u0634\u0631 15-20 \u0643\u062c\u0645 \u0645\u0646 \u0627\u0644\u0628\u0637\u0627\u0637\u0633 \u0641\u064a 20 \u062f\u0642\u064a\u0642\u0629<\/strong>.<\/p>\n<p>\u0627\u0644\u062c\u062f\u0627\u0631 \u0627\u0644\u062f\u0627\u062e\u0644\u064a \u0644\u0644\u0628\u0631\u0645\u064a\u0644 \u0645\u0635\u0646\u0648\u0639 \u0645\u0646 \u0645\u0627\u062f\u0629 \u0628\u0644\u0648\u0631\u064a. \u064a\u0645\u0643\u0646 \u0644\u0644\u062a\u0635\u0645\u064a\u0645 \u0627\u0644\u0645\u062d\u062f\u0628 \u0627\u0644\u0633\u0641\u0644\u064a \u0623\u0646 \u064a\u0642\u0644\u0628 \u0627\u0644\u0628\u0637\u0627\u0637\u0633 \u0628\u0634\u0643\u0644 \u0641\u0639\u0627\u0644 \u0644\u062a\u062d\u0642\u064a\u0642 \u062a\u0642\u0634\u064a\u0631 360 \u062f\u0631\u062c\u0629 \u0644\u0644\u0628\u0637\u0627\u0637\u0633.<\/p>\n<p>\u064a\u062a\u0645 \u062a\u0636\u0645\u064a\u0646 \u0645\u0641\u062a\u0627\u062d \u062f\u0642\u064a\u0642 \u0644\u0645\u0632\u064a\u062f \u0645\u0646 \u0627\u0644\u0623\u0645\u0627\u0646 \u0648\u0627\u0644\u0631\u0627\u062d\u0629 \u0648\u0633\u0647\u0648\u0644\u0629 \u0627\u0644\u0627\u0633\u062a\u062e\u062f\u0627\u0645. \u062a\u062d\u0645\u064a \u0627\u0644\u0634\u0627\u0634\u0629 \u0627\u0644\u062e\u0627\u0631\u062c\u064a\u0629 \u0627\u0644\u0634\u0641\u0627\u0641\u0629 \u0627\u0644\u0645\u0641\u062a\u0627\u062d \u0628\u0634\u0643\u0644 \u0641\u0639\u0627\u0644. \u0639\u0646 \u0637\u0631\u064a\u0642 \u062a\u062f\u0648\u064a\u0631 \u0627\u0644\u0635\u0645\u0627\u0645\u060c \u064a\u0645\u0643\u0646 \u0627\u0644\u062a\u062d\u0643\u0645 \u0641\u064a \u062a\u062f\u0641\u0642 \u0627\u0644\u0645\u064a\u0627\u0647 \u062d\u0633\u0628 \u0627\u0644\u062d\u0627\u062c\u0629.<\/p>\n<p>\u0627\u0644 <strong>\u0622\u0644\u0629 \u062a\u0642\u0634\u064a\u0631 <span style=\"color: #ff0000;\">\u0644<\/span><span style=\"color: #0000ff;\">\u0631<\/span>CPAP15<\/strong> \u0645\u062c\u0647\u0632\u0629 \u0628\u0645\u0646\u0641\u0630 \u0645\u062e\u0631\u062c \u0643\u0628\u064a\u0631 \u0644\u062a\u062c\u0645\u064a\u0639 \u0627\u0644\u0628\u0637\u0627\u0637\u0633 \u0627\u0644\u0645\u0642\u0634\u0631\u0629 \u0628\u0633\u0631\u0639\u0629\u061b \u0645\u0646\u0641\u0630 \u062d\u0637\u0627\u0645 \u0643\u0628\u064a\u0631 \u0627\u0644\u0642\u0637\u0631 \u0644\u062a\u0635\u0631\u064a\u0641 \u0627\u0644\u062d\u0637\u0627\u0645 \u0628\u0633\u0631\u0639\u0629\u060c \u0645\u0645\u0627 \u064a\u0648\u0641\u0631 \u0627\u0644\u0648\u0642\u062a \u0648\u0627\u0644\u062c\u0647\u062f\u061b \u0645\u0642\u0628\u0636 \u0623\u0646\u0633\u0646\u0629 \u0648\u0639\u062c\u0644\u0627\u062a \u0627\u0644\u0639\u062c\u0644\u0627\u062a \u0644\u062d\u0631\u0643\u0629 \u0645\u0631\u064a\u062d\u0629.<\/p>\n<h6><\/h6>\n<h6>\u0636\u0645\u0627\u0646<strong>\u00a0<\/strong><span style=\"color: #ff0000;\"><strong>\u0644<\/strong><\/span><span style=\"color: #0000ff;\"><strong>\u0631<\/strong><\/span><strong>\u062c 2 \u0633\u0646\u0629<\/strong><\/h6>\n<h6><span style=\"color: #008000;\">\u0645\u062d\u0631\u0643 1500 \u0648\u0627\u0637 \u0627\u0644\u0623\u0643\u062b\u0631 \u0643\u0641\u0627\u0621\u0629 \u0648\u0627\u0644\u0627\u0633\u062a\u0647\u0644\u0627\u0643 \u0627\u0644\u0645\u0646\u062e\u0641\u0636<\/span><\/h6>\n<h6>\u064a\u0634\u0645\u0644 \u0627\u0644\u062f\u0639\u0645 \u0627\u0644\u0641\u0646\u064a<\/h6>\n<p>&nbsp;<\/p>\n<table role=\"presentation\" width=\"100%\" cellspacing=\"0\" cellpadding=\"0\">\n<tbody>\n<tr>\n<td class=\"attrLabels\">\u0636\u0645\u0627\u0646:<\/td>\n<td width=\"50.0%\">\u0633\u0646\u062a\u0627\u0646<\/td>\n<\/tr>\n<tr>\n<td class=\"attrLabels\">\u0644\u0648\u0646:<\/td>\n<td width=\"50.0%\">\u0641\u0636\u064a<\/td>\n<td class=\"attrLabels\">\u0627\u0631\u062a\u0641\u0627\u0639:<\/td>\n<td width=\"50.0%\">85 \u0633\u0645<\/td>\n<\/tr>\n<tr>\n<td class=\"attrLabels\">\u0628\u0644\u062f \u0627\u0644\u062a\u0648\u0632\u064a\u0639:<\/td>\n<td width=\"50.0%\">\u0627\u0633\u0628\u0627\u0646\u064a\u0627\u060c \u0623\u0644\u0645\u0627\u0646\u064a\u0627\u060c \u0627\u0644\u0648\u0644\u0627\u064a\u0627\u062a \u0627\u0644\u0645\u062a\u062d\u062f\u0629 \u0627\u0644\u0623\u0645\u0631\u064a\u0643\u064a\u0629<\/td>\n<td class=\"attrLabels\">\u0637\u0648\u064a\u0644:<\/td>\n<td width=\"50.0%\">55 \u0633\u0645<\/td>\n<\/tr>\n<tr>\n<td class=\"attrLabels\">\u0645\u0627\u0631\u0643\u0629:<\/td>\n<td width=\"50.0%\">\u0642\u0648\u0633<\/td>\n<td class=\"attrLabels\">\u0648\u0627\u0633\u0639:<\/td>\n<td width=\"50.0%\">\u00a0 60 \u0633\u0645<\/td>\n<\/tr>\n<tr>\n<td class=\"attrLabels\">\u0646\u0648\u0639 \u0627\u0644\u0645\u0646\u062a\u062c:<\/td>\n<td width=\"50.0%\">\u0645\u0642\u0634\u0631\u0629 \u0627\u0644\u0628\u0637\u0627\u0637\u0633 \u0627\u0644\u0623\u0648\u062a\u0648\u0645\u0627\u062a\u064a\u0643\u064a\u0629<\/td>\n<td class=\"attrLabels\">\u0642\u0648\u0629:<\/td>\n<td width=\"50.0%\">1500 \u0648\u0627\u0637<\/td>\n<\/tr>\n<tr>\n<td class=\"attrLabels\">\u0631\u0642\u0645 \u0627\u0644\u0634\u0631\u0643\u0629 \u0627\u0644\u0645\u0635\u0646\u0639\u0629:<\/td>\n<td width=\"50.0%\">ARCPAP15<\/td>\n<td class=\"attrLabels\">\u0627\u0644\u062c\u0647\u062f \u0627\u0627\u0644\u0643\u0647\u0631\u0628\u0649:<\/td>\n<td width=\"50.0%\">220 \u0641\u0648\u0644\u062a 60 \u0647\u0631\u062a\u0632<\/td>\n<\/tr>\n<tr>\n<td class=\"attrLabels\">\u0645\u0627\u062f\u0629:<\/td>\n<td width=\"50.0%\">201 \u0627\u0644\u0641\u0648\u0644\u0627\u0630 \u0627\u0644\u0645\u0642\u0627\u0648\u0645 \u0644\u0644\u0635\u062f\u0623\u060c \u0645\u062d\u0631\u0643 \u0641\u0639\u0627\u0644<\/td>\n<td class=\"attrLabels\">\u0627\u0644\u0642\u062f\u0631\u0629 \u0627\u0644\u0625\u0646\u062a\u0627\u062c\u064a\u0629:<\/td>\n<td width=\"50.0%\">15 - 20 \u0643\u062c\u0645<\/td>\n<\/tr>\n<tr>\n<td class=\"attrLabels\">\u0623\u062f\u0648\u0627\u062a \u0627\u0644\u062a\u062b\u0628\u064a\u062a:<\/td>\n<td width=\"50.0%\">\u0646\u0639\u0645<\/td>\n<td class=\"attrLabels\">\u0648\u0642\u062a \u0627\u0644\u0627\u0646\u062a\u0638\u0627\u0631:<\/td>\n<td width=\"50.0%\">20 \u062f\u0642\u064a\u0642\u0629<\/td>\n<\/tr>\n<tr>\n<td class=\"attrLabels\">\u0648\u0632\u0646:<\/td>\n<td width=\"50.0%\">56 \u0643\u062c\u0645<\/td>\n<td class=\"attrLabels\">\u0639\u0645\u0644\u064a\u0629:<\/td>\n<td width=\"50.0%\">\u0627\u0644\u0643\u0647\u0631\u0628\u0627\u0621 \u0648\u0627\u0644\u0645\u0627\u0621<\/td>\n<\/tr>\n<\/tbody>\n<\/table>","protected":false},"excerpt":{"rendered":"<h2>\u0642\u0634\u0627\u0631\u0629 \u0628\u0637\u0627\u0637\u0633 \u0623\u0648\u062a\u0648\u0645\u0627\u062a\u064a\u0643\u064a\u0629 15-20 \u0643\u062c\u0645<\/h2>\n<p>\u0647\u0630\u0627 <strong>\u0622\u0644\u0629 \u0627\u0644\u062a\u0642\u0634\u064a\u0631 \u0627\u0644\u0623\u0648\u062a\u0648\u0645\u0627\u062a\u064a\u0643\u064a\u0629 <span style=\"color: #ff0000;\">\u0644<span style=\"color: #0000ff;\">\u0631<\/span><\/span>\u062c<\/strong> \u0625\u0646\u0647\u0627 \u0642\u0627\u062f\u0631\u0629 \u0639\u0644\u0649 \u062a\u0642\u0634\u064a\u0631 \u0648\u063a\u0633\u0644 \u0627\u0644\u062e\u0636\u0631\u0648\u0627\u062a \u0627\u0644\u0645\u062e\u062a\u0644\u0641\u0629\u060c \u0645\u062b\u0644 \u0627\u0644\u0628\u0637\u0627\u0637\u0633 \u0648\u0627\u0644\u0628\u0637\u0627\u0637\u0627 \u0627\u0644\u062d\u0644\u0648\u0629 \u0648\u0627\u0644\u0632\u0646\u062c\u0628\u064a\u0644 \u0648\u0627\u0644\u0642\u0644\u0642\u0627\u0633 \u0648\u0645\u0627 \u0625\u0644\u0649 \u0630\u0644\u0643\u060c \u062f\u0648\u0646 \u0625\u062a\u0644\u0627\u0641 \u0644\u0628\u0647\u0627. \u064a\u062a\u0645 \u062a\u062d\u0642\u064a\u0642 \u0627\u0644\u062a\u0642\u0634\u064a\u0631 \u0627\u0644\u0641\u0639\u0627\u0644 \u0645\u0646 \u062e\u0644\u0627\u0644 \u062a\u0642\u0646\u064a\u0627\u062a \u0627\u0644\u062a\u062f\u0648\u064a\u0631 \u0628\u0627\u0644\u0637\u0631\u062f \u0627\u0644\u0645\u0631\u0643\u0632\u064a \u0648\u0627\u0644\u062a\u0642\u0634\u064a\u0631 \u0627\u0644\u0627\u062d\u062a\u0643\u0627\u0643\u064a \u0627\u0644\u0630\u064a \u064a\u0645\u0643\u0646 \u0627\u0644\u0648\u0635\u0648\u0644 \u0625\u0644\u064a\u0647<strong> \u0642\u0634\u0631 15 \u0625\u0644\u0649 20 \u0643\u062c\u0645 \u0641\u064a 20 \u062f\u0642\u064a\u0642\u0629.<\/strong> \u0627\u0644\u0622\u0644\u0629 \u0628\u0623\u0643\u0645\u0644\u0647\u0627 \u0645\u0635\u0646\u0648\u0639\u0629 \u0645\u0646 \u0627\u0644\u0641\u0648\u0644\u0627\u0630 \u0627\u0644\u0645\u0642\u0627\u0648\u0645 \u0644\u0644\u0635\u062f\u0623 201 \u0644\u062a\u0646\u0638\u064a\u0641 \u0633\u0647\u0644\u060c \u0645\u0639 \u0639\u062c\u0644\u0627\u062a \u062f\u0648\u0627\u0631\u0629 \u0648\u0645\u0642\u0628\u0636 \u0644\u062d\u0631\u0643\u0629 \u0645\u0631\u064a\u062d\u0629.<\/p>\n<h6>\u0636\u0645\u0627\u0646<strong>\u00a0<\/strong><span style=\"color: #ff0000;\"><strong>\u0644<\/strong><\/span><span style=\"color: #0000ff;\"><strong>\u0631<\/strong><\/span><strong>\u062c 2 \u0633\u0646\u0629<\/strong><\/h6>\n<h6><span style=\"color: #008000;\">\u0645\u062d\u0631\u0643 1500 \u0648\u0627\u0637 \u0627\u0644\u0623\u0643\u062b\u0631 \u0643\u0641\u0627\u0621\u0629 \u0648\u0627\u0644\u0627\u0633\u062a\u0647\u0644\u0627\u0643 \u0627\u0644\u0645\u0646\u062e\u0641\u0636<\/span><\/h6>\n<h6>\u064a\u0634\u0645\u0644 \u0627\u0644\u062f\u0639\u0645 \u0627\u0644\u0641\u0646\u064a<\/h6>","protected":false},"featured_media":2434,"comment_status":"open","ping_status":"closed","template":"","meta":{"wds_primary_product_brand":0,"wds_primary_product_cat":0},"product_brand":[],"product_cat":[43,61],"product_tag":[],"class_list":{"0":"post-2427","1":"product","2":"type-product","3":"status-publish","4":"has-post-thumbnail","6":"product_cat-cortadoras-de-alimentos","7":"product_cat-peladoras-de-alimentos","8":"product_shipping_class-express","10":"first","11":"instock","12":"taxable","13":"shipping-taxable","14":"purchasable","15":"product-type-simple"},"yoast_head":"<!-- This site is optimized with the Yoast SEO Premium plugin v24.9 (Yoast SEO v26.1) - https:\/\/yoast.com\/wordpress\/plugins\/seo\/ -->\n<title>Pelador autom\u00e1tico de patatas 15-20 Kg - distribuci\u00f3n ARC<\/title>\n<meta name=\"robots\" content=\"index, follow, max-snippet:-1, max-image-preview:large, max-video-preview:-1\" \/>\n<link rel=\"canonical\" href=\"https:\/\/www.distribucionarc.com\/ar\/producto\/pelador-automatico-de-patatas-15-20-kg\/\" \/>\n<meta property=\"og:locale\" content=\"ar_AR\" \/>\n<meta property=\"og:type\" content=\"article\" \/>\n<meta property=\"og:title\" content=\"Pelador autom\u00e1tico de patatas 15-20 Kg\" \/>\n<meta property=\"og:description\" content=\"Pelador autom\u00e1tico de patatas 15-20 Kg Esta m\u00e1quina peladora autom\u00e1tica ARC es capaz de pelar y lavar varios vegetales, como papas, batatas, jengibres, taros, etc., sin da\u00f1ar su pulpa. El pelado efectivo se consigue mediante tecnolog\u00edas de rotaci\u00f3n centr\u00edfuga y de pelado por fricci\u00f3n, puede llegar a pelar de 15 a 20 kg en 20 minutos. Toda la m\u00e1quina est\u00e1 fabricada en acero inoxidable 201 para una limpieza sin esfuerzo, con ruedas giratorias y mango para un c\u00f3modo desplazamiento. Garant\u00eda\u00a0ARC 2 A\u00d1OS motor m\u00e1s eficiente bajo consumo 1500W soporte t\u00e9cnico\u00a0incluido\" \/>\n<meta property=\"og:url\" content=\"https:\/\/www.distribucionarc.com\/ar\/producto\/pelador-automatico-de-patatas-15-20-kg\/\" \/>\n<meta property=\"og:site_name\" content=\"distribuci\u00f3n ARC\" \/>\n<meta property=\"article:modified_time\" content=\"2023-07-05T16:12:33+00:00\" \/>\n<meta property=\"og:image\" content=\"https:\/\/distribucionarc.com\/wp-content\/uploads\/2020\/08\/Pelador-autom\u00e1tico-de-patatas-15-20-Kg-0.jpg\" \/>\n\t<meta property=\"og:image:width\" content=\"1600\" \/>\n\t<meta property=\"og:image:height\" content=\"1600\" \/>\n\t<meta property=\"og:image:type\" content=\"image\/jpeg\" \/>\n<meta name=\"twitter:card\" content=\"summary_large_image\" \/>\n<meta name=\"twitter:label1\" content=\"\u0648\u0642\u062a \u0627\u0644\u0642\u0631\u0627\u0621\u0629 \u0627\u0644\u0645\u064f\u0642\u062f\u0651\u0631\" \/>\n\t<meta name=\"twitter:data1\" content=\"\u062f\u0642\u064a\u0642\u0629 \u0648\u0627\u062d\u062f\u0629\" \/>\n<script type=\"application\/ld+json\" class=\"yoast-schema-graph\">{\"@context\":\"https:\/\/schema.org\",\"@graph\":[{\"@type\":\"WebPage\",\"@id\":\"https:\/\/www.distribucionarc.com\/ar\/producto\/pelador-automatico-de-patatas-15-20-kg\/\",\"url\":\"https:\/\/www.distribucionarc.com\/ar\/producto\/pelador-automatico-de-patatas-15-20-kg\/\",\"name\":\"Pelador autom\u00e1tico de patatas 15-20 Kg - distribuci\u00f3n ARC\",\"isPartOf\":{\"@id\":\"https:\/\/distribucionarc.com\/ar\/#website\"},\"primaryImageOfPage\":{\"@id\":\"https:\/\/www.distribucionarc.com\/ar\/producto\/pelador-automatico-de-patatas-15-20-kg\/#primaryimage\"},\"image\":{\"@id\":\"https:\/\/www.distribucionarc.com\/ar\/producto\/pelador-automatico-de-patatas-15-20-kg\/#primaryimage\"},\"thumbnailUrl\":\"https:\/\/distribucionarc.com\/wp-content\/uploads\/2020\/08\/Pelador-autom\u00e1tico-de-patatas-15-20-Kg-0.jpg\",\"datePublished\":\"2020-08-18T10:29:11+00:00\",\"dateModified\":\"2023-07-05T16:12:33+00:00\",\"breadcrumb\":{\"@id\":\"https:\/\/www.distribucionarc.com\/ar\/producto\/pelador-automatico-de-patatas-15-20-kg\/#breadcrumb\"},\"inLanguage\":\"ar\",\"potentialAction\":[{\"@type\":\"ReadAction\",\"target\":[\"https:\/\/www.distribucionarc.com\/ar\/producto\/pelador-automatico-de-patatas-15-20-kg\/\"]}]},{\"@type\":\"ImageObject\",\"inLanguage\":\"ar\",\"@id\":\"https:\/\/www.distribucionarc.com\/ar\/producto\/pelador-automatico-de-patatas-15-20-kg\/#primaryimage\",\"url\":\"https:\/\/distribucionarc.com\/wp-content\/uploads\/2020\/08\/Pelador-autom\u00e1tico-de-patatas-15-20-Kg-0.jpg\",\"contentUrl\":\"https:\/\/distribucionarc.com\/wp-content\/uploads\/2020\/08\/Pelador-autom\u00e1tico-de-patatas-15-20-Kg-0.jpg\",\"width\":1600,\"height\":1600,\"caption\":\"Pelador autom\u00e1tico de patatas 15-20 Kg\"},{\"@type\":\"BreadcrumbList\",\"@id\":\"https:\/\/www.distribucionarc.com\/ar\/producto\/pelador-automatico-de-patatas-15-20-kg\/#breadcrumb\",\"itemListElement\":[{\"@type\":\"ListItem\",\"position\":1,\"name\":\"Portada\",\"item\":\"https:\/\/www.distribucionarc.com\/pt\/\"},{\"@type\":\"ListItem\",\"position\":2,\"name\":\"Produtos\",\"item\":\"https:\/\/www.distribucionarc.com\/pt\/shop\/\"},{\"@type\":\"ListItem\",\"position\":3,\"name\":\"Pelador autom\u00e1tico de patatas 15-20 Kg\"}]},{\"@type\":\"WebSite\",\"@id\":\"https:\/\/distribucionarc.com\/ar\/#website\",\"url\":\"https:\/\/distribucionarc.com\/ar\/\",\"name\":\"distribuci\u00f3n ARC\",\"description\":\"Empresa especializada en la fabricaci\u00f3n y distribuci\u00f3n de maquinaria industrial, selladoras de latas, Maquinas de hacer pastillas, Maquinas de cortar carne...\",\"publisher\":{\"@id\":\"https:\/\/distribucionarc.com\/ar\/#organization\"},\"potentialAction\":[{\"@type\":\"SearchAction\",\"target\":{\"@type\":\"EntryPoint\",\"urlTemplate\":\"https:\/\/distribucionarc.com\/ar\/?s={search_term_string}\"},\"query-input\":{\"@type\":\"PropertyValueSpecification\",\"valueRequired\":true,\"valueName\":\"search_term_string\"}}],\"inLanguage\":\"ar\"},{\"@type\":\"Organization\",\"@id\":\"https:\/\/distribucionarc.com\/ar\/#organization\",\"name\":\"Distribuci\u00f3n ARC\",\"url\":\"https:\/\/distribucionarc.com\/ar\/\",\"logo\":{\"@type\":\"ImageObject\",\"inLanguage\":\"ar\",\"@id\":\"https:\/\/distribucionarc.com\/ar\/#\/schema\/logo\/image\/\",\"url\":\"https:\/\/distribucionarc.com\/wp-content\/uploads\/2024\/10\/distribucion-ARC-COLOR-SIN-FONDO-e1732295305345.png\",\"contentUrl\":\"https:\/\/distribucionarc.com\/wp-content\/uploads\/2024\/10\/distribucion-ARC-COLOR-SIN-FONDO-e1732295305345.png\",\"width\":1164,\"height\":558,\"caption\":\"Distribuci\u00f3n ARC\"},\"image\":{\"@id\":\"https:\/\/distribucionarc.com\/ar\/#\/schema\/logo\/image\/\"},\"description\":\"Empresa especializada en la fabricaci\u00f3n y distribuci\u00f3n de maquinaria industrial para los sectores alimentario y farmac\u00e9utico. Nos especializamos en: M\u00e1quinas de cortar carne Fabricaci\u00f3n de comprimidos Sistemas de transporte industrial L\u00edneas de embotellado Dosificadores Y mucho m\u00e1s... Ofrecemos soluciones innovadoras y personalizadas para optimizar los procesos productivos de tu empresa.\",\"email\":\"Admistracion@distribucionarc.com\",\"telephone\":\"+34 643496664\",\"legalName\":\"ARC TECH SOLUTIONS\",\"foundingDate\":\"2024-04-09\",\"vatID\":\"B55480172\",\"numberOfEmployees\":{\"@type\":\"QuantitativeValue\",\"minValue\":\"1\",\"maxValue\":\"10\"}}]}<\/script>\n<!-- \/ Yoast SEO Premium plugin. -->","yoast_head_json":{"title":"\u0645\u0642\u0634\u0631\u0629 \u0628\u0637\u0627\u0637\u0633 \u0623\u0648\u062a\u0648\u0645\u0627\u062a\u064a\u0643\u064a\u0629 15-20 \u0643\u062c\u0645 - \u062a\u0648\u0632\u064a\u0639 ARC","robots":{"index":"index","follow":"follow","max-snippet":"max-snippet:-1","max-image-preview":"max-image-preview:large","max-video-preview":"max-video-preview:-1"},"canonical":"https:\/\/www.distribucionarc.com\/ar\/producto\/pelador-automatico-de-patatas-15-20-kg\/","og_locale":"ar_AR","og_type":"article","og_title":"Pelador autom\u00e1tico de patatas 15-20 Kg","og_description":"Pelador autom\u00e1tico de patatas 15-20 Kg Esta m\u00e1quina peladora autom\u00e1tica ARC es capaz de pelar y lavar varios vegetales, como papas, batatas, jengibres, taros, etc., sin da\u00f1ar su pulpa. El pelado efectivo se consigue mediante tecnolog\u00edas de rotaci\u00f3n centr\u00edfuga y de pelado por fricci\u00f3n, puede llegar a pelar de 15 a 20 kg en 20 minutos. Toda la m\u00e1quina est\u00e1 fabricada en acero inoxidable 201 para una limpieza sin esfuerzo, con ruedas giratorias y mango para un c\u00f3modo desplazamiento. Garant\u00eda\u00a0ARC 2 A\u00d1OS motor m\u00e1s eficiente bajo consumo 1500W soporte t\u00e9cnico\u00a0incluido","og_url":"https:\/\/www.distribucionarc.com\/ar\/producto\/pelador-automatico-de-patatas-15-20-kg\/","og_site_name":"distribuci\u00f3n ARC","article_modified_time":"2023-07-05T16:12:33+00:00","og_image":[{"width":1600,"height":1600,"url":"https:\/\/distribucionarc.com\/wp-content\/uploads\/2020\/08\/Pelador-autom\u00e1tico-de-patatas-15-20-Kg-0.jpg","type":"image\/jpeg"}],"twitter_card":"summary_large_image","twitter_misc":{"\u0648\u0642\u062a \u0627\u0644\u0642\u0631\u0627\u0621\u0629 \u0627\u0644\u0645\u064f\u0642\u062f\u0651\u0631":"\u062f\u0642\u064a\u0642\u0629 \u0648\u0627\u062d\u062f\u0629"},"schema":{"@context":"https:\/\/schema.org","@graph":[{"@type":"WebPage","@id":"https:\/\/www.distribucionarc.com\/ar\/producto\/pelador-automatico-de-patatas-15-20-kg\/","url":"https:\/\/www.distribucionarc.com\/ar\/producto\/pelador-automatico-de-patatas-15-20-kg\/","name":"\u0645\u0642\u0634\u0631\u0629 \u0628\u0637\u0627\u0637\u0633 \u0623\u0648\u062a\u0648\u0645\u0627\u062a\u064a\u0643\u064a\u0629 15-20 \u0643\u062c\u0645 - \u062a\u0648\u0632\u064a\u0639 ARC","isPartOf":{"@id":"https:\/\/distribucionarc.com\/ar\/#website"},"primaryImageOfPage":{"@id":"https:\/\/www.distribucionarc.com\/ar\/producto\/pelador-automatico-de-patatas-15-20-kg\/#primaryimage"},"image":{"@id":"https:\/\/www.distribucionarc.com\/ar\/producto\/pelador-automatico-de-patatas-15-20-kg\/#primaryimage"},"thumbnailUrl":"https:\/\/distribucionarc.com\/wp-content\/uploads\/2020\/08\/Pelador-autom\u00e1tico-de-patatas-15-20-Kg-0.jpg","datePublished":"2020-08-18T10:29:11+00:00","dateModified":"2023-07-05T16:12:33+00:00","breadcrumb":{"@id":"https:\/\/www.distribucionarc.com\/ar\/producto\/pelador-automatico-de-patatas-15-20-kg\/#breadcrumb"},"inLanguage":"ar","potentialAction":[{"@type":"ReadAction","target":["https:\/\/www.distribucionarc.com\/ar\/producto\/pelador-automatico-de-patatas-15-20-kg\/"]}]},{"@type":"ImageObject","inLanguage":"ar","@id":"https:\/\/www.distribucionarc.com\/ar\/producto\/pelador-automatico-de-patatas-15-20-kg\/#primaryimage","url":"https:\/\/distribucionarc.com\/wp-content\/uploads\/2020\/08\/Pelador-autom\u00e1tico-de-patatas-15-20-Kg-0.jpg","contentUrl":"https:\/\/distribucionarc.com\/wp-content\/uploads\/2020\/08\/Pelador-autom\u00e1tico-de-patatas-15-20-Kg-0.jpg","width":1600,"height":1600,"caption":"Pelador autom\u00e1tico de patatas 15-20 Kg"},{"@type":"BreadcrumbList","@id":"https:\/\/www.distribucionarc.com\/ar\/producto\/pelador-automatico-de-patatas-15-20-kg\/#breadcrumb","itemListElement":[{"@type":"ListItem","position":1,"name":"Portada","item":"https:\/\/www.distribucionarc.com\/pt\/"},{"@type":"ListItem","position":2,"name":"Produtos","item":"https:\/\/www.distribucionarc.com\/pt\/shop\/"},{"@type":"ListItem","position":3,"name":"Pelador autom\u00e1tico de patatas 15-20 Kg"}]},{"@type":"WebSite","@id":"https:\/\/distribucionarc.com\/ar\/#website","url":"https:\/\/distribucionarc.com\/ar\/","name":"\u062a\u0648\u0632\u064a\u0639 \u0627\u0644\u0642\u0648\u0633","description":"\u0634\u0631\u0643\u0629 \u0645\u062a\u062e\u0635\u0635\u0629 \u0641\u064a \u062a\u0635\u0646\u064a\u0639 \u0648\u062a\u0648\u0632\u064a\u0639 \u0627\u0644\u0622\u0644\u0627\u062a \u0627\u0644\u0635\u0646\u0627\u0639\u064a\u0629\u060c \u0648\u0645\u0627\u0643\u064a\u0646\u0627\u062a \u062e\u062a\u0645 \u0627\u0644\u0639\u0644\u0628\u060c \u0648\u0645\u0627\u0643\u064a\u0646\u0627\u062a \u0635\u0646\u0639 \u0627\u0644\u0623\u0642\u0631\u0627\u0635\u060c \u0648\u0645\u0627\u0643\u064a\u0646\u0627\u062a \u062a\u0642\u0637\u064a\u0639 \u0627\u0644\u0644\u062d\u0648\u0645...","publisher":{"@id":"https:\/\/distribucionarc.com\/ar\/#organization"},"potentialAction":[{"@type":"SearchAction","target":{"@type":"EntryPoint","urlTemplate":"https:\/\/distribucionarc.com\/ar\/?s={search_term_string}"},"query-input":{"@type":"PropertyValueSpecification","valueRequired":true,"valueName":"search_term_string"}}],"inLanguage":"ar"},{"@type":"Organization","@id":"https:\/\/distribucionarc.com\/ar\/#organization","name":"\u062a\u0648\u0632\u064a\u0639 \u0622\u0631\u0643","url":"https:\/\/distribucionarc.com\/ar\/","logo":{"@type":"ImageObject","inLanguage":"ar","@id":"https:\/\/distribucionarc.com\/ar\/#\/schema\/logo\/image\/","url":"https:\/\/distribucionarc.com\/wp-content\/uploads\/2024\/10\/distribucion-ARC-COLOR-SIN-FONDO-e1732295305345.png","contentUrl":"https:\/\/distribucionarc.com\/wp-content\/uploads\/2024\/10\/distribucion-ARC-COLOR-SIN-FONDO-e1732295305345.png","width":1164,"height":558,"caption":"Distribuci\u00f3n ARC"},"image":{"@id":"https:\/\/distribucionarc.com\/ar\/#\/schema\/logo\/image\/"},"description":"\u0634\u0631\u0643\u0629 \u0645\u062a\u062e\u0635\u0635\u0629 \u0641\u064a \u062a\u0635\u0646\u064a\u0639 \u0648\u062a\u0648\u0632\u064a\u0639 \u0627\u0644\u0622\u0644\u0627\u062a \u0627\u0644\u0635\u0646\u0627\u0639\u064a\u0629 \u0644\u0642\u0637\u0627\u0639\u064a \u0627\u0644\u0623\u063a\u0630\u064a\u0629 \u0648\u0627\u0644\u0623\u062f\u0648\u064a\u0629. \u0646\u062d\u0646 \u0645\u062a\u062e\u0635\u0635\u0648\u0646 \u0641\u064a: \u0645\u0627\u0643\u064a\u0646\u0627\u062a \u062a\u0642\u0637\u064a\u0639 \u0627\u0644\u0644\u062d\u0648\u0645 \u062a\u0635\u0646\u064a\u0639 \u0627\u0644\u0623\u0642\u0631\u0627\u0635 \u0623\u0646\u0638\u0645\u0629 \u0627\u0644\u0646\u0642\u0644 \u0627\u0644\u0635\u0646\u0627\u0639\u064a\u0629 \u062e\u0637\u0648\u0637 \u0627\u0644\u062a\u0639\u0628\u0626\u0629 \u0648\u0627\u0644\u062a\u063a\u0644\u064a\u0641 \u0627\u0644\u0645\u0648\u0632\u0639\u0627\u062a \u0648\u0623\u0643\u062b\u0631 \u0645\u0646 \u0630\u0644\u0643 \u0628\u0643\u062b\u064a\u0631... \u0646\u062d\u0646 \u0646\u0642\u062f\u0645 \u062d\u0644\u0648\u0644\u0627\u064b \u0645\u0628\u062a\u0643\u0631\u0629 \u0648\u0645\u062e\u0635\u0635\u0629 \u0644\u062a\u062d\u0633\u064a\u0646 \u0639\u0645\u0644\u064a\u0627\u062a \u0627\u0644\u0625\u0646\u062a\u0627\u062c \u0641\u064a \u0634\u0631\u0643\u062a\u0643.","email":"Admistracion@distribucionarc.com","telephone":"+34 643496664","legalName":"ARC TECH SOLUTIONS","foundingDate":"2024-04-09","vatID":"B55480172","numberOfEmployees":{"@type":"QuantitativeValue","minValue":"1","maxValue":"10"}}]}},"_links":{"self":[{"href":"https:\/\/distribucionarc.com\/ar\/wp-json\/wp\/v2\/product\/2427","targetHints":{"allow":["GET"]}}],"collection":[{"href":"https:\/\/distribucionarc.com\/ar\/wp-json\/wp\/v2\/product"}],"about":[{"href":"https:\/\/distribucionarc.com\/ar\/wp-json\/wp\/v2\/types\/product"}],"replies":[{"embeddable":true,"href":"https:\/\/distribucionarc.com\/ar\/wp-json\/wp\/v2\/comments?post=2427"}],"version-history":[{"count":0,"href":"https:\/\/distribucionarc.com\/ar\/wp-json\/wp\/v2\/product\/2427\/revisions"}],"wp:featuredmedia":[{"embeddable":true,"href":"https:\/\/distribucionarc.com\/ar\/wp-json\/wp\/v2\/media\/2434"}],"wp:attachment":[{"href":"https:\/\/distribucionarc.com\/ar\/wp-json\/wp\/v2\/media?parent=2427"}],"wp:term":[{"taxonomy":"product_brand","embeddable":true,"href":"https:\/\/distribucionarc.com\/ar\/wp-json\/wp\/v2\/product_brand?post=2427"},{"taxonomy":"product_cat","embeddable":true,"href":"https:\/\/distribucionarc.com\/ar\/wp-json\/wp\/v2\/product_cat?post=2427"},{"taxonomy":"product_tag","embeddable":true,"href":"https:\/\/distribucionarc.com\/ar\/wp-json\/wp\/v2\/product_tag?post=2427"}],"curies":[{"name":"wp","href":"https:\/\/api.w.org\/{rel}","templated":true}]}}