{"id":3751,"date":"2020-10-07T13:01:49","date_gmt":"2020-10-07T13:01:49","guid":{"rendered":"https:\/\/distribucionarc.com\/?post_type=product&#038;p=3751"},"modified":"2023-12-05T11:26:40","modified_gmt":"2023-12-05T11:26:40","slug":"%d8%a2%d9%84%d8%a9-%d9%84%d9%81-%d8%a7%d9%84%d8%ba%d8%b2%d9%84","status":"publish","type":"product","link":"https:\/\/distribucionarc.com\/ar\/producto\/maquina-bobinadora-de-hilo\/","title":{"rendered":"\u0622\u0644\u0629 \u0644\u0641 \u0627\u0644\u0643\u0627\u0628\u0644\u0627\u062a"},"content":{"rendered":"<h3>\u0622\u0644\u0629 \u0644\u0641 \u0627\u0644\u0643\u0627\u0628\u0644\u0627\u062a<\/h3>\n<p>\u0647\u0630\u0627<strong> \u0622\u0644\u0629 \u0644\u0641 \u0627\u0644\u062e\u064a\u0648\u0637 <span style=\"color: #ff0000;\">\u0644<\/span><span style=\"color: #0000ff;\">\u0631<\/span>\u062c<\/strong> \u0625\u0646\u0647\u0627 \u0622\u0644\u064a\u0629 \u0628\u0627\u0644\u0643\u0627\u0645\u0644 \u0643\u0645\u0627 \u0623\u0646\u0647\u0627 \u062a\u062d\u062a\u0648\u064a \u0639\u0644\u0649 \u0646\u0638\u0627\u0645 \u0630\u0643\u064a \u0639\u0627\u0644\u064a \u0627\u0644\u062f\u0642\u0629 \u0648\u0645\u062a\u0632\u0627\u0645\u0646 \u0648\u0645\u062a\u0637\u0648\u0631 \u064a\u062a\u062d\u0643\u0645 \u0641\u064a \u062c\u0645\u064a\u0639 \u0627\u0644\u0623\u0639\u0637\u0627\u0644 \u0623\u062b\u0646\u0627\u0621 \u0627\u0644\u0639\u0645\u0644\u064a\u0629. \u062a\u062e\u0628\u0631\u0643 \u0647\u0630\u0647 \u0627\u0644\u0648\u0638\u064a\u0641\u0629 \u0627\u0644\u0630\u0643\u064a\u0629 \u0639\u0646 \u0627\u0644\u0633\u0631\u0639\u0629 \u0627\u0644\u0632\u0627\u0626\u062f\u0629 \u0623\u062b\u0646\u0627\u0621 \u0627\u0644\u0639\u0645\u0644\u064a\u0629\u060c \u0648\u062a\u0642\u064a\u0633 \u0633\u0631\u0639\u0629 \u0627\u0644\u0644\u0641 \u0648\u062a\u0646\u0641\u0630 \u0639\u0645\u0644\u064a\u0629 \u0641\u062d\u0635 \u0630\u0627\u062a\u064a\u0629. \u062a\u062a\u064a\u062d \u0644\u0643 \u0648\u0638\u064a\u0641\u0629 \u0627\u0644\u0641\u0631\u062c\u0627\u0631 \u0642\u064a\u0627\u0633 \u0639\u0631\u0636 \u0627\u0644\u0644\u0641 \u0628\u0633\u0647\u0648\u0644\u0629<\/p>\n<p>\u0627\u0644\u0645\u062d\u0631\u0643<strong> \u0644\u0641\u0627\u0641\u0629 \u0623\u0648\u062a\u0648\u0645\u0627\u062a\u064a\u0643\u064a\u0629 <span style=\"color: #ff0000;\">\u0644<\/span><span style=\"color: #0000ff;\">\u0631<\/span>\u0633\u064a \u0625\u0645 \u0628\u064a \u0625\u062a\u0634 10<\/strong> \u064a\u062a\u0645 \u0627\u0644\u062a\u062d\u0643\u0645 \u0641\u064a\u0647 \u0639\u0646 \u0637\u0631\u064a\u0642 \u062c\u0647\u0627\u0632 \u0643\u0645\u0628\u064a\u0648\u062a\u0631 \u064a\u062a\u062d\u0643\u0645 \u0628\u0627\u0644\u0633\u0631\u0639\u0629\u061b \u0627\u0644\u0630\u064a \u064a\u0633\u0645\u062d \u0628\u0627\u0644\u062a\u062d\u0643\u0645 \u0641\u064a \u0627\u0644\u0633\u0631\u0639\u0629 \u0623\u062b\u0646\u0627\u0621 \u0627\u0644\u0639\u0645\u0644\u064a\u0629 \u0645\u0639 \u0645\u0632\u0627\u0645\u0646\u0629 \u0645\u0630\u0628\u0630\u0628 \u0627\u0644\u0633\u0644\u0633\u0644\u0629 \u0645\u0639\u0647\u0627.<\/p>\n<p>\u064a\u0645\u0643\u0646\u0643 \u0636\u0628\u0637 \u062c\u0645\u064a\u0639 \u0627\u0644\u0628\u064a\u0627\u0646\u0627\u062a \u0645\u062b\u0644: \u0646\u0642\u0637\u0629 \u0627\u0644\u0628\u062f\u0627\u064a\u0629\u060c \u062d\u062c\u0645 \u0627\u0644\u0633\u0644\u0643\u060c \u0639\u0631\u0636 \u062a\u0639\u0648\u064a\u0636 \u0627\u0644\u0644\u0641\u060c \u0633\u0631\u0639\u0629 \u0628\u062f\u0621 \u0627\u0644\u0644\u0641\u060c \u0627\u0644\u062a\u0648\u0642\u0641 \u0627\u0644\u0628\u0637\u064a\u0621\u060c \u0633\u0631\u0639\u0629 \u0627\u0644\u0644\u0641\u060c \u0633\u0631\u0639\u0629 \u0627\u0644\u062f\u0648\u0631\u0627\u0646 \u0627\u0644\u0628\u0637\u064a\u0626\u0629\u060c \u0627\u062a\u062c\u0627\u0647 \u062a\u0639\u0648\u064a\u0636 \u0627\u0644\u0644\u0641\u060c \u0627\u062a\u062c\u0627\u0647 \u0627\u0644\u0644\u0641\u060c \u0627\u0644\u062a\u0648\u0642\u0641 \u062b\u0646\u0627\u0626\u064a \u0627\u0644\u0642\u0637\u0628\u060c \u0625\u0639\u0627\u062f\u0629 \u0627\u0644\u062a\u0634\u063a\u064a\u0644 \u0627\u0644\u062a\u0644\u0642\u0627\u0626\u064a \u0648\u0627\u0644\u0628\u062f\u0621. \u062a\u062a\u0645\u062a\u0639 \u0628\u0633\u0639\u0629 \u0630\u0627\u0643\u0631\u0629 \u062a\u0635\u0644 \u0625\u0644\u0649 999 \u0645\u0639\u0644\u0645\u0629.<\/p>\n<h6><strong>\u0636\u0645\u0627\u0646\u00a0<span style=\"color: #ff0000;\">\u0644<\/span><span style=\"color: #0000ff;\">\u0631<\/span>\u062c 2 \u0633\u0646\u0629<\/strong><\/h6>\n<h6><span style=\"color: #008000;\">\u0622\u0644\u0629 \u0644\u0641 \u0627\u0644\u062e\u064a\u0648\u0637 \u0628\u0643\u0641\u0627\u0621\u0629\u060c \u0627\u0633\u062a\u0647\u0644\u0627\u0643 \u0645\u0646\u062e\u0641\u0636 350 \u0648\u0627\u062a<\/span><\/h6>\n<h6><strong>\u064a\u0634\u0645\u0644 \u0627\u0644\u062f\u0639\u0645 \u0627\u0644\u0641\u0646\u064a<\/strong><\/h6>\n<p>&nbsp;<\/p>\n<p>&nbsp;<\/p>\n<table role=\"presentation\" width=\"100%\" cellspacing=\"0\" cellpadding=\"0\">\n<tbody>\n<tr>\n<td class=\"attrLabels\">\u0645\u0627\u0631\u0643\u0629:<\/td>\n<td width=\"50.0%\">\u0642\u0648\u0633<\/td>\n<\/tr>\n<tr>\n<td class=\"attrLabels\">\u0628\u0644\u062f \u0627\u0644\u062a\u0648\u0632\u064a\u0639:<\/td>\n<td width=\"50.0%\">\u0627\u0633\u0628\u0627\u0646\u064a\u0627\u060c \u0623\u0644\u0645\u0627\u0646\u064a\u0627\u060c \u0627\u0644\u0648\u0644\u0627\u064a\u0627\u062a \u0627\u0644\u0645\u062a\u062d\u062f\u0629 \u0627\u0644\u0623\u0645\u0631\u064a\u0643\u064a\u0629<\/td>\n<td class=\"attrLabels\">\u0623\u0628\u0639\u0627\u062f \u0627\u0644\u0622\u0644\u0629:<\/td>\n<td width=\"50.0%\">47 \u00d7 48 \u00d7 39 \u0633\u0645<\/td>\n<\/tr>\n<tr>\n<td class=\"attrLabels\">\u0636\u0645\u0627\u0646:<\/td>\n<td width=\"50.0%\">\u0633\u0646\u062a\u0627\u0646<\/td>\n<td class=\"attrLabels\">\u0642\u0648\u0629:<\/td>\n<td width=\"50.0%\">350 \u0648\u0627\u0637<\/td>\n<\/tr>\n<tr>\n<td class=\"attrLabels\">\u0644\u0648\u0646:<\/td>\n<td width=\"50.0%\">\u0641\u0636\u064a<\/td>\n<td class=\"attrLabels\">\u062c\u0647\u062f \u0627\u0644\u0625\u062f\u062e\u0627\u0644:<\/td>\n<td width=\"50.0%\">220 \u0641\u0648\u0644\u062a \u2013 60 \u0647\u0631\u062a\u0632<\/td>\n<\/tr>\n<tr>\n<td class=\"attrLabels\">\u0646\u0648\u0639 \u0627\u0644\u0645\u0646\u062a\u062c:<\/td>\n<td width=\"50.0%\">\u0644\u0641 \u0627\u0644\u062e\u064a\u0637 \u0627\u0644\u0643\u0647\u0631\u0628\u0627\u0626\u064a<\/td>\n<td class=\"attrLabels\">\u0623\u0642\u0635\u0649 \u0639\u0631\u0636 \u0644\u0644\u0644\u0641:<\/td>\n<td width=\"50.0%\">110 \u0645\u0644\u0645<\/td>\n<\/tr>\n<tr>\n<td class=\"attrLabels\">\u0631\u0642\u0645 \u0627\u0644\u0634\u0631\u0643\u0629 \u0627\u0644\u0645\u0635\u0646\u0639\u0629:<\/td>\n<td width=\"50.0%\">\u0623\u0631\u0643\u0645\u0628\u0647\u062710<\/td>\n<td class=\"attrLabels\">\u062d\u062c\u0645 \u0627\u0644\u0633\u0644\u0643:<\/td>\n<td width=\"50.0%\">0.03 \u2013 1.2 \u0645\u0644\u0645<\/td>\n<\/tr>\n<tr>\n<td class=\"attrLabels\">\u0645\u0627\u062f\u0629:<\/td>\n<td width=\"50.0%\">\u0641\u0648\u0644\u0627\u0630 \u0645\u0642\u0648\u0649\u060c \u0645\u062d\u0631\u0643 \u0641\u0639\u0627\u0644\u060c \u062d\u0627\u0633\u0648\u0628 \u0630\u0643\u064a<\/td>\n<td class=\"attrLabels\">\u0627\u0644\u062d\u062f \u0627\u0644\u0623\u0642\u0635\u0649 \u0644\u0633\u0631\u0639\u0629 \u0627\u0644\u062f\u0648\u0631\u0627\u0646:<\/td>\n<td width=\"50.0%\">6000 \u062f\u0648\u0631\u0629 \u0641\u064a \u0627\u0644\u062f\u0642\u064a\u0642\u0629<\/td>\n<\/tr>\n<tr>\n<td class=\"attrLabels\">\u0623\u062f\u0648\u0627\u062a \u0627\u0644\u062a\u062b\u0628\u064a\u062a:<\/td>\n<td width=\"50.0%\">\u0646\u0639\u0645<\/td>\n<td class=\"attrLabels\">\u062f\u0642\u0629 \u0627\u0644\u0639\u062f:<\/td>\n<td width=\"50.0%\">0.1 \u062f\u0627\u0626\u0631\u0629<\/td>\n<\/tr>\n<tr>\n<td class=\"attrLabels\">\u0648\u0632\u0646:<\/td>\n<td width=\"50.0%\">29 \u0643\u062c\u0645<\/td>\n<td class=\"attrLabels\">\u0627\u0644\u0645\u062c\u0645\u0648\u0639\u0627\u062a \u0627\u0644\u0642\u0627\u0628\u0644\u0629 \u0644\u0644\u062a\u062e\u0632\u064a\u0646:<\/td>\n<td width=\"50.0%\">999 \u0630\u0627\u0643\u0631\u0629 \u0645\u062a\u0639\u0631\u062c\u0629<\/td>\n<\/tr>\n<\/tbody>\n<\/table>","protected":false},"excerpt":{"rendered":"<h2>\u0622\u0644\u0629 \u0644\u0641 \u0627\u0644\u0643\u0627\u0628\u0644\u0627\u062a<\/h2>\n<p>\u0647\u0630\u0627<strong> \u0644\u0641 \u0627\u0644\u062e\u064a\u0637 <span style=\"color: #ff0000;\">\u0644<\/span><span style=\"color: #0000ff;\">\u0631<\/span>\u062c \u0623\u0648\u062a\u0648\u0645\u0627\u062a\u064a\u0643\u064a<\/strong> \u064a\u062a\u0645 \u0627\u0644\u062a\u062d\u0643\u0645 \u0641\u064a\u0647 \u0639\u0646 \u0637\u0631\u064a\u0642 \u0627\u0644\u0643\u0645\u0628\u064a\u0648\u062a\u0631\u060c \u0648\u064a\u0639\u062a\u0645\u062f \u0639\u0644\u0649 \u0623\u062d\u062f\u062b \u0623\u0646\u0638\u0645\u0629 \u0627\u0644\u0644\u0641 \u0627\u0644\u0645\u062a\u0632\u0627\u0645\u0646\u0629 \u0639\u0627\u0644\u064a\u0629 \u0627\u0644\u062f\u0642\u0629 \u0648\u0627\u0644\u0633\u0644\u0633\u0629\u061b \u0639\u0646\u062f\u0645\u0627 \u062a\u062d\u062f\u062b \u0645\u062d\u0627\u0630\u0627\u0629 \u062e\u0627\u0637\u0626\u0629 \u0623\u062b\u0646\u0627\u0621 \u0639\u0645\u0644\u064a\u0629 \u0627\u0644\u0644\u0641 \u0628\u0633\u0631\u0639\u0629 \u0645\u0641\u0631\u0637\u0629. \u064a\u062a\u0645\u064a\u0632 \u0628\u0646\u0638\u0627\u0645 \u0630\u0643\u064a \u0644\u0644\u063a\u0627\u064a\u0629 \u0645\u0639 \u0641\u062d\u0635 \u0630\u0627\u062a\u064a \u0648\u0623\u062e\u0637\u0627\u0621 \u0627\u0644\u0645\u0639\u062f\u0627\u062a \u0648\u0645\u0631\u0627\u0642\u0628\u0629 \u0627\u0644\u0633\u0631\u0639\u0629 \u0627\u0644\u0632\u0627\u0626\u062f\u0629 \u0648\u0648\u0638\u0627\u0626\u0641 \u0645\u0639\u0627\u064a\u0631\u0629 \u0627\u0644\u0633\u0631\u0639\u0629. \u064a\u0645\u0643\u0646\u0643 \u062a\u0643\u0648\u064a\u0646 \u0645\u0639\u0644\u0645\u0627\u062a \u0627\u0644\u0633\u0631\u0639\u0629 \u0627\u0644\u062a\u064a \u062a\u0646\u0627\u0633\u0628 \u0627\u062d\u062a\u064a\u0627\u062c\u0627\u062a\u0643 \u0628\u0634\u0643\u0644 \u0623\u0641\u0636\u0644. \u0647\u0630\u0627 <strong>\u0622\u0644\u0629 \u0644\u0641 \u0627\u0644\u062e\u064a\u0648\u0637<\/strong> \u0641\u0647\u0648 \u0645\u0646\u0627\u0633\u0628 \u0644\u0644\u0645\u0639\u0627\u062f\u0646 \u0627\u0644\u0631\u0642\u064a\u0642\u0629 \u0645\u062b\u0644 \u0627\u0644\u0646\u062d\u0627\u0633 \u0648\u0627\u0644\u0641\u0648\u0644\u0627\u0630 \u0648\u0627\u0644\u0623\u0644\u0645\u0646\u064a\u0648\u0645 \u0648\u0627\u0644\u0623\u0633\u0644\u0627\u0643 \u0623\u0648 \u062d\u062a\u0649 \u0627\u0644\u0646\u0627\u064a\u0644\u0648\u0646 \u0627\u0644\u0633\u0645\u064a\u0643.<\/p>\n<h6><strong>\u0636\u0645\u0627\u0646\u00a0<span style=\"color: #ff0000;\">\u0644<\/span><span style=\"color: #0000ff;\">\u0631<\/span>\u062c 2 \u0633\u0646\u0629<\/strong><\/h6>\n<h6><span style=\"color: #008000;\">\u0622\u0644\u0629 \u0644\u0641 \u0627\u0644\u062e\u064a\u0648\u0637 \u0628\u0643\u0641\u0627\u0621\u0629\u060c \u0627\u0633\u062a\u0647\u0644\u0627\u0643 \u0645\u0646\u062e\u0641\u0636 350 \u0648\u0627\u062a<\/span><\/h6>\n<h6><strong>\u064a\u0634\u0645\u0644 \u0627\u0644\u062f\u0639\u0645 \u0627\u0644\u0641\u0646\u064a<\/strong><\/h6>","protected":false},"featured_media":3757,"comment_status":"open","ping_status":"closed","template":"","meta":{"wds_primary_product_brand":0,"wds_primary_product_cat":0},"product_brand":[],"product_cat":[69],"product_tag":[],"class_list":{"0":"post-3751","1":"product","2":"type-product","3":"status-publish","4":"has-post-thumbnail","6":"product_cat-maquinas-variadas","7":"product_shipping_class-hosteleria","9":"first","10":"instock","11":"taxable","12":"shipping-taxable","13":"purchasable","14":"product-type-simple"},"yoast_head":"<!-- This site is optimized with the Yoast SEO Premium plugin v24.9 (Yoast SEO v26.1) - https:\/\/yoast.com\/wordpress\/plugins\/seo\/ -->\n<title>M\u00e1quina bobinadora de cable - distribuci\u00f3n ARC<\/title>\n<meta name=\"robots\" content=\"index, follow, max-snippet:-1, max-image-preview:large, max-video-preview:-1\" \/>\n<link rel=\"canonical\" href=\"https:\/\/distribucionarc.com\/ar\/\u0645\u0646\u062a\u062c\/\u0622\u0644\u0629-\u0644\u0641-\u0627\u0644\u063a\u0632\u0644\/\" \/>\n<meta property=\"og:locale\" content=\"ar_AR\" \/>\n<meta property=\"og:type\" content=\"article\" \/>\n<meta property=\"og:title\" content=\"M\u00e1quina bobinadora de cable\" \/>\n<meta property=\"og:description\" content=\"M\u00e1quina bobinadora de cable Esta bobinadora de hilo ARC autom\u00e1tica controlada por ordenador, adopta los \u00faltimos sistemas de bobinado sincronizado de alta precisi\u00f3n y sin problemas; cuando aparecen desalineaciones en el proceso de bobinado a una velocidad excesiva. Cuenta con un sistema super inteligente con funciones de autocomprobaci\u00f3n, errores del equipo, seguimiento de velocidad excesiva y calibraci\u00f3n de la velocidad. Puede configurar los par\u00e1metros de velocidad que m\u00e1s se adapten a su necesidad. Esta maquina para bobinar hilo est\u00e1 adaptada para metales finos como cobre, acero, aluminio, alambre o incluso nylon grueso. Garant\u00eda\u00a0ARC 2 A\u00d1OS Rebobinadora de hilo eficiente, bajo consumo 350w soporte t\u00e9cnico incluido\" \/>\n<meta property=\"og:url\" content=\"https:\/\/distribucionarc.com\/ar\/\u0645\u0646\u062a\u062c\/\u0622\u0644\u0629-\u0644\u0641-\u0627\u0644\u063a\u0632\u0644\/\" \/>\n<meta property=\"og:site_name\" content=\"distribuci\u00f3n ARC\" \/>\n<meta property=\"article:modified_time\" content=\"2023-12-05T11:26:40+00:00\" \/>\n<meta property=\"og:image\" content=\"https:\/\/distribucionarc.com\/wp-content\/uploads\/2020\/10\/M\u00e1quina-bobinadora-de-hilo-2.jpg\" \/>\n\t<meta property=\"og:image:width\" content=\"1000\" \/>\n\t<meta property=\"og:image:height\" content=\"1000\" \/>\n\t<meta property=\"og:image:type\" content=\"image\/jpeg\" \/>\n<meta name=\"twitter:card\" content=\"summary_large_image\" \/>\n<meta name=\"twitter:label1\" content=\"\u0648\u0642\u062a \u0627\u0644\u0642\u0631\u0627\u0621\u0629 \u0627\u0644\u0645\u064f\u0642\u062f\u0651\u0631\" \/>\n\t<meta name=\"twitter:data1\" content=\"\u062f\u0642\u064a\u0642\u0629 \u0648\u0627\u062d\u062f\u0629\" \/>\n<script type=\"application\/ld+json\" class=\"yoast-schema-graph\">{\"@context\":\"https:\/\/schema.org\",\"@graph\":[{\"@type\":\"WebPage\",\"@id\":\"https:\/\/distribucionarc.com\/fr\/producto\/maquina-bobinadora-de-hilo\/\",\"url\":\"https:\/\/distribucionarc.com\/fr\/producto\/maquina-bobinadora-de-hilo\/\",\"name\":\"M\u00e1quina bobinadora de cable - distribuci\u00f3n ARC\",\"isPartOf\":{\"@id\":\"https:\/\/distribucionarc.com\/ar\/#website\"},\"primaryImageOfPage\":{\"@id\":\"https:\/\/distribucionarc.com\/fr\/producto\/maquina-bobinadora-de-hilo\/#primaryimage\"},\"image\":{\"@id\":\"https:\/\/distribucionarc.com\/fr\/producto\/maquina-bobinadora-de-hilo\/#primaryimage\"},\"thumbnailUrl\":\"https:\/\/distribucionarc.com\/wp-content\/uploads\/2020\/10\/M\u00e1quina-bobinadora-de-hilo-2.jpg\",\"datePublished\":\"2020-10-07T13:01:49+00:00\",\"dateModified\":\"2023-12-05T11:26:40+00:00\",\"breadcrumb\":{\"@id\":\"https:\/\/distribucionarc.com\/fr\/producto\/maquina-bobinadora-de-hilo\/#breadcrumb\"},\"inLanguage\":\"ar\",\"potentialAction\":[{\"@type\":\"ReadAction\",\"target\":[\"https:\/\/distribucionarc.com\/fr\/producto\/maquina-bobinadora-de-hilo\/\"]}]},{\"@type\":\"ImageObject\",\"inLanguage\":\"ar\",\"@id\":\"https:\/\/distribucionarc.com\/fr\/producto\/maquina-bobinadora-de-hilo\/#primaryimage\",\"url\":\"https:\/\/distribucionarc.com\/wp-content\/uploads\/2020\/10\/M\u00e1quina-bobinadora-de-hilo-2.jpg\",\"contentUrl\":\"https:\/\/distribucionarc.com\/wp-content\/uploads\/2020\/10\/M\u00e1quina-bobinadora-de-hilo-2.jpg\",\"width\":1000,\"height\":1000,\"caption\":\"M\u00e1quina bobinadora de hilo\"},{\"@type\":\"BreadcrumbList\",\"@id\":\"https:\/\/distribucionarc.com\/fr\/producto\/maquina-bobinadora-de-hilo\/#breadcrumb\",\"itemListElement\":[{\"@type\":\"ListItem\",\"position\":1,\"name\":\"Portada\",\"item\":\"https:\/\/www.distribucionarc.com\/pt\/\"},{\"@type\":\"ListItem\",\"position\":2,\"name\":\"Produtos\",\"item\":\"https:\/\/www.distribucionarc.com\/pt\/shop\/\"},{\"@type\":\"ListItem\",\"position\":3,\"name\":\"M\u00e1quina bobinadora de cable\"}]},{\"@type\":\"WebSite\",\"@id\":\"https:\/\/distribucionarc.com\/ar\/#website\",\"url\":\"https:\/\/distribucionarc.com\/ar\/\",\"name\":\"distribuci\u00f3n ARC\",\"description\":\"Empresa especializada en la fabricaci\u00f3n y distribuci\u00f3n de maquinaria industrial, selladoras de latas, Maquinas de hacer pastillas, Maquinas de cortar carne...\",\"publisher\":{\"@id\":\"https:\/\/distribucionarc.com\/ar\/#organization\"},\"potentialAction\":[{\"@type\":\"SearchAction\",\"target\":{\"@type\":\"EntryPoint\",\"urlTemplate\":\"https:\/\/distribucionarc.com\/ar\/?s={search_term_string}\"},\"query-input\":{\"@type\":\"PropertyValueSpecification\",\"valueRequired\":true,\"valueName\":\"search_term_string\"}}],\"inLanguage\":\"ar\"},{\"@type\":\"Organization\",\"@id\":\"https:\/\/distribucionarc.com\/ar\/#organization\",\"name\":\"Distribuci\u00f3n ARC\",\"url\":\"https:\/\/distribucionarc.com\/ar\/\",\"logo\":{\"@type\":\"ImageObject\",\"inLanguage\":\"ar\",\"@id\":\"https:\/\/distribucionarc.com\/ar\/#\/schema\/logo\/image\/\",\"url\":\"https:\/\/distribucionarc.com\/wp-content\/uploads\/2024\/10\/distribucion-ARC-COLOR-SIN-FONDO-e1732295305345.png\",\"contentUrl\":\"https:\/\/distribucionarc.com\/wp-content\/uploads\/2024\/10\/distribucion-ARC-COLOR-SIN-FONDO-e1732295305345.png\",\"width\":1164,\"height\":558,\"caption\":\"Distribuci\u00f3n ARC\"},\"image\":{\"@id\":\"https:\/\/distribucionarc.com\/ar\/#\/schema\/logo\/image\/\"},\"description\":\"Empresa especializada en la fabricaci\u00f3n y distribuci\u00f3n de maquinaria industrial para los sectores alimentario y farmac\u00e9utico. Nos especializamos en: M\u00e1quinas de cortar carne Fabricaci\u00f3n de comprimidos Sistemas de transporte industrial L\u00edneas de embotellado Dosificadores Y mucho m\u00e1s... Ofrecemos soluciones innovadoras y personalizadas para optimizar los procesos productivos de tu empresa.\",\"email\":\"Admistracion@distribucionarc.com\",\"telephone\":\"+34 643496664\",\"legalName\":\"ARC TECH SOLUTIONS\",\"foundingDate\":\"2024-04-09\",\"vatID\":\"B55480172\",\"numberOfEmployees\":{\"@type\":\"QuantitativeValue\",\"minValue\":\"1\",\"maxValue\":\"10\"}}]}<\/script>\n<!-- \/ Yoast SEO Premium plugin. -->","yoast_head_json":{"title":"\u0622\u0644\u0629 \u0644\u0641 \u0627\u0644\u0643\u0627\u0628\u0644\u0627\u062a - \u062a\u0648\u0632\u064a\u0639 \u0627\u0644\u0642\u0648\u0633 \u0627\u0644\u0643\u0647\u0631\u0628\u0627\u0626\u064a","robots":{"index":"index","follow":"follow","max-snippet":"max-snippet:-1","max-image-preview":"max-image-preview:large","max-video-preview":"max-video-preview:-1"},"canonical":"https:\/\/distribucionarc.com\/ar\/\u0645\u0646\u062a\u062c\/\u0622\u0644\u0629-\u0644\u0641-\u0627\u0644\u063a\u0632\u0644\/","og_locale":"ar_AR","og_type":"article","og_title":"M\u00e1quina bobinadora de cable","og_description":"M\u00e1quina bobinadora de cable Esta bobinadora de hilo ARC autom\u00e1tica controlada por ordenador, adopta los \u00faltimos sistemas de bobinado sincronizado de alta precisi\u00f3n y sin problemas; cuando aparecen desalineaciones en el proceso de bobinado a una velocidad excesiva. Cuenta con un sistema super inteligente con funciones de autocomprobaci\u00f3n, errores del equipo, seguimiento de velocidad excesiva y calibraci\u00f3n de la velocidad. Puede configurar los par\u00e1metros de velocidad que m\u00e1s se adapten a su necesidad. Esta maquina para bobinar hilo est\u00e1 adaptada para metales finos como cobre, acero, aluminio, alambre o incluso nylon grueso. Garant\u00eda\u00a0ARC 2 A\u00d1OS Rebobinadora de hilo eficiente, bajo consumo 350w soporte t\u00e9cnico incluido","og_url":"https:\/\/distribucionarc.com\/ar\/\u0645\u0646\u062a\u062c\/\u0622\u0644\u0629-\u0644\u0641-\u0627\u0644\u063a\u0632\u0644\/","og_site_name":"distribuci\u00f3n ARC","article_modified_time":"2023-12-05T11:26:40+00:00","og_image":[{"width":1000,"height":1000,"url":"https:\/\/distribucionarc.com\/wp-content\/uploads\/2020\/10\/M\u00e1quina-bobinadora-de-hilo-2.jpg","type":"image\/jpeg"}],"twitter_card":"summary_large_image","twitter_misc":{"\u0648\u0642\u062a \u0627\u0644\u0642\u0631\u0627\u0621\u0629 \u0627\u0644\u0645\u064f\u0642\u062f\u0651\u0631":"\u062f\u0642\u064a\u0642\u0629 \u0648\u0627\u062d\u062f\u0629"},"schema":{"@context":"https:\/\/schema.org","@graph":[{"@type":"WebPage","@id":"https:\/\/distribucionarc.com\/fr\/producto\/maquina-bobinadora-de-hilo\/","url":"https:\/\/distribucionarc.com\/fr\/producto\/maquina-bobinadora-de-hilo\/","name":"\u0622\u0644\u0629 \u0644\u0641 \u0627\u0644\u0643\u0627\u0628\u0644\u0627\u062a - \u062a\u0648\u0632\u064a\u0639 \u0627\u0644\u0642\u0648\u0633 \u0627\u0644\u0643\u0647\u0631\u0628\u0627\u0626\u064a","isPartOf":{"@id":"https:\/\/distribucionarc.com\/ar\/#website"},"primaryImageOfPage":{"@id":"https:\/\/distribucionarc.com\/fr\/producto\/maquina-bobinadora-de-hilo\/#primaryimage"},"image":{"@id":"https:\/\/distribucionarc.com\/fr\/producto\/maquina-bobinadora-de-hilo\/#primaryimage"},"thumbnailUrl":"https:\/\/distribucionarc.com\/wp-content\/uploads\/2020\/10\/M\u00e1quina-bobinadora-de-hilo-2.jpg","datePublished":"2020-10-07T13:01:49+00:00","dateModified":"2023-12-05T11:26:40+00:00","breadcrumb":{"@id":"https:\/\/distribucionarc.com\/fr\/producto\/maquina-bobinadora-de-hilo\/#breadcrumb"},"inLanguage":"ar","potentialAction":[{"@type":"ReadAction","target":["https:\/\/distribucionarc.com\/fr\/producto\/maquina-bobinadora-de-hilo\/"]}]},{"@type":"ImageObject","inLanguage":"ar","@id":"https:\/\/distribucionarc.com\/fr\/producto\/maquina-bobinadora-de-hilo\/#primaryimage","url":"https:\/\/distribucionarc.com\/wp-content\/uploads\/2020\/10\/M\u00e1quina-bobinadora-de-hilo-2.jpg","contentUrl":"https:\/\/distribucionarc.com\/wp-content\/uploads\/2020\/10\/M\u00e1quina-bobinadora-de-hilo-2.jpg","width":1000,"height":1000,"caption":"M\u00e1quina bobinadora de hilo"},{"@type":"BreadcrumbList","@id":"https:\/\/distribucionarc.com\/fr\/producto\/maquina-bobinadora-de-hilo\/#breadcrumb","itemListElement":[{"@type":"ListItem","position":1,"name":"Portada","item":"https:\/\/www.distribucionarc.com\/pt\/"},{"@type":"ListItem","position":2,"name":"Produtos","item":"https:\/\/www.distribucionarc.com\/pt\/shop\/"},{"@type":"ListItem","position":3,"name":"M\u00e1quina bobinadora de cable"}]},{"@type":"WebSite","@id":"https:\/\/distribucionarc.com\/ar\/#website","url":"https:\/\/distribucionarc.com\/ar\/","name":"\u062a\u0648\u0632\u064a\u0639 \u0627\u0644\u0642\u0648\u0633","description":"\u0634\u0631\u0643\u0629 \u0645\u062a\u062e\u0635\u0635\u0629 \u0641\u064a \u062a\u0635\u0646\u064a\u0639 \u0648\u062a\u0648\u0632\u064a\u0639 \u0627\u0644\u0622\u0644\u0627\u062a \u0627\u0644\u0635\u0646\u0627\u0639\u064a\u0629\u060c \u0648\u0645\u0627\u0643\u064a\u0646\u0627\u062a \u062e\u062a\u0645 \u0627\u0644\u0639\u0644\u0628\u060c \u0648\u0645\u0627\u0643\u064a\u0646\u0627\u062a \u0635\u0646\u0639 \u0627\u0644\u0623\u0642\u0631\u0627\u0635\u060c \u0648\u0645\u0627\u0643\u064a\u0646\u0627\u062a \u062a\u0642\u0637\u064a\u0639 \u0627\u0644\u0644\u062d\u0648\u0645...","publisher":{"@id":"https:\/\/distribucionarc.com\/ar\/#organization"},"potentialAction":[{"@type":"SearchAction","target":{"@type":"EntryPoint","urlTemplate":"https:\/\/distribucionarc.com\/ar\/?s={search_term_string}"},"query-input":{"@type":"PropertyValueSpecification","valueRequired":true,"valueName":"search_term_string"}}],"inLanguage":"ar"},{"@type":"Organization","@id":"https:\/\/distribucionarc.com\/ar\/#organization","name":"\u062a\u0648\u0632\u064a\u0639 \u0622\u0631\u0643","url":"https:\/\/distribucionarc.com\/ar\/","logo":{"@type":"ImageObject","inLanguage":"ar","@id":"https:\/\/distribucionarc.com\/ar\/#\/schema\/logo\/image\/","url":"https:\/\/distribucionarc.com\/wp-content\/uploads\/2024\/10\/distribucion-ARC-COLOR-SIN-FONDO-e1732295305345.png","contentUrl":"https:\/\/distribucionarc.com\/wp-content\/uploads\/2024\/10\/distribucion-ARC-COLOR-SIN-FONDO-e1732295305345.png","width":1164,"height":558,"caption":"Distribuci\u00f3n ARC"},"image":{"@id":"https:\/\/distribucionarc.com\/ar\/#\/schema\/logo\/image\/"},"description":"\u0634\u0631\u0643\u0629 \u0645\u062a\u062e\u0635\u0635\u0629 \u0641\u064a \u062a\u0635\u0646\u064a\u0639 \u0648\u062a\u0648\u0632\u064a\u0639 \u0627\u0644\u0622\u0644\u0627\u062a \u0627\u0644\u0635\u0646\u0627\u0639\u064a\u0629 \u0644\u0642\u0637\u0627\u0639\u064a \u0627\u0644\u0623\u063a\u0630\u064a\u0629 \u0648\u0627\u0644\u0623\u062f\u0648\u064a\u0629. \u0646\u062d\u0646 \u0645\u062a\u062e\u0635\u0635\u0648\u0646 \u0641\u064a: \u0645\u0627\u0643\u064a\u0646\u0627\u062a \u062a\u0642\u0637\u064a\u0639 \u0627\u0644\u0644\u062d\u0648\u0645 \u062a\u0635\u0646\u064a\u0639 \u0627\u0644\u0623\u0642\u0631\u0627\u0635 \u0623\u0646\u0638\u0645\u0629 \u0627\u0644\u0646\u0642\u0644 \u0627\u0644\u0635\u0646\u0627\u0639\u064a\u0629 \u062e\u0637\u0648\u0637 \u0627\u0644\u062a\u0639\u0628\u0626\u0629 \u0648\u0627\u0644\u062a\u063a\u0644\u064a\u0641 \u0627\u0644\u0645\u0648\u0632\u0639\u0627\u062a \u0648\u0623\u0643\u062b\u0631 \u0645\u0646 \u0630\u0644\u0643 \u0628\u0643\u062b\u064a\u0631... \u0646\u062d\u0646 \u0646\u0642\u062f\u0645 \u062d\u0644\u0648\u0644\u0627\u064b \u0645\u0628\u062a\u0643\u0631\u0629 \u0648\u0645\u062e\u0635\u0635\u0629 \u0644\u062a\u062d\u0633\u064a\u0646 \u0639\u0645\u0644\u064a\u0627\u062a \u0627\u0644\u0625\u0646\u062a\u0627\u062c \u0641\u064a \u0634\u0631\u0643\u062a\u0643.","email":"Admistracion@distribucionarc.com","telephone":"+34 643496664","legalName":"ARC TECH SOLUTIONS","foundingDate":"2024-04-09","vatID":"B55480172","numberOfEmployees":{"@type":"QuantitativeValue","minValue":"1","maxValue":"10"}}]}},"_links":{"self":[{"href":"https:\/\/distribucionarc.com\/ar\/wp-json\/wp\/v2\/product\/3751","targetHints":{"allow":["GET"]}}],"collection":[{"href":"https:\/\/distribucionarc.com\/ar\/wp-json\/wp\/v2\/product"}],"about":[{"href":"https:\/\/distribucionarc.com\/ar\/wp-json\/wp\/v2\/types\/product"}],"replies":[{"embeddable":true,"href":"https:\/\/distribucionarc.com\/ar\/wp-json\/wp\/v2\/comments?post=3751"}],"version-history":[{"count":0,"href":"https:\/\/distribucionarc.com\/ar\/wp-json\/wp\/v2\/product\/3751\/revisions"}],"wp:featuredmedia":[{"embeddable":true,"href":"https:\/\/distribucionarc.com\/ar\/wp-json\/wp\/v2\/media\/3757"}],"wp:attachment":[{"href":"https:\/\/distribucionarc.com\/ar\/wp-json\/wp\/v2\/media?parent=3751"}],"wp:term":[{"taxonomy":"product_brand","embeddable":true,"href":"https:\/\/distribucionarc.com\/ar\/wp-json\/wp\/v2\/product_brand?post=3751"},{"taxonomy":"product_cat","embeddable":true,"href":"https:\/\/distribucionarc.com\/ar\/wp-json\/wp\/v2\/product_cat?post=3751"},{"taxonomy":"product_tag","embeddable":true,"href":"https:\/\/distribucionarc.com\/ar\/wp-json\/wp\/v2\/product_tag?post=3751"}],"curies":[{"name":"wp","href":"https:\/\/api.w.org\/{rel}","templated":true}]}}