{"id":3821,"date":"2020-10-09T14:05:43","date_gmt":"2020-10-09T14:05:43","guid":{"rendered":"https:\/\/distribucionarc.com\/?post_type=product&#038;p=3821"},"modified":"2020-10-09T14:05:44","modified_gmt":"2020-10-09T14:05:44","slug":"%d8%ae%d8%b2%d8%a7%d9%86-%d8%b6%d8%ba%d8%b7-%d8%a7%d9%84%d8%af%d9%87%d8%a7%d9%86-30-%d9%84%d8%aa%d8%b1","status":"publish","type":"product","link":"https:\/\/distribucionarc.com\/ar\/producto\/tanque-de-pintura-a-presion-30l\/","title":{"rendered":"\u062e\u0632\u0627\u0646 \u062f\u0647\u0627\u0646 \u0636\u063a\u0637 30 \u0644\u062a\u0631"},"content":{"rendered":"<h3>\u062e\u0632\u0627\u0646 \u062a\u062d\u0631\u064a\u0643 \u0627\u0644\u0637\u0644\u0627\u0621 \u0628\u0627\u0644\u0636\u063a\u0637 \u0627\u0644\u064a\u062f\u0648\u064a \u0633\u0639\u0629 30 \u0644\u062a\u0631\u064b\u0627<\/h3>\n<p>\u062a\u0635\u0645\u064a\u0645 <strong>\u062e\u0632\u0627\u0646 \u0627\u0644\u0637\u0644\u0627\u0621 <span style=\"color: #ff0000;\">\u0644<\/span><span style=\"color: #0000ff;\">\u0631<\/span>\u062c<\/strong> \u064a\u062a\u0645 \u062a\u0635\u0646\u064a\u0639 \u0627\u0644\u062e\u062a\u0645 \u0627\u0644\u0642\u0648\u064a \u0645\u0646 \u0627\u0644\u0641\u0648\u0644\u0627\u0630 \u0627\u0644\u0645\u0642\u0627\u0648\u0645 \u0644\u0644\u0635\u062f\u0623 \u0627\u0644\u0633\u0645\u064a\u0643 \u0648\u0627\u0644\u0645\u0642\u0648\u0649\u061b \u0645\u0639 \u062f\u0642\u0629 \u0627\u0644\u062a\u0635\u0646\u064a\u0639\u060c \u0648\u0645\u0642\u0627\u0648\u0645\u0629 \u0644\u0644\u062a\u0622\u0643\u0644 \u0648\u0627\u0644\u0645\u0648\u0627\u062f \u0627\u0644\u062d\u0645\u0636\u064a\u0629 \u0648\u0627\u0644\u0642\u0644\u0648\u064a\u0629. \u064a\u062d\u062a\u0648\u064a \u062e\u0632\u0627\u0646 \u0627\u0644\u0636\u063a\u0637 \u0633\u0639\u0629 30 \u0644\u062a\u0631\u064b\u0627 \u0639\u0644\u0649 \u0634\u0628\u0643\u0629 \u0639\u0632\u0644 \u0644\u0639\u0632\u0644 \u0627\u0644\u0634\u0648\u0627\u0626\u0628\u061b \u062a\u0639\u0645\u0644 \u0634\u0641\u0631\u0629 \u0627\u0644\u062a\u062d\u0631\u064a\u0643 \u0639\u0644\u0649 \u062a\u062d\u0631\u064a\u0643 \u0627\u0644\u0637\u0644\u0627\u0621 \u0644\u0645\u0646\u0639 \u0627\u0644\u062a\u0631\u0633\u064a\u0628 \u063a\u064a\u0631 \u0627\u0644\u0645\u062a\u0633\u0627\u0648\u064a<\/p>\n<p>\u064a\u0645\u0643\u0646 \u0641\u062a\u062d \u0645\u062f\u062e\u0644 \u0627\u0644\u062a\u063a\u0630\u064a\u0629 \u0630\u0648 \u0627\u0644\u062e\u062a\u0645 \u0639\u0627\u0644\u064a \u0627\u0644\u062c\u0648\u062f\u0629 \u0648\u0627\u0644\u062a\u063a\u0630\u064a\u0629 \u0627\u0644\u0633\u0645\u064a\u0643\u0629 \u0644\u0644\u063a\u0627\u064a\u0629\u060c \u0628\u0639\u062f \u0627\u0633\u062a\u0646\u0641\u0627\u062f \u0635\u0645\u0627\u0645 \u0627\u0644\u0636\u063a\u0637. \u0645\u062c\u0647\u0632 \u0628\u0645\u0642\u064a\u0627\u0633 \u0636\u063a\u0637 \u0648\u0645\u0646\u0638\u0645 \u0636\u063a\u0637 \u0627\u0644\u0633\u0648\u0627\u0626\u0644 \u0644\u0636\u0645\u0627\u0646 \u0627\u0644\u0645\u0644\u0627\u0621\u0645\u0629 \u0627\u0644\u0645\u062b\u0627\u0644\u064a\u0629\u060c \u0648\u064a\u0639\u0631\u0636 \u0627\u0644\u0645\u0642\u064a\u0627\u0633 \u0636\u063a\u0637 \u0627\u0644\u0628\u0631\u0645\u064a\u0644 \u0628\u062f\u0642\u0629. \u064a\u0646\u0638\u0645 \u0635\u0645\u0627\u0645 \u0627\u0644\u062a\u0646\u0638\u064a\u0645 \u062a\u0623\u062b\u064a\u0631 \u0645\u0642\u064a\u0627\u0633 \u0627\u0644\u0636\u063a\u0637.<\/p>\n<p>\u0647\u0648<strong> \u062e\u0632\u0627\u0646 \u0636\u063a\u0637 \u0627\u0644\u0637\u0644\u0627\u0621 <span style=\"color: #ff0000;\">\u0644<\/span><span style=\"color: #0000ff;\">\u0631<\/span>\u0633\u064a \u062a\u064a \u0628\u064a \u0628\u064a 30<\/strong> \u0641\u0647\u0648 \u0645\u0646\u0627\u0633\u0628 \u0644\u0644\u0627\u0633\u062a\u062e\u062f\u0627\u0645 \u0641\u064a \u0627\u0644\u0637\u0644\u0627\u0621 \u0627\u0644\u062a\u062c\u0627\u0631\u064a \u0623\u0648 \u062d\u064a\u062b \u062a\u0643\u0648\u0646 \u0647\u0646\u0627\u0643 \u062d\u0627\u062c\u0629 \u0644\u0643\u0645\u064a\u0629 \u0643\u0628\u064a\u0631\u0629 \u0645\u0646 \u0627\u0644\u0631\u0634. \u062a\u062d\u062a\u0648\u064a \u0639\u0644\u0649 \u0635\u0645\u0627\u0645 \u0623\u0645\u0627\u0646 \u0644\u0625\u062e\u0631\u0627\u062c \u0627\u0644\u063a\u0627\u0632 \u0628\u0634\u0643\u0644 \u0622\u0645\u0646 \u0648\u0645\u0648\u062b\u0648\u0642 \u0639\u0646\u062f\u0645\u0627 \u064a\u062a\u062c\u0627\u0648\u0632 \u0636\u063a\u0637 \u0627\u0644\u0647\u0648\u0627\u0621 \u0636\u063a\u0637 \u0627\u0644\u0647\u0648\u0627\u0621 \u0627\u0644\u0622\u0645\u0646.<\/p>\n<h6><strong>\u0636\u0645\u0627\u0646\u00a0<span style=\"color: #ff0000;\">\u0644<\/span><span style=\"color: #0000ff;\">\u0631<\/span>\u062c 2 \u0633\u0646\u0629<\/strong><\/h6>\n<h6><strong>\u064a\u0634\u0645\u0644 \u0627\u0644\u062f\u0639\u0645 \u0627\u0644\u0641\u0646\u064a<\/strong><\/h6>\n<p>&nbsp;<\/p>\n<table width=\"100%\">\n<tbody>\n<tr>\n<td>\u0628\u0644\u062f \u0627\u0644\u062a\u0648\u0632\u064a\u0639:<\/td>\n<td width=\"33%\">\u0627\u0633\u0628\u0627\u0646\u064a\u0627\u060c \u0623\u0644\u0645\u0627\u0646\u064a\u0627\u060c \u0627\u0644\u0648\u0644\u0627\u064a\u0627\u062a \u0627\u0644\u0645\u062a\u062d\u062f\u0629 \u0627\u0644\u0623\u0645\u0631\u064a\u0643\u064a\u0629<\/td>\n<td width=\"15%\">\u0648\u0632\u0646:<\/td>\n<td width=\"32%\">30 \u0643\u062c\u0645<\/td>\n<\/tr>\n<tr>\n<td>\u0645\u0627\u0631\u0643\u0629:<\/td>\n<td width=\"33%\">\u0642\u0648\u0633<\/td>\n<td width=\"15%\">\u0627\u0631\u062a\u0641\u0627\u0639:<\/td>\n<td width=\"32%\">83.2 \u0633\u0645<\/td>\n<\/tr>\n<tr>\n<td>\u0644\u0648\u0646:<\/td>\n<td width=\"33%\">\u0623\u0633\u0648\u062f<\/td>\n<td width=\"15%\">\u0637\u0648\u064a\u0644:<\/td>\n<td width=\"32%\">31 \u0633\u0645<\/td>\n<\/tr>\n<tr>\n<td>\u0646\u0648\u0639 \u0627\u0644\u0645\u0646\u062a\u062c:<\/td>\n<td width=\"33%\">\u062e\u0632\u0627\u0646 \u0637\u0644\u0627\u0621 \u0627\u0644\u0636\u063a\u0637<\/td>\n<td width=\"15%\">\u0648\u0627\u0633\u0639:<\/td>\n<td width=\"32%\">31 \u0633\u0645<\/td>\n<\/tr>\n<tr>\n<td>\u0631\u0642\u0645 \u0627\u0644\u0634\u0631\u0643\u0629 \u0627\u0644\u0645\u0635\u0646\u0639\u0629:<\/td>\n<td width=\"33%\">\u0623\u0631\u0643\u062a\u064a \u0628\u064a \u0628\u064a 30<\/td>\n<td width=\"15%\">\u0627\u0644\u0636\u063a\u0637 \u0627\u0644\u0623\u0642\u0635\u0649:<\/td>\n<td width=\"32%\">6.2 \u0628\u0627\u0631<\/td>\n<\/tr>\n<tr>\n<td>\u0645\u0627\u062f\u0629:<\/td>\n<td width=\"33%\">\u0627\u0644\u0641\u0648\u0644\u0627\u0630 \u0627\u0644\u0645\u0642\u0627\u0648\u0645 \u0644\u0644\u0635\u062f\u0623<\/td>\n<td width=\"15%\">\u0635\u0645\u0627\u0645 \u062a\u062e\u0641\u064a\u0641 \u0627\u0644\u0636\u063a\u0637<\/td>\n<td width=\"32%\">4 \u0628\u0627\u0631 \u0644\u0644\u0633\u0644\u0627\u0645\u0629<\/td>\n<\/tr>\n<tr>\n<td>\u0636\u0645\u0627\u0646:<\/td>\n<td width=\"33%\">\u0633\u0646\u062a\u0627\u0646<\/td>\n<td width=\"15%\">\u0645\u062e\u0631\u062c\u0627\u062a \u0627\u0644\u0633\u0648\u0627\u0626\u0644:<\/td>\n<td width=\"32%\">\u00a09.5 \u0645\u0644\u0645<\/td>\n<\/tr>\n<tr>\n<td>\u0623\u062f\u0648\u0627\u062a \u0627\u0644\u062a\u062b\u0628\u064a\u062a:<\/td>\n<td width=\"33%\">\u0646\u0639\u0645<\/td>\n<td width=\"15%\">\u0636\u063a\u0637 \u0627\u0644\u0639\u0645\u0644 \u0627\u0644\u0623\u0645\u062b\u0644:<\/td>\n<td width=\"32%\">1.4 \u2013 2.1 \u0628\u0627\u0631<\/td>\n<\/tr>\n<tr>\n<td>\u0633\u0639\u0629 \u0627\u0644\u062e\u0632\u0627\u0646:<\/td>\n<td width=\"33%\">30 \u0644\u062a\u0631<\/td>\n<td width=\"15%\">\u0648\u0639\u0627\u0621 \u0627\u0644\u0636\u063a\u0637:<\/td>\n<td width=\"32%\">6.35 \u0645\u0644\u0645<\/td>\n<\/tr>\n<tr>\n<td>\u0623\u0628\u0639\u0627\u062f \u0627\u0644\u0637\u0644\u0627\u0621:<\/td>\n<td width=\"33%\">30 \u00d7 33 \u0633\u0645<\/td>\n<td width=\"15%\">\u0642\u0637\u0631 \u0639\u0645\u0642 \u0627\u0644\u062f\u0644\u0648:<\/td>\n<td width=\"32%\">31.2 \u00d7 38.1 \u0633\u0645<\/td>\n<\/tr>\n<\/tbody>\n<\/table>\n<p>&nbsp;<\/p>","protected":false},"excerpt":{"rendered":"<h2>\u062e\u0632\u0627\u0646 \u062a\u062d\u0631\u064a\u0643 \u0627\u0644\u0637\u0644\u0627\u0621 \u0628\u0627\u0644\u0636\u063a\u0637 \u0627\u0644\u064a\u062f\u0648\u064a \u0633\u0639\u0629 30 \u0644\u062a\u0631\u064b\u0627<\/h2>\n<p>\u0647\u0630\u0627 <strong>\u062e\u0632\u0627\u0646 \u0636\u063a\u0637 \u0637\u0644\u0627\u0621 ARC<\/strong> \u064a\u062a\u0643\u0648\u0646 \u0627\u0644\u0631\u0630\u0627\u0630 \u0645\u0646 \u0645\u0648\u0627\u062f \u0645\u062a\u0645\u064a\u0632\u0629 \u0648\u0645\u0642\u0627\u0648\u0645\u0629 \u0644\u0644\u062a\u0622\u0643\u0644 \u0648\u0627\u0644\u0623\u062d\u0645\u0627\u0636 \u0648\u0627\u0644\u0645\u0648\u0627\u062f \u0630\u0627\u062a \u0627\u0644\u062e\u0635\u0627\u0626\u0635 \u0627\u0644\u0642\u0644\u0648\u064a\u0629 \u0648\u0645\u0627 \u0625\u0644\u0649 \u0630\u0644\u0643. \u062a\u0645 \u062a\u062c\u0647\u064a\u0632 \u0645\u062d\u0631\u0643 \u0627\u0644\u0637\u0644\u0627\u0621 \u0628\u0645\u0646\u0638\u0645 \u0636\u063a\u0637 \u0627\u0644\u0633\u0648\u0627\u0626\u0644\u060c \u0648\u0627\u0644\u0630\u064a \u064a\u0645\u0643\u0646 \u0636\u0628\u0637\u0647 \u0628\u062f\u0642\u0629. \u062e\u0632\u0627\u0646 \u0645\u0646 \u0627\u0644\u0641\u0648\u0644\u0627\u0630 \u0627\u0644\u0645\u0642\u0627\u0648\u0645 \u0644\u0644\u0635\u062f\u0623 \u0642\u0627\u0628\u0644 \u0644\u0644\u0625\u0632\u0627\u0644\u0629 \u0648\u062a\u0635\u0645\u064a\u0645 \u0645\u0642\u0628\u0636 \u0644\u0636\u0645\u0627\u0646 \u0627\u0644\u062a\u0634\u063a\u064a\u0644 \u0627\u0644\u0633\u0644\u0633. \u062a\u0639\u062a\u0628\u0631 \u0622\u0644\u0629 \u0627\u0644\u0637\u0644\u0627\u0621 \u0647\u0630\u0647 \u0645\u0646\u0627\u0633\u0628\u0629 \u0644\u0635\u0646\u0627\u0639\u0629 \u0627\u0644\u0633\u064a\u0627\u0631\u0627\u062a \u0648\u0627\u0644\u062f\u0647\u0627\u0646\u0627\u062a \u0627\u0644\u0632\u064a\u062a\u064a\u0629 \u0648\u0627\u0644\u0644\u0627\u062a\u0643\u0633 \u0648\u0627\u0644\u0648\u0631\u0646\u064a\u0634 \u0648\u0627\u0644\u0628\u0631\u0627\u064a\u0645\u0631 \u0648\u0637\u0644\u0627\u0621 \u0627\u0644\u062e\u0634\u0628 \u0648\u0627\u0644\u0645\u0648\u0627\u062f \u0627\u0644\u0644\u0627\u0635\u0642\u0629 \u0648\u0627\u0644\u0637\u0644\u0627\u0621\u0627\u062a \u0627\u0644\u0623\u062e\u0631\u0649.<\/p>\n<h6><strong>\u0636\u0645\u0627\u0646\u00a0<span style=\"color: #ff0000;\">\u0644<\/span><span style=\"color: #0000ff;\">\u0631<\/span>\u062c 2 \u0633\u0646\u0629<\/strong><\/h6>\n<h6><strong>\u064a\u0634\u0645\u0644 \u0627\u0644\u062f\u0639\u0645 \u0627\u0644\u0641\u0646\u064a<\/strong><\/h6>","protected":false},"featured_media":3829,"comment_status":"open","ping_status":"closed","template":"","meta":{"wds_primary_product_brand":0,"wds_primary_product_cat":0},"product_brand":[],"product_cat":[71,69],"product_tag":[],"class_list":{"0":"post-3821","1":"product","2":"type-product","3":"status-publish","4":"has-post-thumbnail","6":"product_cat-maquinas-para-pintar","7":"product_cat-maquinas-variadas","8":"product_shipping_class-express","10":"first","11":"instock","12":"sale","13":"taxable","14":"shipping-taxable","15":"purchasable","16":"product-type-simple"},"yoast_head":"<!-- This site is optimized with the Yoast SEO Premium plugin v24.9 (Yoast SEO v26.1) - https:\/\/yoast.com\/wordpress\/plugins\/seo\/ -->\n<title>Tanque de pintura a presi\u00f3n 30L - distribuci\u00f3n ARC<\/title>\n<meta name=\"robots\" content=\"index, follow, max-snippet:-1, max-image-preview:large, max-video-preview:-1\" \/>\n<link rel=\"canonical\" href=\"https:\/\/distribucionarc.com\/ar\/\u0645\u0646\u062a\u062c\/\u062e\u0632\u0627\u0646-\u0636\u063a\u0637-\u0627\u0644\u062f\u0647\u0627\u0646-30-\u0644\u062a\u0631\/\" \/>\n<meta property=\"og:locale\" content=\"ar_AR\" \/>\n<meta property=\"og:type\" content=\"article\" \/>\n<meta property=\"og:title\" content=\"Tanque de pintura a presi\u00f3n 30L\" \/>\n<meta property=\"og:description\" content=\"Tanque agitador de pintura a presi\u00f3n manual\u00a0 30L Este Tanque de presi\u00f3n para pintura ARC en aerosol adopta materiales de primera calidad, resistentes a la corrosi\u00f3n, \u00e1cidos, sustancias con propiedades alcalinas, etc. El agitador de pintura est\u00e1 equipado con un regulador de presi\u00f3n de fluido, que se puede configurar con precisi\u00f3n. Dise\u00f1o de dep\u00f3sito y mango de acero inoxidable extra\u00edble para un funcionamiento suave. Esta m\u00e1quina para pintar es la adecuada para la industria automotriz, pinturas con base de aceite, l\u00e1tex, barniz, imprimaci\u00f3n, revestimiento de madera, adhesivo y dem\u00e1s revestimientos. Garant\u00eda\u00a0ARC 2 A\u00d1OS soporte t\u00e9cnico incluido\" \/>\n<meta property=\"og:url\" content=\"https:\/\/distribucionarc.com\/ar\/\u0645\u0646\u062a\u062c\/\u062e\u0632\u0627\u0646-\u0636\u063a\u0637-\u0627\u0644\u062f\u0647\u0627\u0646-30-\u0644\u062a\u0631\/\" \/>\n<meta property=\"og:site_name\" content=\"distribuci\u00f3n ARC\" \/>\n<meta property=\"article:modified_time\" content=\"2020-10-09T14:05:44+00:00\" \/>\n<meta property=\"og:image\" content=\"https:\/\/distribucionarc.com\/wp-content\/uploads\/2020\/10\/Tanque-de-pintura-a-presi\u00f3n-30L-0.jpg\" \/>\n\t<meta property=\"og:image:width\" content=\"1600\" \/>\n\t<meta property=\"og:image:height\" content=\"1600\" \/>\n\t<meta property=\"og:image:type\" content=\"image\/jpeg\" \/>\n<meta name=\"twitter:card\" content=\"summary_large_image\" \/>\n<meta name=\"twitter:label1\" content=\"\u0648\u0642\u062a \u0627\u0644\u0642\u0631\u0627\u0621\u0629 \u0627\u0644\u0645\u064f\u0642\u062f\u0651\u0631\" \/>\n\t<meta name=\"twitter:data1\" content=\"\u062f\u0642\u064a\u0642\u0629 \u0648\u0627\u062d\u062f\u0629\" \/>\n<script type=\"application\/ld+json\" class=\"yoast-schema-graph\">{\"@context\":\"https:\/\/schema.org\",\"@graph\":[{\"@type\":\"WebPage\",\"@id\":\"https:\/\/distribucionarc.com\/fr\/producto\/tanque-de-pintura-a-presion-30l\/\",\"url\":\"https:\/\/distribucionarc.com\/fr\/producto\/tanque-de-pintura-a-presion-30l\/\",\"name\":\"Tanque de pintura a presi\u00f3n 30L - distribuci\u00f3n ARC\",\"isPartOf\":{\"@id\":\"https:\/\/distribucionarc.com\/de\/#website\"},\"primaryImageOfPage\":{\"@id\":\"https:\/\/distribucionarc.com\/fr\/producto\/tanque-de-pintura-a-presion-30l\/#primaryimage\"},\"image\":{\"@id\":\"https:\/\/distribucionarc.com\/fr\/producto\/tanque-de-pintura-a-presion-30l\/#primaryimage\"},\"thumbnailUrl\":\"https:\/\/distribucionarc.com\/wp-content\/uploads\/2020\/10\/Tanque-de-pintura-a-presi\u00f3n-30L-0.jpg\",\"datePublished\":\"2020-10-09T14:05:43+00:00\",\"dateModified\":\"2020-10-09T14:05:44+00:00\",\"breadcrumb\":{\"@id\":\"https:\/\/distribucionarc.com\/fr\/producto\/tanque-de-pintura-a-presion-30l\/#breadcrumb\"},\"inLanguage\":\"ar\",\"potentialAction\":[{\"@type\":\"ReadAction\",\"target\":[\"https:\/\/distribucionarc.com\/fr\/producto\/tanque-de-pintura-a-presion-30l\/\"]}]},{\"@type\":\"ImageObject\",\"inLanguage\":\"ar\",\"@id\":\"https:\/\/distribucionarc.com\/fr\/producto\/tanque-de-pintura-a-presion-30l\/#primaryimage\",\"url\":\"https:\/\/distribucionarc.com\/wp-content\/uploads\/2020\/10\/Tanque-de-pintura-a-presi\u00f3n-30L-0.jpg\",\"contentUrl\":\"https:\/\/distribucionarc.com\/wp-content\/uploads\/2020\/10\/Tanque-de-pintura-a-presi\u00f3n-30L-0.jpg\",\"width\":1600,\"height\":1600,\"caption\":\"Tanque de pintura a presi\u00f3n 30L\"},{\"@type\":\"BreadcrumbList\",\"@id\":\"https:\/\/distribucionarc.com\/fr\/producto\/tanque-de-pintura-a-presion-30l\/#breadcrumb\",\"itemListElement\":[{\"@type\":\"ListItem\",\"position\":1,\"name\":\"Portada\",\"item\":\"https:\/\/distribucionarc.com\/pl\/\"},{\"@type\":\"ListItem\",\"position\":2,\"name\":\"Produkty\",\"item\":\"https:\/\/distribucionarc.com\/pl\/shop\/\"},{\"@type\":\"ListItem\",\"position\":3,\"name\":\"Tanque de pintura a presi\u00f3n 30L\"}]},{\"@type\":\"WebSite\",\"@id\":\"https:\/\/distribucionarc.com\/de\/#website\",\"url\":\"https:\/\/distribucionarc.com\/de\/\",\"name\":\"distribuci\u00f3n ARC\",\"description\":\"Empresa especializada en la fabricaci\u00f3n y distribuci\u00f3n de maquinaria industrial, selladoras de latas, Maquinas de hacer pastillas, Maquinas de cortar carne...\",\"publisher\":{\"@id\":\"https:\/\/distribucionarc.com\/de\/#organization\"},\"potentialAction\":[{\"@type\":\"SearchAction\",\"target\":{\"@type\":\"EntryPoint\",\"urlTemplate\":\"https:\/\/distribucionarc.com\/de\/?s={search_term_string}\"},\"query-input\":{\"@type\":\"PropertyValueSpecification\",\"valueRequired\":true,\"valueName\":\"search_term_string\"}}],\"inLanguage\":\"ar\"},{\"@type\":\"Organization\",\"@id\":\"https:\/\/distribucionarc.com\/de\/#organization\",\"name\":\"Distribuci\u00f3n ARC\",\"url\":\"https:\/\/distribucionarc.com\/de\/\",\"logo\":{\"@type\":\"ImageObject\",\"inLanguage\":\"ar\",\"@id\":\"https:\/\/distribucionarc.com\/de\/#\/schema\/logo\/image\/\",\"url\":\"https:\/\/distribucionarc.com\/wp-content\/uploads\/2024\/10\/distribucion-ARC-COLOR-SIN-FONDO-e1732295305345.png\",\"contentUrl\":\"https:\/\/distribucionarc.com\/wp-content\/uploads\/2024\/10\/distribucion-ARC-COLOR-SIN-FONDO-e1732295305345.png\",\"width\":1164,\"height\":558,\"caption\":\"Distribuci\u00f3n ARC\"},\"image\":{\"@id\":\"https:\/\/distribucionarc.com\/de\/#\/schema\/logo\/image\/\"},\"description\":\"Empresa especializada en la fabricaci\u00f3n y distribuci\u00f3n de maquinaria industrial para los sectores alimentario y farmac\u00e9utico. Nos especializamos en: M\u00e1quinas de cortar carne Fabricaci\u00f3n de comprimidos Sistemas de transporte industrial L\u00edneas de embotellado Dosificadores Y mucho m\u00e1s... Ofrecemos soluciones innovadoras y personalizadas para optimizar los procesos productivos de tu empresa.\",\"email\":\"Admistracion@distribucionarc.com\",\"telephone\":\"+34 643496664\",\"legalName\":\"ARC TECH SOLUTIONS\",\"foundingDate\":\"2024-04-09\",\"vatID\":\"B55480172\",\"numberOfEmployees\":{\"@type\":\"QuantitativeValue\",\"minValue\":\"1\",\"maxValue\":\"10\"}}]}<\/script>\n<!-- \/ Yoast SEO Premium plugin. -->","yoast_head_json":{"title":"\u062e\u0632\u0627\u0646 \u0637\u0644\u0627\u0621 \u0636\u063a\u0637 \u0633\u0639\u0629 30 \u0644\u062a\u0631\u064b\u0627 - \u062a\u0648\u0632\u064a\u0639 ARC","robots":{"index":"index","follow":"follow","max-snippet":"max-snippet:-1","max-image-preview":"max-image-preview:large","max-video-preview":"max-video-preview:-1"},"canonical":"https:\/\/distribucionarc.com\/ar\/\u0645\u0646\u062a\u062c\/\u062e\u0632\u0627\u0646-\u0636\u063a\u0637-\u0627\u0644\u062f\u0647\u0627\u0646-30-\u0644\u062a\u0631\/","og_locale":"ar_AR","og_type":"article","og_title":"Tanque de pintura a presi\u00f3n 30L","og_description":"Tanque agitador de pintura a presi\u00f3n manual\u00a0 30L Este Tanque de presi\u00f3n para pintura ARC en aerosol adopta materiales de primera calidad, resistentes a la corrosi\u00f3n, \u00e1cidos, sustancias con propiedades alcalinas, etc. El agitador de pintura est\u00e1 equipado con un regulador de presi\u00f3n de fluido, que se puede configurar con precisi\u00f3n. Dise\u00f1o de dep\u00f3sito y mango de acero inoxidable extra\u00edble para un funcionamiento suave. Esta m\u00e1quina para pintar es la adecuada para la industria automotriz, pinturas con base de aceite, l\u00e1tex, barniz, imprimaci\u00f3n, revestimiento de madera, adhesivo y dem\u00e1s revestimientos. Garant\u00eda\u00a0ARC 2 A\u00d1OS soporte t\u00e9cnico incluido","og_url":"https:\/\/distribucionarc.com\/ar\/\u0645\u0646\u062a\u062c\/\u062e\u0632\u0627\u0646-\u0636\u063a\u0637-\u0627\u0644\u062f\u0647\u0627\u0646-30-\u0644\u062a\u0631\/","og_site_name":"distribuci\u00f3n ARC","article_modified_time":"2020-10-09T14:05:44+00:00","og_image":[{"width":1600,"height":1600,"url":"https:\/\/distribucionarc.com\/wp-content\/uploads\/2020\/10\/Tanque-de-pintura-a-presi\u00f3n-30L-0.jpg","type":"image\/jpeg"}],"twitter_card":"summary_large_image","twitter_misc":{"\u0648\u0642\u062a \u0627\u0644\u0642\u0631\u0627\u0621\u0629 \u0627\u0644\u0645\u064f\u0642\u062f\u0651\u0631":"\u062f\u0642\u064a\u0642\u0629 \u0648\u0627\u062d\u062f\u0629"},"schema":{"@context":"https:\/\/schema.org","@graph":[{"@type":"WebPage","@id":"https:\/\/distribucionarc.com\/fr\/producto\/tanque-de-pintura-a-presion-30l\/","url":"https:\/\/distribucionarc.com\/fr\/producto\/tanque-de-pintura-a-presion-30l\/","name":"\u062e\u0632\u0627\u0646 \u0637\u0644\u0627\u0621 \u0636\u063a\u0637 \u0633\u0639\u0629 30 \u0644\u062a\u0631\u064b\u0627 - \u062a\u0648\u0632\u064a\u0639 ARC","isPartOf":{"@id":"https:\/\/distribucionarc.com\/de\/#website"},"primaryImageOfPage":{"@id":"https:\/\/distribucionarc.com\/fr\/producto\/tanque-de-pintura-a-presion-30l\/#primaryimage"},"image":{"@id":"https:\/\/distribucionarc.com\/fr\/producto\/tanque-de-pintura-a-presion-30l\/#primaryimage"},"thumbnailUrl":"https:\/\/distribucionarc.com\/wp-content\/uploads\/2020\/10\/Tanque-de-pintura-a-presi\u00f3n-30L-0.jpg","datePublished":"2020-10-09T14:05:43+00:00","dateModified":"2020-10-09T14:05:44+00:00","breadcrumb":{"@id":"https:\/\/distribucionarc.com\/fr\/producto\/tanque-de-pintura-a-presion-30l\/#breadcrumb"},"inLanguage":"ar","potentialAction":[{"@type":"ReadAction","target":["https:\/\/distribucionarc.com\/fr\/producto\/tanque-de-pintura-a-presion-30l\/"]}]},{"@type":"ImageObject","inLanguage":"ar","@id":"https:\/\/distribucionarc.com\/fr\/producto\/tanque-de-pintura-a-presion-30l\/#primaryimage","url":"https:\/\/distribucionarc.com\/wp-content\/uploads\/2020\/10\/Tanque-de-pintura-a-presi\u00f3n-30L-0.jpg","contentUrl":"https:\/\/distribucionarc.com\/wp-content\/uploads\/2020\/10\/Tanque-de-pintura-a-presi\u00f3n-30L-0.jpg","width":1600,"height":1600,"caption":"Tanque de pintura a presi\u00f3n 30L"},{"@type":"BreadcrumbList","@id":"https:\/\/distribucionarc.com\/fr\/producto\/tanque-de-pintura-a-presion-30l\/#breadcrumb","itemListElement":[{"@type":"ListItem","position":1,"name":"Portada","item":"https:\/\/distribucionarc.com\/pl\/"},{"@type":"ListItem","position":2,"name":"Produkty","item":"https:\/\/distribucionarc.com\/pl\/shop\/"},{"@type":"ListItem","position":3,"name":"Tanque de pintura a presi\u00f3n 30L"}]},{"@type":"WebSite","@id":"https:\/\/distribucionarc.com\/de\/#website","url":"https:\/\/distribucionarc.com\/de\/","name":"\u062a\u0648\u0632\u064a\u0639 \u0627\u0644\u0642\u0648\u0633","description":"\u0634\u0631\u0643\u0629 \u0645\u062a\u062e\u0635\u0635\u0629 \u0641\u064a \u062a\u0635\u0646\u064a\u0639 \u0648\u062a\u0648\u0632\u064a\u0639 \u0627\u0644\u0622\u0644\u0627\u062a \u0627\u0644\u0635\u0646\u0627\u0639\u064a\u0629\u060c \u0648\u0645\u0627\u0643\u064a\u0646\u0627\u062a \u062e\u062a\u0645 \u0627\u0644\u0639\u0644\u0628\u060c \u0648\u0645\u0627\u0643\u064a\u0646\u0627\u062a \u0635\u0646\u0639 \u0627\u0644\u0623\u0642\u0631\u0627\u0635\u060c \u0648\u0645\u0627\u0643\u064a\u0646\u0627\u062a \u062a\u0642\u0637\u064a\u0639 \u0627\u0644\u0644\u062d\u0648\u0645...","publisher":{"@id":"https:\/\/distribucionarc.com\/de\/#organization"},"potentialAction":[{"@type":"SearchAction","target":{"@type":"EntryPoint","urlTemplate":"https:\/\/distribucionarc.com\/de\/?s={search_term_string}"},"query-input":{"@type":"PropertyValueSpecification","valueRequired":true,"valueName":"search_term_string"}}],"inLanguage":"ar"},{"@type":"Organization","@id":"https:\/\/distribucionarc.com\/de\/#organization","name":"\u062a\u0648\u0632\u064a\u0639 \u0622\u0631\u0643","url":"https:\/\/distribucionarc.com\/de\/","logo":{"@type":"ImageObject","inLanguage":"ar","@id":"https:\/\/distribucionarc.com\/de\/#\/schema\/logo\/image\/","url":"https:\/\/distribucionarc.com\/wp-content\/uploads\/2024\/10\/distribucion-ARC-COLOR-SIN-FONDO-e1732295305345.png","contentUrl":"https:\/\/distribucionarc.com\/wp-content\/uploads\/2024\/10\/distribucion-ARC-COLOR-SIN-FONDO-e1732295305345.png","width":1164,"height":558,"caption":"Distribuci\u00f3n ARC"},"image":{"@id":"https:\/\/distribucionarc.com\/de\/#\/schema\/logo\/image\/"},"description":"\u0634\u0631\u0643\u0629 \u0645\u062a\u062e\u0635\u0635\u0629 \u0641\u064a \u062a\u0635\u0646\u064a\u0639 \u0648\u062a\u0648\u0632\u064a\u0639 \u0627\u0644\u0622\u0644\u0627\u062a \u0627\u0644\u0635\u0646\u0627\u0639\u064a\u0629 \u0644\u0642\u0637\u0627\u0639\u064a \u0627\u0644\u0623\u063a\u0630\u064a\u0629 \u0648\u0627\u0644\u0623\u062f\u0648\u064a\u0629. \u0646\u062d\u0646 \u0645\u062a\u062e\u0635\u0635\u0648\u0646 \u0641\u064a: \u0645\u0627\u0643\u064a\u0646\u0627\u062a \u062a\u0642\u0637\u064a\u0639 \u0627\u0644\u0644\u062d\u0648\u0645 \u062a\u0635\u0646\u064a\u0639 \u0627\u0644\u0623\u0642\u0631\u0627\u0635 \u0623\u0646\u0638\u0645\u0629 \u0627\u0644\u0646\u0642\u0644 \u0627\u0644\u0635\u0646\u0627\u0639\u064a\u0629 \u062e\u0637\u0648\u0637 \u0627\u0644\u062a\u0639\u0628\u0626\u0629 \u0648\u0627\u0644\u062a\u063a\u0644\u064a\u0641 \u0627\u0644\u0645\u0648\u0632\u0639\u0627\u062a \u0648\u0623\u0643\u062b\u0631 \u0645\u0646 \u0630\u0644\u0643 \u0628\u0643\u062b\u064a\u0631... \u0646\u062d\u0646 \u0646\u0642\u062f\u0645 \u062d\u0644\u0648\u0644\u0627\u064b \u0645\u0628\u062a\u0643\u0631\u0629 \u0648\u0645\u062e\u0635\u0635\u0629 \u0644\u062a\u062d\u0633\u064a\u0646 \u0639\u0645\u0644\u064a\u0627\u062a \u0627\u0644\u0625\u0646\u062a\u0627\u062c \u0641\u064a \u0634\u0631\u0643\u062a\u0643.","email":"Admistracion@distribucionarc.com","telephone":"+34 643496664","legalName":"ARC TECH SOLUTIONS","foundingDate":"2024-04-09","vatID":"B55480172","numberOfEmployees":{"@type":"QuantitativeValue","minValue":"1","maxValue":"10"}}]}},"_links":{"self":[{"href":"https:\/\/distribucionarc.com\/ar\/wp-json\/wp\/v2\/product\/3821","targetHints":{"allow":["GET"]}}],"collection":[{"href":"https:\/\/distribucionarc.com\/ar\/wp-json\/wp\/v2\/product"}],"about":[{"href":"https:\/\/distribucionarc.com\/ar\/wp-json\/wp\/v2\/types\/product"}],"replies":[{"embeddable":true,"href":"https:\/\/distribucionarc.com\/ar\/wp-json\/wp\/v2\/comments?post=3821"}],"version-history":[{"count":0,"href":"https:\/\/distribucionarc.com\/ar\/wp-json\/wp\/v2\/product\/3821\/revisions"}],"wp:featuredmedia":[{"embeddable":true,"href":"https:\/\/distribucionarc.com\/ar\/wp-json\/wp\/v2\/media\/3829"}],"wp:attachment":[{"href":"https:\/\/distribucionarc.com\/ar\/wp-json\/wp\/v2\/media?parent=3821"}],"wp:term":[{"taxonomy":"product_brand","embeddable":true,"href":"https:\/\/distribucionarc.com\/ar\/wp-json\/wp\/v2\/product_brand?post=3821"},{"taxonomy":"product_cat","embeddable":true,"href":"https:\/\/distribucionarc.com\/ar\/wp-json\/wp\/v2\/product_cat?post=3821"},{"taxonomy":"product_tag","embeddable":true,"href":"https:\/\/distribucionarc.com\/ar\/wp-json\/wp\/v2\/product_tag?post=3821"}],"curies":[{"name":"wp","href":"https:\/\/api.w.org\/{rel}","templated":true}]}}