{"id":3846,"date":"2020-10-10T09:01:48","date_gmt":"2020-10-10T09:01:48","guid":{"rendered":"https:\/\/distribucionarc.com\/?post_type=product&#038;p=3846"},"modified":"2020-10-10T09:01:49","modified_gmt":"2020-10-10T09:01:49","slug":"%d9%85%d9%88%d8%b2%d8%b9-%d8%b5%d8%a7%d9%86%d8%b9%d8%a9-%d9%82%d9%87%d9%88%d8%a9-%d9%86%d9%8a%d8%aa%d8%b1%d9%88%d8%ac%d9%8a%d9%86","status":"publish","type":"product","link":"https:\/\/distribucionarc.com\/ar\/producto\/dispensador-cafetera-nitrogeno\/","title":{"rendered":"\u0645\u0648\u0632\u0639 \u0635\u0627\u0646\u0639 \u0627\u0644\u0642\u0647\u0648\u0629 \u0627\u0644\u0646\u064a\u062a\u0631\u0648\u062c\u064a\u0646"},"content":{"rendered":"<h3>\u0645\u0648\u0632\u0639 \u0635\u0627\u0646\u0639 \u0627\u0644\u0642\u0647\u0648\u0629 \u0627\u0644\u0646\u064a\u062a\u0631\u0648\u062c\u064a\u0646<\/h3>\n<p>\u0647\u064a\u0643\u0644 <strong>\u0635\u0627\u0646\u0639 \u0627\u0644\u0642\u0647\u0648\u0629 \u0627\u0644\u0646\u064a\u062a\u0631\u0648\u062c\u064a\u0646 <span style=\"color: #ff0000;\">\u0644<\/span><span style=\"color: #0000ff;\">\u0631<\/span>\u062c<\/strong> \u064a\u0633\u062a\u062e\u062f\u0645 \u0627\u0644\u0641\u0648\u0644\u0627\u0630 \u0627\u0644\u0645\u0642\u0627\u0648\u0645 \u0644\u0644\u0635\u062f\u0623 \u0628\u062f\u0631\u062c\u0629 304 \u0627\u0644\u063a\u0630\u0627\u0626\u064a \u0627\u0644\u0633\u0645\u064a\u0643 \u0628\u0633\u0645\u0643 0.8 \u0645\u0645. \u0645\u0642\u0627\u0648\u0645\u0629\u060c \u0635\u062d\u064a\u0629\u060c \u0633\u0647\u0644\u0629 \u0627\u0644\u062a\u0646\u0638\u064a\u0641\u060c \u0648\u0645\u062a\u064a\u0646\u0629 \u0628\u0634\u0643\u0644 \u064a\u0648\u0645\u064a. \u062a\u062d\u062a\u0648\u064a \u0639\u0644\u0649 \u0641\u062a\u062d\u062a\u064a\u0646 \u0645\u062c\u0648\u0641\u062a\u064a\u0646 \u0639\u0644\u0649 \u0643\u0644 \u062c\u0627\u0646\u0628<strong> \u0635\u0627\u0646\u0639 \u0627\u0644\u0642\u0647\u0648\u0629 \u0646\u064a\u062a\u0631\u0648<\/strong>\u0644\u0633\u0647\u0648\u0644\u0629 \u0627\u0644\u0646\u0642\u0644\u060c \u064a\u0633\u0645\u062d \u0644\u0643 \u0627\u0644\u062a\u0635\u0645\u064a\u0645 \u0627\u0644\u0645\u062f\u0645\u062c \u0648\u0627\u0644\u0635\u063a\u064a\u0631 \u0628\u062a\u062e\u0632\u064a\u0646\u0647 \u0641\u064a \u062b\u0644\u0627\u062c\u062a\u0643 \u0623\u0648 \u0631\u0641\u0648\u0641 \u0627\u0644\u0632\u062c\u0627\u062c\u0627\u062a\u060c \u0645\u0645\u0627 \u064a\u0642\u0644\u0644 \u0645\u0646 \u0627\u0633\u062a\u062e\u062f\u0627\u0645 \u0627\u0644\u0645\u0633\u0627\u062d\u0629. \u062a\u0645 \u062f\u0645\u062c \u0627\u0644\u0635\u0646\u0628\u0648\u0631 \u0641\u064a \u0627\u0644\u063a\u0637\u0627\u0621 \u0644\u0633\u0647\u0648\u0644\u0629 \u0627\u0644\u0627\u0633\u062a\u0628\u062f\u0627\u0644 \u0644\u062a\u0633\u0647\u064a\u0644 \u0627\u0633\u062a\u062e\u062f\u0627\u0645 \u0627\u0644\u0633\u0648\u0627\u0626\u0644 \u0627\u0644\u0645\u062e\u062a\u0644\u0641\u0629 \u0645\u062b\u0644 \u0627\u0644\u0642\u0647\u0648\u0629 \u0648\u0627\u0644\u0628\u064a\u0631\u0629 \u0648\u0627\u0644\u0635\u0648\u062f\u0627 \u0648\u0645\u0627 \u0625\u0644\u0649 \u0630\u0644\u0643.<\/p>\n<p>\u0647\u0648 <strong>\u0645\u0648\u0632\u0639 \u0628\u0627\u0631\u062f <span style=\"color: #ff0000;\">\u0644<\/span><span style=\"color: #0000ff;\">\u0631<\/span>\u0633\u064a \u062f\u064a \u0633\u064a \u0625\u0646 2<\/strong> \u062a\u062a\u0645\u062a\u0639 \u0628\u0633\u0639\u0629 \u062a\u0639\u0628\u0626\u0629 \u0643\u0628\u064a\u0631\u0629 \u062a\u0635\u0644 \u0625\u0644\u0649 2 \u0644\u062a\u0631. \u062a\u0633\u0647\u064a\u0644 \u062a\u062e\u0632\u064a\u0646 \u0643\u0645\u064a\u0627\u062a \u0643\u0628\u064a\u0631\u0629 \u0645\u0646 \u0627\u0644\u0642\u0647\u0648\u0629 \u0627\u0644\u0646\u064a\u062a\u0631\u0648\u062c\u064a\u0646\u064a\u0629 \u0648\u0623\u0646\u0648\u0627\u0639 \u0645\u062e\u062a\u0644\u0641\u0629 \u0645\u0646 \u0627\u0644\u0645\u0634\u0631\u0648\u0628\u0627\u062a. \u064a\u0645\u0643\u0646 \u062a\u062d\u0642\u064a\u0642 \u0627\u0644\u062a\u062e\u0645\u064a\u0631 \u0627\u0644\u0628\u0627\u0631\u062f \u0628\u0627\u0633\u062a\u062e\u062f\u0627\u0645 \u0627\u0644\u0646\u064a\u062a\u0631\u0648 \u0639\u0646 \u0637\u0631\u064a\u0642 \u0627\u0644\u0636\u063a\u0637 \u0628\u0628\u0633\u0627\u0637\u0629 \u0639\u0644\u0649 \u062e\u0631\u0637\u0648\u0634\u0629 \u0627\u0644\u0646\u064a\u062a\u0631\u0648\u062c\u064a\u0646 \u062b\u0645 \u0627\u0644\u0636\u063a\u0637 \u0628\u0631\u0641\u0642 \u0639\u0644\u0649 \u0627\u0644\u0635\u0646\u0628\u0648\u0631.<\/p>\n<h6><strong>\u0636\u0645\u0627\u0646\u00a0<span style=\"color: #ff0000;\">\u0644<\/span><span style=\"color: #0000ff;\">\u0631<\/span>\u062c 2 \u0633\u0646\u0629<\/strong><\/h6>\n<h6><strong>\u064a\u0634\u0645\u0644 \u0627\u0644\u062f\u0639\u0645 \u0627\u0644\u0641\u0646\u064a<\/strong><\/h6>\n<p>&nbsp;<\/p>\n<table width=\"100%\">\n<tbody>\n<tr>\n<td>\u0645\u0627\u0631\u0643\u0629:<\/td>\n<td width=\"32%\">\u0642\u0648\u0633<\/td>\n<td>\u0648\u0632\u0646:<\/td>\n<td width=\"30%\">1.4 \u0643\u062c\u0645<\/td>\n<\/tr>\n<tr>\n<td>\u0628\u0644\u062f \u0627\u0644\u062a\u0648\u0632\u064a\u0639:<\/td>\n<td width=\"32%\">\u0627\u0633\u0628\u0627\u0646\u064a\u0627\u060c \u0623\u0644\u0645\u0627\u0646\u064a\u0627\u060c \u0627\u0644\u0648\u0644\u0627\u064a\u0627\u062a \u0627\u0644\u0645\u062a\u062d\u062f\u0629 \u0627\u0644\u0623\u0645\u0631\u064a\u0643\u064a\u0629<\/td>\n<td>\u0627\u0631\u062a\u0641\u0627\u0639:<\/td>\n<td width=\"30%\">19.5 \u0633\u0645<\/td>\n<\/tr>\n<tr>\n<td>\u0644\u0648\u0646:<\/td>\n<td width=\"32%\">\u0641\u0636\u064a<\/td>\n<td>\u0637\u0648\u064a\u0644:<\/td>\n<td width=\"30%\">13.4 \u0633\u0645<\/td>\n<\/tr>\n<tr>\n<td>\u0646\u0648\u0639 \u0627\u0644\u0645\u0646\u062a\u062c:<\/td>\n<td width=\"32%\">\u0645\u0648\u0632\u0639 \u0642\u0647\u0648\u0629 \u0646\u064a\u062a\u0631\u0648<\/td>\n<td>\u0648\u0627\u0633\u0639:<\/td>\n<td width=\"30%\">33.4 \u0633\u0645<\/td>\n<\/tr>\n<tr>\n<td>\u0631\u0642\u0645 \u0627\u0644\u0634\u0631\u0643\u0629 \u0627\u0644\u0645\u0635\u0646\u0639\u0629:<\/td>\n<td width=\"32%\">\u0623\u0631\u0643\u062f \u0633\u064a \u0625\u0646 2<\/td>\n<td>\u0642\u062f\u0631\u0629:<\/td>\n<td width=\"30%\">2 \u0644\u062a\u0631<\/td>\n<\/tr>\n<tr>\n<td>\u0645\u0627\u062f\u0629:<\/td>\n<td width=\"32%\">\u0627\u0644\u0641\u0648\u0644\u0627\u0630 \u0627\u0644\u0645\u0642\u0627\u0648\u0645 \u0644\u0644\u0635\u062f\u0623 SUS 304<\/td>\n<td>\u0642\u0637\u0631 \u0627\u0644\u062e\u0632\u0627\u0646:<\/td>\n<td width=\"30%\">13, 4 \u0633\u0645<\/td>\n<\/tr>\n<tr>\n<td>\u0633\u0645\u0643 \u0627\u0644\u0635\u0644\u0628:<\/td>\n<td width=\"32%\">0.8 \u0645\u0644\u0645<\/td>\n<td>\u00a0\u0636\u0645\u0627\u0646:<\/td>\n<td width=\"30%\">\u0633\u0646\u062a\u0627\u0646<\/td>\n<\/tr>\n<\/tbody>\n<\/table>","protected":false},"excerpt":{"rendered":"<h2>\u0645\u0648\u0632\u0639 \u0635\u0627\u0646\u0639 \u0627\u0644\u0642\u0647\u0648\u0629 \u0627\u0644\u0646\u064a\u062a\u0631\u0648\u062c\u064a\u0646<\/h2>\n<p>\u0645\u0644\u0643\u0646\u0627<strong> \u0645\u0648\u0632\u0639 \u0627\u0644\u0642\u0647\u0648\u0629 <span style=\"color: #ff0000;\">\u0644<\/span><span style=\"color: #0000ff;\">\u0631<\/span>\u062c<\/strong> \u0625\u0646\u0647\u0627 \u0645\u0635\u0646\u0648\u0639\u0629 \u0645\u0646 \u0627\u0644\u0641\u0648\u0644\u0627\u0630 \u0627\u0644\u0645\u0642\u0627\u0648\u0645 \u0644\u0644\u0635\u062f\u0623 \u0628\u062f\u0631\u062c\u0629 304 \u0644\u0644\u0637\u0639\u0627\u0645 \u0644\u0633\u0647\u0648\u0644\u0629 \u0627\u0644\u062a\u0646\u0638\u064a\u0641 \u0645\u0639 \u062a\u0644\u0628\u064a\u0629 \u0627\u0644\u0645\u062a\u0637\u0644\u0628\u0627\u062a \u0627\u0644\u0635\u062d\u064a\u0629. \u064a\u062a\u064a\u062d \u0644\u0643 \u0647\u0630\u0627 \u0627\u0644\u0645\u0648\u0632\u0639 \u062a\u062d\u0636\u064a\u0631 \u0642\u0647\u0648\u0629 \u0646\u064a\u062a\u0631\u0648\u062c\u064a\u0646 \u0644\u0630\u064a\u0630\u0629\u060c \u0628\u0627\u0644\u0625\u0636\u0627\u0641\u0629 \u0625\u0644\u0649 \u0643\u0648\u0646\u0647 \u0645\u0641\u064a\u062f\u064b\u0627 \u0643\u0645\u0648\u0632\u0639 \u0644\u0644\u0628\u064a\u0631\u0629 \u0648\u0627\u0644\u0645\u0634\u0631\u0648\u0628\u0627\u062a \u0627\u0644\u063a\u0627\u0632\u064a\u0629 \u0648\u0627\u0644\u0645\u0634\u0631\u0648\u0628\u0627\u062a \u0627\u0644\u063a\u0627\u0632\u064a\u0629 \u0648\u0645\u0627 \u0625\u0644\u0649 \u0630\u0644\u0643. \u062d\u062c\u0645\u0647 \u0627\u0644\u0635\u063a\u064a\u0631 \u064a\u062c\u0639\u0644\u0647 \u0633\u0647\u0644 \u0627\u0644\u062d\u0645\u0644 \u0648\u0627\u0644\u062a\u062e\u0632\u064a\u0646 \u0641\u064a \u062b\u0644\u0627\u062c\u062a\u0643. \u0645\u0639 \u0641\u062a\u062d\u0627\u062a \u0645\u062c\u0648\u0641\u0629 \u0639\u0644\u0649 \u0643\u0644\u0627 \u0627\u0644\u062c\u0627\u0646\u0628\u064a\u0646 \u0644\u0633\u0647\u0648\u0644\u0629 \u0627\u0644\u062d\u0645\u0644.<\/p>\n<h6><strong>\u0636\u0645\u0627\u0646\u00a0<span style=\"color: #ff0000;\">\u0644<\/span><span style=\"color: #0000ff;\">\u0631<\/span>\u062c 2 \u0633\u0646\u0629<\/strong><\/h6>\n<h6><strong>\u064a\u0634\u0645\u0644 \u0627\u0644\u062f\u0639\u0645 \u0627\u0644\u0641\u0646\u064a<\/strong><\/h6>","protected":false},"featured_media":3856,"comment_status":"open","ping_status":"closed","template":"","meta":{"wds_primary_product_brand":0,"wds_primary_product_cat":0},"product_brand":[],"product_cat":[57],"product_tag":[],"class_list":{"0":"post-3846","1":"product","2":"type-product","3":"status-publish","4":"has-post-thumbnail","6":"product_cat-dosificadores-dispensadores","7":"product_shipping_class-hosteleria","9":"first","10":"instock","11":"sale","12":"taxable","13":"shipping-taxable","14":"purchasable","15":"product-type-simple"},"yoast_head":"<!-- This site is optimized with the Yoast SEO Premium plugin v24.9 (Yoast SEO v26.1) - https:\/\/yoast.com\/wordpress\/plugins\/seo\/ -->\n<title>Dispensador cafetera nitr\u00f3geno - distribuci\u00f3n ARC<\/title>\n<meta name=\"robots\" content=\"index, follow, max-snippet:-1, max-image-preview:large, max-video-preview:-1\" \/>\n<link rel=\"canonical\" href=\"https:\/\/distribucionarc.com\/ar\/\u0645\u0646\u062a\u062c\/\u0645\u0648\u0632\u0639-\u0635\u0627\u0646\u0639\u0629-\u0642\u0647\u0648\u0629-\u0646\u064a\u062a\u0631\u0648\u062c\u064a\u0646\/\" \/>\n<meta property=\"og:locale\" content=\"ar_AR\" \/>\n<meta property=\"og:type\" content=\"article\" \/>\n<meta property=\"og:title\" content=\"Dispensador cafetera nitr\u00f3geno\" \/>\n<meta property=\"og:description\" content=\"Dispensador cafetera nitr\u00f3geno Nuestro dispensador cafetera ARC est\u00e1 hecha de acero inoxidable 304 de grado alimenticio para mayor facilidad de limpieza a su vez que cumple con los requisitos sanitarios. Este dispensador le permite realizar un sabroso caf\u00e9 nitrogenado, adem\u00e1s de ser \u00fatil como dispensador de cerveza, refrescos, bebidas gaseosas, etc. Su peque\u00f1o tama\u00f1o lo hace port\u00e1til y f\u00e1cil de guardar en sus neveras. Con ranuras huecas en ambos lados para facilitar su transporte. Garant\u00eda\u00a0ARC 2 A\u00d1OS soporte t\u00e9cnico incluido\" \/>\n<meta property=\"og:url\" content=\"https:\/\/distribucionarc.com\/ar\/\u0645\u0646\u062a\u062c\/\u0645\u0648\u0632\u0639-\u0635\u0627\u0646\u0639\u0629-\u0642\u0647\u0648\u0629-\u0646\u064a\u062a\u0631\u0648\u062c\u064a\u0646\/\" \/>\n<meta property=\"og:site_name\" content=\"distribuci\u00f3n ARC\" \/>\n<meta property=\"article:modified_time\" content=\"2020-10-10T09:01:49+00:00\" \/>\n<meta property=\"og:image\" content=\"https:\/\/distribucionarc.com\/wp-content\/uploads\/2020\/10\/Dispensador-cafetera-nitr\u00f3geno-0.jpg\" \/>\n\t<meta property=\"og:image:width\" content=\"1600\" \/>\n\t<meta property=\"og:image:height\" content=\"1600\" \/>\n\t<meta property=\"og:image:type\" content=\"image\/jpeg\" \/>\n<meta name=\"twitter:card\" content=\"summary_large_image\" \/>\n<meta name=\"twitter:label1\" content=\"\u0648\u0642\u062a \u0627\u0644\u0642\u0631\u0627\u0621\u0629 \u0627\u0644\u0645\u064f\u0642\u062f\u0651\u0631\" \/>\n\t<meta name=\"twitter:data1\" content=\"\u062f\u0642\u064a\u0642\u0629 \u0648\u0627\u062d\u062f\u0629\" \/>\n<script type=\"application\/ld+json\" class=\"yoast-schema-graph\">{\"@context\":\"https:\/\/schema.org\",\"@graph\":[{\"@type\":\"WebPage\",\"@id\":\"https:\/\/distribucionarc.com\/pt\/producto\/dispensador-cafetera-nitrogeno\/\",\"url\":\"https:\/\/distribucionarc.com\/pt\/producto\/dispensador-cafetera-nitrogeno\/\",\"name\":\"Dispensador cafetera nitr\u00f3geno - distribuci\u00f3n ARC\",\"isPartOf\":{\"@id\":\"https:\/\/distribucionarc.com\/de\/#website\"},\"primaryImageOfPage\":{\"@id\":\"https:\/\/distribucionarc.com\/pt\/producto\/dispensador-cafetera-nitrogeno\/#primaryimage\"},\"image\":{\"@id\":\"https:\/\/distribucionarc.com\/pt\/producto\/dispensador-cafetera-nitrogeno\/#primaryimage\"},\"thumbnailUrl\":\"https:\/\/distribucionarc.com\/wp-content\/uploads\/2020\/10\/Dispensador-cafetera-nitr\u00f3geno-0.jpg\",\"datePublished\":\"2020-10-10T09:01:48+00:00\",\"dateModified\":\"2020-10-10T09:01:49+00:00\",\"breadcrumb\":{\"@id\":\"https:\/\/distribucionarc.com\/pt\/producto\/dispensador-cafetera-nitrogeno\/#breadcrumb\"},\"inLanguage\":\"ar\",\"potentialAction\":[{\"@type\":\"ReadAction\",\"target\":[\"https:\/\/distribucionarc.com\/pt\/producto\/dispensador-cafetera-nitrogeno\/\"]}]},{\"@type\":\"ImageObject\",\"inLanguage\":\"ar\",\"@id\":\"https:\/\/distribucionarc.com\/pt\/producto\/dispensador-cafetera-nitrogeno\/#primaryimage\",\"url\":\"https:\/\/distribucionarc.com\/wp-content\/uploads\/2020\/10\/Dispensador-cafetera-nitr\u00f3geno-0.jpg\",\"contentUrl\":\"https:\/\/distribucionarc.com\/wp-content\/uploads\/2020\/10\/Dispensador-cafetera-nitr\u00f3geno-0.jpg\",\"width\":1600,\"height\":1600,\"caption\":\"Dispensador cafetera nitr\u00f3geno 5L\"},{\"@type\":\"BreadcrumbList\",\"@id\":\"https:\/\/distribucionarc.com\/pt\/producto\/dispensador-cafetera-nitrogeno\/#breadcrumb\",\"itemListElement\":[{\"@type\":\"ListItem\",\"position\":1,\"name\":\"Portada\",\"item\":\"https:\/\/distribucionarc.com\/pl\/\"},{\"@type\":\"ListItem\",\"position\":2,\"name\":\"Produkty\",\"item\":\"https:\/\/distribucionarc.com\/pl\/shop\/\"},{\"@type\":\"ListItem\",\"position\":3,\"name\":\"Dispensador cafetera nitr\u00f3geno\"}]},{\"@type\":\"WebSite\",\"@id\":\"https:\/\/distribucionarc.com\/de\/#website\",\"url\":\"https:\/\/distribucionarc.com\/de\/\",\"name\":\"distribuci\u00f3n ARC\",\"description\":\"Empresa especializada en la fabricaci\u00f3n y distribuci\u00f3n de maquinaria industrial, selladoras de latas, Maquinas de hacer pastillas, Maquinas de cortar carne...\",\"publisher\":{\"@id\":\"https:\/\/distribucionarc.com\/de\/#organization\"},\"potentialAction\":[{\"@type\":\"SearchAction\",\"target\":{\"@type\":\"EntryPoint\",\"urlTemplate\":\"https:\/\/distribucionarc.com\/de\/?s={search_term_string}\"},\"query-input\":{\"@type\":\"PropertyValueSpecification\",\"valueRequired\":true,\"valueName\":\"search_term_string\"}}],\"inLanguage\":\"ar\"},{\"@type\":\"Organization\",\"@id\":\"https:\/\/distribucionarc.com\/de\/#organization\",\"name\":\"Distribuci\u00f3n ARC\",\"url\":\"https:\/\/distribucionarc.com\/de\/\",\"logo\":{\"@type\":\"ImageObject\",\"inLanguage\":\"ar\",\"@id\":\"https:\/\/distribucionarc.com\/de\/#\/schema\/logo\/image\/\",\"url\":\"https:\/\/distribucionarc.com\/wp-content\/uploads\/2024\/10\/distribucion-ARC-COLOR-SIN-FONDO-e1732295305345.png\",\"contentUrl\":\"https:\/\/distribucionarc.com\/wp-content\/uploads\/2024\/10\/distribucion-ARC-COLOR-SIN-FONDO-e1732295305345.png\",\"width\":1164,\"height\":558,\"caption\":\"Distribuci\u00f3n ARC\"},\"image\":{\"@id\":\"https:\/\/distribucionarc.com\/de\/#\/schema\/logo\/image\/\"},\"description\":\"Empresa especializada en la fabricaci\u00f3n y distribuci\u00f3n de maquinaria industrial para los sectores alimentario y farmac\u00e9utico. Nos especializamos en: M\u00e1quinas de cortar carne Fabricaci\u00f3n de comprimidos Sistemas de transporte industrial L\u00edneas de embotellado Dosificadores Y mucho m\u00e1s... Ofrecemos soluciones innovadoras y personalizadas para optimizar los procesos productivos de tu empresa.\",\"email\":\"Admistracion@distribucionarc.com\",\"telephone\":\"+34 643496664\",\"legalName\":\"ARC TECH SOLUTIONS\",\"foundingDate\":\"2024-04-09\",\"vatID\":\"B55480172\",\"numberOfEmployees\":{\"@type\":\"QuantitativeValue\",\"minValue\":\"1\",\"maxValue\":\"10\"}}]}<\/script>\n<!-- \/ Yoast SEO Premium plugin. -->","yoast_head_json":{"title":"\u0645\u0648\u0632\u0639 \u0642\u0647\u0648\u0629 \u0627\u0644\u0646\u064a\u062a\u0631\u0648\u062c\u064a\u0646 - \u062a\u0648\u0632\u064a\u0639 ARC","robots":{"index":"index","follow":"follow","max-snippet":"max-snippet:-1","max-image-preview":"max-image-preview:large","max-video-preview":"max-video-preview:-1"},"canonical":"https:\/\/distribucionarc.com\/ar\/\u0645\u0646\u062a\u062c\/\u0645\u0648\u0632\u0639-\u0635\u0627\u0646\u0639\u0629-\u0642\u0647\u0648\u0629-\u0646\u064a\u062a\u0631\u0648\u062c\u064a\u0646\/","og_locale":"ar_AR","og_type":"article","og_title":"Dispensador cafetera nitr\u00f3geno","og_description":"Dispensador cafetera nitr\u00f3geno Nuestro dispensador cafetera ARC est\u00e1 hecha de acero inoxidable 304 de grado alimenticio para mayor facilidad de limpieza a su vez que cumple con los requisitos sanitarios. Este dispensador le permite realizar un sabroso caf\u00e9 nitrogenado, adem\u00e1s de ser \u00fatil como dispensador de cerveza, refrescos, bebidas gaseosas, etc. Su peque\u00f1o tama\u00f1o lo hace port\u00e1til y f\u00e1cil de guardar en sus neveras. Con ranuras huecas en ambos lados para facilitar su transporte. Garant\u00eda\u00a0ARC 2 A\u00d1OS soporte t\u00e9cnico incluido","og_url":"https:\/\/distribucionarc.com\/ar\/\u0645\u0646\u062a\u062c\/\u0645\u0648\u0632\u0639-\u0635\u0627\u0646\u0639\u0629-\u0642\u0647\u0648\u0629-\u0646\u064a\u062a\u0631\u0648\u062c\u064a\u0646\/","og_site_name":"distribuci\u00f3n ARC","article_modified_time":"2020-10-10T09:01:49+00:00","og_image":[{"width":1600,"height":1600,"url":"https:\/\/distribucionarc.com\/wp-content\/uploads\/2020\/10\/Dispensador-cafetera-nitr\u00f3geno-0.jpg","type":"image\/jpeg"}],"twitter_card":"summary_large_image","twitter_misc":{"\u0648\u0642\u062a \u0627\u0644\u0642\u0631\u0627\u0621\u0629 \u0627\u0644\u0645\u064f\u0642\u062f\u0651\u0631":"\u062f\u0642\u064a\u0642\u0629 \u0648\u0627\u062d\u062f\u0629"},"schema":{"@context":"https:\/\/schema.org","@graph":[{"@type":"WebPage","@id":"https:\/\/distribucionarc.com\/pt\/producto\/dispensador-cafetera-nitrogeno\/","url":"https:\/\/distribucionarc.com\/pt\/producto\/dispensador-cafetera-nitrogeno\/","name":"\u0645\u0648\u0632\u0639 \u0642\u0647\u0648\u0629 \u0627\u0644\u0646\u064a\u062a\u0631\u0648\u062c\u064a\u0646 - \u062a\u0648\u0632\u064a\u0639 ARC","isPartOf":{"@id":"https:\/\/distribucionarc.com\/de\/#website"},"primaryImageOfPage":{"@id":"https:\/\/distribucionarc.com\/pt\/producto\/dispensador-cafetera-nitrogeno\/#primaryimage"},"image":{"@id":"https:\/\/distribucionarc.com\/pt\/producto\/dispensador-cafetera-nitrogeno\/#primaryimage"},"thumbnailUrl":"https:\/\/distribucionarc.com\/wp-content\/uploads\/2020\/10\/Dispensador-cafetera-nitr\u00f3geno-0.jpg","datePublished":"2020-10-10T09:01:48+00:00","dateModified":"2020-10-10T09:01:49+00:00","breadcrumb":{"@id":"https:\/\/distribucionarc.com\/pt\/producto\/dispensador-cafetera-nitrogeno\/#breadcrumb"},"inLanguage":"ar","potentialAction":[{"@type":"ReadAction","target":["https:\/\/distribucionarc.com\/pt\/producto\/dispensador-cafetera-nitrogeno\/"]}]},{"@type":"ImageObject","inLanguage":"ar","@id":"https:\/\/distribucionarc.com\/pt\/producto\/dispensador-cafetera-nitrogeno\/#primaryimage","url":"https:\/\/distribucionarc.com\/wp-content\/uploads\/2020\/10\/Dispensador-cafetera-nitr\u00f3geno-0.jpg","contentUrl":"https:\/\/distribucionarc.com\/wp-content\/uploads\/2020\/10\/Dispensador-cafetera-nitr\u00f3geno-0.jpg","width":1600,"height":1600,"caption":"Dispensador cafetera nitr\u00f3geno 5L"},{"@type":"BreadcrumbList","@id":"https:\/\/distribucionarc.com\/pt\/producto\/dispensador-cafetera-nitrogeno\/#breadcrumb","itemListElement":[{"@type":"ListItem","position":1,"name":"Portada","item":"https:\/\/distribucionarc.com\/pl\/"},{"@type":"ListItem","position":2,"name":"Produkty","item":"https:\/\/distribucionarc.com\/pl\/shop\/"},{"@type":"ListItem","position":3,"name":"Dispensador cafetera nitr\u00f3geno"}]},{"@type":"WebSite","@id":"https:\/\/distribucionarc.com\/de\/#website","url":"https:\/\/distribucionarc.com\/de\/","name":"\u062a\u0648\u0632\u064a\u0639 \u0627\u0644\u0642\u0648\u0633","description":"\u0634\u0631\u0643\u0629 \u0645\u062a\u062e\u0635\u0635\u0629 \u0641\u064a \u062a\u0635\u0646\u064a\u0639 \u0648\u062a\u0648\u0632\u064a\u0639 \u0627\u0644\u0622\u0644\u0627\u062a \u0627\u0644\u0635\u0646\u0627\u0639\u064a\u0629\u060c \u0648\u0645\u0627\u0643\u064a\u0646\u0627\u062a \u062e\u062a\u0645 \u0627\u0644\u0639\u0644\u0628\u060c \u0648\u0645\u0627\u0643\u064a\u0646\u0627\u062a \u0635\u0646\u0639 \u0627\u0644\u0623\u0642\u0631\u0627\u0635\u060c \u0648\u0645\u0627\u0643\u064a\u0646\u0627\u062a \u062a\u0642\u0637\u064a\u0639 \u0627\u0644\u0644\u062d\u0648\u0645...","publisher":{"@id":"https:\/\/distribucionarc.com\/de\/#organization"},"potentialAction":[{"@type":"SearchAction","target":{"@type":"EntryPoint","urlTemplate":"https:\/\/distribucionarc.com\/de\/?s={search_term_string}"},"query-input":{"@type":"PropertyValueSpecification","valueRequired":true,"valueName":"search_term_string"}}],"inLanguage":"ar"},{"@type":"Organization","@id":"https:\/\/distribucionarc.com\/de\/#organization","name":"\u062a\u0648\u0632\u064a\u0639 \u0622\u0631\u0643","url":"https:\/\/distribucionarc.com\/de\/","logo":{"@type":"ImageObject","inLanguage":"ar","@id":"https:\/\/distribucionarc.com\/de\/#\/schema\/logo\/image\/","url":"https:\/\/distribucionarc.com\/wp-content\/uploads\/2024\/10\/distribucion-ARC-COLOR-SIN-FONDO-e1732295305345.png","contentUrl":"https:\/\/distribucionarc.com\/wp-content\/uploads\/2024\/10\/distribucion-ARC-COLOR-SIN-FONDO-e1732295305345.png","width":1164,"height":558,"caption":"Distribuci\u00f3n ARC"},"image":{"@id":"https:\/\/distribucionarc.com\/de\/#\/schema\/logo\/image\/"},"description":"\u0634\u0631\u0643\u0629 \u0645\u062a\u062e\u0635\u0635\u0629 \u0641\u064a \u062a\u0635\u0646\u064a\u0639 \u0648\u062a\u0648\u0632\u064a\u0639 \u0627\u0644\u0622\u0644\u0627\u062a \u0627\u0644\u0635\u0646\u0627\u0639\u064a\u0629 \u0644\u0642\u0637\u0627\u0639\u064a \u0627\u0644\u0623\u063a\u0630\u064a\u0629 \u0648\u0627\u0644\u0623\u062f\u0648\u064a\u0629. \u0646\u062d\u0646 \u0645\u062a\u062e\u0635\u0635\u0648\u0646 \u0641\u064a: \u0645\u0627\u0643\u064a\u0646\u0627\u062a \u062a\u0642\u0637\u064a\u0639 \u0627\u0644\u0644\u062d\u0648\u0645 \u062a\u0635\u0646\u064a\u0639 \u0627\u0644\u0623\u0642\u0631\u0627\u0635 \u0623\u0646\u0638\u0645\u0629 \u0627\u0644\u0646\u0642\u0644 \u0627\u0644\u0635\u0646\u0627\u0639\u064a\u0629 \u062e\u0637\u0648\u0637 \u0627\u0644\u062a\u0639\u0628\u0626\u0629 \u0648\u0627\u0644\u062a\u063a\u0644\u064a\u0641 \u0627\u0644\u0645\u0648\u0632\u0639\u0627\u062a \u0648\u0623\u0643\u062b\u0631 \u0645\u0646 \u0630\u0644\u0643 \u0628\u0643\u062b\u064a\u0631... \u0646\u062d\u0646 \u0646\u0642\u062f\u0645 \u062d\u0644\u0648\u0644\u0627\u064b \u0645\u0628\u062a\u0643\u0631\u0629 \u0648\u0645\u062e\u0635\u0635\u0629 \u0644\u062a\u062d\u0633\u064a\u0646 \u0639\u0645\u0644\u064a\u0627\u062a \u0627\u0644\u0625\u0646\u062a\u0627\u062c \u0641\u064a \u0634\u0631\u0643\u062a\u0643.","email":"Admistracion@distribucionarc.com","telephone":"+34 643496664","legalName":"ARC TECH SOLUTIONS","foundingDate":"2024-04-09","vatID":"B55480172","numberOfEmployees":{"@type":"QuantitativeValue","minValue":"1","maxValue":"10"}}]}},"_links":{"self":[{"href":"https:\/\/distribucionarc.com\/ar\/wp-json\/wp\/v2\/product\/3846","targetHints":{"allow":["GET"]}}],"collection":[{"href":"https:\/\/distribucionarc.com\/ar\/wp-json\/wp\/v2\/product"}],"about":[{"href":"https:\/\/distribucionarc.com\/ar\/wp-json\/wp\/v2\/types\/product"}],"replies":[{"embeddable":true,"href":"https:\/\/distribucionarc.com\/ar\/wp-json\/wp\/v2\/comments?post=3846"}],"version-history":[{"count":0,"href":"https:\/\/distribucionarc.com\/ar\/wp-json\/wp\/v2\/product\/3846\/revisions"}],"wp:featuredmedia":[{"embeddable":true,"href":"https:\/\/distribucionarc.com\/ar\/wp-json\/wp\/v2\/media\/3856"}],"wp:attachment":[{"href":"https:\/\/distribucionarc.com\/ar\/wp-json\/wp\/v2\/media?parent=3846"}],"wp:term":[{"taxonomy":"product_brand","embeddable":true,"href":"https:\/\/distribucionarc.com\/ar\/wp-json\/wp\/v2\/product_brand?post=3846"},{"taxonomy":"product_cat","embeddable":true,"href":"https:\/\/distribucionarc.com\/ar\/wp-json\/wp\/v2\/product_cat?post=3846"},{"taxonomy":"product_tag","embeddable":true,"href":"https:\/\/distribucionarc.com\/ar\/wp-json\/wp\/v2\/product_tag?post=3846"}],"curies":[{"name":"wp","href":"https:\/\/api.w.org\/{rel}","templated":true}]}}