{"id":3862,"date":"2020-10-10T10:52:38","date_gmt":"2020-10-10T10:52:38","guid":{"rendered":"https:\/\/distribucionarc.com\/?post_type=product&#038;p=3862"},"modified":"2020-10-10T10:52:39","modified_gmt":"2020-10-10T10:52:39","slug":"%d8%a8%d8%a7%d9%84%d9%88%d8%b9%d8%a9-%d8%a7%d9%84%d8%b5%d9%86%d8%a7%d8%b9%d9%8a%d8%a9","status":"publish","type":"product","link":"https:\/\/distribucionarc.com\/ar\/producto\/fregadero-industrial\/","title":{"rendered":"\u0628\u0627\u0644\u0648\u0639\u0629 \u0635\u0646\u0627\u0639\u064a\u0629"},"content":{"rendered":"<h3>\u0637\u0627\u0648\u0644\u0629 \u0627\u0644\u0639\u0645\u0644 \u0645\u0639 \u0628\u0627\u0644\u0648\u0639\u0629<\/h3>\n<p>\u0647\u0630\u0627 <strong>\u0637\u0627\u0648\u0644\u0629 \u0627\u0644\u0639\u0645\u0644 <span style=\"color: #ff0000;\">\u0644<span style=\"color: #0000ff;\">\u0631<\/span><\/span>CBF1<\/strong> \u0625\u0646\u0647\u0627 \u0645\u0635\u0646\u0648\u0639\u0629 \u0645\u0646 \u0627\u0644\u0641\u0648\u0644\u0627\u0630 \u0627\u0644\u0645\u0642\u0627\u0648\u0645 \u0644\u0644\u0635\u062f\u0623 \u0639\u0627\u0644\u064a \u0627\u0644\u062c\u0648\u062f\u0629\u060c \u0648\u0645\u0635\u0645\u0645\u0629 \u064a\u062f\u0648\u064a\u064b\u0627 \u0628\u0627\u0644\u0643\u0627\u0645\u0644\u060c \u0648\u062a\u062d\u062a\u0648\u064a \u0639\u0644\u0649 \u0645\u0635\u0641\u0627\u0629 \u0639\u0644\u0649 \u0627\u0644\u062c\u0627\u0646\u0628 \u0627\u0644\u0623\u064a\u0645\u0646 \u062a\u062a\u0636\u0645\u0646 \u0645\u0635\u0641\u0627\u0629 \u0633\u0644\u0629 \u0644\u062a\u0635\u0631\u064a\u0641 \u0623\u0641\u0636\u0644. \u062a\u062d\u062a\u0648\u064a \u0639\u0644\u0649 \u0642\u0646\u0627\u0629 \u062a\u0646\u0642\u064a\u0637 \u062a\u062d\u064a\u0637 \u0628\u0627\u0644\u0645\u062c\u0641\u0641. \u064a\u062a\u0645 \u062a\u0642\u0631\u064a\u0628 \u0627\u0644\u062d\u0648\u0627\u0641 \u0648\u0627\u0644\u0632\u0648\u0627\u064a\u0627 \u0644\u0636\u0645\u0627\u0646 \u0633\u0644\u0627\u0645\u0629 \u0627\u0644\u0645\u0633\u062a\u062e\u062f\u0645.<\/p>\n<h6><strong>\u0636\u0645\u0627\u0646\u00a0<span style=\"color: #ff0000;\">\u0644<\/span><span style=\"color: #0000ff;\">\u0631<\/span>\u062c 2 \u0633\u0646\u0629<\/strong><\/h6>\n<h6><strong>\u064a\u0634\u0645\u0644 \u0627\u0644\u062f\u0639\u0645 \u0627\u0644\u0641\u0646\u064a<\/strong><\/h6>\n<p>&nbsp;<\/p>\n<table width=\"100%\">\n<tbody>\n<tr>\n<td>\u0645\u0627\u0631\u0643\u0629:<\/td>\n<td width=\"32%\">\u0642\u0648\u0633<\/td>\n<td>\u0648\u0632\u0646:<\/td>\n<td width=\"30%\">11.5 \u0643\u062c\u0645<\/td>\n<\/tr>\n<tr>\n<td>\u0628\u0644\u062f \u0627\u0644\u062a\u0648\u0632\u064a\u0639:<\/td>\n<td width=\"32%\">\u0627\u0633\u0628\u0627\u0646\u064a\u0627\u060c \u0623\u0644\u0645\u0627\u0646\u064a\u0627\u060c \u0627\u0644\u0648\u0644\u0627\u064a\u0627\u062a \u0627\u0644\u0645\u062a\u062d\u062f\u0629 \u0627\u0644\u0623\u0645\u0631\u064a\u0643\u064a\u0629<\/td>\n<td>\u0627\u0631\u062a\u0641\u0627\u0639:<\/td>\n<td width=\"30%\">92 \u0633\u0645<\/td>\n<\/tr>\n<tr>\n<td>\u0644\u0648\u0646:<\/td>\n<td width=\"32%\">\u0641\u0636\u064a<\/td>\n<td>\u0637\u0648\u064a\u0644:<\/td>\n<td width=\"30%\">100 \u0633\u0645<\/td>\n<\/tr>\n<tr>\n<td>\u0646\u0648\u0639 \u0627\u0644\u0645\u0646\u062a\u062c:<\/td>\n<td width=\"32%\">\u062d\u0648\u0636<\/td>\n<td>\u0648\u0627\u0633\u0639:<\/td>\n<td width=\"30%\">50 \u0633\u0645<\/td>\n<\/tr>\n<tr>\n<td>\u0631\u0642\u0645 \u0627\u0644\u0634\u0631\u0643\u0629 \u0627\u0644\u0645\u0635\u0646\u0639\u0629:<\/td>\n<td width=\"32%\">ARCBF1<\/td>\n<td>\u0623\u0628\u0639\u0627\u062f \u0627\u0644\u062d\u0648\u0636:<\/td>\n<td width=\"30%\">35x35x24 \u0633\u0645<\/td>\n<\/tr>\n<tr>\n<td>\u0645\u0627\u062f\u0629:<\/td>\n<td width=\"32%\">304 \u0627\u0644\u0641\u0648\u0644\u0627\u0630 \u0627\u0644\u0645\u0642\u0627\u0648\u0645 \u0644\u0644\u0635\u062f\u0623<\/td>\n<td>\u00a0\u00a0\u0636\u0645\u0627\u0646:<\/td>\n<td width=\"30%\">\u0633\u0646\u062a\u0627\u0646<\/td>\n<\/tr>\n<tr>\n<td>\u0633\u0645\u0643 \u0627\u0644\u0635\u0644\u0628:<\/td>\n<td width=\"32%\">0.8 \u0645\u0644\u0645<\/td>\n<td><\/td>\n<td width=\"30%\"><\/td>\n<\/tr>\n<\/tbody>\n<\/table>\n<p>&nbsp;<\/p>\n<p>&nbsp;<\/p>","protected":false},"excerpt":{"rendered":"<h2>\u0637\u0627\u0648\u0644\u0629 \u0627\u0644\u0639\u0645\u0644 \u0645\u0639 \u0628\u0627\u0644\u0648\u0639\u0629<\/h2>\n<p>\u0647\u0630\u0627 <strong>\u0637\u0627\u0648\u0644\u0629 \u0627\u0644\u0639\u0645\u0644 \u0645\u0639 \u0628\u0627\u0644\u0648\u0639\u0629 <span style=\"color: #ff0000;\">\u0644<\/span><span style=\"color: #0000ff;\">\u0631<\/span>\u062c<\/strong> \u0625\u0646\u0647 \u0645\u0635\u0646\u0648\u0639 \u064a\u062f\u0648\u064a\u064b\u0627 \u0645\u0646 \u0627\u0644\u0641\u0648\u0644\u0627\u0630 \u0627\u0644\u0645\u0642\u0627\u0648\u0645 \u0644\u0644\u0635\u062f\u0623 \u0627\u0644\u0641\u0627\u062e\u0631\u061b \u0644\u062f\u064a\u0647\u0627 \u062a\u062c\u0641\u064a\u0641. \u0627\u0644\u062d\u0648\u0636 \u0628\u0623\u0643\u0645\u0644\u0647 \u0639\u0628\u0627\u0631\u0629 \u0639\u0646 \u0642\u0637\u0639\u0629 \u0645\u062f\u0645\u062c\u0629 \u0645\u0646 \u0627\u0644\u0641\u0648\u0644\u0627\u0630 \u0627\u0644\u0645\u0635\u0642\u0648\u0644 \u0645\u0639 \u0645\u0646\u0627\u0637\u0642 \u0645\u0644\u062d\u0648\u0645\u0629 \u0648\u0644\u0645\u0633\u0629 \u0646\u0647\u0627\u0626\u064a\u0629 \u062c\u0645\u064a\u0644\u0629 \u0645\u0646 \u0627\u0644\u0633\u0627\u062a\u0627\u0646. \u062a\u0636\u0645\u0646 \u0627\u0644\u0623\u0631\u062c\u0644 \u0627\u0644\u0645\u0635\u0646\u0648\u0639\u0629 \u0645\u0646 \u0627\u0644\u0641\u0648\u0644\u0627\u0630 \u0627\u0644\u0645\u0642\u0627\u0648\u0645 \u0644\u0644\u0635\u062f\u0623 \u0645\u0639 \u062f\u0639\u0627\u0645\u0627\u062a \u0645\u062a\u0642\u0627\u0637\u0639\u0629 \u062f\u0639\u0645\u064b\u0627 \u062b\u0627\u0628\u062a\u064b\u0627.<\/p>\n<h6><strong>\u0636\u0645\u0627\u0646\u00a0<span style=\"color: #ff0000;\">\u0644<\/span><span style=\"color: #0000ff;\">\u0631<\/span>\u062c 2 \u0633\u0646\u0629<\/strong><\/h6>\n<h6><strong>\u064a\u0634\u0645\u0644 \u0627\u0644\u062f\u0639\u0645 \u0627\u0644\u0641\u0646\u064a<\/strong><\/h6>","protected":false},"featured_media":3869,"comment_status":"open","ping_status":"closed","template":"","meta":{"wds_primary_product_brand":0,"wds_primary_product_cat":0},"product_brand":[],"product_cat":[64],"product_tag":[],"class_list":{"0":"post-3862","1":"product","2":"type-product","3":"status-publish","4":"has-post-thumbnail","6":"product_cat-fregaderos-mesas-de-apoyo-mesones-de-trabajo","7":"product_shipping_class-hosteleria","9":"first","10":"instock","11":"sale","12":"taxable","13":"shipping-taxable","14":"purchasable","15":"product-type-simple"},"yoast_head":"<!-- This site is optimized with the Yoast SEO Premium plugin v24.9 (Yoast SEO v26.1) - https:\/\/yoast.com\/wordpress\/plugins\/seo\/ -->\n<title>Fregadero industrial - distribuci\u00f3n ARC<\/title>\n<meta name=\"robots\" content=\"index, follow, max-snippet:-1, max-image-preview:large, max-video-preview:-1\" \/>\n<link rel=\"canonical\" href=\"https:\/\/distribucionarc.com\/ar\/\u0645\u0646\u062a\u062c\/\u0628\u0627\u0644\u0648\u0639\u0629-\u0627\u0644\u0635\u0646\u0627\u0639\u064a\u0629\/\" \/>\n<meta property=\"og:locale\" content=\"ar_AR\" \/>\n<meta property=\"og:type\" content=\"article\" \/>\n<meta property=\"og:title\" content=\"Fregadero industrial\" \/>\n<meta property=\"og:description\" content=\"Banco de trabajo con fregadero Este banco de trabajo con fregadero ARC est\u00e1 fabricado a mano con acero inoxidable de primera calidad; cuenta con escurridor. Todo el fregadero es una pieza compacta de acero pulido con \u00e1reas soldadas y un hermoso acabado satinado. Las patas de acero inoxidable con refuerzos cruzados \u00a0aseguran un apoyo firme. Garant\u00eda\u00a0ARC 2 A\u00d1OS soporte t\u00e9cnico incluido\" \/>\n<meta property=\"og:url\" content=\"https:\/\/distribucionarc.com\/ar\/\u0645\u0646\u062a\u062c\/\u0628\u0627\u0644\u0648\u0639\u0629-\u0627\u0644\u0635\u0646\u0627\u0639\u064a\u0629\/\" \/>\n<meta property=\"og:site_name\" content=\"distribuci\u00f3n ARC\" \/>\n<meta property=\"article:modified_time\" content=\"2020-10-10T10:52:39+00:00\" \/>\n<meta property=\"og:image\" content=\"https:\/\/distribucionarc.com\/wp-content\/uploads\/2020\/10\/Fregadero-industrial-0.jpg\" \/>\n\t<meta property=\"og:image:width\" content=\"1001\" \/>\n\t<meta property=\"og:image:height\" content=\"1001\" \/>\n\t<meta property=\"og:image:type\" content=\"image\/jpeg\" \/>\n<meta name=\"twitter:card\" content=\"summary_large_image\" \/>\n<meta name=\"twitter:label1\" content=\"\u0648\u0642\u062a \u0627\u0644\u0642\u0631\u0627\u0621\u0629 \u0627\u0644\u0645\u064f\u0642\u062f\u0651\u0631\" \/>\n\t<meta name=\"twitter:data1\" content=\"\u062f\u0642\u064a\u0642\u0629 \u0648\u0627\u062d\u062f\u0629\" \/>\n<script type=\"application\/ld+json\" class=\"yoast-schema-graph\">{\"@context\":\"https:\/\/schema.org\",\"@graph\":[{\"@type\":\"WebPage\",\"@id\":\"https:\/\/distribucionarc.com\/pl\/producto\/fregadero-industrial\/\",\"url\":\"https:\/\/distribucionarc.com\/pl\/producto\/fregadero-industrial\/\",\"name\":\"Fregadero industrial - distribuci\u00f3n ARC\",\"isPartOf\":{\"@id\":\"https:\/\/distribucionarc.com\/ar\/#website\"},\"primaryImageOfPage\":{\"@id\":\"https:\/\/distribucionarc.com\/pl\/producto\/fregadero-industrial\/#primaryimage\"},\"image\":{\"@id\":\"https:\/\/distribucionarc.com\/pl\/producto\/fregadero-industrial\/#primaryimage\"},\"thumbnailUrl\":\"https:\/\/distribucionarc.com\/wp-content\/uploads\/2020\/10\/Fregadero-industrial-0.jpg\",\"datePublished\":\"2020-10-10T10:52:38+00:00\",\"dateModified\":\"2020-10-10T10:52:39+00:00\",\"breadcrumb\":{\"@id\":\"https:\/\/distribucionarc.com\/pl\/producto\/fregadero-industrial\/#breadcrumb\"},\"inLanguage\":\"ar\",\"potentialAction\":[{\"@type\":\"ReadAction\",\"target\":[\"https:\/\/distribucionarc.com\/pl\/producto\/fregadero-industrial\/\"]}]},{\"@type\":\"ImageObject\",\"inLanguage\":\"ar\",\"@id\":\"https:\/\/distribucionarc.com\/pl\/producto\/fregadero-industrial\/#primaryimage\",\"url\":\"https:\/\/distribucionarc.com\/wp-content\/uploads\/2020\/10\/Fregadero-industrial-0.jpg\",\"contentUrl\":\"https:\/\/distribucionarc.com\/wp-content\/uploads\/2020\/10\/Fregadero-industrial-0.jpg\",\"width\":1001,\"height\":1001,\"caption\":\"Fregadero industrial\"},{\"@type\":\"BreadcrumbList\",\"@id\":\"https:\/\/distribucionarc.com\/pl\/producto\/fregadero-industrial\/#breadcrumb\",\"itemListElement\":[{\"@type\":\"ListItem\",\"position\":1,\"name\":\"Portada\",\"item\":\"https:\/\/www.distribucionarc.com\/pt\/\"},{\"@type\":\"ListItem\",\"position\":2,\"name\":\"Produtos\",\"item\":\"https:\/\/www.distribucionarc.com\/pt\/shop\/\"},{\"@type\":\"ListItem\",\"position\":3,\"name\":\"Fregadero industrial\"}]},{\"@type\":\"WebSite\",\"@id\":\"https:\/\/distribucionarc.com\/ar\/#website\",\"url\":\"https:\/\/distribucionarc.com\/ar\/\",\"name\":\"distribuci\u00f3n ARC\",\"description\":\"Empresa especializada en la fabricaci\u00f3n y distribuci\u00f3n de maquinaria industrial, selladoras de latas, Maquinas de hacer pastillas, Maquinas de cortar carne...\",\"publisher\":{\"@id\":\"https:\/\/distribucionarc.com\/ar\/#organization\"},\"potentialAction\":[{\"@type\":\"SearchAction\",\"target\":{\"@type\":\"EntryPoint\",\"urlTemplate\":\"https:\/\/distribucionarc.com\/ar\/?s={search_term_string}\"},\"query-input\":{\"@type\":\"PropertyValueSpecification\",\"valueRequired\":true,\"valueName\":\"search_term_string\"}}],\"inLanguage\":\"ar\"},{\"@type\":\"Organization\",\"@id\":\"https:\/\/distribucionarc.com\/ar\/#organization\",\"name\":\"Distribuci\u00f3n ARC\",\"url\":\"https:\/\/distribucionarc.com\/ar\/\",\"logo\":{\"@type\":\"ImageObject\",\"inLanguage\":\"ar\",\"@id\":\"https:\/\/distribucionarc.com\/ar\/#\/schema\/logo\/image\/\",\"url\":\"https:\/\/distribucionarc.com\/wp-content\/uploads\/2024\/10\/distribucion-ARC-COLOR-SIN-FONDO-e1732295305345.png\",\"contentUrl\":\"https:\/\/distribucionarc.com\/wp-content\/uploads\/2024\/10\/distribucion-ARC-COLOR-SIN-FONDO-e1732295305345.png\",\"width\":1164,\"height\":558,\"caption\":\"Distribuci\u00f3n ARC\"},\"image\":{\"@id\":\"https:\/\/distribucionarc.com\/ar\/#\/schema\/logo\/image\/\"},\"description\":\"Empresa especializada en la fabricaci\u00f3n y distribuci\u00f3n de maquinaria industrial para los sectores alimentario y farmac\u00e9utico. Nos especializamos en: M\u00e1quinas de cortar carne Fabricaci\u00f3n de comprimidos Sistemas de transporte industrial L\u00edneas de embotellado Dosificadores Y mucho m\u00e1s... Ofrecemos soluciones innovadoras y personalizadas para optimizar los procesos productivos de tu empresa.\",\"email\":\"Admistracion@distribucionarc.com\",\"telephone\":\"+34 643496664\",\"legalName\":\"ARC TECH SOLUTIONS\",\"foundingDate\":\"2024-04-09\",\"vatID\":\"B55480172\",\"numberOfEmployees\":{\"@type\":\"QuantitativeValue\",\"minValue\":\"1\",\"maxValue\":\"10\"}}]}<\/script>\n<!-- \/ Yoast SEO Premium plugin. -->","yoast_head_json":{"title":"\u0627\u0644\u062d\u0648\u0636 \u0627\u0644\u0635\u0646\u0627\u0639\u064a - \u062a\u0648\u0632\u064a\u0639 ARC","robots":{"index":"index","follow":"follow","max-snippet":"max-snippet:-1","max-image-preview":"max-image-preview:large","max-video-preview":"max-video-preview:-1"},"canonical":"https:\/\/distribucionarc.com\/ar\/\u0645\u0646\u062a\u062c\/\u0628\u0627\u0644\u0648\u0639\u0629-\u0627\u0644\u0635\u0646\u0627\u0639\u064a\u0629\/","og_locale":"ar_AR","og_type":"article","og_title":"Fregadero industrial","og_description":"Banco de trabajo con fregadero Este banco de trabajo con fregadero ARC est\u00e1 fabricado a mano con acero inoxidable de primera calidad; cuenta con escurridor. Todo el fregadero es una pieza compacta de acero pulido con \u00e1reas soldadas y un hermoso acabado satinado. Las patas de acero inoxidable con refuerzos cruzados \u00a0aseguran un apoyo firme. Garant\u00eda\u00a0ARC 2 A\u00d1OS soporte t\u00e9cnico incluido","og_url":"https:\/\/distribucionarc.com\/ar\/\u0645\u0646\u062a\u062c\/\u0628\u0627\u0644\u0648\u0639\u0629-\u0627\u0644\u0635\u0646\u0627\u0639\u064a\u0629\/","og_site_name":"distribuci\u00f3n ARC","article_modified_time":"2020-10-10T10:52:39+00:00","og_image":[{"width":1001,"height":1001,"url":"https:\/\/distribucionarc.com\/wp-content\/uploads\/2020\/10\/Fregadero-industrial-0.jpg","type":"image\/jpeg"}],"twitter_card":"summary_large_image","twitter_misc":{"\u0648\u0642\u062a \u0627\u0644\u0642\u0631\u0627\u0621\u0629 \u0627\u0644\u0645\u064f\u0642\u062f\u0651\u0631":"\u062f\u0642\u064a\u0642\u0629 \u0648\u0627\u062d\u062f\u0629"},"schema":{"@context":"https:\/\/schema.org","@graph":[{"@type":"WebPage","@id":"https:\/\/distribucionarc.com\/pl\/producto\/fregadero-industrial\/","url":"https:\/\/distribucionarc.com\/pl\/producto\/fregadero-industrial\/","name":"\u0627\u0644\u062d\u0648\u0636 \u0627\u0644\u0635\u0646\u0627\u0639\u064a - \u062a\u0648\u0632\u064a\u0639 ARC","isPartOf":{"@id":"https:\/\/distribucionarc.com\/ar\/#website"},"primaryImageOfPage":{"@id":"https:\/\/distribucionarc.com\/pl\/producto\/fregadero-industrial\/#primaryimage"},"image":{"@id":"https:\/\/distribucionarc.com\/pl\/producto\/fregadero-industrial\/#primaryimage"},"thumbnailUrl":"https:\/\/distribucionarc.com\/wp-content\/uploads\/2020\/10\/Fregadero-industrial-0.jpg","datePublished":"2020-10-10T10:52:38+00:00","dateModified":"2020-10-10T10:52:39+00:00","breadcrumb":{"@id":"https:\/\/distribucionarc.com\/pl\/producto\/fregadero-industrial\/#breadcrumb"},"inLanguage":"ar","potentialAction":[{"@type":"ReadAction","target":["https:\/\/distribucionarc.com\/pl\/producto\/fregadero-industrial\/"]}]},{"@type":"ImageObject","inLanguage":"ar","@id":"https:\/\/distribucionarc.com\/pl\/producto\/fregadero-industrial\/#primaryimage","url":"https:\/\/distribucionarc.com\/wp-content\/uploads\/2020\/10\/Fregadero-industrial-0.jpg","contentUrl":"https:\/\/distribucionarc.com\/wp-content\/uploads\/2020\/10\/Fregadero-industrial-0.jpg","width":1001,"height":1001,"caption":"Fregadero industrial"},{"@type":"BreadcrumbList","@id":"https:\/\/distribucionarc.com\/pl\/producto\/fregadero-industrial\/#breadcrumb","itemListElement":[{"@type":"ListItem","position":1,"name":"Portada","item":"https:\/\/www.distribucionarc.com\/pt\/"},{"@type":"ListItem","position":2,"name":"Produtos","item":"https:\/\/www.distribucionarc.com\/pt\/shop\/"},{"@type":"ListItem","position":3,"name":"Fregadero industrial"}]},{"@type":"WebSite","@id":"https:\/\/distribucionarc.com\/ar\/#website","url":"https:\/\/distribucionarc.com\/ar\/","name":"\u062a\u0648\u0632\u064a\u0639 \u0627\u0644\u0642\u0648\u0633","description":"\u0634\u0631\u0643\u0629 \u0645\u062a\u062e\u0635\u0635\u0629 \u0641\u064a \u062a\u0635\u0646\u064a\u0639 \u0648\u062a\u0648\u0632\u064a\u0639 \u0627\u0644\u0622\u0644\u0627\u062a \u0627\u0644\u0635\u0646\u0627\u0639\u064a\u0629\u060c \u0648\u0645\u0627\u0643\u064a\u0646\u0627\u062a \u062e\u062a\u0645 \u0627\u0644\u0639\u0644\u0628\u060c \u0648\u0645\u0627\u0643\u064a\u0646\u0627\u062a \u0635\u0646\u0639 \u0627\u0644\u0623\u0642\u0631\u0627\u0635\u060c \u0648\u0645\u0627\u0643\u064a\u0646\u0627\u062a \u062a\u0642\u0637\u064a\u0639 \u0627\u0644\u0644\u062d\u0648\u0645...","publisher":{"@id":"https:\/\/distribucionarc.com\/ar\/#organization"},"potentialAction":[{"@type":"SearchAction","target":{"@type":"EntryPoint","urlTemplate":"https:\/\/distribucionarc.com\/ar\/?s={search_term_string}"},"query-input":{"@type":"PropertyValueSpecification","valueRequired":true,"valueName":"search_term_string"}}],"inLanguage":"ar"},{"@type":"Organization","@id":"https:\/\/distribucionarc.com\/ar\/#organization","name":"\u062a\u0648\u0632\u064a\u0639 \u0622\u0631\u0643","url":"https:\/\/distribucionarc.com\/ar\/","logo":{"@type":"ImageObject","inLanguage":"ar","@id":"https:\/\/distribucionarc.com\/ar\/#\/schema\/logo\/image\/","url":"https:\/\/distribucionarc.com\/wp-content\/uploads\/2024\/10\/distribucion-ARC-COLOR-SIN-FONDO-e1732295305345.png","contentUrl":"https:\/\/distribucionarc.com\/wp-content\/uploads\/2024\/10\/distribucion-ARC-COLOR-SIN-FONDO-e1732295305345.png","width":1164,"height":558,"caption":"Distribuci\u00f3n ARC"},"image":{"@id":"https:\/\/distribucionarc.com\/ar\/#\/schema\/logo\/image\/"},"description":"\u0634\u0631\u0643\u0629 \u0645\u062a\u062e\u0635\u0635\u0629 \u0641\u064a \u062a\u0635\u0646\u064a\u0639 \u0648\u062a\u0648\u0632\u064a\u0639 \u0627\u0644\u0622\u0644\u0627\u062a \u0627\u0644\u0635\u0646\u0627\u0639\u064a\u0629 \u0644\u0642\u0637\u0627\u0639\u064a \u0627\u0644\u0623\u063a\u0630\u064a\u0629 \u0648\u0627\u0644\u0623\u062f\u0648\u064a\u0629. \u0646\u062d\u0646 \u0645\u062a\u062e\u0635\u0635\u0648\u0646 \u0641\u064a: \u0645\u0627\u0643\u064a\u0646\u0627\u062a \u062a\u0642\u0637\u064a\u0639 \u0627\u0644\u0644\u062d\u0648\u0645 \u062a\u0635\u0646\u064a\u0639 \u0627\u0644\u0623\u0642\u0631\u0627\u0635 \u0623\u0646\u0638\u0645\u0629 \u0627\u0644\u0646\u0642\u0644 \u0627\u0644\u0635\u0646\u0627\u0639\u064a\u0629 \u062e\u0637\u0648\u0637 \u0627\u0644\u062a\u0639\u0628\u0626\u0629 \u0648\u0627\u0644\u062a\u063a\u0644\u064a\u0641 \u0627\u0644\u0645\u0648\u0632\u0639\u0627\u062a \u0648\u0623\u0643\u062b\u0631 \u0645\u0646 \u0630\u0644\u0643 \u0628\u0643\u062b\u064a\u0631... \u0646\u062d\u0646 \u0646\u0642\u062f\u0645 \u062d\u0644\u0648\u0644\u0627\u064b \u0645\u0628\u062a\u0643\u0631\u0629 \u0648\u0645\u062e\u0635\u0635\u0629 \u0644\u062a\u062d\u0633\u064a\u0646 \u0639\u0645\u0644\u064a\u0627\u062a \u0627\u0644\u0625\u0646\u062a\u0627\u062c \u0641\u064a \u0634\u0631\u0643\u062a\u0643.","email":"Admistracion@distribucionarc.com","telephone":"+34 643496664","legalName":"ARC TECH SOLUTIONS","foundingDate":"2024-04-09","vatID":"B55480172","numberOfEmployees":{"@type":"QuantitativeValue","minValue":"1","maxValue":"10"}}]}},"_links":{"self":[{"href":"https:\/\/distribucionarc.com\/ar\/wp-json\/wp\/v2\/product\/3862","targetHints":{"allow":["GET"]}}],"collection":[{"href":"https:\/\/distribucionarc.com\/ar\/wp-json\/wp\/v2\/product"}],"about":[{"href":"https:\/\/distribucionarc.com\/ar\/wp-json\/wp\/v2\/types\/product"}],"replies":[{"embeddable":true,"href":"https:\/\/distribucionarc.com\/ar\/wp-json\/wp\/v2\/comments?post=3862"}],"version-history":[{"count":0,"href":"https:\/\/distribucionarc.com\/ar\/wp-json\/wp\/v2\/product\/3862\/revisions"}],"wp:featuredmedia":[{"embeddable":true,"href":"https:\/\/distribucionarc.com\/ar\/wp-json\/wp\/v2\/media\/3869"}],"wp:attachment":[{"href":"https:\/\/distribucionarc.com\/ar\/wp-json\/wp\/v2\/media?parent=3862"}],"wp:term":[{"taxonomy":"product_brand","embeddable":true,"href":"https:\/\/distribucionarc.com\/ar\/wp-json\/wp\/v2\/product_brand?post=3862"},{"taxonomy":"product_cat","embeddable":true,"href":"https:\/\/distribucionarc.com\/ar\/wp-json\/wp\/v2\/product_cat?post=3862"},{"taxonomy":"product_tag","embeddable":true,"href":"https:\/\/distribucionarc.com\/ar\/wp-json\/wp\/v2\/product_tag?post=3862"}],"curies":[{"name":"wp","href":"https:\/\/api.w.org\/{rel}","templated":true}]}}