{"id":3874,"date":"2020-10-10T13:23:22","date_gmt":"2020-10-10T13:23:22","guid":{"rendered":"https:\/\/distribucionarc.com\/?post_type=product&#038;p=3874"},"modified":"2023-01-04T17:20:22","modified_gmt":"2023-01-04T17:20:22","slug":"%d8%a2%d9%84%d8%a9-%d8%b1%d8%a8%d8%b7-%d8%a7%d9%84%d9%86%d9%82%d8%a7%d9%86%d9%82-%d8%a7%d9%84%d9%8a%d8%af%d9%88%d9%8a%d8%a9","status":"publish","type":"product","link":"https:\/\/distribucionarc.com\/ar\/producto\/atadora-de-embutidos-manual\/","title":{"rendered":"\u0645\u0627\u0643\u064a\u0646\u0629 \u0631\u0628\u0637 \u0627\u0644\u0646\u0642\u0627\u0646\u0642 \u0627\u0644\u064a\u062f\u0648\u064a\u0629\u00a0"},"content":{"rendered":"<h3>\u0645\u0627\u0643\u064a\u0646\u0629 \u0631\u0628\u0637 \u0627\u0644\u0646\u0642\u0627\u0646\u0642 \u0627\u0644\u064a\u062f\u0648\u064a\u0629 32 \u0645\u0645<\/h3>\n<p>\u0647\u0630\u0627 <strong>\u0622\u0644\u0629 \u0645\u0635\u0645\u0645\u0629 \u0644\u0631\u0628\u0637 \u0627\u0644\u0646\u0642\u0627\u0646\u0642<span style=\"color: #ff0000;\"> \u0644<\/span><span style=\"color: #0000ff;\">\u0631<\/span>\u062c<\/strong> \u0625\u0646\u0647 \u0645\u0635\u0646\u0648\u0639 \u0645\u0646 \u0627\u0644\u0641\u0648\u0644\u0627\u0630 \u0627\u0644\u0645\u0642\u0627\u0648\u0645 \u0644\u0644\u0635\u062f\u0623 304 \u0639\u0627\u0644\u064a \u0627\u0644\u062c\u0648\u062f\u0629\u060c \u0648\u0645\u0642\u0627\u0648\u0645 \u0644\u0644\u0635\u062f\u0623\u060c \u0648\u0645\u0642\u0627\u0648\u0645 \u0644\u0644\u0627\u0647\u062a\u0631\u0627\u0621\u060c \u0648\u0633\u0647\u0644 \u0627\u0644\u062a\u0646\u0638\u064a\u0641\u060c \u0648\u064a\u062a\u0648\u0627\u0641\u0642 \u0645\u0639 \u0644\u0648\u0627\u0626\u062d \u0627\u0644\u0635\u062d\u0629 \u0648\u0627\u0644\u0646\u0638\u0627\u0641\u0629. \u064a\u0645\u0643\u0646\u0643 \u0636\u0628\u0637 \u0637\u0648\u0644 \u0627\u0644\u0646\u0642\u0627\u0646\u0642\u060c \u0648\u0642\u0628\u0648\u0644 \u0623 <strong>\u0627\u0644\u0642\u0637\u0631 0 \u2013 32 \u0645\u0645<\/strong>.<\/p>\n<p>\u0625\u0646\u0647 \u0630\u0648 \u0645\u0642\u0628\u0636 \u0645\u0631\u064a\u062d \u0648\u062a\u0631\u0648\u0633 \u062f\u0642\u064a\u0642\u0629 \u0644\u0639\u0645\u0644\u064a\u0629 \u0633\u0631\u064a\u0639\u0629 \u0648\u062f\u0642\u064a\u0642\u0629. \u064a\u0645\u0643\u0646 \u0641\u0643 \u0647\u0630\u0647 \u0627\u0644\u0622\u0644\u0629 \u0627\u0644\u064a\u062f\u0648\u064a\u0629 \u0628\u0633\u0647\u0648\u0644\u0629 \u062f\u0648\u0646 \u062c\u0647\u062f \u0648\u062a\u0648\u0641\u0631 \u0627\u0644\u0637\u0627\u0642\u0629 \u0645\u0642\u0627\u0631\u0646\u0629 \u0628\u0622\u0644\u0627\u062a \u0627\u0644\u0631\u0628\u0637 \u0627\u0644\u0623\u062e\u0631\u0649. \u064a\u0648\u0641\u0631 \u0644\u0643 \u062a\u0635\u0645\u064a\u0645 \u0627\u0644\u0637\u0627\u0648\u0644\u0629 \u0627\u0644\u0645\u0633\u0627\u062d\u0629 \u0648\u064a\u0636\u0645\u0646 \u0639\u0645\u0644\u064a\u0629 \u0645\u0633\u062a\u0642\u0631\u0629 \u0623\u062b\u0646\u0627\u0621 \u0627\u0644\u0627\u0633\u062a\u062e\u062f\u0627\u0645. \u0647\u0630\u0627<strong> \u0646\u062c\u0627\u0631 \u0627\u0644\u0633\u062c\u0642 <span style=\"color: #ff0000;\">\u0644<\/span><span style=\"color: #0000ff;\">\u0631<\/span>\u0643\u0627\u0633 32<\/strong> \u064a\u0633\u062a\u062e\u062f\u0645 \u0646\u0638\u0627\u0645 \u0627\u0644\u0645\u0633\u0627\u0631 \u0627\u0644\u062f\u0627\u0626\u0631\u064a \u0628\u062f\u0644\u0627 \u0645\u0646 \u0642\u0637\u0639 \u0627\u0644\u062e\u064a\u0648\u0637 \u0628\u0627\u0644\u064a\u062f. \u062a\u062d\u0633\u064a\u0646 \u0645\u0639\u062f\u0644 \u062a\u0635\u0646\u064a\u0639 \u0645\u0646\u062a\u062c\u0627\u062a \u0627\u0644\u0635\u0646\u0627\u0639\u0627\u062a \u0627\u0644\u062a\u062d\u0648\u064a\u0644\u064a\u0629 \u0627\u0644\u0635\u063a\u064a\u0631\u0629. \u0648\u0628\u0641\u0636\u0644 \u0647\u0630\u0627 \u0627\u0644\u0646\u0638\u0627\u0645 \u0641\u0647\u0648 \u0642\u0627\u062f\u0631 \u0639\u0644\u0649 \u0627\u0644\u0625\u0646\u062a\u0627\u062c<span style=\"color: #ff0000;\"><strong> 50 \u2013 60 \u0642\u0637\u0639\u0629 \u0641\u064a \u0627\u0644\u062f\u0642\u064a\u0642\u0629<\/strong><\/span>\u0628\u0627\u0644\u0625\u0636\u0627\u0641\u0629 \u0625\u0644\u0649 \u062a\u0648\u0641\u064a\u0631 \u062a\u0643\u0644\u0641\u0629 \u0627\u0644\u062c\u0647\u062f \u0627\u0644\u0645\u0627\u062f\u064a \u0648\u0627\u0644\u0628\u062f\u0646\u064a.<\/p>\n<h6><strong>\u0636\u0645\u0627\u0646\u00a0<span style=\"color: #ff0000;\">\u0644<\/span><span style=\"color: #0000ff;\">\u0631<\/span>\u062c 2 \u0633\u0646\u0629<\/strong><\/h6>\n<h6><strong>\u064a\u0634\u0645\u0644 \u0627\u0644\u062f\u0639\u0645 \u0627\u0644\u0641\u0646\u064a<\/strong><\/h6>\n<p>&nbsp;<\/p>\n<table width=\"100%\">\n<tbody>\n<tr>\n<td>\u0645\u0627\u0631\u0643\u0629:<\/td>\n<td width=\"32%\">\u0642\u0648\u0633<\/td>\n<td>\u0648\u0632\u0646:<\/td>\n<td width=\"30%\">5.5 \u0643\u062c\u0645<\/td>\n<\/tr>\n<tr>\n<td>\u0628\u0644\u062f \u0627\u0644\u062a\u0648\u0632\u064a\u0639:<\/td>\n<td width=\"32%\">\u0627\u0633\u0628\u0627\u0646\u064a\u0627\u060c \u0623\u0644\u0645\u0627\u0646\u064a\u0627\u060c \u0627\u0644\u0648\u0644\u0627\u064a\u0627\u062a \u0627\u0644\u0645\u062a\u062d\u062f\u0629 \u0627\u0644\u0623\u0645\u0631\u064a\u0643\u064a\u0629<\/td>\n<td>\u0627\u0631\u062a\u0641\u0627\u0639:<\/td>\n<td width=\"30%\">18.7 \u0633\u0645<\/td>\n<\/tr>\n<tr>\n<td>\u0644\u0648\u0646:<\/td>\n<td width=\"32%\">\u0641\u0636\u064a<\/td>\n<td>\u0637\u0648\u064a\u0644:<\/td>\n<td width=\"30%\">35.5 \u0633\u0645<\/td>\n<\/tr>\n<tr>\n<td>\u0646\u0648\u0639 \u0627\u0644\u0645\u0646\u062a\u062c:<\/td>\n<td width=\"32%\">\u0645\u0648\u0632\u0639 \u0642\u0647\u0648\u0629 \u0646\u064a\u062a\u0631\u0648<\/td>\n<td>\u0648\u0627\u0633\u0639:<\/td>\n<td width=\"30%\">16.7 \u0633\u0645<\/td>\n<\/tr>\n<tr>\n<td>\u0631\u0642\u0645 \u0627\u0644\u0634\u0631\u0643\u0629 \u0627\u0644\u0645\u0635\u0646\u0639\u0629:<\/td>\n<td width=\"32%\">\u0623\u0631\u0643\u062f \u0633\u064a \u0625\u0646 2<\/td>\n<td>\u0642\u0637\u0631 \u0627\u0644\u0633\u062c\u0642:<\/td>\n<td width=\"30%\">32 \u0645\u0644\u0645<\/td>\n<\/tr>\n<tr>\n<td>\u0645\u0627\u062f\u0629:<\/td>\n<td width=\"32%\">304 \u0627\u0644\u0641\u0648\u0644\u0627\u0630 \u0627\u0644\u0645\u0642\u0627\u0648\u0645 \u0644\u0644\u0635\u062f\u0623<\/td>\n<td>\u0625\u0646\u062a\u0627\u062c:<\/td>\n<td width=\"30%\">50 \u2013 60 \u0642\u0637\u0639\u0629<\/td>\n<\/tr>\n<tr>\n<td>\u0631\u062c\u0644:<\/td>\n<td width=\"32%\">\u064a\u062f\u0648\u064a<\/td>\n<td>\u00a0\u0636\u0645\u0627\u0646:<\/td>\n<td width=\"30%\">\u0633\u0646\u062a\u0627\u0646<\/td>\n<\/tr>\n<\/tbody>\n<\/table>\n<p>&nbsp;<\/p>","protected":false},"excerpt":{"rendered":"<h2>\u00a0\u0645\u0627\u0643\u064a\u0646\u0629 \u0631\u0628\u0637 \u0627\u0644\u0646\u0642\u0627\u0646\u0642 \u0627\u0644\u064a\u062f\u0648\u064a\u0629 32 \u0645\u0645<\/h2>\n<p>\u0647\u0630\u0627<strong> \u0645\u0627\u0643\u064a\u0646\u0629 \u064a\u062f\u0648\u064a\u0629 \u0644\u0631\u0628\u0637 \u0627\u0644\u0646\u0642\u0627\u0646\u0642 \u0648\u0627\u0644\u0646\u0642\u0627\u0646\u0642 <span style=\"color: #ff0000;\">\u0644<\/span><span style=\"color: #0000ff;\">\u0631<\/span>\u062c<\/strong> \u0625\u0646\u0647\u0627 \u0645\u0635\u0646\u0648\u0639\u0629 \u0645\u0646 \u0645\u0648\u0627\u062f \u0639\u0627\u0644\u064a\u0629 \u0627\u0644\u062c\u0648\u062f\u0629\u061b 304 \u0627\u0644\u0641\u0648\u0644\u0627\u0630 \u0627\u0644\u0645\u0642\u0627\u0648\u0645 \u0644\u0644\u0635\u062f\u0623 \u0628\u0641\u0636\u0644 \u0647\u0630\u0627 <strong>\u0627\u0644\u0645\u0648\u062b\u0642 \u0627\u0644\u0633\u062c\u0642<\/strong> \u064a\u0645\u0643\u0646 \u062a\u062d\u0633\u064a\u0646 \u0625\u0646\u062a\u0627\u062c \u0627\u0644\u0645\u0646\u062a\u062c\u0627\u062a \u0627\u0644\u062e\u0627\u0635\u0629 \u0628\u0643. \u064a\u062a\u064a\u062d \u0644\u0643 \u062a\u0635\u0645\u064a\u0645\u0647 \u0627\u0644\u0645\u062f\u0645\u062c \u0648\u0627\u0644\u0635\u063a\u064a\u0631 \u062a\u0648\u0641\u064a\u0631 \u0627\u0644\u062a\u0643\u0627\u0644\u064a\u0641 \u0639\u0646 \u0637\u0631\u064a\u0642 \u062a\u0642\u0644\u064a\u0644 \u0627\u0644\u0645\u0634\u0643\u0644\u0627\u062a \u063a\u064a\u0631 \u0627\u0644\u0636\u0631\u0648\u0631\u064a\u0629 \u0645\u0639 \u0627\u0644\u0623\u062c\u0647\u0632\u0629 \u0627\u0644\u0643\u0628\u064a\u0631\u0629. \u0625\u0646\u0647 \u0645\u0635\u0645\u0645 \u0644\u0631\u0628\u0637 \u0627\u0644\u0646\u0642\u0627\u0646\u0642 \u0628\u0637\u0631\u064a\u0642\u0629 \u062f\u0627\u0626\u0631\u064a\u0629 \u062f\u0648\u0646 \u0627\u0644\u062d\u0627\u062c\u0629 \u0625\u0644\u0649 \u0642\u0637\u0639 \u0627\u0644\u062e\u064a\u0648\u0637\u060c \u0645\u0645\u0627 \u064a\u0633\u0631\u0639 \u0627\u0644\u0639\u0645\u0644\u064a\u0629 \u0645\u0645\u0627 \u064a\u0645\u0646\u062d \u0645\u0646\u062a\u062c\u0643 \u062a\u0635\u0645\u064a\u0645\u064b\u0627 \u062d\u0631\u0641\u064a\u064b\u0627.<\/p>\n<h6><strong>\u0636\u0645\u0627\u0646\u00a0<span style=\"color: #ff0000;\">\u0644<\/span><span style=\"color: #0000ff;\">\u0631<\/span>\u062c 2 \u0633\u0646\u0629<\/strong><\/h6>\n<h6><strong>\u064a\u0634\u0645\u0644 \u0627\u0644\u062f\u0639\u0645 \u0627\u0644\u0641\u0646\u064a<\/strong><\/h6>\n<p>&nbsp;<\/p>","protected":false},"featured_media":3882,"comment_status":"open","ping_status":"closed","template":"","meta":{"wds_primary_product_brand":0,"wds_primary_product_cat":0},"product_brand":[],"product_cat":[50],"product_tag":[],"class_list":{"0":"post-3874","1":"product","2":"type-product","3":"status-publish","4":"has-post-thumbnail","6":"product_cat-elaboradoras-de-croquetas-y-albondigas","7":"product_shipping_class-hosteleria","9":"first","10":"instock","11":"sale","12":"taxable","13":"shipping-taxable","14":"purchasable","15":"product-type-simple"},"yoast_head":"<!-- This site is optimized with the Yoast SEO Premium plugin v24.9 (Yoast SEO v26.1) - https:\/\/yoast.com\/wordpress\/plugins\/seo\/ -->\n<title>Atadora de embutidos manual\u00a0 - distribuci\u00f3n ARC<\/title>\n<meta name=\"robots\" content=\"index, follow, max-snippet:-1, max-image-preview:large, max-video-preview:-1\" \/>\n<link rel=\"canonical\" href=\"https:\/\/www.distribucionarc.com\/producto\/atadora-de-embutidos-manual\/\" \/>\n<meta property=\"og:locale\" content=\"ar_AR\" \/>\n<meta property=\"og:type\" content=\"article\" \/>\n<meta property=\"og:title\" content=\"Atadora de embutidos manual\u00a0\" \/>\n<meta property=\"og:description\" content=\"\u00a0Atadora de embutidos manual 32mm Esta m\u00e1quina manual para el atado de salchichas y embutidos ARC est\u00e1 fabricada con materiales de alta calidad; acero inoxidable 304. Gracias a esta atadora de salchichas puede mejorar la producci\u00f3n de sus productos. Su dise\u00f1o compacto y peque\u00f1o le permite ahorrar as\u00ed costes reduciendo problemas innecesarios con dispositivos grandes. Est\u00e1 dise\u00f1ada para atar los embutidos de forma circular sin necesidad de cortar hilos, acelerando el proceso d\u00e1ndole a su producto un dise\u00f1o artesanal. Garant\u00eda\u00a0ARC 2 A\u00d1OS soporte t\u00e9cnico incluido &nbsp;\" \/>\n<meta property=\"og:url\" content=\"https:\/\/www.distribucionarc.com\/producto\/atadora-de-embutidos-manual\/\" \/>\n<meta property=\"og:site_name\" content=\"distribuci\u00f3n ARC\" \/>\n<meta property=\"article:modified_time\" content=\"2023-01-04T17:20:22+00:00\" \/>\n<meta property=\"og:image\" content=\"https:\/\/www.distribucionarc.com\/wp-content\/uploads\/2020\/10\/Atadora-de-embutidos-manual-32mm-0.jpg\" \/>\n\t<meta property=\"og:image:width\" content=\"1600\" \/>\n\t<meta property=\"og:image:height\" content=\"1600\" \/>\n\t<meta property=\"og:image:type\" content=\"image\/jpeg\" \/>\n<meta name=\"twitter:card\" content=\"summary_large_image\" \/>\n<meta name=\"twitter:label1\" content=\"\u0648\u0642\u062a \u0627\u0644\u0642\u0631\u0627\u0621\u0629 \u0627\u0644\u0645\u064f\u0642\u062f\u0651\u0631\" \/>\n\t<meta name=\"twitter:data1\" content=\"\u062f\u0642\u064a\u0642\u0629 \u0648\u0627\u062d\u062f\u0629\" \/>\n<script type=\"application\/ld+json\" class=\"yoast-schema-graph\">{\"@context\":\"https:\/\/schema.org\",\"@graph\":[{\"@type\":\"WebPage\",\"@id\":\"https:\/\/www.distribucionarc.com\/producto\/atadora-de-embutidos-manual\/\",\"url\":\"https:\/\/www.distribucionarc.com\/producto\/atadora-de-embutidos-manual\/\",\"name\":\"Atadora de embutidos manual\u00a0 - distribuci\u00f3n ARC\",\"isPartOf\":{\"@id\":\"https:\/\/www.distribucionarc.com\/sl\/#website\"},\"primaryImageOfPage\":{\"@id\":\"https:\/\/www.distribucionarc.com\/producto\/atadora-de-embutidos-manual\/#primaryimage\"},\"image\":{\"@id\":\"https:\/\/www.distribucionarc.com\/producto\/atadora-de-embutidos-manual\/#primaryimage\"},\"thumbnailUrl\":\"https:\/\/distribucionarc.com\/wp-content\/uploads\/2020\/10\/Atadora-de-embutidos-manual-32mm-0.jpg\",\"datePublished\":\"2020-10-10T13:23:22+00:00\",\"dateModified\":\"2023-01-04T17:20:22+00:00\",\"breadcrumb\":{\"@id\":\"https:\/\/www.distribucionarc.com\/producto\/atadora-de-embutidos-manual\/#breadcrumb\"},\"inLanguage\":\"ar\",\"potentialAction\":[{\"@type\":\"ReadAction\",\"target\":[\"https:\/\/www.distribucionarc.com\/producto\/atadora-de-embutidos-manual\/\"]}]},{\"@type\":\"ImageObject\",\"inLanguage\":\"ar\",\"@id\":\"https:\/\/www.distribucionarc.com\/producto\/atadora-de-embutidos-manual\/#primaryimage\",\"url\":\"https:\/\/distribucionarc.com\/wp-content\/uploads\/2020\/10\/Atadora-de-embutidos-manual-32mm-0.jpg\",\"contentUrl\":\"https:\/\/distribucionarc.com\/wp-content\/uploads\/2020\/10\/Atadora-de-embutidos-manual-32mm-0.jpg\",\"width\":1600,\"height\":1600,\"caption\":\"Atadora de embutidos manual\u00a0\"},{\"@type\":\"BreadcrumbList\",\"@id\":\"https:\/\/www.distribucionarc.com\/producto\/atadora-de-embutidos-manual\/#breadcrumb\",\"itemListElement\":[{\"@type\":\"ListItem\",\"position\":1,\"name\":\"Portada\",\"item\":\"https:\/\/www.distribucionarc.com\/\"},{\"@type\":\"ListItem\",\"position\":2,\"name\":\"\u00dcr\u00fcnler\",\"item\":\"https:\/\/www.distribucionarc.com\/tr\/magaza\/\"},{\"@type\":\"ListItem\",\"position\":3,\"name\":\"Atadora de embutidos manual\u00a0\"}]},{\"@type\":\"WebSite\",\"@id\":\"https:\/\/www.distribucionarc.com\/sl\/#website\",\"url\":\"https:\/\/www.distribucionarc.com\/sl\/\",\"name\":\"distribuci\u00f3n ARC\",\"description\":\"Empresa especializada en la fabricaci\u00f3n y distribuci\u00f3n de maquinaria industrial, selladoras de latas, Maquinas de hacer pastillas, Maquinas de cortar carne...\",\"publisher\":{\"@id\":\"https:\/\/www.distribucionarc.com\/sl\/#organization\"},\"potentialAction\":[{\"@type\":\"SearchAction\",\"target\":{\"@type\":\"EntryPoint\",\"urlTemplate\":\"https:\/\/www.distribucionarc.com\/sl\/?s={search_term_string}\"},\"query-input\":{\"@type\":\"PropertyValueSpecification\",\"valueRequired\":true,\"valueName\":\"search_term_string\"}}],\"inLanguage\":\"ar\"},{\"@type\":\"Organization\",\"@id\":\"https:\/\/www.distribucionarc.com\/sl\/#organization\",\"name\":\"Distribuci\u00f3n ARC\",\"url\":\"https:\/\/www.distribucionarc.com\/sl\/\",\"logo\":{\"@type\":\"ImageObject\",\"inLanguage\":\"ar\",\"@id\":\"https:\/\/www.distribucionarc.com\/sl\/#\/schema\/logo\/image\/\",\"url\":\"https:\/\/distribucionarc.com\/wp-content\/uploads\/2024\/10\/distribucion-ARC-COLOR-SIN-FONDO-e1732295305345.png\",\"contentUrl\":\"https:\/\/distribucionarc.com\/wp-content\/uploads\/2024\/10\/distribucion-ARC-COLOR-SIN-FONDO-e1732295305345.png\",\"width\":1164,\"height\":558,\"caption\":\"Distribuci\u00f3n ARC\"},\"image\":{\"@id\":\"https:\/\/www.distribucionarc.com\/sl\/#\/schema\/logo\/image\/\"},\"description\":\"Empresa especializada en la fabricaci\u00f3n y distribuci\u00f3n de maquinaria industrial para los sectores alimentario y farmac\u00e9utico. Nos especializamos en: M\u00e1quinas de cortar carne Fabricaci\u00f3n de comprimidos Sistemas de transporte industrial L\u00edneas de embotellado Dosificadores Y mucho m\u00e1s... Ofrecemos soluciones innovadoras y personalizadas para optimizar los procesos productivos de tu empresa.\",\"email\":\"Admistracion@distribucionarc.com\",\"telephone\":\"+34 643496664\",\"legalName\":\"ARC TECH SOLUTIONS\",\"foundingDate\":\"2024-04-09\",\"vatID\":\"B55480172\",\"numberOfEmployees\":{\"@type\":\"QuantitativeValue\",\"minValue\":\"1\",\"maxValue\":\"10\"}}]}<\/script>\n<!-- \/ Yoast SEO Premium plugin. -->","yoast_head_json":{"title":"\u0622\u0644\u0629 \u0631\u0628\u0637 \u0627\u0644\u0646\u0642\u0627\u0646\u0642 \u0627\u0644\u064a\u062f\u0648\u064a\u0629 - \u062a\u0648\u0632\u064a\u0639 ARC","robots":{"index":"index","follow":"follow","max-snippet":"max-snippet:-1","max-image-preview":"max-image-preview:large","max-video-preview":"max-video-preview:-1"},"canonical":"https:\/\/www.distribucionarc.com\/producto\/atadora-de-embutidos-manual\/","og_locale":"ar_AR","og_type":"article","og_title":"Atadora de embutidos manual\u00a0","og_description":"\u00a0Atadora de embutidos manual 32mm Esta m\u00e1quina manual para el atado de salchichas y embutidos ARC est\u00e1 fabricada con materiales de alta calidad; acero inoxidable 304. Gracias a esta atadora de salchichas puede mejorar la producci\u00f3n de sus productos. Su dise\u00f1o compacto y peque\u00f1o le permite ahorrar as\u00ed costes reduciendo problemas innecesarios con dispositivos grandes. Est\u00e1 dise\u00f1ada para atar los embutidos de forma circular sin necesidad de cortar hilos, acelerando el proceso d\u00e1ndole a su producto un dise\u00f1o artesanal. Garant\u00eda\u00a0ARC 2 A\u00d1OS soporte t\u00e9cnico incluido &nbsp;","og_url":"https:\/\/www.distribucionarc.com\/producto\/atadora-de-embutidos-manual\/","og_site_name":"distribuci\u00f3n ARC","article_modified_time":"2023-01-04T17:20:22+00:00","og_image":[{"width":1600,"height":1600,"url":"https:\/\/www.distribucionarc.com\/wp-content\/uploads\/2020\/10\/Atadora-de-embutidos-manual-32mm-0.jpg","type":"image\/jpeg"}],"twitter_card":"summary_large_image","twitter_misc":{"\u0648\u0642\u062a \u0627\u0644\u0642\u0631\u0627\u0621\u0629 \u0627\u0644\u0645\u064f\u0642\u062f\u0651\u0631":"\u062f\u0642\u064a\u0642\u0629 \u0648\u0627\u062d\u062f\u0629"},"schema":{"@context":"https:\/\/schema.org","@graph":[{"@type":"WebPage","@id":"https:\/\/www.distribucionarc.com\/producto\/atadora-de-embutidos-manual\/","url":"https:\/\/www.distribucionarc.com\/producto\/atadora-de-embutidos-manual\/","name":"\u0622\u0644\u0629 \u0631\u0628\u0637 \u0627\u0644\u0646\u0642\u0627\u0646\u0642 \u0627\u0644\u064a\u062f\u0648\u064a\u0629 - \u062a\u0648\u0632\u064a\u0639 ARC","isPartOf":{"@id":"https:\/\/www.distribucionarc.com\/sl\/#website"},"primaryImageOfPage":{"@id":"https:\/\/www.distribucionarc.com\/producto\/atadora-de-embutidos-manual\/#primaryimage"},"image":{"@id":"https:\/\/www.distribucionarc.com\/producto\/atadora-de-embutidos-manual\/#primaryimage"},"thumbnailUrl":"https:\/\/distribucionarc.com\/wp-content\/uploads\/2020\/10\/Atadora-de-embutidos-manual-32mm-0.jpg","datePublished":"2020-10-10T13:23:22+00:00","dateModified":"2023-01-04T17:20:22+00:00","breadcrumb":{"@id":"https:\/\/www.distribucionarc.com\/producto\/atadora-de-embutidos-manual\/#breadcrumb"},"inLanguage":"ar","potentialAction":[{"@type":"ReadAction","target":["https:\/\/www.distribucionarc.com\/producto\/atadora-de-embutidos-manual\/"]}]},{"@type":"ImageObject","inLanguage":"ar","@id":"https:\/\/www.distribucionarc.com\/producto\/atadora-de-embutidos-manual\/#primaryimage","url":"https:\/\/distribucionarc.com\/wp-content\/uploads\/2020\/10\/Atadora-de-embutidos-manual-32mm-0.jpg","contentUrl":"https:\/\/distribucionarc.com\/wp-content\/uploads\/2020\/10\/Atadora-de-embutidos-manual-32mm-0.jpg","width":1600,"height":1600,"caption":"Atadora de embutidos manual\u00a0"},{"@type":"BreadcrumbList","@id":"https:\/\/www.distribucionarc.com\/producto\/atadora-de-embutidos-manual\/#breadcrumb","itemListElement":[{"@type":"ListItem","position":1,"name":"Portada","item":"https:\/\/www.distribucionarc.com\/"},{"@type":"ListItem","position":2,"name":"\u00dcr\u00fcnler","item":"https:\/\/www.distribucionarc.com\/tr\/magaza\/"},{"@type":"ListItem","position":3,"name":"Atadora de embutidos manual\u00a0"}]},{"@type":"WebSite","@id":"https:\/\/www.distribucionarc.com\/sl\/#website","url":"https:\/\/www.distribucionarc.com\/sl\/","name":"\u062a\u0648\u0632\u064a\u0639 \u0627\u0644\u0642\u0648\u0633","description":"\u0634\u0631\u0643\u0629 \u0645\u062a\u062e\u0635\u0635\u0629 \u0641\u064a \u062a\u0635\u0646\u064a\u0639 \u0648\u062a\u0648\u0632\u064a\u0639 \u0627\u0644\u0622\u0644\u0627\u062a \u0627\u0644\u0635\u0646\u0627\u0639\u064a\u0629\u060c \u0648\u0645\u0627\u0643\u064a\u0646\u0627\u062a \u062e\u062a\u0645 \u0627\u0644\u0639\u0644\u0628\u060c \u0648\u0645\u0627\u0643\u064a\u0646\u0627\u062a \u0635\u0646\u0639 \u0627\u0644\u0623\u0642\u0631\u0627\u0635\u060c \u0648\u0645\u0627\u0643\u064a\u0646\u0627\u062a \u062a\u0642\u0637\u064a\u0639 \u0627\u0644\u0644\u062d\u0648\u0645...","publisher":{"@id":"https:\/\/www.distribucionarc.com\/sl\/#organization"},"potentialAction":[{"@type":"SearchAction","target":{"@type":"EntryPoint","urlTemplate":"https:\/\/www.distribucionarc.com\/sl\/?s={search_term_string}"},"query-input":{"@type":"PropertyValueSpecification","valueRequired":true,"valueName":"search_term_string"}}],"inLanguage":"ar"},{"@type":"Organization","@id":"https:\/\/www.distribucionarc.com\/sl\/#organization","name":"\u062a\u0648\u0632\u064a\u0639 \u0622\u0631\u0643","url":"https:\/\/www.distribucionarc.com\/sl\/","logo":{"@type":"ImageObject","inLanguage":"ar","@id":"https:\/\/www.distribucionarc.com\/sl\/#\/schema\/logo\/image\/","url":"https:\/\/distribucionarc.com\/wp-content\/uploads\/2024\/10\/distribucion-ARC-COLOR-SIN-FONDO-e1732295305345.png","contentUrl":"https:\/\/distribucionarc.com\/wp-content\/uploads\/2024\/10\/distribucion-ARC-COLOR-SIN-FONDO-e1732295305345.png","width":1164,"height":558,"caption":"Distribuci\u00f3n ARC"},"image":{"@id":"https:\/\/www.distribucionarc.com\/sl\/#\/schema\/logo\/image\/"},"description":"\u0634\u0631\u0643\u0629 \u0645\u062a\u062e\u0635\u0635\u0629 \u0641\u064a \u062a\u0635\u0646\u064a\u0639 \u0648\u062a\u0648\u0632\u064a\u0639 \u0627\u0644\u0622\u0644\u0627\u062a \u0627\u0644\u0635\u0646\u0627\u0639\u064a\u0629 \u0644\u0642\u0637\u0627\u0639\u064a \u0627\u0644\u0623\u063a\u0630\u064a\u0629 \u0648\u0627\u0644\u0623\u062f\u0648\u064a\u0629. \u0646\u062d\u0646 \u0645\u062a\u062e\u0635\u0635\u0648\u0646 \u0641\u064a: \u0645\u0627\u0643\u064a\u0646\u0627\u062a \u062a\u0642\u0637\u064a\u0639 \u0627\u0644\u0644\u062d\u0648\u0645 \u062a\u0635\u0646\u064a\u0639 \u0627\u0644\u0623\u0642\u0631\u0627\u0635 \u0623\u0646\u0638\u0645\u0629 \u0627\u0644\u0646\u0642\u0644 \u0627\u0644\u0635\u0646\u0627\u0639\u064a\u0629 \u062e\u0637\u0648\u0637 \u0627\u0644\u062a\u0639\u0628\u0626\u0629 \u0648\u0627\u0644\u062a\u063a\u0644\u064a\u0641 \u0627\u0644\u0645\u0648\u0632\u0639\u0627\u062a \u0648\u0623\u0643\u062b\u0631 \u0645\u0646 \u0630\u0644\u0643 \u0628\u0643\u062b\u064a\u0631... \u0646\u062d\u0646 \u0646\u0642\u062f\u0645 \u062d\u0644\u0648\u0644\u0627\u064b \u0645\u0628\u062a\u0643\u0631\u0629 \u0648\u0645\u062e\u0635\u0635\u0629 \u0644\u062a\u062d\u0633\u064a\u0646 \u0639\u0645\u0644\u064a\u0627\u062a \u0627\u0644\u0625\u0646\u062a\u0627\u062c \u0641\u064a \u0634\u0631\u0643\u062a\u0643.","email":"Admistracion@distribucionarc.com","telephone":"+34 643496664","legalName":"ARC TECH SOLUTIONS","foundingDate":"2024-04-09","vatID":"B55480172","numberOfEmployees":{"@type":"QuantitativeValue","minValue":"1","maxValue":"10"}}]}},"_links":{"self":[{"href":"https:\/\/distribucionarc.com\/ar\/wp-json\/wp\/v2\/product\/3874","targetHints":{"allow":["GET"]}}],"collection":[{"href":"https:\/\/distribucionarc.com\/ar\/wp-json\/wp\/v2\/product"}],"about":[{"href":"https:\/\/distribucionarc.com\/ar\/wp-json\/wp\/v2\/types\/product"}],"replies":[{"embeddable":true,"href":"https:\/\/distribucionarc.com\/ar\/wp-json\/wp\/v2\/comments?post=3874"}],"version-history":[{"count":0,"href":"https:\/\/distribucionarc.com\/ar\/wp-json\/wp\/v2\/product\/3874\/revisions"}],"wp:featuredmedia":[{"embeddable":true,"href":"https:\/\/distribucionarc.com\/ar\/wp-json\/wp\/v2\/media\/3882"}],"wp:attachment":[{"href":"https:\/\/distribucionarc.com\/ar\/wp-json\/wp\/v2\/media?parent=3874"}],"wp:term":[{"taxonomy":"product_brand","embeddable":true,"href":"https:\/\/distribucionarc.com\/ar\/wp-json\/wp\/v2\/product_brand?post=3874"},{"taxonomy":"product_cat","embeddable":true,"href":"https:\/\/distribucionarc.com\/ar\/wp-json\/wp\/v2\/product_cat?post=3874"},{"taxonomy":"product_tag","embeddable":true,"href":"https:\/\/distribucionarc.com\/ar\/wp-json\/wp\/v2\/product_tag?post=3874"}],"curies":[{"name":"wp","href":"https:\/\/api.w.org\/{rel}","templated":true}]}}