{"id":437,"date":"2020-04-18T19:36:10","date_gmt":"2020-04-18T19:36:10","guid":{"rendered":"https:\/\/distribucionarc.com\/?post_type=product&#038;p=437"},"modified":"2022-03-01T16:32:24","modified_gmt":"2022-03-01T16:32:24","slug":"%d8%aa%d8%b9%d8%a8%d8%a6%d8%a9-%d8%aa%d8%b9%d8%a8%d8%a6%d8%a9-%d9%83%d9%8a%d8%b3-%d8%ac%d8%b1%d8%b9%d8%a7%d8%aa-%d9%85%d8%a7%d9%83%d9%8a%d9%86%d8%a9-%d9%84%d9%85%d8%b3%d8%ad%d9%88%d9%82-%d8%b9%d8%af","status":"publish","type":"product","link":"https:\/\/distribucionarc.com\/ar\/producto\/empaquetadora-llenadora-de-bolsas-dosificadora-para-polvo-lentejas-legumbres\/","title":{"rendered":"\u0627\u0644\u0645\u0643\u0628\u0633\u060c \u0622\u0644\u0629 \u0627\u0644\u062a\u0639\u0628\u0626\u0629 \u0648\u0627\u0644\u062a\u063a\u0644\u064a\u0641\u060c \u062d\u0634\u0648 \u0627\u0644\u0623\u0643\u064a\u0627\u0633\u060c \u0645\u0648\u0632\u0639 \u0644\u0644\u0645\u0633\u062d\u0648\u0642\u060c \u0627\u0644\u0639\u062f\u0633 \u0648\u0627\u0644\u0628\u0642\u0648\u0644\u064a\u0627\u062a\u061f"},"content":{"rendered":"<h3 class=\"LC20lb DKV0Md\">\u0622\u0644\u0629 \u0627\u0644\u062a\u0639\u0628\u0626\u0629\u060c \u0627\u0644\u0645\u0643\u0628\u0633\u060c \u0622\u0644\u0629 \u0627\u0644\u062a\u0639\u0628\u0626\u0629\u060c \u0622\u0644\u0629 \u062d\u0634\u0648 \u0627\u0644\u0623\u0643\u064a\u0627\u0633\u060c \u0645\u0648\u0632\u0639 \u0644\u0644\u0645\u0633\u062d\u0648\u0642 \u0648\u0627\u0644\u0639\u062f\u0633 \u0648\u0627\u0644\u0628\u0642\u0648\u0644\u064a\u0627\u062a\u061f<\/h3>\n<p>&nbsp;<\/p>\n<p>\u0645\u0627\u0643\u064a\u0646\u0629 \u062a\u0639\u0628\u0626\u0629 10 \u062c\u0631\u0627\u0645 - 1000 \u062c\u0631\u0627\u0645<\/p>\n<p>\u0645\u0639 \u0622\u0644\u0629 \u0627\u0644\u062a\u0639\u0628\u0626\u0629 \u0648\u0627\u0644\u062a\u063a\u0644\u064a\u0641 \u0627\u0644\u062e\u0627\u0635\u0629 \u0628\u0646\u0627\u060c \u064a\u0645\u0643\u0646\u0643 \u0627\u0644\u062d\u0635\u0648\u0644 \u0639\u0644\u0649 \u062d\u0644 \u0641\u0639\u0627\u0644 \u0648\u0639\u0627\u0644\u064a \u0627\u0644\u062c\u0648\u062f\u0629 \u0644\u0645\u0627 \u064a\u0635\u0644 \u0625\u0644\u0649 5000 \u0643\u064a\u0633 \u064a\u0648\u0645\u064a\u064b\u0627. \u0647\u0630\u0647 \u0627\u0644\u0622\u0644\u0629 \u0645\u062b\u0627\u0644\u064a\u0629 \u0644\u0644\u062d\u062c\u0645 \u0627\u0644\u0623\u0643\u0628\u0631 \u0648\u064a\u0645\u0643\u0646\u0647\u0627 \u062a\u0648\u0632\u064a\u0639 \u0627\u0644\u0641\u0648\u0644 \u0627\u0644\u0633\u0648\u062f\u0627\u0646\u064a \u063a\u064a\u0631 \u0627\u0644\u0645\u0642\u0634\u0631\u060c \u0648\u0647\u0630\u0627 \u064a\u0645\u0646\u062d\u0646\u0627 \u0645\u062c\u0645\u0648\u0639\u0629 \u0645\u0646 \u0627\u0644\u0625\u0645\u0643\u0627\u0646\u064a\u0627\u062a \u0644\u062a\u0648\u0632\u064a\u0639 \u0623\u064a \u0646\u0648\u0639 \u0645\u0646 \u0627\u0644\u0628\u0642\u0648\u0644\u064a\u0627\u062a \u0623\u0648 \u0623\u064a \u0646\u0648\u0639 \u0622\u062e\u0631 \u0645\u0646\u062a\u062c.<\/p>\n<p>\u0646\u0638\u0627\u0645 \u0627\u0644\u062a\u0639\u0628\u0626\u0629 \u0648\u0627\u0644\u062a\u063a\u0644\u064a\u0641 \u0628\u0633\u064a\u0637\u060c \u0648\u0647\u0648 \u0639\u0628\u0627\u0631\u0629 \u0639\u0646 \u0646\u0638\u0627\u0645 \u0627\u0647\u062a\u0632\u0627\u0632\u060c \u0641\u0647\u0648 \u064a\u0636\u0639 \u0627\u0644\u0645\u0646\u062a\u062c \u0641\u064a \u0627\u0644\u0623\u0639\u0644\u0649. \u064a\u0645\u0643\u0646\u0643 \u0628\u0631\u0645\u062c\u0629 \u0627\u0644\u062c\u0647\u0627\u0632 \u0628\u062b\u0644\u0627\u062b\u0629 \u0645\u0633\u062a\u0648\u064a\u0627\u062a: \u0646\u0627\u0639\u0645\/\u0645\u062a\u0648\u0633\u0637\/\u0633\u0631\u064a\u0639. \u062a\u0639\u0645\u0644 \u0628\u0639\u0636 \u0627\u0644\u0645\u0646\u062a\u062c\u0627\u062a \u0628\u0634\u0643\u0644 \u0623\u0641\u0636\u0644 \u0645\u0639 \u0645\u0633\u062a\u0648\u0649 \u0623\u0648 \u0622\u062e\u0631 \u0627\u0644\u0630\u064a \u064a\u0646\u0627\u0633\u0628 \u0645\u0646\u062a\u062c\u0643. \u0627\u0644\u0642\u0627\u062f\u0648\u0633 \u0627\u0644\u0630\u064a \u064a\u062d\u062a\u0648\u064a \u0639\u0644\u0649 \u0647\u0632\u0627\u0632 \u0628\u062f\u0627\u062e\u0644\u0647 \u0628\u062d\u064a\u062b \u064a\u0633\u0642\u0637 \u0627\u0644\u0645\u0646\u062a\u062c \u0641\u064a \u0627\u0644\u0642\u0627\u062f\u0648\u0633 \u0627\u0644\u0622\u062e\u0631\u060c \u0627\u0644\u0630\u064a \u0633\u064a\u0632\u0646 \u0627\u0644\u0645\u0646\u062a\u062c \u062d\u062a\u0649 \u064a\u0635\u0644 \u0625\u0644\u0649 \u0639\u0644\u0627\u0645\u0629 \u0627\u0644\u062a\u0639\u0628\u0626\u0629 \u0627\u0644\u062a\u064a \u062d\u062f\u062f\u0647\u0627 \u0627\u0644\u0645\u0634\u063a\u0644\u060c \u0633\u064a\u062a\u0648\u0642\u0641 \u0648\u064a\u0641\u062a\u062d \u0627\u0644\u0628\u0648\u0627\u0628\u0629 \u0644\u062a\u062c\u0631\u0639\u0647 \u0641\u064a \u0627\u0644\u0643\u064a\u0633<\/p>\n<p>304 \u062a\u0634\u0637\u064a\u0628\u0627\u062a \u0645\u0646 \u0627\u0644\u0641\u0648\u0644\u0627\u0630 \u0627\u0644\u0645\u0642\u0627\u0648\u0645 \u0644\u0644\u0635\u062f\u0623<\/p>\n<p>\u062a\u0645 \u062a\u0635\u0645\u064a\u0645 \u0622\u0644\u0629 \u0627\u0644\u062a\u0639\u0628\u0626\u0629 \u0648\u0627\u0644\u062a\u063a\u0644\u064a\u0641 \u0627\u0644\u062e\u0627\u0635\u0629 \u0628\u0646\u0627 \u0628\u0648\u0627\u0633\u0637\u0629 \u0648\u062d\u062f\u0627\u062a\u060c \u0648\u0625\u0630\u0627 \u0643\u0627\u0646 \u0628\u0647\u0627 \u0623\u064a \u0639\u0637\u0644\u060c \u0641\u0644\u0646 \u064a\u062a\u0639\u064a\u0646 \u0639\u0644\u064a\u0643 \u0633\u0648\u0649 \u0627\u0633\u062a\u0628\u062f\u0627\u0644 \u0627\u0644\u0648\u062d\u062f\u0629\u060c \u0648\u0644\u062f\u064a\u0646\u0627 \u0636\u0645\u0627\u0646 \u0644\u0645\u062f\u0629 \u0639\u0627\u0645\u064a\u0646\u060c \u0648\u062a\u062e\u0636\u0639 \u0623\u062c\u0647\u0632\u062a\u0646\u0627 \u0644\u0631\u0642\u0627\u0628\u0629 \u0635\u0627\u0631\u0645\u0629 \u0639\u0644\u0649 \u0627\u0644\u062c\u0648\u062f\u0629<\/p>\n<p>\u0627\u0644\u0645\u0648\u0627\u0635\u0641\u0627\u062a:<br \/>\n\u0627\u0644\u0646\u0648\u0639: \u0622\u0644\u0629 \u062a\u0639\u0628\u0626\u0629 \u0627\u0644\u0645\u0633\u062d\u0648\u0642 \u0627\u0644\u0630\u0643\u064a\u0629 MG-999g<br \/>\n\u062c\u0647\u062f \u0627\u0644\u062a\u0634\u063a\u064a\u0644: 220 \u0641\u0648\u0644\u062a \u0641\u0642\u0637<br \/>\n\u0627\u0644\u0637\u0627\u0642\u0629: 180 \u0648\u0627\u0637<br \/>\n\u0627\u0644\u0633\u0631\u0639\u0629: \u0645\u0646 10 \u0625\u0644\u0649 15 \u0643\u064a\u0633\/\u062f\u0642\u064a\u0642\u0629<br \/>\n\u0627\u0644\u0646\u0637\u0627\u0642: 10 999 \u062c\u0645 (\u064a\u0645\u0643\u0646 \u062a\u0639\u062f\u064a\u0644\u0647 \u0628\u062d\u0631\u064a\u0629)<br \/>\n\u0627\u0644\u062d\u062c\u0645: (30 \u2716\ufe0f 50 \u2716\ufe0f 125 \u0633\u0645) 11.8 \u0628\u0648\u0635\u0629 \u2716\ufe0f 19.68 \u0628\u0648\u0635\u0629 \u2716\ufe0f 48 \u0628\u0648\u0635\u0629<br \/>\n\u0627\u0644\u062f\u0642\u0629: 2 \u062c\u0631\u0627\u0645 (\u062d\u0633\u0628 \u0627\u0644\u0645\u0627\u062f\u0629 \u0627\u0644\u062a\u064a \u062a\u0645\u0644\u0623\u0647\u0627)<br \/>\n\u0645\u0627\u062f\u0629 \u0627\u0644\u0622\u0644\u0629: \u0627\u0644\u0641\u0648\u0644\u0627\u0630 \u0627\u0644\u0645\u0642\u0627\u0648\u0645 \u0644\u0644\u0635\u062f\u0623<br \/>\n\u0627\u0644\u0648\u0632\u0646 \u0627\u0644\u0635\u0627\u0641\u064a: 26 \u0643\u062c\u0645<br \/>\n\u0648\u0632\u0646 \u0627\u0644\u0639\u0628\u0648\u0629: 38 \u0643\u062c\u0645 (\u0635\u0646\u062f\u0648\u0642 \u062e\u0634\u0628\u064a \u0642\u064a\u0627\u0633\u064a)<br \/>\n\u0636\u0645\u0627\u0646 \u0627\u0644\u062c\u0648\u062f\u0629: 2 \u0633\u0646\u0629<\/p>\n<p>\u0634\u0647\u0627\u062f\u0629 \u0633\u064a<\/p>\n<p>\u0648\u0646\u062a\u0631\u0643 \u0644\u0643\u0645 \u0647\u0646\u0627 \u0641\u064a\u062f\u064a\u0648 \u062a\u0634\u063a\u064a\u0644 \u0627\u0644\u0622\u0644\u0629<\/p>\n<p><iframe loading=\"lazy\" src=\"https:\/\/www.youtube.com\/embed\/G3fXjF5u1L4\" width=\"560\" height=\"315\" frameborder=\"0\" allowfullscreen=\"allowfullscreen\"><\/iframe><\/p>","protected":false},"excerpt":{"rendered":"<p>\u0645\u0627\u0643\u064a\u0646\u0629 \u062a\u0639\u0628\u0626\u0629 10 \u062c\u0631\u0627\u0645 - 1000 \u062c\u0631\u0627\u0645<\/p>\n<p>\u0627\u0644\u062c\u0648\u062f\u0629 \u0645\u0639 \u0636\u0645\u0627\u0646 \u0644\u0645\u062f\u0629 \u0633\u0646\u062a\u064a\u0646<\/p>\n<p>\u0627\u0644\u062f\u0639\u0645 \u0627\u0644\u0641\u0646\u064a \u0641\u064a \u062d\u0627\u0644\u0629 \u0627\u0644\u0639\u0637\u0644<\/p>\n<p>\u0645\u0639 \u0622\u0644\u0629 \u0627\u0644\u062a\u0639\u0628\u0626\u0629 \u0648\u0627\u0644\u062a\u063a\u0644\u064a\u0641 \u0627\u0644\u062e\u0627\u0635\u0629 \u0628\u0646\u0627\u060c \u064a\u0645\u0643\u0646\u0643 \u0627\u0644\u062d\u0635\u0648\u0644 \u0639\u0644\u0649 \u062d\u0644 \u0641\u0639\u0627\u0644 \u0648\u0639\u0627\u0644\u064a \u0627\u0644\u062c\u0648\u062f\u0629 \u064a\u0635\u0644 \u0625\u0644\u0649 5000 \u0643\u064a\u0633 \u064a\u0648\u0645\u064a\u064b\u0627\u060c \u0647\u0630\u0647 \u0627\u0644\u0622\u0644\u0629 \u0645\u062b\u0627\u0644\u064a\u0629\u060c \u0648\u0647\u064a \u0623\u0643\u0628\u0631 \u062d\u062c\u0645 \u064a\u0645\u0643\u0646\u0647 \u062a\u062d\u062f\u064a\u062f \u062c\u0631\u0639\u0629 \u0627\u0644\u0641\u0648\u0644 \u0627\u0644\u0633\u0648\u062f\u0627\u0646\u064a \u063a\u064a\u0631 \u0627\u0644\u0645\u0642\u0634\u0631\u060c \u0648\u0647\u0630\u0627 \u064a\u0645\u0646\u062d\u0646\u0627 \u0645\u062c\u0645\u0648\u0639\u0629 \u0645\u0646 \u0627\u0644\u0625\u0645\u0643\u0627\u0646\u064a\u0627\u062a \u0644\u062c\u0631\u0639\u0629 \u0623\u064a \u0646\u0648\u0639 \u0645\u0646 \u0627\u0644\u0628\u0642\u0648\u0644\u064a\u0627\u062a \u0623\u0648 \u0623\u064a \u0646\u0648\u0639 \u0622\u062e\u0631 \u0645\u0646 \u0645\u0646\u062a\u062c\u0627\u062a. .<\/p>","protected":false},"featured_media":445,"comment_status":"open","ping_status":"closed","template":"","meta":{"wds_primary_product_brand":0,"wds_primary_product_cat":0},"product_brand":[],"product_cat":[22,21],"product_tag":[],"class_list":{"0":"post-437","1":"product","2":"type-product","3":"status-publish","4":"has-post-thumbnail","6":"product_cat-llenadora-de-bolsas-granos-y-polvo","7":"product_cat-maquinas-llenadoras","9":"first","10":"instock","11":"sale","12":"taxable","13":"shipping-taxable","14":"purchasable","15":"product-type-simple"},"yoast_head":"<!-- This site is optimized with the Yoast SEO Premium plugin v24.9 (Yoast SEO v26.1) - https:\/\/yoast.com\/wordpress\/plugins\/seo\/ -->\n<title>Empacadora, Empaquetadora, Llenadora de Bolsas, Dosificadora para polvo, Lentejas y Legumbres? - distribuci\u00f3n ARC<\/title>\n<meta name=\"robots\" content=\"index, follow, max-snippet:-1, max-image-preview:large, max-video-preview:-1\" \/>\n<link rel=\"canonical\" href=\"https:\/\/www.distribucionarc.com\/tr\/producto\/empaquetadora-llenadora-de-bolsas-dosificadora-para-polvo-lentejas-legumbres\/\" \/>\n<meta property=\"og:locale\" content=\"ar_AR\" \/>\n<meta property=\"og:type\" content=\"article\" \/>\n<meta property=\"og:title\" content=\"Empacadora, Empaquetadora, Llenadora de Bolsas, Dosificadora para polvo, Lentejas y Legumbres?\" \/>\n<meta property=\"og:description\" content=\"Empaquetadora 10g\u27961000g  Calidad con 2\ufe0f\u20e3 a\u00f1os de garant\u00eda  Soporte t\u00e9cnico en caso de aver\u00eda  Con nuestra m\u00e1quina empaquetadora podr\u00e1 tener un soluci\u00f3n eficaz y de calidad hasta\u00a0 5000 bolsas diarias \u00e9sta m\u00e1quina es perfecta el tama\u00f1o m\u00e1s grande que puede dosificar con cacahuetes sin pelar, esto nos da un abanico de posibilidades para dosificar cualquier tipo de legumbre u otro tipo de productos.\" \/>\n<meta property=\"og:url\" content=\"https:\/\/www.distribucionarc.com\/tr\/producto\/empaquetadora-llenadora-de-bolsas-dosificadora-para-polvo-lentejas-legumbres\/\" \/>\n<meta property=\"og:site_name\" content=\"distribuci\u00f3n ARC\" \/>\n<meta property=\"article:modified_time\" content=\"2022-03-01T16:32:24+00:00\" \/>\n<meta property=\"og:image\" content=\"https:\/\/www.distribucionarc.com\/wp-content\/uploads\/2020\/04\/llenadora_dosificadora_polvos_granos_automatica_0.jpg\" \/>\n\t<meta property=\"og:image:width\" content=\"800\" \/>\n\t<meta property=\"og:image:height\" content=\"800\" \/>\n\t<meta property=\"og:image:type\" content=\"image\/jpeg\" \/>\n<meta name=\"twitter:card\" content=\"summary_large_image\" \/>\n<meta name=\"twitter:label1\" content=\"\u0648\u0642\u062a \u0627\u0644\u0642\u0631\u0627\u0621\u0629 \u0627\u0644\u0645\u064f\u0642\u062f\u0651\u0631\" \/>\n\t<meta name=\"twitter:data1\" content=\"\u062f\u0642\u064a\u0642\u0629 \u0648\u0627\u062d\u062f\u0629\" \/>\n<script type=\"application\/ld+json\" class=\"yoast-schema-graph\">{\"@context\":\"https:\/\/schema.org\",\"@graph\":[{\"@type\":\"WebPage\",\"@id\":\"https:\/\/www.distribucionarc.com\/tr\/producto\/empaquetadora-llenadora-de-bolsas-dosificadora-para-polvo-lentejas-legumbres\/\",\"url\":\"https:\/\/www.distribucionarc.com\/tr\/producto\/empaquetadora-llenadora-de-bolsas-dosificadora-para-polvo-lentejas-legumbres\/\",\"name\":\"Empacadora, Empaquetadora, Llenadora de Bolsas, Dosificadora para polvo, Lentejas y Legumbres? - distribuci\u00f3n ARC\",\"isPartOf\":{\"@id\":\"https:\/\/www.distribucionarc.com\/sl\/#website\"},\"primaryImageOfPage\":{\"@id\":\"https:\/\/www.distribucionarc.com\/tr\/producto\/empaquetadora-llenadora-de-bolsas-dosificadora-para-polvo-lentejas-legumbres\/#primaryimage\"},\"image\":{\"@id\":\"https:\/\/www.distribucionarc.com\/tr\/producto\/empaquetadora-llenadora-de-bolsas-dosificadora-para-polvo-lentejas-legumbres\/#primaryimage\"},\"thumbnailUrl\":\"https:\/\/distribucionarc.com\/wp-content\/uploads\/2020\/04\/llenadora_dosificadora_polvos_granos_automatica_0.jpg\",\"datePublished\":\"2020-04-18T19:36:10+00:00\",\"dateModified\":\"2022-03-01T16:32:24+00:00\",\"breadcrumb\":{\"@id\":\"https:\/\/www.distribucionarc.com\/tr\/producto\/empaquetadora-llenadora-de-bolsas-dosificadora-para-polvo-lentejas-legumbres\/#breadcrumb\"},\"inLanguage\":\"ar\",\"potentialAction\":[{\"@type\":\"ReadAction\",\"target\":[\"https:\/\/www.distribucionarc.com\/tr\/producto\/empaquetadora-llenadora-de-bolsas-dosificadora-para-polvo-lentejas-legumbres\/\"]}]},{\"@type\":\"ImageObject\",\"inLanguage\":\"ar\",\"@id\":\"https:\/\/www.distribucionarc.com\/tr\/producto\/empaquetadora-llenadora-de-bolsas-dosificadora-para-polvo-lentejas-legumbres\/#primaryimage\",\"url\":\"https:\/\/distribucionarc.com\/wp-content\/uploads\/2020\/04\/llenadora_dosificadora_polvos_granos_automatica_0.jpg\",\"contentUrl\":\"https:\/\/distribucionarc.com\/wp-content\/uploads\/2020\/04\/llenadora_dosificadora_polvos_granos_automatica_0.jpg\",\"width\":800,\"height\":800},{\"@type\":\"BreadcrumbList\",\"@id\":\"https:\/\/www.distribucionarc.com\/tr\/producto\/empaquetadora-llenadora-de-bolsas-dosificadora-para-polvo-lentejas-legumbres\/#breadcrumb\",\"itemListElement\":[{\"@type\":\"ListItem\",\"position\":1,\"name\":\"Portada\",\"item\":\"https:\/\/www.distribucionarc.com\/\"},{\"@type\":\"ListItem\",\"position\":2,\"name\":\"\u00dcr\u00fcnler\",\"item\":\"https:\/\/www.distribucionarc.com\/tr\/magaza\/\"},{\"@type\":\"ListItem\",\"position\":3,\"name\":\"Empacadora, Empaquetadora, Llenadora de Bolsas, Dosificadora para polvo, Lentejas y Legumbres?\"}]},{\"@type\":\"WebSite\",\"@id\":\"https:\/\/www.distribucionarc.com\/sl\/#website\",\"url\":\"https:\/\/www.distribucionarc.com\/sl\/\",\"name\":\"distribuci\u00f3n ARC\",\"description\":\"Empresa especializada en la fabricaci\u00f3n y distribuci\u00f3n de maquinaria industrial, selladoras de latas, Maquinas de hacer pastillas, Maquinas de cortar carne...\",\"publisher\":{\"@id\":\"https:\/\/www.distribucionarc.com\/sl\/#organization\"},\"potentialAction\":[{\"@type\":\"SearchAction\",\"target\":{\"@type\":\"EntryPoint\",\"urlTemplate\":\"https:\/\/www.distribucionarc.com\/sl\/?s={search_term_string}\"},\"query-input\":{\"@type\":\"PropertyValueSpecification\",\"valueRequired\":true,\"valueName\":\"search_term_string\"}}],\"inLanguage\":\"ar\"},{\"@type\":\"Organization\",\"@id\":\"https:\/\/www.distribucionarc.com\/sl\/#organization\",\"name\":\"Distribuci\u00f3n ARC\",\"url\":\"https:\/\/www.distribucionarc.com\/sl\/\",\"logo\":{\"@type\":\"ImageObject\",\"inLanguage\":\"ar\",\"@id\":\"https:\/\/www.distribucionarc.com\/sl\/#\/schema\/logo\/image\/\",\"url\":\"https:\/\/distribucionarc.com\/wp-content\/uploads\/2024\/10\/distribucion-ARC-COLOR-SIN-FONDO-e1732295305345.png\",\"contentUrl\":\"https:\/\/distribucionarc.com\/wp-content\/uploads\/2024\/10\/distribucion-ARC-COLOR-SIN-FONDO-e1732295305345.png\",\"width\":1164,\"height\":558,\"caption\":\"Distribuci\u00f3n ARC\"},\"image\":{\"@id\":\"https:\/\/www.distribucionarc.com\/sl\/#\/schema\/logo\/image\/\"},\"description\":\"Empresa especializada en la fabricaci\u00f3n y distribuci\u00f3n de maquinaria industrial para los sectores alimentario y farmac\u00e9utico. Nos especializamos en: M\u00e1quinas de cortar carne Fabricaci\u00f3n de comprimidos Sistemas de transporte industrial L\u00edneas de embotellado Dosificadores Y mucho m\u00e1s... Ofrecemos soluciones innovadoras y personalizadas para optimizar los procesos productivos de tu empresa.\",\"email\":\"Admistracion@distribucionarc.com\",\"telephone\":\"+34 643496664\",\"legalName\":\"ARC TECH SOLUTIONS\",\"foundingDate\":\"2024-04-09\",\"vatID\":\"B55480172\",\"numberOfEmployees\":{\"@type\":\"QuantitativeValue\",\"minValue\":\"1\",\"maxValue\":\"10\"}}]}<\/script>\n<!-- \/ Yoast SEO Premium plugin. -->","yoast_head_json":{"title":"\u0627\u0644\u0645\u0643\u0628\u0633\u060c \u0622\u0644\u0629 \u0627\u0644\u062a\u0639\u0628\u0626\u0629 \u0648\u0627\u0644\u062a\u063a\u0644\u064a\u0641\u060c \u062d\u0634\u0648 \u0627\u0644\u0623\u0643\u064a\u0627\u0633\u060c \u0645\u0648\u0632\u0639 \u0644\u0644\u0645\u0633\u062d\u0648\u0642\u060c \u0627\u0644\u0639\u062f\u0633 \u0648\u0627\u0644\u0628\u0642\u0648\u0644\u064a\u0627\u062a\u061f - \u062a\u0648\u0632\u064a\u0639 \u0627\u0644\u0642\u0648\u0633","robots":{"index":"index","follow":"follow","max-snippet":"max-snippet:-1","max-image-preview":"max-image-preview:large","max-video-preview":"max-video-preview:-1"},"canonical":"https:\/\/www.distribucionarc.com\/tr\/producto\/empaquetadora-llenadora-de-bolsas-dosificadora-para-polvo-lentejas-legumbres\/","og_locale":"ar_AR","og_type":"article","og_title":"Empacadora, Empaquetadora, Llenadora de Bolsas, Dosificadora para polvo, Lentejas y Legumbres?","og_description":"Empaquetadora 10g\u27961000g  Calidad con 2\ufe0f\u20e3 a\u00f1os de garant\u00eda  Soporte t\u00e9cnico en caso de aver\u00eda  Con nuestra m\u00e1quina empaquetadora podr\u00e1 tener un soluci\u00f3n eficaz y de calidad hasta\u00a0 5000 bolsas diarias \u00e9sta m\u00e1quina es perfecta el tama\u00f1o m\u00e1s grande que puede dosificar con cacahuetes sin pelar, esto nos da un abanico de posibilidades para dosificar cualquier tipo de legumbre u otro tipo de productos.","og_url":"https:\/\/www.distribucionarc.com\/tr\/producto\/empaquetadora-llenadora-de-bolsas-dosificadora-para-polvo-lentejas-legumbres\/","og_site_name":"distribuci\u00f3n ARC","article_modified_time":"2022-03-01T16:32:24+00:00","og_image":[{"width":800,"height":800,"url":"https:\/\/www.distribucionarc.com\/wp-content\/uploads\/2020\/04\/llenadora_dosificadora_polvos_granos_automatica_0.jpg","type":"image\/jpeg"}],"twitter_card":"summary_large_image","twitter_misc":{"\u0648\u0642\u062a \u0627\u0644\u0642\u0631\u0627\u0621\u0629 \u0627\u0644\u0645\u064f\u0642\u062f\u0651\u0631":"\u062f\u0642\u064a\u0642\u0629 \u0648\u0627\u062d\u062f\u0629"},"schema":{"@context":"https:\/\/schema.org","@graph":[{"@type":"WebPage","@id":"https:\/\/www.distribucionarc.com\/tr\/producto\/empaquetadora-llenadora-de-bolsas-dosificadora-para-polvo-lentejas-legumbres\/","url":"https:\/\/www.distribucionarc.com\/tr\/producto\/empaquetadora-llenadora-de-bolsas-dosificadora-para-polvo-lentejas-legumbres\/","name":"\u0627\u0644\u0645\u0643\u0628\u0633\u060c \u0622\u0644\u0629 \u0627\u0644\u062a\u0639\u0628\u0626\u0629 \u0648\u0627\u0644\u062a\u063a\u0644\u064a\u0641\u060c \u062d\u0634\u0648 \u0627\u0644\u0623\u0643\u064a\u0627\u0633\u060c \u0645\u0648\u0632\u0639 \u0644\u0644\u0645\u0633\u062d\u0648\u0642\u060c \u0627\u0644\u0639\u062f\u0633 \u0648\u0627\u0644\u0628\u0642\u0648\u0644\u064a\u0627\u062a\u061f - \u062a\u0648\u0632\u064a\u0639 \u0627\u0644\u0642\u0648\u0633","isPartOf":{"@id":"https:\/\/www.distribucionarc.com\/sl\/#website"},"primaryImageOfPage":{"@id":"https:\/\/www.distribucionarc.com\/tr\/producto\/empaquetadora-llenadora-de-bolsas-dosificadora-para-polvo-lentejas-legumbres\/#primaryimage"},"image":{"@id":"https:\/\/www.distribucionarc.com\/tr\/producto\/empaquetadora-llenadora-de-bolsas-dosificadora-para-polvo-lentejas-legumbres\/#primaryimage"},"thumbnailUrl":"https:\/\/distribucionarc.com\/wp-content\/uploads\/2020\/04\/llenadora_dosificadora_polvos_granos_automatica_0.jpg","datePublished":"2020-04-18T19:36:10+00:00","dateModified":"2022-03-01T16:32:24+00:00","breadcrumb":{"@id":"https:\/\/www.distribucionarc.com\/tr\/producto\/empaquetadora-llenadora-de-bolsas-dosificadora-para-polvo-lentejas-legumbres\/#breadcrumb"},"inLanguage":"ar","potentialAction":[{"@type":"ReadAction","target":["https:\/\/www.distribucionarc.com\/tr\/producto\/empaquetadora-llenadora-de-bolsas-dosificadora-para-polvo-lentejas-legumbres\/"]}]},{"@type":"ImageObject","inLanguage":"ar","@id":"https:\/\/www.distribucionarc.com\/tr\/producto\/empaquetadora-llenadora-de-bolsas-dosificadora-para-polvo-lentejas-legumbres\/#primaryimage","url":"https:\/\/distribucionarc.com\/wp-content\/uploads\/2020\/04\/llenadora_dosificadora_polvos_granos_automatica_0.jpg","contentUrl":"https:\/\/distribucionarc.com\/wp-content\/uploads\/2020\/04\/llenadora_dosificadora_polvos_granos_automatica_0.jpg","width":800,"height":800},{"@type":"BreadcrumbList","@id":"https:\/\/www.distribucionarc.com\/tr\/producto\/empaquetadora-llenadora-de-bolsas-dosificadora-para-polvo-lentejas-legumbres\/#breadcrumb","itemListElement":[{"@type":"ListItem","position":1,"name":"Portada","item":"https:\/\/www.distribucionarc.com\/"},{"@type":"ListItem","position":2,"name":"\u00dcr\u00fcnler","item":"https:\/\/www.distribucionarc.com\/tr\/magaza\/"},{"@type":"ListItem","position":3,"name":"Empacadora, Empaquetadora, Llenadora de Bolsas, Dosificadora para polvo, Lentejas y Legumbres?"}]},{"@type":"WebSite","@id":"https:\/\/www.distribucionarc.com\/sl\/#website","url":"https:\/\/www.distribucionarc.com\/sl\/","name":"\u062a\u0648\u0632\u064a\u0639 \u0627\u0644\u0642\u0648\u0633","description":"\u0634\u0631\u0643\u0629 \u0645\u062a\u062e\u0635\u0635\u0629 \u0641\u064a \u062a\u0635\u0646\u064a\u0639 \u0648\u062a\u0648\u0632\u064a\u0639 \u0627\u0644\u0622\u0644\u0627\u062a \u0627\u0644\u0635\u0646\u0627\u0639\u064a\u0629\u060c \u0648\u0645\u0627\u0643\u064a\u0646\u0627\u062a \u062e\u062a\u0645 \u0627\u0644\u0639\u0644\u0628\u060c \u0648\u0645\u0627\u0643\u064a\u0646\u0627\u062a \u0635\u0646\u0639 \u0627\u0644\u0623\u0642\u0631\u0627\u0635\u060c \u0648\u0645\u0627\u0643\u064a\u0646\u0627\u062a \u062a\u0642\u0637\u064a\u0639 \u0627\u0644\u0644\u062d\u0648\u0645...","publisher":{"@id":"https:\/\/www.distribucionarc.com\/sl\/#organization"},"potentialAction":[{"@type":"SearchAction","target":{"@type":"EntryPoint","urlTemplate":"https:\/\/www.distribucionarc.com\/sl\/?s={search_term_string}"},"query-input":{"@type":"PropertyValueSpecification","valueRequired":true,"valueName":"search_term_string"}}],"inLanguage":"ar"},{"@type":"Organization","@id":"https:\/\/www.distribucionarc.com\/sl\/#organization","name":"\u062a\u0648\u0632\u064a\u0639 \u0622\u0631\u0643","url":"https:\/\/www.distribucionarc.com\/sl\/","logo":{"@type":"ImageObject","inLanguage":"ar","@id":"https:\/\/www.distribucionarc.com\/sl\/#\/schema\/logo\/image\/","url":"https:\/\/distribucionarc.com\/wp-content\/uploads\/2024\/10\/distribucion-ARC-COLOR-SIN-FONDO-e1732295305345.png","contentUrl":"https:\/\/distribucionarc.com\/wp-content\/uploads\/2024\/10\/distribucion-ARC-COLOR-SIN-FONDO-e1732295305345.png","width":1164,"height":558,"caption":"Distribuci\u00f3n ARC"},"image":{"@id":"https:\/\/www.distribucionarc.com\/sl\/#\/schema\/logo\/image\/"},"description":"\u0634\u0631\u0643\u0629 \u0645\u062a\u062e\u0635\u0635\u0629 \u0641\u064a \u062a\u0635\u0646\u064a\u0639 \u0648\u062a\u0648\u0632\u064a\u0639 \u0627\u0644\u0622\u0644\u0627\u062a \u0627\u0644\u0635\u0646\u0627\u0639\u064a\u0629 \u0644\u0642\u0637\u0627\u0639\u064a \u0627\u0644\u0623\u063a\u0630\u064a\u0629 \u0648\u0627\u0644\u0623\u062f\u0648\u064a\u0629. \u0646\u062d\u0646 \u0645\u062a\u062e\u0635\u0635\u0648\u0646 \u0641\u064a: \u0645\u0627\u0643\u064a\u0646\u0627\u062a \u062a\u0642\u0637\u064a\u0639 \u0627\u0644\u0644\u062d\u0648\u0645 \u062a\u0635\u0646\u064a\u0639 \u0627\u0644\u0623\u0642\u0631\u0627\u0635 \u0623\u0646\u0638\u0645\u0629 \u0627\u0644\u0646\u0642\u0644 \u0627\u0644\u0635\u0646\u0627\u0639\u064a\u0629 \u062e\u0637\u0648\u0637 \u0627\u0644\u062a\u0639\u0628\u0626\u0629 \u0648\u0627\u0644\u062a\u063a\u0644\u064a\u0641 \u0627\u0644\u0645\u0648\u0632\u0639\u0627\u062a \u0648\u0623\u0643\u062b\u0631 \u0645\u0646 \u0630\u0644\u0643 \u0628\u0643\u062b\u064a\u0631... \u0646\u062d\u0646 \u0646\u0642\u062f\u0645 \u062d\u0644\u0648\u0644\u0627\u064b \u0645\u0628\u062a\u0643\u0631\u0629 \u0648\u0645\u062e\u0635\u0635\u0629 \u0644\u062a\u062d\u0633\u064a\u0646 \u0639\u0645\u0644\u064a\u0627\u062a \u0627\u0644\u0625\u0646\u062a\u0627\u062c \u0641\u064a \u0634\u0631\u0643\u062a\u0643.","email":"Admistracion@distribucionarc.com","telephone":"+34 643496664","legalName":"ARC TECH SOLUTIONS","foundingDate":"2024-04-09","vatID":"B55480172","numberOfEmployees":{"@type":"QuantitativeValue","minValue":"1","maxValue":"10"}}]}},"_links":{"self":[{"href":"https:\/\/distribucionarc.com\/ar\/wp-json\/wp\/v2\/product\/437","targetHints":{"allow":["GET"]}}],"collection":[{"href":"https:\/\/distribucionarc.com\/ar\/wp-json\/wp\/v2\/product"}],"about":[{"href":"https:\/\/distribucionarc.com\/ar\/wp-json\/wp\/v2\/types\/product"}],"replies":[{"embeddable":true,"href":"https:\/\/distribucionarc.com\/ar\/wp-json\/wp\/v2\/comments?post=437"}],"version-history":[{"count":0,"href":"https:\/\/distribucionarc.com\/ar\/wp-json\/wp\/v2\/product\/437\/revisions"}],"wp:featuredmedia":[{"embeddable":true,"href":"https:\/\/distribucionarc.com\/ar\/wp-json\/wp\/v2\/media\/445"}],"wp:attachment":[{"href":"https:\/\/distribucionarc.com\/ar\/wp-json\/wp\/v2\/media?parent=437"}],"wp:term":[{"taxonomy":"product_brand","embeddable":true,"href":"https:\/\/distribucionarc.com\/ar\/wp-json\/wp\/v2\/product_brand?post=437"},{"taxonomy":"product_cat","embeddable":true,"href":"https:\/\/distribucionarc.com\/ar\/wp-json\/wp\/v2\/product_cat?post=437"},{"taxonomy":"product_tag","embeddable":true,"href":"https:\/\/distribucionarc.com\/ar\/wp-json\/wp\/v2\/product_tag?post=437"}],"curies":[{"name":"wp","href":"https:\/\/api.w.org\/{rel}","templated":true}]}}