{"id":5464,"date":"2023-04-25T11:47:42","date_gmt":"2023-04-25T11:47:42","guid":{"rendered":"https:\/\/distribucionarc.com\/?post_type=product&#038;p=5464"},"modified":"2024-05-18T08:04:53","modified_gmt":"2024-05-18T08:04:53","slug":"%d8%a2%d9%84%d8%a9-%d9%84%d8%b5%d9%86%d8%b9-%d8%ad%d8%a8%d9%88%d8%a8-%d8%a3%d9%82%d8%b1%d8%a7%d8%b5-%d8%a2%d9%84%d8%a9-%d9%84%d9%88%d8%ad%d9%8a%d8%a9-%d9%8a%d8%af%d9%88%d9%8a%d8%a9-%d8%a3%d9%88","status":"publish","type":"product","link":"https:\/\/distribucionarc.com\/ar\/producto\/maquina-para-hacer-pastillas-comprimidos-tableteadora-manual-o-automatica\/","title":{"rendered":"\u0645\u0627\u0643\u064a\u0646\u0629 \u0635\u0646\u0639 \u0627\u0644\u062d\u0628\u0648\u0628 \u0648\u0627\u0644\u0623\u0642\u0631\u0627\u0635 \u064a\u062f\u0648\u064a\u0629 \u0623\u0648 \u0623\u0648\u062a\u0648\u0645\u0627\u062a\u064a\u0643\u064a\u0629"},"content":{"rendered":"<h2>\u0622\u0644\u0629 \u0635\u0646\u0639 \u0627\u0644\u062d\u0628\u0648\u0628 \u0647\u064a \u0622\u0644\u0629 \u062a\u0633\u062a\u062e\u062f\u0645 \u0641\u064a \u0627\u0644\u0635\u0646\u0627\u0639\u0629.<\/h2>\n<p><a href=\"https:\/\/distribucionarc.com\/wp-content\/uploads\/2023\/04\/prensa-pastillas.jpeg\"><img loading=\"lazy\" decoding=\"async\" class=\"alignnone size-medium wp-image-5470\" src=\"https:\/\/distribucionarc.com\/wp-content\/uploads\/2023\/04\/prensa-pastillas-300x300.jpeg\" alt=\"\" width=\"300\" height=\"300\" srcset=\"https:\/\/distribucionarc.com\/wp-content\/uploads\/2023\/04\/prensa-pastillas-300x300.jpeg 300w, https:\/\/distribucionarc.com\/wp-content\/uploads\/2023\/04\/prensa-pastillas-430x430.jpeg 430w, https:\/\/distribucionarc.com\/wp-content\/uploads\/2023\/04\/prensa-pastillas-150x150.jpeg 150w, https:\/\/distribucionarc.com\/wp-content\/uploads\/2023\/04\/prensa-pastillas-700x700.jpeg 700w, https:\/\/distribucionarc.com\/wp-content\/uploads\/2023\/04\/prensa-pastillas-768x768.jpeg 768w, https:\/\/distribucionarc.com\/wp-content\/uploads\/2023\/04\/prensa-pastillas-12x12.jpeg 12w, https:\/\/distribucionarc.com\/wp-content\/uploads\/2023\/04\/prensa-pastillas-320x320.jpeg 320w, https:\/\/distribucionarc.com\/wp-content\/uploads\/2023\/04\/prensa-pastillas-600x600.jpeg 600w, https:\/\/distribucionarc.com\/wp-content\/uploads\/2023\/04\/prensa-pastillas-100x100.jpeg 100w, https:\/\/distribucionarc.com\/wp-content\/uploads\/2023\/04\/prensa-pastillas-48x48.jpeg 48w, https:\/\/distribucionarc.com\/wp-content\/uploads\/2023\/04\/prensa-pastillas.jpeg 800w\" sizes=\"auto, (max-width: 300px) 100vw, 300px\" \/><\/a><\/p>\n<p>\u062a\u0628\u0644\u063a \u0633\u0631\u0639\u0629 \u0625\u0646\u062a\u0627\u062c \u0647\u0630\u0647 \u0627\u0644\u0622\u0644\u0629 \u0645\u0646 30 \u0625\u0644\u0649 50 \u0642\u0631\u0635\u064b\u0627 \u0641\u064a \u0627\u0644\u062f\u0642\u064a\u0642\u0629.<\/p>\n<p>\u0639\u0644\u0649 \u0627\u0644\u0631\u063a\u0645 \u0645\u0646 \u0623\u0646 \u0627\u0644\u0625\u0646\u062a\u0627\u062c \u064a\u062a\u0645 \u064a\u062f\u0648\u064a\u064b\u0627\u060c \u0625\u0644\u0627 \u0623\u0646 <strong>\u0627\u0636\u063a\u0637 \u0639\u0644\u0649 \u062d\u0628\u0648\u0628 \u0645\u0646\u0639 \u0627\u0644\u062d\u0645\u0644<\/strong> \u064a\u0628\u0642\u0649 \u0627\u0644\u062f\u0644\u064a\u0644 \u0622\u0644\u0629 \u0639\u0627\u0644\u064a\u0629 \u0627\u0644\u0643\u0641\u0627\u0621\u0629 \u0648\u0627\u0644\u062f\u0642\u0629. \u0625\u0646 \u0642\u062f\u0631\u062a\u0647\u0627 \u0639\u0644\u0649 \u0625\u0646\u062a\u0627\u062c \u0623\u062c\u0647\u0632\u0629 \u0644\u0648\u062d\u064a\u0629 \u0639\u0627\u0644\u064a\u0629 \u0627\u0644\u062c\u0648\u062f\u0629 \u0628\u0643\u0645\u064a\u0627\u062a \u0643\u0628\u064a\u0631\u0629 \u062a\u062c\u0639\u0644\u0647\u0627 \u062e\u064a\u0627\u0631\u064b\u0627 \u0634\u0627\u0626\u0639\u064b\u0627 \u0644\u0644\u0634\u0631\u0643\u0627\u062a \u0627\u0644\u0635\u063a\u064a\u0631\u0629 \u0648\u0627\u0644\u0645\u062a\u0648\u0633\u0637\u0629 \u0627\u0644\u062a\u064a \u062a\u062a\u0637\u0644\u0639 \u0625\u0644\u0649 \u062a\u062d\u0633\u064a\u0646 \u0625\u0646\u062a\u0627\u062c\u0647\u0627 \u0648\u062a\u0644\u0628\u064a\u0629 \u0627\u062d\u062a\u064a\u0627\u062c\u0627\u062a \u0639\u0645\u0644\u0627\u0626\u0647\u0627.<\/p>\n<div style=\"width: 408px;\" class=\"wp-video\"><video class=\"wp-video-shortcode\" id=\"video-5464-1\" width=\"408\" height=\"720\" preload=\"metadata\" controls=\"controls\"><source type=\"video\/mp4\" src=\"https:\/\/distribucionarc.com\/wp-content\/uploads\/2023\/04\/Maquina-para-hacer-pastillas-comprimidos-tableteadora-manual-o-automatica.mp4?_=1\" \/><a href=\"https:\/\/distribucionarc.com\/wp-content\/uploads\/2023\/04\/Maquina-para-hacer-pastillas-comprimidos-tableteadora-manual-o-automatica.mp4\">https:\/\/distribucionarc.com\/wp-content\/uploads\/2023\/04\/Maquina-para-hacer-pastillas-comprimidos-tableteadora-manual-o-automatica.mp4<\/a><\/video><\/div>\n<p>&nbsp;<\/p>\n<p>\u0627\u0644\u0645\u0648\u0627\u0635\u0641\u0627\u062a \u0627\u0644\u0641\u0646\u064a\u0629 <strong>\u0622\u0644\u0629 \u0635\u0646\u0639 \u062d\u0628\u0648\u0628 \u0645\u0646\u0639 \u0627\u0644\u062d\u0645\u0644 \u0627\u0644\u064a\u062f\u0648\u064a\u0629<\/strong>: AR00702<\/p>\n<p>\u0639\u062f\u062f \u0627\u0644\u0642\u0648\u0627\u0644\u0628: \u0645\u062a\u0636\u0645\u0646\u0629 1<\/p>\n<p>\u0627\u0644\u0642\u062f\u0631\u0629 \u0627\u0644\u0625\u0646\u062a\u0627\u062c\u064a\u0629: 30-50\/\u062f\u0642\u064a\u0642\u0629<\/p>\n<p>\u0627\u0644\u062d\u062f \u0627\u0644\u0623\u0642\u0635\u0649 \u0644\u0642\u0637\u0631 \u0627\u0644\u062c\u0647\u0627\u0632 \u0627\u0644\u0644\u0648\u062d\u064a: 15 \u0645\u0644\u0645<\/p>\n<p>\u0633\u0645\u0643 \u0627\u0644\u062a\u0627\u0628\u0644\u062a: 2-6 \u0645\u0644\u0645<\/p>\n<p>\u0623\u0642\u0635\u0649 \u0636\u063a\u0637: 3.1 \u0643\u064a\u0644\u0648 \u0646\u064a\u0648\u062a\u0646<\/p>\n<p>\u0639\u062f\u062f \u0642\u0637\u0639 \u0627\u0644\u062d\u0634\u0648: 1<\/p>\n<p>\u0642\u0631\u0635 \u0645\u0632\u062f\u0648\u062c \u0627\u0644\u0637\u0628\u0642\u0629: \u0644\u0627<\/p>\n<p>\u0627\u0644\u0648\u0632\u0646: 25.4 \u0643\u062c\u0645<\/p>\n<p>\u0627\u0644\u0627\u0631\u062a\u0641\u0627\u0639: 51 \u0633\u0645<\/p>\n<p>\u0627\u0644\u0634\u0647\u0627\u062f\u0627\u062a: CE\u060c RHOS<\/p>\n<h2>\u062a\u062a\u0648\u0641\u0631 \u0623\u064a\u0636\u064b\u0627 \u0622\u0644\u0629 \u0623\u0648\u062a\u0648\u0645\u0627\u062a\u064a\u0643\u064a\u0629 \u0644\u062a\u062d\u0648\u064a\u0644 \u0627\u0644\u062d\u0628\u0648\u0628 \u0625\u0644\u0649 \u0623\u0642\u0631\u0627\u0635<\/h2>\n<p>\u0627\u0644\u0645\u0631\u062c\u0639: AR00703<\/p>\n<div style=\"width: 960px;\" class=\"wp-video\"><video class=\"wp-video-shortcode\" id=\"video-5464-2\" width=\"960\" height=\"544\" preload=\"metadata\" controls=\"controls\"><source type=\"video\/mp4\" src=\"https:\/\/distribucionarc.com\/wp-content\/uploads\/2023\/04\/Maquina-para-hacer-pastillas-automatica.mp4?_=2\" \/><a href=\"https:\/\/distribucionarc.com\/wp-content\/uploads\/2023\/04\/Maquina-para-hacer-pastillas-automatica.mp4\">https:\/\/distribucionarc.com\/wp-content\/uploads\/2023\/04\/Maquina-para-hacer-pastillas-automatica.mp4<\/a><\/video><\/div>","protected":false},"excerpt":{"rendered":"<p>\u0627\u0644 <strong>\u0622\u0644\u0629 \u0635\u0646\u0639 \u062d\u0628\u0648\u0628 \u0645\u0646\u0639 \u0627\u0644\u062d\u0645\u0644<\/strong> \u0628\u0623\u062d\u062c\u0627\u0645 \u0645\u062e\u062a\u0644\u0641\u0629 \u0647\u064a \u0645\u0639\u062f\u0627\u062a \u0645\u062a\u062e\u0635\u0635\u0629 \u0648\u062f\u0642\u064a\u0642\u0629 \u0644\u0644\u063a\u0627\u064a\u0629 \u062a\u0633\u062a\u062e\u062f\u0645 \u0641\u064a \u062a\u0635\u0646\u064a\u0639 <strong>\u0627\u0644\u0623\u062f\u0648\u064a\u0629<\/strong> \u0648 <strong>\u0627\u0644\u0645\u0643\u0645\u0644\u0627\u062a \u0627\u0644\u063a\u0630\u0627\u0626\u064a\u0629<\/strong>. \u0647\u0630\u0647 \u0627\u0644\u0622\u0644\u0629 \u0642\u0627\u062f\u0631\u0629 \u0639\u0644\u0649 \u0625\u0646\u062a\u0627\u062c <strong>\u0623\u0642\u0631\u0627\u0635<\/strong> \u0628\u0623\u062d\u062c\u0627\u0645 \u062a\u062a\u0631\u0627\u0648\u062d \u0645\u0646 <strong>5 \u0645\u0644\u0645 \u062d\u062a\u0649 15 \u0645\u0644\u0645<\/strong>\u060c \u0645\u0645\u0627 \u064a\u0633\u0645\u062d \u0644\u0646\u0627 \u0628\u0627\u0644\u062a\u0643\u064a\u0641 \u0645\u0639 \u0627\u0644\u0627\u062d\u062a\u064a\u0627\u062c\u0627\u062a \u0627\u0644\u0645\u062d\u062f\u062f\u0629 \u0644\u0643\u0644 \u0639\u0645\u064a\u0644.<\/p>","protected":false},"featured_media":5465,"comment_status":"open","ping_status":"closed","template":"","meta":{"wds_primary_product_brand":0,"wds_primary_product_cat":0},"product_brand":[],"product_cat":[84],"product_tag":[],"class_list":{"0":"post-5464","1":"product","2":"type-product","3":"status-publish","4":"has-post-thumbnail","6":"product_cat-maquinas-para-hacer-pastillas","7":"product_shipping_class-express","9":"first","10":"instock","11":"taxable","12":"shipping-taxable","13":"purchasable","14":"product-type-simple"},"yoast_head":"<!-- This site is optimized with the Yoast SEO Premium plugin v24.9 (Yoast SEO v26.1) - https:\/\/yoast.com\/wordpress\/plugins\/seo\/ -->\n<title>Maquina para hacer pastillas, comprimidos tableteadora manual o autom\u00e1tica - distribuci\u00f3n ARC<\/title>\n<meta name=\"robots\" content=\"index, follow, max-snippet:-1, max-image-preview:large, max-video-preview:-1\" \/>\n<link rel=\"canonical\" href=\"https:\/\/www.distribucionarc.com\/en\/producto\/maquina-para-hacer-pastillas-comprimidos-tableteadora-manual-o-automatica\/\" \/>\n<meta property=\"og:locale\" content=\"ar_AR\" \/>\n<meta property=\"og:type\" content=\"article\" \/>\n<meta property=\"og:title\" content=\"Maquina para hacer pastillas, comprimidos tableteadora manual o autom\u00e1tica\" \/>\n<meta property=\"og:description\" content=\"La m\u00e1quina para hacer pastillas de diferentes tama\u00f1os es un equipo altamente especializado y preciso que se utiliza en la fabricaci\u00f3n de medicamentos y suplementos nutricionales. Esta m\u00e1quina es capaz de producir comprimidos de tama\u00f1os que van desde 5 mm hasta 15 mm, lo que permite adaptarse a las necesidades espec\u00edficas de cada cliente.\" \/>\n<meta property=\"og:url\" content=\"https:\/\/www.distribucionarc.com\/en\/producto\/maquina-para-hacer-pastillas-comprimidos-tableteadora-manual-o-automatica\/\" \/>\n<meta property=\"og:site_name\" content=\"distribuci\u00f3n ARC\" \/>\n<meta property=\"article:modified_time\" content=\"2024-05-18T08:04:53+00:00\" \/>\n<meta property=\"og:image\" content=\"https:\/\/www.distribucionarc.com\/wp-content\/uploads\/2023\/04\/maquina-para-hacer-pastillas.jpeg\" \/>\n\t<meta property=\"og:image:width\" content=\"1600\" \/>\n\t<meta property=\"og:image:height\" content=\"1600\" \/>\n\t<meta property=\"og:image:type\" content=\"image\/jpeg\" \/>\n<meta name=\"twitter:card\" content=\"summary_large_image\" \/>\n<meta name=\"twitter:label1\" content=\"\u0648\u0642\u062a \u0627\u0644\u0642\u0631\u0627\u0621\u0629 \u0627\u0644\u0645\u064f\u0642\u062f\u0651\u0631\" \/>\n\t<meta name=\"twitter:data1\" content=\"\u062f\u0642\u064a\u0642\u0629 \u0648\u0627\u062d\u062f\u0629\" \/>\n<script type=\"application\/ld+json\" class=\"yoast-schema-graph\">{\"@context\":\"https:\/\/schema.org\",\"@graph\":[{\"@type\":\"WebPage\",\"@id\":\"https:\/\/www.distribucionarc.com\/en\/producto\/maquina-para-hacer-pastillas-comprimidos-tableteadora-manual-o-automatica\/\",\"url\":\"https:\/\/www.distribucionarc.com\/en\/producto\/maquina-para-hacer-pastillas-comprimidos-tableteadora-manual-o-automatica\/\",\"name\":\"Maquina para hacer pastillas, comprimidos tableteadora manual o autom\u00e1tica - distribuci\u00f3n ARC\",\"isPartOf\":{\"@id\":\"https:\/\/www.distribucionarc.com\/sl\/#website\"},\"primaryImageOfPage\":{\"@id\":\"https:\/\/www.distribucionarc.com\/en\/producto\/maquina-para-hacer-pastillas-comprimidos-tableteadora-manual-o-automatica\/#primaryimage\"},\"image\":{\"@id\":\"https:\/\/www.distribucionarc.com\/en\/producto\/maquina-para-hacer-pastillas-comprimidos-tableteadora-manual-o-automatica\/#primaryimage\"},\"thumbnailUrl\":\"https:\/\/distribucionarc.com\/wp-content\/uploads\/2023\/04\/maquina-para-hacer-pastillas.jpeg\",\"datePublished\":\"2023-04-25T11:47:42+00:00\",\"dateModified\":\"2024-05-18T08:04:53+00:00\",\"breadcrumb\":{\"@id\":\"https:\/\/www.distribucionarc.com\/en\/producto\/maquina-para-hacer-pastillas-comprimidos-tableteadora-manual-o-automatica\/#breadcrumb\"},\"inLanguage\":\"ar\",\"potentialAction\":[{\"@type\":\"ReadAction\",\"target\":[\"https:\/\/www.distribucionarc.com\/en\/producto\/maquina-para-hacer-pastillas-comprimidos-tableteadora-manual-o-automatica\/\"]}]},{\"@type\":\"ImageObject\",\"inLanguage\":\"ar\",\"@id\":\"https:\/\/www.distribucionarc.com\/en\/producto\/maquina-para-hacer-pastillas-comprimidos-tableteadora-manual-o-automatica\/#primaryimage\",\"url\":\"https:\/\/distribucionarc.com\/wp-content\/uploads\/2023\/04\/maquina-para-hacer-pastillas.jpeg\",\"contentUrl\":\"https:\/\/distribucionarc.com\/wp-content\/uploads\/2023\/04\/maquina-para-hacer-pastillas.jpeg\",\"width\":1600,\"height\":1600},{\"@type\":\"BreadcrumbList\",\"@id\":\"https:\/\/www.distribucionarc.com\/en\/producto\/maquina-para-hacer-pastillas-comprimidos-tableteadora-manual-o-automatica\/#breadcrumb\",\"itemListElement\":[{\"@type\":\"ListItem\",\"position\":1,\"name\":\"Portada\",\"item\":\"https:\/\/www.distribucionarc.com\/\"},{\"@type\":\"ListItem\",\"position\":2,\"name\":\"\u00dcr\u00fcnler\",\"item\":\"https:\/\/www.distribucionarc.com\/tr\/magaza\/\"},{\"@type\":\"ListItem\",\"position\":3,\"name\":\"Maquina para hacer pastillas, comprimidos tableteadora manual o autom\u00e1tica\"}]},{\"@type\":\"WebSite\",\"@id\":\"https:\/\/www.distribucionarc.com\/sl\/#website\",\"url\":\"https:\/\/www.distribucionarc.com\/sl\/\",\"name\":\"distribuci\u00f3n ARC\",\"description\":\"Empresa especializada en la fabricaci\u00f3n y distribuci\u00f3n de maquinaria industrial, selladoras de latas, Maquinas de hacer pastillas, Maquinas de cortar carne...\",\"publisher\":{\"@id\":\"https:\/\/www.distribucionarc.com\/sl\/#organization\"},\"potentialAction\":[{\"@type\":\"SearchAction\",\"target\":{\"@type\":\"EntryPoint\",\"urlTemplate\":\"https:\/\/www.distribucionarc.com\/sl\/?s={search_term_string}\"},\"query-input\":{\"@type\":\"PropertyValueSpecification\",\"valueRequired\":true,\"valueName\":\"search_term_string\"}}],\"inLanguage\":\"ar\"},{\"@type\":\"Organization\",\"@id\":\"https:\/\/www.distribucionarc.com\/sl\/#organization\",\"name\":\"Distribuci\u00f3n ARC\",\"url\":\"https:\/\/www.distribucionarc.com\/sl\/\",\"logo\":{\"@type\":\"ImageObject\",\"inLanguage\":\"ar\",\"@id\":\"https:\/\/www.distribucionarc.com\/sl\/#\/schema\/logo\/image\/\",\"url\":\"https:\/\/distribucionarc.com\/wp-content\/uploads\/2024\/10\/distribucion-ARC-COLOR-SIN-FONDO-e1732295305345.png\",\"contentUrl\":\"https:\/\/distribucionarc.com\/wp-content\/uploads\/2024\/10\/distribucion-ARC-COLOR-SIN-FONDO-e1732295305345.png\",\"width\":1164,\"height\":558,\"caption\":\"Distribuci\u00f3n ARC\"},\"image\":{\"@id\":\"https:\/\/www.distribucionarc.com\/sl\/#\/schema\/logo\/image\/\"},\"description\":\"Empresa especializada en la fabricaci\u00f3n y distribuci\u00f3n de maquinaria industrial para los sectores alimentario y farmac\u00e9utico. Nos especializamos en: M\u00e1quinas de cortar carne Fabricaci\u00f3n de comprimidos Sistemas de transporte industrial L\u00edneas de embotellado Dosificadores Y mucho m\u00e1s... Ofrecemos soluciones innovadoras y personalizadas para optimizar los procesos productivos de tu empresa.\",\"email\":\"Admistracion@distribucionarc.com\",\"telephone\":\"+34 643496664\",\"legalName\":\"ARC TECH SOLUTIONS\",\"foundingDate\":\"2024-04-09\",\"vatID\":\"B55480172\",\"numberOfEmployees\":{\"@type\":\"QuantitativeValue\",\"minValue\":\"1\",\"maxValue\":\"10\"}}]}<\/script>\n<!-- \/ Yoast SEO Premium plugin. -->","yoast_head_json":{"title":"\u0645\u0627\u0643\u064a\u0646\u0629 \u0635\u0646\u0639 \u0627\u0644\u0623\u0642\u0631\u0627\u0635\u060c \u0645\u0627\u0643\u064a\u0646\u0629 \u0636\u063a\u0637 \u0627\u0644\u0623\u0642\u0631\u0627\u0635 \u0627\u0644\u064a\u062f\u0648\u064a\u0629 \u0623\u0648 \u0627\u0644\u0623\u0648\u062a\u0648\u0645\u0627\u062a\u064a\u0643\u064a\u0629 - \u062a\u0648\u0632\u064a\u0639 ARC","robots":{"index":"index","follow":"follow","max-snippet":"max-snippet:-1","max-image-preview":"max-image-preview:large","max-video-preview":"max-video-preview:-1"},"canonical":"https:\/\/www.distribucionarc.com\/en\/producto\/maquina-para-hacer-pastillas-comprimidos-tableteadora-manual-o-automatica\/","og_locale":"ar_AR","og_type":"article","og_title":"Maquina para hacer pastillas, comprimidos tableteadora manual o autom\u00e1tica","og_description":"La m\u00e1quina para hacer pastillas de diferentes tama\u00f1os es un equipo altamente especializado y preciso que se utiliza en la fabricaci\u00f3n de medicamentos y suplementos nutricionales. Esta m\u00e1quina es capaz de producir comprimidos de tama\u00f1os que van desde 5 mm hasta 15 mm, lo que permite adaptarse a las necesidades espec\u00edficas de cada cliente.","og_url":"https:\/\/www.distribucionarc.com\/en\/producto\/maquina-para-hacer-pastillas-comprimidos-tableteadora-manual-o-automatica\/","og_site_name":"distribuci\u00f3n ARC","article_modified_time":"2024-05-18T08:04:53+00:00","og_image":[{"width":1600,"height":1600,"url":"https:\/\/www.distribucionarc.com\/wp-content\/uploads\/2023\/04\/maquina-para-hacer-pastillas.jpeg","type":"image\/jpeg"}],"twitter_card":"summary_large_image","twitter_misc":{"\u0648\u0642\u062a \u0627\u0644\u0642\u0631\u0627\u0621\u0629 \u0627\u0644\u0645\u064f\u0642\u062f\u0651\u0631":"\u062f\u0642\u064a\u0642\u0629 \u0648\u0627\u062d\u062f\u0629"},"schema":{"@context":"https:\/\/schema.org","@graph":[{"@type":"WebPage","@id":"https:\/\/www.distribucionarc.com\/en\/producto\/maquina-para-hacer-pastillas-comprimidos-tableteadora-manual-o-automatica\/","url":"https:\/\/www.distribucionarc.com\/en\/producto\/maquina-para-hacer-pastillas-comprimidos-tableteadora-manual-o-automatica\/","name":"\u0645\u0627\u0643\u064a\u0646\u0629 \u0635\u0646\u0639 \u0627\u0644\u0623\u0642\u0631\u0627\u0635\u060c \u0645\u0627\u0643\u064a\u0646\u0629 \u0636\u063a\u0637 \u0627\u0644\u0623\u0642\u0631\u0627\u0635 \u0627\u0644\u064a\u062f\u0648\u064a\u0629 \u0623\u0648 \u0627\u0644\u0623\u0648\u062a\u0648\u0645\u0627\u062a\u064a\u0643\u064a\u0629 - \u062a\u0648\u0632\u064a\u0639 ARC","isPartOf":{"@id":"https:\/\/www.distribucionarc.com\/sl\/#website"},"primaryImageOfPage":{"@id":"https:\/\/www.distribucionarc.com\/en\/producto\/maquina-para-hacer-pastillas-comprimidos-tableteadora-manual-o-automatica\/#primaryimage"},"image":{"@id":"https:\/\/www.distribucionarc.com\/en\/producto\/maquina-para-hacer-pastillas-comprimidos-tableteadora-manual-o-automatica\/#primaryimage"},"thumbnailUrl":"https:\/\/distribucionarc.com\/wp-content\/uploads\/2023\/04\/maquina-para-hacer-pastillas.jpeg","datePublished":"2023-04-25T11:47:42+00:00","dateModified":"2024-05-18T08:04:53+00:00","breadcrumb":{"@id":"https:\/\/www.distribucionarc.com\/en\/producto\/maquina-para-hacer-pastillas-comprimidos-tableteadora-manual-o-automatica\/#breadcrumb"},"inLanguage":"ar","potentialAction":[{"@type":"ReadAction","target":["https:\/\/www.distribucionarc.com\/en\/producto\/maquina-para-hacer-pastillas-comprimidos-tableteadora-manual-o-automatica\/"]}]},{"@type":"ImageObject","inLanguage":"ar","@id":"https:\/\/www.distribucionarc.com\/en\/producto\/maquina-para-hacer-pastillas-comprimidos-tableteadora-manual-o-automatica\/#primaryimage","url":"https:\/\/distribucionarc.com\/wp-content\/uploads\/2023\/04\/maquina-para-hacer-pastillas.jpeg","contentUrl":"https:\/\/distribucionarc.com\/wp-content\/uploads\/2023\/04\/maquina-para-hacer-pastillas.jpeg","width":1600,"height":1600},{"@type":"BreadcrumbList","@id":"https:\/\/www.distribucionarc.com\/en\/producto\/maquina-para-hacer-pastillas-comprimidos-tableteadora-manual-o-automatica\/#breadcrumb","itemListElement":[{"@type":"ListItem","position":1,"name":"Portada","item":"https:\/\/www.distribucionarc.com\/"},{"@type":"ListItem","position":2,"name":"\u00dcr\u00fcnler","item":"https:\/\/www.distribucionarc.com\/tr\/magaza\/"},{"@type":"ListItem","position":3,"name":"Maquina para hacer pastillas, comprimidos tableteadora manual o autom\u00e1tica"}]},{"@type":"WebSite","@id":"https:\/\/www.distribucionarc.com\/sl\/#website","url":"https:\/\/www.distribucionarc.com\/sl\/","name":"\u062a\u0648\u0632\u064a\u0639 \u0627\u0644\u0642\u0648\u0633","description":"\u0634\u0631\u0643\u0629 \u0645\u062a\u062e\u0635\u0635\u0629 \u0641\u064a \u062a\u0635\u0646\u064a\u0639 \u0648\u062a\u0648\u0632\u064a\u0639 \u0627\u0644\u0622\u0644\u0627\u062a \u0627\u0644\u0635\u0646\u0627\u0639\u064a\u0629\u060c \u0648\u0645\u0627\u0643\u064a\u0646\u0627\u062a \u062e\u062a\u0645 \u0627\u0644\u0639\u0644\u0628\u060c \u0648\u0645\u0627\u0643\u064a\u0646\u0627\u062a \u0635\u0646\u0639 \u0627\u0644\u0623\u0642\u0631\u0627\u0635\u060c \u0648\u0645\u0627\u0643\u064a\u0646\u0627\u062a \u062a\u0642\u0637\u064a\u0639 \u0627\u0644\u0644\u062d\u0648\u0645...","publisher":{"@id":"https:\/\/www.distribucionarc.com\/sl\/#organization"},"potentialAction":[{"@type":"SearchAction","target":{"@type":"EntryPoint","urlTemplate":"https:\/\/www.distribucionarc.com\/sl\/?s={search_term_string}"},"query-input":{"@type":"PropertyValueSpecification","valueRequired":true,"valueName":"search_term_string"}}],"inLanguage":"ar"},{"@type":"Organization","@id":"https:\/\/www.distribucionarc.com\/sl\/#organization","name":"\u062a\u0648\u0632\u064a\u0639 \u0622\u0631\u0643","url":"https:\/\/www.distribucionarc.com\/sl\/","logo":{"@type":"ImageObject","inLanguage":"ar","@id":"https:\/\/www.distribucionarc.com\/sl\/#\/schema\/logo\/image\/","url":"https:\/\/distribucionarc.com\/wp-content\/uploads\/2024\/10\/distribucion-ARC-COLOR-SIN-FONDO-e1732295305345.png","contentUrl":"https:\/\/distribucionarc.com\/wp-content\/uploads\/2024\/10\/distribucion-ARC-COLOR-SIN-FONDO-e1732295305345.png","width":1164,"height":558,"caption":"Distribuci\u00f3n ARC"},"image":{"@id":"https:\/\/www.distribucionarc.com\/sl\/#\/schema\/logo\/image\/"},"description":"\u0634\u0631\u0643\u0629 \u0645\u062a\u062e\u0635\u0635\u0629 \u0641\u064a \u062a\u0635\u0646\u064a\u0639 \u0648\u062a\u0648\u0632\u064a\u0639 \u0627\u0644\u0622\u0644\u0627\u062a \u0627\u0644\u0635\u0646\u0627\u0639\u064a\u0629 \u0644\u0642\u0637\u0627\u0639\u064a \u0627\u0644\u0623\u063a\u0630\u064a\u0629 \u0648\u0627\u0644\u0623\u062f\u0648\u064a\u0629. \u0646\u062d\u0646 \u0645\u062a\u062e\u0635\u0635\u0648\u0646 \u0641\u064a: \u0645\u0627\u0643\u064a\u0646\u0627\u062a \u062a\u0642\u0637\u064a\u0639 \u0627\u0644\u0644\u062d\u0648\u0645 \u062a\u0635\u0646\u064a\u0639 \u0627\u0644\u0623\u0642\u0631\u0627\u0635 \u0623\u0646\u0638\u0645\u0629 \u0627\u0644\u0646\u0642\u0644 \u0627\u0644\u0635\u0646\u0627\u0639\u064a\u0629 \u062e\u0637\u0648\u0637 \u0627\u0644\u062a\u0639\u0628\u0626\u0629 \u0648\u0627\u0644\u062a\u063a\u0644\u064a\u0641 \u0627\u0644\u0645\u0648\u0632\u0639\u0627\u062a \u0648\u0623\u0643\u062b\u0631 \u0645\u0646 \u0630\u0644\u0643 \u0628\u0643\u062b\u064a\u0631... \u0646\u062d\u0646 \u0646\u0642\u062f\u0645 \u062d\u0644\u0648\u0644\u0627\u064b \u0645\u0628\u062a\u0643\u0631\u0629 \u0648\u0645\u062e\u0635\u0635\u0629 \u0644\u062a\u062d\u0633\u064a\u0646 \u0639\u0645\u0644\u064a\u0627\u062a \u0627\u0644\u0625\u0646\u062a\u0627\u062c \u0641\u064a \u0634\u0631\u0643\u062a\u0643.","email":"Admistracion@distribucionarc.com","telephone":"+34 643496664","legalName":"ARC TECH SOLUTIONS","foundingDate":"2024-04-09","vatID":"B55480172","numberOfEmployees":{"@type":"QuantitativeValue","minValue":"1","maxValue":"10"}}]}},"_links":{"self":[{"href":"https:\/\/distribucionarc.com\/ar\/wp-json\/wp\/v2\/product\/5464","targetHints":{"allow":["GET"]}}],"collection":[{"href":"https:\/\/distribucionarc.com\/ar\/wp-json\/wp\/v2\/product"}],"about":[{"href":"https:\/\/distribucionarc.com\/ar\/wp-json\/wp\/v2\/types\/product"}],"replies":[{"embeddable":true,"href":"https:\/\/distribucionarc.com\/ar\/wp-json\/wp\/v2\/comments?post=5464"}],"version-history":[{"count":0,"href":"https:\/\/distribucionarc.com\/ar\/wp-json\/wp\/v2\/product\/5464\/revisions"}],"wp:featuredmedia":[{"embeddable":true,"href":"https:\/\/distribucionarc.com\/ar\/wp-json\/wp\/v2\/media\/5465"}],"wp:attachment":[{"href":"https:\/\/distribucionarc.com\/ar\/wp-json\/wp\/v2\/media?parent=5464"}],"wp:term":[{"taxonomy":"product_brand","embeddable":true,"href":"https:\/\/distribucionarc.com\/ar\/wp-json\/wp\/v2\/product_brand?post=5464"},{"taxonomy":"product_cat","embeddable":true,"href":"https:\/\/distribucionarc.com\/ar\/wp-json\/wp\/v2\/product_cat?post=5464"},{"taxonomy":"product_tag","embeddable":true,"href":"https:\/\/distribucionarc.com\/ar\/wp-json\/wp\/v2\/product_tag?post=5464"}],"curies":[{"name":"wp","href":"https:\/\/api.w.org\/{rel}","templated":true}]}}