{"id":5761,"date":"2023-05-12T21:13:08","date_gmt":"2023-05-12T21:13:08","guid":{"rendered":"https:\/\/distribucionarc.com\/?post_type=product&#038;p=5761"},"modified":"2024-10-05T03:04:04","modified_gmt":"2024-10-05T03:04:04","slug":"%d8%a2%d9%84%d8%a9-%d8%aa%d9%82%d8%b7%d9%8a%d8%b9-%d8%a7%d9%84%d9%84%d8%ad%d9%85-%d8%a7%d9%84%d8%a3%d9%88%d8%aa%d9%88%d9%85%d8%a7%d8%aa%d9%8a%d9%83%d9%8a%d8%a9","status":"publish","type":"product","link":"https:\/\/distribucionarc.com\/ar\/producto\/cortadora-de-fiambre-automatica\/","title":{"rendered":"\u0642\u0637\u0627\u0639\u0629 \u0627\u0644\u0644\u062d\u0648\u0645 \u0627\u0644\u0623\u0648\u062a\u0648\u0645\u0627\u062a\u064a\u0643\u064a\u0629"},"content":{"rendered":"<h2>\u0642\u0637\u0627\u0639\u0629 \u0627\u0644\u0644\u062d\u0648\u0645 \u0648\u0627\u0644\u0644\u062d\u0648\u0645 \u0627\u0644\u0628\u0627\u0631\u062f\u0629 \u0623\u0648\u062a\u0648\u0645\u0627\u062a\u064a\u0643\u064a\u0629<\/h2>\n<p><a href=\"https:\/\/distribucionarc.com\/wp-content\/uploads\/2023\/05\/cortadora-fiambre-automatica-medidas-1.jpg\"><img loading=\"lazy\" decoding=\"async\" class=\"alignnone size-medium wp-image-5956\" src=\"https:\/\/distribucionarc.com\/wp-content\/uploads\/2023\/05\/cortadora-fiambre-automatica-medidas-1-300x300.jpg\" alt=\"\" width=\"300\" height=\"300\" srcset=\"https:\/\/distribucionarc.com\/wp-content\/uploads\/2023\/05\/cortadora-fiambre-automatica-medidas-1-300x300.jpg 300w, https:\/\/distribucionarc.com\/wp-content\/uploads\/2023\/05\/cortadora-fiambre-automatica-medidas-1-430x430.jpg 430w, https:\/\/distribucionarc.com\/wp-content\/uploads\/2023\/05\/cortadora-fiambre-automatica-medidas-1-150x150.jpg 150w, https:\/\/distribucionarc.com\/wp-content\/uploads\/2023\/05\/cortadora-fiambre-automatica-medidas-1-700x700.jpg 700w, https:\/\/distribucionarc.com\/wp-content\/uploads\/2023\/05\/cortadora-fiambre-automatica-medidas-1-1024x1024.jpg 1024w, https:\/\/distribucionarc.com\/wp-content\/uploads\/2023\/05\/cortadora-fiambre-automatica-medidas-1-768x768.jpg 768w, https:\/\/distribucionarc.com\/wp-content\/uploads\/2023\/05\/cortadora-fiambre-automatica-medidas-1-1536x1536.jpg 1536w, https:\/\/distribucionarc.com\/wp-content\/uploads\/2023\/05\/cortadora-fiambre-automatica-medidas-1-12x12.jpg 12w, https:\/\/distribucionarc.com\/wp-content\/uploads\/2023\/05\/cortadora-fiambre-automatica-medidas-1-48x48.jpg 48w, https:\/\/distribucionarc.com\/wp-content\/uploads\/2023\/05\/cortadora-fiambre-automatica-medidas-1.jpg 2000w\" sizes=\"auto, (max-width: 300px) 100vw, 300px\" \/><\/a><\/p>\n<p>\u0645\u0644\u0643\u0646\u0627 <strong>\u0642\u0637\u0627\u0639\u0629 \u0627\u0644\u0644\u062d\u0648\u0645 \u0648\u0627\u0644\u0644\u062d\u0648\u0645 \u0627\u0644\u0628\u0627\u0631\u062f\u0629<\/strong>\u0648\u0627\u0644\u0623\u0648\u062a\u0648\u0645\u0627\u062a\u064a\u0643\u064a \u0647\u0648 \u0627\u0644\u062d\u0644 \u0627\u0644\u0623\u0645\u062b\u0644 \u0644\u0644\u062d\u0635\u0648\u0644 \u0639\u0644\u0649 \u0642\u0637\u0639 \u062f\u0642\u064a\u0642\u0629 \u0648\u0641\u0639\u0627\u0644\u0629 \u062a\u0644\u0642\u0627\u0626\u064a\u064b\u0627. \u062a\u062a\u0645\u064a\u0632 \u0647\u0630\u0647 \u0627\u0644\u0645\u0627\u0643\u064a\u0646\u0629 \u0628\u062a\u0635\u0645\u064a\u0645 \u0639\u0627\u0644\u064a \u0627\u0644\u062c\u0648\u062f\u0629 \u0648\u062a\u0648\u0641\u0631 \u0645\u062c\u0645\u0648\u0639\u0629 \u0645\u0646 \u0627\u0644\u0645\u064a\u0632\u0627\u062a \u0627\u0644\u062a\u064a \u062a\u062c\u0639\u0644\u0647\u0627 \u0622\u0645\u0646\u0629 \u0648\u0633\u0647\u0644\u0629 \u0627\u0644\u0627\u0633\u062a\u062e\u062f\u0627\u0645. \u0644\u0627 \u064a\u062a\u0637\u0644\u0628 \u0627\u0644\u062a\u062d\u0643\u0645 \u0627\u0644\u064a\u062f\u0648\u064a\u060c \u0645\u0645\u0627 \u064a\u0648\u0641\u0631 \u0627\u0644\u0631\u0627\u062d\u0629 \u0648\u0627\u0644\u062f\u0642\u0629 \u0641\u064a \u0627\u0644\u0642\u0637\u0639. \u0645\u0635\u0646\u0648\u0639\u0629 \u0645\u0646 \u0647\u064a\u0643\u0644 \u0645\u0646 \u0627\u0644\u0641\u0648\u0644\u0627\u0630 \u0627\u0644\u0645\u0642\u0627\u0648\u0645 \u0644\u0644\u0635\u062f\u0623 AISI 304 \u0639\u0627\u0644\u064a \u0627\u0644\u062c\u0648\u062f\u0629\u060c \u062a\u0648\u0641\u0631 \u0647\u0630\u0647 \u0627\u0644\u0642\u0637\u0627\u0639\u0629 \u0627\u0644\u0645\u062a\u0627\u0646\u0629 \u0648\u0627\u0644\u0642\u0648\u0629. \u0625\u0646 \u062c\u0647\u0627\u0632 \u0627\u0644\u0642\u0637\u0639 \u0627\u0644\u0645\u0627\u0626\u0644 \u0648\u0645\u062d\u0631\u0643 \u0627\u0644\u0646\u0642\u0644 \u0627\u0644\u0623\u0648\u062a\u0648\u0645\u0627\u062a\u064a\u0643\u064a \u064a\u062c\u0639\u0644\u0647 \u0645\u0646\u0627\u0633\u0628\u064b\u0627 \u0628\u0634\u0643\u0644 \u062e\u0627\u0635 \u0644\u0645\u0646\u062a\u062c\u0627\u062a \u0627\u0644\u0644\u062d\u0648\u0645. \u0645\u0639 \u0634\u0641\u0631\u0627\u062a \u0628\u0642\u0637\u0631 320 \u0645\u0644\u0645 \u0648\u0639\u0631\u0636 \u0642\u0637\u0639 \u0623\u0642\u0635\u0649 300 \u0645\u0644\u0645 \u0648\u0633\u0645\u0643 \u0642\u0637\u0639 \u0642\u0627\u0628\u0644 \u0644\u0644\u062a\u0639\u062f\u064a\u0644 \u0645\u0646 0 \u0625\u0644\u0649 18 \u0645\u0644\u0645\u060c \u064a\u0645\u0643\u0646\u0643 \u0627\u0644\u062d\u0635\u0648\u0644 \u0639\u0644\u0649 \u0634\u0631\u0627\u0626\u062d \u0645\u062b\u0627\u0644\u064a\u0629 \u0648\u0641\u0642\u064b\u0627 \u0644\u0627\u062d\u062a\u064a\u0627\u062c\u0627\u062a\u0643. \u0645\u0646 \u062d\u064a\u062b \u0627\u0644\u062a\u0648\u0635\u064a\u0644 \u0641\u0647\u0648 \u064a\u062d\u062a\u0648\u064a \u0639\u0644\u0649 \u062a\u0648\u0635\u064a\u0644\u0629 \u0643\u0647\u0631\u0628\u0627\u0626\u064a\u0629 1\/N\/PE 230 \u0641\u0648\u0644\u062a\/50 \u0647\u0631\u062a\u0632 \u0648\u0642\u0648\u0629 370*2 \u0648\u0627\u0637. \u0623\u0628\u0639\u0627\u062f\u0647\u0627 \u0627\u0644\u062e\u0627\u0631\u062c\u064a\u0629 747 \u0645\u0644\u0645 \u00d7 582 \u0645\u0644\u0645 \u00d7 764 \u0645\u0644\u0645 \u062a\u062c\u0639\u0644\u0647\u0627 \u0635\u063a\u064a\u0631\u0629 \u0627\u0644\u062d\u062c\u0645 \u0648\u0633\u0647\u0644\u0629 \u0627\u0644\u0648\u0636\u0639 \u0641\u064a \u0645\u0643\u0627\u0646 \u0627\u0644\u0639\u0645\u0644 \u0627\u0644\u062e\u0627\u0635 \u0628\u0643.<\/p>\n<div style=\"width: 1280px;\" class=\"wp-video\"><video class=\"wp-video-shortcode\" id=\"video-5761-1\" width=\"1280\" height=\"720\" preload=\"metadata\" controls=\"controls\"><source type=\"video\/mp4\" src=\"https:\/\/distribucionarc.com\/wp-content\/uploads\/2023\/05\/cortadora-fiambre-automatica-funcionamiento.mp4?_=1\" \/><a href=\"https:\/\/distribucionarc.com\/wp-content\/uploads\/2023\/05\/cortadora-fiambre-automatica-funcionamiento.mp4\">https:\/\/distribucionarc.com\/wp-content\/uploads\/2023\/05\/cortadora-fiambre-automatica-funcionamiento.mp4<\/a><\/video><\/div>\n<p>\u0627\u0644\u0645\u0648\u0627\u0635\u0641\u0627\u062a \u0627\u0644\u0641\u0646\u064a\u0629<strong> \u0623\u063110168<\/strong><\/p>\n<ul>\n<li>\u0627\u0644\u062a\u062d\u0643\u0645 \u0627\u0644\u064a\u062f\u0648\u064a \u0623\u0648 \u0627\u0644\u062a\u0644\u0642\u0627\u0626\u064a<\/li>\n<li>\u0642\u0637\u0639 \u062f\u0642\u064a\u0642<\/li>\n<li>\u062a\u0634\u063a\u064a\u0644 \u0645\u064a\u0643\u0627\u0646\u064a\u0643\u064a \u0633\u0647\u0644<\/li>\n<li>\u062a\u0648\u0641\u0631 \u062d\u0645\u0627\u064a\u0629 \u0627\u0644\u064a\u062f \u062a\u0634\u063a\u064a\u0644\u064b\u0627 \u0622\u0645\u0646\u064b\u0627<\/li>\n<li>\u0639\u062c\u0644\u0629 \u0637\u062d\u0646 \u0642\u0627\u0628\u0644\u0629 \u0644\u0644\u0627\u0633\u062a\u0628\u062f\u0627\u0644<\/li>\n<li>\u062d\u0645\u0627\u064a\u0629 \u0645\u0646 \u0627\u0644\u0631\u0634<\/li>\n<li>\u0633\u0647\u0644 \u0627\u0644\u062a\u0646\u0638\u064a\u0641<\/li>\n<li>\u0627\u0644\u062c\u0633\u0645 \u0645\u0635\u0646\u0648\u0639 \u0645\u0646 \u0627\u0644\u0641\u0648\u0644\u0627\u0630 \u0627\u0644\u0645\u0642\u0627\u0648\u0645 \u0644\u0644\u0635\u062f\u0623 AISI 304 \u0639\u0627\u0644\u064a \u0627\u0644\u062c\u0648\u062f\u0629<\/li>\n<li>\u062c\u0647\u0627\u0632 \u0627\u0644\u0642\u0637\u0639 \u0627\u0644\u0645\u0627\u0626\u0644<\/li>\n<li>\u0642\u064a\u0627\u062f\u0629 \u0639\u0631\u0628\u0629 \u0623\u0648\u062a\u0648\u0645\u0627\u062a\u064a\u0643\u064a\u0629<\/li>\n<li>\u0645\u0646\u0627\u0633\u0628 \u0628\u0634\u0643\u0644 \u062e\u0627\u0635 \u0644\u0645\u0646\u062a\u062c\u0627\u062a \u0627\u0644\u0644\u062d\u0648\u0645<\/li>\n<li>\u0642\u0637\u0631 \u0627\u0644\u0634\u0641\u0631\u0629: 320 \u0645\u0644\u0645<\/li>\n<li>\u0639\u0631\u0636 \u0627\u0644\u0642\u0637\u0639: \u0627\u0644\u062d\u062f \u0627\u0644\u0623\u0642\u0635\u0649 300 \u0645\u0645<\/li>\n<li>\u0633\u0645\u0643 \u0627\u0644\u0642\u0637\u0639: 0 \u2013 18 \u0645\u0644\u0645<\/li>\n<li>\u0627\u0644\u062a\u0648\u0635\u064a\u0644 \u0627\u0644\u0643\u0647\u0631\u0628\u0627\u0626\u064a: 1\/N\/PE 230 \u0641\u0648\u0644\u062a\/50 \u0647\u0631\u062a\u0632<\/li>\n<\/ul>\n<h3>\u0627\u0637\u0644\u0628 \u0627\u0644\u0645\u0632\u064a\u062f \u0645\u0646 \u0627\u0644\u0645\u0639\u0644\u0648\u0645\u0627\u062a<\/h3>\n<p>\u0641\u064a\u00a0<b>\u062a\u0648\u0632\u064a\u0639 \u0627\u0644\u0642\u0648\u0633<\/b>\u00a0\u0646\u0646\u0635\u062d\u0643 \u0628\u062a\u062d\u0633\u064a\u0646 \u0627\u0644\u0645\u0635\u0646\u0639 \u0623\u0648 \u0625\u0646\u0634\u0627\u0621 \u0635\u0646\u0627\u0639\u0629 \u062c\u062f\u064a\u062f\u0629<\/p>","protected":false},"excerpt":{"rendered":"<p>\u0642\u0637\u0627\u0639\u0629 \u0627\u0644\u0644\u062d\u0648\u0645 \u0648\u0627\u0644\u0645\u0623\u0643\u0648\u0644\u0627\u062a \u0627\u0644\u062c\u0627\u0647\u0632\u0629 \u0627\u0644\u0623\u0648\u062a\u0648\u0645\u0627\u062a\u064a\u0643\u064a\u0629 \u0642\u0637\u0627\u0639\u0629 \u0627\u0644\u0644\u062d\u0648\u0645 \u0648\u0627\u0644\u0645\u0623\u0643\u0648\u0644\u0627\u062a \u0627\u0644\u062c\u0627\u0647\u0632\u0629 \u0627\u0644\u0623\u0648\u062a\u0648\u0645\u0627\u062a\u064a\u0643\u064a\u0629 \u0647\u064a \u0627\u0644\u062d\u0644 \u0627\u0644\u0623\u0645\u062b\u0644 \u0644\u0644\u062d\u0635\u0648\u0644 \u0639\u0644\u0649 \u0642\u0637\u0639<\/p>","protected":false},"featured_media":5955,"comment_status":"open","ping_status":"closed","template":"","meta":{"wds_primary_product_brand":0,"wds_primary_product_cat":0},"product_brand":[],"product_cat":[115,116,117],"product_tag":[],"class_list":{"0":"post-5761","1":"product","2":"type-product","3":"status-publish","4":"has-post-thumbnail","6":"product_cat-cortadoras","7":"product_cat-coartadoras-de-carne","8":"product_cat-filetes","9":"product_shipping_class-express","11":"first","12":"instock","13":"taxable","14":"shipping-taxable","15":"purchasable","16":"product-type-simple"},"yoast_head":"<!-- This site is optimized with the Yoast SEO Premium plugin v24.9 (Yoast SEO v26.1) - https:\/\/yoast.com\/wordpress\/plugins\/seo\/ -->\n<title>Cortadora de fiambre autom\u00e1tica - distribuci\u00f3n ARC<\/title>\n<meta name=\"robots\" content=\"index, follow, max-snippet:-1, max-image-preview:large, max-video-preview:-1\" \/>\n<link rel=\"canonical\" href=\"https:\/\/distribucionarc.com\/ar\/\u0645\u0646\u062a\u062c\/\u0622\u0644\u0629-\u062a\u0642\u0637\u064a\u0639-\u0627\u0644\u0644\u062d\u0645-\u0627\u0644\u0623\u0648\u062a\u0648\u0645\u0627\u062a\u064a\u0643\u064a\u0629\/\" \/>\n<meta property=\"og:locale\" content=\"ar_AR\" \/>\n<meta property=\"og:type\" content=\"article\" \/>\n<meta property=\"og:title\" content=\"Cortadora de fiambre autom\u00e1tica\" \/>\n<meta property=\"og:description\" content=\"Cortadora de fiambre y carne autom\u00e1tica Nuestra cortadora de fiambre y carne autom\u00e1tica es la soluci\u00f3n perfecta para obtener cortes\" \/>\n<meta property=\"og:url\" content=\"https:\/\/distribucionarc.com\/ar\/\u0645\u0646\u062a\u062c\/\u0622\u0644\u0629-\u062a\u0642\u0637\u064a\u0639-\u0627\u0644\u0644\u062d\u0645-\u0627\u0644\u0623\u0648\u062a\u0648\u0645\u0627\u062a\u064a\u0643\u064a\u0629\/\" \/>\n<meta property=\"og:site_name\" content=\"distribuci\u00f3n ARC\" \/>\n<meta property=\"article:modified_time\" content=\"2024-10-05T03:04:04+00:00\" \/>\n<meta property=\"og:image\" content=\"https:\/\/distribucionarc.com\/wp-content\/uploads\/2023\/05\/cortadora-fiambre-automatica-imagen-producto.jpg\" \/>\n\t<meta property=\"og:image:width\" content=\"1600\" \/>\n\t<meta property=\"og:image:height\" content=\"1600\" \/>\n\t<meta property=\"og:image:type\" content=\"image\/jpeg\" \/>\n<meta name=\"twitter:card\" content=\"summary_large_image\" \/>\n<meta name=\"twitter:label1\" content=\"\u0648\u0642\u062a \u0627\u0644\u0642\u0631\u0627\u0621\u0629 \u0627\u0644\u0645\u064f\u0642\u062f\u0651\u0631\" \/>\n\t<meta name=\"twitter:data1\" content=\"\u062f\u0642\u064a\u0642\u062a\u0627\u0646\" \/>\n<script type=\"application\/ld+json\" class=\"yoast-schema-graph\">{\"@context\":\"https:\/\/schema.org\",\"@graph\":[{\"@type\":\"WebPage\",\"@id\":\"https:\/\/distribucionarc.com\/sk\/producto\/cortadora-de-fiambre-automatica\/\",\"url\":\"https:\/\/distribucionarc.com\/sk\/producto\/cortadora-de-fiambre-automatica\/\",\"name\":\"Cortadora de fiambre autom\u00e1tica - distribuci\u00f3n ARC\",\"isPartOf\":{\"@id\":\"https:\/\/distribucionarc.com\/ar\/#website\"},\"primaryImageOfPage\":{\"@id\":\"https:\/\/distribucionarc.com\/sk\/producto\/cortadora-de-fiambre-automatica\/#primaryimage\"},\"image\":{\"@id\":\"https:\/\/distribucionarc.com\/sk\/producto\/cortadora-de-fiambre-automatica\/#primaryimage\"},\"thumbnailUrl\":\"https:\/\/distribucionarc.com\/wp-content\/uploads\/2023\/05\/cortadora-fiambre-automatica-imagen-producto.jpg\",\"datePublished\":\"2023-05-12T21:13:08+00:00\",\"dateModified\":\"2024-10-05T03:04:04+00:00\",\"breadcrumb\":{\"@id\":\"https:\/\/distribucionarc.com\/sk\/producto\/cortadora-de-fiambre-automatica\/#breadcrumb\"},\"inLanguage\":\"ar\",\"potentialAction\":[{\"@type\":\"ReadAction\",\"target\":[\"https:\/\/distribucionarc.com\/sk\/producto\/cortadora-de-fiambre-automatica\/\"]}]},{\"@type\":\"ImageObject\",\"inLanguage\":\"ar\",\"@id\":\"https:\/\/distribucionarc.com\/sk\/producto\/cortadora-de-fiambre-automatica\/#primaryimage\",\"url\":\"https:\/\/distribucionarc.com\/wp-content\/uploads\/2023\/05\/cortadora-fiambre-automatica-imagen-producto.jpg\",\"contentUrl\":\"https:\/\/distribucionarc.com\/wp-content\/uploads\/2023\/05\/cortadora-fiambre-automatica-imagen-producto.jpg\",\"width\":1600,\"height\":1600},{\"@type\":\"BreadcrumbList\",\"@id\":\"https:\/\/distribucionarc.com\/sk\/producto\/cortadora-de-fiambre-automatica\/#breadcrumb\",\"itemListElement\":[{\"@type\":\"ListItem\",\"position\":1,\"name\":\"Portada\",\"item\":\"https:\/\/www.distribucionarc.com\/pt\/\"},{\"@type\":\"ListItem\",\"position\":2,\"name\":\"Produtos\",\"item\":\"https:\/\/www.distribucionarc.com\/pt\/shop\/\"},{\"@type\":\"ListItem\",\"position\":3,\"name\":\"Cortadora de fiambre autom\u00e1tica\"}]},{\"@type\":\"WebSite\",\"@id\":\"https:\/\/distribucionarc.com\/ar\/#website\",\"url\":\"https:\/\/distribucionarc.com\/ar\/\",\"name\":\"distribuci\u00f3n ARC\",\"description\":\"Empresa especializada en la fabricaci\u00f3n y distribuci\u00f3n de maquinaria industrial, selladoras de latas, Maquinas de hacer pastillas, Maquinas de cortar carne...\",\"publisher\":{\"@id\":\"https:\/\/distribucionarc.com\/ar\/#organization\"},\"potentialAction\":[{\"@type\":\"SearchAction\",\"target\":{\"@type\":\"EntryPoint\",\"urlTemplate\":\"https:\/\/distribucionarc.com\/ar\/?s={search_term_string}\"},\"query-input\":{\"@type\":\"PropertyValueSpecification\",\"valueRequired\":true,\"valueName\":\"search_term_string\"}}],\"inLanguage\":\"ar\"},{\"@type\":\"Organization\",\"@id\":\"https:\/\/distribucionarc.com\/ar\/#organization\",\"name\":\"Distribuci\u00f3n ARC\",\"url\":\"https:\/\/distribucionarc.com\/ar\/\",\"logo\":{\"@type\":\"ImageObject\",\"inLanguage\":\"ar\",\"@id\":\"https:\/\/distribucionarc.com\/ar\/#\/schema\/logo\/image\/\",\"url\":\"https:\/\/distribucionarc.com\/wp-content\/uploads\/2024\/10\/distribucion-ARC-COLOR-SIN-FONDO-e1732295305345.png\",\"contentUrl\":\"https:\/\/distribucionarc.com\/wp-content\/uploads\/2024\/10\/distribucion-ARC-COLOR-SIN-FONDO-e1732295305345.png\",\"width\":1164,\"height\":558,\"caption\":\"Distribuci\u00f3n ARC\"},\"image\":{\"@id\":\"https:\/\/distribucionarc.com\/ar\/#\/schema\/logo\/image\/\"},\"description\":\"Empresa especializada en la fabricaci\u00f3n y distribuci\u00f3n de maquinaria industrial para los sectores alimentario y farmac\u00e9utico. Nos especializamos en: M\u00e1quinas de cortar carne Fabricaci\u00f3n de comprimidos Sistemas de transporte industrial L\u00edneas de embotellado Dosificadores Y mucho m\u00e1s... Ofrecemos soluciones innovadoras y personalizadas para optimizar los procesos productivos de tu empresa.\",\"email\":\"Admistracion@distribucionarc.com\",\"telephone\":\"+34 643496664\",\"legalName\":\"ARC TECH SOLUTIONS\",\"foundingDate\":\"2024-04-09\",\"vatID\":\"B55480172\",\"numberOfEmployees\":{\"@type\":\"QuantitativeValue\",\"minValue\":\"1\",\"maxValue\":\"10\"}}]}<\/script>\n<!-- \/ Yoast SEO Premium plugin. -->","yoast_head_json":{"title":"\u0642\u0637\u0627\u0639\u0629 \u0627\u0644\u0644\u062d\u0648\u0645 \u0627\u0644\u0623\u0648\u062a\u0648\u0645\u0627\u062a\u064a\u0643\u064a\u0629 - \u062a\u0648\u0632\u064a\u0639 ARC","robots":{"index":"index","follow":"follow","max-snippet":"max-snippet:-1","max-image-preview":"max-image-preview:large","max-video-preview":"max-video-preview:-1"},"canonical":"https:\/\/distribucionarc.com\/ar\/\u0645\u0646\u062a\u062c\/\u0622\u0644\u0629-\u062a\u0642\u0637\u064a\u0639-\u0627\u0644\u0644\u062d\u0645-\u0627\u0644\u0623\u0648\u062a\u0648\u0645\u0627\u062a\u064a\u0643\u064a\u0629\/","og_locale":"ar_AR","og_type":"article","og_title":"Cortadora de fiambre autom\u00e1tica","og_description":"Cortadora de fiambre y carne autom\u00e1tica Nuestra cortadora de fiambre y carne autom\u00e1tica es la soluci\u00f3n perfecta para obtener cortes","og_url":"https:\/\/distribucionarc.com\/ar\/\u0645\u0646\u062a\u062c\/\u0622\u0644\u0629-\u062a\u0642\u0637\u064a\u0639-\u0627\u0644\u0644\u062d\u0645-\u0627\u0644\u0623\u0648\u062a\u0648\u0645\u0627\u062a\u064a\u0643\u064a\u0629\/","og_site_name":"distribuci\u00f3n ARC","article_modified_time":"2024-10-05T03:04:04+00:00","og_image":[{"width":1600,"height":1600,"url":"https:\/\/distribucionarc.com\/wp-content\/uploads\/2023\/05\/cortadora-fiambre-automatica-imagen-producto.jpg","type":"image\/jpeg"}],"twitter_card":"summary_large_image","twitter_misc":{"\u0648\u0642\u062a \u0627\u0644\u0642\u0631\u0627\u0621\u0629 \u0627\u0644\u0645\u064f\u0642\u062f\u0651\u0631":"\u062f\u0642\u064a\u0642\u062a\u0627\u0646"},"schema":{"@context":"https:\/\/schema.org","@graph":[{"@type":"WebPage","@id":"https:\/\/distribucionarc.com\/sk\/producto\/cortadora-de-fiambre-automatica\/","url":"https:\/\/distribucionarc.com\/sk\/producto\/cortadora-de-fiambre-automatica\/","name":"\u0642\u0637\u0627\u0639\u0629 \u0627\u0644\u0644\u062d\u0648\u0645 \u0627\u0644\u0623\u0648\u062a\u0648\u0645\u0627\u062a\u064a\u0643\u064a\u0629 - \u062a\u0648\u0632\u064a\u0639 ARC","isPartOf":{"@id":"https:\/\/distribucionarc.com\/ar\/#website"},"primaryImageOfPage":{"@id":"https:\/\/distribucionarc.com\/sk\/producto\/cortadora-de-fiambre-automatica\/#primaryimage"},"image":{"@id":"https:\/\/distribucionarc.com\/sk\/producto\/cortadora-de-fiambre-automatica\/#primaryimage"},"thumbnailUrl":"https:\/\/distribucionarc.com\/wp-content\/uploads\/2023\/05\/cortadora-fiambre-automatica-imagen-producto.jpg","datePublished":"2023-05-12T21:13:08+00:00","dateModified":"2024-10-05T03:04:04+00:00","breadcrumb":{"@id":"https:\/\/distribucionarc.com\/sk\/producto\/cortadora-de-fiambre-automatica\/#breadcrumb"},"inLanguage":"ar","potentialAction":[{"@type":"ReadAction","target":["https:\/\/distribucionarc.com\/sk\/producto\/cortadora-de-fiambre-automatica\/"]}]},{"@type":"ImageObject","inLanguage":"ar","@id":"https:\/\/distribucionarc.com\/sk\/producto\/cortadora-de-fiambre-automatica\/#primaryimage","url":"https:\/\/distribucionarc.com\/wp-content\/uploads\/2023\/05\/cortadora-fiambre-automatica-imagen-producto.jpg","contentUrl":"https:\/\/distribucionarc.com\/wp-content\/uploads\/2023\/05\/cortadora-fiambre-automatica-imagen-producto.jpg","width":1600,"height":1600},{"@type":"BreadcrumbList","@id":"https:\/\/distribucionarc.com\/sk\/producto\/cortadora-de-fiambre-automatica\/#breadcrumb","itemListElement":[{"@type":"ListItem","position":1,"name":"Portada","item":"https:\/\/www.distribucionarc.com\/pt\/"},{"@type":"ListItem","position":2,"name":"Produtos","item":"https:\/\/www.distribucionarc.com\/pt\/shop\/"},{"@type":"ListItem","position":3,"name":"Cortadora de fiambre autom\u00e1tica"}]},{"@type":"WebSite","@id":"https:\/\/distribucionarc.com\/ar\/#website","url":"https:\/\/distribucionarc.com\/ar\/","name":"\u062a\u0648\u0632\u064a\u0639 \u0627\u0644\u0642\u0648\u0633","description":"\u0634\u0631\u0643\u0629 \u0645\u062a\u062e\u0635\u0635\u0629 \u0641\u064a \u062a\u0635\u0646\u064a\u0639 \u0648\u062a\u0648\u0632\u064a\u0639 \u0627\u0644\u0622\u0644\u0627\u062a \u0627\u0644\u0635\u0646\u0627\u0639\u064a\u0629\u060c \u0648\u0645\u0627\u0643\u064a\u0646\u0627\u062a \u062e\u062a\u0645 \u0627\u0644\u0639\u0644\u0628\u060c \u0648\u0645\u0627\u0643\u064a\u0646\u0627\u062a \u0635\u0646\u0639 \u0627\u0644\u0623\u0642\u0631\u0627\u0635\u060c \u0648\u0645\u0627\u0643\u064a\u0646\u0627\u062a \u062a\u0642\u0637\u064a\u0639 \u0627\u0644\u0644\u062d\u0648\u0645...","publisher":{"@id":"https:\/\/distribucionarc.com\/ar\/#organization"},"potentialAction":[{"@type":"SearchAction","target":{"@type":"EntryPoint","urlTemplate":"https:\/\/distribucionarc.com\/ar\/?s={search_term_string}"},"query-input":{"@type":"PropertyValueSpecification","valueRequired":true,"valueName":"search_term_string"}}],"inLanguage":"ar"},{"@type":"Organization","@id":"https:\/\/distribucionarc.com\/ar\/#organization","name":"\u062a\u0648\u0632\u064a\u0639 \u0622\u0631\u0643","url":"https:\/\/distribucionarc.com\/ar\/","logo":{"@type":"ImageObject","inLanguage":"ar","@id":"https:\/\/distribucionarc.com\/ar\/#\/schema\/logo\/image\/","url":"https:\/\/distribucionarc.com\/wp-content\/uploads\/2024\/10\/distribucion-ARC-COLOR-SIN-FONDO-e1732295305345.png","contentUrl":"https:\/\/distribucionarc.com\/wp-content\/uploads\/2024\/10\/distribucion-ARC-COLOR-SIN-FONDO-e1732295305345.png","width":1164,"height":558,"caption":"Distribuci\u00f3n ARC"},"image":{"@id":"https:\/\/distribucionarc.com\/ar\/#\/schema\/logo\/image\/"},"description":"\u0634\u0631\u0643\u0629 \u0645\u062a\u062e\u0635\u0635\u0629 \u0641\u064a \u062a\u0635\u0646\u064a\u0639 \u0648\u062a\u0648\u0632\u064a\u0639 \u0627\u0644\u0622\u0644\u0627\u062a \u0627\u0644\u0635\u0646\u0627\u0639\u064a\u0629 \u0644\u0642\u0637\u0627\u0639\u064a \u0627\u0644\u0623\u063a\u0630\u064a\u0629 \u0648\u0627\u0644\u0623\u062f\u0648\u064a\u0629. \u0646\u062d\u0646 \u0645\u062a\u062e\u0635\u0635\u0648\u0646 \u0641\u064a: \u0645\u0627\u0643\u064a\u0646\u0627\u062a \u062a\u0642\u0637\u064a\u0639 \u0627\u0644\u0644\u062d\u0648\u0645 \u062a\u0635\u0646\u064a\u0639 \u0627\u0644\u0623\u0642\u0631\u0627\u0635 \u0623\u0646\u0638\u0645\u0629 \u0627\u0644\u0646\u0642\u0644 \u0627\u0644\u0635\u0646\u0627\u0639\u064a\u0629 \u062e\u0637\u0648\u0637 \u0627\u0644\u062a\u0639\u0628\u0626\u0629 \u0648\u0627\u0644\u062a\u063a\u0644\u064a\u0641 \u0627\u0644\u0645\u0648\u0632\u0639\u0627\u062a \u0648\u0623\u0643\u062b\u0631 \u0645\u0646 \u0630\u0644\u0643 \u0628\u0643\u062b\u064a\u0631... \u0646\u062d\u0646 \u0646\u0642\u062f\u0645 \u062d\u0644\u0648\u0644\u0627\u064b \u0645\u0628\u062a\u0643\u0631\u0629 \u0648\u0645\u062e\u0635\u0635\u0629 \u0644\u062a\u062d\u0633\u064a\u0646 \u0639\u0645\u0644\u064a\u0627\u062a \u0627\u0644\u0625\u0646\u062a\u0627\u062c \u0641\u064a \u0634\u0631\u0643\u062a\u0643.","email":"Admistracion@distribucionarc.com","telephone":"+34 643496664","legalName":"ARC TECH SOLUTIONS","foundingDate":"2024-04-09","vatID":"B55480172","numberOfEmployees":{"@type":"QuantitativeValue","minValue":"1","maxValue":"10"}}]}},"_links":{"self":[{"href":"https:\/\/distribucionarc.com\/ar\/wp-json\/wp\/v2\/product\/5761","targetHints":{"allow":["GET"]}}],"collection":[{"href":"https:\/\/distribucionarc.com\/ar\/wp-json\/wp\/v2\/product"}],"about":[{"href":"https:\/\/distribucionarc.com\/ar\/wp-json\/wp\/v2\/types\/product"}],"replies":[{"embeddable":true,"href":"https:\/\/distribucionarc.com\/ar\/wp-json\/wp\/v2\/comments?post=5761"}],"version-history":[{"count":0,"href":"https:\/\/distribucionarc.com\/ar\/wp-json\/wp\/v2\/product\/5761\/revisions"}],"wp:featuredmedia":[{"embeddable":true,"href":"https:\/\/distribucionarc.com\/ar\/wp-json\/wp\/v2\/media\/5955"}],"wp:attachment":[{"href":"https:\/\/distribucionarc.com\/ar\/wp-json\/wp\/v2\/media?parent=5761"}],"wp:term":[{"taxonomy":"product_brand","embeddable":true,"href":"https:\/\/distribucionarc.com\/ar\/wp-json\/wp\/v2\/product_brand?post=5761"},{"taxonomy":"product_cat","embeddable":true,"href":"https:\/\/distribucionarc.com\/ar\/wp-json\/wp\/v2\/product_cat?post=5761"},{"taxonomy":"product_tag","embeddable":true,"href":"https:\/\/distribucionarc.com\/ar\/wp-json\/wp\/v2\/product_tag?post=5761"}],"curies":[{"name":"wp","href":"https:\/\/api.w.org\/{rel}","templated":true}]}}