{"id":6641,"date":"2024-04-24T16:45:56","date_gmt":"2024-04-24T16:45:56","guid":{"rendered":"https:\/\/distribucionarc.com\/?post_type=product&#038;p=6641"},"modified":"2024-04-24T16:45:58","modified_gmt":"2024-04-24T16:45:58","slug":"%d9%82%d8%b1%d8%b5-%d8%af%d9%88%d8%a7%d8%b1-%d9%85%d8%b2%d8%af%d9%88%d8%ac-%d8%a7%d9%84%d8%b6%d8%ba%d8%b7-%d9%84%d9%84%d9%85%d9%83%d9%85%d9%84%d8%a7%d8%aa-%d8%a7%d9%84%d8%ba%d8%b0%d8%a7%d8%a6%d9%8a","status":"publish","type":"product","link":"https:\/\/distribucionarc.com\/ar\/producto\/maquina-de-tabletas-rotativa-de-doble-prensa-para-complementos-dieteticos\/","title":{"rendered":"\u0622\u0644\u0629 \u0627\u0644\u0623\u0642\u0631\u0627\u0635 \u0627\u0644\u062f\u0648\u0627\u0631\u0629 \u0630\u0627\u062a \u0627\u0644\u0636\u063a\u0637 \u0627\u0644\u0645\u0632\u062f\u0648\u062c \u0644\u0644\u0645\u0643\u0645\u0644\u0627\u062a \u0627\u0644\u063a\u0630\u0627\u0626\u064a\u0629"},"content":{"rendered":"<p>\u0627\u0643\u062a\u0634\u0641 \u0644\u062f\u064a\u0646\u0627<strong> \u0622\u0644\u0629 \u0642\u0631\u0635 \u062f\u0648\u0627\u0631\u0629 \u0645\u0632\u062f\u0648\u062c\u0629 \u0627\u0644\u0636\u063a\u0637 \u0644\u0644\u0645\u0643\u0645\u0644\u0627\u062a \u0627\u0644\u063a\u0630\u0627\u0626\u064a\u0629<\/strong>! \u064a\u062d\u0648\u0644 \u0627\u0644\u0645\u0633\u062d\u0648\u0642 \u0648\u0627\u0644\u062d\u0628\u064a\u0628\u0627\u062a \u0648\u0627\u0644\u062d\u0628\u0648\u0628 \u0625\u0644\u0649<strong> \u0623\u0642\u0631\u0627\u0635 \u0627\u0644\u0645\u0643\u0645\u0644\u0627\u062a \u0627\u0644\u063a\u0630\u0627\u0626\u064a\u0629<\/strong> \u0628\u062c\u0648\u062f\u0629 \u0639\u0627\u0644\u064a\u0629 \u0648\u0628\u0623\u0634\u0643\u0627\u0644 \u0645\u062a\u0646\u0648\u0639\u0629. \u0622\u0645\u0646\u0629 \u0648\u0635\u062d\u064a\u0629 \u0628\u0641\u0636\u0644 \u062a\u0635\u0645\u064a\u0645\u0647\u0627 \u0627\u0644\u0645\u063a\u0644\u0642 \u0648\u0627\u0644\u063a\u0637\u0627\u0621 \u0627\u0644\u0648\u0627\u0642\u064a \u0627\u0644\u0634\u0641\u0627\u0641. \u062a\u062d\u0643\u0645 PLC \u0644\u0644\u062a\u0634\u063a\u064a\u0644 \u0627\u0644\u062f\u0642\u064a\u0642. \u0632\u064a\u0627\u062f\u0629 \u0627\u0644\u0625\u0646\u062a\u0627\u062c \u0648\u062a\u062d\u0633\u064a\u0646 \u0627\u0644\u062c\u0648\u062f\u0629 \u0627\u0644\u062e\u0627\u0635\u0629 \u0628\u0643<strong> \u0627\u0644\u0645\u0643\u0645\u0644\u0627\u062a \u0627\u0644\u063a\u0630\u0627\u0626\u064a\u0629<\/strong>. \u062a\u062d\u0633\u064a\u0646 \u0639\u0645\u0644\u064a\u0629 \u0627\u0644\u0625\u0646\u062a\u0627\u062c \u0627\u0644\u062e\u0627\u0635\u0629 \u0628\u0643 \u0645\u0639\u0646\u0627!<\/p>\n<p>&nbsp;<\/p>\n<table>\n<tbody>\n<tr>\n<td width=\"189\">\u0646\u0645\u0648\u0630\u062c<\/td>\n<td width=\"189\">\u0632\u0627\u0631\u0628\u0648-21\u062f<\/td>\n<td width=\"189\">\u0632\u0627\u0631\u0628\u0648-19\u062f<\/td>\n<\/tr>\n<tr>\n<td width=\"189\">\u064a\u0645\u0648\u062a \u0627\u0644\u0644\u0643\u0645<\/td>\n<td width=\"189\">21<\/td>\n<td width=\"189\">19<\/td>\n<\/tr>\n<tr>\n<td width=\"189\">\u0623\u0642\u0635\u0649 \u0636\u063a\u0637 (\u0643\u0646)<\/td>\n<td width=\"189\">100<\/td>\n<td width=\"189\">100<\/td>\n<\/tr>\n<tr>\n<td width=\"189\">\u0623\u0642\u0635\u0649 \u0642\u0637\u0631 \u0644\u0644\u0642\u0631\u0635 (\u0645\u0645)<\/td>\n<td width=\"189\">40<\/td>\n<td width=\"189\">40<\/td>\n<\/tr>\n<tr>\n<td width=\"189\">\u0623\u0642\u0635\u0649 \u0639\u0645\u0642 \u0644\u0644\u0645\u0644\u0621 (\u0645\u0645)<\/td>\n<td width=\"189\">25<\/td>\n<td width=\"189\">30<\/td>\n<\/tr>\n<tr>\n<td width=\"189\">\u0623\u0642\u0635\u0649 \u0633\u0645\u0643 \u0644\u0644\u0642\u0631\u0635 (\u0645\u0645)<\/td>\n<td width=\"189\">12<\/td>\n<td width=\"189\">15<\/td>\n<\/tr>\n<tr>\n<td width=\"189\">\u0633\u0631\u0639\u0629 \u0627\u0644\u0628\u0631\u062c (\u0635 \/ \u062f\u0642\u064a\u0642\u0629)<\/td>\n<td width=\"189\">0-30<\/td>\n<td width=\"189\">0-30<\/td>\n<\/tr>\n<tr>\n<td width=\"189\">\u0627\u0644\u0642\u062f\u0631\u0629 \u0627\u0644\u0625\u0646\u062a\u0627\u062c\u064a\u0629 (\u0642\u0637\u0639\u0629\/\u0633\u0627\u0639\u0629)<\/td>\n<td width=\"189\">25500<\/td>\n<td width=\"189\">20500<\/td>\n<\/tr>\n<tr>\n<td width=\"189\">\u0642\u0648\u0629 \u0627\u0644\u0645\u062d\u0631\u0643<\/td>\n<td width=\"189\">5.5<\/td>\n<td width=\"189\">5.5<\/td>\n<\/tr>\n<tr>\n<td width=\"189\">\u0627\u0644\u062d\u062c\u0645 \u0627\u0644\u0643\u0644\u064a (\u0645\u0645)<\/td>\n<td width=\"189\">1500*<\/p>\n<p>1300*<\/p>\n<p>1650*<\/td>\n<td width=\"189\">1230*<\/p>\n<p>950*<\/p>\n<p>1900*<\/td>\n<\/tr>\n<tr>\n<td width=\"189\">\u0627\u0644\u0648\u0632\u0646 \u0627\u0644\u0635\u0627\u0641\u064a \u0643\u062c\u0645<\/td>\n<td width=\"189\">1850<\/td>\n<td width=\"189\">2500<\/td>\n<\/tr>\n<\/tbody>\n<\/table>","protected":false},"excerpt":{"rendered":"<p>\u0627\u0643\u062a\u0634\u0641 \u0622\u0644\u0629 \u0627\u0644\u0623\u0642\u0631\u0627\u0635 \u0627\u0644\u062f\u0648\u0627\u0631\u0629 \u0630\u0627\u062a \u0627\u0644\u0636\u063a\u0637 \u0627\u0644\u0645\u0632\u062f\u0648\u062c \u0627\u0644\u062e\u0627\u0635\u0629 \u0628\u0646\u0627 \u0644\u0644\u0645\u0643\u0645\u0644\u0627\u062a \u0627\u0644\u063a\u0630\u0627\u0626\u064a\u0629! \u064a\u062d\u0648\u0644 \u0627\u0644\u0645\u0633\u062d\u0648\u0642 \u0648\u0627\u0644\u062d\u0628\u064a\u0628\u0627\u062a \u0648\u0627\u0644\u062d\u0628\u0648\u0628 \u0625\u0644\u0649 \u0623\u0642\u0631\u0627\u0635<\/p>","protected":false},"featured_media":6644,"comment_status":"open","ping_status":"closed","template":"","meta":{"wds_primary_product_brand":0,"wds_primary_product_cat":0},"product_brand":[],"product_cat":[84],"product_tag":[],"class_list":{"0":"post-6641","1":"product","2":"type-product","3":"status-publish","4":"has-post-thumbnail","6":"product_cat-maquinas-para-hacer-pastillas","8":"first","9":"instock","10":"taxable","11":"shipping-taxable","12":"purchasable","13":"product-type-simple"},"yoast_head":"<!-- This site is optimized with the Yoast SEO Premium plugin v24.9 (Yoast SEO v26.1) - https:\/\/yoast.com\/wordpress\/plugins\/seo\/ -->\n<title>MAQUINA DE TABLETAS ROTATIVA DE DOBLE PRENSA PARA COMPLEMENTOS DIETETICOS - distribuci\u00f3n ARC<\/title>\n<meta name=\"robots\" content=\"index, follow, max-snippet:-1, max-image-preview:large, max-video-preview:-1\" \/>\n<link rel=\"canonical\" href=\"https:\/\/www.distribucionarc.com\/sl\/producto\/maquina-de-tabletas-rotativa-de-doble-prensa-para-complementos-dieteticos\/\" \/>\n<meta property=\"og:locale\" content=\"ar_AR\" \/>\n<meta property=\"og:type\" content=\"article\" \/>\n<meta property=\"og:title\" content=\"MAQUINA DE TABLETAS ROTATIVA DE DOBLE PRENSA PARA COMPLEMENTOS DIETETICOS\" \/>\n<meta property=\"og:description\" content=\"\u00a1Descubre nuestra m\u00e1quina de tabletas rotativa de doble prensa para complementos diet\u00e9ticos! Convierte polvo, gr\u00e1nulos y granos en tabletas de\" \/>\n<meta property=\"og:url\" content=\"https:\/\/www.distribucionarc.com\/sl\/producto\/maquina-de-tabletas-rotativa-de-doble-prensa-para-complementos-dieteticos\/\" \/>\n<meta property=\"og:site_name\" content=\"distribuci\u00f3n ARC\" \/>\n<meta property=\"article:modified_time\" content=\"2024-04-24T16:45:58+00:00\" \/>\n<meta property=\"og:image\" content=\"https:\/\/www.distribucionarc.com\/wp-content\/uploads\/2024\/04\/MAQUINA-DE-TABLETAS-ROTATIVA-DE-DOBLE-PRENSA-PARA-COMPLEMENTOS-DIETETICOS-fotor-20240424184144.jpg\" \/>\n\t<meta property=\"og:image:width\" content=\"688\" \/>\n\t<meta property=\"og:image:height\" content=\"944\" \/>\n\t<meta property=\"og:image:type\" content=\"image\/jpeg\" \/>\n<meta name=\"twitter:card\" content=\"summary_large_image\" \/>\n<meta name=\"twitter:label1\" content=\"\u0648\u0642\u062a \u0627\u0644\u0642\u0631\u0627\u0621\u0629 \u0627\u0644\u0645\u064f\u0642\u062f\u0651\u0631\" \/>\n\t<meta name=\"twitter:data1\" content=\"\u062f\u0642\u064a\u0642\u0629 \u0648\u0627\u062d\u062f\u0629\" \/>\n<script type=\"application\/ld+json\" class=\"yoast-schema-graph\">{\"@context\":\"https:\/\/schema.org\",\"@graph\":[{\"@type\":\"WebPage\",\"@id\":\"https:\/\/www.distribucionarc.com\/sl\/producto\/maquina-de-tabletas-rotativa-de-doble-prensa-para-complementos-dieteticos\/\",\"url\":\"https:\/\/www.distribucionarc.com\/sl\/producto\/maquina-de-tabletas-rotativa-de-doble-prensa-para-complementos-dieteticos\/\",\"name\":\"MAQUINA DE TABLETAS ROTATIVA DE DOBLE PRENSA PARA COMPLEMENTOS DIETETICOS - distribuci\u00f3n ARC\",\"isPartOf\":{\"@id\":\"https:\/\/www.distribucionarc.com\/sl\/#website\"},\"primaryImageOfPage\":{\"@id\":\"https:\/\/www.distribucionarc.com\/sl\/producto\/maquina-de-tabletas-rotativa-de-doble-prensa-para-complementos-dieteticos\/#primaryimage\"},\"image\":{\"@id\":\"https:\/\/www.distribucionarc.com\/sl\/producto\/maquina-de-tabletas-rotativa-de-doble-prensa-para-complementos-dieteticos\/#primaryimage\"},\"thumbnailUrl\":\"https:\/\/distribucionarc.com\/wp-content\/uploads\/2024\/04\/MAQUINA-DE-TABLETAS-ROTATIVA-DE-DOBLE-PRENSA-PARA-COMPLEMENTOS-DIETETICOS-fotor-20240424184144.jpg\",\"datePublished\":\"2024-04-24T16:45:56+00:00\",\"dateModified\":\"2024-04-24T16:45:58+00:00\",\"breadcrumb\":{\"@id\":\"https:\/\/www.distribucionarc.com\/sl\/producto\/maquina-de-tabletas-rotativa-de-doble-prensa-para-complementos-dieteticos\/#breadcrumb\"},\"inLanguage\":\"ar\",\"potentialAction\":[{\"@type\":\"ReadAction\",\"target\":[\"https:\/\/www.distribucionarc.com\/sl\/producto\/maquina-de-tabletas-rotativa-de-doble-prensa-para-complementos-dieteticos\/\"]}]},{\"@type\":\"ImageObject\",\"inLanguage\":\"ar\",\"@id\":\"https:\/\/www.distribucionarc.com\/sl\/producto\/maquina-de-tabletas-rotativa-de-doble-prensa-para-complementos-dieteticos\/#primaryimage\",\"url\":\"https:\/\/distribucionarc.com\/wp-content\/uploads\/2024\/04\/MAQUINA-DE-TABLETAS-ROTATIVA-DE-DOBLE-PRENSA-PARA-COMPLEMENTOS-DIETETICOS-fotor-20240424184144.jpg\",\"contentUrl\":\"https:\/\/distribucionarc.com\/wp-content\/uploads\/2024\/04\/MAQUINA-DE-TABLETAS-ROTATIVA-DE-DOBLE-PRENSA-PARA-COMPLEMENTOS-DIETETICOS-fotor-20240424184144.jpg\",\"width\":688,\"height\":944,\"caption\":\"#image_title\"},{\"@type\":\"BreadcrumbList\",\"@id\":\"https:\/\/www.distribucionarc.com\/sl\/producto\/maquina-de-tabletas-rotativa-de-doble-prensa-para-complementos-dieteticos\/#breadcrumb\",\"itemListElement\":[{\"@type\":\"ListItem\",\"position\":1,\"name\":\"Portada\",\"item\":\"https:\/\/www.distribucionarc.com\/\"},{\"@type\":\"ListItem\",\"position\":2,\"name\":\"\u00dcr\u00fcnler\",\"item\":\"https:\/\/www.distribucionarc.com\/tr\/magaza\/\"},{\"@type\":\"ListItem\",\"position\":3,\"name\":\"MAQUINA DE TABLETAS ROTATIVA DE DOBLE PRENSA PARA COMPLEMENTOS DIETETICOS\"}]},{\"@type\":\"WebSite\",\"@id\":\"https:\/\/www.distribucionarc.com\/sl\/#website\",\"url\":\"https:\/\/www.distribucionarc.com\/sl\/\",\"name\":\"distribuci\u00f3n ARC\",\"description\":\"Empresa especializada en la fabricaci\u00f3n y distribuci\u00f3n de maquinaria industrial, selladoras de latas, Maquinas de hacer pastillas, Maquinas de cortar carne...\",\"publisher\":{\"@id\":\"https:\/\/www.distribucionarc.com\/sl\/#organization\"},\"potentialAction\":[{\"@type\":\"SearchAction\",\"target\":{\"@type\":\"EntryPoint\",\"urlTemplate\":\"https:\/\/www.distribucionarc.com\/sl\/?s={search_term_string}\"},\"query-input\":{\"@type\":\"PropertyValueSpecification\",\"valueRequired\":true,\"valueName\":\"search_term_string\"}}],\"inLanguage\":\"ar\"},{\"@type\":\"Organization\",\"@id\":\"https:\/\/www.distribucionarc.com\/sl\/#organization\",\"name\":\"Distribuci\u00f3n ARC\",\"url\":\"https:\/\/www.distribucionarc.com\/sl\/\",\"logo\":{\"@type\":\"ImageObject\",\"inLanguage\":\"ar\",\"@id\":\"https:\/\/www.distribucionarc.com\/sl\/#\/schema\/logo\/image\/\",\"url\":\"https:\/\/distribucionarc.com\/wp-content\/uploads\/2024\/10\/distribucion-ARC-COLOR-SIN-FONDO-e1732295305345.png\",\"contentUrl\":\"https:\/\/distribucionarc.com\/wp-content\/uploads\/2024\/10\/distribucion-ARC-COLOR-SIN-FONDO-e1732295305345.png\",\"width\":1164,\"height\":558,\"caption\":\"Distribuci\u00f3n ARC\"},\"image\":{\"@id\":\"https:\/\/www.distribucionarc.com\/sl\/#\/schema\/logo\/image\/\"},\"description\":\"Empresa especializada en la fabricaci\u00f3n y distribuci\u00f3n de maquinaria industrial para los sectores alimentario y farmac\u00e9utico. Nos especializamos en: M\u00e1quinas de cortar carne Fabricaci\u00f3n de comprimidos Sistemas de transporte industrial L\u00edneas de embotellado Dosificadores Y mucho m\u00e1s... Ofrecemos soluciones innovadoras y personalizadas para optimizar los procesos productivos de tu empresa.\",\"email\":\"Admistracion@distribucionarc.com\",\"telephone\":\"+34 643496664\",\"legalName\":\"ARC TECH SOLUTIONS\",\"foundingDate\":\"2024-04-09\",\"vatID\":\"B55480172\",\"numberOfEmployees\":{\"@type\":\"QuantitativeValue\",\"minValue\":\"1\",\"maxValue\":\"10\"}}]}<\/script>\n<!-- \/ Yoast SEO Premium plugin. -->","yoast_head_json":{"title":"\u0622\u0644\u0629 \u0627\u0644\u0623\u0642\u0631\u0627\u0635 \u0627\u0644\u062f\u0648\u0627\u0631\u0629 \u0630\u0627\u062a \u0627\u0644\u0636\u063a\u0637 \u0627\u0644\u0645\u0632\u062f\u0648\u062c \u0644\u0644\u0645\u0643\u0645\u0644\u0627\u062a \u0627\u0644\u063a\u0630\u0627\u0626\u064a\u0629 - \u062a\u0648\u0632\u064a\u0639 ARC","robots":{"index":"index","follow":"follow","max-snippet":"max-snippet:-1","max-image-preview":"max-image-preview:large","max-video-preview":"max-video-preview:-1"},"canonical":"https:\/\/www.distribucionarc.com\/sl\/producto\/maquina-de-tabletas-rotativa-de-doble-prensa-para-complementos-dieteticos\/","og_locale":"ar_AR","og_type":"article","og_title":"MAQUINA DE TABLETAS ROTATIVA DE DOBLE PRENSA PARA COMPLEMENTOS DIETETICOS","og_description":"\u00a1Descubre nuestra m\u00e1quina de tabletas rotativa de doble prensa para complementos diet\u00e9ticos! Convierte polvo, gr\u00e1nulos y granos en tabletas de","og_url":"https:\/\/www.distribucionarc.com\/sl\/producto\/maquina-de-tabletas-rotativa-de-doble-prensa-para-complementos-dieteticos\/","og_site_name":"distribuci\u00f3n ARC","article_modified_time":"2024-04-24T16:45:58+00:00","og_image":[{"width":688,"height":944,"url":"https:\/\/www.distribucionarc.com\/wp-content\/uploads\/2024\/04\/MAQUINA-DE-TABLETAS-ROTATIVA-DE-DOBLE-PRENSA-PARA-COMPLEMENTOS-DIETETICOS-fotor-20240424184144.jpg","type":"image\/jpeg"}],"twitter_card":"summary_large_image","twitter_misc":{"\u0648\u0642\u062a \u0627\u0644\u0642\u0631\u0627\u0621\u0629 \u0627\u0644\u0645\u064f\u0642\u062f\u0651\u0631":"\u062f\u0642\u064a\u0642\u0629 \u0648\u0627\u062d\u062f\u0629"},"schema":{"@context":"https:\/\/schema.org","@graph":[{"@type":"WebPage","@id":"https:\/\/www.distribucionarc.com\/sl\/producto\/maquina-de-tabletas-rotativa-de-doble-prensa-para-complementos-dieteticos\/","url":"https:\/\/www.distribucionarc.com\/sl\/producto\/maquina-de-tabletas-rotativa-de-doble-prensa-para-complementos-dieteticos\/","name":"\u0622\u0644\u0629 \u0627\u0644\u0623\u0642\u0631\u0627\u0635 \u0627\u0644\u062f\u0648\u0627\u0631\u0629 \u0630\u0627\u062a \u0627\u0644\u0636\u063a\u0637 \u0627\u0644\u0645\u0632\u062f\u0648\u062c \u0644\u0644\u0645\u0643\u0645\u0644\u0627\u062a \u0627\u0644\u063a\u0630\u0627\u0626\u064a\u0629 - \u062a\u0648\u0632\u064a\u0639 ARC","isPartOf":{"@id":"https:\/\/www.distribucionarc.com\/sl\/#website"},"primaryImageOfPage":{"@id":"https:\/\/www.distribucionarc.com\/sl\/producto\/maquina-de-tabletas-rotativa-de-doble-prensa-para-complementos-dieteticos\/#primaryimage"},"image":{"@id":"https:\/\/www.distribucionarc.com\/sl\/producto\/maquina-de-tabletas-rotativa-de-doble-prensa-para-complementos-dieteticos\/#primaryimage"},"thumbnailUrl":"https:\/\/distribucionarc.com\/wp-content\/uploads\/2024\/04\/MAQUINA-DE-TABLETAS-ROTATIVA-DE-DOBLE-PRENSA-PARA-COMPLEMENTOS-DIETETICOS-fotor-20240424184144.jpg","datePublished":"2024-04-24T16:45:56+00:00","dateModified":"2024-04-24T16:45:58+00:00","breadcrumb":{"@id":"https:\/\/www.distribucionarc.com\/sl\/producto\/maquina-de-tabletas-rotativa-de-doble-prensa-para-complementos-dieteticos\/#breadcrumb"},"inLanguage":"ar","potentialAction":[{"@type":"ReadAction","target":["https:\/\/www.distribucionarc.com\/sl\/producto\/maquina-de-tabletas-rotativa-de-doble-prensa-para-complementos-dieteticos\/"]}]},{"@type":"ImageObject","inLanguage":"ar","@id":"https:\/\/www.distribucionarc.com\/sl\/producto\/maquina-de-tabletas-rotativa-de-doble-prensa-para-complementos-dieteticos\/#primaryimage","url":"https:\/\/distribucionarc.com\/wp-content\/uploads\/2024\/04\/MAQUINA-DE-TABLETAS-ROTATIVA-DE-DOBLE-PRENSA-PARA-COMPLEMENTOS-DIETETICOS-fotor-20240424184144.jpg","contentUrl":"https:\/\/distribucionarc.com\/wp-content\/uploads\/2024\/04\/MAQUINA-DE-TABLETAS-ROTATIVA-DE-DOBLE-PRENSA-PARA-COMPLEMENTOS-DIETETICOS-fotor-20240424184144.jpg","width":688,"height":944,"caption":"#image_title"},{"@type":"BreadcrumbList","@id":"https:\/\/www.distribucionarc.com\/sl\/producto\/maquina-de-tabletas-rotativa-de-doble-prensa-para-complementos-dieteticos\/#breadcrumb","itemListElement":[{"@type":"ListItem","position":1,"name":"Portada","item":"https:\/\/www.distribucionarc.com\/"},{"@type":"ListItem","position":2,"name":"\u00dcr\u00fcnler","item":"https:\/\/www.distribucionarc.com\/tr\/magaza\/"},{"@type":"ListItem","position":3,"name":"MAQUINA DE TABLETAS ROTATIVA DE DOBLE PRENSA PARA COMPLEMENTOS DIETETICOS"}]},{"@type":"WebSite","@id":"https:\/\/www.distribucionarc.com\/sl\/#website","url":"https:\/\/www.distribucionarc.com\/sl\/","name":"\u062a\u0648\u0632\u064a\u0639 \u0627\u0644\u0642\u0648\u0633","description":"\u0634\u0631\u0643\u0629 \u0645\u062a\u062e\u0635\u0635\u0629 \u0641\u064a \u062a\u0635\u0646\u064a\u0639 \u0648\u062a\u0648\u0632\u064a\u0639 \u0627\u0644\u0622\u0644\u0627\u062a \u0627\u0644\u0635\u0646\u0627\u0639\u064a\u0629\u060c \u0648\u0645\u0627\u0643\u064a\u0646\u0627\u062a \u062e\u062a\u0645 \u0627\u0644\u0639\u0644\u0628\u060c \u0648\u0645\u0627\u0643\u064a\u0646\u0627\u062a \u0635\u0646\u0639 \u0627\u0644\u0623\u0642\u0631\u0627\u0635\u060c \u0648\u0645\u0627\u0643\u064a\u0646\u0627\u062a \u062a\u0642\u0637\u064a\u0639 \u0627\u0644\u0644\u062d\u0648\u0645...","publisher":{"@id":"https:\/\/www.distribucionarc.com\/sl\/#organization"},"potentialAction":[{"@type":"SearchAction","target":{"@type":"EntryPoint","urlTemplate":"https:\/\/www.distribucionarc.com\/sl\/?s={search_term_string}"},"query-input":{"@type":"PropertyValueSpecification","valueRequired":true,"valueName":"search_term_string"}}],"inLanguage":"ar"},{"@type":"Organization","@id":"https:\/\/www.distribucionarc.com\/sl\/#organization","name":"\u062a\u0648\u0632\u064a\u0639 \u0622\u0631\u0643","url":"https:\/\/www.distribucionarc.com\/sl\/","logo":{"@type":"ImageObject","inLanguage":"ar","@id":"https:\/\/www.distribucionarc.com\/sl\/#\/schema\/logo\/image\/","url":"https:\/\/distribucionarc.com\/wp-content\/uploads\/2024\/10\/distribucion-ARC-COLOR-SIN-FONDO-e1732295305345.png","contentUrl":"https:\/\/distribucionarc.com\/wp-content\/uploads\/2024\/10\/distribucion-ARC-COLOR-SIN-FONDO-e1732295305345.png","width":1164,"height":558,"caption":"Distribuci\u00f3n ARC"},"image":{"@id":"https:\/\/www.distribucionarc.com\/sl\/#\/schema\/logo\/image\/"},"description":"\u0634\u0631\u0643\u0629 \u0645\u062a\u062e\u0635\u0635\u0629 \u0641\u064a \u062a\u0635\u0646\u064a\u0639 \u0648\u062a\u0648\u0632\u064a\u0639 \u0627\u0644\u0622\u0644\u0627\u062a \u0627\u0644\u0635\u0646\u0627\u0639\u064a\u0629 \u0644\u0642\u0637\u0627\u0639\u064a \u0627\u0644\u0623\u063a\u0630\u064a\u0629 \u0648\u0627\u0644\u0623\u062f\u0648\u064a\u0629. \u0646\u062d\u0646 \u0645\u062a\u062e\u0635\u0635\u0648\u0646 \u0641\u064a: \u0645\u0627\u0643\u064a\u0646\u0627\u062a \u062a\u0642\u0637\u064a\u0639 \u0627\u0644\u0644\u062d\u0648\u0645 \u062a\u0635\u0646\u064a\u0639 \u0627\u0644\u0623\u0642\u0631\u0627\u0635 \u0623\u0646\u0638\u0645\u0629 \u0627\u0644\u0646\u0642\u0644 \u0627\u0644\u0635\u0646\u0627\u0639\u064a\u0629 \u062e\u0637\u0648\u0637 \u0627\u0644\u062a\u0639\u0628\u0626\u0629 \u0648\u0627\u0644\u062a\u063a\u0644\u064a\u0641 \u0627\u0644\u0645\u0648\u0632\u0639\u0627\u062a \u0648\u0623\u0643\u062b\u0631 \u0645\u0646 \u0630\u0644\u0643 \u0628\u0643\u062b\u064a\u0631... \u0646\u062d\u0646 \u0646\u0642\u062f\u0645 \u062d\u0644\u0648\u0644\u0627\u064b \u0645\u0628\u062a\u0643\u0631\u0629 \u0648\u0645\u062e\u0635\u0635\u0629 \u0644\u062a\u062d\u0633\u064a\u0646 \u0639\u0645\u0644\u064a\u0627\u062a \u0627\u0644\u0625\u0646\u062a\u0627\u062c \u0641\u064a \u0634\u0631\u0643\u062a\u0643.","email":"Admistracion@distribucionarc.com","telephone":"+34 643496664","legalName":"ARC TECH SOLUTIONS","foundingDate":"2024-04-09","vatID":"B55480172","numberOfEmployees":{"@type":"QuantitativeValue","minValue":"1","maxValue":"10"}}]}},"_links":{"self":[{"href":"https:\/\/distribucionarc.com\/ar\/wp-json\/wp\/v2\/product\/6641","targetHints":{"allow":["GET"]}}],"collection":[{"href":"https:\/\/distribucionarc.com\/ar\/wp-json\/wp\/v2\/product"}],"about":[{"href":"https:\/\/distribucionarc.com\/ar\/wp-json\/wp\/v2\/types\/product"}],"replies":[{"embeddable":true,"href":"https:\/\/distribucionarc.com\/ar\/wp-json\/wp\/v2\/comments?post=6641"}],"version-history":[{"count":0,"href":"https:\/\/distribucionarc.com\/ar\/wp-json\/wp\/v2\/product\/6641\/revisions"}],"wp:featuredmedia":[{"embeddable":true,"href":"https:\/\/distribucionarc.com\/ar\/wp-json\/wp\/v2\/media\/6644"}],"wp:attachment":[{"href":"https:\/\/distribucionarc.com\/ar\/wp-json\/wp\/v2\/media?parent=6641"}],"wp:term":[{"taxonomy":"product_brand","embeddable":true,"href":"https:\/\/distribucionarc.com\/ar\/wp-json\/wp\/v2\/product_brand?post=6641"},{"taxonomy":"product_cat","embeddable":true,"href":"https:\/\/distribucionarc.com\/ar\/wp-json\/wp\/v2\/product_cat?post=6641"},{"taxonomy":"product_tag","embeddable":true,"href":"https:\/\/distribucionarc.com\/ar\/wp-json\/wp\/v2\/product_tag?post=6641"}],"curies":[{"name":"wp","href":"https:\/\/api.w.org\/{rel}","templated":true}]}}