{"id":6759,"date":"2024-04-25T16:15:18","date_gmt":"2024-04-25T16:15:18","guid":{"rendered":"https:\/\/distribucionarc.com\/?post_type=product&#038;p=6759"},"modified":"2024-04-25T16:15:20","modified_gmt":"2024-04-25T16:15:20","slug":"%d8%a2%d9%84%d8%a9-%d8%b6%d8%ba%d8%b7-%d8%a7%d9%84%d8%a3%d9%82%d8%b1%d8%a7%d8%b5-%d8%a7%d9%84%d9%81%d9%88%d8%a7%d8%b1%d8%a9","status":"publish","type":"product","link":"https:\/\/distribucionarc.com\/ar\/producto\/maquina-compactadora-de-tabletas-esfervescentes\/","title":{"rendered":"\u0622\u0644\u0629 \u0636\u063a\u0637 \u0627\u0644\u0623\u0642\u0631\u0627\u0635 \u0627\u0644\u0641\u0648\u0627\u0631\u0629"},"content":{"rendered":"<p>\u0627\u0643\u062a\u0634\u0641 \u0627\u0644\u062a\u0645\u064a\u0632 \u0641\u064a <strong>\u0625\u0646\u062a\u0627\u062c \u0627\u0644\u0623\u0642\u0631\u0627\u0635 \u0627\u0644\u0641\u0648\u0627\u0631\u0629<\/strong> \u0645\u0639 <strong>\u0622\u0644\u0629 \u0636\u063a\u0637 \u062f\u0648\u0627\u0631\u0629 \u0645\u0646 \u0633\u0644\u0633\u0644\u0629 ZARP-5E\/7E\/9E\u060c<\/strong> \u0645\u064f\u0635\u0645\u0645 \u062e\u0635\u064a\u0635\u064b\u0627 \u0644\u0635\u0646\u0627\u0639\u0629 \u0627\u0644\u0623\u062f\u0648\u064a\u0629. \u062a\u0645 \u062a\u062c\u0647\u064a\u0632 \u0647\u0630\u0647 \u0627\u0644\u0622\u0644\u0629 \u0628\u062a\u0643\u0646\u0648\u0644\u0648\u062c\u064a\u0627 \u0627\u0644\u062a\u062d\u0643\u0645 PLC \u0648\u0647\u064a \u0645\u0635\u0646\u0648\u0639\u0629 \u0645\u0646 \u0627\u0644\u0641\u0648\u0644\u0627\u0630 \u0627\u0644\u0645\u0642\u0627\u0648\u0645 \u0644\u0644\u0635\u062f\u0623 SS304\u060c \u0648\u062a\u0648\u0641\u0631 \u0645\u0632\u064a\u062c\u064b\u0627 \u0644\u0627 \u0645\u062b\u064a\u0644 \u0644\u0647 \u0645\u0646 \u0627\u0644\u062c\u0648\u062f\u0629 \u0648\u0627\u0644\u0645\u062a\u0627\u0646\u0629.<strong> \u0645\u0627\u0643\u064a\u0646\u0629 \u0627\u0644\u0636\u063a\u0637 \u0627\u0644\u062f\u0648\u0627\u0631\u0629 \u0645\u0646 \u0633\u0644\u0633\u0644\u0629 ZARP-5E\/7E\/9E<\/strong> \u0636\u0645\u0627\u0646 \u0633\u0644\u0627\u0645\u0629 \u0645\u0646\u062a\u062c\u0627\u062a\u0643 \u0627\u0644\u062f\u0648\u0627\u0626\u064a\u0629 \u0641\u064a \u062c\u0645\u064a\u0639 \u0627\u0644\u0623\u0648\u0642\u0627\u062a. \u0639\u0644\u0627\u0648\u0629 \u0639\u0644\u0649 \u0630\u0644\u0643\u060c \u064a\u0636\u0645\u0646 \u0646\u0638\u0627\u0645 \u0627\u0644\u062d\u0645\u0627\u064a\u0629 \u0645\u0646 \u0627\u0644\u062d\u0645\u0644 \u0627\u0644\u0632\u0627\u0626\u062f \u0627\u0644\u062a\u0634\u063a\u064a\u0644 \u0627\u0644\u0622\u0645\u0646 \u0648\u0627\u0644\u062e\u0627\u0644\u064a \u0645\u0646 \u0627\u0644\u0645\u0634\u0627\u0643\u0644. \u062b\u0642 \u0641\u064a \u062f\u0642\u0629 \u0648\u0645\u0648\u062b\u0648\u0642\u064a\u0629 <strong>\u0622\u0644\u0629 \u0627\u0644\u0636\u063a\u0637 \u0627\u0644\u062f\u0648\u0627\u0631\u0629<\/strong> \u0644\u0631\u0641\u0639 \u0645\u0633\u062a\u0648\u0649 \u0625\u0646\u062a\u0627\u062c\u0643<strong> \u0623\u0642\u0631\u0627\u0635 \u0641\u0648\u0627\u0631\u0629<\/strong> \u0627\u0644\u062a\u064a \u062a\u0635\u0644 \u0625\u0644\u0649 \u0645\u0633\u062a\u0648\u064a\u0627\u062a \u062c\u062f\u064a\u062f\u0629 \u0645\u0646 \u0627\u0644\u0643\u0641\u0627\u0621\u0629 \u0648\u0627\u0644\u062c\u0648\u062f\u0629 \u0641\u064a \u0639\u0645\u0644\u064a\u0629 \u062a\u0635\u0646\u064a\u0639 \u0627\u0644\u0623\u062f\u0648\u064a\u0629 \u0627\u0644\u062e\u0627\u0635\u0629 \u0628\u0643.<\/p>\n<p>&nbsp;<\/p>\n<table>\n<tbody>\n<tr>\n<td width=\"142\">\u0646\u0645\u0648\u0630\u062c<\/td>\n<td width=\"142\">\u0632\u0627\u0631\u0628-5 \u0625\u064a<\/td>\n<td width=\"142\">\u0632\u0627\u0631\u0628-7\u0625\u064a<\/td>\n<td width=\"142\">\u0632\u0627\u0631\u0628-9 \u0625\u064a<\/td>\n<\/tr>\n<tr>\n<td width=\"142\">\u0623\u0644\u0639\u0627\u0628<\/td>\n<td width=\"142\">5<\/td>\n<td width=\"142\">7<\/td>\n<td width=\"142\">9<\/td>\n<\/tr>\n<tr>\n<td width=\"142\">\u0623\u0642\u0635\u0649 \u0636\u063a\u0637 (\u0637\u0646)<\/td>\n<td width=\"142\">50<\/td>\n<td width=\"142\">50<\/td>\n<td width=\"142\">50<\/td>\n<\/tr>\n<tr>\n<td width=\"142\">\u0642\u0637\u0631 \u0627\u0644\u062c\u0647\u0627\u0632 \u0627\u0644\u0644\u0648\u062d\u064a (\u0645\u0645)<\/td>\n<td width=\"142\">12(14)<\/td>\n<td width=\"142\">12(14)<\/td>\n<td width=\"142\">12(14)<\/td>\n<\/tr>\n<tr>\n<td width=\"142\">\u0623\u0642\u0635\u0649 \u0639\u0645\u0642 \u0644\u0644\u062a\u0639\u0628\u0626\u0629 (\u0645\u0645)<\/td>\n<td width=\"142\">15<\/td>\n<td width=\"142\">15<\/td>\n<td width=\"142\">15<\/td>\n<\/tr>\n<tr>\n<td width=\"142\">\u0623\u0642\u0635\u0649 \u0633\u0645\u0643 \u0644\u0644\u0642\u0631\u0635 (\u0645\u0645)<\/td>\n<td width=\"142\">6<\/td>\n<td width=\"142\">6<\/td>\n<td width=\"142\">6<\/td>\n<\/tr>\n<tr>\n<td width=\"142\">\u0633\u0631\u0639\u0629 \u0627\u0644\u0628\u0631\u062c (\u0635 - \u062f\u0642\u064a\u0642\u0629)<\/td>\n<td width=\"142\">30<\/td>\n<td width=\"142\">30<\/td>\n<td width=\"142\">30<\/td>\n<\/tr>\n<tr>\n<td width=\"142\">\u0627\u0644\u0637\u0627\u0642\u0629 \u0627\u0644\u0625\u0646\u062a\u0627\u062c\u064a\u0629 (\u0642\u0637\u0639\u0629\/\u0633\u0627\u0639\u0629)<\/td>\n<td width=\"142\">9000<\/td>\n<td width=\"142\">12600<\/td>\n<td width=\"142\">16200<\/td>\n<\/tr>\n<tr>\n<td width=\"142\">\u0642\u0648\u0629 \u0627\u0644\u0645\u062d\u0631\u0643 (\u0643\u064a\u0644\u0648\u0648\u0627\u0637)<\/td>\n<td width=\"142\">1.5<\/td>\n<td width=\"142\">1.5<\/td>\n<td width=\"142\">1.5<\/td>\n<\/tr>\n<tr>\n<td width=\"142\">\u0627\u0644\u062d\u062c\u0645 \u0627\u0644\u0643\u0644\u064a (\u0645\u0645)<\/td>\n<td width=\"142\">480*<\/p>\n<p>630*<\/p>\n<p>1100*<\/td>\n<td width=\"142\">480*<\/p>\n<p>630*<\/p>\n<p>1100*<\/td>\n<td width=\"142\">480*<\/p>\n<p>630*<\/p>\n<p>1100*<\/td>\n<\/tr>\n<tr>\n<td width=\"142\">\u0648\u0632\u0646<\/td>\n<td width=\"142\">220 \u0643\u062c\u0645<\/td>\n<td width=\"142\">&nbsp;<\/td>\n<td width=\"142\">&nbsp;<\/td>\n<\/tr>\n<\/tbody>\n<\/table>","protected":false},"excerpt":{"rendered":"<p>\u0627\u0643\u062a\u0634\u0641 \u0627\u0644\u062a\u0645\u064a\u0632 \u0641\u064a \u0625\u0646\u062a\u0627\u062c \u0627\u0644\u0623\u0642\u0631\u0627\u0635 \u0627\u0644\u0641\u0648\u0627\u0631\u0629 \u0628\u0627\u0633\u062a\u062e\u062f\u0627\u0645 \u0622\u0644\u0629 \u0636\u063a\u0637 \u0627\u0644\u0623\u0642\u0631\u0627\u0635 \u0627\u0644\u062f\u0648\u0627\u0631\u0629 \u0645\u0646 \u0633\u0644\u0633\u0644\u0629 ZARP-5E\/7E\/9E\u060c \u0627\u0644\u0645\u0635\u0645\u0645\u0629<\/p>","protected":false},"featured_media":6761,"comment_status":"open","ping_status":"closed","template":"","meta":{"wds_primary_product_brand":0,"wds_primary_product_cat":0},"product_brand":[],"product_cat":[266],"product_tag":[],"class_list":{"0":"post-6759","1":"product","2":"type-product","3":"status-publish","4":"has-post-thumbnail","6":"product_cat-accessories","8":"first","9":"instock","10":"taxable","11":"shipping-taxable","12":"purchasable","13":"product-type-simple"},"yoast_head":"<!-- This site is optimized with the Yoast SEO Premium plugin v24.9 (Yoast SEO v26.1) - https:\/\/yoast.com\/wordpress\/plugins\/seo\/ -->\n<title>MAQUINA COMPACTADORA DE TABLETAS ESFERVESCENTES - distribuci\u00f3n ARC<\/title>\n<meta name=\"robots\" content=\"index, follow, max-snippet:-1, max-image-preview:large, max-video-preview:-1\" \/>\n<link rel=\"canonical\" href=\"https:\/\/distribucionarc.com\/ar\/\u0645\u0646\u062a\u062c\/\u0622\u0644\u0629-\u0636\u063a\u0637-\u0627\u0644\u0623\u0642\u0631\u0627\u0635-\u0627\u0644\u0641\u0648\u0627\u0631\u0629\/\" \/>\n<meta property=\"og:locale\" content=\"ar_AR\" \/>\n<meta property=\"og:type\" content=\"article\" \/>\n<meta property=\"og:title\" content=\"MAQUINA COMPACTADORA DE TABLETAS ESFERVESCENTES\" \/>\n<meta property=\"og:description\" content=\"Descubre la excelencia en la producci\u00f3n de tabletas efervescentes con la M\u00e1quina Prensadora compactadora Rotativa de la serie ZARP-5E\/7E\/9E, dise\u00f1ada\" \/>\n<meta property=\"og:url\" content=\"https:\/\/distribucionarc.com\/ar\/\u0645\u0646\u062a\u062c\/\u0622\u0644\u0629-\u0636\u063a\u0637-\u0627\u0644\u0623\u0642\u0631\u0627\u0635-\u0627\u0644\u0641\u0648\u0627\u0631\u0629\/\" \/>\n<meta property=\"og:site_name\" content=\"distribuci\u00f3n ARC\" \/>\n<meta property=\"article:modified_time\" content=\"2024-04-25T16:15:20+00:00\" \/>\n<meta property=\"og:image\" content=\"https:\/\/distribucionarc.com\/wp-content\/uploads\/2024\/04\/MAQUINA-COMPACTADORA-DE-TABLETAS-ESFERVESCENTES.jpg\" \/>\n\t<meta property=\"og:image:width\" content=\"496\" \/>\n\t<meta property=\"og:image:height\" content=\"856\" \/>\n\t<meta property=\"og:image:type\" content=\"image\/jpeg\" \/>\n<meta name=\"twitter:card\" content=\"summary_large_image\" \/>\n<meta name=\"twitter:label1\" content=\"\u0648\u0642\u062a \u0627\u0644\u0642\u0631\u0627\u0621\u0629 \u0627\u0644\u0645\u064f\u0642\u062f\u0651\u0631\" \/>\n\t<meta name=\"twitter:data1\" content=\"\u062f\u0642\u064a\u0642\u0629 \u0648\u0627\u062d\u062f\u0629\" \/>\n<script type=\"application\/ld+json\" class=\"yoast-schema-graph\">{\"@context\":\"https:\/\/schema.org\",\"@graph\":[{\"@type\":\"WebPage\",\"@id\":\"https:\/\/distribucionarc.com\/ro\/producto\/maquina-compactadora-de-tabletas-esfervescentes\/\",\"url\":\"https:\/\/distribucionarc.com\/ro\/producto\/maquina-compactadora-de-tabletas-esfervescentes\/\",\"name\":\"MAQUINA COMPACTADORA DE TABLETAS ESFERVESCENTES - distribuci\u00f3n ARC\",\"isPartOf\":{\"@id\":\"https:\/\/distribucionarc.com\/de\/#website\"},\"primaryImageOfPage\":{\"@id\":\"https:\/\/distribucionarc.com\/ro\/producto\/maquina-compactadora-de-tabletas-esfervescentes\/#primaryimage\"},\"image\":{\"@id\":\"https:\/\/distribucionarc.com\/ro\/producto\/maquina-compactadora-de-tabletas-esfervescentes\/#primaryimage\"},\"thumbnailUrl\":\"https:\/\/distribucionarc.com\/wp-content\/uploads\/2024\/04\/MAQUINA-COMPACTADORA-DE-TABLETAS-ESFERVESCENTES.jpg\",\"datePublished\":\"2024-04-25T16:15:18+00:00\",\"dateModified\":\"2024-04-25T16:15:20+00:00\",\"breadcrumb\":{\"@id\":\"https:\/\/distribucionarc.com\/ro\/producto\/maquina-compactadora-de-tabletas-esfervescentes\/#breadcrumb\"},\"inLanguage\":\"ar\",\"potentialAction\":[{\"@type\":\"ReadAction\",\"target\":[\"https:\/\/distribucionarc.com\/ro\/producto\/maquina-compactadora-de-tabletas-esfervescentes\/\"]}]},{\"@type\":\"ImageObject\",\"inLanguage\":\"ar\",\"@id\":\"https:\/\/distribucionarc.com\/ro\/producto\/maquina-compactadora-de-tabletas-esfervescentes\/#primaryimage\",\"url\":\"https:\/\/distribucionarc.com\/wp-content\/uploads\/2024\/04\/MAQUINA-COMPACTADORA-DE-TABLETAS-ESFERVESCENTES.jpg\",\"contentUrl\":\"https:\/\/distribucionarc.com\/wp-content\/uploads\/2024\/04\/MAQUINA-COMPACTADORA-DE-TABLETAS-ESFERVESCENTES.jpg\",\"width\":496,\"height\":856,\"caption\":\"#image_title\"},{\"@type\":\"BreadcrumbList\",\"@id\":\"https:\/\/distribucionarc.com\/ro\/producto\/maquina-compactadora-de-tabletas-esfervescentes\/#breadcrumb\",\"itemListElement\":[{\"@type\":\"ListItem\",\"position\":1,\"name\":\"Portada\",\"item\":\"https:\/\/distribucionarc.com\/pl\/\"},{\"@type\":\"ListItem\",\"position\":2,\"name\":\"Produkty\",\"item\":\"https:\/\/distribucionarc.com\/pl\/shop\/\"},{\"@type\":\"ListItem\",\"position\":3,\"name\":\"MAQUINA COMPACTADORA DE TABLETAS ESFERVESCENTES\"}]},{\"@type\":\"WebSite\",\"@id\":\"https:\/\/distribucionarc.com\/de\/#website\",\"url\":\"https:\/\/distribucionarc.com\/de\/\",\"name\":\"distribuci\u00f3n ARC\",\"description\":\"Empresa especializada en la fabricaci\u00f3n y distribuci\u00f3n de maquinaria industrial, selladoras de latas, Maquinas de hacer pastillas, Maquinas de cortar carne...\",\"publisher\":{\"@id\":\"https:\/\/distribucionarc.com\/de\/#organization\"},\"potentialAction\":[{\"@type\":\"SearchAction\",\"target\":{\"@type\":\"EntryPoint\",\"urlTemplate\":\"https:\/\/distribucionarc.com\/de\/?s={search_term_string}\"},\"query-input\":{\"@type\":\"PropertyValueSpecification\",\"valueRequired\":true,\"valueName\":\"search_term_string\"}}],\"inLanguage\":\"ar\"},{\"@type\":\"Organization\",\"@id\":\"https:\/\/distribucionarc.com\/de\/#organization\",\"name\":\"Distribuci\u00f3n ARC\",\"url\":\"https:\/\/distribucionarc.com\/de\/\",\"logo\":{\"@type\":\"ImageObject\",\"inLanguage\":\"ar\",\"@id\":\"https:\/\/distribucionarc.com\/de\/#\/schema\/logo\/image\/\",\"url\":\"https:\/\/distribucionarc.com\/wp-content\/uploads\/2024\/10\/distribucion-ARC-COLOR-SIN-FONDO-e1732295305345.png\",\"contentUrl\":\"https:\/\/distribucionarc.com\/wp-content\/uploads\/2024\/10\/distribucion-ARC-COLOR-SIN-FONDO-e1732295305345.png\",\"width\":1164,\"height\":558,\"caption\":\"Distribuci\u00f3n ARC\"},\"image\":{\"@id\":\"https:\/\/distribucionarc.com\/de\/#\/schema\/logo\/image\/\"},\"description\":\"Empresa especializada en la fabricaci\u00f3n y distribuci\u00f3n de maquinaria industrial para los sectores alimentario y farmac\u00e9utico. Nos especializamos en: M\u00e1quinas de cortar carne Fabricaci\u00f3n de comprimidos Sistemas de transporte industrial L\u00edneas de embotellado Dosificadores Y mucho m\u00e1s... Ofrecemos soluciones innovadoras y personalizadas para optimizar los procesos productivos de tu empresa.\",\"email\":\"Admistracion@distribucionarc.com\",\"telephone\":\"+34 643496664\",\"legalName\":\"ARC TECH SOLUTIONS\",\"foundingDate\":\"2024-04-09\",\"vatID\":\"B55480172\",\"numberOfEmployees\":{\"@type\":\"QuantitativeValue\",\"minValue\":\"1\",\"maxValue\":\"10\"}}]}<\/script>\n<!-- \/ Yoast SEO Premium plugin. -->","yoast_head_json":{"title":"\u0622\u0644\u0629 \u0636\u063a\u0637 \u0627\u0644\u0623\u0642\u0631\u0627\u0635 \u0627\u0644\u0641\u0648\u0627\u0631\u0629 - \u062a\u0648\u0632\u064a\u0639 \u0627\u0644\u0642\u0648\u0633 \u0627\u0644\u0643\u0647\u0631\u0628\u0627\u0626\u064a","robots":{"index":"index","follow":"follow","max-snippet":"max-snippet:-1","max-image-preview":"max-image-preview:large","max-video-preview":"max-video-preview:-1"},"canonical":"https:\/\/distribucionarc.com\/ar\/\u0645\u0646\u062a\u062c\/\u0622\u0644\u0629-\u0636\u063a\u0637-\u0627\u0644\u0623\u0642\u0631\u0627\u0635-\u0627\u0644\u0641\u0648\u0627\u0631\u0629\/","og_locale":"ar_AR","og_type":"article","og_title":"MAQUINA COMPACTADORA DE TABLETAS ESFERVESCENTES","og_description":"Descubre la excelencia en la producci\u00f3n de tabletas efervescentes con la M\u00e1quina Prensadora compactadora Rotativa de la serie ZARP-5E\/7E\/9E, dise\u00f1ada","og_url":"https:\/\/distribucionarc.com\/ar\/\u0645\u0646\u062a\u062c\/\u0622\u0644\u0629-\u0636\u063a\u0637-\u0627\u0644\u0623\u0642\u0631\u0627\u0635-\u0627\u0644\u0641\u0648\u0627\u0631\u0629\/","og_site_name":"distribuci\u00f3n ARC","article_modified_time":"2024-04-25T16:15:20+00:00","og_image":[{"width":496,"height":856,"url":"https:\/\/distribucionarc.com\/wp-content\/uploads\/2024\/04\/MAQUINA-COMPACTADORA-DE-TABLETAS-ESFERVESCENTES.jpg","type":"image\/jpeg"}],"twitter_card":"summary_large_image","twitter_misc":{"\u0648\u0642\u062a \u0627\u0644\u0642\u0631\u0627\u0621\u0629 \u0627\u0644\u0645\u064f\u0642\u062f\u0651\u0631":"\u062f\u0642\u064a\u0642\u0629 \u0648\u0627\u062d\u062f\u0629"},"schema":{"@context":"https:\/\/schema.org","@graph":[{"@type":"WebPage","@id":"https:\/\/distribucionarc.com\/ro\/producto\/maquina-compactadora-de-tabletas-esfervescentes\/","url":"https:\/\/distribucionarc.com\/ro\/producto\/maquina-compactadora-de-tabletas-esfervescentes\/","name":"\u0622\u0644\u0629 \u0636\u063a\u0637 \u0627\u0644\u0623\u0642\u0631\u0627\u0635 \u0627\u0644\u0641\u0648\u0627\u0631\u0629 - \u062a\u0648\u0632\u064a\u0639 \u0627\u0644\u0642\u0648\u0633 \u0627\u0644\u0643\u0647\u0631\u0628\u0627\u0626\u064a","isPartOf":{"@id":"https:\/\/distribucionarc.com\/de\/#website"},"primaryImageOfPage":{"@id":"https:\/\/distribucionarc.com\/ro\/producto\/maquina-compactadora-de-tabletas-esfervescentes\/#primaryimage"},"image":{"@id":"https:\/\/distribucionarc.com\/ro\/producto\/maquina-compactadora-de-tabletas-esfervescentes\/#primaryimage"},"thumbnailUrl":"https:\/\/distribucionarc.com\/wp-content\/uploads\/2024\/04\/MAQUINA-COMPACTADORA-DE-TABLETAS-ESFERVESCENTES.jpg","datePublished":"2024-04-25T16:15:18+00:00","dateModified":"2024-04-25T16:15:20+00:00","breadcrumb":{"@id":"https:\/\/distribucionarc.com\/ro\/producto\/maquina-compactadora-de-tabletas-esfervescentes\/#breadcrumb"},"inLanguage":"ar","potentialAction":[{"@type":"ReadAction","target":["https:\/\/distribucionarc.com\/ro\/producto\/maquina-compactadora-de-tabletas-esfervescentes\/"]}]},{"@type":"ImageObject","inLanguage":"ar","@id":"https:\/\/distribucionarc.com\/ro\/producto\/maquina-compactadora-de-tabletas-esfervescentes\/#primaryimage","url":"https:\/\/distribucionarc.com\/wp-content\/uploads\/2024\/04\/MAQUINA-COMPACTADORA-DE-TABLETAS-ESFERVESCENTES.jpg","contentUrl":"https:\/\/distribucionarc.com\/wp-content\/uploads\/2024\/04\/MAQUINA-COMPACTADORA-DE-TABLETAS-ESFERVESCENTES.jpg","width":496,"height":856,"caption":"#image_title"},{"@type":"BreadcrumbList","@id":"https:\/\/distribucionarc.com\/ro\/producto\/maquina-compactadora-de-tabletas-esfervescentes\/#breadcrumb","itemListElement":[{"@type":"ListItem","position":1,"name":"Portada","item":"https:\/\/distribucionarc.com\/pl\/"},{"@type":"ListItem","position":2,"name":"Produkty","item":"https:\/\/distribucionarc.com\/pl\/shop\/"},{"@type":"ListItem","position":3,"name":"MAQUINA COMPACTADORA DE TABLETAS ESFERVESCENTES"}]},{"@type":"WebSite","@id":"https:\/\/distribucionarc.com\/de\/#website","url":"https:\/\/distribucionarc.com\/de\/","name":"\u062a\u0648\u0632\u064a\u0639 \u0627\u0644\u0642\u0648\u0633","description":"\u0634\u0631\u0643\u0629 \u0645\u062a\u062e\u0635\u0635\u0629 \u0641\u064a \u062a\u0635\u0646\u064a\u0639 \u0648\u062a\u0648\u0632\u064a\u0639 \u0627\u0644\u0622\u0644\u0627\u062a \u0627\u0644\u0635\u0646\u0627\u0639\u064a\u0629\u060c \u0648\u0645\u0627\u0643\u064a\u0646\u0627\u062a \u062e\u062a\u0645 \u0627\u0644\u0639\u0644\u0628\u060c \u0648\u0645\u0627\u0643\u064a\u0646\u0627\u062a \u0635\u0646\u0639 \u0627\u0644\u0623\u0642\u0631\u0627\u0635\u060c \u0648\u0645\u0627\u0643\u064a\u0646\u0627\u062a \u062a\u0642\u0637\u064a\u0639 \u0627\u0644\u0644\u062d\u0648\u0645...","publisher":{"@id":"https:\/\/distribucionarc.com\/de\/#organization"},"potentialAction":[{"@type":"SearchAction","target":{"@type":"EntryPoint","urlTemplate":"https:\/\/distribucionarc.com\/de\/?s={search_term_string}"},"query-input":{"@type":"PropertyValueSpecification","valueRequired":true,"valueName":"search_term_string"}}],"inLanguage":"ar"},{"@type":"Organization","@id":"https:\/\/distribucionarc.com\/de\/#organization","name":"\u062a\u0648\u0632\u064a\u0639 \u0622\u0631\u0643","url":"https:\/\/distribucionarc.com\/de\/","logo":{"@type":"ImageObject","inLanguage":"ar","@id":"https:\/\/distribucionarc.com\/de\/#\/schema\/logo\/image\/","url":"https:\/\/distribucionarc.com\/wp-content\/uploads\/2024\/10\/distribucion-ARC-COLOR-SIN-FONDO-e1732295305345.png","contentUrl":"https:\/\/distribucionarc.com\/wp-content\/uploads\/2024\/10\/distribucion-ARC-COLOR-SIN-FONDO-e1732295305345.png","width":1164,"height":558,"caption":"Distribuci\u00f3n ARC"},"image":{"@id":"https:\/\/distribucionarc.com\/de\/#\/schema\/logo\/image\/"},"description":"\u0634\u0631\u0643\u0629 \u0645\u062a\u062e\u0635\u0635\u0629 \u0641\u064a \u062a\u0635\u0646\u064a\u0639 \u0648\u062a\u0648\u0632\u064a\u0639 \u0627\u0644\u0622\u0644\u0627\u062a \u0627\u0644\u0635\u0646\u0627\u0639\u064a\u0629 \u0644\u0642\u0637\u0627\u0639\u064a \u0627\u0644\u0623\u063a\u0630\u064a\u0629 \u0648\u0627\u0644\u0623\u062f\u0648\u064a\u0629. \u0646\u062d\u0646 \u0645\u062a\u062e\u0635\u0635\u0648\u0646 \u0641\u064a: \u0645\u0627\u0643\u064a\u0646\u0627\u062a \u062a\u0642\u0637\u064a\u0639 \u0627\u0644\u0644\u062d\u0648\u0645 \u062a\u0635\u0646\u064a\u0639 \u0627\u0644\u0623\u0642\u0631\u0627\u0635 \u0623\u0646\u0638\u0645\u0629 \u0627\u0644\u0646\u0642\u0644 \u0627\u0644\u0635\u0646\u0627\u0639\u064a\u0629 \u062e\u0637\u0648\u0637 \u0627\u0644\u062a\u0639\u0628\u0626\u0629 \u0648\u0627\u0644\u062a\u063a\u0644\u064a\u0641 \u0627\u0644\u0645\u0648\u0632\u0639\u0627\u062a \u0648\u0623\u0643\u062b\u0631 \u0645\u0646 \u0630\u0644\u0643 \u0628\u0643\u062b\u064a\u0631... \u0646\u062d\u0646 \u0646\u0642\u062f\u0645 \u062d\u0644\u0648\u0644\u0627\u064b \u0645\u0628\u062a\u0643\u0631\u0629 \u0648\u0645\u062e\u0635\u0635\u0629 \u0644\u062a\u062d\u0633\u064a\u0646 \u0639\u0645\u0644\u064a\u0627\u062a \u0627\u0644\u0625\u0646\u062a\u0627\u062c \u0641\u064a \u0634\u0631\u0643\u062a\u0643.","email":"Admistracion@distribucionarc.com","telephone":"+34 643496664","legalName":"ARC TECH SOLUTIONS","foundingDate":"2024-04-09","vatID":"B55480172","numberOfEmployees":{"@type":"QuantitativeValue","minValue":"1","maxValue":"10"}}]}},"_links":{"self":[{"href":"https:\/\/distribucionarc.com\/ar\/wp-json\/wp\/v2\/product\/6759","targetHints":{"allow":["GET"]}}],"collection":[{"href":"https:\/\/distribucionarc.com\/ar\/wp-json\/wp\/v2\/product"}],"about":[{"href":"https:\/\/distribucionarc.com\/ar\/wp-json\/wp\/v2\/types\/product"}],"replies":[{"embeddable":true,"href":"https:\/\/distribucionarc.com\/ar\/wp-json\/wp\/v2\/comments?post=6759"}],"version-history":[{"count":0,"href":"https:\/\/distribucionarc.com\/ar\/wp-json\/wp\/v2\/product\/6759\/revisions"}],"wp:featuredmedia":[{"embeddable":true,"href":"https:\/\/distribucionarc.com\/ar\/wp-json\/wp\/v2\/media\/6761"}],"wp:attachment":[{"href":"https:\/\/distribucionarc.com\/ar\/wp-json\/wp\/v2\/media?parent=6759"}],"wp:term":[{"taxonomy":"product_brand","embeddable":true,"href":"https:\/\/distribucionarc.com\/ar\/wp-json\/wp\/v2\/product_brand?post=6759"},{"taxonomy":"product_cat","embeddable":true,"href":"https:\/\/distribucionarc.com\/ar\/wp-json\/wp\/v2\/product_cat?post=6759"},{"taxonomy":"product_tag","embeddable":true,"href":"https:\/\/distribucionarc.com\/ar\/wp-json\/wp\/v2\/product_tag?post=6759"}],"curies":[{"name":"wp","href":"https:\/\/api.w.org\/{rel}","templated":true}]}}