{"id":687,"date":"2020-06-19T20:07:04","date_gmt":"2020-06-19T20:07:04","guid":{"rendered":"https:\/\/distribucionarc.com\/?post_type=product&#038;p=687"},"modified":"2024-10-05T03:52:47","modified_gmt":"2024-10-05T03:52:47","slug":"%d9%85%d9%81%d8%b1%d9%85%d8%a9-%d9%84%d8%ad%d9%85-%d8%a3%d9%88-%d8%ae%d8%b6%d8%b1%d9%88%d8%a7%d8%aa-%d8%ae%d8%a7%d8%b5%d8%a9-%d8%a8%d8%a7%d9%84%d8%b5%d9%86%d8%a7%d8%b9%d8%a9","status":"publish","type":"product","link":"https:\/\/distribucionarc.com\/ar\/producto\/picadora-de-carne-o-verduras-especial-para-industra\/","title":{"rendered":"\u0645\u0641\u0631\u0645\u0629 \u0644\u062d\u0645 \u0623\u0648 \u062e\u0636\u0627\u0631 \u062e\u0627\u0635\u0629 \u0644\u0644\u0635\u0646\u0627\u0639\u0629"},"content":{"rendered":"<p>\u0645\u0641\u0631\u0645\u0629 \u0627\u0644\u0644\u062d\u0645 ARCP V2 \u0647\u064a \u0645\u0641\u0631\u0645\u0629 \u0644\u062d\u0645 \u0627\u062d\u062a\u0631\u0627\u0641\u064a\u0629 \u0642\u0648\u064a\u0629 \u0645\u0632\u0648\u062f\u0629 \u0628\u063a\u0637\u0627\u0621 \u0648\u0644\u0648\u062d\u0629 \u0645\u0646 \u0627\u0644\u0641\u0648\u0644\u0627\u0630 \u0627\u0644\u0645\u0642\u0627\u0648\u0645 \u0644\u0644\u0635\u062f\u0623. \u0627\u0644\u0645\u0628\u062f\u0623 \u0647\u0648 \u0623\u0646 \u0627\u0644\u062a\u0631\u0633 \u0627\u0644\u062f\u0648\u062f\u064a \u0648\u0627\u0644\u0639\u062a\u0627\u062f \u0627\u0644\u062d\u0644\u0642\u064a \u0645\u0635\u0646\u0648\u0639\u0627\u0646 \u0623\u064a\u0636\u064b\u0627 \u0645\u0646 \u0627\u0644\u0641\u0648\u0644\u0627\u0630 \u0627\u0644\u0645\u0642\u0627\u0648\u0645 \u0644\u0644\u0635\u062f\u0623. ARCP <strong>\u0645\u0641\u0631\u0645\u0629 \u0644\u062d\u0645<\/strong> \u064a\u062d\u062a\u0648\u064a V2 \u0639\u0644\u0649 \u0623\u0631\u0628\u0639\u0629 \u0623\u0642\u062f\u0627\u0645 \u0645\u0637\u0627\u0637\u064a\u0629 \u0648\u0628\u0627\u0644\u062a\u0627\u0644\u064a \u0641\u0647\u0648 \u0645\u0624\u0645\u0646 \u0628\u0634\u0643\u0644 \u0625\u0636\u0627\u0641\u064a \u0636\u062f \u0627\u0644\u0627\u0646\u0632\u0644\u0627\u0642. \u0645\u0641\u0631\u0645\u0629 \u0627\u0644\u0644\u062d\u0645 ARCP V2 \u0633\u0647\u0644\u0629 \u0627\u0644\u062a\u0646\u0638\u064a\u0641 \u0648\u062c\u0632\u0621 \u0627\u0644\u062a\u0642\u0637\u064a\u0639 \u0642\u0627\u0628\u0644 \u0644\u0644\u0625\u0632\u0627\u0644\u0629 \u0641\u064a \u062c\u0632\u0621 \u0648\u0627\u062d\u062f.<\/p>\n<p>\u0627\u0644\u0625\u0635\u062f\u0627\u0631 \u0627\u0644\u062c\u062f\u064a\u062f \u0645\u0646 ARCP V2\u00a0 <strong>\u0644\u062f\u064a\u0647\u0627 \u0645\u064a\u0632\u0629 \u0641\u0631\u064a\u062f\u0629 \u0645\u0646 \u0646\u0648\u0639\u0647\u0627\u060c \u0627\u0644\u0627\u0633\u062a\u0647\u0644\u0627\u0643 \u0627\u0644\u0645\u0646\u062e\u0641\u0636\u060c \u0648\u0627\u0644\u0623\u062f\u0627\u0621 \u0627\u0644\u0639\u0627\u0644\u064a.<\/strong><\/p>\n<p><span style=\"color: #ff0000;\">360 \u0648\u0627\u0637<\/span> <span style=\"color: #008000;\">\u0646\u0638\u0627\u0645 \u0630\u0643\u064a \u0645\u062a\u0643\u0627\u0645\u0644 \u0645\u0646\u062e\u0641\u0636 \u0627\u0644\u0627\u0633\u062a\u0647\u0644\u0627\u0643.<\/span><\/p>\n<p>\u064a\u0645\u0643\u0646\u0643 \u0627\u0644\u0639\u062b\u0648\u0631 \u0623\u062f\u0646\u0627\u0647 \u0639\u0644\u0649 \u062c\u0645\u064a\u0639 \u0645\u064a\u0632\u0627\u062a \u0645\u0641\u0631\u0645\u0629 \u0627\u0644\u0644\u062d\u0645 ARCP V2:<\/p>\n<ul>\n<li>\u0645\u0641\u0631\u0645\u0629 \u0644\u062d\u0645 \u0627\u062d\u062a\u0631\u0627\u0641\u064a\u0629 \u0642\u0648\u064a\u0629<\/li>\n<li>\u063a\u0644\u0627\u0641 \u0648\u0635\u064a\u0646\u064a\u0629 \u0645\u0646 \u0627\u0644\u0641\u0648\u0644\u0627\u0630 \u0627\u0644\u0645\u0642\u0627\u0648\u0645 \u0644\u0644\u0635\u062f\u0623<\/li>\n<li>\u062a\u0631\u0648\u0633 \u062d\u0644\u0632\u0648\u0646\u064a\u0629 \u0648\u062d\u0644\u0642\u0629 \u0644\u0648\u0644\u0628\u064a\u0629 \u0645\u0646 \u0627\u0644\u0641\u0648\u0644\u0627\u0630 \u0627\u0644\u0645\u0642\u0627\u0648\u0645 \u0644\u0644\u0635\u062f\u0623<\/li>\n<li>\u0627\u0644\u0633\u0643\u0627\u0643\u064a\u0646 \u0648\u0627\u0644\u0623\u0644\u0648\u0627\u062d \u0645\u0635\u0646\u0648\u0639\u0629 \u0645\u0646 \u0627\u0644\u0641\u0648\u0644\u0627\u0630 \u0627\u0644\u0645\u0642\u0633\u0649<\/li>\n<li>\u064a\u0645\u0643\u0646 \u0625\u0632\u0627\u0644\u0629 \u062c\u0632\u0621 \u0627\u0644\u062a\u0635\u062d\u064a\u062d \u0628\u062d\u0631\u0643\u0629 \u0648\u0627\u062d\u062f\u0629<\/li>\n<li>\u0645\u0639 \u0633\u0631\u0639\u062a\u064a\u0646 \u0623\u0645\u0627\u0645\u064a\u0629 \u0648\u062e\u0644\u0641\u064a\u0629:<\/li>\n<li>\u0627\u0644\u0625\u0646\u062a\u0627\u062c: \u062d\u062a\u0649 120 \u0643\u062c\u0645 \u0641\u064a \u0627\u0644\u0633\u0627\u0639\u0629<\/li>\n<li>\u0623\u0628\u0639\u0627\u062f \u0627\u0644\u062f\u0631\u062c: \u0627\u0644\u0639\u0631\u0636 200 \u00d7 \u0627\u0644\u0639\u0645\u0642 295 \u00d7 \u0627\u0644\u0627\u0631\u062a\u0641\u0627\u0639 45 \u0645\u0644\u0645 4.8 \u00d7 20 \u00d7 29 \u0633\u0645<\/li>\n<li>\u0642\u0637\u0631 \u0641\u062a\u062d\u0629 \u0627\u0644\u0635\u064a\u0646\u064a\u0629: 55 \u0645\u0644\u0645<\/li>\n<li>\u0642\u0637\u0631 \u0644\u0648\u062d\u0629 \u0627\u0644\u0637\u062d\u0646: 70 \u0645\u0644\u0645<\/li>\n<li>\u0645\u0641\u062a\u0627\u062d \u062d\u0645\u0627\u064a\u0629 \u0627\u0644\u0645\u062d\u0631\u0643<\/li>\n<li>\u0623\u0631\u0628\u0639 \u0642\u0648\u0627\u0639\u062f \u0642\u062f\u0645 \u0645\u0637\u0627\u0637\u064a\u0629<\/li>\n<li>\u0633\u0647\u0644 \u0627\u0644\u062a\u0646\u0638\u064a\u0641<\/li>\n<li>\u0627\u0644\u0648\u0632\u0646 \u0627\u0644\u0635\u0627\u0641\u064a: 22 \u0643\u062c\u0645<\/li>\n<li>\u0627\u0644\u0623\u0628\u0639\u0627\u062f: \u0627\u0644\u0639\u0631\u0636 280 \u00d7 \u0627\u0644\u0639\u0645\u0642 160 \u00d7 \u0627\u0644\u0627\u0631\u062a\u0641\u0627\u0639 290 \u0645\u0644\u0645<\/li>\n<li>220 \u0641\u0648\u0644\u062a\/50 \u0647\u0631\u062a\u0632\/1 \u0641\u0627\u0632 370 \u0648\u0627\u062a<\/li>\n<\/ul>\n<p>\u0627\u0644\u0645\u0639\u064a\u0627\u0631 \u064a\u0634\u0645\u0644:<\/p>\n<ul>\n<li>1 \u062f\u0627\u0641\u0639<\/li>\n<li>1 \u0633\u062c\u0642 \u0645\u062d\u0634\u064a \u2013 \u00d8 20 \u0645\u0644\u0645<\/li>\n<li>2 \u0633\u0643\u0627\u0643\u064a\u0646 \u0645\u062a\u0642\u0627\u0637\u0639\u0629<\/li>\n<li>\u0644\u0648\u062d\u0629 \u0633\u062d\u0642 6 \u0645\u0644\u0645<\/li>\n<li>\u0644\u0648\u062d\u0629 \u0633\u062d\u0642 8 \u0645\u0644\u0645<\/li>\n<\/ul>\n<p><iframe loading=\"lazy\" src=\"https:\/\/www.youtube.com\/embed\/xyT98EOJOG8\" width=\"560\" height=\"315\" frameborder=\"0\" allowfullscreen=\"allowfullscreen\"><\/iframe><\/p>","protected":false},"excerpt":{"rendered":"<h2><span style=\"color: #000080;\">\u0644<span style=\"color: #ff0000;\"><strong>\u0631<\/strong><\/span><\/span>\u0645\u0641\u0631\u0645\u0629 \u0644\u062d\u0645 CP V2 120 \u0643\u062c\u0645\/\u0633\u0627\u0639\u0629\u061f\u061f<\/h2>\n<p><span style=\"color: #ff0000;\">360 \u0648\u0627\u0637<\/span> <span style=\"color: #008000;\">\u0646\u0638\u0627\u0645 \u0630\u0643\u064a \u0645\u062a\u0643\u0627\u0645\u0644 \u0645\u0646\u062e\u0641\u0636 \u0627\u0644\u0627\u0633\u062a\u0647\u0644\u0627\u0643.<\/span><\/p>\n<p>\u0645\u0641\u0631\u0645\u0629 \u0645\u062b\u0627\u0644\u064a\u0629 \u0644\u0645\u062d\u0644\u0627\u062a \u0627\u0644\u062c\u0632\u0627\u0631\u0629 \u0623\u0648 \u0627\u0644\u0634\u0631\u0643\u0627\u062a \u0634\u0628\u0647 \u0627\u0644\u0635\u0646\u0627\u0639\u064a\u0629 \u0627\u0644\u062a\u064a \u062a\u062a\u0637\u0644\u0628 \u0643\u0645\u064a\u0629 \u0643\u0628\u064a\u0631\u0629 \u0645\u0646 \u0627\u0644\u0644\u062d\u0648\u0645 \u0641\u064a \u0623\u0642\u0635\u0631 \u0648\u0642\u062a \u0645\u0645\u0643\u0646<\/p>\n<p>\u062c\u0645\u064a\u0639 \u0623\u062c\u0647\u0632\u062a\u0646\u0627 \u0644\u062f\u064a\u0647\u0627 <strong>\u0636\u0645\u0627\u0646 \u0644\u0645\u062f\u0629 \u0639\u0627\u0645\u064a\u0646<\/strong><\/p>\n<p><strong>\u0627\u0644\u062f\u0639\u0645 \u0627\u0644\u0641\u0646\u064a \u0641\u064a \u062d\u0627\u0644\u0629 \u0627\u0644\u0639\u0637\u0644<\/strong><\/p>\n<p>\u0643\u0644 \u0645\u0627 \u062a\u062d\u062a\u0627\u062c\u0647 \u0644\u0639\u0645\u0644\u0643 \u0641\u064a \u0645\u0643\u0627\u0646 \u0648\u0627\u062d\u062f<\/p>","protected":false},"featured_media":690,"comment_status":"open","ping_status":"closed","template":"","meta":{"wds_primary_product_brand":0,"wds_primary_product_cat":0},"product_brand":[],"product_cat":[120],"product_tag":[],"class_list":{"0":"post-687","1":"product","2":"type-product","3":"status-publish","4":"has-post-thumbnail","6":"product_cat-picadoras-carne","7":"product_shipping_class-hosteleria","9":"first","10":"outofstock","11":"sale","12":"taxable","13":"shipping-taxable","14":"purchasable","15":"product-type-simple"},"yoast_head":"<!-- This site is optimized with the Yoast SEO Premium plugin v24.9 (Yoast SEO v26.1) - https:\/\/yoast.com\/wordpress\/plugins\/seo\/ -->\n<title>picadora de carne o verduras especial para industra - distribuci\u00f3n ARC<\/title>\n<meta name=\"robots\" content=\"index, follow, max-snippet:-1, max-image-preview:large, max-video-preview:-1\" \/>\n<link rel=\"canonical\" href=\"https:\/\/distribucionarc.com\/ar\/\u0645\u0646\u062a\u062c\/\u0645\u0641\u0631\u0645\u0629-\u0644\u062d\u0645-\u0623\u0648-\u062e\u0636\u0631\u0648\u0627\u062a-\u062e\u0627\u0635\u0629-\u0628\u0627\u0644\u0635\u0646\u0627\u0639\u0629\/\" \/>\n<meta property=\"og:locale\" content=\"ar_AR\" \/>\n<meta property=\"og:type\" content=\"article\" \/>\n<meta property=\"og:title\" content=\"picadora de carne o verduras especial para industra\" \/>\n<meta property=\"og:description\" content=\"ARCP V2 Picadora de carne 120kg \/h\u00a0 ?? 360w sistema inteligente integrado de bajo consumo.  picadora perfecta para carnicerias o empresas semi industriales que requieran gran cantidad de carne en el menor tiempo posible  toda nuestra maquinaria tiene garantia de 2 a\u00f1os  soporte tecnico en caso de averia  todo lo necesario para su negocio en un solo lugar\" \/>\n<meta property=\"og:url\" content=\"https:\/\/distribucionarc.com\/ar\/\u0645\u0646\u062a\u062c\/\u0645\u0641\u0631\u0645\u0629-\u0644\u062d\u0645-\u0623\u0648-\u062e\u0636\u0631\u0648\u0627\u062a-\u062e\u0627\u0635\u0629-\u0628\u0627\u0644\u0635\u0646\u0627\u0639\u0629\/\" \/>\n<meta property=\"og:site_name\" content=\"distribuci\u00f3n ARC\" \/>\n<meta property=\"article:modified_time\" content=\"2024-10-05T03:52:47+00:00\" \/>\n<meta property=\"og:image\" content=\"https:\/\/distribucionarc.com\/wp-content\/uploads\/2020\/06\/picadora-de-carne-verduras-especial-para-industra-0.jpg\" \/>\n\t<meta property=\"og:image:width\" content=\"1600\" \/>\n\t<meta property=\"og:image:height\" content=\"1600\" \/>\n\t<meta property=\"og:image:type\" content=\"image\/jpeg\" \/>\n<meta name=\"twitter:card\" content=\"summary_large_image\" \/>\n<meta name=\"twitter:label1\" content=\"\u0648\u0642\u062a \u0627\u0644\u0642\u0631\u0627\u0621\u0629 \u0627\u0644\u0645\u064f\u0642\u062f\u0651\u0631\" \/>\n\t<meta name=\"twitter:data1\" content=\"\u062f\u0642\u064a\u0642\u062a\u0627\u0646\" \/>\n<script type=\"application\/ld+json\" class=\"yoast-schema-graph\">{\"@context\":\"https:\/\/schema.org\",\"@graph\":[{\"@type\":\"WebPage\",\"@id\":\"https:\/\/distribucionarc.com\/sl\/producto\/picadora-de-carne-o-verduras-especial-para-industra\/\",\"url\":\"https:\/\/distribucionarc.com\/sl\/producto\/picadora-de-carne-o-verduras-especial-para-industra\/\",\"name\":\"picadora de carne o verduras especial para industra - distribuci\u00f3n ARC\",\"isPartOf\":{\"@id\":\"https:\/\/www.distribucionarc.com\/sl\/#website\"},\"primaryImageOfPage\":{\"@id\":\"https:\/\/distribucionarc.com\/sl\/producto\/picadora-de-carne-o-verduras-especial-para-industra\/#primaryimage\"},\"image\":{\"@id\":\"https:\/\/distribucionarc.com\/sl\/producto\/picadora-de-carne-o-verduras-especial-para-industra\/#primaryimage\"},\"thumbnailUrl\":\"https:\/\/distribucionarc.com\/wp-content\/uploads\/2020\/06\/picadora-de-carne-verduras-especial-para-industra-0.jpg\",\"datePublished\":\"2020-06-19T20:07:04+00:00\",\"dateModified\":\"2024-10-05T03:52:47+00:00\",\"breadcrumb\":{\"@id\":\"https:\/\/distribucionarc.com\/sl\/producto\/picadora-de-carne-o-verduras-especial-para-industra\/#breadcrumb\"},\"inLanguage\":\"ar\",\"potentialAction\":[{\"@type\":\"ReadAction\",\"target\":[\"https:\/\/distribucionarc.com\/sl\/producto\/picadora-de-carne-o-verduras-especial-para-industra\/\"]}]},{\"@type\":\"ImageObject\",\"inLanguage\":\"ar\",\"@id\":\"https:\/\/distribucionarc.com\/sl\/producto\/picadora-de-carne-o-verduras-especial-para-industra\/#primaryimage\",\"url\":\"https:\/\/distribucionarc.com\/wp-content\/uploads\/2020\/06\/picadora-de-carne-verduras-especial-para-industra-0.jpg\",\"contentUrl\":\"https:\/\/distribucionarc.com\/wp-content\/uploads\/2020\/06\/picadora-de-carne-verduras-especial-para-industra-0.jpg\",\"width\":1600,\"height\":1600},{\"@type\":\"BreadcrumbList\",\"@id\":\"https:\/\/distribucionarc.com\/sl\/producto\/picadora-de-carne-o-verduras-especial-para-industra\/#breadcrumb\",\"itemListElement\":[{\"@type\":\"ListItem\",\"position\":1,\"name\":\"Portada\",\"item\":\"https:\/\/www.distribucionarc.com\/\"},{\"@type\":\"ListItem\",\"position\":2,\"name\":\"\u00dcr\u00fcnler\",\"item\":\"https:\/\/www.distribucionarc.com\/tr\/magaza\/\"},{\"@type\":\"ListItem\",\"position\":3,\"name\":\"picadora de carne o verduras especial para industra\"}]},{\"@type\":\"WebSite\",\"@id\":\"https:\/\/www.distribucionarc.com\/sl\/#website\",\"url\":\"https:\/\/www.distribucionarc.com\/sl\/\",\"name\":\"distribuci\u00f3n ARC\",\"description\":\"Empresa especializada en la fabricaci\u00f3n y distribuci\u00f3n de maquinaria industrial, selladoras de latas, Maquinas de hacer pastillas, Maquinas de cortar carne...\",\"publisher\":{\"@id\":\"https:\/\/www.distribucionarc.com\/sl\/#organization\"},\"potentialAction\":[{\"@type\":\"SearchAction\",\"target\":{\"@type\":\"EntryPoint\",\"urlTemplate\":\"https:\/\/www.distribucionarc.com\/sl\/?s={search_term_string}\"},\"query-input\":{\"@type\":\"PropertyValueSpecification\",\"valueRequired\":true,\"valueName\":\"search_term_string\"}}],\"inLanguage\":\"ar\"},{\"@type\":\"Organization\",\"@id\":\"https:\/\/www.distribucionarc.com\/sl\/#organization\",\"name\":\"Distribuci\u00f3n ARC\",\"url\":\"https:\/\/www.distribucionarc.com\/sl\/\",\"logo\":{\"@type\":\"ImageObject\",\"inLanguage\":\"ar\",\"@id\":\"https:\/\/www.distribucionarc.com\/sl\/#\/schema\/logo\/image\/\",\"url\":\"https:\/\/distribucionarc.com\/wp-content\/uploads\/2024\/10\/distribucion-ARC-COLOR-SIN-FONDO-e1732295305345.png\",\"contentUrl\":\"https:\/\/distribucionarc.com\/wp-content\/uploads\/2024\/10\/distribucion-ARC-COLOR-SIN-FONDO-e1732295305345.png\",\"width\":1164,\"height\":558,\"caption\":\"Distribuci\u00f3n ARC\"},\"image\":{\"@id\":\"https:\/\/www.distribucionarc.com\/sl\/#\/schema\/logo\/image\/\"},\"description\":\"Empresa especializada en la fabricaci\u00f3n y distribuci\u00f3n de maquinaria industrial para los sectores alimentario y farmac\u00e9utico. Nos especializamos en: M\u00e1quinas de cortar carne Fabricaci\u00f3n de comprimidos Sistemas de transporte industrial L\u00edneas de embotellado Dosificadores Y mucho m\u00e1s... Ofrecemos soluciones innovadoras y personalizadas para optimizar los procesos productivos de tu empresa.\",\"email\":\"Admistracion@distribucionarc.com\",\"telephone\":\"+34 643496664\",\"legalName\":\"ARC TECH SOLUTIONS\",\"foundingDate\":\"2024-04-09\",\"vatID\":\"B55480172\",\"numberOfEmployees\":{\"@type\":\"QuantitativeValue\",\"minValue\":\"1\",\"maxValue\":\"10\"}}]}<\/script>\n<!-- \/ Yoast SEO Premium plugin. -->","yoast_head_json":{"title":"\u0645\u0641\u0631\u0645\u0629 \u0644\u062d\u0648\u0645 \u0623\u0648 \u062e\u0636\u0631\u0648\u0627\u062a \u062e\u0627\u0635\u0629 \u0644\u0644\u0635\u0646\u0627\u0639\u0629 - \u062a\u0648\u0632\u064a\u0639 ARC","robots":{"index":"index","follow":"follow","max-snippet":"max-snippet:-1","max-image-preview":"max-image-preview:large","max-video-preview":"max-video-preview:-1"},"canonical":"https:\/\/distribucionarc.com\/ar\/\u0645\u0646\u062a\u062c\/\u0645\u0641\u0631\u0645\u0629-\u0644\u062d\u0645-\u0623\u0648-\u062e\u0636\u0631\u0648\u0627\u062a-\u062e\u0627\u0635\u0629-\u0628\u0627\u0644\u0635\u0646\u0627\u0639\u0629\/","og_locale":"ar_AR","og_type":"article","og_title":"picadora de carne o verduras especial para industra","og_description":"ARCP V2 Picadora de carne 120kg \/h\u00a0 ?? 360w sistema inteligente integrado de bajo consumo.  picadora perfecta para carnicerias o empresas semi industriales que requieran gran cantidad de carne en el menor tiempo posible  toda nuestra maquinaria tiene garantia de 2 a\u00f1os  soporte tecnico en caso de averia  todo lo necesario para su negocio en un solo lugar","og_url":"https:\/\/distribucionarc.com\/ar\/\u0645\u0646\u062a\u062c\/\u0645\u0641\u0631\u0645\u0629-\u0644\u062d\u0645-\u0623\u0648-\u062e\u0636\u0631\u0648\u0627\u062a-\u062e\u0627\u0635\u0629-\u0628\u0627\u0644\u0635\u0646\u0627\u0639\u0629\/","og_site_name":"distribuci\u00f3n ARC","article_modified_time":"2024-10-05T03:52:47+00:00","og_image":[{"width":1600,"height":1600,"url":"https:\/\/distribucionarc.com\/wp-content\/uploads\/2020\/06\/picadora-de-carne-verduras-especial-para-industra-0.jpg","type":"image\/jpeg"}],"twitter_card":"summary_large_image","twitter_misc":{"\u0648\u0642\u062a \u0627\u0644\u0642\u0631\u0627\u0621\u0629 \u0627\u0644\u0645\u064f\u0642\u062f\u0651\u0631":"\u062f\u0642\u064a\u0642\u062a\u0627\u0646"},"schema":{"@context":"https:\/\/schema.org","@graph":[{"@type":"WebPage","@id":"https:\/\/distribucionarc.com\/sl\/producto\/picadora-de-carne-o-verduras-especial-para-industra\/","url":"https:\/\/distribucionarc.com\/sl\/producto\/picadora-de-carne-o-verduras-especial-para-industra\/","name":"\u0645\u0641\u0631\u0645\u0629 \u0644\u062d\u0648\u0645 \u0623\u0648 \u062e\u0636\u0631\u0648\u0627\u062a \u062e\u0627\u0635\u0629 \u0644\u0644\u0635\u0646\u0627\u0639\u0629 - \u062a\u0648\u0632\u064a\u0639 ARC","isPartOf":{"@id":"https:\/\/www.distribucionarc.com\/sl\/#website"},"primaryImageOfPage":{"@id":"https:\/\/distribucionarc.com\/sl\/producto\/picadora-de-carne-o-verduras-especial-para-industra\/#primaryimage"},"image":{"@id":"https:\/\/distribucionarc.com\/sl\/producto\/picadora-de-carne-o-verduras-especial-para-industra\/#primaryimage"},"thumbnailUrl":"https:\/\/distribucionarc.com\/wp-content\/uploads\/2020\/06\/picadora-de-carne-verduras-especial-para-industra-0.jpg","datePublished":"2020-06-19T20:07:04+00:00","dateModified":"2024-10-05T03:52:47+00:00","breadcrumb":{"@id":"https:\/\/distribucionarc.com\/sl\/producto\/picadora-de-carne-o-verduras-especial-para-industra\/#breadcrumb"},"inLanguage":"ar","potentialAction":[{"@type":"ReadAction","target":["https:\/\/distribucionarc.com\/sl\/producto\/picadora-de-carne-o-verduras-especial-para-industra\/"]}]},{"@type":"ImageObject","inLanguage":"ar","@id":"https:\/\/distribucionarc.com\/sl\/producto\/picadora-de-carne-o-verduras-especial-para-industra\/#primaryimage","url":"https:\/\/distribucionarc.com\/wp-content\/uploads\/2020\/06\/picadora-de-carne-verduras-especial-para-industra-0.jpg","contentUrl":"https:\/\/distribucionarc.com\/wp-content\/uploads\/2020\/06\/picadora-de-carne-verduras-especial-para-industra-0.jpg","width":1600,"height":1600},{"@type":"BreadcrumbList","@id":"https:\/\/distribucionarc.com\/sl\/producto\/picadora-de-carne-o-verduras-especial-para-industra\/#breadcrumb","itemListElement":[{"@type":"ListItem","position":1,"name":"Portada","item":"https:\/\/www.distribucionarc.com\/"},{"@type":"ListItem","position":2,"name":"\u00dcr\u00fcnler","item":"https:\/\/www.distribucionarc.com\/tr\/magaza\/"},{"@type":"ListItem","position":3,"name":"picadora de carne o verduras especial para industra"}]},{"@type":"WebSite","@id":"https:\/\/www.distribucionarc.com\/sl\/#website","url":"https:\/\/www.distribucionarc.com\/sl\/","name":"\u062a\u0648\u0632\u064a\u0639 \u0627\u0644\u0642\u0648\u0633","description":"\u0634\u0631\u0643\u0629 \u0645\u062a\u062e\u0635\u0635\u0629 \u0641\u064a \u062a\u0635\u0646\u064a\u0639 \u0648\u062a\u0648\u0632\u064a\u0639 \u0627\u0644\u0622\u0644\u0627\u062a \u0627\u0644\u0635\u0646\u0627\u0639\u064a\u0629\u060c \u0648\u0645\u0627\u0643\u064a\u0646\u0627\u062a \u062e\u062a\u0645 \u0627\u0644\u0639\u0644\u0628\u060c \u0648\u0645\u0627\u0643\u064a\u0646\u0627\u062a \u0635\u0646\u0639 \u0627\u0644\u0623\u0642\u0631\u0627\u0635\u060c \u0648\u0645\u0627\u0643\u064a\u0646\u0627\u062a \u062a\u0642\u0637\u064a\u0639 \u0627\u0644\u0644\u062d\u0648\u0645...","publisher":{"@id":"https:\/\/www.distribucionarc.com\/sl\/#organization"},"potentialAction":[{"@type":"SearchAction","target":{"@type":"EntryPoint","urlTemplate":"https:\/\/www.distribucionarc.com\/sl\/?s={search_term_string}"},"query-input":{"@type":"PropertyValueSpecification","valueRequired":true,"valueName":"search_term_string"}}],"inLanguage":"ar"},{"@type":"Organization","@id":"https:\/\/www.distribucionarc.com\/sl\/#organization","name":"\u062a\u0648\u0632\u064a\u0639 \u0622\u0631\u0643","url":"https:\/\/www.distribucionarc.com\/sl\/","logo":{"@type":"ImageObject","inLanguage":"ar","@id":"https:\/\/www.distribucionarc.com\/sl\/#\/schema\/logo\/image\/","url":"https:\/\/distribucionarc.com\/wp-content\/uploads\/2024\/10\/distribucion-ARC-COLOR-SIN-FONDO-e1732295305345.png","contentUrl":"https:\/\/distribucionarc.com\/wp-content\/uploads\/2024\/10\/distribucion-ARC-COLOR-SIN-FONDO-e1732295305345.png","width":1164,"height":558,"caption":"Distribuci\u00f3n ARC"},"image":{"@id":"https:\/\/www.distribucionarc.com\/sl\/#\/schema\/logo\/image\/"},"description":"\u0634\u0631\u0643\u0629 \u0645\u062a\u062e\u0635\u0635\u0629 \u0641\u064a \u062a\u0635\u0646\u064a\u0639 \u0648\u062a\u0648\u0632\u064a\u0639 \u0627\u0644\u0622\u0644\u0627\u062a \u0627\u0644\u0635\u0646\u0627\u0639\u064a\u0629 \u0644\u0642\u0637\u0627\u0639\u064a \u0627\u0644\u0623\u063a\u0630\u064a\u0629 \u0648\u0627\u0644\u0623\u062f\u0648\u064a\u0629. \u0646\u062d\u0646 \u0645\u062a\u062e\u0635\u0635\u0648\u0646 \u0641\u064a: \u0645\u0627\u0643\u064a\u0646\u0627\u062a \u062a\u0642\u0637\u064a\u0639 \u0627\u0644\u0644\u062d\u0648\u0645 \u062a\u0635\u0646\u064a\u0639 \u0627\u0644\u0623\u0642\u0631\u0627\u0635 \u0623\u0646\u0638\u0645\u0629 \u0627\u0644\u0646\u0642\u0644 \u0627\u0644\u0635\u0646\u0627\u0639\u064a\u0629 \u062e\u0637\u0648\u0637 \u0627\u0644\u062a\u0639\u0628\u0626\u0629 \u0648\u0627\u0644\u062a\u063a\u0644\u064a\u0641 \u0627\u0644\u0645\u0648\u0632\u0639\u0627\u062a \u0648\u0623\u0643\u062b\u0631 \u0645\u0646 \u0630\u0644\u0643 \u0628\u0643\u062b\u064a\u0631... \u0646\u062d\u0646 \u0646\u0642\u062f\u0645 \u062d\u0644\u0648\u0644\u0627\u064b \u0645\u0628\u062a\u0643\u0631\u0629 \u0648\u0645\u062e\u0635\u0635\u0629 \u0644\u062a\u062d\u0633\u064a\u0646 \u0639\u0645\u0644\u064a\u0627\u062a \u0627\u0644\u0625\u0646\u062a\u0627\u062c \u0641\u064a \u0634\u0631\u0643\u062a\u0643.","email":"Admistracion@distribucionarc.com","telephone":"+34 643496664","legalName":"ARC TECH SOLUTIONS","foundingDate":"2024-04-09","vatID":"B55480172","numberOfEmployees":{"@type":"QuantitativeValue","minValue":"1","maxValue":"10"}}]}},"_links":{"self":[{"href":"https:\/\/distribucionarc.com\/ar\/wp-json\/wp\/v2\/product\/687","targetHints":{"allow":["GET"]}}],"collection":[{"href":"https:\/\/distribucionarc.com\/ar\/wp-json\/wp\/v2\/product"}],"about":[{"href":"https:\/\/distribucionarc.com\/ar\/wp-json\/wp\/v2\/types\/product"}],"replies":[{"embeddable":true,"href":"https:\/\/distribucionarc.com\/ar\/wp-json\/wp\/v2\/comments?post=687"}],"version-history":[{"count":0,"href":"https:\/\/distribucionarc.com\/ar\/wp-json\/wp\/v2\/product\/687\/revisions"}],"wp:featuredmedia":[{"embeddable":true,"href":"https:\/\/distribucionarc.com\/ar\/wp-json\/wp\/v2\/media\/690"}],"wp:attachment":[{"href":"https:\/\/distribucionarc.com\/ar\/wp-json\/wp\/v2\/media?parent=687"}],"wp:term":[{"taxonomy":"product_brand","embeddable":true,"href":"https:\/\/distribucionarc.com\/ar\/wp-json\/wp\/v2\/product_brand?post=687"},{"taxonomy":"product_cat","embeddable":true,"href":"https:\/\/distribucionarc.com\/ar\/wp-json\/wp\/v2\/product_cat?post=687"},{"taxonomy":"product_tag","embeddable":true,"href":"https:\/\/distribucionarc.com\/ar\/wp-json\/wp\/v2\/product_tag?post=687"}],"curies":[{"name":"wp","href":"https:\/\/api.w.org\/{rel}","templated":true}]}}