{"id":6929,"date":"2024-04-26T19:21:57","date_gmt":"2024-04-26T19:21:57","guid":{"rendered":"https:\/\/distribucionarc.com\/?post_type=product&#038;p=6929"},"modified":"2024-04-27T03:46:38","modified_gmt":"2024-04-27T03:46:38","slug":"%d8%b4%d8%b1%d9%8a%d8%b7-%d8%a3%d9%81%d9%82%d9%8a-%d8%ae%d9%84%d8%a7%d8%b7-%d8%a8%d9%88%d8%af%d8%b1%d8%a9-%d9%85%d8%aa%d8%ac%d8%a7%d9%86%d8%b3-%d9%84%d9%84%d9%81%d9%8a%d8%aa%d8%a7%d9%85%d9%8a%d9%86","status":"publish","type":"product","link":"https:\/\/distribucionarc.com\/ar\/producto\/mezclador-horizontal-de-cinta-polvo-homogenos-para-vitaminas\/","title":{"rendered":"\u0645\u0633\u062d\u0648\u0642 \u0627\u0644\u062e\u0644\u0637 \u0627\u0644\u0623\u0641\u0642\u064a \u0644\u0644\u0641\u064a\u062a\u0627\u0645\u064a\u0646\u0627\u062a"},"content":{"rendered":"<p>\u0627\u0643\u062a\u0634\u0641<strong> \u062e\u0644\u0627\u0637 \u0627\u0644\u062d\u0632\u0627\u0645 \u0627\u0644\u0623\u0641\u0642\u064a \u0645\u0646 \u0633\u0644\u0633\u0644\u0629 CARH<\/strong>\u060c \u0645\u0635\u0645\u0645 \u0644\u0644\u062e\u0644\u0637 \u0627\u0644\u062f\u0642\u064a\u0642 \u0644\u0644\u0645\u0648\u0627\u062f \u0627\u0644\u0645\u0633\u062d\u0648\u0642\u0629 \u0623\u0648 \u0627\u0644\u0645\u0639\u062c\u0648\u0646\u0629\u060c \u0645\u0645\u0627 \u064a\u0636\u0645\u0646 \u062a\u062c\u0627\u0646\u0633\u064b\u0627 \u0627\u0633\u062a\u062b\u0646\u0627\u0626\u064a\u064b\u0627\u060c <strong>\u0645\u062b\u0627\u0644\u064a\u0629 \u0644\u0644\u0641\u064a\u062a\u0627\u0645\u064a\u0646\u0627\u062a.<\/strong> \u064a\u0636\u0645\u0646 \u0647\u0630\u0627 \u0627\u0644\u062e\u0644\u0627\u0637 \u0630\u0648 \u0627\u0644\u0634\u0641\u0631\u0629 \u0627\u0644\u0648\u0627\u062d\u062f\u0629\u060c \u0645\u0646 \u0646\u0648\u0639 \u0627\u0644\u0642\u0646\u0627\u0629 \u0627\u0644\u0623\u0641\u0642\u064a\u0629\u060c \u062a\u0648\u0632\u064a\u0639\u064b\u0627 \u0645\u0648\u062d\u062f\u064b\u0627 \u0628\u0641\u0636\u0644 \u0634\u0641\u0631\u0629 \u0627\u0644\u062a\u062d\u0631\u064a\u0643 \u0627\u0644\u062a\u064a \u062a\u0639\u0628\u0631 \u0627\u0644\u0639\u0645\u0648\u062f\u060c \u0645\u0645\u0627 \u064a\u062c\u0639\u0644 \u0645\u0646 \u0627\u0644\u0633\u0647\u0644 \u062a\u0646\u0638\u064a\u0641\u0647. \u0645\u0639 \u0627\u0644\u0627\u062a\u0635\u0627\u0644 \u0627\u0644\u062c\u0632\u0626\u064a \u0645\u0639 \u0627\u0644\u0645\u0648\u0627\u062f \u0627\u0644\u062e\u0627\u0645 SS304\u060c \u0641\u0625\u0646\u0647 \u064a\u0636\u0645\u0646 \u0623\u0642\u0635\u0649 \u0642\u062f\u0631 \u0645\u0646 \u0627\u0644\u0646\u0638\u0627\u0641\u0629 \u0648\u0627\u0644\u062c\u0648\u062f\u0629 \u0641\u064a \u0639\u0645\u0644\u064a\u0629 \u0627\u0644\u0625\u0646\u062a\u0627\u062c \u0627\u0644\u062e\u0627\u0635\u0629 \u0628\u0643. \u0642\u0645 \u0628\u062a\u062d\u0633\u064a\u0646 \u0639\u0645\u0644\u064a\u0627\u062a\u0643 \u0648\u0631\u0641\u0639 \u0645\u0633\u062a\u0648\u0649 \u0645\u0646\u062a\u062c\u0627\u062a\u0643 \u0645\u0646 \u062e\u0644\u0627\u0644 \u062d\u0644 \u0627\u0644\u062e\u0644\u0637 \u0627\u0644\u0631\u0627\u0626\u062f \u0641\u064a \u0627\u0644\u0633\u0648\u0642.<\/p>\n<p>&nbsp;<\/p>\n<table>\n<tbody>\n<tr>\n<td width=\"71\">\u0646\u0645\u0648\u0630\u062c<\/td>\n<td width=\"71\">\u0633\u0639\u0629 \u0627\u0644\u0645\u063a\u0630\u064a\u0629 (\u0643\u062c\u0645)<\/td>\n<td width=\"71\">\u0633\u0631\u0639\u0629 \u0627\u0644\u0645\u063a\u0632\u0644 (\u0627\u0644\u062b\u0648\u0631\u0627\u062a-\u062f\u0642\u064a\u0642\u0629)<\/td>\n<td width=\"71\">\u062f\u0648\u0631\u0629 \u0627\u0644\u062e\u0644\u0637 (\u062f\u0642\u064a\u0642\u0629)<\/td>\n<td width=\"71\">\u0627\u0644\u0645\u062d\u0631\u0643 \u0627\u0644\u0631\u0626\u064a\u0633\u064a (\u0643\u064a\u0644\u0648\u0648\u0627\u062a)<\/td>\n<td width=\"71\">\u0645\u062d\u0631\u0643 \u0627\u0644\u062a\u0641\u0631\u064a\u063a (\u0643\u064a\u0644\u0648\u0648\u0627\u0637)<\/td>\n<td width=\"71\">\u0627\u0644\u0648\u0632\u0646 (\u0643\u062c\u0645)<\/td>\n<td width=\"71\">\u0627\u0644\u062d\u062c\u0645 \u0627\u0644\u0625\u062c\u0645\u0627\u0644\u064a (\u0645\u0644\u064a\u0645\u062a\u0631)<\/td>\n<\/tr>\n<tr>\n<td width=\"71\">\u0643\u0627\u0631\u0647 10<\/td>\n<td width=\"71\">10<\/td>\n<td width=\"71\">24<\/td>\n<td width=\"71\">5-20<\/td>\n<td width=\"71\">0.55<\/td>\n<td width=\"71\">\u064a\u062f\u0648\u064a\u0627<\/td>\n<td width=\"71\">40<\/td>\n<td width=\"71\">600*<\/p>\n<p>280*<\/p>\n<p>450*<\/td>\n<\/tr>\n<tr>\n<td width=\"71\">\u0643\u0627\u0631\u0647 50<\/td>\n<td width=\"71\">50<\/td>\n<td width=\"71\">24<\/td>\n<td width=\"71\">5-20<\/td>\n<td width=\"71\">1.1<\/td>\n<td width=\"71\">0.75<\/td>\n<td width=\"71\">200<\/td>\n<td width=\"71\">980*<\/p>\n<p>420*<\/p>\n<p>800*<\/td>\n<\/tr>\n<tr>\n<td width=\"71\">\u0643\u0627\u0631\u0647 100<\/td>\n<td width=\"71\">100<\/td>\n<td width=\"71\">24<\/td>\n<td width=\"71\">5-20<\/td>\n<td width=\"71\">2.2<\/td>\n<td width=\"71\">0.75<\/td>\n<td width=\"71\">250<\/td>\n<td width=\"71\">1100*<\/p>\n<p>440*<\/p>\n<p>900*<\/td>\n<\/tr>\n<tr>\n<td width=\"71\">\u0643\u0627\u0631\u0647 150<\/td>\n<td width=\"71\">150<\/td>\n<td width=\"71\">24<\/td>\n<td width=\"71\">5-20<\/td>\n<td width=\"71\">3<\/td>\n<td width=\"71\">0.75<\/td>\n<td width=\"71\">450<\/td>\n<td width=\"71\">1280*<\/p>\n<p>600*<\/p>\n<p>1100*<\/td>\n<\/tr>\n<tr>\n<td width=\"71\">\u0643\u0627\u0631\u0647 200<\/td>\n<td width=\"71\">200<\/td>\n<td width=\"71\">24<\/td>\n<td width=\"71\">5-20<\/td>\n<td width=\"71\">4<\/td>\n<td width=\"71\">0.75<\/td>\n<td width=\"71\">520<\/td>\n<td width=\"71\">1400*<\/p>\n<p>600*<\/p>\n<p>1200*<\/td>\n<\/tr>\n<tr>\n<td width=\"71\">\u0643\u0627\u0631\u0647 300<\/td>\n<td width=\"71\">300<\/td>\n<td width=\"71\">24<\/td>\n<td width=\"71\">5-20<\/td>\n<td width=\"71\">5.5<\/td>\n<td width=\"71\">1.1<\/td>\n<td width=\"71\">520<\/td>\n<td width=\"71\">1850*<\/p>\n<p>700*<\/p>\n<p>1200*<\/td>\n<\/tr>\n<tr>\n<td width=\"71\">\u0643\u0627\u0631\u0647 500<\/td>\n<td width=\"71\">500<\/td>\n<td width=\"71\">24<\/td>\n<td width=\"71\">5-20<\/td>\n<td width=\"71\">4<\/td>\n<td width=\"71\">0.75<\/td>\n<td width=\"71\">750<\/td>\n<td width=\"71\">2280*<\/p>\n<p>750*<\/p>\n<p>1250*<\/td>\n<\/tr>\n<tr>\n<td width=\"71\">\u0643\u0627\u0631\u0647 1000<\/td>\n<td width=\"71\">1000<\/td>\n<td width=\"71\">24<\/td>\n<td width=\"71\">5-20<\/td>\n<td width=\"71\">7.5<\/td>\n<td width=\"71\">0.75<\/td>\n<td width=\"71\">1200<\/td>\n<td width=\"71\">2280*<\/p>\n<p>1100*<\/p>\n<p>1500*<\/td>\n<\/tr>\n<\/tbody>\n<\/table>","protected":false},"excerpt":{"rendered":"<p>\u0627\u0643\u062a\u0634\u0641 \u062e\u0644\u0627\u0637 \u0627\u0644\u0634\u0631\u064a\u0637 \u0627\u0644\u0623\u0641\u0642\u064a \u0645\u0646 \u0633\u0644\u0633\u0644\u0629 CARH\u060c \u0627\u0644\u0645\u0635\u0645\u0645 \u0644\u0644\u062e\u0644\u0637 \u0627\u0644\u062f\u0642\u064a\u0642 \u0644\u0644\u0645\u0648\u0627\u062f \u0627\u0644\u0645\u0633\u062d\u0648\u0642\u0629 \u0623\u0648 \u0627\u0644\u0645\u0639\u062c\u0648\u0646\u0629\u060c<\/p>","protected":false},"featured_media":6942,"comment_status":"open","ping_status":"closed","template":"","meta":{"wds_primary_product_brand":0,"wds_primary_product_cat":0},"product_brand":[],"product_cat":[84],"product_tag":[],"class_list":{"0":"post-6929","1":"product","2":"type-product","3":"status-publish","4":"has-post-thumbnail","6":"product_cat-maquinas-para-hacer-pastillas","8":"first","9":"instock","10":"taxable","11":"shipping-taxable","12":"purchasable","13":"product-type-simple"},"yoast_head":"<!-- This site is optimized with the Yoast SEO Premium plugin v24.9 (Yoast SEO v26.1) - https:\/\/yoast.com\/wordpress\/plugins\/seo\/ -->\n<title>MEZCLADOR HORIZONTAL DE CINTA POLVO HOMOGENOS PARA VITAMINAS - distribuci\u00f3n ARC<\/title>\n<meta name=\"robots\" content=\"index, follow, max-snippet:-1, max-image-preview:large, max-video-preview:-1\" \/>\n<link rel=\"canonical\" href=\"https:\/\/distribucionarc.com\/ar\/\u0645\u0646\u062a\u062c\/\u0634\u0631\u064a\u0637-\u0623\u0641\u0642\u064a-\u062e\u0644\u0627\u0637-\u0628\u0648\u062f\u0631\u0629-\u0645\u062a\u062c\u0627\u0646\u0633-\u0644\u0644\u0641\u064a\u062a\u0627\u0645\u064a\u0646\/\" \/>\n<meta property=\"og:locale\" content=\"ar_AR\" \/>\n<meta property=\"og:type\" content=\"article\" \/>\n<meta property=\"og:title\" content=\"MEZCLADOR HORIZONTAL DE CINTA POLVO HOMOGENOS PARA VITAMINAS\" \/>\n<meta property=\"og:description\" content=\"Descubre el Mezclador Horizontal de Cinta artesa serie CARH, dise\u00f1ado para la mezcla precisa de materiales en polvo o pasta,\" \/>\n<meta property=\"og:url\" content=\"https:\/\/distribucionarc.com\/ar\/\u0645\u0646\u062a\u062c\/\u0634\u0631\u064a\u0637-\u0623\u0641\u0642\u064a-\u062e\u0644\u0627\u0637-\u0628\u0648\u062f\u0631\u0629-\u0645\u062a\u062c\u0627\u0646\u0633-\u0644\u0644\u0641\u064a\u062a\u0627\u0645\u064a\u0646\/\" \/>\n<meta property=\"og:site_name\" content=\"distribuci\u00f3n ARC\" \/>\n<meta property=\"article:modified_time\" content=\"2024-04-27T03:46:38+00:00\" \/>\n<meta property=\"og:image\" content=\"https:\/\/distribucionarc.com\/wp-content\/uploads\/2024\/04\/MEZCLADOR-HORIZONTAL-DE-CINTA-POLVO-HOMOGENOS-PARA-VITAMINAS.webp\" \/>\n\t<meta property=\"og:image:width\" content=\"1616\" \/>\n\t<meta property=\"og:image:height\" content=\"880\" \/>\n\t<meta property=\"og:image:type\" content=\"image\/webp\" \/>\n<meta name=\"twitter:card\" content=\"summary_large_image\" \/>\n<meta name=\"twitter:label1\" content=\"\u0648\u0642\u062a \u0627\u0644\u0642\u0631\u0627\u0621\u0629 \u0627\u0644\u0645\u064f\u0642\u062f\u0651\u0631\" \/>\n\t<meta name=\"twitter:data1\" content=\"\u062f\u0642\u064a\u0642\u0629 \u0648\u0627\u062d\u062f\u0629\" \/>\n<script type=\"application\/ld+json\" class=\"yoast-schema-graph\">{\"@context\":\"https:\/\/schema.org\",\"@graph\":[{\"@type\":\"WebPage\",\"@id\":\"https:\/\/distribucionarc.com\/hr\/producto\/mezclador-horizontal-de-cinta-polvo-homogenos-para-vitaminas\/\",\"url\":\"https:\/\/distribucionarc.com\/hr\/producto\/mezclador-horizontal-de-cinta-polvo-homogenos-para-vitaminas\/\",\"name\":\"MEZCLADOR HORIZONTAL DE CINTA POLVO HOMOGENOS PARA VITAMINAS - distribuci\u00f3n ARC\",\"isPartOf\":{\"@id\":\"https:\/\/www.distribucionarc.com\/sl\/#website\"},\"primaryImageOfPage\":{\"@id\":\"https:\/\/distribucionarc.com\/hr\/producto\/mezclador-horizontal-de-cinta-polvo-homogenos-para-vitaminas\/#primaryimage\"},\"image\":{\"@id\":\"https:\/\/distribucionarc.com\/hr\/producto\/mezclador-horizontal-de-cinta-polvo-homogenos-para-vitaminas\/#primaryimage\"},\"thumbnailUrl\":\"https:\/\/distribucionarc.com\/wp-content\/uploads\/2024\/04\/MEZCLADOR-HORIZONTAL-DE-CINTA-POLVO-HOMOGENOS-PARA-VITAMINAS.webp\",\"datePublished\":\"2024-04-26T19:21:57+00:00\",\"dateModified\":\"2024-04-27T03:46:38+00:00\",\"breadcrumb\":{\"@id\":\"https:\/\/distribucionarc.com\/hr\/producto\/mezclador-horizontal-de-cinta-polvo-homogenos-para-vitaminas\/#breadcrumb\"},\"inLanguage\":\"ar\",\"potentialAction\":[{\"@type\":\"ReadAction\",\"target\":[\"https:\/\/distribucionarc.com\/hr\/producto\/mezclador-horizontal-de-cinta-polvo-homogenos-para-vitaminas\/\"]}]},{\"@type\":\"ImageObject\",\"inLanguage\":\"ar\",\"@id\":\"https:\/\/distribucionarc.com\/hr\/producto\/mezclador-horizontal-de-cinta-polvo-homogenos-para-vitaminas\/#primaryimage\",\"url\":\"https:\/\/distribucionarc.com\/wp-content\/uploads\/2024\/04\/MEZCLADOR-HORIZONTAL-DE-CINTA-POLVO-HOMOGENOS-PARA-VITAMINAS.webp\",\"contentUrl\":\"https:\/\/distribucionarc.com\/wp-content\/uploads\/2024\/04\/MEZCLADOR-HORIZONTAL-DE-CINTA-POLVO-HOMOGENOS-PARA-VITAMINAS.webp\",\"width\":1616,\"height\":880,\"caption\":\"#image_title\"},{\"@type\":\"BreadcrumbList\",\"@id\":\"https:\/\/distribucionarc.com\/hr\/producto\/mezclador-horizontal-de-cinta-polvo-homogenos-para-vitaminas\/#breadcrumb\",\"itemListElement\":[{\"@type\":\"ListItem\",\"position\":1,\"name\":\"Portada\",\"item\":\"https:\/\/www.distribucionarc.com\/\"},{\"@type\":\"ListItem\",\"position\":2,\"name\":\"\u00dcr\u00fcnler\",\"item\":\"https:\/\/www.distribucionarc.com\/tr\/magaza\/\"},{\"@type\":\"ListItem\",\"position\":3,\"name\":\"MEZCLADOR HORIZONTAL DE CINTA POLVO HOMOGENOS PARA VITAMINAS\"}]},{\"@type\":\"WebSite\",\"@id\":\"https:\/\/www.distribucionarc.com\/sl\/#website\",\"url\":\"https:\/\/www.distribucionarc.com\/sl\/\",\"name\":\"distribuci\u00f3n ARC\",\"description\":\"Empresa especializada en la fabricaci\u00f3n y distribuci\u00f3n de maquinaria industrial, selladoras de latas, Maquinas de hacer pastillas, Maquinas de cortar carne...\",\"publisher\":{\"@id\":\"https:\/\/www.distribucionarc.com\/sl\/#organization\"},\"potentialAction\":[{\"@type\":\"SearchAction\",\"target\":{\"@type\":\"EntryPoint\",\"urlTemplate\":\"https:\/\/www.distribucionarc.com\/sl\/?s={search_term_string}\"},\"query-input\":{\"@type\":\"PropertyValueSpecification\",\"valueRequired\":true,\"valueName\":\"search_term_string\"}}],\"inLanguage\":\"ar\"},{\"@type\":\"Organization\",\"@id\":\"https:\/\/www.distribucionarc.com\/sl\/#organization\",\"name\":\"Distribuci\u00f3n ARC\",\"url\":\"https:\/\/www.distribucionarc.com\/sl\/\",\"logo\":{\"@type\":\"ImageObject\",\"inLanguage\":\"ar\",\"@id\":\"https:\/\/www.distribucionarc.com\/sl\/#\/schema\/logo\/image\/\",\"url\":\"https:\/\/distribucionarc.com\/wp-content\/uploads\/2024\/10\/distribucion-ARC-COLOR-SIN-FONDO-e1732295305345.png\",\"contentUrl\":\"https:\/\/distribucionarc.com\/wp-content\/uploads\/2024\/10\/distribucion-ARC-COLOR-SIN-FONDO-e1732295305345.png\",\"width\":1164,\"height\":558,\"caption\":\"Distribuci\u00f3n ARC\"},\"image\":{\"@id\":\"https:\/\/www.distribucionarc.com\/sl\/#\/schema\/logo\/image\/\"},\"description\":\"Empresa especializada en la fabricaci\u00f3n y distribuci\u00f3n de maquinaria industrial para los sectores alimentario y farmac\u00e9utico. Nos especializamos en: M\u00e1quinas de cortar carne Fabricaci\u00f3n de comprimidos Sistemas de transporte industrial L\u00edneas de embotellado Dosificadores Y mucho m\u00e1s... Ofrecemos soluciones innovadoras y personalizadas para optimizar los procesos productivos de tu empresa.\",\"email\":\"Admistracion@distribucionarc.com\",\"telephone\":\"+34 643496664\",\"legalName\":\"ARC TECH SOLUTIONS\",\"foundingDate\":\"2024-04-09\",\"vatID\":\"B55480172\",\"numberOfEmployees\":{\"@type\":\"QuantitativeValue\",\"minValue\":\"1\",\"maxValue\":\"10\"}}]}<\/script>\n<!-- \/ Yoast SEO Premium plugin. -->","yoast_head_json":{"title":"\u062e\u0644\u0627\u0637 \u0634\u0631\u064a\u0637\u064a \u0623\u0641\u0642\u064a \u0645\u0633\u062d\u0648\u0642 \u0645\u062a\u062c\u0627\u0646\u0633 \u0644\u0644\u0641\u064a\u062a\u0627\u0645\u064a\u0646\u0627\u062a - \u062a\u0648\u0632\u064a\u0639 ARC","robots":{"index":"index","follow":"follow","max-snippet":"max-snippet:-1","max-image-preview":"max-image-preview:large","max-video-preview":"max-video-preview:-1"},"canonical":"https:\/\/distribucionarc.com\/ar\/\u0645\u0646\u062a\u062c\/\u0634\u0631\u064a\u0637-\u0623\u0641\u0642\u064a-\u062e\u0644\u0627\u0637-\u0628\u0648\u062f\u0631\u0629-\u0645\u062a\u062c\u0627\u0646\u0633-\u0644\u0644\u0641\u064a\u062a\u0627\u0645\u064a\u0646\/","og_locale":"ar_AR","og_type":"article","og_title":"MEZCLADOR HORIZONTAL DE CINTA POLVO HOMOGENOS PARA VITAMINAS","og_description":"Descubre el Mezclador Horizontal de Cinta artesa serie CARH, dise\u00f1ado para la mezcla precisa de materiales en polvo o pasta,","og_url":"https:\/\/distribucionarc.com\/ar\/\u0645\u0646\u062a\u062c\/\u0634\u0631\u064a\u0637-\u0623\u0641\u0642\u064a-\u062e\u0644\u0627\u0637-\u0628\u0648\u062f\u0631\u0629-\u0645\u062a\u062c\u0627\u0646\u0633-\u0644\u0644\u0641\u064a\u062a\u0627\u0645\u064a\u0646\/","og_site_name":"distribuci\u00f3n ARC","article_modified_time":"2024-04-27T03:46:38+00:00","og_image":[{"width":1616,"height":880,"url":"https:\/\/distribucionarc.com\/wp-content\/uploads\/2024\/04\/MEZCLADOR-HORIZONTAL-DE-CINTA-POLVO-HOMOGENOS-PARA-VITAMINAS.webp","type":"image\/webp"}],"twitter_card":"summary_large_image","twitter_misc":{"\u0648\u0642\u062a \u0627\u0644\u0642\u0631\u0627\u0621\u0629 \u0627\u0644\u0645\u064f\u0642\u062f\u0651\u0631":"\u062f\u0642\u064a\u0642\u0629 \u0648\u0627\u062d\u062f\u0629"},"schema":{"@context":"https:\/\/schema.org","@graph":[{"@type":"WebPage","@id":"https:\/\/distribucionarc.com\/hr\/producto\/mezclador-horizontal-de-cinta-polvo-homogenos-para-vitaminas\/","url":"https:\/\/distribucionarc.com\/hr\/producto\/mezclador-horizontal-de-cinta-polvo-homogenos-para-vitaminas\/","name":"\u062e\u0644\u0627\u0637 \u0634\u0631\u064a\u0637\u064a \u0623\u0641\u0642\u064a \u0645\u0633\u062d\u0648\u0642 \u0645\u062a\u062c\u0627\u0646\u0633 \u0644\u0644\u0641\u064a\u062a\u0627\u0645\u064a\u0646\u0627\u062a - \u062a\u0648\u0632\u064a\u0639 ARC","isPartOf":{"@id":"https:\/\/www.distribucionarc.com\/sl\/#website"},"primaryImageOfPage":{"@id":"https:\/\/distribucionarc.com\/hr\/producto\/mezclador-horizontal-de-cinta-polvo-homogenos-para-vitaminas\/#primaryimage"},"image":{"@id":"https:\/\/distribucionarc.com\/hr\/producto\/mezclador-horizontal-de-cinta-polvo-homogenos-para-vitaminas\/#primaryimage"},"thumbnailUrl":"https:\/\/distribucionarc.com\/wp-content\/uploads\/2024\/04\/MEZCLADOR-HORIZONTAL-DE-CINTA-POLVO-HOMOGENOS-PARA-VITAMINAS.webp","datePublished":"2024-04-26T19:21:57+00:00","dateModified":"2024-04-27T03:46:38+00:00","breadcrumb":{"@id":"https:\/\/distribucionarc.com\/hr\/producto\/mezclador-horizontal-de-cinta-polvo-homogenos-para-vitaminas\/#breadcrumb"},"inLanguage":"ar","potentialAction":[{"@type":"ReadAction","target":["https:\/\/distribucionarc.com\/hr\/producto\/mezclador-horizontal-de-cinta-polvo-homogenos-para-vitaminas\/"]}]},{"@type":"ImageObject","inLanguage":"ar","@id":"https:\/\/distribucionarc.com\/hr\/producto\/mezclador-horizontal-de-cinta-polvo-homogenos-para-vitaminas\/#primaryimage","url":"https:\/\/distribucionarc.com\/wp-content\/uploads\/2024\/04\/MEZCLADOR-HORIZONTAL-DE-CINTA-POLVO-HOMOGENOS-PARA-VITAMINAS.webp","contentUrl":"https:\/\/distribucionarc.com\/wp-content\/uploads\/2024\/04\/MEZCLADOR-HORIZONTAL-DE-CINTA-POLVO-HOMOGENOS-PARA-VITAMINAS.webp","width":1616,"height":880,"caption":"#image_title"},{"@type":"BreadcrumbList","@id":"https:\/\/distribucionarc.com\/hr\/producto\/mezclador-horizontal-de-cinta-polvo-homogenos-para-vitaminas\/#breadcrumb","itemListElement":[{"@type":"ListItem","position":1,"name":"Portada","item":"https:\/\/www.distribucionarc.com\/"},{"@type":"ListItem","position":2,"name":"\u00dcr\u00fcnler","item":"https:\/\/www.distribucionarc.com\/tr\/magaza\/"},{"@type":"ListItem","position":3,"name":"MEZCLADOR HORIZONTAL DE CINTA POLVO HOMOGENOS PARA VITAMINAS"}]},{"@type":"WebSite","@id":"https:\/\/www.distribucionarc.com\/sl\/#website","url":"https:\/\/www.distribucionarc.com\/sl\/","name":"\u062a\u0648\u0632\u064a\u0639 \u0627\u0644\u0642\u0648\u0633","description":"\u0634\u0631\u0643\u0629 \u0645\u062a\u062e\u0635\u0635\u0629 \u0641\u064a \u062a\u0635\u0646\u064a\u0639 \u0648\u062a\u0648\u0632\u064a\u0639 \u0627\u0644\u0622\u0644\u0627\u062a \u0627\u0644\u0635\u0646\u0627\u0639\u064a\u0629\u060c \u0648\u0645\u0627\u0643\u064a\u0646\u0627\u062a \u062e\u062a\u0645 \u0627\u0644\u0639\u0644\u0628\u060c \u0648\u0645\u0627\u0643\u064a\u0646\u0627\u062a \u0635\u0646\u0639 \u0627\u0644\u0623\u0642\u0631\u0627\u0635\u060c \u0648\u0645\u0627\u0643\u064a\u0646\u0627\u062a \u062a\u0642\u0637\u064a\u0639 \u0627\u0644\u0644\u062d\u0648\u0645...","publisher":{"@id":"https:\/\/www.distribucionarc.com\/sl\/#organization"},"potentialAction":[{"@type":"SearchAction","target":{"@type":"EntryPoint","urlTemplate":"https:\/\/www.distribucionarc.com\/sl\/?s={search_term_string}"},"query-input":{"@type":"PropertyValueSpecification","valueRequired":true,"valueName":"search_term_string"}}],"inLanguage":"ar"},{"@type":"Organization","@id":"https:\/\/www.distribucionarc.com\/sl\/#organization","name":"\u062a\u0648\u0632\u064a\u0639 \u0622\u0631\u0643","url":"https:\/\/www.distribucionarc.com\/sl\/","logo":{"@type":"ImageObject","inLanguage":"ar","@id":"https:\/\/www.distribucionarc.com\/sl\/#\/schema\/logo\/image\/","url":"https:\/\/distribucionarc.com\/wp-content\/uploads\/2024\/10\/distribucion-ARC-COLOR-SIN-FONDO-e1732295305345.png","contentUrl":"https:\/\/distribucionarc.com\/wp-content\/uploads\/2024\/10\/distribucion-ARC-COLOR-SIN-FONDO-e1732295305345.png","width":1164,"height":558,"caption":"Distribuci\u00f3n ARC"},"image":{"@id":"https:\/\/www.distribucionarc.com\/sl\/#\/schema\/logo\/image\/"},"description":"\u0634\u0631\u0643\u0629 \u0645\u062a\u062e\u0635\u0635\u0629 \u0641\u064a \u062a\u0635\u0646\u064a\u0639 \u0648\u062a\u0648\u0632\u064a\u0639 \u0627\u0644\u0622\u0644\u0627\u062a \u0627\u0644\u0635\u0646\u0627\u0639\u064a\u0629 \u0644\u0642\u0637\u0627\u0639\u064a \u0627\u0644\u0623\u063a\u0630\u064a\u0629 \u0648\u0627\u0644\u0623\u062f\u0648\u064a\u0629. \u0646\u062d\u0646 \u0645\u062a\u062e\u0635\u0635\u0648\u0646 \u0641\u064a: \u0645\u0627\u0643\u064a\u0646\u0627\u062a \u062a\u0642\u0637\u064a\u0639 \u0627\u0644\u0644\u062d\u0648\u0645 \u062a\u0635\u0646\u064a\u0639 \u0627\u0644\u0623\u0642\u0631\u0627\u0635 \u0623\u0646\u0638\u0645\u0629 \u0627\u0644\u0646\u0642\u0644 \u0627\u0644\u0635\u0646\u0627\u0639\u064a\u0629 \u062e\u0637\u0648\u0637 \u0627\u0644\u062a\u0639\u0628\u0626\u0629 \u0648\u0627\u0644\u062a\u063a\u0644\u064a\u0641 \u0627\u0644\u0645\u0648\u0632\u0639\u0627\u062a \u0648\u0623\u0643\u062b\u0631 \u0645\u0646 \u0630\u0644\u0643 \u0628\u0643\u062b\u064a\u0631... \u0646\u062d\u0646 \u0646\u0642\u062f\u0645 \u062d\u0644\u0648\u0644\u0627\u064b \u0645\u0628\u062a\u0643\u0631\u0629 \u0648\u0645\u062e\u0635\u0635\u0629 \u0644\u062a\u062d\u0633\u064a\u0646 \u0639\u0645\u0644\u064a\u0627\u062a \u0627\u0644\u0625\u0646\u062a\u0627\u062c \u0641\u064a \u0634\u0631\u0643\u062a\u0643.","email":"Admistracion@distribucionarc.com","telephone":"+34 643496664","legalName":"ARC TECH SOLUTIONS","foundingDate":"2024-04-09","vatID":"B55480172","numberOfEmployees":{"@type":"QuantitativeValue","minValue":"1","maxValue":"10"}}]}},"_links":{"self":[{"href":"https:\/\/distribucionarc.com\/ar\/wp-json\/wp\/v2\/product\/6929","targetHints":{"allow":["GET"]}}],"collection":[{"href":"https:\/\/distribucionarc.com\/ar\/wp-json\/wp\/v2\/product"}],"about":[{"href":"https:\/\/distribucionarc.com\/ar\/wp-json\/wp\/v2\/types\/product"}],"replies":[{"embeddable":true,"href":"https:\/\/distribucionarc.com\/ar\/wp-json\/wp\/v2\/comments?post=6929"}],"version-history":[{"count":0,"href":"https:\/\/distribucionarc.com\/ar\/wp-json\/wp\/v2\/product\/6929\/revisions"}],"wp:featuredmedia":[{"embeddable":true,"href":"https:\/\/distribucionarc.com\/ar\/wp-json\/wp\/v2\/media\/6942"}],"wp:attachment":[{"href":"https:\/\/distribucionarc.com\/ar\/wp-json\/wp\/v2\/media?parent=6929"}],"wp:term":[{"taxonomy":"product_brand","embeddable":true,"href":"https:\/\/distribucionarc.com\/ar\/wp-json\/wp\/v2\/product_brand?post=6929"},{"taxonomy":"product_cat","embeddable":true,"href":"https:\/\/distribucionarc.com\/ar\/wp-json\/wp\/v2\/product_cat?post=6929"},{"taxonomy":"product_tag","embeddable":true,"href":"https:\/\/distribucionarc.com\/ar\/wp-json\/wp\/v2\/product_tag?post=6929"}],"curies":[{"name":"wp","href":"https:\/\/api.w.org\/{rel}","templated":true}]}}