{"id":820,"date":"2020-07-12T16:37:37","date_gmt":"2020-07-12T16:37:37","guid":{"rendered":"https:\/\/distribucionarc.com\/?post_type=product&#038;p=820"},"modified":"2020-09-26T15:30:52","modified_gmt":"2020-09-26T15:30:52","slug":"%d8%a2%d9%84%d8%a9-%d9%81%d8%b7%d9%8a%d8%b1%d8%a9","status":"publish","type":"product","link":"https:\/\/distribucionarc.com\/ar\/producto\/maquina-de-panqueques\/","title":{"rendered":"\u0645\u0627\u0643\u064a\u0646\u0629 \u0645\u064a\u0646\u064a \u0628\u0627\u0646 \u0643\u064a\u0643"},"content":{"rendered":"<h3>\u0645\u0627\u0643\u064a\u0646\u0629 \u0645\u064a\u0646\u064a \u0628\u0627\u0646 \u0643\u064a\u0643<\/h3>\n<p>\u0647\u0630\u0627<strong> \u0622\u0644\u0629 \u0641\u0637\u064a\u0631\u0629<\/strong> \u064a\u062a\u0645 \u062a\u063a\u0637\u064a\u0629 \u0627\u0644\u0645\u062d\u062a\u0631\u0641\u064a\u0646 \u0628\u0639\u0644\u0628\u0629 \u0645\u0646 \u0627\u0644\u0641\u0648\u0644\u0627\u0630 \u0627\u0644\u0645\u0642\u0627\u0648\u0645 \u0644\u0644\u0635\u062f\u0623 \u0639\u0627\u0644\u064a \u0627\u0644\u062c\u0648\u062f\u0629 \u0648\u0635\u0627\u0644\u062d \u0644\u0644\u0637\u0639\u0627\u0645 \u0648\u0644\u0648\u062d\u0629 \u0645\u0646 \u0627\u0644\u062d\u062f\u064a\u062f \u0627\u0644\u0632\u0647\u0631 \u0645\u0637\u0644\u064a\u0629 \u063a\u064a\u0631 \u0644\u0627\u0635\u0642\u0629. \u0635\u062d\u064a\u0629 \u0648\u062f\u0627\u0626\u0645\u0629.<\/p>\n<p>\u0644\u0648\u062d\u0629 \u0645\u0646 \u0627\u0644\u062d\u062f\u064a\u062f \u0627\u0644\u0632\u0647\u0631 \u0639\u0627\u0644\u064a\u0629 \u0627\u0644\u062a\u0648\u0635\u064a\u0644 \u062a\u0648\u0632\u0639 \u0627\u0644\u062d\u0631\u0627\u0631\u0629 \u0628\u0627\u0644\u062a\u0633\u0627\u0648\u064a \u0648\u062a\u0648\u0641\u0631\u0647\u0627 <strong>\u0627\u0644\u0641\u0637\u0627\u0626\u0631<\/strong> \u0630\u0647\u0628\u064a\u0629 \u0628\u0645\u0633\u0627\u062d\u0629 \u062e\u0628\u0632 \u0643\u0628\u064a\u0631\u0629 (260\u00d7260 \u0645\u0644\u0645). \u064a\u0633\u062a\u063a\u0631\u0642 \u0627\u0644\u0637\u0647\u064a \u0627\u0644\u0645\u062a\u0632\u0627\u0645\u0646 \u0644\u0645\u0627 \u064a\u0635\u0644 \u0625\u0644\u0649 25 \u0641\u0637\u064a\u0631\u0629 (45 \u00d7 10 \u0645\u0645) \u0645\u0646 3 \u0625\u0644\u0649 5 \u062f\u0642\u0627\u0626\u0642 \u0641\u0642\u0637.<\/p>\n<p>\u0627\u0644 <strong>\u0622\u0644\u0629 \u0641\u0637\u064a\u0631\u0629<\/strong> \u0644 <strong><span style=\"color: #ff0000;\">\u0644<\/span><span style=\"color: #0000ff;\">\u0631<\/span>CMP1<\/strong> \u0648\u0647\u064a \u0645\u062c\u0647\u0632\u0629 \u0628\u0645\u0646\u0638\u0645\u064a \u062d\u0631\u0627\u0631\u0629 \u0648\u0645\u0624\u0642\u062a \u0644\u0645\u062f\u0629 5 \u062f\u0642\u0627\u0626\u0642\u060c \u0645\u0645\u0627 \u064a\u0633\u0645\u062d \u0628\u0627\u0644\u062a\u062d\u0643\u0645 \u0627\u0644\u0645\u0646\u0641\u0635\u0644 \u0641\u064a \u0645\u0646\u0637\u0642\u062a\u064a\u0646 \u0645\u062e\u062a\u0644\u0641\u062a\u064a\u0646. \u0646\u0637\u0627\u0642 \u062f\u0631\u062c\u0629 \u0627\u0644\u062d\u0631\u0627\u0631\u0629 \u0647\u0648 50-300 \u062f\u0631\u062c\u0629 \u0645\u0626\u0648\u064a\u0629.<\/p>\n<p>\u0628\u0639\u062f \u062e\u0628\u0632 \u0627\u0644\u0641\u0637\u0627\u0626\u0631 \u0628\u0647\u0630\u0647 \u0627\u0644\u0622\u0644\u0629\u060c \u064a\u0645\u0643\u0646\u0643 \u0628\u0628\u0633\u0627\u0637\u0629 \u062a\u0646\u0638\u064a\u0641\u0647\u0627 \u0628\u0627\u0633\u062a\u062e\u062f\u0627\u0645 \u0625\u0633\u0641\u0646\u062c\u0629 \u063a\u064a\u0631 \u0643\u0627\u0634\u0637\u0629 \u0648\u0642\u0644\u064a\u0644 \u0645\u0646 \u0645\u0646\u0638\u0641 \u063a\u0633\u0644 \u0627\u0644\u0623\u0637\u0628\u0627\u0642\u060c \u0644\u0623\u0646 \u0627\u0644\u0625\u0633\u0641\u0646\u062c\u0629 \u0627\u0644\u0643\u0627\u0634\u0637\u0629 \u064a\u0645\u0643\u0646 \u0623\u0646 \u062a\u0644\u062d\u0642 \u0627\u0644\u0636\u0631\u0631 \u0628\u0627\u0644\u0633\u0637\u062d \u063a\u064a\u0631 \u0627\u0644\u0644\u0627\u0635\u0642 \u0623\u0648 \u062a\u0632\u064a\u0644\u0647.<\/p>\n<p>\u0645\u064a\u0646\u064a <strong>\u0622\u0644\u0629 \u062e\u0628\u0632 \u0627\u0644\u0641\u0637\u0627\u0626\u0631<\/strong> \u0645\u0646\u0627\u0633\u0628 \u0644\u0644\u062e\u0628\u0632 <strong>dorayaki<\/strong>, <strong>\u0646\u0633\u064a\u062c \u0627\u0644\u0643\u0631\u0646\u0628<\/strong>, <strong>poffertjes<\/strong>, <strong>\u0627\u0644\u0643\u0639\u0643<\/strong> \u0648<strong> \u0627\u0644\u0641\u0637\u0627\u0626\u0631 \u0627\u0644\u0647\u0648\u0644\u0646\u062f\u064a\u0629<\/strong>. \u063a\u0627\u0644\u0628\u064b\u0627 \u0645\u0627 \u064a\u0633\u062a\u062e\u062f\u0645 \u0641\u064a \u0627\u0644\u0645\u0637\u0627\u0639\u0645 \u0648\u0627\u0644\u0645\u0642\u0627\u0647\u064a \u0648\u0627\u0644\u0645\u062c\u0645\u062f\u0627\u062a \u0648\u0627\u0644\u0645\u0642\u0627\u0635\u0641 \u0648\u063a\u064a\u0631\u0647\u0627 \u0645\u0646 \u0627\u0644\u0635\u0646\u0627\u0639\u0627\u062a \u0627\u0644\u063a\u0630\u0627\u0626\u064a\u0629.<\/p>\n<p><b>\u0636\u0645\u0627\u0646<\/b><strong>\u00a0<\/strong><span style=\"color: #ff0000;\"><strong>\u0644<\/strong><\/span><span style=\"color: #0000ff;\"><strong>\u0631<\/strong><\/span><strong>\u062c 2 \u0633\u0646\u0629<\/strong><\/p>\n<p><span style=\"color: #008000;\"><b>\u0645\u0627\u0643\u064a\u0646\u0629 \u0635\u0646\u0639 \u0627\u0644\u0641\u0637\u0627\u0626\u0631 \u0630\u0627\u062a \u0627\u0633\u062a\u0647\u0644\u0627\u0643 \u0645\u0646\u062e\u0641\u0636 600 \u0648\u0627\u062a<\/b><\/span><\/p>\n<p><b>\u064a\u0634\u0645\u0644 \u0627\u0644\u062f\u0639\u0645 \u0627\u0644\u0641\u0646\u064a.\u00a0<\/b><\/p>\n<p>&nbsp;<\/p>\n<table role=\"presentation\" width=\"100%\" cellspacing=\"0\" cellpadding=\"0\">\n<tbody>\n<tr>\n<td class=\"attrLabels\">\u062f\u0631\u062c\u0629 \u062d\u0631\u0627\u0631\u0629:<\/td>\n<td width=\"50.0%\">50-300 \u062f\u0631\u062c\u0629 \u0645\u0626\u0648\u064a\u0629<\/td>\n<\/tr>\n<tr>\n<td class=\"attrLabels\">\u0628\u0644\u062f \u0627\u0644\u062a\u0648\u0632\u064a\u0639:<\/td>\n<td width=\"50.0%\">\u0627\u0633\u0628\u0627\u0646\u064a\u0627\u060c \u0623\u0644\u0645\u0627\u0646\u064a\u0627\u060c \u0627\u0644\u0648\u0644\u0627\u064a\u0627\u062a \u0627\u0644\u0645\u062a\u062d\u062f\u0629 \u0627\u0644\u0623\u0645\u0631\u064a\u0643\u064a\u0629<\/td>\n<td class=\"attrLabels\">\u0648\u0632\u0646:<\/td>\n<td width=\"50.0%\">7 \u0643\u062c\u0645<\/td>\n<\/tr>\n<tr>\n<td class=\"attrLabels\">\u0645\u0627\u0631\u0643\u0629:<\/td>\n<td width=\"50.0%\">\u0642\u0648\u0633<\/td>\n<td class=\"attrLabels\">\u0627\u0631\u062a\u0641\u0627\u0639:<\/td>\n<td width=\"50.0%\">7.5 \u0633\u0645<\/td>\n<\/tr>\n<tr>\n<td class=\"attrLabels\">\u0644\u0648\u0646:<\/td>\n<td width=\"50.0%\">\u0641\u0636\u064a<\/td>\n<td class=\"attrLabels\">\u0637\u0648\u064a\u0644:<\/td>\n<td width=\"50.0%\">14 \u0633\u0645<\/td>\n<\/tr>\n<tr>\n<td class=\"attrLabels\">\u0646\u0648\u0639 \u0627\u0644\u0645\u0646\u062a\u062c:<\/td>\n<td width=\"50.0%\">\u0622\u0644\u0629 \u0627\u0644\u0641\u0637\u0627\u0626\u0631<\/td>\n<td class=\"attrLabels\">\u0648\u0627\u0633\u0639:<\/td>\n<td width=\"50.0%\">12 \u0633\u0645<\/td>\n<\/tr>\n<tr>\n<td class=\"attrLabels\">\u0631\u0642\u0645 \u0627\u0644\u0634\u0631\u0643\u0629 \u0627\u0644\u0645\u0635\u0646\u0639\u0629:<\/td>\n<td width=\"50.0%\"><span style=\"color: #ff0000;\">\u0644<\/span><span style=\"color: #0000ff;\">\u0631<\/span>CMP1<\/td>\n<td class=\"attrLabels\">\u0642\u0648\u0629:<\/td>\n<td width=\"50.0%\">600 \u0648\u0627\u0637<\/td>\n<\/tr>\n<tr>\n<td class=\"attrLabels\">\u0645\u0627\u062f\u0629:<\/td>\n<td width=\"50.0%\">\u0627\u0644\u0641\u0648\u0644\u0627\u0630 \u0627\u0644\u0645\u0642\u0627\u0648\u0645 \u0644\u0644\u0635\u062f\u0623\u060c \u063a\u064a\u0631 \u0644\u0627\u0635\u0642\u0629<\/td>\n<td class=\"attrLabels\">\u062c\u0647\u062f \u0627\u0644\u0625\u062f\u062e\u0627\u0644<\/td>\n<td width=\"50.0%\">230 \u0641\u0648\u0644\u062a \u2013 50 \u0647\u0631\u062a\u0632<\/td>\n<\/tr>\n<tr>\n<td class=\"attrLabels\">\u062d\u062c\u0645 \u0627\u0644\u0641\u0637\u064a\u0631\u0629:<\/td>\n<td width=\"50.0%\">4.5 \u00d7 1 \u0633\u0645<\/td>\n<td class=\"attrLabels\">\u0636\u0645\u0627\u0646<\/td>\n<td width=\"50.0%\">\u00a0<span style=\"color: #ff0000;\">\u0644<\/span><span style=\"color: #0000ff;\">\u0631<\/span>\u062c 2 \u0633\u0646\u0629<\/td>\n<\/tr>\n<tr>\n<td class=\"attrLabels\">\u0648\u0642\u062a \u0627\u0644\u062a\u0633\u062e\u064a\u0646:<\/td>\n<td width=\"50.0%\">0-5 \u062f\u0642\u0627\u0626\u0642<\/td>\n<td class=\"attrLabels\">\u0645\u062d\u062a\u0648\u0649 \u0627\u0644\u062d\u0632\u0645\u0629<\/td>\n<td width=\"50.0%\">1 \u00d7 \u0622\u0644\u0629 \u0627\u0644\u0641\u0637\u0627\u0626\u0631<\/p>\n<p>4 \u00d7 \u0625\u0633\u0641\u0646\u062c\u0629 \u062a\u0646\u0638\u064a\u0641<\/p>\n<p>2 \u00d7 \u0641\u0631\u0634\u0627\u0629<\/p>\n<p>1 \u00d7 \u0645\u0642\u0634\u062f\u0629<\/p>\n<p>1 \u00d7 \u0645\u0644\u0642\u0637 \u0637\u0639\u0627\u0645<\/td>\n<\/tr>\n<\/tbody>\n<\/table>\n<p>&nbsp;<\/p>","protected":false},"excerpt":{"rendered":"<h2>\u0622\u0644\u0629 \u0641\u0637\u064a\u0631\u0629<\/h2>\n<p><strong>\u0635\u0627\u0646\u0639 \u0627\u0644\u0648\u0627\u0641\u0644 \u0627\u0644\u0627\u062d\u062a\u0631\u0627\u0641\u064a<\/strong> <span style=\"color: #ff0000;\">\u0644<\/span><span style=\"color: #0000ff;\">\u0631<\/span>\u062c- \u0641\u0637\u0627\u0626\u0631 \u0635\u063a\u064a\u0631\u0629 \u0631\u0642\u064a\u0642\u0629 \u0630\u0627\u062a \u0642\u0648\u0627\u0645 \u062e\u0641\u064a\u0641 \u0648\u0631\u0642\u064a\u0642. \u0645\u062b\u0627\u0644\u064a\u0629 \u0644\u062a\u0646\u0627\u0648\u0644 \u0627\u0644\u0625\u0641\u0637\u0627\u0631 \u0623\u0648 \u0643\u0641\u0627\u062a\u062d \u0644\u0644\u0634\u0647\u064a\u0629. \u0645\u0639 \u0647\u0630\u0627 <strong>\u0635\u0627\u0646\u0639 \u0627\u0644\u0648\u0627\u0641\u0644 \u0627\u0644\u0627\u062d\u062a\u0631\u0627\u0641\u064a<\/strong> <span style=\"color: #ff0000;\">\u0644<\/span><span style=\"color: #0000ff;\">\u0631<\/span>\u064a\u0645\u0643\u0646 \u0644\u0640 CMP1 \u062e\u0628\u0632 \u0645\u0627 \u064a\u0635\u0644 \u0625\u0644\u0649 25 \u0641\u0637\u064a\u0631\u0629 \u0635\u063a\u064a\u0631\u0629 \u0641\u064a \u0627\u0644\u0645\u0631\u0629 \u0627\u0644\u0648\u0627\u062d\u062f\u0629 \u062e\u0644\u0627\u0644 3-5 \u062f\u0642\u0627\u0626\u0642 \u0641\u0642\u0637\u060c \u0645\u0645\u0627 \u064a\u062c\u0639\u0644\u0647\u0627 \u0623\u0643\u062b\u0631 \u0645\u0644\u0627\u0621\u0645\u0629 \u0644\u0643 \u0644\u062a\u0642\u062f\u064a\u0645 \u0647\u0630\u0647 \u0627\u0644\u0645\u0642\u0628\u0644\u0627\u062a \u0628\u0633\u0631\u0639\u0629 \u062f\u0648\u0646 \u062c\u0639\u0644 \u0639\u0645\u0644\u0627\u0626\u0643 \u064a\u0646\u062a\u0638\u0631\u0648\u0646.<\/p>\n<p>&nbsp;<\/p>\n<p><b>\u0636\u0645\u0627\u0646<\/b><strong>\u00a0<\/strong><span style=\"color: #ff0000;\"><strong>\u0644<\/strong><span style=\"color: #0000ff;\"><strong>\u0631<\/strong><\/span><\/span><strong>\u062c 2 \u0633\u0646\u0629<\/strong><\/p>\n<p><span style=\"color: #008000;\"><b>\u0645\u0627\u0643\u064a\u0646\u0629 \u0635\u0646\u0639 \u0627\u0644\u0641\u0637\u0627\u0626\u0631 600 \u0648\u0627\u0637<\/b><\/span><\/p>\n<p><b>\u064a\u0634\u0645\u0644 \u0627\u0644\u062f\u0639\u0645 \u0627\u0644\u0641\u0646\u064a.<\/b><\/p>","protected":false},"featured_media":830,"comment_status":"open","ping_status":"closed","template":"","meta":{"wds_primary_product_brand":0,"wds_primary_product_cat":0},"product_brand":[],"product_cat":[51],"product_tag":[],"class_list":{"0":"post-820","1":"product","2":"type-product","3":"status-publish","4":"has-post-thumbnail","6":"product_cat-gofreras-profesionales","7":"product_shipping_class-hosteleria","9":"first","10":"instock","11":"sale","12":"taxable","13":"shipping-taxable","14":"purchasable","15":"product-type-simple"},"yoast_head":"<!-- This site is optimized with the Yoast SEO Premium plugin v24.9 (Yoast SEO v26.1) - https:\/\/yoast.com\/wordpress\/plugins\/seo\/ -->\n<title>M\u00e1quina de mini Pancakes - distribuci\u00f3n ARC<\/title>\n<meta name=\"robots\" content=\"index, follow, max-snippet:-1, max-image-preview:large, max-video-preview:-1\" \/>\n<link rel=\"canonical\" href=\"https:\/\/distribucionarc.com\/ar\/\u0645\u0646\u062a\u062c\/\u0622\u0644\u0629-\u0641\u0637\u064a\u0631\u0629\/\" \/>\n<meta property=\"og:locale\" content=\"ar_AR\" \/>\n<meta property=\"og:type\" content=\"article\" \/>\n<meta property=\"og:title\" content=\"M\u00e1quina de mini Pancakes\" \/>\n<meta property=\"og:description\" content=\"M\u00e1quina de pancakes Gofrera profesional ARC Peque\u00f1os panqueques esponjosos con una textura ligera y esponjosa. Perfecto para el desayuno o como aperitivo. Con esta gofrera profesional ARCMP1, puede hornear hasta 25 tortitas peque\u00f1as a la vez en s\u00f3lo 3-5 minutos, por lo que es m\u00e1s c\u00f3modo para usted servir este aperitivo r\u00e1pidamente sin hacer esperar a sus clientes.  &nbsp;  Garant\u00eda\u00a0ARC 2 A\u00d1OS  Maquina de Panqueques 600W  soporte t\u00e9cnico incluido.\" \/>\n<meta property=\"og:url\" content=\"https:\/\/distribucionarc.com\/ar\/\u0645\u0646\u062a\u062c\/\u0622\u0644\u0629-\u0641\u0637\u064a\u0631\u0629\/\" \/>\n<meta property=\"og:site_name\" content=\"distribuci\u00f3n ARC\" \/>\n<meta property=\"article:modified_time\" content=\"2020-09-26T15:30:52+00:00\" \/>\n<meta property=\"og:image\" content=\"https:\/\/distribucionarc.com\/wp-content\/uploads\/2020\/07\/M\u00e1quina-de-Panqueques-3.jpg\" \/>\n\t<meta property=\"og:image:width\" content=\"1600\" \/>\n\t<meta property=\"og:image:height\" content=\"1600\" \/>\n\t<meta property=\"og:image:type\" content=\"image\/jpeg\" \/>\n<meta name=\"twitter:card\" content=\"summary_large_image\" \/>\n<meta name=\"twitter:label1\" content=\"\u0648\u0642\u062a \u0627\u0644\u0642\u0631\u0627\u0621\u0629 \u0627\u0644\u0645\u064f\u0642\u062f\u0651\u0631\" \/>\n\t<meta name=\"twitter:data1\" content=\"\u062f\u0642\u064a\u0642\u0629 \u0648\u0627\u062d\u062f\u0629\" \/>\n<script type=\"application\/ld+json\" class=\"yoast-schema-graph\">{\"@context\":\"https:\/\/schema.org\",\"@graph\":[{\"@type\":\"WebPage\",\"@id\":\"https:\/\/distribucionarc.com\/en\/producto\/maquina-de-panqueques\/\",\"url\":\"https:\/\/distribucionarc.com\/en\/producto\/maquina-de-panqueques\/\",\"name\":\"M\u00e1quina de mini Pancakes - distribuci\u00f3n ARC\",\"isPartOf\":{\"@id\":\"https:\/\/www.distribucionarc.com\/sl\/#website\"},\"primaryImageOfPage\":{\"@id\":\"https:\/\/distribucionarc.com\/en\/producto\/maquina-de-panqueques\/#primaryimage\"},\"image\":{\"@id\":\"https:\/\/distribucionarc.com\/en\/producto\/maquina-de-panqueques\/#primaryimage\"},\"thumbnailUrl\":\"https:\/\/distribucionarc.com\/wp-content\/uploads\/2020\/07\/M\u00e1quina-de-Panqueques-3.jpg\",\"datePublished\":\"2020-07-12T16:37:37+00:00\",\"dateModified\":\"2020-09-26T15:30:52+00:00\",\"breadcrumb\":{\"@id\":\"https:\/\/distribucionarc.com\/en\/producto\/maquina-de-panqueques\/#breadcrumb\"},\"inLanguage\":\"ar\",\"potentialAction\":[{\"@type\":\"ReadAction\",\"target\":[\"https:\/\/distribucionarc.com\/en\/producto\/maquina-de-panqueques\/\"]}]},{\"@type\":\"ImageObject\",\"inLanguage\":\"ar\",\"@id\":\"https:\/\/distribucionarc.com\/en\/producto\/maquina-de-panqueques\/#primaryimage\",\"url\":\"https:\/\/distribucionarc.com\/wp-content\/uploads\/2020\/07\/M\u00e1quina-de-Panqueques-3.jpg\",\"contentUrl\":\"https:\/\/distribucionarc.com\/wp-content\/uploads\/2020\/07\/M\u00e1quina-de-Panqueques-3.jpg\",\"width\":1600,\"height\":1600,\"caption\":\"M\u00e1quina de panqueques\"},{\"@type\":\"BreadcrumbList\",\"@id\":\"https:\/\/distribucionarc.com\/en\/producto\/maquina-de-panqueques\/#breadcrumb\",\"itemListElement\":[{\"@type\":\"ListItem\",\"position\":1,\"name\":\"Portada\",\"item\":\"https:\/\/www.distribucionarc.com\/\"},{\"@type\":\"ListItem\",\"position\":2,\"name\":\"\u00dcr\u00fcnler\",\"item\":\"https:\/\/www.distribucionarc.com\/tr\/magaza\/\"},{\"@type\":\"ListItem\",\"position\":3,\"name\":\"M\u00e1quina de mini Pancakes\"}]},{\"@type\":\"WebSite\",\"@id\":\"https:\/\/www.distribucionarc.com\/sl\/#website\",\"url\":\"https:\/\/www.distribucionarc.com\/sl\/\",\"name\":\"distribuci\u00f3n ARC\",\"description\":\"Empresa especializada en la fabricaci\u00f3n y distribuci\u00f3n de maquinaria industrial, selladoras de latas, Maquinas de hacer pastillas, Maquinas de cortar carne...\",\"publisher\":{\"@id\":\"https:\/\/www.distribucionarc.com\/sl\/#organization\"},\"potentialAction\":[{\"@type\":\"SearchAction\",\"target\":{\"@type\":\"EntryPoint\",\"urlTemplate\":\"https:\/\/www.distribucionarc.com\/sl\/?s={search_term_string}\"},\"query-input\":{\"@type\":\"PropertyValueSpecification\",\"valueRequired\":true,\"valueName\":\"search_term_string\"}}],\"inLanguage\":\"ar\"},{\"@type\":\"Organization\",\"@id\":\"https:\/\/www.distribucionarc.com\/sl\/#organization\",\"name\":\"Distribuci\u00f3n ARC\",\"url\":\"https:\/\/www.distribucionarc.com\/sl\/\",\"logo\":{\"@type\":\"ImageObject\",\"inLanguage\":\"ar\",\"@id\":\"https:\/\/www.distribucionarc.com\/sl\/#\/schema\/logo\/image\/\",\"url\":\"https:\/\/distribucionarc.com\/wp-content\/uploads\/2024\/10\/distribucion-ARC-COLOR-SIN-FONDO-e1732295305345.png\",\"contentUrl\":\"https:\/\/distribucionarc.com\/wp-content\/uploads\/2024\/10\/distribucion-ARC-COLOR-SIN-FONDO-e1732295305345.png\",\"width\":1164,\"height\":558,\"caption\":\"Distribuci\u00f3n ARC\"},\"image\":{\"@id\":\"https:\/\/www.distribucionarc.com\/sl\/#\/schema\/logo\/image\/\"},\"description\":\"Empresa especializada en la fabricaci\u00f3n y distribuci\u00f3n de maquinaria industrial para los sectores alimentario y farmac\u00e9utico. Nos especializamos en: M\u00e1quinas de cortar carne Fabricaci\u00f3n de comprimidos Sistemas de transporte industrial L\u00edneas de embotellado Dosificadores Y mucho m\u00e1s... Ofrecemos soluciones innovadoras y personalizadas para optimizar los procesos productivos de tu empresa.\",\"email\":\"Admistracion@distribucionarc.com\",\"telephone\":\"+34 643496664\",\"legalName\":\"ARC TECH SOLUTIONS\",\"foundingDate\":\"2024-04-09\",\"vatID\":\"B55480172\",\"numberOfEmployees\":{\"@type\":\"QuantitativeValue\",\"minValue\":\"1\",\"maxValue\":\"10\"}}]}<\/script>\n<!-- \/ Yoast SEO Premium plugin. -->","yoast_head_json":{"title":"\u0645\u0627\u0643\u064a\u0646\u0629 \u0645\u064a\u0646\u064a \u0628\u0627\u0646 \u0643\u064a\u0643 - \u062a\u0648\u0632\u064a\u0639 ARC","robots":{"index":"index","follow":"follow","max-snippet":"max-snippet:-1","max-image-preview":"max-image-preview:large","max-video-preview":"max-video-preview:-1"},"canonical":"https:\/\/distribucionarc.com\/ar\/\u0645\u0646\u062a\u062c\/\u0622\u0644\u0629-\u0641\u0637\u064a\u0631\u0629\/","og_locale":"ar_AR","og_type":"article","og_title":"M\u00e1quina de mini Pancakes","og_description":"M\u00e1quina de pancakes Gofrera profesional ARC Peque\u00f1os panqueques esponjosos con una textura ligera y esponjosa. Perfecto para el desayuno o como aperitivo. Con esta gofrera profesional ARCMP1, puede hornear hasta 25 tortitas peque\u00f1as a la vez en s\u00f3lo 3-5 minutos, por lo que es m\u00e1s c\u00f3modo para usted servir este aperitivo r\u00e1pidamente sin hacer esperar a sus clientes.  &nbsp;  Garant\u00eda\u00a0ARC 2 A\u00d1OS  Maquina de Panqueques 600W  soporte t\u00e9cnico incluido.","og_url":"https:\/\/distribucionarc.com\/ar\/\u0645\u0646\u062a\u062c\/\u0622\u0644\u0629-\u0641\u0637\u064a\u0631\u0629\/","og_site_name":"distribuci\u00f3n ARC","article_modified_time":"2020-09-26T15:30:52+00:00","og_image":[{"width":1600,"height":1600,"url":"https:\/\/distribucionarc.com\/wp-content\/uploads\/2020\/07\/M\u00e1quina-de-Panqueques-3.jpg","type":"image\/jpeg"}],"twitter_card":"summary_large_image","twitter_misc":{"\u0648\u0642\u062a \u0627\u0644\u0642\u0631\u0627\u0621\u0629 \u0627\u0644\u0645\u064f\u0642\u062f\u0651\u0631":"\u062f\u0642\u064a\u0642\u0629 \u0648\u0627\u062d\u062f\u0629"},"schema":{"@context":"https:\/\/schema.org","@graph":[{"@type":"WebPage","@id":"https:\/\/distribucionarc.com\/en\/producto\/maquina-de-panqueques\/","url":"https:\/\/distribucionarc.com\/en\/producto\/maquina-de-panqueques\/","name":"\u0645\u0627\u0643\u064a\u0646\u0629 \u0645\u064a\u0646\u064a \u0628\u0627\u0646 \u0643\u064a\u0643 - \u062a\u0648\u0632\u064a\u0639 ARC","isPartOf":{"@id":"https:\/\/www.distribucionarc.com\/sl\/#website"},"primaryImageOfPage":{"@id":"https:\/\/distribucionarc.com\/en\/producto\/maquina-de-panqueques\/#primaryimage"},"image":{"@id":"https:\/\/distribucionarc.com\/en\/producto\/maquina-de-panqueques\/#primaryimage"},"thumbnailUrl":"https:\/\/distribucionarc.com\/wp-content\/uploads\/2020\/07\/M\u00e1quina-de-Panqueques-3.jpg","datePublished":"2020-07-12T16:37:37+00:00","dateModified":"2020-09-26T15:30:52+00:00","breadcrumb":{"@id":"https:\/\/distribucionarc.com\/en\/producto\/maquina-de-panqueques\/#breadcrumb"},"inLanguage":"ar","potentialAction":[{"@type":"ReadAction","target":["https:\/\/distribucionarc.com\/en\/producto\/maquina-de-panqueques\/"]}]},{"@type":"ImageObject","inLanguage":"ar","@id":"https:\/\/distribucionarc.com\/en\/producto\/maquina-de-panqueques\/#primaryimage","url":"https:\/\/distribucionarc.com\/wp-content\/uploads\/2020\/07\/M\u00e1quina-de-Panqueques-3.jpg","contentUrl":"https:\/\/distribucionarc.com\/wp-content\/uploads\/2020\/07\/M\u00e1quina-de-Panqueques-3.jpg","width":1600,"height":1600,"caption":"M\u00e1quina de panqueques"},{"@type":"BreadcrumbList","@id":"https:\/\/distribucionarc.com\/en\/producto\/maquina-de-panqueques\/#breadcrumb","itemListElement":[{"@type":"ListItem","position":1,"name":"Portada","item":"https:\/\/www.distribucionarc.com\/"},{"@type":"ListItem","position":2,"name":"\u00dcr\u00fcnler","item":"https:\/\/www.distribucionarc.com\/tr\/magaza\/"},{"@type":"ListItem","position":3,"name":"M\u00e1quina de mini Pancakes"}]},{"@type":"WebSite","@id":"https:\/\/www.distribucionarc.com\/sl\/#website","url":"https:\/\/www.distribucionarc.com\/sl\/","name":"\u062a\u0648\u0632\u064a\u0639 \u0627\u0644\u0642\u0648\u0633","description":"\u0634\u0631\u0643\u0629 \u0645\u062a\u062e\u0635\u0635\u0629 \u0641\u064a \u062a\u0635\u0646\u064a\u0639 \u0648\u062a\u0648\u0632\u064a\u0639 \u0627\u0644\u0622\u0644\u0627\u062a \u0627\u0644\u0635\u0646\u0627\u0639\u064a\u0629\u060c \u0648\u0645\u0627\u0643\u064a\u0646\u0627\u062a \u062e\u062a\u0645 \u0627\u0644\u0639\u0644\u0628\u060c \u0648\u0645\u0627\u0643\u064a\u0646\u0627\u062a \u0635\u0646\u0639 \u0627\u0644\u0623\u0642\u0631\u0627\u0635\u060c \u0648\u0645\u0627\u0643\u064a\u0646\u0627\u062a \u062a\u0642\u0637\u064a\u0639 \u0627\u0644\u0644\u062d\u0648\u0645...","publisher":{"@id":"https:\/\/www.distribucionarc.com\/sl\/#organization"},"potentialAction":[{"@type":"SearchAction","target":{"@type":"EntryPoint","urlTemplate":"https:\/\/www.distribucionarc.com\/sl\/?s={search_term_string}"},"query-input":{"@type":"PropertyValueSpecification","valueRequired":true,"valueName":"search_term_string"}}],"inLanguage":"ar"},{"@type":"Organization","@id":"https:\/\/www.distribucionarc.com\/sl\/#organization","name":"\u062a\u0648\u0632\u064a\u0639 \u0622\u0631\u0643","url":"https:\/\/www.distribucionarc.com\/sl\/","logo":{"@type":"ImageObject","inLanguage":"ar","@id":"https:\/\/www.distribucionarc.com\/sl\/#\/schema\/logo\/image\/","url":"https:\/\/distribucionarc.com\/wp-content\/uploads\/2024\/10\/distribucion-ARC-COLOR-SIN-FONDO-e1732295305345.png","contentUrl":"https:\/\/distribucionarc.com\/wp-content\/uploads\/2024\/10\/distribucion-ARC-COLOR-SIN-FONDO-e1732295305345.png","width":1164,"height":558,"caption":"Distribuci\u00f3n ARC"},"image":{"@id":"https:\/\/www.distribucionarc.com\/sl\/#\/schema\/logo\/image\/"},"description":"\u0634\u0631\u0643\u0629 \u0645\u062a\u062e\u0635\u0635\u0629 \u0641\u064a \u062a\u0635\u0646\u064a\u0639 \u0648\u062a\u0648\u0632\u064a\u0639 \u0627\u0644\u0622\u0644\u0627\u062a \u0627\u0644\u0635\u0646\u0627\u0639\u064a\u0629 \u0644\u0642\u0637\u0627\u0639\u064a \u0627\u0644\u0623\u063a\u0630\u064a\u0629 \u0648\u0627\u0644\u0623\u062f\u0648\u064a\u0629. \u0646\u062d\u0646 \u0645\u062a\u062e\u0635\u0635\u0648\u0646 \u0641\u064a: \u0645\u0627\u0643\u064a\u0646\u0627\u062a \u062a\u0642\u0637\u064a\u0639 \u0627\u0644\u0644\u062d\u0648\u0645 \u062a\u0635\u0646\u064a\u0639 \u0627\u0644\u0623\u0642\u0631\u0627\u0635 \u0623\u0646\u0638\u0645\u0629 \u0627\u0644\u0646\u0642\u0644 \u0627\u0644\u0635\u0646\u0627\u0639\u064a\u0629 \u062e\u0637\u0648\u0637 \u0627\u0644\u062a\u0639\u0628\u0626\u0629 \u0648\u0627\u0644\u062a\u063a\u0644\u064a\u0641 \u0627\u0644\u0645\u0648\u0632\u0639\u0627\u062a \u0648\u0623\u0643\u062b\u0631 \u0645\u0646 \u0630\u0644\u0643 \u0628\u0643\u062b\u064a\u0631... \u0646\u062d\u0646 \u0646\u0642\u062f\u0645 \u062d\u0644\u0648\u0644\u0627\u064b \u0645\u0628\u062a\u0643\u0631\u0629 \u0648\u0645\u062e\u0635\u0635\u0629 \u0644\u062a\u062d\u0633\u064a\u0646 \u0639\u0645\u0644\u064a\u0627\u062a \u0627\u0644\u0625\u0646\u062a\u0627\u062c \u0641\u064a \u0634\u0631\u0643\u062a\u0643.","email":"Admistracion@distribucionarc.com","telephone":"+34 643496664","legalName":"ARC TECH SOLUTIONS","foundingDate":"2024-04-09","vatID":"B55480172","numberOfEmployees":{"@type":"QuantitativeValue","minValue":"1","maxValue":"10"}}]}},"_links":{"self":[{"href":"https:\/\/distribucionarc.com\/ar\/wp-json\/wp\/v2\/product\/820","targetHints":{"allow":["GET"]}}],"collection":[{"href":"https:\/\/distribucionarc.com\/ar\/wp-json\/wp\/v2\/product"}],"about":[{"href":"https:\/\/distribucionarc.com\/ar\/wp-json\/wp\/v2\/types\/product"}],"replies":[{"embeddable":true,"href":"https:\/\/distribucionarc.com\/ar\/wp-json\/wp\/v2\/comments?post=820"}],"version-history":[{"count":0,"href":"https:\/\/distribucionarc.com\/ar\/wp-json\/wp\/v2\/product\/820\/revisions"}],"wp:featuredmedia":[{"embeddable":true,"href":"https:\/\/distribucionarc.com\/ar\/wp-json\/wp\/v2\/media\/830"}],"wp:attachment":[{"href":"https:\/\/distribucionarc.com\/ar\/wp-json\/wp\/v2\/media?parent=820"}],"wp:term":[{"taxonomy":"product_brand","embeddable":true,"href":"https:\/\/distribucionarc.com\/ar\/wp-json\/wp\/v2\/product_brand?post=820"},{"taxonomy":"product_cat","embeddable":true,"href":"https:\/\/distribucionarc.com\/ar\/wp-json\/wp\/v2\/product_cat?post=820"},{"taxonomy":"product_tag","embeddable":true,"href":"https:\/\/distribucionarc.com\/ar\/wp-json\/wp\/v2\/product_tag?post=820"}],"curies":[{"name":"wp","href":"https:\/\/api.w.org\/{rel}","templated":true}]}}