{"id":65,"date":"2020-04-15T09:15:58","date_gmt":"2020-04-15T09:15:58","guid":{"rendered":"https:\/\/distribucionarc.com\/?page_id=65"},"modified":"2026-03-06T15:40:01","modified_gmt":"2026-03-06T14:40:01","slug":"%d0%bd%d0%b0%d1%87%d0%b8%d0%bd%d0%b8-%d0%b7%d0%b0-%d0%bf%d0%bb%d0%b0%d1%89%d0%b0%d0%bd%d0%b5","status":"publish","type":"page","link":"https:\/\/distribucionarc.com\/bg\/inicio\/metodos-de-pago\/","title":{"rendered":"\u043d\u0430\u0447\u0438\u043d\u0438 \u043d\u0430 \u043f\u043b\u0430\u0449\u0430\u043d\u0435"},"content":{"rendered":"<div data-elementor-type=\"wp-page\" data-elementor-id=\"65\" class=\"elementor elementor-65\" data-elementor-post-type=\"page\">\n\t\t\t\t<div class=\"elementor-element elementor-element-e5b7a65 wd-section-stretch e-flex e-con-boxed wpr-particle-no wpr-jarallax-no wpr-parallax-no wpr-sticky-section-no e-con e-parent\" data-id=\"e5b7a65\" data-element_type=\"container\" data-e-type=\"container\" data-settings=\"{&quot;background_background&quot;:&quot;classic&quot;}\">\n\t\t\t\t\t<div class=\"e-con-inner\">\n\t\t<div class=\"elementor-element elementor-element-aaaccb2 e-con-full e-flex wpr-particle-no wpr-jarallax-no wpr-parallax-no wpr-sticky-section-no e-con e-child\" data-id=\"aaaccb2\" data-element_type=\"container\" data-e-type=\"container\">\n\t\t\t\t<div class=\"elementor-element elementor-element-26dda4d elementor-widget elementor-widget-heading\" data-id=\"26dda4d\" data-element_type=\"widget\" data-e-type=\"widget\" data-widget_type=\"heading.default\">\n\t\t\t\t\t<h2 class=\"elementor-heading-title elementor-size-default\">\u043d\u0430\u0447\u0438\u043d\u0438 \u043d\u0430 \u043f\u043b\u0430\u0449\u0430\u043d\u0435<\/h2>\t\t\t\t<\/div>\n\t\t\t\t<\/div>\n\t\t\t\t\t<\/div>\n\t\t\t\t<\/div>\n\t\t\t\t<section class=\"wd-negative-gap elementor-section elementor-top-section elementor-element elementor-element-7308d5a3 elementor-section-boxed elementor-section-height-default elementor-section-height-default wpr-particle-no wpr-jarallax-no wpr-parallax-no wpr-sticky-section-no\" data-id=\"7308d5a3\" data-element_type=\"section\" data-e-type=\"section\">\n\t\t\t\t\t\t<div class=\"elementor-container elementor-column-gap-default\">\n\t\t\t\t\t<div class=\"elementor-column elementor-col-100 elementor-top-column elementor-element elementor-element-61625892\" data-id=\"61625892\" data-element_type=\"column\" data-e-type=\"column\">\n\t\t\t<div class=\"elementor-widget-wrap elementor-element-populated\">\n\t\t\t\t\t\t<div class=\"elementor-element elementor-element-1403eb8d color-scheme-inherit text-left elementor-widget elementor-widget-text-editor\" data-id=\"1403eb8d\" data-element_type=\"widget\" data-e-type=\"widget\" data-widget_type=\"text-editor.default\">\n\t\t\t\t\t\t\t\t\t<p>\u041c\u043e\u0436\u0435\u0442\u0435 \u0434\u0430 \u043f\u043b\u0430\u0442\u0438\u0442\u0435 \u0434\u043e\u00a0<strong>Paypal, \u043a\u0440\u0435\u0434\u0438\u0442\u043d\u0430 \u043a\u0430\u0440\u0442\u0430<\/strong>\u00a0\u0438\u043b\u0438\u00a0<strong>\u0414\u0435\u0431\u0438\u0442, \u0432 \u0431\u0440\u043e\u0439 \u043f\u0440\u0438 \u043f\u043e\u043b\u0443\u0447\u0430\u0432\u0430\u043d\u0435<\/strong>\u00a0\u0438\u043b\u0438\u00a0<strong>\u0411\u0430\u043d\u043a\u043e\u0432 \u043f\u0440\u0435\u0432\u043e\u0434<\/strong><\/p>\n<p>\u0410\u043a\u043e \u0438\u0437\u0431\u0435\u0440\u0435\u0442\u0435 \u043c\u0435\u0442\u043e\u0434\u0430 \u043d\u0430 \u0431\u0430\u043d\u043a\u043e\u0432 \u043f\u0440\u0435\u0432\u043e\u0434, \u043d\u0430\u0448\u0438\u0442\u0435 \u0431\u0430\u043d\u043a\u043e\u0432\u0438 \u0434\u0430\u043d\u043d\u0438 \u0441\u0430:<\/p>\n<p><!-- \/wp:paragraph --><\/p>\n<p><!-- wp:paragraph --><\/p>\n<p><strong>\u0411\u0435\u043d\u0435\u0444\u0438\u0446\u0438\u0435\u043d\u0442: ARC DISTRIBUTION.<\/strong><br \/><strong>\u042e\u0440\u0438\u0434\u0438\u0447\u0435\u0441\u043a\u043e \u043b\u0438\u0446\u0435: ABANCA IBAN: ES09 2080 0657 7130 4104 8992<br \/><\/strong><br \/><strong>BIC \/ SWIFT: CAGLESMMXXX<br \/><\/strong><\/p>\n<p>\u041c\u043e\u043b\u044f, \u0438\u0437\u043f\u0440\u0430\u0442\u0435\u0442\u0435 \u0434\u043e\u043a\u0430\u0437\u0430\u0442\u0435\u043b\u0441\u0442\u0432\u043e \u0437\u0430 \u043f\u043b\u0430\u0449\u0430\u043d\u0435 \u043d\u0430 \u043d\u043e\u043c\u0435\u0440\u0430 \u043f\u043e \u0438\u043c\u0435\u0439\u043b \u043d\u0430 \u0430\u0434\u0440\u0435\u0441 <b>info@distribucionarc.com<\/b><br \/><strong>\u041d\u0435 \u0437\u0430\u0431\u0440\u0430\u0432\u044f\u0439\u0442\u0435 \u0434\u0430 \u043f\u043e\u0441\u043e\u0447\u0438\u0442\u0435 \u043d\u043e\u043c\u0435\u0440\u0430 \u043d\u0430 \u0432\u0430\u0448\u0430\u0442\u0430 \u043f\u043e\u0440\u044a\u0447\u043a\u0430.<\/strong><\/p>\n<p>\u041f\u043e\u0440\u044a\u0447\u043a\u0430\u0442\u0430 \u0449\u0435 \u0431\u044a\u0434\u0435 \u0438\u0437\u043f\u0440\u0430\u0442\u0435\u043d\u0430 \u0441\u0430\u043c\u043e \u0441\u043b\u0435\u0434 \u043f\u043e\u043b\u0443\u0447\u0430\u0432\u0430\u043d\u0435 \u043d\u0430 \u043f\u0440\u0435\u0432\u043e\u0434\u0430 \u0438\u043b\u0438, \u0430\u043a\u043e \u0442\u043e\u0432\u0430 \u043d\u0435 \u0435 \u0432\u044a\u0437\u043c\u043e\u0436\u043d\u043e, \u0434\u043e\u0441\u0442\u0430\u0442\u044a\u0447\u0435\u043d \u043f\u043e\u0434\u043a\u0440\u0435\u043f\u044f\u0449 \u0434\u043e\u043a\u0443\u043c\u0435\u043d\u0442 \u0437\u0430 \u043d\u0435\u0433\u043e.<\/p>\n<p><!-- \/wp:paragraph --><\/p>\t\t\t\t\t\t\t\t<\/div>\n\t\t\t\t\t<\/div>\n\t\t<\/div>\n\t\t\t\t\t<\/div>\n\t\t<\/section>\n\t\t\t\t<\/div>","protected":false},"excerpt":{"rendered":"<p>\u041c\u0435\u0442\u043e\u0434\u0438 \u043d\u0430 \u043f\u043b\u0430\u0449\u0430\u043d\u0435 \u041c\u043e\u0436\u0435\u0442\u0435 \u0434\u0430 \u043f\u043b\u0430\u0442\u0438\u0442\u0435 \u0447\u0440\u0435\u0437 Paypal, \u043a\u0440\u0435\u0434\u0438\u0442\u043d\u0430 \u0438\u043b\u0438 \u0434\u0435\u0431\u0438\u0442\u043d\u0430 \u043a\u0430\u0440\u0442\u0430, \u0432 \u0431\u0440\u043e\u0439 \u043f\u0440\u0438 \u043f\u043e\u043b\u0443\u0447\u0430\u0432\u0430\u043d\u0435 \u0438\u043b\u0438 \u0431\u0430\u043d\u043a\u043e\u0432 \u043f\u0440\u0435\u0432\u043e\u0434, \u0430\u043a\u043e \u0438\u0437\u0431\u0435\u0440\u0435\u0442\u0435 \u043c\u0435\u0442\u043e\u0434 \u043d\u0430 \u043f\u0440\u0435\u0432\u043e\u0434<\/p>","protected":false},"author":1,"featured_media":0,"parent":45,"menu_order":0,"comment_status":"closed","ping_status":"closed","template":"elementor_header_footer","meta":{"footnotes":""},"class_list":["post-65","page","type-page","status-publish","hentry"],"yoast_head":"<!-- This site is optimized with the Yoast SEO Premium plugin v24.9 (Yoast SEO v26.1) - https:\/\/yoast.com\/wordpress\/plugins\/seo\/ -->\n<title>m\u00e9todos de pago - distribuci\u00f3n ARC<\/title>\n<meta name=\"robots\" content=\"index, follow, max-snippet:-1, max-image-preview:large, max-video-preview:-1\" \/>\n<link rel=\"canonical\" href=\"https:\/\/distribucionarc.com\/bg\/\u043d\u0430\u0447\u0430\u043b\u043e\/\u043d\u0430\u0447\u0438\u043d\u0438-\u0437\u0430-\u043f\u043b\u0430\u0449\u0430\u043d\u0435\/\" \/>\n<meta property=\"og:locale\" content=\"bg_BG\" \/>\n<meta property=\"og:type\" content=\"article\" \/>\n<meta property=\"og:title\" content=\"m\u00e9todos de pago\" \/>\n<meta property=\"og:description\" content=\"m\u00e9todos de pago Puede Ud. pagar mediante\u00a0Paypal, Tarjeta de Cr\u00e9dito\u00a0o\u00a0D\u00e9bito, Efectivo al recoger\u00a0o\u00a0Transferencia Bancaria Si Ud. escoge la modalidad transferencia\" \/>\n<meta property=\"og:url\" content=\"https:\/\/distribucionarc.com\/bg\/\u043d\u0430\u0447\u0430\u043b\u043e\/\u043d\u0430\u0447\u0438\u043d\u0438-\u0437\u0430-\u043f\u043b\u0430\u0449\u0430\u043d\u0435\/\" \/>\n<meta property=\"og:site_name\" content=\"distribuci\u00f3n ARC\" \/>\n<meta property=\"article:modified_time\" content=\"2026-03-06T14:40:01+00:00\" \/>\n<meta property=\"og:image\" content=\"https:\/\/distribucionarc.com\/wp-content\/uploads\/2024\/12\/icono-arc.jpg\" \/>\n\t<meta property=\"og:image:width\" content=\"612\" \/>\n\t<meta property=\"og:image:height\" content=\"792\" \/>\n\t<meta property=\"og:image:type\" content=\"image\/jpeg\" \/>\n<meta name=\"twitter:card\" content=\"summary_large_image\" \/>\n<meta name=\"twitter:label1\" content=\"Est. reading time\" \/>\n\t<meta name=\"twitter:data1\" content=\"1 \u043c\u0438\u043d\u0443\u0442\u0430\" \/>\n<script type=\"application\/ld+json\" class=\"yoast-schema-graph\">{\"@context\":\"https:\/\/schema.org\",\"@graph\":[{\"@type\":\"WebPage\",\"@id\":\"https:\/\/distribucionarc.com\/fr\/inicio\/metodos-de-pago\/\",\"url\":\"https:\/\/distribucionarc.com\/fr\/inicio\/metodos-de-pago\/\",\"name\":\"m\u00e9todos de pago - distribuci\u00f3n ARC\",\"isPartOf\":{\"@id\":\"https:\/\/www.distribucionarc.com\/de\/#website\"},\"datePublished\":\"2020-04-15T09:15:58+00:00\",\"dateModified\":\"2026-03-06T14:40:01+00:00\",\"breadcrumb\":{\"@id\":\"https:\/\/distribucionarc.com\/fr\/inicio\/metodos-de-pago\/#breadcrumb\"},\"inLanguage\":\"bg-BG\",\"potentialAction\":[{\"@type\":\"ReadAction\",\"target\":[\"https:\/\/distribucionarc.com\/fr\/inicio\/metodos-de-pago\/\"]}]},{\"@type\":\"BreadcrumbList\",\"@id\":\"https:\/\/distribucionarc.com\/fr\/inicio\/metodos-de-pago\/#breadcrumb\",\"itemListElement\":[{\"@type\":\"ListItem\",\"position\":1,\"name\":\"Portada\",\"item\":\"https:\/\/www.distribucionarc.com\/en\/\"},{\"@type\":\"ListItem\",\"position\":2,\"name\":\"inicio\",\"item\":\"https:\/\/www.distribucionarc.com\/it\/inicio\/\"},{\"@type\":\"ListItem\",\"position\":3,\"name\":\"m\u00e9todos de pago\"}]},{\"@type\":\"WebSite\",\"@id\":\"https:\/\/www.distribucionarc.com\/de\/#website\",\"url\":\"https:\/\/www.distribucionarc.com\/de\/\",\"name\":\"distribuci\u00f3n ARC\",\"description\":\"Empresa especializada en la fabricaci\u00f3n y distribuci\u00f3n de maquinaria industrial, selladoras de latas, Maquinas de hacer pastillas, Maquinas de cortar carne...\",\"publisher\":{\"@id\":\"https:\/\/www.distribucionarc.com\/de\/#organization\"},\"potentialAction\":[{\"@type\":\"SearchAction\",\"target\":{\"@type\":\"EntryPoint\",\"urlTemplate\":\"https:\/\/www.distribucionarc.com\/de\/?s={search_term_string}\"},\"query-input\":{\"@type\":\"PropertyValueSpecification\",\"valueRequired\":true,\"valueName\":\"search_term_string\"}}],\"inLanguage\":\"bg-BG\"},{\"@type\":\"Organization\",\"@id\":\"https:\/\/www.distribucionarc.com\/de\/#organization\",\"name\":\"Distribuci\u00f3n ARC\",\"url\":\"https:\/\/www.distribucionarc.com\/de\/\",\"logo\":{\"@type\":\"ImageObject\",\"inLanguage\":\"bg-BG\",\"@id\":\"https:\/\/www.distribucionarc.com\/de\/#\/schema\/logo\/image\/\",\"url\":\"https:\/\/distribucionarc.com\/wp-content\/uploads\/2024\/10\/distribucion-ARC-COLOR-SIN-FONDO-e1732295305345.png\",\"contentUrl\":\"https:\/\/distribucionarc.com\/wp-content\/uploads\/2024\/10\/distribucion-ARC-COLOR-SIN-FONDO-e1732295305345.png\",\"width\":1164,\"height\":558,\"caption\":\"Distribuci\u00f3n ARC\"},\"image\":{\"@id\":\"https:\/\/www.distribucionarc.com\/de\/#\/schema\/logo\/image\/\"},\"description\":\"Empresa especializada en la fabricaci\u00f3n y distribuci\u00f3n de maquinaria industrial para los sectores alimentario y farmac\u00e9utico. Nos especializamos en: M\u00e1quinas de cortar carne Fabricaci\u00f3n de comprimidos Sistemas de transporte industrial L\u00edneas de embotellado Dosificadores Y mucho m\u00e1s... Ofrecemos soluciones innovadoras y personalizadas para optimizar los procesos productivos de tu empresa.\",\"email\":\"Admistracion@distribucionarc.com\",\"telephone\":\"+34 643496664\",\"legalName\":\"ARC TECH SOLUTIONS\",\"foundingDate\":\"2024-04-09\",\"vatID\":\"B55480172\",\"numberOfEmployees\":{\"@type\":\"QuantitativeValue\",\"minValue\":\"1\",\"maxValue\":\"10\"}}]}<\/script>\n<!-- \/ Yoast SEO Premium plugin. -->","yoast_head_json":{"title":"\u043d\u0430\u0447\u0438\u043d\u0438 \u043d\u0430 \u043f\u043b\u0430\u0449\u0430\u043d\u0435 - ARC \u0440\u0430\u0437\u043f\u0440\u043e\u0441\u0442\u0440\u0430\u043d\u0435\u043d\u0438\u0435","robots":{"index":"index","follow":"follow","max-snippet":"max-snippet:-1","max-image-preview":"max-image-preview:large","max-video-preview":"max-video-preview:-1"},"canonical":"https:\/\/distribucionarc.com\/bg\/\u043d\u0430\u0447\u0430\u043b\u043e\/\u043d\u0430\u0447\u0438\u043d\u0438-\u0437\u0430-\u043f\u043b\u0430\u0449\u0430\u043d\u0435\/","og_locale":"bg_BG","og_type":"article","og_title":"m\u00e9todos de pago","og_description":"m\u00e9todos de pago Puede Ud. pagar mediante\u00a0Paypal, Tarjeta de Cr\u00e9dito\u00a0o\u00a0D\u00e9bito, Efectivo al recoger\u00a0o\u00a0Transferencia Bancaria Si Ud. escoge la modalidad transferencia","og_url":"https:\/\/distribucionarc.com\/bg\/\u043d\u0430\u0447\u0430\u043b\u043e\/\u043d\u0430\u0447\u0438\u043d\u0438-\u0437\u0430-\u043f\u043b\u0430\u0449\u0430\u043d\u0435\/","og_site_name":"distribuci\u00f3n ARC","article_modified_time":"2026-03-06T14:40:01+00:00","og_image":[{"width":612,"height":792,"url":"https:\/\/distribucionarc.com\/wp-content\/uploads\/2024\/12\/icono-arc.jpg","type":"image\/jpeg"}],"twitter_card":"summary_large_image","twitter_misc":{"Est. reading time":"1 \u043c\u0438\u043d\u0443\u0442\u0430"},"schema":{"@context":"https:\/\/schema.org","@graph":[{"@type":"WebPage","@id":"https:\/\/distribucionarc.com\/fr\/inicio\/metodos-de-pago\/","url":"https:\/\/distribucionarc.com\/fr\/inicio\/metodos-de-pago\/","name":"\u043d\u0430\u0447\u0438\u043d\u0438 \u043d\u0430 \u043f\u043b\u0430\u0449\u0430\u043d\u0435 - ARC \u0440\u0430\u0437\u043f\u0440\u043e\u0441\u0442\u0440\u0430\u043d\u0435\u043d\u0438\u0435","isPartOf":{"@id":"https:\/\/www.distribucionarc.com\/de\/#website"},"datePublished":"2020-04-15T09:15:58+00:00","dateModified":"2026-03-06T14:40:01+00:00","breadcrumb":{"@id":"https:\/\/distribucionarc.com\/fr\/inicio\/metodos-de-pago\/#breadcrumb"},"inLanguage":"bg-BG","potentialAction":[{"@type":"ReadAction","target":["https:\/\/distribucionarc.com\/fr\/inicio\/metodos-de-pago\/"]}]},{"@type":"BreadcrumbList","@id":"https:\/\/distribucionarc.com\/fr\/inicio\/metodos-de-pago\/#breadcrumb","itemListElement":[{"@type":"ListItem","position":1,"name":"Portada","item":"https:\/\/www.distribucionarc.com\/en\/"},{"@type":"ListItem","position":2,"name":"inicio","item":"https:\/\/www.distribucionarc.com\/it\/inicio\/"},{"@type":"ListItem","position":3,"name":"m\u00e9todos de pago"}]},{"@type":"WebSite","@id":"https:\/\/www.distribucionarc.com\/de\/#website","url":"https:\/\/www.distribucionarc.com\/de\/","name":"ARC \u0440\u0430\u0437\u043f\u0440\u0435\u0434\u0435\u043b\u0435\u043d\u0438\u0435","description":"\u0424\u0438\u0440\u043c\u0430, \u0441\u043f\u0435\u0446\u0438\u0430\u043b\u0438\u0437\u0438\u0440\u0430\u043d\u0430 \u0432 \u043f\u0440\u043e\u0438\u0437\u0432\u043e\u0434\u0441\u0442\u0432\u043e\u0442\u043e \u0438 \u0434\u0438\u0441\u0442\u0440\u0438\u0431\u0443\u0446\u0438\u044f\u0442\u0430 \u043d\u0430 \u043f\u0440\u043e\u043c\u0438\u0448\u043b\u0435\u043d\u0438 \u043c\u0430\u0448\u0438\u043d\u0438, \u043c\u0430\u0448\u0438\u043d\u0438 \u0437\u0430 \u0437\u0430\u043f\u0435\u0447\u0430\u0442\u0432\u0430\u043d\u0435 \u043d\u0430 \u043a\u0443\u0442\u0438\u0438, \u043c\u0430\u0448\u0438\u043d\u0438 \u0437\u0430 \u043f\u0440\u043e\u0438\u0437\u0432\u043e\u0434\u0441\u0442\u0432\u043e \u043d\u0430 \u0442\u0430\u0431\u043b\u0435\u0442\u043a\u0438, \u043c\u0430\u0448\u0438\u043d\u0438 \u0437\u0430 \u0440\u044f\u0437\u0430\u043d\u0435 \u043d\u0430 \u043c\u0435\u0441\u043e...","publisher":{"@id":"https:\/\/www.distribucionarc.com\/de\/#organization"},"potentialAction":[{"@type":"SearchAction","target":{"@type":"EntryPoint","urlTemplate":"https:\/\/www.distribucionarc.com\/de\/?s={search_term_string}"},"query-input":{"@type":"PropertyValueSpecification","valueRequired":true,"valueName":"search_term_string"}}],"inLanguage":"bg-BG"},{"@type":"Organization","@id":"https:\/\/www.distribucionarc.com\/de\/#organization","name":"ARC \u0420\u0430\u0437\u043f\u0440\u0435\u0434\u0435\u043b\u0435\u043d\u0438\u0435","url":"https:\/\/www.distribucionarc.com\/de\/","logo":{"@type":"ImageObject","inLanguage":"bg-BG","@id":"https:\/\/www.distribucionarc.com\/de\/#\/schema\/logo\/image\/","url":"https:\/\/distribucionarc.com\/wp-content\/uploads\/2024\/10\/distribucion-ARC-COLOR-SIN-FONDO-e1732295305345.png","contentUrl":"https:\/\/distribucionarc.com\/wp-content\/uploads\/2024\/10\/distribucion-ARC-COLOR-SIN-FONDO-e1732295305345.png","width":1164,"height":558,"caption":"Distribuci\u00f3n ARC"},"image":{"@id":"https:\/\/www.distribucionarc.com\/de\/#\/schema\/logo\/image\/"},"description":"\u0414\u0440\u0443\u0436\u0435\u0441\u0442\u0432\u043e, \u0441\u043f\u0435\u0446\u0438\u0430\u043b\u0438\u0437\u0438\u0440\u0430\u043d\u043e \u0432 \u043f\u0440\u043e\u0438\u0437\u0432\u043e\u0434\u0441\u0442\u0432\u043e\u0442\u043e \u0438 \u0434\u0438\u0441\u0442\u0440\u0438\u0431\u0443\u0446\u0438\u044f\u0442\u0430 \u043d\u0430 \u043f\u0440\u043e\u043c\u0438\u0448\u043b\u0435\u043d\u0438 \u043c\u0430\u0448\u0438\u043d\u0438 \u0437\u0430 \u0445\u0440\u0430\u043d\u0438\u0442\u0435\u043b\u043d\u043e-\u0432\u043a\u0443\u0441\u043e\u0432\u0438\u044f \u0438 \u0444\u0430\u0440\u043c\u0430\u0446\u0435\u0432\u0442\u0438\u0447\u043d\u0438\u044f \u0441\u0435\u043a\u0442\u043e\u0440. \u041d\u0438\u0435 \u0441\u043c\u0435 \u0441\u043f\u0435\u0446\u0438\u0430\u043b\u0438\u0437\u0438\u0440\u0430\u043d\u0438 \u0432: \u041c\u0430\u0448\u0438\u043d\u0438 \u0437\u0430 \u0440\u044f\u0437\u0430\u043d\u0435 \u043d\u0430 \u043c\u0435\u0441\u043e \u041f\u0440\u043e\u0438\u0437\u0432\u043e\u0434\u0441\u0442\u0432\u043e \u043d\u0430 \u0442\u0430\u0431\u043b\u0435\u0442\u0438 \u041f\u0440\u043e\u043c\u0438\u0448\u043b\u0435\u043d\u0438 \u0442\u0440\u0430\u043d\u0441\u043f\u043e\u0440\u0442\u043d\u0438 \u0441\u0438\u0441\u0442\u0435\u043c\u0438 \u041b\u0438\u043d\u0438\u0438 \u0437\u0430 \u0431\u0443\u0442\u0438\u043b\u0438\u0440\u0430\u043d\u0435 \u0414\u0438\u0441\u043f\u0435\u043d\u0441\u044a\u0440\u0438 \u0418 \u043c\u043d\u043e\u0433\u043e \u0434\u0440\u0443\u0433\u0438... \u041d\u0438\u0435 \u043f\u0440\u0435\u0434\u043b\u0430\u0433\u0430\u043c\u0435 \u0438\u043d\u043e\u0432\u0430\u0442\u0438\u0432\u043d\u0438 \u0438 \u043f\u0435\u0440\u0441\u043e\u043d\u0430\u043b\u0438\u0437\u0438\u0440\u0430\u043d\u0438 \u0440\u0435\u0448\u0435\u043d\u0438\u044f \u0437\u0430 \u043e\u043f\u0442\u0438\u043c\u0438\u0437\u0438\u0440\u0430\u043d\u0435 \u043d\u0430 \u043f\u0440\u043e\u0438\u0437\u0432\u043e\u0434\u0441\u0442\u0432\u0435\u043d\u0438\u0442\u0435 \u043f\u0440\u043e\u0446\u0435\u0441\u0438 \u0432\u044a\u0432 \u0432\u0430\u0448\u0430\u0442\u0430 \u043a\u043e\u043c\u043f\u0430\u043d\u0438\u044f.","email":"Admistracion@distribucionarc.com","telephone":"+34 643496664","legalName":"ARC TECH SOLUTIONS","foundingDate":"2024-04-09","vatID":"B55480172","numberOfEmployees":{"@type":"QuantitativeValue","minValue":"1","maxValue":"10"}}]}},"_links":{"self":[{"href":"https:\/\/distribucionarc.com\/bg\/wp-json\/wp\/v2\/pages\/65","targetHints":{"allow":["GET"]}}],"collection":[{"href":"https:\/\/distribucionarc.com\/bg\/wp-json\/wp\/v2\/pages"}],"about":[{"href":"https:\/\/distribucionarc.com\/bg\/wp-json\/wp\/v2\/types\/page"}],"author":[{"embeddable":true,"href":"https:\/\/distribucionarc.com\/bg\/wp-json\/wp\/v2\/users\/1"}],"replies":[{"embeddable":true,"href":"https:\/\/distribucionarc.com\/bg\/wp-json\/wp\/v2\/comments?post=65"}],"version-history":[{"count":8,"href":"https:\/\/distribucionarc.com\/bg\/wp-json\/wp\/v2\/pages\/65\/revisions"}],"predecessor-version":[{"id":18229,"href":"https:\/\/distribucionarc.com\/bg\/wp-json\/wp\/v2\/pages\/65\/revisions\/18229"}],"up":[{"embeddable":true,"href":"https:\/\/distribucionarc.com\/bg\/wp-json\/wp\/v2\/pages\/45"}],"wp:attachment":[{"href":"https:\/\/distribucionarc.com\/bg\/wp-json\/wp\/v2\/media?parent=65"}],"curies":[{"name":"\u0440\u0430\u0431\u043e\u0442\u043d\u0430 \u0441\u0440\u0435\u0449\u0430","href":"https:\/\/api.w.org\/{rel}","templated":true}]}}