{"id":4916,"date":"2022-10-29T18:11:21","date_gmt":"2022-10-29T18:11:21","guid":{"rendered":"https:\/\/distribucionarc.com\/?post_type=product&#038;p=4916"},"modified":"2023-03-08T11:48:12","modified_gmt":"2023-03-08T11:48:12","slug":"%d0%b0%d0%b2%d1%82%d0%be%d0%bc%d0%b0%d1%82%d0%b8%d1%87%d0%b5%d0%bd-%d1%83%d0%bf%d0%bb%d1%8a%d1%82%d0%bd%d0%b8%d1%82%d0%b5%d0%bb-%d0%b7%d0%b0-%d0%b1%d1%83%d1%82%d0%b8%d0%bb%d0%ba%d0%b8-%d0%b2%d0%b0","status":"publish","type":"product","link":"https:\/\/distribucionarc.com\/bg\/producto\/selladora-de-botes-tarrinas-automatica-helados-salsas\/","title":{"rendered":"\u0443\u043f\u043b\u044a\u0442\u043d\u0438\u0442\u0435\u043b \u0437\u0430 \u0431\u0443\u0440\u043a\u0430\u043d\u0438, \u0430\u0432\u0442\u043e\u043c\u0430\u0442\u0438\u0447\u043d\u0438 \u0432\u0430\u043d\u0438, \u0441\u043b\u0430\u0434\u043e\u043b\u0435\u0434, \u0441\u043e\u0441\u043e\u0432\u0435,"},"content":{"rendered":"<table width=\"647\">\n<tbody>\n<tr>\n<td><strong>\u041c\u043e\u0434\u0435\u043b \u2116<\/strong><\/td>\n<td>\u0425\u0410\u0420\u04181030<\/td>\n<\/tr>\n<tr>\n<td><strong>\u041c\u0430\u0448\u0438\u043d\u0435\u043d \u043c\u0430\u0442\u0435\u0440\u0438\u0430\u043b<\/strong><\/td>\n<td>304 \u043d\u0435\u0440\u044a\u0436\u0434\u0430\u0435\u043c\u0430 \u0441\u0442\u043e\u043c\u0430\u043d\u0430<\/td>\n<\/tr>\n<tr>\n<td><strong>\u041c\u0430\u043a\u0441\u0438\u043c\u0430\u043b\u043d\u0430 \u0448\u0438\u0440\u0438\u043d\u0430 \u043d\u0430 \u0434\u0438\u0430\u043c\u0435\u0442\u044a\u0440\u0430<\/strong><\/td>\n<td>50 \u043c\u043c<\/td>\n<\/tr>\n<tr>\n<td><strong>\u0421\u043a\u043e\u0440\u043e\u0441\u0442 \u043d\u0430 \u0437\u0430\u043f\u0435\u0447\u0430\u0442\u0432\u0430\u043d\u0435<\/strong><\/td>\n<td>3-4 \u043c\u0438\u043d\u0443\u0442\u0438\/\u0442\u0430\u0432\u0430<\/td>\n<\/tr>\n<tr>\n<td><strong>\u041a\u0430\u043f\u0430\u0446\u0438\u0442\u0435\u0442 \u043d\u0430 \u0442\u0430\u0432\u0430\u0442\u0430\/\u0447\u0430\u0441<\/strong><\/td>\n<td>800-1100 \u0442\u0430\u0432\u0438<\/td>\n<\/tr>\n<tr>\n<td><strong>\u0420\u0430\u0437\u043c\u0435\u0440 \u043d\u0430 \u043c\u0430\u0448\u0438\u043d\u0430\u0442\u0430<\/strong><\/td>\n<td>600*600*1300\u043c\u043c<\/td>\n<\/tr>\n<tr>\n<td><strong>\u0420\u0430\u0437\u043c\u0435\u0440 \u043d\u0430 \u043e\u043f\u0430\u043a\u043e\u0432\u043a\u0430\u0442\u0430<\/strong><\/td>\n<td>400*550*680\u043c\u043c<\/td>\n<\/tr>\n<tr>\n<td><strong>\u0421\u0415\u0412\u0415\u0420\u041e\u0417\u0410\u041f\u0410\u0414<\/strong><\/td>\n<td>100 \u043a\u0433<\/td>\n<\/tr>\n<tr>\n<td><strong>G\/W<\/strong><\/td>\n<td>120 \u043a\u0433<\/td>\n<\/tr>\n<tr>\n<td><strong>\u0415\u043b\u0435\u043a\u0442\u0440\u0438\u0447\u0435\u0441\u043a\u0438 \u0438\u0437\u0438\u0441\u043a\u0432\u0430\u043d\u0438\u044f<\/strong><\/td>\n<td>220V\/50HZ \u0438\u043b\u0438 \u043f\u043e \u043f\u043e\u0440\u044a\u0447\u043a\u0430<\/td>\n<\/tr>\n<tr>\n<td><strong>\u041a\u043e\u043d\u0441\u0443\u043c\u0430\u0446\u0438\u044f \u043d\u0430 \u0435\u043d\u0435\u0440\u0433\u0438\u044f<\/strong><\/td>\n<td>0,8kw<\/td>\n<\/tr>\n<tr>\n<td><b>\u0412\u0440\u0435\u043c\u0435 \u0437\u0430 \u043f\u0440\u043e\u0438\u0437\u0432\u043e\u0434\u0441\u0442\u0432\u043e \u043d\u0430 \u043c\u0430\u0442\u0440\u0438\u0446\u0430\u0442\u0430<\/b><\/td>\n<td>20-30 \u0434\u043d\u0438<\/td>\n<\/tr>\n<tr>\n<td colspan=\"2\"><strong>\u0440\u0430\u0431\u043e\u0442\u0430 \u0441\u044a\u0441 \u0441\u0433\u044a\u0441\u0442\u0435\u043d \u0432\u044a\u0437\u0434\u0443\u0445 \u0438\u0437\u0438\u0441\u043a\u0432\u0430 \u043a\u043e\u043c\u043f\u0440\u0435\u0441\u043e\u0440<\/strong><\/td>\n<\/tr>\n<\/tbody>\n<\/table>","protected":false},"excerpt":{"rendered":"<div style=\"width: 500px;\" class=\"wp-video\"><video class=\"wp-video-shortcode\" id=\"video-4916-1\" width=\"500\" height=\"500\" preload=\"metadata\" controls=\"controls\"><source type=\"video\/mp4\" src=\"https:\/\/distribucionarc.com\/wp-content\/uploads\/2022\/10\/selladora-de-botes-tarrinas-automatica-helados-salsas-video.mp4?_=1\" \/><a href=\"https:\/\/distribucionarc.com\/wp-content\/uploads\/2022\/10\/selladora-de-botes-tarrinas-automatica-helados-salsas-video.mp4\">https:\/\/distribucionarc.com\/wp-content\/uploads\/2022\/10\/selladora-de-botes-tarrinas-automatica-helados-salsas-video.mp4<\/a><\/video><\/div>","protected":false},"featured_media":4922,"comment_status":"open","ping_status":"closed","template":"","meta":{"wds_primary_product_brand":0,"wds_primary_product_cat":0},"product_brand":[],"product_cat":[77,28],"product_tag":[],"class_list":{"0":"post-4916","1":"product","2":"type-product","3":"status-publish","4":"has-post-thumbnail","6":"product_cat-selladoras-termicas-laminas-de-aluminio-sin-tapa","7":"product_cat-tapadoras","8":"product_shipping_class-express","10":"first","11":"instock","12":"taxable","13":"shipping-taxable","14":"purchasable","15":"product-type-simple"},"yoast_head":"<!-- This site is optimized with the Yoast SEO Premium plugin v24.9 (Yoast SEO v26.1) - https:\/\/yoast.com\/wordpress\/plugins\/seo\/ -->\n<title>selladora de botes, tarrinas autom\u00e1tica, helados, salsas, - distribuci\u00f3n ARC<\/title>\n<meta name=\"robots\" content=\"index, follow, max-snippet:-1, max-image-preview:large, max-video-preview:-1\" \/>\n<link rel=\"canonical\" href=\"https:\/\/www.distribucionarc.com\/producto\/selladora-de-botes-tarrinas-automatica-helados-salsas\/\" \/>\n<meta property=\"og:locale\" content=\"bg_BG\" \/>\n<meta property=\"og:type\" content=\"article\" \/>\n<meta property=\"og:title\" content=\"selladora de botes, tarrinas autom\u00e1tica, helados, salsas,\" \/>\n<meta property=\"og:url\" content=\"https:\/\/www.distribucionarc.com\/producto\/selladora-de-botes-tarrinas-automatica-helados-salsas\/\" \/>\n<meta property=\"og:site_name\" content=\"distribuci\u00f3n ARC\" \/>\n<meta property=\"article:modified_time\" content=\"2023-03-08T11:48:12+00:00\" \/>\n<meta property=\"og:image\" content=\"https:\/\/distribucionarc.com\/wp-content\/uploads\/2022\/10\/selladora-de-botes-tarrinas-automatica-helados-salsas-1.jpg\" \/>\n\t<meta property=\"og:image:width\" content=\"750\" \/>\n\t<meta property=\"og:image:height\" content=\"595\" \/>\n\t<meta property=\"og:image:type\" content=\"image\/jpeg\" \/>\n<meta name=\"twitter:card\" content=\"summary_large_image\" \/>\n<meta name=\"twitter:description\" content=\"[video width=&quot;500&quot; height=&quot;500&quot; mp4=&quot;https:\/\/distribucionarc.com\/wp-content\/uploads\/2022\/10\/selladora-de-botes-tarrinas-automatica-helados-salsas-video.mp4&quot;][\/video]\" \/>\n<script type=\"application\/ld+json\" class=\"yoast-schema-graph\">{\"@context\":\"https:\/\/schema.org\",\"@graph\":[{\"@type\":\"WebPage\",\"@id\":\"https:\/\/www.distribucionarc.com\/producto\/selladora-de-botes-tarrinas-automatica-helados-salsas\/\",\"url\":\"https:\/\/www.distribucionarc.com\/producto\/selladora-de-botes-tarrinas-automatica-helados-salsas\/\",\"name\":\"selladora de botes, tarrinas autom\u00e1tica, helados, salsas, - distribuci\u00f3n ARC\",\"isPartOf\":{\"@id\":\"https:\/\/distribucionarc.com\/ar\/#website\"},\"primaryImageOfPage\":{\"@id\":\"https:\/\/www.distribucionarc.com\/producto\/selladora-de-botes-tarrinas-automatica-helados-salsas\/#primaryimage\"},\"image\":{\"@id\":\"https:\/\/www.distribucionarc.com\/producto\/selladora-de-botes-tarrinas-automatica-helados-salsas\/#primaryimage\"},\"thumbnailUrl\":\"https:\/\/distribucionarc.com\/wp-content\/uploads\/2022\/10\/selladora-de-botes-tarrinas-automatica-helados-salsas-1.jpg\",\"datePublished\":\"2022-10-29T18:11:21+00:00\",\"dateModified\":\"2023-03-08T11:48:12+00:00\",\"breadcrumb\":{\"@id\":\"https:\/\/www.distribucionarc.com\/producto\/selladora-de-botes-tarrinas-automatica-helados-salsas\/#breadcrumb\"},\"inLanguage\":\"bg-BG\",\"potentialAction\":[{\"@type\":\"ReadAction\",\"target\":[\"https:\/\/www.distribucionarc.com\/producto\/selladora-de-botes-tarrinas-automatica-helados-salsas\/\"]}]},{\"@type\":\"ImageObject\",\"inLanguage\":\"bg-BG\",\"@id\":\"https:\/\/www.distribucionarc.com\/producto\/selladora-de-botes-tarrinas-automatica-helados-salsas\/#primaryimage\",\"url\":\"https:\/\/distribucionarc.com\/wp-content\/uploads\/2022\/10\/selladora-de-botes-tarrinas-automatica-helados-salsas-1.jpg\",\"contentUrl\":\"https:\/\/distribucionarc.com\/wp-content\/uploads\/2022\/10\/selladora-de-botes-tarrinas-automatica-helados-salsas-1.jpg\",\"width\":750,\"height\":595},{\"@type\":\"BreadcrumbList\",\"@id\":\"https:\/\/www.distribucionarc.com\/producto\/selladora-de-botes-tarrinas-automatica-helados-salsas\/#breadcrumb\",\"itemListElement\":[{\"@type\":\"ListItem\",\"position\":1,\"name\":\"Portada\",\"item\":\"https:\/\/www.distribucionarc.com\/pt\/\"},{\"@type\":\"ListItem\",\"position\":2,\"name\":\"Produtos\",\"item\":\"https:\/\/www.distribucionarc.com\/pt\/shop\/\"},{\"@type\":\"ListItem\",\"position\":3,\"name\":\"selladora de botes, tarrinas autom\u00e1tica, helados, salsas,\"}]},{\"@type\":\"WebSite\",\"@id\":\"https:\/\/distribucionarc.com\/ar\/#website\",\"url\":\"https:\/\/distribucionarc.com\/ar\/\",\"name\":\"distribuci\u00f3n ARC\",\"description\":\"Empresa especializada en la fabricaci\u00f3n y distribuci\u00f3n de maquinaria industrial, selladoras de latas, Maquinas de hacer pastillas, Maquinas de cortar carne...\",\"publisher\":{\"@id\":\"https:\/\/distribucionarc.com\/ar\/#organization\"},\"potentialAction\":[{\"@type\":\"SearchAction\",\"target\":{\"@type\":\"EntryPoint\",\"urlTemplate\":\"https:\/\/distribucionarc.com\/ar\/?s={search_term_string}\"},\"query-input\":{\"@type\":\"PropertyValueSpecification\",\"valueRequired\":true,\"valueName\":\"search_term_string\"}}],\"inLanguage\":\"bg-BG\"},{\"@type\":\"Organization\",\"@id\":\"https:\/\/distribucionarc.com\/ar\/#organization\",\"name\":\"Distribuci\u00f3n ARC\",\"url\":\"https:\/\/distribucionarc.com\/ar\/\",\"logo\":{\"@type\":\"ImageObject\",\"inLanguage\":\"bg-BG\",\"@id\":\"https:\/\/distribucionarc.com\/ar\/#\/schema\/logo\/image\/\",\"url\":\"https:\/\/distribucionarc.com\/wp-content\/uploads\/2024\/10\/distribucion-ARC-COLOR-SIN-FONDO-e1732295305345.png\",\"contentUrl\":\"https:\/\/distribucionarc.com\/wp-content\/uploads\/2024\/10\/distribucion-ARC-COLOR-SIN-FONDO-e1732295305345.png\",\"width\":1164,\"height\":558,\"caption\":\"Distribuci\u00f3n ARC\"},\"image\":{\"@id\":\"https:\/\/distribucionarc.com\/ar\/#\/schema\/logo\/image\/\"},\"description\":\"Empresa especializada en la fabricaci\u00f3n y distribuci\u00f3n de maquinaria industrial para los sectores alimentario y farmac\u00e9utico. Nos especializamos en: M\u00e1quinas de cortar carne Fabricaci\u00f3n de comprimidos Sistemas de transporte industrial L\u00edneas de embotellado Dosificadores Y mucho m\u00e1s... Ofrecemos soluciones innovadoras y personalizadas para optimizar los procesos productivos de tu empresa.\",\"email\":\"Admistracion@distribucionarc.com\",\"telephone\":\"+34 643496664\",\"legalName\":\"ARC TECH SOLUTIONS\",\"foundingDate\":\"2024-04-09\",\"vatID\":\"B55480172\",\"numberOfEmployees\":{\"@type\":\"QuantitativeValue\",\"minValue\":\"1\",\"maxValue\":\"10\"}}]}<\/script>\n<!-- \/ Yoast SEO Premium plugin. -->","yoast_head_json":{"title":"\u0410\u0432\u0442\u043e\u043c\u0430\u0442\u0438\u0447\u043d\u0430 \u043c\u0430\u0448\u0438\u043d\u0430 \u0437\u0430 \u0437\u0430\u0442\u0432\u0430\u0440\u044f\u043d\u0435 \u043d\u0430 \u0431\u0443\u0440\u043a\u0430\u043d\u0438, \u0432\u0430\u043d\u0438, \u0441\u043b\u0430\u0434\u043e\u043b\u0435\u0434\u0438, \u0441\u043e\u0441\u043e\u0432\u0435, - ARC \u0434\u0438\u0441\u0442\u0440\u0438\u0431\u0443\u0446\u0438\u044f","robots":{"index":"index","follow":"follow","max-snippet":"max-snippet:-1","max-image-preview":"max-image-preview:large","max-video-preview":"max-video-preview:-1"},"canonical":"https:\/\/www.distribucionarc.com\/producto\/selladora-de-botes-tarrinas-automatica-helados-salsas\/","og_locale":"bg_BG","og_type":"article","og_title":"selladora de botes, tarrinas autom\u00e1tica, helados, salsas,","og_url":"https:\/\/www.distribucionarc.com\/producto\/selladora-de-botes-tarrinas-automatica-helados-salsas\/","og_site_name":"distribuci\u00f3n ARC","article_modified_time":"2023-03-08T11:48:12+00:00","og_image":[{"width":750,"height":595,"url":"https:\/\/distribucionarc.com\/wp-content\/uploads\/2022\/10\/selladora-de-botes-tarrinas-automatica-helados-salsas-1.jpg","type":"image\/jpeg"}],"twitter_card":"summary_large_image","twitter_description":"[video width=\"500\" height=\"500\" mp4=\"https:\/\/distribucionarc.com\/wp-content\/uploads\/2022\/10\/selladora-de-botes-tarrinas-automatica-helados-salsas-video.mp4\"][\/video]","schema":{"@context":"https:\/\/schema.org","@graph":[{"@type":"WebPage","@id":"https:\/\/www.distribucionarc.com\/producto\/selladora-de-botes-tarrinas-automatica-helados-salsas\/","url":"https:\/\/www.distribucionarc.com\/producto\/selladora-de-botes-tarrinas-automatica-helados-salsas\/","name":"\u0410\u0432\u0442\u043e\u043c\u0430\u0442\u0438\u0447\u043d\u0430 \u043c\u0430\u0448\u0438\u043d\u0430 \u0437\u0430 \u0437\u0430\u0442\u0432\u0430\u0440\u044f\u043d\u0435 \u043d\u0430 \u0431\u0443\u0440\u043a\u0430\u043d\u0438, \u0432\u0430\u043d\u0438, \u0441\u043b\u0430\u0434\u043e\u043b\u0435\u0434\u0438, \u0441\u043e\u0441\u043e\u0432\u0435, - ARC \u0434\u0438\u0441\u0442\u0440\u0438\u0431\u0443\u0446\u0438\u044f","isPartOf":{"@id":"https:\/\/distribucionarc.com\/ar\/#website"},"primaryImageOfPage":{"@id":"https:\/\/www.distribucionarc.com\/producto\/selladora-de-botes-tarrinas-automatica-helados-salsas\/#primaryimage"},"image":{"@id":"https:\/\/www.distribucionarc.com\/producto\/selladora-de-botes-tarrinas-automatica-helados-salsas\/#primaryimage"},"thumbnailUrl":"https:\/\/distribucionarc.com\/wp-content\/uploads\/2022\/10\/selladora-de-botes-tarrinas-automatica-helados-salsas-1.jpg","datePublished":"2022-10-29T18:11:21+00:00","dateModified":"2023-03-08T11:48:12+00:00","breadcrumb":{"@id":"https:\/\/www.distribucionarc.com\/producto\/selladora-de-botes-tarrinas-automatica-helados-salsas\/#breadcrumb"},"inLanguage":"bg-BG","potentialAction":[{"@type":"ReadAction","target":["https:\/\/www.distribucionarc.com\/producto\/selladora-de-botes-tarrinas-automatica-helados-salsas\/"]}]},{"@type":"ImageObject","inLanguage":"bg-BG","@id":"https:\/\/www.distribucionarc.com\/producto\/selladora-de-botes-tarrinas-automatica-helados-salsas\/#primaryimage","url":"https:\/\/distribucionarc.com\/wp-content\/uploads\/2022\/10\/selladora-de-botes-tarrinas-automatica-helados-salsas-1.jpg","contentUrl":"https:\/\/distribucionarc.com\/wp-content\/uploads\/2022\/10\/selladora-de-botes-tarrinas-automatica-helados-salsas-1.jpg","width":750,"height":595},{"@type":"BreadcrumbList","@id":"https:\/\/www.distribucionarc.com\/producto\/selladora-de-botes-tarrinas-automatica-helados-salsas\/#breadcrumb","itemListElement":[{"@type":"ListItem","position":1,"name":"Portada","item":"https:\/\/www.distribucionarc.com\/pt\/"},{"@type":"ListItem","position":2,"name":"Produtos","item":"https:\/\/www.distribucionarc.com\/pt\/shop\/"},{"@type":"ListItem","position":3,"name":"selladora de botes, tarrinas autom\u00e1tica, helados, salsas,"}]},{"@type":"WebSite","@id":"https:\/\/distribucionarc.com\/ar\/#website","url":"https:\/\/distribucionarc.com\/ar\/","name":"ARC \u0440\u0430\u0437\u043f\u0440\u0435\u0434\u0435\u043b\u0435\u043d\u0438\u0435","description":"\u0424\u0438\u0440\u043c\u0430, \u0441\u043f\u0435\u0446\u0438\u0430\u043b\u0438\u0437\u0438\u0440\u0430\u043d\u0430 \u0432 \u043f\u0440\u043e\u0438\u0437\u0432\u043e\u0434\u0441\u0442\u0432\u043e\u0442\u043e \u0438 \u0434\u0438\u0441\u0442\u0440\u0438\u0431\u0443\u0446\u0438\u044f\u0442\u0430 \u043d\u0430 \u043f\u0440\u043e\u043c\u0438\u0448\u043b\u0435\u043d\u0438 \u043c\u0430\u0448\u0438\u043d\u0438, \u043c\u0430\u0448\u0438\u043d\u0438 \u0437\u0430 \u0437\u0430\u043f\u0435\u0447\u0430\u0442\u0432\u0430\u043d\u0435 \u043d\u0430 \u043a\u0443\u0442\u0438\u0438, \u043c\u0430\u0448\u0438\u043d\u0438 \u0437\u0430 \u043f\u0440\u043e\u0438\u0437\u0432\u043e\u0434\u0441\u0442\u0432\u043e \u043d\u0430 \u0442\u0430\u0431\u043b\u0435\u0442\u043a\u0438, \u043c\u0430\u0448\u0438\u043d\u0438 \u0437\u0430 \u0440\u044f\u0437\u0430\u043d\u0435 \u043d\u0430 \u043c\u0435\u0441\u043e...","publisher":{"@id":"https:\/\/distribucionarc.com\/ar\/#organization"},"potentialAction":[{"@type":"SearchAction","target":{"@type":"EntryPoint","urlTemplate":"https:\/\/distribucionarc.com\/ar\/?s={search_term_string}"},"query-input":{"@type":"PropertyValueSpecification","valueRequired":true,"valueName":"search_term_string"}}],"inLanguage":"bg-BG"},{"@type":"Organization","@id":"https:\/\/distribucionarc.com\/ar\/#organization","name":"ARC \u0420\u0430\u0437\u043f\u0440\u0435\u0434\u0435\u043b\u0435\u043d\u0438\u0435","url":"https:\/\/distribucionarc.com\/ar\/","logo":{"@type":"ImageObject","inLanguage":"bg-BG","@id":"https:\/\/distribucionarc.com\/ar\/#\/schema\/logo\/image\/","url":"https:\/\/distribucionarc.com\/wp-content\/uploads\/2024\/10\/distribucion-ARC-COLOR-SIN-FONDO-e1732295305345.png","contentUrl":"https:\/\/distribucionarc.com\/wp-content\/uploads\/2024\/10\/distribucion-ARC-COLOR-SIN-FONDO-e1732295305345.png","width":1164,"height":558,"caption":"Distribuci\u00f3n ARC"},"image":{"@id":"https:\/\/distribucionarc.com\/ar\/#\/schema\/logo\/image\/"},"description":"\u0414\u0440\u0443\u0436\u0435\u0441\u0442\u0432\u043e, \u0441\u043f\u0435\u0446\u0438\u0430\u043b\u0438\u0437\u0438\u0440\u0430\u043d\u043e \u0432 \u043f\u0440\u043e\u0438\u0437\u0432\u043e\u0434\u0441\u0442\u0432\u043e\u0442\u043e \u0438 \u0434\u0438\u0441\u0442\u0440\u0438\u0431\u0443\u0446\u0438\u044f\u0442\u0430 \u043d\u0430 \u043f\u0440\u043e\u043c\u0438\u0448\u043b\u0435\u043d\u0438 \u043c\u0430\u0448\u0438\u043d\u0438 \u0437\u0430 \u0445\u0440\u0430\u043d\u0438\u0442\u0435\u043b\u043d\u043e-\u0432\u043a\u0443\u0441\u043e\u0432\u0438\u044f \u0438 \u0444\u0430\u0440\u043c\u0430\u0446\u0435\u0432\u0442\u0438\u0447\u043d\u0438\u044f \u0441\u0435\u043a\u0442\u043e\u0440. \u041d\u0438\u0435 \u0441\u043c\u0435 \u0441\u043f\u0435\u0446\u0438\u0430\u043b\u0438\u0437\u0438\u0440\u0430\u043d\u0438 \u0432: \u041c\u0430\u0448\u0438\u043d\u0438 \u0437\u0430 \u0440\u044f\u0437\u0430\u043d\u0435 \u043d\u0430 \u043c\u0435\u0441\u043e \u041f\u0440\u043e\u0438\u0437\u0432\u043e\u0434\u0441\u0442\u0432\u043e \u043d\u0430 \u0442\u0430\u0431\u043b\u0435\u0442\u0438 \u041f\u0440\u043e\u043c\u0438\u0448\u043b\u0435\u043d\u0438 \u0442\u0440\u0430\u043d\u0441\u043f\u043e\u0440\u0442\u043d\u0438 \u0441\u0438\u0441\u0442\u0435\u043c\u0438 \u041b\u0438\u043d\u0438\u0438 \u0437\u0430 \u0431\u0443\u0442\u0438\u043b\u0438\u0440\u0430\u043d\u0435 \u0414\u0438\u0441\u043f\u0435\u043d\u0441\u044a\u0440\u0438 \u0418 \u043c\u043d\u043e\u0433\u043e \u0434\u0440\u0443\u0433\u0438... \u041d\u0438\u0435 \u043f\u0440\u0435\u0434\u043b\u0430\u0433\u0430\u043c\u0435 \u0438\u043d\u043e\u0432\u0430\u0442\u0438\u0432\u043d\u0438 \u0438 \u043f\u0435\u0440\u0441\u043e\u043d\u0430\u043b\u0438\u0437\u0438\u0440\u0430\u043d\u0438 \u0440\u0435\u0448\u0435\u043d\u0438\u044f \u0437\u0430 \u043e\u043f\u0442\u0438\u043c\u0438\u0437\u0438\u0440\u0430\u043d\u0435 \u043d\u0430 \u043f\u0440\u043e\u0438\u0437\u0432\u043e\u0434\u0441\u0442\u0432\u0435\u043d\u0438\u0442\u0435 \u043f\u0440\u043e\u0446\u0435\u0441\u0438 \u0432\u044a\u0432 \u0432\u0430\u0448\u0430\u0442\u0430 \u043a\u043e\u043c\u043f\u0430\u043d\u0438\u044f.","email":"Admistracion@distribucionarc.com","telephone":"+34 643496664","legalName":"ARC TECH SOLUTIONS","foundingDate":"2024-04-09","vatID":"B55480172","numberOfEmployees":{"@type":"QuantitativeValue","minValue":"1","maxValue":"10"}}]}},"_links":{"self":[{"href":"https:\/\/distribucionarc.com\/bg\/wp-json\/wp\/v2\/product\/4916","targetHints":{"allow":["GET"]}}],"collection":[{"href":"https:\/\/distribucionarc.com\/bg\/wp-json\/wp\/v2\/product"}],"about":[{"href":"https:\/\/distribucionarc.com\/bg\/wp-json\/wp\/v2\/types\/product"}],"replies":[{"embeddable":true,"href":"https:\/\/distribucionarc.com\/bg\/wp-json\/wp\/v2\/comments?post=4916"}],"version-history":[{"count":0,"href":"https:\/\/distribucionarc.com\/bg\/wp-json\/wp\/v2\/product\/4916\/revisions"}],"wp:featuredmedia":[{"embeddable":true,"href":"https:\/\/distribucionarc.com\/bg\/wp-json\/wp\/v2\/media\/4922"}],"wp:attachment":[{"href":"https:\/\/distribucionarc.com\/bg\/wp-json\/wp\/v2\/media?parent=4916"}],"wp:term":[{"taxonomy":"product_brand","embeddable":true,"href":"https:\/\/distribucionarc.com\/bg\/wp-json\/wp\/v2\/product_brand?post=4916"},{"taxonomy":"product_cat","embeddable":true,"href":"https:\/\/distribucionarc.com\/bg\/wp-json\/wp\/v2\/product_cat?post=4916"},{"taxonomy":"product_tag","embeddable":true,"href":"https:\/\/distribucionarc.com\/bg\/wp-json\/wp\/v2\/product_tag?post=4916"}],"curies":[{"name":"\u0440\u0430\u0431\u043e\u0442\u043d\u0430 \u0441\u0440\u0435\u0449\u0430","href":"https:\/\/api.w.org\/{rel}","templated":true}]}}