{"id":5464,"date":"2023-04-25T11:47:42","date_gmt":"2023-04-25T11:47:42","guid":{"rendered":"https:\/\/distribucionarc.com\/?post_type=product&#038;p=5464"},"modified":"2024-05-18T08:04:53","modified_gmt":"2024-05-18T08:04:53","slug":"%ce%bc%ce%b7%cf%87%ce%ac%ce%bd%ce%b7%ce%bc%ce%b1-%ce%b3%ce%b9%ce%b1-%ce%ba%ce%b1%cf%84%ce%b1%cf%83%ce%ba%ce%b5%cf%85%ce%ae-%cf%87%ce%ac%cf%80%ce%b9%ce%b1-%cf%84%ce%b1%ce%bc%cf%80%ce%bb%ce%ad%cf%84","status":"publish","type":"product","link":"https:\/\/distribucionarc.com\/bg\/producto\/maquina-para-hacer-pastillas-comprimidos-tableteadora-manual-o-automatica\/","title":{"rendered":"\u041c\u0430\u0448\u0438\u043d\u0430 \u0437\u0430 \u043f\u0440\u0438\u0433\u043e\u0442\u0432\u044f\u043d\u0435 \u043d\u0430 \u0445\u0430\u043f\u0447\u0435\u0442\u0430, \u0442\u0430\u0431\u043b\u0435\u0442\u043a\u0438, \u0440\u044a\u0447\u043d\u0430 \u0438\u043b\u0438 \u0430\u0432\u0442\u043e\u043c\u0430\u0442\u0438\u0447\u043d\u0430"},"content":{"rendered":"<h2>\u041f\u0440\u0435\u0441\u0430\u0442\u0430 \u0437\u0430 \u043f\u0440\u043e\u0438\u0437\u0432\u043e\u0434\u0441\u0442\u0432\u043e \u043d\u0430 \u0445\u0430\u043f\u0447\u0435\u0442\u0430 \u0435 \u043c\u0430\u0448\u0438\u043d\u0430, \u0438\u0437\u043f\u043e\u043b\u0437\u0432\u0430\u043d\u0430 \u0432 \u0438\u043d\u0434\u0443\u0441\u0442\u0440\u0438\u044f\u0442\u0430.<\/h2>\n<p><a href=\"https:\/\/distribucionarc.com\/wp-content\/uploads\/2023\/04\/prensa-pastillas.jpeg\"><img loading=\"lazy\" decoding=\"async\" class=\"alignnone size-medium wp-image-5470\" src=\"https:\/\/distribucionarc.com\/wp-content\/uploads\/2023\/04\/prensa-pastillas-300x300.jpeg\" alt=\"\" width=\"300\" height=\"300\" srcset=\"https:\/\/distribucionarc.com\/wp-content\/uploads\/2023\/04\/prensa-pastillas-300x300.jpeg 300w, https:\/\/distribucionarc.com\/wp-content\/uploads\/2023\/04\/prensa-pastillas-430x430.jpeg 430w, https:\/\/distribucionarc.com\/wp-content\/uploads\/2023\/04\/prensa-pastillas-150x150.jpeg 150w, https:\/\/distribucionarc.com\/wp-content\/uploads\/2023\/04\/prensa-pastillas-700x700.jpeg 700w, https:\/\/distribucionarc.com\/wp-content\/uploads\/2023\/04\/prensa-pastillas-768x768.jpeg 768w, https:\/\/distribucionarc.com\/wp-content\/uploads\/2023\/04\/prensa-pastillas-12x12.jpeg 12w, https:\/\/distribucionarc.com\/wp-content\/uploads\/2023\/04\/prensa-pastillas-320x320.jpeg 320w, https:\/\/distribucionarc.com\/wp-content\/uploads\/2023\/04\/prensa-pastillas-600x600.jpeg 600w, https:\/\/distribucionarc.com\/wp-content\/uploads\/2023\/04\/prensa-pastillas-100x100.jpeg 100w, https:\/\/distribucionarc.com\/wp-content\/uploads\/2023\/04\/prensa-pastillas-48x48.jpeg 48w, https:\/\/distribucionarc.com\/wp-content\/uploads\/2023\/04\/prensa-pastillas.jpeg 800w\" sizes=\"auto, (max-width: 300px) 100vw, 300px\" \/><\/a><\/p>\n<p>\u0422\u0430\u0437\u0438 \u043c\u0430\u0448\u0438\u043d\u0430 \u0438\u043c\u0430 \u0441\u043a\u043e\u0440\u043e\u0441\u0442 \u043d\u0430 \u043f\u0440\u043e\u0438\u0437\u0432\u043e\u0434\u0441\u0442\u0432\u043e \u043e\u0442 30 \u0434\u043e 50 \u0442\u0430\u0431\u043b\u0435\u0442\u043a\u0438 \u0432 \u043c\u0438\u043d\u0443\u0442\u0430.<\/p>\n<p>\u0412\u044a\u043f\u0440\u0435\u043a\u0438 \u0447\u0435 \u043f\u0440\u043e\u0438\u0437\u0432\u043e\u0434\u0441\u0442\u0432\u043e\u0442\u043e \u0435 \u0440\u044a\u0447\u043d\u043e, \u043d\u0430 <strong>\u043f\u0440\u0435\u0441\u0430 \u0437\u0430 \u0445\u0430\u043f\u0447\u0435\u0442\u0430<\/strong> manual \u043e\u0441\u0442\u0430\u0432\u0430 \u0432\u0438\u0441\u043e\u043a\u043e\u0435\u0444\u0435\u043a\u0442\u0438\u0432\u043d\u0430 \u0438 \u043f\u0440\u0435\u0446\u0438\u0437\u043d\u0430 \u043c\u0430\u0448\u0438\u043d\u0430. \u0421\u043f\u043e\u0441\u043e\u0431\u043d\u043e\u0441\u0442\u0442\u0430 \u043c\u0443 \u0434\u0430 \u043f\u0440\u043e\u0438\u0437\u0432\u0435\u0436\u0434\u0430 \u0432\u0438\u0441\u043e\u043a\u043e\u043a\u0430\u0447\u0435\u0441\u0442\u0432\u0435\u043d\u0438 \u0442\u0430\u0431\u043b\u0435\u0442\u0438 \u0432 \u0433\u043e\u043b\u0435\u043c\u0438 \u043a\u043e\u043b\u0438\u0447\u0435\u0441\u0442\u0432\u0430 \u0433\u043e \u043f\u0440\u0430\u0432\u0438 \u043f\u043e\u043f\u0443\u043b\u044f\u0440\u0435\u043d \u0438\u0437\u0431\u043e\u0440 \u0437\u0430 \u043c\u0430\u043b\u043a\u0438 \u0438 \u0441\u0440\u0435\u0434\u043d\u0438 \u043f\u0440\u0435\u0434\u043f\u0440\u0438\u044f\u0442\u0438\u044f, \u043a\u043e\u0438\u0442\u043e \u0438\u0441\u043a\u0430\u0442 \u0434\u0430 \u043f\u043e\u0434\u043e\u0431\u0440\u044f\u0442 \u043f\u0440\u043e\u0438\u0437\u0432\u043e\u0434\u0441\u0442\u0432\u043e\u0442\u043e \u0441\u0438 \u0438 \u0434\u0430 \u043e\u0442\u0433\u043e\u0432\u043e\u0440\u044f\u0442 \u043d\u0430 \u043d\u0443\u0436\u0434\u0438\u0442\u0435 \u043d\u0430 \u0441\u0432\u043e\u0438\u0442\u0435 \u043a\u043b\u0438\u0435\u043d\u0442\u0438.<\/p>\n<div style=\"width: 408px;\" class=\"wp-video\"><video class=\"wp-video-shortcode\" id=\"video-5464-1\" width=\"408\" height=\"720\" preload=\"metadata\" controls=\"controls\"><source type=\"video\/mp4\" src=\"https:\/\/distribucionarc.com\/wp-content\/uploads\/2023\/04\/Maquina-para-hacer-pastillas-comprimidos-tableteadora-manual-o-automatica.mp4?_=1\" \/><a href=\"https:\/\/distribucionarc.com\/wp-content\/uploads\/2023\/04\/Maquina-para-hacer-pastillas-comprimidos-tableteadora-manual-o-automatica.mp4\">https:\/\/distribucionarc.com\/wp-content\/uploads\/2023\/04\/Maquina-para-hacer-pastillas-comprimidos-tableteadora-manual-o-automatica.mp4<\/a><\/video><\/div>\n<p>&nbsp;<\/p>\n<p>\u0422\u0435\u0445\u043d\u0438\u0447\u0435\u0441\u043a\u0438 \u0441\u043f\u0435\u0446\u0438\u0444\u0438\u043a\u0430\u0446\u0438\u0438 <strong>\u0440\u044a\u0447\u043d\u0430 \u043c\u0430\u0448\u0438\u043d\u0430 \u0437\u0430 \u043f\u0440\u0438\u0433\u043e\u0442\u0432\u044f\u043d\u0435 \u043d\u0430 \u0445\u0430\u043f\u0447\u0435\u0442\u0430<\/strong>: AR00702<\/p>\n<p>\u0411\u0440\u043e\u0439 \u043c\u0430\u0442\u0440\u0438\u0446\u0438: \u0432\u043a\u043b\u044e\u0447\u0435\u043d\u0438 1<\/p>\n<p>\u041f\u0440\u043e\u0438\u0437\u0432\u043e\u0434\u0441\u0442\u0432\u0435\u043d \u043a\u0430\u043f\u0430\u0446\u0438\u0442\u0435\u0442: 30-50\/\u043c\u0438\u043d<\/p>\n<p>\u041c\u0430\u043a\u0441\u0438\u043c\u0430\u043b\u0435\u043d \u0434\u0438\u0430\u043c\u0435\u0442\u044a\u0440 \u043d\u0430 \u0442\u0430\u0431\u043b\u0435\u0442\u0430, \u0442\u0430\u0431\u043b\u0435\u0442: 15 mm<\/p>\n<p>\u0414\u0435\u0431\u0435\u043b\u0438\u043d\u0430 \u043d\u0430 \u0442\u0430\u0431\u043b\u0435\u0442\u043a\u0430\u0442\u0430, \u0442\u0430\u0431\u043b\u0435\u0442\u043a\u0430: 2-6 mm<\/p>\n<p>\u041c\u0430\u043a\u0441\u0438\u043c\u0430\u043b\u0435\u043d \u043d\u0430\u0442\u0438\u0441\u043a: 3,1 kN<\/p>\n<p>\u0411\u0440\u043e\u0439 \u0447\u0430\u0441\u0442\u0438 \u0437\u0430 \u043f\u044a\u043b\u043d\u0435\u0436: 1<\/p>\n<p>\u0414\u0432\u0443\u0441\u043b\u043e\u0439\u043d\u0430 \u0442\u0430\u0431\u043b\u0435\u0442\u043a\u0430: \u041d\u0435<\/p>\n<p>\u0422\u0435\u0433\u043b\u043e: 25,4 \u043a\u0433<\/p>\n<p>\u0412\u0438\u0441\u043e\u0447\u0438\u043d\u0430: 51 \u0441\u043c<\/p>\n<p>\u0421\u0435\u0440\u0442\u0438\u0444\u0438\u043a\u0430\u0442\u0438: CE, RHOS<\/p>\n<h2>\u041f\u0440\u0435\u0434\u043b\u0430\u0433\u0430 \u0441\u0435 \u0438 \u0430\u0432\u0442\u043e\u043c\u0430\u0442\u0438\u0447\u043d\u0430 \u043c\u0430\u0448\u0438\u043d\u0430 \u0437\u0430 \u043f\u0440\u0438\u0433\u043e\u0442\u0432\u044f\u043d\u0435 \u043d\u0430 \u0445\u0430\u043f\u0447\u0435\u0442\u0430 \u0432 \u0442\u0430\u0431\u043b\u0435\u0442\u043a\u0438<\/h2>\n<p>\u0421\u043f\u0440\u0430\u0432\u043a\u0430: AR00703<\/p>\n<div style=\"width: 960px;\" class=\"wp-video\"><video class=\"wp-video-shortcode\" id=\"video-5464-2\" width=\"960\" height=\"544\" preload=\"metadata\" controls=\"controls\"><source type=\"video\/mp4\" src=\"https:\/\/distribucionarc.com\/wp-content\/uploads\/2023\/04\/Maquina-para-hacer-pastillas-automatica.mp4?_=2\" \/><a href=\"https:\/\/distribucionarc.com\/wp-content\/uploads\/2023\/04\/Maquina-para-hacer-pastillas-automatica.mp4\">https:\/\/distribucionarc.com\/wp-content\/uploads\/2023\/04\/Maquina-para-hacer-pastillas-automatica.mp4<\/a><\/video><\/div>","protected":false},"excerpt":{"rendered":"<p>The <strong>\u043c\u0430\u0448\u0438\u043d\u0430 \u0437\u0430 \u043f\u0440\u043e\u0438\u0437\u0432\u043e\u0434\u0441\u0442\u0432\u043e \u043d\u0430 \u0445\u0430\u043f\u0447\u0435\u0442\u0430<\/strong> \u0441 \u0440\u0430\u0437\u043b\u0438\u0447\u043d\u0438 \u0440\u0430\u0437\u043c\u0435\u0440\u0438 \u0435 \u0432\u0438\u0441\u043e\u043a\u043e \u0441\u043f\u0435\u0446\u0438\u0430\u043b\u0438\u0437\u0438\u0440\u0430\u043d\u043e \u0438 \u043f\u0440\u0435\u0446\u0438\u0437\u043d\u043e \u043e\u0431\u043e\u0440\u0443\u0434\u0432\u0430\u043d\u0435, \u0438\u0437\u043f\u043e\u043b\u0437\u0432\u0430\u043d\u043e \u043f\u0440\u0438 \u043f\u0440\u043e\u0438\u0437\u0432\u043e\u0434\u0441\u0442\u0432\u043e\u0442\u043e \u043d\u0430 <strong>\u043b\u0435\u043a\u0430\u0440\u0441\u0442\u0432\u0430<\/strong> \u0438 <strong>\u0445\u0440\u0430\u043d\u0438\u0442\u0435\u043b\u043d\u0438 \u0434\u043e\u0431\u0430\u0432\u043a\u0438<\/strong>. \u0422\u0430\u0437\u0438 \u043c\u0430\u0448\u0438\u043d\u0430 \u0435 \u0432 \u0441\u044a\u0441\u0442\u043e\u044f\u043d\u0438\u0435 \u0434\u0430 \u043f\u0440\u043e\u0438\u0437\u0432\u0435\u0436\u0434\u0430 <strong>\u0442\u0430\u0431\u043b\u0435\u0442\u043a\u0438<\/strong> \u0441 \u0440\u0430\u0437\u043c\u0435\u0440\u0438, \u0432\u0430\u0440\u0438\u0440\u0430\u0449\u0438 \u043e\u0442 <strong>5 \u043c\u043c \u0434\u043e 15 \u043c\u043c<\/strong>, \u043a\u043e\u0435\u0442\u043e \u043d\u0438 \u043f\u043e\u0437\u0432\u043e\u043b\u044f\u0432\u0430 \u0434\u0430 \u0441\u0435 \u0430\u0434\u0430\u043f\u0442\u0438\u0440\u0430\u043c\u0435 \u043a\u044a\u043c \u0441\u043f\u0435\u0446\u0438\u0444\u0438\u0447\u043d\u0438\u0442\u0435 \u043d\u0443\u0436\u0434\u0438 \u043d\u0430 \u0432\u0441\u0435\u043a\u0438 \u043a\u043b\u0438\u0435\u043d\u0442.<\/p>","protected":false},"featured_media":5465,"comment_status":"open","ping_status":"closed","template":"","meta":{"wds_primary_product_brand":0,"wds_primary_product_cat":0},"product_brand":[],"product_cat":[84],"product_tag":[],"class_list":{"0":"post-5464","1":"product","2":"type-product","3":"status-publish","4":"has-post-thumbnail","6":"product_cat-maquinas-para-hacer-pastillas","7":"product_shipping_class-express","9":"first","10":"instock","11":"taxable","12":"shipping-taxable","13":"purchasable","14":"product-type-simple"},"yoast_head":"<!-- This site is optimized with the Yoast SEO Premium plugin v24.9 (Yoast SEO v26.1) - https:\/\/yoast.com\/wordpress\/plugins\/seo\/ -->\n<title>Maquina para hacer pastillas, comprimidos tableteadora manual o autom\u00e1tica - distribuci\u00f3n ARC<\/title>\n<meta name=\"robots\" content=\"index, follow, max-snippet:-1, max-image-preview:large, max-video-preview:-1\" \/>\n<link rel=\"canonical\" href=\"https:\/\/www.distribucionarc.com\/producto\/maquina-para-hacer-pastillas-comprimidos-tableteadora-manual-o-automatica\/\" \/>\n<meta property=\"og:locale\" content=\"bg_BG\" \/>\n<meta property=\"og:type\" content=\"article\" \/>\n<meta property=\"og:title\" content=\"Maquina para hacer pastillas, comprimidos tableteadora manual o autom\u00e1tica\" \/>\n<meta property=\"og:description\" content=\"La m\u00e1quina para hacer pastillas de diferentes tama\u00f1os es un equipo altamente especializado y preciso que se utiliza en la fabricaci\u00f3n de medicamentos y suplementos nutricionales. Esta m\u00e1quina es capaz de producir comprimidos de tama\u00f1os que van desde 5 mm hasta 15 mm, lo que permite adaptarse a las necesidades espec\u00edficas de cada cliente.\" \/>\n<meta property=\"og:url\" content=\"https:\/\/www.distribucionarc.com\/producto\/maquina-para-hacer-pastillas-comprimidos-tableteadora-manual-o-automatica\/\" \/>\n<meta property=\"og:site_name\" content=\"distribuci\u00f3n ARC\" \/>\n<meta property=\"article:modified_time\" content=\"2024-05-18T08:04:53+00:00\" \/>\n<meta property=\"og:image\" content=\"https:\/\/www.distribucionarc.com\/wp-content\/uploads\/2023\/04\/maquina-para-hacer-pastillas.jpeg\" \/>\n\t<meta property=\"og:image:width\" content=\"1600\" \/>\n\t<meta property=\"og:image:height\" content=\"1600\" \/>\n\t<meta property=\"og:image:type\" content=\"image\/jpeg\" \/>\n<meta name=\"twitter:card\" content=\"summary_large_image\" \/>\n<meta name=\"twitter:label1\" content=\"Est. reading time\" \/>\n\t<meta name=\"twitter:data1\" content=\"1 \u043c\u0438\u043d\u0443\u0442\u0430\" \/>\n<script type=\"application\/ld+json\" class=\"yoast-schema-graph\">{\"@context\":\"https:\/\/schema.org\",\"@graph\":[{\"@type\":\"WebPage\",\"@id\":\"https:\/\/www.distribucionarc.com\/producto\/maquina-para-hacer-pastillas-comprimidos-tableteadora-manual-o-automatica\/\",\"url\":\"https:\/\/www.distribucionarc.com\/producto\/maquina-para-hacer-pastillas-comprimidos-tableteadora-manual-o-automatica\/\",\"name\":\"Maquina para hacer pastillas, comprimidos tableteadora manual o autom\u00e1tica - distribuci\u00f3n ARC\",\"isPartOf\":{\"@id\":\"https:\/\/www.distribucionarc.com\/tr\/#website\"},\"primaryImageOfPage\":{\"@id\":\"https:\/\/www.distribucionarc.com\/producto\/maquina-para-hacer-pastillas-comprimidos-tableteadora-manual-o-automatica\/#primaryimage\"},\"image\":{\"@id\":\"https:\/\/www.distribucionarc.com\/producto\/maquina-para-hacer-pastillas-comprimidos-tableteadora-manual-o-automatica\/#primaryimage\"},\"thumbnailUrl\":\"https:\/\/distribucionarc.com\/wp-content\/uploads\/2023\/04\/maquina-para-hacer-pastillas.jpeg\",\"datePublished\":\"2023-04-25T11:47:42+00:00\",\"dateModified\":\"2024-05-18T08:04:53+00:00\",\"breadcrumb\":{\"@id\":\"https:\/\/www.distribucionarc.com\/producto\/maquina-para-hacer-pastillas-comprimidos-tableteadora-manual-o-automatica\/#breadcrumb\"},\"inLanguage\":\"bg-BG\",\"potentialAction\":[{\"@type\":\"ReadAction\",\"target\":[\"https:\/\/www.distribucionarc.com\/producto\/maquina-para-hacer-pastillas-comprimidos-tableteadora-manual-o-automatica\/\"]}]},{\"@type\":\"ImageObject\",\"inLanguage\":\"bg-BG\",\"@id\":\"https:\/\/www.distribucionarc.com\/producto\/maquina-para-hacer-pastillas-comprimidos-tableteadora-manual-o-automatica\/#primaryimage\",\"url\":\"https:\/\/distribucionarc.com\/wp-content\/uploads\/2023\/04\/maquina-para-hacer-pastillas.jpeg\",\"contentUrl\":\"https:\/\/distribucionarc.com\/wp-content\/uploads\/2023\/04\/maquina-para-hacer-pastillas.jpeg\",\"width\":1600,\"height\":1600},{\"@type\":\"BreadcrumbList\",\"@id\":\"https:\/\/www.distribucionarc.com\/producto\/maquina-para-hacer-pastillas-comprimidos-tableteadora-manual-o-automatica\/#breadcrumb\",\"itemListElement\":[{\"@type\":\"ListItem\",\"position\":1,\"name\":\"Portada\",\"item\":\"https:\/\/www.distribucionarc.com\/tr\/\"},{\"@type\":\"ListItem\",\"position\":2,\"name\":\"Produktai\",\"item\":\"https:\/\/distribucionarc.com\/lt\/parduotuve\/\"},{\"@type\":\"ListItem\",\"position\":3,\"name\":\"Maquina para hacer pastillas, comprimidos tableteadora manual o autom\u00e1tica\"}]},{\"@type\":\"WebSite\",\"@id\":\"https:\/\/www.distribucionarc.com\/tr\/#website\",\"url\":\"https:\/\/www.distribucionarc.com\/tr\/\",\"name\":\"distribuci\u00f3n ARC\",\"description\":\"Empresa especializada en la fabricaci\u00f3n y distribuci\u00f3n de maquinaria industrial, selladoras de latas, Maquinas de hacer pastillas, Maquinas de cortar carne...\",\"publisher\":{\"@id\":\"https:\/\/www.distribucionarc.com\/tr\/#organization\"},\"potentialAction\":[{\"@type\":\"SearchAction\",\"target\":{\"@type\":\"EntryPoint\",\"urlTemplate\":\"https:\/\/www.distribucionarc.com\/tr\/?s={search_term_string}\"},\"query-input\":{\"@type\":\"PropertyValueSpecification\",\"valueRequired\":true,\"valueName\":\"search_term_string\"}}],\"inLanguage\":\"bg-BG\"},{\"@type\":\"Organization\",\"@id\":\"https:\/\/www.distribucionarc.com\/tr\/#organization\",\"name\":\"Distribuci\u00f3n ARC\",\"url\":\"https:\/\/www.distribucionarc.com\/tr\/\",\"logo\":{\"@type\":\"ImageObject\",\"inLanguage\":\"bg-BG\",\"@id\":\"https:\/\/www.distribucionarc.com\/tr\/#\/schema\/logo\/image\/\",\"url\":\"https:\/\/distribucionarc.com\/wp-content\/uploads\/2024\/10\/distribucion-ARC-COLOR-SIN-FONDO-e1732295305345.png\",\"contentUrl\":\"https:\/\/distribucionarc.com\/wp-content\/uploads\/2024\/10\/distribucion-ARC-COLOR-SIN-FONDO-e1732295305345.png\",\"width\":1164,\"height\":558,\"caption\":\"Distribuci\u00f3n ARC\"},\"image\":{\"@id\":\"https:\/\/www.distribucionarc.com\/tr\/#\/schema\/logo\/image\/\"},\"description\":\"Empresa especializada en la fabricaci\u00f3n y distribuci\u00f3n de maquinaria industrial para los sectores alimentario y farmac\u00e9utico. Nos especializamos en: M\u00e1quinas de cortar carne Fabricaci\u00f3n de comprimidos Sistemas de transporte industrial L\u00edneas de embotellado Dosificadores Y mucho m\u00e1s... Ofrecemos soluciones innovadoras y personalizadas para optimizar los procesos productivos de tu empresa.\",\"email\":\"Admistracion@distribucionarc.com\",\"telephone\":\"+34 643496664\",\"legalName\":\"ARC TECH SOLUTIONS\",\"foundingDate\":\"2024-04-09\",\"vatID\":\"B55480172\",\"numberOfEmployees\":{\"@type\":\"QuantitativeValue\",\"minValue\":\"1\",\"maxValue\":\"10\"}}]}<\/script>\n<!-- \/ Yoast SEO Premium plugin. -->","yoast_head_json":{"title":"\u041c\u0430\u0448\u0438\u043d\u0430 \u0437\u0430 \u043f\u0440\u043e\u0438\u0437\u0432\u043e\u0434\u0441\u0442\u0432\u043e \u043d\u0430 \u0445\u0430\u043f\u0447\u0435\u0442\u0430, \u0440\u044a\u0447\u043d\u0430 \u0438\u043b\u0438 \u0430\u0432\u0442\u043e\u043c\u0430\u0442\u0438\u0447\u043d\u0430 \u0442\u0430\u0431\u043b\u0435\u0442\u043d\u0430 \u043f\u0440\u0435\u0441\u0430 - ARC \u0440\u0430\u0437\u043f\u0440\u0435\u0434\u0435\u043b\u0435\u043d\u0438\u0435","robots":{"index":"index","follow":"follow","max-snippet":"max-snippet:-1","max-image-preview":"max-image-preview:large","max-video-preview":"max-video-preview:-1"},"canonical":"https:\/\/www.distribucionarc.com\/producto\/maquina-para-hacer-pastillas-comprimidos-tableteadora-manual-o-automatica\/","og_locale":"bg_BG","og_type":"article","og_title":"Maquina para hacer pastillas, comprimidos tableteadora manual o autom\u00e1tica","og_description":"La m\u00e1quina para hacer pastillas de diferentes tama\u00f1os es un equipo altamente especializado y preciso que se utiliza en la fabricaci\u00f3n de medicamentos y suplementos nutricionales. Esta m\u00e1quina es capaz de producir comprimidos de tama\u00f1os que van desde 5 mm hasta 15 mm, lo que permite adaptarse a las necesidades espec\u00edficas de cada cliente.","og_url":"https:\/\/www.distribucionarc.com\/producto\/maquina-para-hacer-pastillas-comprimidos-tableteadora-manual-o-automatica\/","og_site_name":"distribuci\u00f3n ARC","article_modified_time":"2024-05-18T08:04:53+00:00","og_image":[{"width":1600,"height":1600,"url":"https:\/\/www.distribucionarc.com\/wp-content\/uploads\/2023\/04\/maquina-para-hacer-pastillas.jpeg","type":"image\/jpeg"}],"twitter_card":"summary_large_image","twitter_misc":{"Est. reading time":"1 \u043c\u0438\u043d\u0443\u0442\u0430"},"schema":{"@context":"https:\/\/schema.org","@graph":[{"@type":"WebPage","@id":"https:\/\/www.distribucionarc.com\/producto\/maquina-para-hacer-pastillas-comprimidos-tableteadora-manual-o-automatica\/","url":"https:\/\/www.distribucionarc.com\/producto\/maquina-para-hacer-pastillas-comprimidos-tableteadora-manual-o-automatica\/","name":"\u041c\u0430\u0448\u0438\u043d\u0430 \u0437\u0430 \u043f\u0440\u043e\u0438\u0437\u0432\u043e\u0434\u0441\u0442\u0432\u043e \u043d\u0430 \u0445\u0430\u043f\u0447\u0435\u0442\u0430, \u0440\u044a\u0447\u043d\u0430 \u0438\u043b\u0438 \u0430\u0432\u0442\u043e\u043c\u0430\u0442\u0438\u0447\u043d\u0430 \u0442\u0430\u0431\u043b\u0435\u0442\u043d\u0430 \u043f\u0440\u0435\u0441\u0430 - ARC \u0440\u0430\u0437\u043f\u0440\u0435\u0434\u0435\u043b\u0435\u043d\u0438\u0435","isPartOf":{"@id":"https:\/\/www.distribucionarc.com\/tr\/#website"},"primaryImageOfPage":{"@id":"https:\/\/www.distribucionarc.com\/producto\/maquina-para-hacer-pastillas-comprimidos-tableteadora-manual-o-automatica\/#primaryimage"},"image":{"@id":"https:\/\/www.distribucionarc.com\/producto\/maquina-para-hacer-pastillas-comprimidos-tableteadora-manual-o-automatica\/#primaryimage"},"thumbnailUrl":"https:\/\/distribucionarc.com\/wp-content\/uploads\/2023\/04\/maquina-para-hacer-pastillas.jpeg","datePublished":"2023-04-25T11:47:42+00:00","dateModified":"2024-05-18T08:04:53+00:00","breadcrumb":{"@id":"https:\/\/www.distribucionarc.com\/producto\/maquina-para-hacer-pastillas-comprimidos-tableteadora-manual-o-automatica\/#breadcrumb"},"inLanguage":"bg-BG","potentialAction":[{"@type":"ReadAction","target":["https:\/\/www.distribucionarc.com\/producto\/maquina-para-hacer-pastillas-comprimidos-tableteadora-manual-o-automatica\/"]}]},{"@type":"ImageObject","inLanguage":"bg-BG","@id":"https:\/\/www.distribucionarc.com\/producto\/maquina-para-hacer-pastillas-comprimidos-tableteadora-manual-o-automatica\/#primaryimage","url":"https:\/\/distribucionarc.com\/wp-content\/uploads\/2023\/04\/maquina-para-hacer-pastillas.jpeg","contentUrl":"https:\/\/distribucionarc.com\/wp-content\/uploads\/2023\/04\/maquina-para-hacer-pastillas.jpeg","width":1600,"height":1600},{"@type":"BreadcrumbList","@id":"https:\/\/www.distribucionarc.com\/producto\/maquina-para-hacer-pastillas-comprimidos-tableteadora-manual-o-automatica\/#breadcrumb","itemListElement":[{"@type":"ListItem","position":1,"name":"Portada","item":"https:\/\/www.distribucionarc.com\/tr\/"},{"@type":"ListItem","position":2,"name":"Produktai","item":"https:\/\/distribucionarc.com\/lt\/parduotuve\/"},{"@type":"ListItem","position":3,"name":"Maquina para hacer pastillas, comprimidos tableteadora manual o autom\u00e1tica"}]},{"@type":"WebSite","@id":"https:\/\/www.distribucionarc.com\/tr\/#website","url":"https:\/\/www.distribucionarc.com\/tr\/","name":"ARC \u0440\u0430\u0437\u043f\u0440\u0435\u0434\u0435\u043b\u0435\u043d\u0438\u0435","description":"\u0424\u0438\u0440\u043c\u0430, \u0441\u043f\u0435\u0446\u0438\u0430\u043b\u0438\u0437\u0438\u0440\u0430\u043d\u0430 \u0432 \u043f\u0440\u043e\u0438\u0437\u0432\u043e\u0434\u0441\u0442\u0432\u043e\u0442\u043e \u0438 \u0434\u0438\u0441\u0442\u0440\u0438\u0431\u0443\u0446\u0438\u044f\u0442\u0430 \u043d\u0430 \u043f\u0440\u043e\u043c\u0438\u0448\u043b\u0435\u043d\u0438 \u043c\u0430\u0448\u0438\u043d\u0438, \u043c\u0430\u0448\u0438\u043d\u0438 \u0437\u0430 \u0437\u0430\u043f\u0435\u0447\u0430\u0442\u0432\u0430\u043d\u0435 \u043d\u0430 \u043a\u0443\u0442\u0438\u0438, \u043c\u0430\u0448\u0438\u043d\u0438 \u0437\u0430 \u043f\u0440\u043e\u0438\u0437\u0432\u043e\u0434\u0441\u0442\u0432\u043e \u043d\u0430 \u0442\u0430\u0431\u043b\u0435\u0442\u043a\u0438, \u043c\u0430\u0448\u0438\u043d\u0438 \u0437\u0430 \u0440\u044f\u0437\u0430\u043d\u0435 \u043d\u0430 \u043c\u0435\u0441\u043e...","publisher":{"@id":"https:\/\/www.distribucionarc.com\/tr\/#organization"},"potentialAction":[{"@type":"SearchAction","target":{"@type":"EntryPoint","urlTemplate":"https:\/\/www.distribucionarc.com\/tr\/?s={search_term_string}"},"query-input":{"@type":"PropertyValueSpecification","valueRequired":true,"valueName":"search_term_string"}}],"inLanguage":"bg-BG"},{"@type":"Organization","@id":"https:\/\/www.distribucionarc.com\/tr\/#organization","name":"ARC \u0420\u0430\u0437\u043f\u0440\u0435\u0434\u0435\u043b\u0435\u043d\u0438\u0435","url":"https:\/\/www.distribucionarc.com\/tr\/","logo":{"@type":"ImageObject","inLanguage":"bg-BG","@id":"https:\/\/www.distribucionarc.com\/tr\/#\/schema\/logo\/image\/","url":"https:\/\/distribucionarc.com\/wp-content\/uploads\/2024\/10\/distribucion-ARC-COLOR-SIN-FONDO-e1732295305345.png","contentUrl":"https:\/\/distribucionarc.com\/wp-content\/uploads\/2024\/10\/distribucion-ARC-COLOR-SIN-FONDO-e1732295305345.png","width":1164,"height":558,"caption":"Distribuci\u00f3n ARC"},"image":{"@id":"https:\/\/www.distribucionarc.com\/tr\/#\/schema\/logo\/image\/"},"description":"\u0414\u0440\u0443\u0436\u0435\u0441\u0442\u0432\u043e, \u0441\u043f\u0435\u0446\u0438\u0430\u043b\u0438\u0437\u0438\u0440\u0430\u043d\u043e \u0432 \u043f\u0440\u043e\u0438\u0437\u0432\u043e\u0434\u0441\u0442\u0432\u043e\u0442\u043e \u0438 \u0434\u0438\u0441\u0442\u0440\u0438\u0431\u0443\u0446\u0438\u044f\u0442\u0430 \u043d\u0430 \u043f\u0440\u043e\u043c\u0438\u0448\u043b\u0435\u043d\u0438 \u043c\u0430\u0448\u0438\u043d\u0438 \u0437\u0430 \u0445\u0440\u0430\u043d\u0438\u0442\u0435\u043b\u043d\u043e-\u0432\u043a\u0443\u0441\u043e\u0432\u0438\u044f \u0438 \u0444\u0430\u0440\u043c\u0430\u0446\u0435\u0432\u0442\u0438\u0447\u043d\u0438\u044f \u0441\u0435\u043a\u0442\u043e\u0440. \u041d\u0438\u0435 \u0441\u043c\u0435 \u0441\u043f\u0435\u0446\u0438\u0430\u043b\u0438\u0437\u0438\u0440\u0430\u043d\u0438 \u0432: \u041c\u0430\u0448\u0438\u043d\u0438 \u0437\u0430 \u0440\u044f\u0437\u0430\u043d\u0435 \u043d\u0430 \u043c\u0435\u0441\u043e \u041f\u0440\u043e\u0438\u0437\u0432\u043e\u0434\u0441\u0442\u0432\u043e \u043d\u0430 \u0442\u0430\u0431\u043b\u0435\u0442\u0438 \u041f\u0440\u043e\u043c\u0438\u0448\u043b\u0435\u043d\u0438 \u0442\u0440\u0430\u043d\u0441\u043f\u043e\u0440\u0442\u043d\u0438 \u0441\u0438\u0441\u0442\u0435\u043c\u0438 \u041b\u0438\u043d\u0438\u0438 \u0437\u0430 \u0431\u0443\u0442\u0438\u043b\u0438\u0440\u0430\u043d\u0435 \u0414\u0438\u0441\u043f\u0435\u043d\u0441\u044a\u0440\u0438 \u0418 \u043c\u043d\u043e\u0433\u043e \u0434\u0440\u0443\u0433\u0438... \u041d\u0438\u0435 \u043f\u0440\u0435\u0434\u043b\u0430\u0433\u0430\u043c\u0435 \u0438\u043d\u043e\u0432\u0430\u0442\u0438\u0432\u043d\u0438 \u0438 \u043f\u0435\u0440\u0441\u043e\u043d\u0430\u043b\u0438\u0437\u0438\u0440\u0430\u043d\u0438 \u0440\u0435\u0448\u0435\u043d\u0438\u044f \u0437\u0430 \u043e\u043f\u0442\u0438\u043c\u0438\u0437\u0438\u0440\u0430\u043d\u0435 \u043d\u0430 \u043f\u0440\u043e\u0438\u0437\u0432\u043e\u0434\u0441\u0442\u0432\u0435\u043d\u0438\u0442\u0435 \u043f\u0440\u043e\u0446\u0435\u0441\u0438 \u0432\u044a\u0432 \u0432\u0430\u0448\u0430\u0442\u0430 \u043a\u043e\u043c\u043f\u0430\u043d\u0438\u044f.","email":"Admistracion@distribucionarc.com","telephone":"+34 643496664","legalName":"ARC TECH SOLUTIONS","foundingDate":"2024-04-09","vatID":"B55480172","numberOfEmployees":{"@type":"QuantitativeValue","minValue":"1","maxValue":"10"}}]}},"_links":{"self":[{"href":"https:\/\/distribucionarc.com\/bg\/wp-json\/wp\/v2\/product\/5464","targetHints":{"allow":["GET"]}}],"collection":[{"href":"https:\/\/distribucionarc.com\/bg\/wp-json\/wp\/v2\/product"}],"about":[{"href":"https:\/\/distribucionarc.com\/bg\/wp-json\/wp\/v2\/types\/product"}],"replies":[{"embeddable":true,"href":"https:\/\/distribucionarc.com\/bg\/wp-json\/wp\/v2\/comments?post=5464"}],"version-history":[{"count":0,"href":"https:\/\/distribucionarc.com\/bg\/wp-json\/wp\/v2\/product\/5464\/revisions"}],"wp:featuredmedia":[{"embeddable":true,"href":"https:\/\/distribucionarc.com\/bg\/wp-json\/wp\/v2\/media\/5465"}],"wp:attachment":[{"href":"https:\/\/distribucionarc.com\/bg\/wp-json\/wp\/v2\/media?parent=5464"}],"wp:term":[{"taxonomy":"product_brand","embeddable":true,"href":"https:\/\/distribucionarc.com\/bg\/wp-json\/wp\/v2\/product_brand?post=5464"},{"taxonomy":"product_cat","embeddable":true,"href":"https:\/\/distribucionarc.com\/bg\/wp-json\/wp\/v2\/product_cat?post=5464"},{"taxonomy":"product_tag","embeddable":true,"href":"https:\/\/distribucionarc.com\/bg\/wp-json\/wp\/v2\/product_tag?post=5464"}],"curies":[{"name":"\u0440\u0430\u0431\u043e\u0442\u043d\u0430 \u0441\u0440\u0435\u0449\u0430","href":"https:\/\/api.w.org\/{rel}","templated":true}]}}