{"id":5725,"date":"2023-05-11T19:10:30","date_gmt":"2023-05-11T19:10:30","guid":{"rendered":"https:\/\/distribucionarc.com\/?post_type=product&#038;p=5725"},"modified":"2023-05-11T20:50:38","modified_gmt":"2023-05-11T20:50:38","slug":"%d1%80%d1%8a%d1%87%d0%bd%d0%b0-%d0%bc%d0%b5%d1%81%d0%be%d0%bc%d0%b5%d1%81%d0%b0%d1%87%d0%ba%d0%b0-28%d0%bb","status":"publish","type":"product","link":"https:\/\/distribucionarc.com\/bg\/producto\/amasadora-manual-de-carne-28litros\/","title":{"rendered":"\u0420\u044a\u0447\u0435\u043d \u0441\u043c\u0435\u0441\u0438\u0442\u0435\u043b \u0437\u0430 \u043c\u0435\u0441\u043e 28\u043b"},"content":{"rendered":"<p><a href=\"https:\/\/distribucionarc.com\/wp-content\/uploads\/2023\/05\/mezcladora-manual.jpg\"><img loading=\"lazy\" decoding=\"async\" class=\"alignnone size-medium wp-image-5728\" src=\"https:\/\/distribucionarc.com\/wp-content\/uploads\/2023\/05\/mezcladora-manual-300x300.jpg\" alt=\"\" width=\"300\" height=\"300\" srcset=\"https:\/\/distribucionarc.com\/wp-content\/uploads\/2023\/05\/mezcladora-manual-300x300.jpg 300w, https:\/\/distribucionarc.com\/wp-content\/uploads\/2023\/05\/mezcladora-manual-430x430.jpg 430w, https:\/\/distribucionarc.com\/wp-content\/uploads\/2023\/05\/mezcladora-manual-150x150.jpg 150w, https:\/\/distribucionarc.com\/wp-content\/uploads\/2023\/05\/mezcladora-manual-700x700.jpg 700w, https:\/\/distribucionarc.com\/wp-content\/uploads\/2023\/05\/mezcladora-manual-768x768.jpg 768w, https:\/\/distribucionarc.com\/wp-content\/uploads\/2023\/05\/mezcladora-manual-12x12.jpg 12w, https:\/\/distribucionarc.com\/wp-content\/uploads\/2023\/05\/mezcladora-manual-48x48.jpg 48w, https:\/\/distribucionarc.com\/wp-content\/uploads\/2023\/05\/mezcladora-manual.jpg 1000w\" sizes=\"auto, (max-width: 300px) 100vw, 300px\" \/><\/a><a href=\"https:\/\/distribucionarc.com\/wp-content\/uploads\/2023\/05\/mezcladora-manual-manivela.jpg\"><img loading=\"lazy\" decoding=\"async\" class=\"alignnone size-medium wp-image-5727\" src=\"https:\/\/distribucionarc.com\/wp-content\/uploads\/2023\/05\/mezcladora-manual-manivela-300x300.jpg\" alt=\"\" width=\"300\" height=\"300\" srcset=\"https:\/\/distribucionarc.com\/wp-content\/uploads\/2023\/05\/mezcladora-manual-manivela-300x300.jpg 300w, https:\/\/distribucionarc.com\/wp-content\/uploads\/2023\/05\/mezcladora-manual-manivela-430x430.jpg 430w, https:\/\/distribucionarc.com\/wp-content\/uploads\/2023\/05\/mezcladora-manual-manivela-150x150.jpg 150w, https:\/\/distribucionarc.com\/wp-content\/uploads\/2023\/05\/mezcladora-manual-manivela-700x700.jpg 700w, https:\/\/distribucionarc.com\/wp-content\/uploads\/2023\/05\/mezcladora-manual-manivela-768x768.jpg 768w, https:\/\/distribucionarc.com\/wp-content\/uploads\/2023\/05\/mezcladora-manual-manivela-12x12.jpg 12w, https:\/\/distribucionarc.com\/wp-content\/uploads\/2023\/05\/mezcladora-manual-manivela-48x48.jpg 48w, https:\/\/distribucionarc.com\/wp-content\/uploads\/2023\/05\/mezcladora-manual-manivela.jpg 977w\" sizes=\"auto, (max-width: 300px) 100vw, 300px\" \/><\/a><\/p>\n<p>The<strong> \u0440\u044a\u0447\u0435\u043d \u043c\u0438\u043a\u0441\u0435\u0440 \u0437\u0430 \u043c\u0435\u0441\u043e<\/strong>\u00a0\u0422\u043e\u0432\u0430 \u0435 \u0432\u0438\u0441\u043e\u043a\u043e\u043a\u0430\u0447\u0435\u0441\u0442\u0432\u0435\u043d\u043e \u0443\u0441\u0442\u0440\u043e\u0439\u0441\u0442\u0432\u043e, \u043f\u0440\u0435\u0434\u043d\u0430\u0437\u043d\u0430\u0447\u0435\u043d\u043e \u0437\u0430 \u043f\u0440\u043e\u0444\u0435\u0441\u0438\u043e\u043d\u0430\u043b\u043d\u0430 \u0443\u043f\u043e\u0442\u0440\u0435\u0431\u0430. \u0411\u043e\u0440\u0430\u0432\u0435\u043d\u0435\u0442\u043e \u0441 \u043d\u0435\u0433\u043e \u0435 \u043b\u0435\u0441\u043d\u043e \u0438 \u0441\u0442\u0430\u0432\u0430 \u0441 \u043f\u043e\u043c\u043e\u0449\u0442\u0430 \u043d\u0430 \u043c\u0430\u043d\u0438\u0432\u0435\u043b\u0430. \u0418\u043c\u0430 \u043a\u0430\u043f\u0430\u0446\u0438\u0442\u0435\u0442 \u043e\u0442 25 \u043a\u0433 \u0438 \u0438\u043c\u0430 \u043f\u0440\u0435\u0432\u043a\u043b\u044e\u0447\u0432\u0430\u0442\u0435\u043b, \u043a\u043e\u0439\u0442\u043e \u0432\u0438 \u043f\u043e\u0437\u0432\u043e\u043b\u044f\u0432\u0430 \u0434\u0430 \u043e\u0431\u044a\u0440\u043d\u0435\u0442\u0435 \u043f\u043e\u0441\u043e\u043a\u0430\u0442\u0430 \u043d\u0430 \u0441\u043c\u0435\u0441\u0432\u0430\u043d\u0435. \u041e\u0441\u0432\u0435\u043d \u0442\u043e\u0432\u0430 \u043d\u043e\u0436\u044a\u0442 \u043c\u0443 \u0441\u0435 \u0441\u0432\u0430\u043b\u044f \u043b\u0435\u0441\u043d\u043e \u0438 \u043c\u0430\u0448\u0438\u043d\u0430\u0442\u0430 \u0441\u0435 \u043f\u043e\u0447\u0438\u0441\u0442\u0432\u0430 \u043c\u043d\u043e\u0433\u043e \u043b\u0435\u0441\u043d\u043e. \u0418\u0437\u0440\u0430\u0431\u043e\u0442\u0435\u043d \u0435 \u043e\u0442 \u0432\u0438\u0441\u043e\u043a\u043e\u043a\u0430\u0447\u0435\u0441\u0442\u0432\u0435\u043d\u0430 \u043d\u0435\u0440\u044a\u0436\u0434\u0430\u0435\u043c\u0430 \u0441\u0442\u043e\u043c\u0430\u043d\u0430 \u0438 \u0438\u043c\u0430 \u0432\u0438\u0441\u043e\u043a\u0430 \u0441\u0442\u0430\u0431\u0438\u043b\u043d\u043e\u0441\u0442. \u0412\u044a\u043d\u0448\u043d\u0438\u0442\u0435 \u043c\u0443 \u0440\u0430\u0437\u043c\u0435\u0440\u0438 \u0441\u0430 700 x 279 x 439 mm. \u0421\u044a\u0449\u043e \u0442\u0430\u043a\u0430 \u0435 \u0432\u044a\u0437\u043c\u043e\u0436\u043d\u043e \u0434\u0430 \u043d\u0430\u0434\u0441\u0442\u0440\u043e\u0438\u0442\u0435 \u043f\u043e \u0432\u0441\u044f\u043a\u043e \u0432\u0440\u0435\u043c\u0435 \u0434\u043e \u043c\u043e\u0442\u043e\u0440\u0438\u0437\u0438\u0440\u0430\u043d\u0430 \u0432\u0435\u0440\u0441\u0438\u044f \u0441 \u043c\u0435\u0441\u043e\u043c\u0435\u043b\u0430\u0447\u043a\u0430 FWFC450.<\/p>\n<p><a href=\"https:\/\/distribucionarc.com\/wp-content\/uploads\/2023\/05\/mezcladora.jpg\"><img loading=\"lazy\" decoding=\"async\" class=\"alignnone size-medium wp-image-5729\" src=\"https:\/\/distribucionarc.com\/wp-content\/uploads\/2023\/05\/mezcladora-300x300.jpg\" alt=\"\" width=\"300\" height=\"300\" srcset=\"https:\/\/distribucionarc.com\/wp-content\/uploads\/2023\/05\/mezcladora-300x300.jpg 300w, https:\/\/distribucionarc.com\/wp-content\/uploads\/2023\/05\/mezcladora-430x430.jpg 430w, https:\/\/distribucionarc.com\/wp-content\/uploads\/2023\/05\/mezcladora-150x150.jpg 150w, https:\/\/distribucionarc.com\/wp-content\/uploads\/2023\/05\/mezcladora-700x700.jpg 700w, https:\/\/distribucionarc.com\/wp-content\/uploads\/2023\/05\/mezcladora-768x768.jpg 768w, https:\/\/distribucionarc.com\/wp-content\/uploads\/2023\/05\/mezcladora-12x12.jpg 12w, https:\/\/distribucionarc.com\/wp-content\/uploads\/2023\/05\/mezcladora-48x48.jpg 48w, https:\/\/distribucionarc.com\/wp-content\/uploads\/2023\/05\/mezcladora.jpg 1000w\" sizes=\"auto, (max-width: 300px) 100vw, 300px\" \/><\/a><a href=\"https:\/\/distribucionarc.com\/wp-content\/uploads\/2023\/05\/mezcladora-amasadora.jpg\"><img loading=\"lazy\" decoding=\"async\" class=\"alignnone size-medium wp-image-5731\" src=\"https:\/\/distribucionarc.com\/wp-content\/uploads\/2023\/05\/mezcladora-amasadora-300x300.jpg\" alt=\"\" width=\"300\" height=\"300\" srcset=\"https:\/\/distribucionarc.com\/wp-content\/uploads\/2023\/05\/mezcladora-amasadora-300x300.jpg 300w, https:\/\/distribucionarc.com\/wp-content\/uploads\/2023\/05\/mezcladora-amasadora-430x430.jpg 430w, https:\/\/distribucionarc.com\/wp-content\/uploads\/2023\/05\/mezcladora-amasadora-150x150.jpg 150w, https:\/\/distribucionarc.com\/wp-content\/uploads\/2023\/05\/mezcladora-amasadora-700x700.jpg 700w, https:\/\/distribucionarc.com\/wp-content\/uploads\/2023\/05\/mezcladora-amasadora-768x768.jpg 768w, https:\/\/distribucionarc.com\/wp-content\/uploads\/2023\/05\/mezcladora-amasadora-12x12.jpg 12w, https:\/\/distribucionarc.com\/wp-content\/uploads\/2023\/05\/mezcladora-amasadora-48x48.jpg 48w, https:\/\/distribucionarc.com\/wp-content\/uploads\/2023\/05\/mezcladora-amasadora.jpg 1000w\" sizes=\"auto, (max-width: 300px) 100vw, 300px\" \/><\/a><a href=\"https:\/\/distribucionarc.com\/wp-content\/uploads\/2023\/05\/amasadora-mezcladora-a-mano.jpg\"><img loading=\"lazy\" decoding=\"async\" class=\"alignnone size-medium wp-image-5730\" src=\"https:\/\/distribucionarc.com\/wp-content\/uploads\/2023\/05\/amasadora-mezcladora-a-mano-300x300.jpg\" alt=\"\" width=\"300\" height=\"300\" srcset=\"https:\/\/distribucionarc.com\/wp-content\/uploads\/2023\/05\/amasadora-mezcladora-a-mano-300x300.jpg 300w, https:\/\/distribucionarc.com\/wp-content\/uploads\/2023\/05\/amasadora-mezcladora-a-mano-430x430.jpg 430w, https:\/\/distribucionarc.com\/wp-content\/uploads\/2023\/05\/amasadora-mezcladora-a-mano-150x150.jpg 150w, https:\/\/distribucionarc.com\/wp-content\/uploads\/2023\/05\/amasadora-mezcladora-a-mano-700x700.jpg 700w, https:\/\/distribucionarc.com\/wp-content\/uploads\/2023\/05\/amasadora-mezcladora-a-mano-768x768.jpg 768w, https:\/\/distribucionarc.com\/wp-content\/uploads\/2023\/05\/amasadora-mezcladora-a-mano-12x12.jpg 12w, https:\/\/distribucionarc.com\/wp-content\/uploads\/2023\/05\/amasadora-mezcladora-a-mano-48x48.jpg 48w, https:\/\/distribucionarc.com\/wp-content\/uploads\/2023\/05\/amasadora-mezcladora-a-mano.jpg 1000w\" sizes=\"auto, (max-width: 300px) 100vw, 300px\" \/><\/a><\/p>\n<p>\u0422\u0435\u0445\u043d\u0438\u0447\u0435\u0441\u043a\u0438 \u0441\u043f\u0435\u0446\u0438\u0444\u0438\u043a\u0430\u0446\u0438\u0438<\/p>\n<ul>\n<li>\u0420\u0430\u0437\u043c\u0435\u0440\u0438: \u0428\u0438\u0440\u0438\u043d\u0430: 700 mm, \u0414\u044a\u043b\u0431\u043e\u0447\u0438\u043d\u0430: 279 mm, \u0412\u0438\u0441\u043e\u0447\u0438\u043d\u0430: 439 mm<\/li>\n<li>\u041a\u0430\u043f\u0430\u0446\u0438\u0442\u0435\u0442 \u0432 \u043b\u0438\u0442\u0440\u0438: 28<\/li>\n<li>\u041a\u0430\u043f\u0430\u0446\u0438\u0442\u0435\u0442 \u0432 \u043a\u0438\u043b\u043e\u0433\u0440\u0430\u043c\u0438: 25<\/li>\n<li>\u0422\u0435\u0433\u043b\u043e: 17,5 \u043a\u0433<\/li>\n<\/ul>","protected":false},"excerpt":{"rendered":"<p>\u041f\u0435\u0440\u0444\u0435\u043a\u0442\u043d\u0430 \u043c\u0430\u0448\u0438\u043d\u0430 \u0437\u0430 \u0441\u043c\u0435\u0441\u0432\u0430\u043d\u0435 \u043d\u0430 \u043c\u0435\u0441\u043e \u0441 \u043f\u043e\u0434\u043f\u0440\u0430\u0432\u043a\u0438.<\/p>","protected":false},"featured_media":5728,"comment_status":"open","ping_status":"closed","template":"","meta":{"wds_primary_product_brand":0,"wds_primary_product_cat":0},"product_brand":[],"product_cat":[95],"product_tag":[],"class_list":{"0":"post-5725","1":"product","2":"type-product","3":"status-publish","4":"has-post-thumbnail","6":"product_cat-amasadoras-industriales","7":"product_shipping_class-express","9":"first","10":"instock","11":"taxable","12":"shipping-taxable","13":"purchasable","14":"product-type-simple"},"yoast_head":"<!-- This site is optimized with the Yoast SEO Premium plugin v24.9 (Yoast SEO v26.1) - https:\/\/yoast.com\/wordpress\/plugins\/seo\/ -->\n<title>Amasadora manual de carne 28litros - distribuci\u00f3n ARC<\/title>\n<meta name=\"robots\" content=\"index, follow, max-snippet:-1, max-image-preview:large, max-video-preview:-1\" \/>\n<link rel=\"canonical\" href=\"https:\/\/www.distribucionarc.com\/bg\/producto\/amasadora-manual-de-carne-28litros\/\" \/>\n<meta property=\"og:locale\" content=\"bg_BG\" \/>\n<meta property=\"og:type\" content=\"article\" \/>\n<meta property=\"og:title\" content=\"Amasadora manual de carne 28litros\" \/>\n<meta property=\"og:description\" content=\"Maquina perfecta para mezclar carne con especias.\" \/>\n<meta property=\"og:url\" content=\"https:\/\/www.distribucionarc.com\/bg\/producto\/amasadora-manual-de-carne-28litros\/\" \/>\n<meta property=\"og:site_name\" content=\"distribuci\u00f3n ARC\" \/>\n<meta property=\"article:modified_time\" content=\"2023-05-11T20:50:38+00:00\" \/>\n<meta property=\"og:image\" content=\"https:\/\/www.distribucionarc.com\/wp-content\/uploads\/2023\/05\/mezcladora-manual.jpg\" \/>\n\t<meta property=\"og:image:width\" content=\"1000\" \/>\n\t<meta property=\"og:image:height\" content=\"1000\" \/>\n\t<meta property=\"og:image:type\" content=\"image\/jpeg\" \/>\n<meta name=\"twitter:card\" content=\"summary_large_image\" \/>\n<meta name=\"twitter:label1\" content=\"Est. reading time\" \/>\n\t<meta name=\"twitter:data1\" content=\"1 \u043c\u0438\u043d\u0443\u0442\u0430\" \/>\n<script type=\"application\/ld+json\" class=\"yoast-schema-graph\">{\"@context\":\"https:\/\/schema.org\",\"@graph\":[{\"@type\":\"WebPage\",\"@id\":\"https:\/\/www.distribucionarc.com\/bg\/producto\/amasadora-manual-de-carne-28litros\/\",\"url\":\"https:\/\/www.distribucionarc.com\/bg\/producto\/amasadora-manual-de-carne-28litros\/\",\"name\":\"Amasadora manual de carne 28litros - distribuci\u00f3n ARC\",\"isPartOf\":{\"@id\":\"https:\/\/www.distribucionarc.com\/tr\/#website\"},\"primaryImageOfPage\":{\"@id\":\"https:\/\/www.distribucionarc.com\/bg\/producto\/amasadora-manual-de-carne-28litros\/#primaryimage\"},\"image\":{\"@id\":\"https:\/\/www.distribucionarc.com\/bg\/producto\/amasadora-manual-de-carne-28litros\/#primaryimage\"},\"thumbnailUrl\":\"https:\/\/distribucionarc.com\/wp-content\/uploads\/2023\/05\/mezcladora-manual.jpg\",\"datePublished\":\"2023-05-11T19:10:30+00:00\",\"dateModified\":\"2023-05-11T20:50:38+00:00\",\"breadcrumb\":{\"@id\":\"https:\/\/www.distribucionarc.com\/bg\/producto\/amasadora-manual-de-carne-28litros\/#breadcrumb\"},\"inLanguage\":\"bg-BG\",\"potentialAction\":[{\"@type\":\"ReadAction\",\"target\":[\"https:\/\/www.distribucionarc.com\/bg\/producto\/amasadora-manual-de-carne-28litros\/\"]}]},{\"@type\":\"ImageObject\",\"inLanguage\":\"bg-BG\",\"@id\":\"https:\/\/www.distribucionarc.com\/bg\/producto\/amasadora-manual-de-carne-28litros\/#primaryimage\",\"url\":\"https:\/\/distribucionarc.com\/wp-content\/uploads\/2023\/05\/mezcladora-manual.jpg\",\"contentUrl\":\"https:\/\/distribucionarc.com\/wp-content\/uploads\/2023\/05\/mezcladora-manual.jpg\",\"width\":1000,\"height\":1000},{\"@type\":\"BreadcrumbList\",\"@id\":\"https:\/\/www.distribucionarc.com\/bg\/producto\/amasadora-manual-de-carne-28litros\/#breadcrumb\",\"itemListElement\":[{\"@type\":\"ListItem\",\"position\":1,\"name\":\"Portada\",\"item\":\"https:\/\/www.distribucionarc.com\/tr\/\"},{\"@type\":\"ListItem\",\"position\":2,\"name\":\"Produktai\",\"item\":\"https:\/\/distribucionarc.com\/lt\/parduotuve\/\"},{\"@type\":\"ListItem\",\"position\":3,\"name\":\"Amasadora manual de carne 28litros\"}]},{\"@type\":\"WebSite\",\"@id\":\"https:\/\/www.distribucionarc.com\/tr\/#website\",\"url\":\"https:\/\/www.distribucionarc.com\/tr\/\",\"name\":\"distribuci\u00f3n ARC\",\"description\":\"Empresa especializada en la fabricaci\u00f3n y distribuci\u00f3n de maquinaria industrial, selladoras de latas, Maquinas de hacer pastillas, Maquinas de cortar carne...\",\"publisher\":{\"@id\":\"https:\/\/www.distribucionarc.com\/tr\/#organization\"},\"potentialAction\":[{\"@type\":\"SearchAction\",\"target\":{\"@type\":\"EntryPoint\",\"urlTemplate\":\"https:\/\/www.distribucionarc.com\/tr\/?s={search_term_string}\"},\"query-input\":{\"@type\":\"PropertyValueSpecification\",\"valueRequired\":true,\"valueName\":\"search_term_string\"}}],\"inLanguage\":\"bg-BG\"},{\"@type\":\"Organization\",\"@id\":\"https:\/\/www.distribucionarc.com\/tr\/#organization\",\"name\":\"Distribuci\u00f3n ARC\",\"url\":\"https:\/\/www.distribucionarc.com\/tr\/\",\"logo\":{\"@type\":\"ImageObject\",\"inLanguage\":\"bg-BG\",\"@id\":\"https:\/\/www.distribucionarc.com\/tr\/#\/schema\/logo\/image\/\",\"url\":\"https:\/\/distribucionarc.com\/wp-content\/uploads\/2024\/10\/distribucion-ARC-COLOR-SIN-FONDO-e1732295305345.png\",\"contentUrl\":\"https:\/\/distribucionarc.com\/wp-content\/uploads\/2024\/10\/distribucion-ARC-COLOR-SIN-FONDO-e1732295305345.png\",\"width\":1164,\"height\":558,\"caption\":\"Distribuci\u00f3n ARC\"},\"image\":{\"@id\":\"https:\/\/www.distribucionarc.com\/tr\/#\/schema\/logo\/image\/\"},\"description\":\"Empresa especializada en la fabricaci\u00f3n y distribuci\u00f3n de maquinaria industrial para los sectores alimentario y farmac\u00e9utico. Nos especializamos en: M\u00e1quinas de cortar carne Fabricaci\u00f3n de comprimidos Sistemas de transporte industrial L\u00edneas de embotellado Dosificadores Y mucho m\u00e1s... Ofrecemos soluciones innovadoras y personalizadas para optimizar los procesos productivos de tu empresa.\",\"email\":\"Admistracion@distribucionarc.com\",\"telephone\":\"+34 643496664\",\"legalName\":\"ARC TECH SOLUTIONS\",\"foundingDate\":\"2024-04-09\",\"vatID\":\"B55480172\",\"numberOfEmployees\":{\"@type\":\"QuantitativeValue\",\"minValue\":\"1\",\"maxValue\":\"10\"}}]}<\/script>\n<!-- \/ Yoast SEO Premium plugin. -->","yoast_head_json":{"title":"\u0420\u044a\u0447\u0435\u043d \u0441\u043c\u0435\u0441\u0438\u0442\u0435\u043b \u0437\u0430 \u043c\u0435\u0441\u043e 28 \u043b\u0438\u0442\u0440\u0430 - ARC \u0440\u0430\u0437\u043f\u0440\u0435\u0434\u0435\u043b\u0435\u043d\u0438\u0435","robots":{"index":"index","follow":"follow","max-snippet":"max-snippet:-1","max-image-preview":"max-image-preview:large","max-video-preview":"max-video-preview:-1"},"canonical":"https:\/\/www.distribucionarc.com\/bg\/producto\/amasadora-manual-de-carne-28litros\/","og_locale":"bg_BG","og_type":"article","og_title":"Amasadora manual de carne 28litros","og_description":"Maquina perfecta para mezclar carne con especias.","og_url":"https:\/\/www.distribucionarc.com\/bg\/producto\/amasadora-manual-de-carne-28litros\/","og_site_name":"distribuci\u00f3n ARC","article_modified_time":"2023-05-11T20:50:38+00:00","og_image":[{"width":1000,"height":1000,"url":"https:\/\/www.distribucionarc.com\/wp-content\/uploads\/2023\/05\/mezcladora-manual.jpg","type":"image\/jpeg"}],"twitter_card":"summary_large_image","twitter_misc":{"Est. reading time":"1 \u043c\u0438\u043d\u0443\u0442\u0430"},"schema":{"@context":"https:\/\/schema.org","@graph":[{"@type":"WebPage","@id":"https:\/\/www.distribucionarc.com\/bg\/producto\/amasadora-manual-de-carne-28litros\/","url":"https:\/\/www.distribucionarc.com\/bg\/producto\/amasadora-manual-de-carne-28litros\/","name":"\u0420\u044a\u0447\u0435\u043d \u0441\u043c\u0435\u0441\u0438\u0442\u0435\u043b \u0437\u0430 \u043c\u0435\u0441\u043e 28 \u043b\u0438\u0442\u0440\u0430 - ARC \u0440\u0430\u0437\u043f\u0440\u0435\u0434\u0435\u043b\u0435\u043d\u0438\u0435","isPartOf":{"@id":"https:\/\/www.distribucionarc.com\/tr\/#website"},"primaryImageOfPage":{"@id":"https:\/\/www.distribucionarc.com\/bg\/producto\/amasadora-manual-de-carne-28litros\/#primaryimage"},"image":{"@id":"https:\/\/www.distribucionarc.com\/bg\/producto\/amasadora-manual-de-carne-28litros\/#primaryimage"},"thumbnailUrl":"https:\/\/distribucionarc.com\/wp-content\/uploads\/2023\/05\/mezcladora-manual.jpg","datePublished":"2023-05-11T19:10:30+00:00","dateModified":"2023-05-11T20:50:38+00:00","breadcrumb":{"@id":"https:\/\/www.distribucionarc.com\/bg\/producto\/amasadora-manual-de-carne-28litros\/#breadcrumb"},"inLanguage":"bg-BG","potentialAction":[{"@type":"ReadAction","target":["https:\/\/www.distribucionarc.com\/bg\/producto\/amasadora-manual-de-carne-28litros\/"]}]},{"@type":"ImageObject","inLanguage":"bg-BG","@id":"https:\/\/www.distribucionarc.com\/bg\/producto\/amasadora-manual-de-carne-28litros\/#primaryimage","url":"https:\/\/distribucionarc.com\/wp-content\/uploads\/2023\/05\/mezcladora-manual.jpg","contentUrl":"https:\/\/distribucionarc.com\/wp-content\/uploads\/2023\/05\/mezcladora-manual.jpg","width":1000,"height":1000},{"@type":"BreadcrumbList","@id":"https:\/\/www.distribucionarc.com\/bg\/producto\/amasadora-manual-de-carne-28litros\/#breadcrumb","itemListElement":[{"@type":"ListItem","position":1,"name":"Portada","item":"https:\/\/www.distribucionarc.com\/tr\/"},{"@type":"ListItem","position":2,"name":"Produktai","item":"https:\/\/distribucionarc.com\/lt\/parduotuve\/"},{"@type":"ListItem","position":3,"name":"Amasadora manual de carne 28litros"}]},{"@type":"WebSite","@id":"https:\/\/www.distribucionarc.com\/tr\/#website","url":"https:\/\/www.distribucionarc.com\/tr\/","name":"ARC \u0440\u0430\u0437\u043f\u0440\u0435\u0434\u0435\u043b\u0435\u043d\u0438\u0435","description":"\u0424\u0438\u0440\u043c\u0430, \u0441\u043f\u0435\u0446\u0438\u0430\u043b\u0438\u0437\u0438\u0440\u0430\u043d\u0430 \u0432 \u043f\u0440\u043e\u0438\u0437\u0432\u043e\u0434\u0441\u0442\u0432\u043e\u0442\u043e \u0438 \u0434\u0438\u0441\u0442\u0440\u0438\u0431\u0443\u0446\u0438\u044f\u0442\u0430 \u043d\u0430 \u043f\u0440\u043e\u043c\u0438\u0448\u043b\u0435\u043d\u0438 \u043c\u0430\u0448\u0438\u043d\u0438, \u043c\u0430\u0448\u0438\u043d\u0438 \u0437\u0430 \u0437\u0430\u043f\u0435\u0447\u0430\u0442\u0432\u0430\u043d\u0435 \u043d\u0430 \u043a\u0443\u0442\u0438\u0438, \u043c\u0430\u0448\u0438\u043d\u0438 \u0437\u0430 \u043f\u0440\u043e\u0438\u0437\u0432\u043e\u0434\u0441\u0442\u0432\u043e \u043d\u0430 \u0442\u0430\u0431\u043b\u0435\u0442\u043a\u0438, \u043c\u0430\u0448\u0438\u043d\u0438 \u0437\u0430 \u0440\u044f\u0437\u0430\u043d\u0435 \u043d\u0430 \u043c\u0435\u0441\u043e...","publisher":{"@id":"https:\/\/www.distribucionarc.com\/tr\/#organization"},"potentialAction":[{"@type":"SearchAction","target":{"@type":"EntryPoint","urlTemplate":"https:\/\/www.distribucionarc.com\/tr\/?s={search_term_string}"},"query-input":{"@type":"PropertyValueSpecification","valueRequired":true,"valueName":"search_term_string"}}],"inLanguage":"bg-BG"},{"@type":"Organization","@id":"https:\/\/www.distribucionarc.com\/tr\/#organization","name":"ARC \u0420\u0430\u0437\u043f\u0440\u0435\u0434\u0435\u043b\u0435\u043d\u0438\u0435","url":"https:\/\/www.distribucionarc.com\/tr\/","logo":{"@type":"ImageObject","inLanguage":"bg-BG","@id":"https:\/\/www.distribucionarc.com\/tr\/#\/schema\/logo\/image\/","url":"https:\/\/distribucionarc.com\/wp-content\/uploads\/2024\/10\/distribucion-ARC-COLOR-SIN-FONDO-e1732295305345.png","contentUrl":"https:\/\/distribucionarc.com\/wp-content\/uploads\/2024\/10\/distribucion-ARC-COLOR-SIN-FONDO-e1732295305345.png","width":1164,"height":558,"caption":"Distribuci\u00f3n ARC"},"image":{"@id":"https:\/\/www.distribucionarc.com\/tr\/#\/schema\/logo\/image\/"},"description":"\u0414\u0440\u0443\u0436\u0435\u0441\u0442\u0432\u043e, \u0441\u043f\u0435\u0446\u0438\u0430\u043b\u0438\u0437\u0438\u0440\u0430\u043d\u043e \u0432 \u043f\u0440\u043e\u0438\u0437\u0432\u043e\u0434\u0441\u0442\u0432\u043e\u0442\u043e \u0438 \u0434\u0438\u0441\u0442\u0440\u0438\u0431\u0443\u0446\u0438\u044f\u0442\u0430 \u043d\u0430 \u043f\u0440\u043e\u043c\u0438\u0448\u043b\u0435\u043d\u0438 \u043c\u0430\u0448\u0438\u043d\u0438 \u0437\u0430 \u0445\u0440\u0430\u043d\u0438\u0442\u0435\u043b\u043d\u043e-\u0432\u043a\u0443\u0441\u043e\u0432\u0438\u044f \u0438 \u0444\u0430\u0440\u043c\u0430\u0446\u0435\u0432\u0442\u0438\u0447\u043d\u0438\u044f \u0441\u0435\u043a\u0442\u043e\u0440. \u041d\u0438\u0435 \u0441\u043c\u0435 \u0441\u043f\u0435\u0446\u0438\u0430\u043b\u0438\u0437\u0438\u0440\u0430\u043d\u0438 \u0432: \u041c\u0430\u0448\u0438\u043d\u0438 \u0437\u0430 \u0440\u044f\u0437\u0430\u043d\u0435 \u043d\u0430 \u043c\u0435\u0441\u043e \u041f\u0440\u043e\u0438\u0437\u0432\u043e\u0434\u0441\u0442\u0432\u043e \u043d\u0430 \u0442\u0430\u0431\u043b\u0435\u0442\u0438 \u041f\u0440\u043e\u043c\u0438\u0448\u043b\u0435\u043d\u0438 \u0442\u0440\u0430\u043d\u0441\u043f\u043e\u0440\u0442\u043d\u0438 \u0441\u0438\u0441\u0442\u0435\u043c\u0438 \u041b\u0438\u043d\u0438\u0438 \u0437\u0430 \u0431\u0443\u0442\u0438\u043b\u0438\u0440\u0430\u043d\u0435 \u0414\u0438\u0441\u043f\u0435\u043d\u0441\u044a\u0440\u0438 \u0418 \u043c\u043d\u043e\u0433\u043e \u0434\u0440\u0443\u0433\u0438... \u041d\u0438\u0435 \u043f\u0440\u0435\u0434\u043b\u0430\u0433\u0430\u043c\u0435 \u0438\u043d\u043e\u0432\u0430\u0442\u0438\u0432\u043d\u0438 \u0438 \u043f\u0435\u0440\u0441\u043e\u043d\u0430\u043b\u0438\u0437\u0438\u0440\u0430\u043d\u0438 \u0440\u0435\u0448\u0435\u043d\u0438\u044f \u0437\u0430 \u043e\u043f\u0442\u0438\u043c\u0438\u0437\u0438\u0440\u0430\u043d\u0435 \u043d\u0430 \u043f\u0440\u043e\u0438\u0437\u0432\u043e\u0434\u0441\u0442\u0432\u0435\u043d\u0438\u0442\u0435 \u043f\u0440\u043e\u0446\u0435\u0441\u0438 \u0432\u044a\u0432 \u0432\u0430\u0448\u0430\u0442\u0430 \u043a\u043e\u043c\u043f\u0430\u043d\u0438\u044f.","email":"Admistracion@distribucionarc.com","telephone":"+34 643496664","legalName":"ARC TECH SOLUTIONS","foundingDate":"2024-04-09","vatID":"B55480172","numberOfEmployees":{"@type":"QuantitativeValue","minValue":"1","maxValue":"10"}}]}},"_links":{"self":[{"href":"https:\/\/distribucionarc.com\/bg\/wp-json\/wp\/v2\/product\/5725","targetHints":{"allow":["GET"]}}],"collection":[{"href":"https:\/\/distribucionarc.com\/bg\/wp-json\/wp\/v2\/product"}],"about":[{"href":"https:\/\/distribucionarc.com\/bg\/wp-json\/wp\/v2\/types\/product"}],"replies":[{"embeddable":true,"href":"https:\/\/distribucionarc.com\/bg\/wp-json\/wp\/v2\/comments?post=5725"}],"version-history":[{"count":0,"href":"https:\/\/distribucionarc.com\/bg\/wp-json\/wp\/v2\/product\/5725\/revisions"}],"wp:featuredmedia":[{"embeddable":true,"href":"https:\/\/distribucionarc.com\/bg\/wp-json\/wp\/v2\/media\/5728"}],"wp:attachment":[{"href":"https:\/\/distribucionarc.com\/bg\/wp-json\/wp\/v2\/media?parent=5725"}],"wp:term":[{"taxonomy":"product_brand","embeddable":true,"href":"https:\/\/distribucionarc.com\/bg\/wp-json\/wp\/v2\/product_brand?post=5725"},{"taxonomy":"product_cat","embeddable":true,"href":"https:\/\/distribucionarc.com\/bg\/wp-json\/wp\/v2\/product_cat?post=5725"},{"taxonomy":"product_tag","embeddable":true,"href":"https:\/\/distribucionarc.com\/bg\/wp-json\/wp\/v2\/product_tag?post=5725"}],"curies":[{"name":"\u0440\u0430\u0431\u043e\u0442\u043d\u0430 \u0441\u0440\u0435\u0449\u0430","href":"https:\/\/api.w.org\/{rel}","templated":true}]}}