{"id":6649,"date":"2024-04-24T18:12:18","date_gmt":"2024-04-24T18:12:18","guid":{"rendered":"https:\/\/distribucionarc.com\/?post_type=product&#038;p=6649"},"modified":"2024-04-24T18:12:20","modified_gmt":"2024-04-24T18:12:20","slug":"zarp-17b-%d0%bc%d0%b0%d1%88%d0%b8%d0%bd%d0%b0-%d0%b7%d0%b0-%d1%81%d0%bc%d1%83%d1%87%d0%b5%d0%bd%d0%b5-%d1%82%d0%b0%d0%b1%d0%bb%d0%b5%d1%82%d0%ba%d0%b8-%d0%b7%d0%b0-%d0%bf%d0%be%d0%b4%d0%be%d0%b1%d1%80","status":"publish","type":"product","link":"https:\/\/distribucionarc.com\/bg\/producto\/maquina-zarp-17b-para-tabletas-de-comprimidos-para-chupar-de-enrequicimiento-nutricional\/","title":{"rendered":"\u0417\u0410\u0420\u041f-17\u0411 \u041c\u0410\u0428\u0418\u041d\u0410 \u0417\u0410 \u0425\u0420\u0410\u041d\u0418\u0422\u0415\u041b\u041d\u041e \u0412\u0425\u041e\u0414\u041d\u041e \u0421\u041c\u0423\u0427\u0410\u041d\u0415 \u041d\u0410 \u0422\u0410\u0411\u041b\u0415\u0422\u041a\u0418"},"content":{"rendered":"<p>\u041f\u0440\u0435\u0434\u0441\u0442\u0430\u0432\u044f\u043c\u0435 \u0432\u0438 ZARP17B, a<strong> \u041d\u0430\u0439-\u0441\u044a\u0432\u0440\u0435\u043c\u0435\u043d\u043d\u0430 \u043c\u0430\u0448\u0438\u043d\u0430, \u043f\u0440\u0435\u0434\u043d\u0430\u0437\u043d\u0430\u0447\u0435\u043d\u0430 \u0437\u0430 \u043f\u0440\u043e\u0438\u0437\u0432\u043e\u0434\u0441\u0442\u0432\u043e \u043d\u0430 \u043e\u0431\u043e\u0433\u0430\u0442\u0435\u043d\u0438 \u0441 \u0445\u0440\u0430\u043d\u0438\u0442\u0435\u043b\u043d\u0438 \u0432\u0435\u0449\u0435\u0441\u0442\u0432\u0430 \u0442\u0430\u0431\u043b\u0435\u0442\u043a\u0438 \u0437\u0430 \u0441\u043c\u0443\u0447\u0435\u043d\u0435.<\/strong> \u0421 \u0432\u044a\u0437\u043c\u043e\u0436\u043d\u043e\u0441\u0442 \u0437\u0430 \u0432\u043a\u043b\u044e\u0447\u0432\u0430\u043d\u0435 \u043d\u0430 \u0442\u0430\u0431\u043b\u0435\u0442\u043a\u0438 \u043e\u0442 <strong>\u0434\u0432\u043e\u0435\u043d \u0441\u043b\u043e\u0439,<\/strong> \u0422\u0430\u0437\u0438 \u043c\u0430\u0448\u0438\u043d\u0430 \u043f\u0440\u0435\u0434\u043b\u0430\u0433\u0430 \u0438\u0437\u043a\u043b\u044e\u0447\u0438\u0442\u0435\u043b\u043d\u043e \u043a\u0430\u0447\u0435\u0441\u0442\u0432\u043e \u0438 \u0433\u043e\u043b\u044f\u043c\u043e \u0440\u0430\u0437\u043d\u043e\u043e\u0431\u0440\u0430\u0437\u0438\u0435 \u043e\u0442 \u0444\u043e\u0440\u043c\u0438, \u043e\u0441\u0438\u0433\u0443\u0440\u044f\u0432\u0430\u0439\u043a\u0438 \u043d\u0435\u0441\u0440\u0430\u0432\u043d\u0438\u043c\u0430 \u0433\u044a\u0432\u043a\u0430\u0432\u043e\u0441\u0442 \u0437\u0430 \u0440\u0430\u0437\u043b\u0438\u0447\u043d\u0438 \u043f\u0440\u0438\u043b\u043e\u0436\u0435\u043d\u0438\u044f. \u041e\u0441\u0432\u0435\u043d \u0442\u043e\u0432\u0430 \u0438\u043c\u0430 \u0444\u0443\u043d\u043a\u0446\u0438\u044f \u0437\u0430 \u0430\u0432\u0442\u043e\u043c\u0430\u0442\u0438\u0447\u043d\u043e \u0441\u043f\u0438\u0440\u0430\u043d\u0435 \u0432 \u0441\u043b\u0443\u0447\u0430\u0439 \u043d\u0430 \u0441\u0432\u0440\u044a\u0445\u043d\u0430\u043b\u044f\u0433\u0430\u043d\u0435, \u0433\u0430\u0440\u0430\u043d\u0442\u0438\u0440\u0430\u0439\u043a\u0438 \u0431\u0435\u0437\u043e\u043f\u0430\u0441\u043d\u043e\u0441\u0442\u0442\u0430 \u0438 \u043e\u043f\u0442\u0438\u043c\u0430\u043b\u043d\u0430\u0442\u0430 \u0440\u0430\u0431\u043e\u0442\u0430 \u043d\u0430 \u043e\u0431\u043e\u0440\u0443\u0434\u0432\u0430\u043d\u0435\u0442\u043e.<\/p>\n<p>&nbsp;<\/p>\n<table>\n<tbody>\n<tr>\n<td width=\"283\">\u041c\u043e\u0434\u0435\u043b<\/td>\n<td width=\"283\">\u0417\u0410\u0420\u041f-17\u0411<\/td>\n<\/tr>\n<tr>\n<td width=\"283\">\u0429\u0430\u043d\u0446\u043e\u0432\u0438 \u043c\u0430\u0442\u0440\u0438\u0446\u0438<\/td>\n<td width=\"283\">17<\/td>\n<\/tr>\n<tr>\n<td width=\"283\">\u041c\u0430\u043a\u0441\u0438\u043c\u0430\u043b\u043d\u043e \u043d\u0430\u043b\u044f\u0433\u0430\u043d\u0435 (kN)<\/td>\n<td width=\"283\">100<\/td>\n<\/tr>\n<tr>\n<td width=\"283\">\u041c\u0430\u043a\u0441\u0438\u043c\u0430\u043b\u0435\u043d \u0434\u0438\u0430\u043c\u0435\u0442\u044a\u0440 \u043d\u0430 \u0442\u0430\u0431\u043b\u0435\u0442\u043a\u0430\u0442\u0430 (mm)<\/td>\n<td width=\"283\">35<\/td>\n<\/tr>\n<tr>\n<td width=\"283\">\u041c\u0430\u043a\u0441\u0438\u043c\u0430\u043b\u043d\u0430 \u0434\u044a\u043b\u0431\u043e\u0447\u0438\u043d\u0430 \u043d\u0430 \u043f\u044a\u043b\u043d\u0435\u043d\u0435 (mm)<\/td>\n<td width=\"283\">25<\/td>\n<\/tr>\n<tr>\n<td width=\"283\">\u041c\u0430\u043a\u0441\u0438\u043c\u0430\u043b\u043d\u0430 \u0434\u0435\u0431\u0435\u043b\u0438\u043d\u0430 \u043d\u0430 \u0442\u0430\u0431\u043b\u0435\u0442\u0430 (mm)<\/td>\n<td width=\"283\">12<\/td>\n<\/tr>\n<tr>\n<td width=\"283\">\u0421\u043a\u043e\u0440\u043e\u0441\u0442 \u043d\u0430 \u043a\u0443\u043f\u043e\u043b\u0430 (r-min)<\/td>\n<td width=\"283\">10-30<\/td>\n<\/tr>\n<tr>\n<td width=\"283\">\u041f\u0440\u043e\u0438\u0437\u0432\u043e\u0434\u0441\u0442\u0432\u0435\u043d \u043a\u0430\u043f\u0430\u0446\u0438\u0442\u0435\u0442 (\u0431\u0440\/\u0447)<\/td>\n<td width=\"283\">30600<\/td>\n<\/tr>\n<tr>\n<td width=\"283\">\u041c\u043e\u0449\u043d\u043e\u0441\u0442 \u043d\u0430 \u0434\u0432\u0438\u0433\u0430\u0442\u0435\u043b\u044f (kw)<\/td>\n<td width=\"283\">7.5<\/td>\n<\/tr>\n<tr>\n<td width=\"283\">\u041e\u0431\u0449 \u0440\u0430\u0437\u043c\u0435\u0440 (mm)<\/td>\n<td width=\"283\">900*<\/p>\n<p>800*<\/p>\n<p>1640*<\/td>\n<\/tr>\n<tr>\n<td width=\"283\">\u041d\u0435\u0442\u043d\u043e \u0442\u0435\u0433\u043b\u043e \u043a\u0433<\/td>\n<td width=\"283\">1500<\/td>\n<\/tr>\n<\/tbody>\n<\/table>","protected":false},"excerpt":{"rendered":"<p>\u041f\u0440\u0435\u0434\u0441\u0442\u0430\u0432\u044f\u043c\u0435 \u0432\u0438 ZARP17B, \u043c\u043e\u0434\u0435\u0440\u043d\u0430 \u043c\u0430\u0448\u0438\u043d\u0430, \u043f\u0440\u0435\u0434\u043d\u0430\u0437\u043d\u0430\u0447\u0435\u043d\u0430 \u0437\u0430 \u043f\u0440\u043e\u0438\u0437\u0432\u043e\u0434\u0441\u0442\u0432\u043e \u043d\u0430 \u043e\u0431\u043e\u0433\u0430\u0442\u044f\u0432\u0430\u0449\u0438 \u0442\u0430\u0431\u043b\u0435\u0442\u043a\u0438 \u0437\u0430 \u0441\u043c\u0443\u0447\u0435\u043d\u0435.<\/p>","protected":false},"featured_media":6657,"comment_status":"open","ping_status":"closed","template":"","meta":{"wds_primary_product_brand":0,"wds_primary_product_cat":0},"product_brand":[],"product_cat":[84],"product_tag":[],"class_list":{"0":"post-6649","1":"product","2":"type-product","3":"status-publish","4":"has-post-thumbnail","6":"product_cat-maquinas-para-hacer-pastillas","8":"first","9":"instock","10":"taxable","11":"shipping-taxable","12":"purchasable","13":"product-type-simple"},"yoast_head":"<!-- This site is optimized with the Yoast SEO Premium plugin v24.9 (Yoast SEO v26.1) - https:\/\/yoast.com\/wordpress\/plugins\/seo\/ -->\n<title>MAQUINA ZARP-17B PARA TABLETAS DE COMPRIMIDOS PARA CHUPAR DE ENREQUICIMIENTO NUTRICIONAL - distribuci\u00f3n ARC<\/title>\n<meta name=\"robots\" content=\"index, follow, max-snippet:-1, max-image-preview:large, max-video-preview:-1\" \/>\n<link rel=\"canonical\" href=\"https:\/\/distribucionarc.com\/bg\/\u043f\u0440\u043e\u0434\u0443\u043a\u0442\/zarp-17b-\u043c\u0430\u0448\u0438\u043d\u0430-\u0437\u0430-\u0441\u043c\u0443\u0447\u0435\u043d\u0435-\u0442\u0430\u0431\u043b\u0435\u0442\u043a\u0438-\u0437\u0430-\u043f\u043e\u0434\u043e\u0431\u0440\/\" \/>\n<meta property=\"og:locale\" content=\"bg_BG\" \/>\n<meta property=\"og:type\" content=\"article\" \/>\n<meta property=\"og:title\" content=\"MAQUINA ZARP-17B PARA TABLETAS DE COMPRIMIDOS PARA CHUPAR DE ENREQUICIMIENTO NUTRICIONAL\" \/>\n<meta property=\"og:description\" content=\"Presentamos la ZARP17B, una m\u00e1quina de \u00faltima generaci\u00f3n dise\u00f1ada para la producci\u00f3n de tabletas de comprimidos para chupar de enriquecimiento\" \/>\n<meta property=\"og:url\" content=\"https:\/\/distribucionarc.com\/bg\/\u043f\u0440\u043e\u0434\u0443\u043a\u0442\/zarp-17b-\u043c\u0430\u0448\u0438\u043d\u0430-\u0437\u0430-\u0441\u043c\u0443\u0447\u0435\u043d\u0435-\u0442\u0430\u0431\u043b\u0435\u0442\u043a\u0438-\u0437\u0430-\u043f\u043e\u0434\u043e\u0431\u0440\/\" \/>\n<meta property=\"og:site_name\" content=\"distribuci\u00f3n ARC\" \/>\n<meta property=\"article:modified_time\" content=\"2024-04-24T18:12:20+00:00\" \/>\n<meta property=\"og:image\" content=\"https:\/\/distribucionarc.com\/wp-content\/uploads\/2024\/04\/MAQUINA-ZARP-17B-PARA-TABLETAS-DE-COMPRIMIDOS-PARA-CHUPAR-DE-ENREQUICIMIENTO-NUTRICIONAL.jpg\" \/>\n\t<meta property=\"og:image:width\" content=\"680\" \/>\n\t<meta property=\"og:image:height\" content=\"960\" \/>\n\t<meta property=\"og:image:type\" content=\"image\/jpeg\" \/>\n<meta name=\"twitter:card\" content=\"summary_large_image\" \/>\n<meta name=\"twitter:label1\" content=\"Est. reading time\" \/>\n\t<meta name=\"twitter:data1\" content=\"1 \u043c\u0438\u043d\u0443\u0442\u0430\" \/>\n<script type=\"application\/ld+json\" class=\"yoast-schema-graph\">{\"@context\":\"https:\/\/schema.org\",\"@graph\":[{\"@type\":\"WebPage\",\"@id\":\"https:\/\/distribucionarc.com\/nl\/producto\/maquina-zarp-17b-para-tabletas-de-comprimidos-para-chupar-de-enrequicimiento-nutricional\/\",\"url\":\"https:\/\/distribucionarc.com\/nl\/producto\/maquina-zarp-17b-para-tabletas-de-comprimidos-para-chupar-de-enrequicimiento-nutricional\/\",\"name\":\"MAQUINA ZARP-17B PARA TABLETAS DE COMPRIMIDOS PARA CHUPAR DE ENREQUICIMIENTO NUTRICIONAL - distribuci\u00f3n ARC\",\"isPartOf\":{\"@id\":\"https:\/\/www.distribucionarc.com\/sl\/#website\"},\"primaryImageOfPage\":{\"@id\":\"https:\/\/distribucionarc.com\/nl\/producto\/maquina-zarp-17b-para-tabletas-de-comprimidos-para-chupar-de-enrequicimiento-nutricional\/#primaryimage\"},\"image\":{\"@id\":\"https:\/\/distribucionarc.com\/nl\/producto\/maquina-zarp-17b-para-tabletas-de-comprimidos-para-chupar-de-enrequicimiento-nutricional\/#primaryimage\"},\"thumbnailUrl\":\"https:\/\/distribucionarc.com\/wp-content\/uploads\/2024\/04\/MAQUINA-ZARP-17B-PARA-TABLETAS-DE-COMPRIMIDOS-PARA-CHUPAR-DE-ENREQUICIMIENTO-NUTRICIONAL.jpg\",\"datePublished\":\"2024-04-24T18:12:18+00:00\",\"dateModified\":\"2024-04-24T18:12:20+00:00\",\"breadcrumb\":{\"@id\":\"https:\/\/distribucionarc.com\/nl\/producto\/maquina-zarp-17b-para-tabletas-de-comprimidos-para-chupar-de-enrequicimiento-nutricional\/#breadcrumb\"},\"inLanguage\":\"bg-BG\",\"potentialAction\":[{\"@type\":\"ReadAction\",\"target\":[\"https:\/\/distribucionarc.com\/nl\/producto\/maquina-zarp-17b-para-tabletas-de-comprimidos-para-chupar-de-enrequicimiento-nutricional\/\"]}]},{\"@type\":\"ImageObject\",\"inLanguage\":\"bg-BG\",\"@id\":\"https:\/\/distribucionarc.com\/nl\/producto\/maquina-zarp-17b-para-tabletas-de-comprimidos-para-chupar-de-enrequicimiento-nutricional\/#primaryimage\",\"url\":\"https:\/\/distribucionarc.com\/wp-content\/uploads\/2024\/04\/MAQUINA-ZARP-17B-PARA-TABLETAS-DE-COMPRIMIDOS-PARA-CHUPAR-DE-ENREQUICIMIENTO-NUTRICIONAL.jpg\",\"contentUrl\":\"https:\/\/distribucionarc.com\/wp-content\/uploads\/2024\/04\/MAQUINA-ZARP-17B-PARA-TABLETAS-DE-COMPRIMIDOS-PARA-CHUPAR-DE-ENREQUICIMIENTO-NUTRICIONAL.jpg\",\"width\":680,\"height\":960,\"caption\":\"#image_title\"},{\"@type\":\"BreadcrumbList\",\"@id\":\"https:\/\/distribucionarc.com\/nl\/producto\/maquina-zarp-17b-para-tabletas-de-comprimidos-para-chupar-de-enrequicimiento-nutricional\/#breadcrumb\",\"itemListElement\":[{\"@type\":\"ListItem\",\"position\":1,\"name\":\"Portada\",\"item\":\"https:\/\/www.distribucionarc.com\/\"},{\"@type\":\"ListItem\",\"position\":2,\"name\":\"\u00dcr\u00fcnler\",\"item\":\"https:\/\/www.distribucionarc.com\/tr\/magaza\/\"},{\"@type\":\"ListItem\",\"position\":3,\"name\":\"MAQUINA ZARP-17B PARA TABLETAS DE COMPRIMIDOS PARA CHUPAR DE ENREQUICIMIENTO NUTRICIONAL\"}]},{\"@type\":\"WebSite\",\"@id\":\"https:\/\/www.distribucionarc.com\/sl\/#website\",\"url\":\"https:\/\/www.distribucionarc.com\/sl\/\",\"name\":\"distribuci\u00f3n ARC\",\"description\":\"Empresa especializada en la fabricaci\u00f3n y distribuci\u00f3n de maquinaria industrial, selladoras de latas, Maquinas de hacer pastillas, Maquinas de cortar carne...\",\"publisher\":{\"@id\":\"https:\/\/www.distribucionarc.com\/sl\/#organization\"},\"potentialAction\":[{\"@type\":\"SearchAction\",\"target\":{\"@type\":\"EntryPoint\",\"urlTemplate\":\"https:\/\/www.distribucionarc.com\/sl\/?s={search_term_string}\"},\"query-input\":{\"@type\":\"PropertyValueSpecification\",\"valueRequired\":true,\"valueName\":\"search_term_string\"}}],\"inLanguage\":\"bg-BG\"},{\"@type\":\"Organization\",\"@id\":\"https:\/\/www.distribucionarc.com\/sl\/#organization\",\"name\":\"Distribuci\u00f3n ARC\",\"url\":\"https:\/\/www.distribucionarc.com\/sl\/\",\"logo\":{\"@type\":\"ImageObject\",\"inLanguage\":\"bg-BG\",\"@id\":\"https:\/\/www.distribucionarc.com\/sl\/#\/schema\/logo\/image\/\",\"url\":\"https:\/\/distribucionarc.com\/wp-content\/uploads\/2024\/10\/distribucion-ARC-COLOR-SIN-FONDO-e1732295305345.png\",\"contentUrl\":\"https:\/\/distribucionarc.com\/wp-content\/uploads\/2024\/10\/distribucion-ARC-COLOR-SIN-FONDO-e1732295305345.png\",\"width\":1164,\"height\":558,\"caption\":\"Distribuci\u00f3n ARC\"},\"image\":{\"@id\":\"https:\/\/www.distribucionarc.com\/sl\/#\/schema\/logo\/image\/\"},\"description\":\"Empresa especializada en la fabricaci\u00f3n y distribuci\u00f3n de maquinaria industrial para los sectores alimentario y farmac\u00e9utico. Nos especializamos en: M\u00e1quinas de cortar carne Fabricaci\u00f3n de comprimidos Sistemas de transporte industrial L\u00edneas de embotellado Dosificadores Y mucho m\u00e1s... Ofrecemos soluciones innovadoras y personalizadas para optimizar los procesos productivos de tu empresa.\",\"email\":\"Admistracion@distribucionarc.com\",\"telephone\":\"+34 643496664\",\"legalName\":\"ARC TECH SOLUTIONS\",\"foundingDate\":\"2024-04-09\",\"vatID\":\"B55480172\",\"numberOfEmployees\":{\"@type\":\"QuantitativeValue\",\"minValue\":\"1\",\"maxValue\":\"10\"}}]}<\/script>\n<!-- \/ Yoast SEO Premium plugin. -->","yoast_head_json":{"title":"ZARP-17B \u041c\u0410\u0428\u0418\u041d\u0410 \u0417\u0410 \u041f\u041e\u0412\u0418\u0428\u0410\u0412\u0410\u0429\u0418 \u0425\u0420\u0410\u041d\u0418\u0422\u0415\u041b\u041d\u041e\u0421\u0422 \u0422\u0410\u0411\u041b\u0415\u0422\u041a\u0418 - ARC \u0440\u0430\u0437\u043f\u0440\u043e\u0441\u0442\u0440\u0430\u043d\u0435\u043d\u0438\u0435","robots":{"index":"index","follow":"follow","max-snippet":"max-snippet:-1","max-image-preview":"max-image-preview:large","max-video-preview":"max-video-preview:-1"},"canonical":"https:\/\/distribucionarc.com\/bg\/\u043f\u0440\u043e\u0434\u0443\u043a\u0442\/zarp-17b-\u043c\u0430\u0448\u0438\u043d\u0430-\u0437\u0430-\u0441\u043c\u0443\u0447\u0435\u043d\u0435-\u0442\u0430\u0431\u043b\u0435\u0442\u043a\u0438-\u0437\u0430-\u043f\u043e\u0434\u043e\u0431\u0440\/","og_locale":"bg_BG","og_type":"article","og_title":"MAQUINA ZARP-17B PARA TABLETAS DE COMPRIMIDOS PARA CHUPAR DE ENREQUICIMIENTO NUTRICIONAL","og_description":"Presentamos la ZARP17B, una m\u00e1quina de \u00faltima generaci\u00f3n dise\u00f1ada para la producci\u00f3n de tabletas de comprimidos para chupar de enriquecimiento","og_url":"https:\/\/distribucionarc.com\/bg\/\u043f\u0440\u043e\u0434\u0443\u043a\u0442\/zarp-17b-\u043c\u0430\u0448\u0438\u043d\u0430-\u0437\u0430-\u0441\u043c\u0443\u0447\u0435\u043d\u0435-\u0442\u0430\u0431\u043b\u0435\u0442\u043a\u0438-\u0437\u0430-\u043f\u043e\u0434\u043e\u0431\u0440\/","og_site_name":"distribuci\u00f3n ARC","article_modified_time":"2024-04-24T18:12:20+00:00","og_image":[{"width":680,"height":960,"url":"https:\/\/distribucionarc.com\/wp-content\/uploads\/2024\/04\/MAQUINA-ZARP-17B-PARA-TABLETAS-DE-COMPRIMIDOS-PARA-CHUPAR-DE-ENREQUICIMIENTO-NUTRICIONAL.jpg","type":"image\/jpeg"}],"twitter_card":"summary_large_image","twitter_misc":{"Est. reading time":"1 \u043c\u0438\u043d\u0443\u0442\u0430"},"schema":{"@context":"https:\/\/schema.org","@graph":[{"@type":"WebPage","@id":"https:\/\/distribucionarc.com\/nl\/producto\/maquina-zarp-17b-para-tabletas-de-comprimidos-para-chupar-de-enrequicimiento-nutricional\/","url":"https:\/\/distribucionarc.com\/nl\/producto\/maquina-zarp-17b-para-tabletas-de-comprimidos-para-chupar-de-enrequicimiento-nutricional\/","name":"ZARP-17B \u041c\u0410\u0428\u0418\u041d\u0410 \u0417\u0410 \u041f\u041e\u0412\u0418\u0428\u0410\u0412\u0410\u0429\u0418 \u0425\u0420\u0410\u041d\u0418\u0422\u0415\u041b\u041d\u041e\u0421\u0422 \u0422\u0410\u0411\u041b\u0415\u0422\u041a\u0418 - ARC \u0440\u0430\u0437\u043f\u0440\u043e\u0441\u0442\u0440\u0430\u043d\u0435\u043d\u0438\u0435","isPartOf":{"@id":"https:\/\/www.distribucionarc.com\/sl\/#website"},"primaryImageOfPage":{"@id":"https:\/\/distribucionarc.com\/nl\/producto\/maquina-zarp-17b-para-tabletas-de-comprimidos-para-chupar-de-enrequicimiento-nutricional\/#primaryimage"},"image":{"@id":"https:\/\/distribucionarc.com\/nl\/producto\/maquina-zarp-17b-para-tabletas-de-comprimidos-para-chupar-de-enrequicimiento-nutricional\/#primaryimage"},"thumbnailUrl":"https:\/\/distribucionarc.com\/wp-content\/uploads\/2024\/04\/MAQUINA-ZARP-17B-PARA-TABLETAS-DE-COMPRIMIDOS-PARA-CHUPAR-DE-ENREQUICIMIENTO-NUTRICIONAL.jpg","datePublished":"2024-04-24T18:12:18+00:00","dateModified":"2024-04-24T18:12:20+00:00","breadcrumb":{"@id":"https:\/\/distribucionarc.com\/nl\/producto\/maquina-zarp-17b-para-tabletas-de-comprimidos-para-chupar-de-enrequicimiento-nutricional\/#breadcrumb"},"inLanguage":"bg-BG","potentialAction":[{"@type":"ReadAction","target":["https:\/\/distribucionarc.com\/nl\/producto\/maquina-zarp-17b-para-tabletas-de-comprimidos-para-chupar-de-enrequicimiento-nutricional\/"]}]},{"@type":"ImageObject","inLanguage":"bg-BG","@id":"https:\/\/distribucionarc.com\/nl\/producto\/maquina-zarp-17b-para-tabletas-de-comprimidos-para-chupar-de-enrequicimiento-nutricional\/#primaryimage","url":"https:\/\/distribucionarc.com\/wp-content\/uploads\/2024\/04\/MAQUINA-ZARP-17B-PARA-TABLETAS-DE-COMPRIMIDOS-PARA-CHUPAR-DE-ENREQUICIMIENTO-NUTRICIONAL.jpg","contentUrl":"https:\/\/distribucionarc.com\/wp-content\/uploads\/2024\/04\/MAQUINA-ZARP-17B-PARA-TABLETAS-DE-COMPRIMIDOS-PARA-CHUPAR-DE-ENREQUICIMIENTO-NUTRICIONAL.jpg","width":680,"height":960,"caption":"#image_title"},{"@type":"BreadcrumbList","@id":"https:\/\/distribucionarc.com\/nl\/producto\/maquina-zarp-17b-para-tabletas-de-comprimidos-para-chupar-de-enrequicimiento-nutricional\/#breadcrumb","itemListElement":[{"@type":"ListItem","position":1,"name":"Portada","item":"https:\/\/www.distribucionarc.com\/"},{"@type":"ListItem","position":2,"name":"\u00dcr\u00fcnler","item":"https:\/\/www.distribucionarc.com\/tr\/magaza\/"},{"@type":"ListItem","position":3,"name":"MAQUINA ZARP-17B PARA TABLETAS DE COMPRIMIDOS PARA CHUPAR DE ENREQUICIMIENTO NUTRICIONAL"}]},{"@type":"WebSite","@id":"https:\/\/www.distribucionarc.com\/sl\/#website","url":"https:\/\/www.distribucionarc.com\/sl\/","name":"ARC \u0440\u0430\u0437\u043f\u0440\u0435\u0434\u0435\u043b\u0435\u043d\u0438\u0435","description":"\u0424\u0438\u0440\u043c\u0430, \u0441\u043f\u0435\u0446\u0438\u0430\u043b\u0438\u0437\u0438\u0440\u0430\u043d\u0430 \u0432 \u043f\u0440\u043e\u0438\u0437\u0432\u043e\u0434\u0441\u0442\u0432\u043e\u0442\u043e \u0438 \u0434\u0438\u0441\u0442\u0440\u0438\u0431\u0443\u0446\u0438\u044f\u0442\u0430 \u043d\u0430 \u043f\u0440\u043e\u043c\u0438\u0448\u043b\u0435\u043d\u0438 \u043c\u0430\u0448\u0438\u043d\u0438, \u043c\u0430\u0448\u0438\u043d\u0438 \u0437\u0430 \u0437\u0430\u043f\u0435\u0447\u0430\u0442\u0432\u0430\u043d\u0435 \u043d\u0430 \u043a\u0443\u0442\u0438\u0438, \u043c\u0430\u0448\u0438\u043d\u0438 \u0437\u0430 \u043f\u0440\u043e\u0438\u0437\u0432\u043e\u0434\u0441\u0442\u0432\u043e \u043d\u0430 \u0442\u0430\u0431\u043b\u0435\u0442\u043a\u0438, \u043c\u0430\u0448\u0438\u043d\u0438 \u0437\u0430 \u0440\u044f\u0437\u0430\u043d\u0435 \u043d\u0430 \u043c\u0435\u0441\u043e...","publisher":{"@id":"https:\/\/www.distribucionarc.com\/sl\/#organization"},"potentialAction":[{"@type":"SearchAction","target":{"@type":"EntryPoint","urlTemplate":"https:\/\/www.distribucionarc.com\/sl\/?s={search_term_string}"},"query-input":{"@type":"PropertyValueSpecification","valueRequired":true,"valueName":"search_term_string"}}],"inLanguage":"bg-BG"},{"@type":"Organization","@id":"https:\/\/www.distribucionarc.com\/sl\/#organization","name":"ARC \u0420\u0430\u0437\u043f\u0440\u0435\u0434\u0435\u043b\u0435\u043d\u0438\u0435","url":"https:\/\/www.distribucionarc.com\/sl\/","logo":{"@type":"ImageObject","inLanguage":"bg-BG","@id":"https:\/\/www.distribucionarc.com\/sl\/#\/schema\/logo\/image\/","url":"https:\/\/distribucionarc.com\/wp-content\/uploads\/2024\/10\/distribucion-ARC-COLOR-SIN-FONDO-e1732295305345.png","contentUrl":"https:\/\/distribucionarc.com\/wp-content\/uploads\/2024\/10\/distribucion-ARC-COLOR-SIN-FONDO-e1732295305345.png","width":1164,"height":558,"caption":"Distribuci\u00f3n ARC"},"image":{"@id":"https:\/\/www.distribucionarc.com\/sl\/#\/schema\/logo\/image\/"},"description":"\u0414\u0440\u0443\u0436\u0435\u0441\u0442\u0432\u043e, \u0441\u043f\u0435\u0446\u0438\u0430\u043b\u0438\u0437\u0438\u0440\u0430\u043d\u043e \u0432 \u043f\u0440\u043e\u0438\u0437\u0432\u043e\u0434\u0441\u0442\u0432\u043e\u0442\u043e \u0438 \u0434\u0438\u0441\u0442\u0440\u0438\u0431\u0443\u0446\u0438\u044f\u0442\u0430 \u043d\u0430 \u043f\u0440\u043e\u043c\u0438\u0448\u043b\u0435\u043d\u0438 \u043c\u0430\u0448\u0438\u043d\u0438 \u0437\u0430 \u0445\u0440\u0430\u043d\u0438\u0442\u0435\u043b\u043d\u043e-\u0432\u043a\u0443\u0441\u043e\u0432\u0438\u044f \u0438 \u0444\u0430\u0440\u043c\u0430\u0446\u0435\u0432\u0442\u0438\u0447\u043d\u0438\u044f \u0441\u0435\u043a\u0442\u043e\u0440. \u041d\u0438\u0435 \u0441\u043c\u0435 \u0441\u043f\u0435\u0446\u0438\u0430\u043b\u0438\u0437\u0438\u0440\u0430\u043d\u0438 \u0432: \u041c\u0430\u0448\u0438\u043d\u0438 \u0437\u0430 \u0440\u044f\u0437\u0430\u043d\u0435 \u043d\u0430 \u043c\u0435\u0441\u043e \u041f\u0440\u043e\u0438\u0437\u0432\u043e\u0434\u0441\u0442\u0432\u043e \u043d\u0430 \u0442\u0430\u0431\u043b\u0435\u0442\u0438 \u041f\u0440\u043e\u043c\u0438\u0448\u043b\u0435\u043d\u0438 \u0442\u0440\u0430\u043d\u0441\u043f\u043e\u0440\u0442\u043d\u0438 \u0441\u0438\u0441\u0442\u0435\u043c\u0438 \u041b\u0438\u043d\u0438\u0438 \u0437\u0430 \u0431\u0443\u0442\u0438\u043b\u0438\u0440\u0430\u043d\u0435 \u0414\u0438\u0441\u043f\u0435\u043d\u0441\u044a\u0440\u0438 \u0418 \u043c\u043d\u043e\u0433\u043e \u0434\u0440\u0443\u0433\u0438... \u041d\u0438\u0435 \u043f\u0440\u0435\u0434\u043b\u0430\u0433\u0430\u043c\u0435 \u0438\u043d\u043e\u0432\u0430\u0442\u0438\u0432\u043d\u0438 \u0438 \u043f\u0435\u0440\u0441\u043e\u043d\u0430\u043b\u0438\u0437\u0438\u0440\u0430\u043d\u0438 \u0440\u0435\u0448\u0435\u043d\u0438\u044f \u0437\u0430 \u043e\u043f\u0442\u0438\u043c\u0438\u0437\u0438\u0440\u0430\u043d\u0435 \u043d\u0430 \u043f\u0440\u043e\u0438\u0437\u0432\u043e\u0434\u0441\u0442\u0432\u0435\u043d\u0438\u0442\u0435 \u043f\u0440\u043e\u0446\u0435\u0441\u0438 \u0432\u044a\u0432 \u0432\u0430\u0448\u0430\u0442\u0430 \u043a\u043e\u043c\u043f\u0430\u043d\u0438\u044f.","email":"Admistracion@distribucionarc.com","telephone":"+34 643496664","legalName":"ARC TECH SOLUTIONS","foundingDate":"2024-04-09","vatID":"B55480172","numberOfEmployees":{"@type":"QuantitativeValue","minValue":"1","maxValue":"10"}}]}},"_links":{"self":[{"href":"https:\/\/distribucionarc.com\/bg\/wp-json\/wp\/v2\/product\/6649","targetHints":{"allow":["GET"]}}],"collection":[{"href":"https:\/\/distribucionarc.com\/bg\/wp-json\/wp\/v2\/product"}],"about":[{"href":"https:\/\/distribucionarc.com\/bg\/wp-json\/wp\/v2\/types\/product"}],"replies":[{"embeddable":true,"href":"https:\/\/distribucionarc.com\/bg\/wp-json\/wp\/v2\/comments?post=6649"}],"version-history":[{"count":0,"href":"https:\/\/distribucionarc.com\/bg\/wp-json\/wp\/v2\/product\/6649\/revisions"}],"wp:featuredmedia":[{"embeddable":true,"href":"https:\/\/distribucionarc.com\/bg\/wp-json\/wp\/v2\/media\/6657"}],"wp:attachment":[{"href":"https:\/\/distribucionarc.com\/bg\/wp-json\/wp\/v2\/media?parent=6649"}],"wp:term":[{"taxonomy":"product_brand","embeddable":true,"href":"https:\/\/distribucionarc.com\/bg\/wp-json\/wp\/v2\/product_brand?post=6649"},{"taxonomy":"product_cat","embeddable":true,"href":"https:\/\/distribucionarc.com\/bg\/wp-json\/wp\/v2\/product_cat?post=6649"},{"taxonomy":"product_tag","embeddable":true,"href":"https:\/\/distribucionarc.com\/bg\/wp-json\/wp\/v2\/product_tag?post=6649"}],"curies":[{"name":"\u0440\u0430\u0431\u043e\u0442\u043d\u0430 \u0441\u0440\u0435\u0449\u0430","href":"https:\/\/api.w.org\/{rel}","templated":true}]}}