{"id":6753,"date":"2024-04-25T15:59:13","date_gmt":"2024-04-25T15:59:13","guid":{"rendered":"https:\/\/distribucionarc.com\/?post_type=product&#038;p=6753"},"modified":"2024-04-25T15:59:15","modified_gmt":"2024-04-25T15:59:15","slug":"%d1%8f%d0%b9%d1%87%d0%b5%d0%bd-%d0%bf%d1%80%d0%be%d1%82%d0%b5%d0%b8%d0%bd-%d1%82%d0%b0%d0%b1%d0%bb%d0%b5%d1%82%d0%ba%d0%b8-%d0%b7%d0%b0-%d0%b4%d1%8a%d0%b2%d1%87%d0%b5%d0%bd%d0%b5-%d1%80%d0%be%d1%82","status":"publish","type":"product","link":"https:\/\/distribucionarc.com\/bg\/producto\/maquina-prensadora-rotativa-de-tabletas-masticables-de-proteinas-de-huevo\/","title":{"rendered":"\u0420\u041e\u0422\u0410\u0426\u0418\u041e\u041d\u041d\u0410 \u041c\u0410\u0428\u0418\u041d\u0410 \u0417\u0410 \u041f\u0420\u0415\u0421\u041e\u0412\u0410\u041d\u0415 \u041d\u0410 \u0422\u0410\u0411\u041b\u0415\u0422\u041a\u0418 \u0421 \u042f\u0419\u0427\u0415\u041d \u041f\u0420\u041e\u0422\u0415\u0418\u041d \u0417\u0410 \u0414\u042a\u0412\u0427\u0410\u041d\u0415"},"content":{"rendered":"<p>\u041e\u0442\u043a\u0440\u0438\u0439\u0442\u0435 <strong>\u0420\u043e\u0442\u0430\u0446\u0438\u043e\u043d\u043d\u0430 \u043f\u0440\u0435\u0441\u043e\u0432\u0430 \u043c\u0430\u0448\u0438\u043d\u0430 HARSZP<\/strong>, \u043e\u0441\u043d\u043e\u0432\u043d\u0430 \u0447\u0430\u0441\u0442 \u0432 \u043f\u0440\u043e\u0438\u0437\u0432\u043e\u0434\u0441\u0442\u0432\u043e\u0442\u043e \u043d\u0430 <strong>\u0442\u0430\u0431\u043b\u0435\u0442\u043a\u0438 \u0437\u0430 \u0434\u044a\u0432\u0447\u0435\u043d\u0435 \u0441 \u044f\u0439\u0447\u0435\u043d \u043f\u0440\u043e\u0442\u0435\u0438\u043d<\/strong> \u0432\u044a\u0432 \u0444\u0430\u0440\u043c\u0430\u0446\u0435\u0432\u0442\u0438\u0447\u043d\u0430\u0442\u0430 \u0438\u043d\u0434\u0443\u0441\u0442\u0440\u0438\u044f. \u0421 \u043d\u0435\u0441\u0440\u0430\u0432\u043d\u0438\u043c\u0430 \u0433\u044a\u0432\u043a\u0430\u0432\u043e\u0441\u0442, \u0442\u0430\u0437\u0438 \u043c\u0430\u0448\u0438\u043d\u0430 \u043c\u043e\u0436\u0435 \u0434\u0430 \u043f\u0440\u0435\u0441\u043e\u0432\u0430 \u0448\u0438\u0440\u043e\u043a\u0430 \u0433\u0430\u043c\u0430 \u043e\u0442 \u043c\u0430\u0442\u0435\u0440\u0438\u0430\u043b\u0438, \u043e\u0442 \u043f\u0440\u0430\u0445\u043e\u0432\u0435 \u0434\u043e \u0433\u0440\u0430\u043d\u0443\u043b\u0438, \u043f\u0440\u0435\u0432\u0440\u044a\u0449\u0430\u0439\u043a\u0438 \u0433\u0438 \u0432 <strong>\u0442\u0430\u0431\u043b\u0435\u0442\u043a\u0438<\/strong> \u0441 \u043f\u0440\u0435\u0446\u0438\u0437\u043d\u0438, \u043f\u0435\u0440\u0441\u043e\u043d\u0430\u043b\u0438\u0437\u0438\u0440\u0430\u043d\u0438 \u0444\u043e\u0440\u043c\u0438. \u0421 \u0444\u043e\u043a\u0443\u0441 \u0432\u044a\u0440\u0445\u0443 \u0431\u0435\u0437\u043e\u043f\u0430\u0441\u043d\u043e\u0441\u0442\u0442\u0430 \u0438 \u043f\u0440\u0435\u0446\u0438\u0437\u043d\u043e\u0441\u0442\u0442\u0430, <strong>\u0420\u043e\u0442\u0430\u0446\u0438\u043e\u043d\u043d\u0430 \u043f\u0440\u0435\u0441\u043e\u0432\u0430 \u043c\u0430\u0448\u0438\u043d\u0430 HARSZP<\/strong> \u043e\u0441\u0438\u0433\u0443\u0440\u044f\u0432\u0430 \u043f\u044a\u043b\u0435\u043d \u043a\u043e\u043d\u0442\u0440\u043e\u043b \u043f\u043e \u0432\u0441\u044f\u043a\u043e \u0432\u0440\u0435\u043c\u0435. \u0425\u0430\u0440\u0430\u043a\u0442\u0435\u0440\u0438\u0441\u0442\u0438\u043a\u0438\u0442\u0435 \u043c\u0443 \u0432\u043a\u043b\u044e\u0447\u0432\u0430\u0442 \u0432\u044a\u0437\u043c\u043e\u0436\u043d\u043e\u0441\u0442 \u0437\u0430 \u0440\u0435\u0433\u0443\u043b\u0438\u0440\u0430\u043d\u0435 \u043d\u0430 \u0441\u043a\u043e\u0440\u043e\u0441\u0442\u0442\u0430 \u043d\u0430 \u043f\u0440\u0435\u043e\u0431\u0440\u0430\u0437\u0443\u0432\u0430\u043d\u0435 \u043d\u0430 \u0447\u0435\u0441\u0442\u043e\u0442\u0430\u0442\u0430, \u043f\u043e\u043a\u0430\u0437\u0432\u0430\u043d\u0435 \u0432 \u0440\u0435\u0430\u043b\u043d\u043e \u0432\u0440\u0435\u043c\u0435 \u043d\u0430 \u0441\u0440\u0435\u0434\u043d\u043e\u0442\u043e \u043d\u0430\u043b\u044f\u0433\u0430\u043d\u0435 \u0438 \u0446\u044f\u043b\u043e\u0441\u0442\u043d\u0430 \u0437\u0430\u0449\u0438\u0442\u0430 \u043e\u0442 \u043f\u0440\u0435\u0442\u043e\u0432\u0430\u0440\u0432\u0430\u043d\u0435. \u0412 \u0434\u043e\u043f\u044a\u043b\u043d\u0435\u043d\u0438\u0435, \u043d\u0435\u0433\u043e\u0432\u0430\u0442\u0430 \u0438\u043d\u0442\u0435\u0433\u0440\u0438\u0440\u0430\u043d\u0430 \u0441\u0438\u0441\u0442\u0435\u043c\u0430 \u0437\u0430 \u0430\u0432\u0430\u0440\u0438\u0439\u043d\u043e \u0441\u043f\u0438\u0440\u0430\u043d\u0435 \u0433\u0430\u0440\u0430\u043d\u0442\u0438\u0440\u0430 \u0431\u0435\u0437\u043e\u043f\u0430\u0441\u043d\u0430 \u0438 \u043d\u0430\u0434\u0435\u0436\u0434\u043d\u0430 \u0440\u0430\u0431\u043e\u0442\u0430 \u0432\u044a\u0432 \u0432\u0441\u044f\u043a\u0430 \u0441\u0438\u0442\u0443\u0430\u0446\u0438\u044f.<\/p>\n<p>&nbsp;<\/p>\n<table>\n<tbody>\n<tr>\n<td width=\"113\">\u041c\u043e\u0434\u0435\u043b<\/td>\n<td width=\"113\">HARSZP35<\/td>\n<td width=\"113\">HARSPZ43<\/td>\n<td width=\"113\">HARSPZ53<\/td>\n<td width=\"113\">HARSPZ57<\/td>\n<\/tr>\n<tr>\n<td width=\"113\">\u0423\u043c\u0440\u0438 (\u0438\u0433\u0440\u0438)<\/td>\n<td width=\"113\">35<\/td>\n<td width=\"113\">43<\/td>\n<td width=\"113\">53<\/td>\n<td width=\"113\">57<\/td>\n<\/tr>\n<tr>\n<td width=\"113\">\u0422\u0438\u043f \u0438\u043d\u0441\u0442\u0440\u0443\u043c\u0435\u043d\u0442\u0438<\/td>\n<td width=\"113\">IPT<\/td>\n<td width=\"113\">IPT<\/td>\n<td width=\"113\">IPT<\/td>\n<td width=\"113\">IPT<\/td>\n<\/tr>\n<tr>\n<td width=\"113\">\u043c\u0430\u043a\u0441\u0438\u043c\u0430\u043b\u043d\u043e \u043d\u0430\u043b\u044f\u0433\u0430\u043d\u0435 (\u0442\u043e\u043d\u0430)<\/td>\n<td width=\"113\">100<\/td>\n<td width=\"113\">100<\/td>\n<td width=\"113\">100<\/td>\n<td width=\"113\">100<\/td>\n<\/tr>\n<tr>\n<td width=\"113\">\u041c\u0430\u043a\u0441\u0438\u043c\u0430\u043b\u043d\u043e \u043d\u0430\u043b\u044f\u0433\u0430\u043d\u0435 (\u0442\u043e\u043d\u043e\u0432\u0435)<\/td>\n<td width=\"113\">60<\/td>\n<td width=\"113\">60<\/td>\n<td width=\"113\">60<\/td>\n<td width=\"113\">60<\/td>\n<\/tr>\n<tr>\n<td width=\"113\">\u0414\u0438\u0430\u043c\u0435\u0442\u044a\u0440 \u043d\u0430 \u0442\u0430\u0431\u043b\u0435\u0442\u0430 (mm)<\/td>\n<td width=\"113\">25<\/td>\n<td width=\"113\">18<\/td>\n<td width=\"113\">13<\/td>\n<td width=\"113\">11<\/td>\n<\/tr>\n<tr>\n<td width=\"113\">\u0414\u044a\u043b\u0431\u043e\u0447\u0438\u043d\u0430 \u043d\u0430 \u043f\u044a\u043b\u043d\u0435\u043d\u0435 (mm)<\/td>\n<td width=\"113\">18<\/td>\n<td width=\"113\">18<\/td>\n<td width=\"113\">18<\/td>\n<td width=\"113\">18<\/td>\n<\/tr>\n<tr>\n<td width=\"113\">\u041c\u0430\u043a\u0441\u0438\u043c\u0430\u043b\u043d\u0430 \u0434\u0435\u0431\u0435\u043b\u0438\u043d\u0430 \u043d\u0430 \u0442\u0430\u0431\u043b\u0435\u0442\u043a\u0430\u0442\u0430 (mm)<\/td>\n<td width=\"113\">9<\/td>\n<td width=\"113\">9<\/td>\n<td width=\"113\">9<\/td>\n<td width=\"113\">9<\/td>\n<\/tr>\n<tr>\n<td width=\"113\">\u0421\u043a\u043e\u0440\u043e\u0441\u0442 \u043d\u0430 \u043a\u0443\u043f\u043e\u043b\u0430 (\u043e\u0431\/\u043c\u0438\u043d)<\/td>\n<td width=\"113\">45<\/td>\n<td width=\"113\">45<\/td>\n<td width=\"113\">45<\/td>\n<td width=\"113\">45<\/td>\n<\/tr>\n<tr>\n<td width=\"113\">\u041f\u0440\u043e\u0438\u0437\u0432\u043e\u0434\u0441\u0442\u0432\u0435\u043d \u043a\u0430\u043f\u0430\u0446\u0438\u0442\u0435\u0442 (\u0431\u0440\/\u0447)<\/td>\n<td width=\"113\">189000<\/td>\n<td width=\"113\">232200<\/td>\n<td width=\"113\">286200<\/td>\n<td width=\"113\">307800<\/td>\n<\/tr>\n<tr>\n<td width=\"113\">\u041c\u043e\u0449\u043d\u043e\u0441\u0442 \u043d\u0430 \u0434\u0432\u0438\u0433\u0430\u0442\u0435\u043b\u044f (kw)<\/td>\n<td width=\"113\">11<\/td>\n<td width=\"113\">11<\/td>\n<td width=\"113\">11<\/td>\n<td width=\"113\">11<\/td>\n<\/tr>\n<tr>\n<td width=\"113\">\u041e\u0431\u0449 \u0440\u0430\u0437\u043c\u0435\u0440 (mm)<\/td>\n<td width=\"113\">1170*<\/p>\n<p>1290*<\/p>\n<p>1750*<\/td>\n<td width=\"113\">1170*<\/p>\n<p>1290*<\/p>\n<p>1750*<\/td>\n<td width=\"113\">1170*<\/p>\n<p>1290*<\/p>\n<p>1190*<\/td>\n<td width=\"113\">1170*<\/p>\n<p>1290*<\/p>\n<p>1190*<\/td>\n<\/tr>\n<tr>\n<td width=\"113\">\u041d\u0435\u0442\u043d\u043e \u0442\u0435\u0433\u043b\u043e<\/td>\n<td width=\"113\">3500<\/td>\n<td width=\"113\">3500<\/td>\n<td width=\"113\">3500<\/td>\n<td width=\"113\">3500<\/td>\n<\/tr>\n<\/tbody>\n<\/table>\n<p>&nbsp;<\/p>\n<p>&nbsp;<\/p>","protected":false},"excerpt":{"rendered":"<p>\u041e\u0442\u043a\u0440\u0438\u0439\u0442\u0435 \u0440\u043e\u0442\u0430\u0446\u0438\u043e\u043d\u043d\u0430\u0442\u0430 \u043f\u0440\u0435\u0441\u0430 HARSZP, \u043e\u0441\u043d\u043e\u0432\u0435\u043d \u0435\u043b\u0435\u043c\u0435\u043d\u0442 \u0432 \u043f\u0440\u043e\u0438\u0437\u0432\u043e\u0434\u0441\u0442\u0432\u043e\u0442\u043e \u043d\u0430 \u0434\u044a\u0432\u0447\u0430\u0449\u0438 \u0442\u0430\u0431\u043b\u0435\u0442\u043a\u0438 \u043e\u0442 \u044f\u0439\u0447\u0435\u043d \u043f\u0440\u043e\u0442\u0435\u0438\u043d \u0432<\/p>","protected":false},"featured_media":6754,"comment_status":"open","ping_status":"closed","template":"","meta":{"wds_primary_product_brand":0,"wds_primary_product_cat":0},"product_brand":[],"product_cat":[84],"product_tag":[],"class_list":{"0":"post-6753","1":"product","2":"type-product","3":"status-publish","4":"has-post-thumbnail","6":"product_cat-maquinas-para-hacer-pastillas","8":"first","9":"instock","10":"taxable","11":"shipping-taxable","12":"purchasable","13":"product-type-simple"},"yoast_head":"<!-- This site is optimized with the Yoast SEO Premium plugin v24.9 (Yoast SEO v26.1) - https:\/\/yoast.com\/wordpress\/plugins\/seo\/ -->\n<title>MAQUINA PRENSADORA ROTATIVA DE TABLETAS MASTICABLES DE PROTEINAS DE HUEVO - distribuci\u00f3n ARC<\/title>\n<meta name=\"robots\" content=\"index, follow, max-snippet:-1, max-image-preview:large, max-video-preview:-1\" \/>\n<link rel=\"canonical\" href=\"https:\/\/www.distribucionarc.com\/lt\/producto\/maquina-prensadora-rotativa-de-tabletas-masticables-de-proteinas-de-huevo\/\" \/>\n<meta property=\"og:locale\" content=\"bg_BG\" \/>\n<meta property=\"og:type\" content=\"article\" \/>\n<meta property=\"og:title\" content=\"MAQUINA PRENSADORA ROTATIVA DE TABLETAS MASTICABLES DE PROTEINAS DE HUEVO\" \/>\n<meta property=\"og:description\" content=\"Descubre la M\u00e1quina Prensadora Rotativa HARSZP, una pieza fundamental en la producci\u00f3n de tabletas masticables de prote\u00ednas de huevo en\" \/>\n<meta property=\"og:url\" content=\"https:\/\/www.distribucionarc.com\/lt\/producto\/maquina-prensadora-rotativa-de-tabletas-masticables-de-proteinas-de-huevo\/\" \/>\n<meta property=\"og:site_name\" content=\"distribuci\u00f3n ARC\" \/>\n<meta property=\"article:modified_time\" content=\"2024-04-25T15:59:15+00:00\" \/>\n<meta property=\"og:image\" content=\"https:\/\/www.distribucionarc.com\/wp-content\/uploads\/2024\/04\/MAQUINA-PRENSADORA-ROTATIVA-DE-TABLETAS-MASTICABLES-DE-PROTEINAS-DE-HUEVO.jpg\" \/>\n\t<meta property=\"og:image:width\" content=\"624\" \/>\n\t<meta property=\"og:image:height\" content=\"904\" \/>\n\t<meta property=\"og:image:type\" content=\"image\/jpeg\" \/>\n<meta name=\"twitter:card\" content=\"summary_large_image\" \/>\n<meta name=\"twitter:label1\" content=\"Est. reading time\" \/>\n\t<meta name=\"twitter:data1\" content=\"1 \u043c\u0438\u043d\u0443\u0442\u0430\" \/>\n<script type=\"application\/ld+json\" class=\"yoast-schema-graph\">{\"@context\":\"https:\/\/schema.org\",\"@graph\":[{\"@type\":\"WebPage\",\"@id\":\"https:\/\/www.distribucionarc.com\/lt\/producto\/maquina-prensadora-rotativa-de-tabletas-masticables-de-proteinas-de-huevo\/\",\"url\":\"https:\/\/www.distribucionarc.com\/lt\/producto\/maquina-prensadora-rotativa-de-tabletas-masticables-de-proteinas-de-huevo\/\",\"name\":\"MAQUINA PRENSADORA ROTATIVA DE TABLETAS MASTICABLES DE PROTEINAS DE HUEVO - distribuci\u00f3n ARC\",\"isPartOf\":{\"@id\":\"https:\/\/www.distribucionarc.com\/sl\/#website\"},\"primaryImageOfPage\":{\"@id\":\"https:\/\/www.distribucionarc.com\/lt\/producto\/maquina-prensadora-rotativa-de-tabletas-masticables-de-proteinas-de-huevo\/#primaryimage\"},\"image\":{\"@id\":\"https:\/\/www.distribucionarc.com\/lt\/producto\/maquina-prensadora-rotativa-de-tabletas-masticables-de-proteinas-de-huevo\/#primaryimage\"},\"thumbnailUrl\":\"https:\/\/distribucionarc.com\/wp-content\/uploads\/2024\/04\/MAQUINA-PRENSADORA-ROTATIVA-DE-TABLETAS-MASTICABLES-DE-PROTEINAS-DE-HUEVO.jpg\",\"datePublished\":\"2024-04-25T15:59:13+00:00\",\"dateModified\":\"2024-04-25T15:59:15+00:00\",\"breadcrumb\":{\"@id\":\"https:\/\/www.distribucionarc.com\/lt\/producto\/maquina-prensadora-rotativa-de-tabletas-masticables-de-proteinas-de-huevo\/#breadcrumb\"},\"inLanguage\":\"bg-BG\",\"potentialAction\":[{\"@type\":\"ReadAction\",\"target\":[\"https:\/\/www.distribucionarc.com\/lt\/producto\/maquina-prensadora-rotativa-de-tabletas-masticables-de-proteinas-de-huevo\/\"]}]},{\"@type\":\"ImageObject\",\"inLanguage\":\"bg-BG\",\"@id\":\"https:\/\/www.distribucionarc.com\/lt\/producto\/maquina-prensadora-rotativa-de-tabletas-masticables-de-proteinas-de-huevo\/#primaryimage\",\"url\":\"https:\/\/distribucionarc.com\/wp-content\/uploads\/2024\/04\/MAQUINA-PRENSADORA-ROTATIVA-DE-TABLETAS-MASTICABLES-DE-PROTEINAS-DE-HUEVO.jpg\",\"contentUrl\":\"https:\/\/distribucionarc.com\/wp-content\/uploads\/2024\/04\/MAQUINA-PRENSADORA-ROTATIVA-DE-TABLETAS-MASTICABLES-DE-PROTEINAS-DE-HUEVO.jpg\",\"width\":624,\"height\":904,\"caption\":\"#image_title\"},{\"@type\":\"BreadcrumbList\",\"@id\":\"https:\/\/www.distribucionarc.com\/lt\/producto\/maquina-prensadora-rotativa-de-tabletas-masticables-de-proteinas-de-huevo\/#breadcrumb\",\"itemListElement\":[{\"@type\":\"ListItem\",\"position\":1,\"name\":\"Portada\",\"item\":\"https:\/\/www.distribucionarc.com\/\"},{\"@type\":\"ListItem\",\"position\":2,\"name\":\"\u00dcr\u00fcnler\",\"item\":\"https:\/\/www.distribucionarc.com\/tr\/magaza\/\"},{\"@type\":\"ListItem\",\"position\":3,\"name\":\"MAQUINA PRENSADORA ROTATIVA DE TABLETAS MASTICABLES DE PROTEINAS DE HUEVO\"}]},{\"@type\":\"WebSite\",\"@id\":\"https:\/\/www.distribucionarc.com\/sl\/#website\",\"url\":\"https:\/\/www.distribucionarc.com\/sl\/\",\"name\":\"distribuci\u00f3n ARC\",\"description\":\"Empresa especializada en la fabricaci\u00f3n y distribuci\u00f3n de maquinaria industrial, selladoras de latas, Maquinas de hacer pastillas, Maquinas de cortar carne...\",\"publisher\":{\"@id\":\"https:\/\/www.distribucionarc.com\/sl\/#organization\"},\"potentialAction\":[{\"@type\":\"SearchAction\",\"target\":{\"@type\":\"EntryPoint\",\"urlTemplate\":\"https:\/\/www.distribucionarc.com\/sl\/?s={search_term_string}\"},\"query-input\":{\"@type\":\"PropertyValueSpecification\",\"valueRequired\":true,\"valueName\":\"search_term_string\"}}],\"inLanguage\":\"bg-BG\"},{\"@type\":\"Organization\",\"@id\":\"https:\/\/www.distribucionarc.com\/sl\/#organization\",\"name\":\"Distribuci\u00f3n ARC\",\"url\":\"https:\/\/www.distribucionarc.com\/sl\/\",\"logo\":{\"@type\":\"ImageObject\",\"inLanguage\":\"bg-BG\",\"@id\":\"https:\/\/www.distribucionarc.com\/sl\/#\/schema\/logo\/image\/\",\"url\":\"https:\/\/distribucionarc.com\/wp-content\/uploads\/2024\/10\/distribucion-ARC-COLOR-SIN-FONDO-e1732295305345.png\",\"contentUrl\":\"https:\/\/distribucionarc.com\/wp-content\/uploads\/2024\/10\/distribucion-ARC-COLOR-SIN-FONDO-e1732295305345.png\",\"width\":1164,\"height\":558,\"caption\":\"Distribuci\u00f3n ARC\"},\"image\":{\"@id\":\"https:\/\/www.distribucionarc.com\/sl\/#\/schema\/logo\/image\/\"},\"description\":\"Empresa especializada en la fabricaci\u00f3n y distribuci\u00f3n de maquinaria industrial para los sectores alimentario y farmac\u00e9utico. Nos especializamos en: M\u00e1quinas de cortar carne Fabricaci\u00f3n de comprimidos Sistemas de transporte industrial L\u00edneas de embotellado Dosificadores Y mucho m\u00e1s... Ofrecemos soluciones innovadoras y personalizadas para optimizar los procesos productivos de tu empresa.\",\"email\":\"Admistracion@distribucionarc.com\",\"telephone\":\"+34 643496664\",\"legalName\":\"ARC TECH SOLUTIONS\",\"foundingDate\":\"2024-04-09\",\"vatID\":\"B55480172\",\"numberOfEmployees\":{\"@type\":\"QuantitativeValue\",\"minValue\":\"1\",\"maxValue\":\"10\"}}]}<\/script>\n<!-- \/ Yoast SEO Premium plugin. -->","yoast_head_json":{"title":"\u0420\u041e\u0422\u0410\u0426\u0418\u041e\u041d\u041d\u0410 \u041f\u0420\u0415\u0421\u041e\u0412\u0410\u0429\u0410 \u041c\u0410\u0428\u0418\u041d\u0410 \u0417\u0410 \u0414\u042a\u0412\u0427\u0410\u0429\u0418 \u0422\u0410\u0411\u041b\u0415\u0422\u041a\u0418 \u0421 \u042f\u0419\u0427\u0415\u041d \u041f\u0420\u041e\u0422\u0415\u0418\u041d - ARC \u0440\u0430\u0437\u043f\u0440\u0435\u0434\u0435\u043b\u0435\u043d\u0438\u0435","robots":{"index":"index","follow":"follow","max-snippet":"max-snippet:-1","max-image-preview":"max-image-preview:large","max-video-preview":"max-video-preview:-1"},"canonical":"https:\/\/www.distribucionarc.com\/lt\/producto\/maquina-prensadora-rotativa-de-tabletas-masticables-de-proteinas-de-huevo\/","og_locale":"bg_BG","og_type":"article","og_title":"MAQUINA PRENSADORA ROTATIVA DE TABLETAS MASTICABLES DE PROTEINAS DE HUEVO","og_description":"Descubre la M\u00e1quina Prensadora Rotativa HARSZP, una pieza fundamental en la producci\u00f3n de tabletas masticables de prote\u00ednas de huevo en","og_url":"https:\/\/www.distribucionarc.com\/lt\/producto\/maquina-prensadora-rotativa-de-tabletas-masticables-de-proteinas-de-huevo\/","og_site_name":"distribuci\u00f3n ARC","article_modified_time":"2024-04-25T15:59:15+00:00","og_image":[{"width":624,"height":904,"url":"https:\/\/www.distribucionarc.com\/wp-content\/uploads\/2024\/04\/MAQUINA-PRENSADORA-ROTATIVA-DE-TABLETAS-MASTICABLES-DE-PROTEINAS-DE-HUEVO.jpg","type":"image\/jpeg"}],"twitter_card":"summary_large_image","twitter_misc":{"Est. reading time":"1 \u043c\u0438\u043d\u0443\u0442\u0430"},"schema":{"@context":"https:\/\/schema.org","@graph":[{"@type":"WebPage","@id":"https:\/\/www.distribucionarc.com\/lt\/producto\/maquina-prensadora-rotativa-de-tabletas-masticables-de-proteinas-de-huevo\/","url":"https:\/\/www.distribucionarc.com\/lt\/producto\/maquina-prensadora-rotativa-de-tabletas-masticables-de-proteinas-de-huevo\/","name":"\u0420\u041e\u0422\u0410\u0426\u0418\u041e\u041d\u041d\u0410 \u041f\u0420\u0415\u0421\u041e\u0412\u0410\u0429\u0410 \u041c\u0410\u0428\u0418\u041d\u0410 \u0417\u0410 \u0414\u042a\u0412\u0427\u0410\u0429\u0418 \u0422\u0410\u0411\u041b\u0415\u0422\u041a\u0418 \u0421 \u042f\u0419\u0427\u0415\u041d \u041f\u0420\u041e\u0422\u0415\u0418\u041d - ARC \u0440\u0430\u0437\u043f\u0440\u0435\u0434\u0435\u043b\u0435\u043d\u0438\u0435","isPartOf":{"@id":"https:\/\/www.distribucionarc.com\/sl\/#website"},"primaryImageOfPage":{"@id":"https:\/\/www.distribucionarc.com\/lt\/producto\/maquina-prensadora-rotativa-de-tabletas-masticables-de-proteinas-de-huevo\/#primaryimage"},"image":{"@id":"https:\/\/www.distribucionarc.com\/lt\/producto\/maquina-prensadora-rotativa-de-tabletas-masticables-de-proteinas-de-huevo\/#primaryimage"},"thumbnailUrl":"https:\/\/distribucionarc.com\/wp-content\/uploads\/2024\/04\/MAQUINA-PRENSADORA-ROTATIVA-DE-TABLETAS-MASTICABLES-DE-PROTEINAS-DE-HUEVO.jpg","datePublished":"2024-04-25T15:59:13+00:00","dateModified":"2024-04-25T15:59:15+00:00","breadcrumb":{"@id":"https:\/\/www.distribucionarc.com\/lt\/producto\/maquina-prensadora-rotativa-de-tabletas-masticables-de-proteinas-de-huevo\/#breadcrumb"},"inLanguage":"bg-BG","potentialAction":[{"@type":"ReadAction","target":["https:\/\/www.distribucionarc.com\/lt\/producto\/maquina-prensadora-rotativa-de-tabletas-masticables-de-proteinas-de-huevo\/"]}]},{"@type":"ImageObject","inLanguage":"bg-BG","@id":"https:\/\/www.distribucionarc.com\/lt\/producto\/maquina-prensadora-rotativa-de-tabletas-masticables-de-proteinas-de-huevo\/#primaryimage","url":"https:\/\/distribucionarc.com\/wp-content\/uploads\/2024\/04\/MAQUINA-PRENSADORA-ROTATIVA-DE-TABLETAS-MASTICABLES-DE-PROTEINAS-DE-HUEVO.jpg","contentUrl":"https:\/\/distribucionarc.com\/wp-content\/uploads\/2024\/04\/MAQUINA-PRENSADORA-ROTATIVA-DE-TABLETAS-MASTICABLES-DE-PROTEINAS-DE-HUEVO.jpg","width":624,"height":904,"caption":"#image_title"},{"@type":"BreadcrumbList","@id":"https:\/\/www.distribucionarc.com\/lt\/producto\/maquina-prensadora-rotativa-de-tabletas-masticables-de-proteinas-de-huevo\/#breadcrumb","itemListElement":[{"@type":"ListItem","position":1,"name":"Portada","item":"https:\/\/www.distribucionarc.com\/"},{"@type":"ListItem","position":2,"name":"\u00dcr\u00fcnler","item":"https:\/\/www.distribucionarc.com\/tr\/magaza\/"},{"@type":"ListItem","position":3,"name":"MAQUINA PRENSADORA ROTATIVA DE TABLETAS MASTICABLES DE PROTEINAS DE HUEVO"}]},{"@type":"WebSite","@id":"https:\/\/www.distribucionarc.com\/sl\/#website","url":"https:\/\/www.distribucionarc.com\/sl\/","name":"ARC \u0440\u0430\u0437\u043f\u0440\u0435\u0434\u0435\u043b\u0435\u043d\u0438\u0435","description":"\u0424\u0438\u0440\u043c\u0430, \u0441\u043f\u0435\u0446\u0438\u0430\u043b\u0438\u0437\u0438\u0440\u0430\u043d\u0430 \u0432 \u043f\u0440\u043e\u0438\u0437\u0432\u043e\u0434\u0441\u0442\u0432\u043e\u0442\u043e \u0438 \u0434\u0438\u0441\u0442\u0440\u0438\u0431\u0443\u0446\u0438\u044f\u0442\u0430 \u043d\u0430 \u043f\u0440\u043e\u043c\u0438\u0448\u043b\u0435\u043d\u0438 \u043c\u0430\u0448\u0438\u043d\u0438, \u043c\u0430\u0448\u0438\u043d\u0438 \u0437\u0430 \u0437\u0430\u043f\u0435\u0447\u0430\u0442\u0432\u0430\u043d\u0435 \u043d\u0430 \u043a\u0443\u0442\u0438\u0438, \u043c\u0430\u0448\u0438\u043d\u0438 \u0437\u0430 \u043f\u0440\u043e\u0438\u0437\u0432\u043e\u0434\u0441\u0442\u0432\u043e \u043d\u0430 \u0442\u0430\u0431\u043b\u0435\u0442\u043a\u0438, \u043c\u0430\u0448\u0438\u043d\u0438 \u0437\u0430 \u0440\u044f\u0437\u0430\u043d\u0435 \u043d\u0430 \u043c\u0435\u0441\u043e...","publisher":{"@id":"https:\/\/www.distribucionarc.com\/sl\/#organization"},"potentialAction":[{"@type":"SearchAction","target":{"@type":"EntryPoint","urlTemplate":"https:\/\/www.distribucionarc.com\/sl\/?s={search_term_string}"},"query-input":{"@type":"PropertyValueSpecification","valueRequired":true,"valueName":"search_term_string"}}],"inLanguage":"bg-BG"},{"@type":"Organization","@id":"https:\/\/www.distribucionarc.com\/sl\/#organization","name":"ARC \u0420\u0430\u0437\u043f\u0440\u0435\u0434\u0435\u043b\u0435\u043d\u0438\u0435","url":"https:\/\/www.distribucionarc.com\/sl\/","logo":{"@type":"ImageObject","inLanguage":"bg-BG","@id":"https:\/\/www.distribucionarc.com\/sl\/#\/schema\/logo\/image\/","url":"https:\/\/distribucionarc.com\/wp-content\/uploads\/2024\/10\/distribucion-ARC-COLOR-SIN-FONDO-e1732295305345.png","contentUrl":"https:\/\/distribucionarc.com\/wp-content\/uploads\/2024\/10\/distribucion-ARC-COLOR-SIN-FONDO-e1732295305345.png","width":1164,"height":558,"caption":"Distribuci\u00f3n ARC"},"image":{"@id":"https:\/\/www.distribucionarc.com\/sl\/#\/schema\/logo\/image\/"},"description":"\u0414\u0440\u0443\u0436\u0435\u0441\u0442\u0432\u043e, \u0441\u043f\u0435\u0446\u0438\u0430\u043b\u0438\u0437\u0438\u0440\u0430\u043d\u043e \u0432 \u043f\u0440\u043e\u0438\u0437\u0432\u043e\u0434\u0441\u0442\u0432\u043e\u0442\u043e \u0438 \u0434\u0438\u0441\u0442\u0440\u0438\u0431\u0443\u0446\u0438\u044f\u0442\u0430 \u043d\u0430 \u043f\u0440\u043e\u043c\u0438\u0448\u043b\u0435\u043d\u0438 \u043c\u0430\u0448\u0438\u043d\u0438 \u0437\u0430 \u0445\u0440\u0430\u043d\u0438\u0442\u0435\u043b\u043d\u043e-\u0432\u043a\u0443\u0441\u043e\u0432\u0438\u044f \u0438 \u0444\u0430\u0440\u043c\u0430\u0446\u0435\u0432\u0442\u0438\u0447\u043d\u0438\u044f \u0441\u0435\u043a\u0442\u043e\u0440. \u041d\u0438\u0435 \u0441\u043c\u0435 \u0441\u043f\u0435\u0446\u0438\u0430\u043b\u0438\u0437\u0438\u0440\u0430\u043d\u0438 \u0432: \u041c\u0430\u0448\u0438\u043d\u0438 \u0437\u0430 \u0440\u044f\u0437\u0430\u043d\u0435 \u043d\u0430 \u043c\u0435\u0441\u043e \u041f\u0440\u043e\u0438\u0437\u0432\u043e\u0434\u0441\u0442\u0432\u043e \u043d\u0430 \u0442\u0430\u0431\u043b\u0435\u0442\u0438 \u041f\u0440\u043e\u043c\u0438\u0448\u043b\u0435\u043d\u0438 \u0442\u0440\u0430\u043d\u0441\u043f\u043e\u0440\u0442\u043d\u0438 \u0441\u0438\u0441\u0442\u0435\u043c\u0438 \u041b\u0438\u043d\u0438\u0438 \u0437\u0430 \u0431\u0443\u0442\u0438\u043b\u0438\u0440\u0430\u043d\u0435 \u0414\u0438\u0441\u043f\u0435\u043d\u0441\u044a\u0440\u0438 \u0418 \u043c\u043d\u043e\u0433\u043e \u0434\u0440\u0443\u0433\u0438... \u041d\u0438\u0435 \u043f\u0440\u0435\u0434\u043b\u0430\u0433\u0430\u043c\u0435 \u0438\u043d\u043e\u0432\u0430\u0442\u0438\u0432\u043d\u0438 \u0438 \u043f\u0435\u0440\u0441\u043e\u043d\u0430\u043b\u0438\u0437\u0438\u0440\u0430\u043d\u0438 \u0440\u0435\u0448\u0435\u043d\u0438\u044f \u0437\u0430 \u043e\u043f\u0442\u0438\u043c\u0438\u0437\u0438\u0440\u0430\u043d\u0435 \u043d\u0430 \u043f\u0440\u043e\u0438\u0437\u0432\u043e\u0434\u0441\u0442\u0432\u0435\u043d\u0438\u0442\u0435 \u043f\u0440\u043e\u0446\u0435\u0441\u0438 \u0432\u044a\u0432 \u0432\u0430\u0448\u0430\u0442\u0430 \u043a\u043e\u043c\u043f\u0430\u043d\u0438\u044f.","email":"Admistracion@distribucionarc.com","telephone":"+34 643496664","legalName":"ARC TECH SOLUTIONS","foundingDate":"2024-04-09","vatID":"B55480172","numberOfEmployees":{"@type":"QuantitativeValue","minValue":"1","maxValue":"10"}}]}},"_links":{"self":[{"href":"https:\/\/distribucionarc.com\/bg\/wp-json\/wp\/v2\/product\/6753","targetHints":{"allow":["GET"]}}],"collection":[{"href":"https:\/\/distribucionarc.com\/bg\/wp-json\/wp\/v2\/product"}],"about":[{"href":"https:\/\/distribucionarc.com\/bg\/wp-json\/wp\/v2\/types\/product"}],"replies":[{"embeddable":true,"href":"https:\/\/distribucionarc.com\/bg\/wp-json\/wp\/v2\/comments?post=6753"}],"version-history":[{"count":0,"href":"https:\/\/distribucionarc.com\/bg\/wp-json\/wp\/v2\/product\/6753\/revisions"}],"wp:featuredmedia":[{"embeddable":true,"href":"https:\/\/distribucionarc.com\/bg\/wp-json\/wp\/v2\/media\/6754"}],"wp:attachment":[{"href":"https:\/\/distribucionarc.com\/bg\/wp-json\/wp\/v2\/media?parent=6753"}],"wp:term":[{"taxonomy":"product_brand","embeddable":true,"href":"https:\/\/distribucionarc.com\/bg\/wp-json\/wp\/v2\/product_brand?post=6753"},{"taxonomy":"product_cat","embeddable":true,"href":"https:\/\/distribucionarc.com\/bg\/wp-json\/wp\/v2\/product_cat?post=6753"},{"taxonomy":"product_tag","embeddable":true,"href":"https:\/\/distribucionarc.com\/bg\/wp-json\/wp\/v2\/product_tag?post=6753"}],"curies":[{"name":"\u0440\u0430\u0431\u043e\u0442\u043d\u0430 \u0441\u0440\u0435\u0449\u0430","href":"https:\/\/api.w.org\/{rel}","templated":true}]}}