{"id":687,"date":"2020-06-19T20:07:04","date_gmt":"2020-06-19T20:07:04","guid":{"rendered":"https:\/\/distribucionarc.com\/?post_type=product&#038;p=687"},"modified":"2024-10-05T03:52:47","modified_gmt":"2024-10-05T03:52:47","slug":"%d0%bc%d0%b5%d1%81%d0%be-%d0%b8%d0%bb%d0%b8-%d0%b7%d0%b5%d0%bb%d0%b5%d0%bd%d1%87%d1%83%d0%ba%d0%be-%d0%bc%d0%b5%d0%bb%d0%b0%d1%87%d0%ba%d0%b0-%d1%81%d0%bf%d0%b5%d1%86%d0%b8%d0%b0%d0%bb%d0%bd%d0%b0","status":"publish","type":"product","link":"https:\/\/distribucionarc.com\/bg\/producto\/picadora-de-carne-o-verduras-especial-para-industra\/","title":{"rendered":"\u0441\u043f\u0435\u0446\u0438\u0430\u043b\u043d\u0430 \u043c\u0430\u0448\u0438\u043d\u0430 \u0437\u0430 \u043c\u0435\u043b\u0435\u043d\u0435 \u043d\u0430 \u043c\u0435\u0441\u043e \u0438\u043b\u0438 \u0437\u0435\u043b\u0435\u043d\u0447\u0443\u0446\u0438 \u0437\u0430 \u0438\u043d\u0434\u0443\u0441\u0442\u0440\u0438\u044f\u0442\u0430"},"content":{"rendered":"<p>\u041c\u0435\u0441\u043e\u043c\u0435\u043b\u0430\u0447\u043a\u0430\u0442\u0430 ARCP V2 \u0435 \u043c\u043e\u0449\u043d\u0430 \u043f\u0440\u043e\u0444\u0435\u0441\u0438\u043e\u043d\u0430\u043b\u043d\u0430 \u043c\u0435\u0441\u043e\u043c\u0435\u043b\u0430\u0447\u043a\u0430 \u0441 \u043a\u043e\u0440\u043f\u0443\u0441 \u0438 \u043f\u043b\u043e\u0447\u0430 \u043e\u0442 \u043d\u0435\u0440\u044a\u0436\u0434\u0430\u0435\u043c\u0430 \u0441\u0442\u043e\u043c\u0430\u043d\u0430. \u041f\u0440\u0438\u043d\u0446\u0438\u043f\u044a\u0442 \u043d\u0430 \u0447\u0435\u0440\u0432\u044f\u0447\u043d\u0438\u044f \u0432\u0438\u043d\u0442 \u0438 \u043a\u043e\u0440\u043e\u043d\u043d\u0438\u0442\u0435 \u0432\u0430\u043b\u043e\u0432\u0435 \u0441\u044a\u0449\u043e \u0441\u0430 \u0438\u0437\u0440\u0430\u0431\u043e\u0442\u0435\u043d\u0438 \u043e\u0442 \u043d\u0435\u0440\u044a\u0436\u0434\u0430\u0435\u043c\u0430 \u0441\u0442\u043e\u043c\u0430\u043d\u0430. ARCP <strong>\u043c\u0435\u0441\u043e\u043c\u0435\u043b\u0430\u0447\u043a\u0430<\/strong> V2 \u0438\u043c\u0430 \u0447\u0435\u0442\u0438\u0440\u0438 \u0433\u0443\u043c\u0435\u043d\u0438 \u043a\u0440\u0430\u0447\u0435\u0442\u0430 \u0438 \u0437\u0430\u0442\u043e\u0432\u0430 \u0435 \u0434\u043e\u043f\u044a\u043b\u043d\u0438\u0442\u0435\u043b\u043d\u043e \u043e\u0441\u0438\u0433\u0443\u0440\u0435\u043d \u0441\u0440\u0435\u0449\u0443 \u043f\u0440\u0438\u043f\u043b\u044a\u0437\u0432\u0430\u043d\u0435. \u041c\u0435\u0441\u043e\u043c\u0435\u043b\u0430\u0447\u043a\u0430\u0442\u0430 ARCP V2 \u0441\u0435 \u043f\u043e\u0447\u0438\u0441\u0442\u0432\u0430 \u043b\u0435\u0441\u043d\u043e, \u0430 \u0447\u0430\u0441\u0442\u0442\u0430 \u0437\u0430 \u043a\u0430\u0439\u043c\u0430 \u043c\u043e\u0436\u0435 \u0434\u0430 \u0441\u0435 \u0441\u0432\u0430\u043b\u0438 \u043e\u0442 \u0435\u0434\u043d\u0430\u0442\u0430 \u0447\u0430\u0441\u0442.<\/p>\n<p>\u043d\u043e\u0432\u0430\u0442\u0430 \u0432\u0435\u0440\u0441\u0438\u044f \u043d\u0430 ARCP V2\u00a0 <strong>\u0418\u043c\u0430 \u0443\u043d\u0438\u043a\u0430\u043b\u043d\u0430 \u0445\u0430\u0440\u0430\u043a\u0442\u0435\u0440\u0438\u0441\u0442\u0438\u043a\u0430: \u043d\u0438\u0441\u043a\u0430 \u043a\u043e\u043d\u0441\u0443\u043c\u0430\u0446\u0438\u044f, \u0432\u0438\u0441\u043e\u043a\u0430 \u043f\u0440\u043e\u0438\u0437\u0432\u043e\u0434\u0438\u0442\u0435\u043b\u043d\u043e\u0441\u0442.<\/strong><\/p>\n<p><span style=\"color: #ff0000;\">360w<\/span> <span style=\"color: #008000;\">\u0438\u043d\u0442\u0435\u0433\u0440\u0438\u0440\u0430\u043d\u0430 \u0438\u043d\u0442\u0435\u043b\u0438\u0433\u0435\u043d\u0442\u043d\u0430 \u0441\u0438\u0441\u0442\u0435\u043c\u0430 \u0441 \u043d\u0438\u0441\u043a\u0430 \u043a\u043e\u043d\u0441\u0443\u043c\u0430\u0446\u0438\u044f.<\/span><\/p>\n<p>\u041f\u043e-\u0434\u043e\u043b\u0443 \u043c\u043e\u0436\u0435\u0442\u0435 \u0434\u0430 \u043d\u0430\u043c\u0435\u0440\u0438\u0442\u0435 \u0432\u0441\u0438\u0447\u043a\u0438 \u0445\u0430\u0440\u0430\u043a\u0442\u0435\u0440\u0438\u0441\u0442\u0438\u043a\u0438 \u043d\u0430 \u043c\u0435\u0441\u043e\u043c\u0435\u043b\u0430\u0447\u043a\u0430\u0442\u0430 ARCP V2:<\/p>\n<ul>\n<li>\u041c\u043e\u0449\u043d\u0430 \u043f\u0440\u043e\u0444\u0435\u0441\u0438\u043e\u043d\u0430\u043b\u043d\u0430 \u043c\u0435\u0441\u043e\u043c\u0435\u043b\u0430\u0447\u043a\u0430<\/li>\n<li>\u041a\u043e\u0440\u043f\u0443\u0441 \u0438 \u0442\u0430\u0432\u0430 \u043e\u0442 \u043d\u0435\u0440\u044a\u0436\u0434\u0430\u0435\u043c\u0430 \u0441\u0442\u043e\u043c\u0430\u043d\u0430<\/li>\n<li>\u0441\u043f\u0438\u0440\u0430\u043b\u043d\u043e \u0437\u044a\u0431\u043d\u043e \u043a\u043e\u043b\u0435\u043b\u043e \u0438 \u0432\u0438\u043d\u0442\u043e\u0432 \u043f\u0440\u044a\u0441\u0442\u0435\u043d \u043e\u0442 \u043d\u0435\u0440\u044a\u0436\u0434\u0430\u0435\u043c\u0430 \u0441\u0442\u043e\u043c\u0430\u043d\u0430<\/li>\n<li>\u041d\u043e\u0436\u043e\u0432\u0435 \u0438 \u043f\u043b\u043e\u0447\u0438 \u043e\u0442 \u0437\u0430\u043a\u0430\u043b\u0435\u043d\u0430 \u0441\u0442\u043e\u043c\u0430\u043d\u0430<\/li>\n<li>\u043a\u043e\u0440\u0438\u0433\u0438\u0440\u0430\u0449\u0430\u0442\u0430 \u0447\u0430\u0441\u0442 \u043c\u043e\u0436\u0435 \u0434\u0430 \u0431\u044a\u0434\u0435 \u043f\u0440\u0435\u043c\u0430\u0445\u043d\u0430\u0442\u0430 \u0441 \u0435\u0434\u043d\u043e \u0434\u0432\u0438\u0436\u0435\u043d\u0438\u0435<\/li>\n<li>\u0421 2 \u043f\u0440\u0435\u0434\u043d\u0438 \u0438 \u0437\u0430\u0434\u043d\u0438 \u0441\u043a\u043e\u0440\u043e\u0441\u0442\u0438:<\/li>\n<li>\u041f\u0440\u043e\u0438\u0437\u0432\u043e\u0434\u0441\u0442\u0432\u043e: \u0414\u043e 120 \u043a\u0433 \u043d\u0430 \u0447\u0430\u0441<\/li>\n<li>\u0420\u0430\u0437\u043c\u0435\u0440\u0438 \u043d\u0430 \u0442\u0430\u0432\u0430\u0442\u0430: W200 x D295 x H45 mm 4,8 x 20 x 29 cm<\/li>\n<li>\u0414\u0438\u0430\u043c\u0435\u0442\u044a\u0440 \u043d\u0430 \u043e\u0442\u0432\u043e\u0440\u0430 \u043d\u0430 \u0442\u0430\u0432\u0430\u0442\u0430: 55 \u043c\u043c<\/li>\n<li>\u0414\u0438\u0430\u043c\u0435\u0442\u044a\u0440 \u043d\u0430 \u0448\u043b\u0438\u0444\u043e\u0432\u044a\u0447\u043d\u0430\u0442\u0430 \u043f\u043b\u043e\u0447\u0430: 70 \u043c\u043c<\/li>\n<li>\u043a\u043b\u044e\u0447 \u0437\u0430 \u0437\u0430\u0449\u0438\u0442\u0430 \u043d\u0430 \u0434\u0432\u0438\u0433\u0430\u0442\u0435\u043b\u044f<\/li>\n<li>\u0427\u0435\u0442\u0438\u0440\u0438 \u0433\u0443\u043c\u0435\u043d\u0438 \u043e\u0441\u043d\u043e\u0432\u0438 \u0437\u0430 \u043a\u0440\u0430\u043a\u0430<\/li>\n<li>\u041b\u0435\u0441\u0435\u043d \u0437\u0430 \u043f\u043e\u0447\u0438\u0441\u0442\u0432\u0430\u043d\u0435<\/li>\n<li>\u0422\u0435\u0433\u043b\u043e \u043d\u0435\u0442\u043e: 22 \u043a\u0433<\/li>\n<li>\u0420\u0430\u0437\u043c\u0435\u0440\u0438: \u0428280 \u0445 \u0414160 \u0445 \u0412290 \u043c\u043c<\/li>\n<li>220V \/ 50Hz \/ 1 \u0444\u0430\u0437\u0430 370 \u0432\u0430\u0442\u0430<\/li>\n<\/ul>\n<p>\u0421\u0442\u0430\u043d\u0434\u0430\u0440\u0442\u044a\u0442 \u0432\u043a\u043b\u044e\u0447\u0432\u0430:<\/p>\n<ul>\n<li>1 \u0442\u043b\u0430\u0441\u043a\u0430\u0447<\/li>\n<li>1 \u043a\u043e\u043b\u0431\u0430\u0441 \u0437\u0430 \u043f\u043b\u044a\u043d\u043a\u0430 \u2013 \u00d8 20 \u043c\u043c<\/li>\n<li>2 \u043a\u0440\u044a\u0441\u0442\u043e\u0441\u0430\u043d\u0438 \u043d\u043e\u0436\u0430<\/li>\n<li>6 \u043c\u043c \u0448\u043b\u0438\u0444\u043e\u0432\u044a\u0447\u043d\u0430 \u043f\u043b\u043e\u0447\u0430<\/li>\n<li>8 \u043c\u043c \u0448\u043b\u0438\u0444\u043e\u0432\u044a\u0447\u043d\u0430 \u043f\u043b\u043e\u0447\u0430<\/li>\n<\/ul>\n<p><iframe loading=\"lazy\" src=\"https:\/\/www.youtube.com\/embed\/xyT98EOJOG8\" width=\"560\" height=\"315\" frameborder=\"0\" allowfullscreen=\"allowfullscreen\"><\/iframe><\/p>","protected":false},"excerpt":{"rendered":"<h2><span style=\"color: #000080;\">\u0414\u041e<span style=\"color: #ff0000;\"><strong>\u0420<\/strong><\/span><\/span>CP V2 \u041c\u0435\u0441\u043e\u043c\u0435\u043b\u0430\u0447\u043a\u0430 120\u043a\u0433\/\u0447 ??<\/h2>\n<p><span style=\"color: #ff0000;\">360w<\/span> <span style=\"color: #008000;\">\u0438\u043d\u0442\u0435\u0433\u0440\u0438\u0440\u0430\u043d\u0430 \u0438\u043d\u0442\u0435\u043b\u0438\u0433\u0435\u043d\u0442\u043d\u0430 \u0441\u0438\u0441\u0442\u0435\u043c\u0430 \u0441 \u043d\u0438\u0441\u043a\u0430 \u043a\u043e\u043d\u0441\u0443\u043c\u0430\u0446\u0438\u044f.<\/span><\/p>\n<p>\u041f\u0435\u0440\u0444\u0435\u043a\u0442\u043d\u0430 \u043c\u0435\u043b\u043d\u0438\u0446\u0430 \u0437\u0430 \u043c\u0435\u0441\u0430\u0440\u0441\u043a\u0438 \u043c\u0430\u0433\u0430\u0437\u0438\u043d\u0438 \u0438\u043b\u0438 \u043f\u043e\u043b\u0443\u043f\u0440\u043e\u043c\u0438\u0448\u043b\u0435\u043d\u0438 \u043f\u0440\u0435\u0434\u043f\u0440\u0438\u044f\u0442\u0438\u044f, \u043a\u043e\u0438\u0442\u043e \u0438\u0437\u0438\u0441\u043a\u0432\u0430\u0442 \u0433\u043e\u043b\u0435\u043c\u0438 \u043a\u043e\u043b\u0438\u0447\u0435\u0441\u0442\u0432\u0430 \u043c\u0435\u0441\u043e \u0437\u0430 \u0432\u044a\u0437\u043c\u043e\u0436\u043d\u043e \u043d\u0430\u0439-\u043a\u0440\u0430\u0442\u043a\u043e \u0432\u0440\u0435\u043c\u0435.<\/p>\n<p>\u0432\u0441\u0438\u0447\u043a\u0438\u0442\u0435 \u043d\u0438 \u043c\u0430\u0448\u0438\u043d\u0438 \u0440\u0430\u0437\u043f\u043e\u043b\u0430\u0433\u0430\u0442 <strong>2 \u0433\u043e\u0434\u0438\u043d\u0438 \u0433\u0430\u0440\u0430\u043d\u0446\u0438\u044f<\/strong><\/p>\n<p><strong>\u0442\u0435\u0445\u043d\u0438\u0447\u0435\u0441\u043a\u0430 \u043f\u043e\u0434\u0434\u0440\u044a\u0436\u043a\u0430 \u0432 \u0441\u043b\u0443\u0447\u0430\u0439 \u043d\u0430 \u043f\u043e\u0432\u0440\u0435\u0434\u0430<\/strong><\/p>\n<p>\u0432\u0441\u0438\u0447\u043a\u043e \u043d\u0435\u043e\u0431\u0445\u043e\u0434\u0438\u043c\u043e \u0437\u0430 \u0432\u0430\u0448\u0438\u044f \u0431\u0438\u0437\u043d\u0435\u0441 \u043d\u0430 \u0435\u0434\u043d\u043e \u043c\u044f\u0441\u0442\u043e<\/p>","protected":false},"featured_media":690,"comment_status":"open","ping_status":"closed","template":"","meta":{"wds_primary_product_brand":0,"wds_primary_product_cat":0},"product_brand":[],"product_cat":[120],"product_tag":[],"class_list":{"0":"post-687","1":"product","2":"type-product","3":"status-publish","4":"has-post-thumbnail","6":"product_cat-picadoras-carne","7":"product_shipping_class-hosteleria","9":"first","10":"outofstock","11":"sale","12":"taxable","13":"shipping-taxable","14":"purchasable","15":"product-type-simple"},"yoast_head":"<!-- This site is optimized with the Yoast SEO Premium plugin v24.9 (Yoast SEO v26.1) - https:\/\/yoast.com\/wordpress\/plugins\/seo\/ -->\n<title>picadora de carne o verduras especial para industra - distribuci\u00f3n ARC<\/title>\n<meta name=\"robots\" content=\"index, follow, max-snippet:-1, max-image-preview:large, max-video-preview:-1\" \/>\n<link rel=\"canonical\" href=\"https:\/\/distribucionarc.com\/bg\/\u043f\u0440\u043e\u0434\u0443\u043a\u0442\/\u043c\u0435\u0441\u043e-\u0438\u043b\u0438-\u0437\u0435\u043b\u0435\u043d\u0447\u0443\u043a\u043e-\u043c\u0435\u043b\u0430\u0447\u043a\u0430-\u0441\u043f\u0435\u0446\u0438\u0430\u043b\u043d\u0430\/\" \/>\n<meta property=\"og:locale\" content=\"bg_BG\" \/>\n<meta property=\"og:type\" content=\"article\" \/>\n<meta property=\"og:title\" content=\"picadora de carne o verduras especial para industra\" \/>\n<meta property=\"og:description\" content=\"ARCP V2 Picadora de carne 120kg \/h\u00a0 ?? 360w sistema inteligente integrado de bajo consumo.  picadora perfecta para carnicerias o empresas semi industriales que requieran gran cantidad de carne en el menor tiempo posible  toda nuestra maquinaria tiene garantia de 2 a\u00f1os  soporte tecnico en caso de averia  todo lo necesario para su negocio en un solo lugar\" \/>\n<meta property=\"og:url\" content=\"https:\/\/distribucionarc.com\/bg\/\u043f\u0440\u043e\u0434\u0443\u043a\u0442\/\u043c\u0435\u0441\u043e-\u0438\u043b\u0438-\u0437\u0435\u043b\u0435\u043d\u0447\u0443\u043a\u043e-\u043c\u0435\u043b\u0430\u0447\u043a\u0430-\u0441\u043f\u0435\u0446\u0438\u0430\u043b\u043d\u0430\/\" \/>\n<meta property=\"og:site_name\" content=\"distribuci\u00f3n ARC\" \/>\n<meta property=\"article:modified_time\" content=\"2024-10-05T03:52:47+00:00\" \/>\n<meta property=\"og:image\" content=\"https:\/\/distribucionarc.com\/wp-content\/uploads\/2020\/06\/picadora-de-carne-verduras-especial-para-industra-0.jpg\" \/>\n\t<meta property=\"og:image:width\" content=\"1600\" \/>\n\t<meta property=\"og:image:height\" content=\"1600\" \/>\n\t<meta property=\"og:image:type\" content=\"image\/jpeg\" \/>\n<meta name=\"twitter:card\" content=\"summary_large_image\" \/>\n<meta name=\"twitter:label1\" content=\"Est. reading time\" \/>\n\t<meta name=\"twitter:data1\" content=\"2 \u043c\u0438\u043d\u0443\u0442\u0438\" \/>\n<script type=\"application\/ld+json\" class=\"yoast-schema-graph\">{\"@context\":\"https:\/\/schema.org\",\"@graph\":[{\"@type\":\"WebPage\",\"@id\":\"https:\/\/distribucionarc.com\/sl\/producto\/picadora-de-carne-o-verduras-especial-para-industra\/\",\"url\":\"https:\/\/distribucionarc.com\/sl\/producto\/picadora-de-carne-o-verduras-especial-para-industra\/\",\"name\":\"picadora de carne o verduras especial para industra - distribuci\u00f3n ARC\",\"isPartOf\":{\"@id\":\"https:\/\/www.distribucionarc.com\/sl\/#website\"},\"primaryImageOfPage\":{\"@id\":\"https:\/\/distribucionarc.com\/sl\/producto\/picadora-de-carne-o-verduras-especial-para-industra\/#primaryimage\"},\"image\":{\"@id\":\"https:\/\/distribucionarc.com\/sl\/producto\/picadora-de-carne-o-verduras-especial-para-industra\/#primaryimage\"},\"thumbnailUrl\":\"https:\/\/distribucionarc.com\/wp-content\/uploads\/2020\/06\/picadora-de-carne-verduras-especial-para-industra-0.jpg\",\"datePublished\":\"2020-06-19T20:07:04+00:00\",\"dateModified\":\"2024-10-05T03:52:47+00:00\",\"breadcrumb\":{\"@id\":\"https:\/\/distribucionarc.com\/sl\/producto\/picadora-de-carne-o-verduras-especial-para-industra\/#breadcrumb\"},\"inLanguage\":\"bg-BG\",\"potentialAction\":[{\"@type\":\"ReadAction\",\"target\":[\"https:\/\/distribucionarc.com\/sl\/producto\/picadora-de-carne-o-verduras-especial-para-industra\/\"]}]},{\"@type\":\"ImageObject\",\"inLanguage\":\"bg-BG\",\"@id\":\"https:\/\/distribucionarc.com\/sl\/producto\/picadora-de-carne-o-verduras-especial-para-industra\/#primaryimage\",\"url\":\"https:\/\/distribucionarc.com\/wp-content\/uploads\/2020\/06\/picadora-de-carne-verduras-especial-para-industra-0.jpg\",\"contentUrl\":\"https:\/\/distribucionarc.com\/wp-content\/uploads\/2020\/06\/picadora-de-carne-verduras-especial-para-industra-0.jpg\",\"width\":1600,\"height\":1600},{\"@type\":\"BreadcrumbList\",\"@id\":\"https:\/\/distribucionarc.com\/sl\/producto\/picadora-de-carne-o-verduras-especial-para-industra\/#breadcrumb\",\"itemListElement\":[{\"@type\":\"ListItem\",\"position\":1,\"name\":\"Portada\",\"item\":\"https:\/\/www.distribucionarc.com\/\"},{\"@type\":\"ListItem\",\"position\":2,\"name\":\"\u00dcr\u00fcnler\",\"item\":\"https:\/\/www.distribucionarc.com\/tr\/magaza\/\"},{\"@type\":\"ListItem\",\"position\":3,\"name\":\"picadora de carne o verduras especial para industra\"}]},{\"@type\":\"WebSite\",\"@id\":\"https:\/\/www.distribucionarc.com\/sl\/#website\",\"url\":\"https:\/\/www.distribucionarc.com\/sl\/\",\"name\":\"distribuci\u00f3n ARC\",\"description\":\"Empresa especializada en la fabricaci\u00f3n y distribuci\u00f3n de maquinaria industrial, selladoras de latas, Maquinas de hacer pastillas, Maquinas de cortar carne...\",\"publisher\":{\"@id\":\"https:\/\/www.distribucionarc.com\/sl\/#organization\"},\"potentialAction\":[{\"@type\":\"SearchAction\",\"target\":{\"@type\":\"EntryPoint\",\"urlTemplate\":\"https:\/\/www.distribucionarc.com\/sl\/?s={search_term_string}\"},\"query-input\":{\"@type\":\"PropertyValueSpecification\",\"valueRequired\":true,\"valueName\":\"search_term_string\"}}],\"inLanguage\":\"bg-BG\"},{\"@type\":\"Organization\",\"@id\":\"https:\/\/www.distribucionarc.com\/sl\/#organization\",\"name\":\"Distribuci\u00f3n ARC\",\"url\":\"https:\/\/www.distribucionarc.com\/sl\/\",\"logo\":{\"@type\":\"ImageObject\",\"inLanguage\":\"bg-BG\",\"@id\":\"https:\/\/www.distribucionarc.com\/sl\/#\/schema\/logo\/image\/\",\"url\":\"https:\/\/distribucionarc.com\/wp-content\/uploads\/2024\/10\/distribucion-ARC-COLOR-SIN-FONDO-e1732295305345.png\",\"contentUrl\":\"https:\/\/distribucionarc.com\/wp-content\/uploads\/2024\/10\/distribucion-ARC-COLOR-SIN-FONDO-e1732295305345.png\",\"width\":1164,\"height\":558,\"caption\":\"Distribuci\u00f3n ARC\"},\"image\":{\"@id\":\"https:\/\/www.distribucionarc.com\/sl\/#\/schema\/logo\/image\/\"},\"description\":\"Empresa especializada en la fabricaci\u00f3n y distribuci\u00f3n de maquinaria industrial para los sectores alimentario y farmac\u00e9utico. Nos especializamos en: M\u00e1quinas de cortar carne Fabricaci\u00f3n de comprimidos Sistemas de transporte industrial L\u00edneas de embotellado Dosificadores Y mucho m\u00e1s... Ofrecemos soluciones innovadoras y personalizadas para optimizar los procesos productivos de tu empresa.\",\"email\":\"Admistracion@distribucionarc.com\",\"telephone\":\"+34 643496664\",\"legalName\":\"ARC TECH SOLUTIONS\",\"foundingDate\":\"2024-04-09\",\"vatID\":\"B55480172\",\"numberOfEmployees\":{\"@type\":\"QuantitativeValue\",\"minValue\":\"1\",\"maxValue\":\"10\"}}]}<\/script>\n<!-- \/ Yoast SEO Premium plugin. -->","yoast_head_json":{"title":"\u0421\u043f\u0435\u0446\u0438\u0430\u043b\u043d\u0430 \u043c\u0430\u0448\u0438\u043d\u043a\u0430 \u0437\u0430 \u043c\u0435\u043b\u0435\u043d\u0435 \u043d\u0430 \u043c\u0435\u0441\u043e \u0438 \u0437\u0435\u043b\u0435\u043d\u0447\u0443\u0446\u0438 \u0437\u0430 \u0438\u043d\u0434\u0443\u0441\u0442\u0440\u0438\u044f\u0442\u0430 - \u0434\u0438\u0441\u0442\u0440\u0438\u0431\u0443\u0446\u0438\u044f ARC","robots":{"index":"index","follow":"follow","max-snippet":"max-snippet:-1","max-image-preview":"max-image-preview:large","max-video-preview":"max-video-preview:-1"},"canonical":"https:\/\/distribucionarc.com\/bg\/\u043f\u0440\u043e\u0434\u0443\u043a\u0442\/\u043c\u0435\u0441\u043e-\u0438\u043b\u0438-\u0437\u0435\u043b\u0435\u043d\u0447\u0443\u043a\u043e-\u043c\u0435\u043b\u0430\u0447\u043a\u0430-\u0441\u043f\u0435\u0446\u0438\u0430\u043b\u043d\u0430\/","og_locale":"bg_BG","og_type":"article","og_title":"picadora de carne o verduras especial para industra","og_description":"ARCP V2 Picadora de carne 120kg \/h\u00a0 ?? 360w sistema inteligente integrado de bajo consumo.  picadora perfecta para carnicerias o empresas semi industriales que requieran gran cantidad de carne en el menor tiempo posible  toda nuestra maquinaria tiene garantia de 2 a\u00f1os  soporte tecnico en caso de averia  todo lo necesario para su negocio en un solo lugar","og_url":"https:\/\/distribucionarc.com\/bg\/\u043f\u0440\u043e\u0434\u0443\u043a\u0442\/\u043c\u0435\u0441\u043e-\u0438\u043b\u0438-\u0437\u0435\u043b\u0435\u043d\u0447\u0443\u043a\u043e-\u043c\u0435\u043b\u0430\u0447\u043a\u0430-\u0441\u043f\u0435\u0446\u0438\u0430\u043b\u043d\u0430\/","og_site_name":"distribuci\u00f3n ARC","article_modified_time":"2024-10-05T03:52:47+00:00","og_image":[{"width":1600,"height":1600,"url":"https:\/\/distribucionarc.com\/wp-content\/uploads\/2020\/06\/picadora-de-carne-verduras-especial-para-industra-0.jpg","type":"image\/jpeg"}],"twitter_card":"summary_large_image","twitter_misc":{"Est. reading time":"2 \u043c\u0438\u043d\u0443\u0442\u0438"},"schema":{"@context":"https:\/\/schema.org","@graph":[{"@type":"WebPage","@id":"https:\/\/distribucionarc.com\/sl\/producto\/picadora-de-carne-o-verduras-especial-para-industra\/","url":"https:\/\/distribucionarc.com\/sl\/producto\/picadora-de-carne-o-verduras-especial-para-industra\/","name":"\u0421\u043f\u0435\u0446\u0438\u0430\u043b\u043d\u0430 \u043c\u0430\u0448\u0438\u043d\u043a\u0430 \u0437\u0430 \u043c\u0435\u043b\u0435\u043d\u0435 \u043d\u0430 \u043c\u0435\u0441\u043e \u0438 \u0437\u0435\u043b\u0435\u043d\u0447\u0443\u0446\u0438 \u0437\u0430 \u0438\u043d\u0434\u0443\u0441\u0442\u0440\u0438\u044f\u0442\u0430 - \u0434\u0438\u0441\u0442\u0440\u0438\u0431\u0443\u0446\u0438\u044f ARC","isPartOf":{"@id":"https:\/\/www.distribucionarc.com\/sl\/#website"},"primaryImageOfPage":{"@id":"https:\/\/distribucionarc.com\/sl\/producto\/picadora-de-carne-o-verduras-especial-para-industra\/#primaryimage"},"image":{"@id":"https:\/\/distribucionarc.com\/sl\/producto\/picadora-de-carne-o-verduras-especial-para-industra\/#primaryimage"},"thumbnailUrl":"https:\/\/distribucionarc.com\/wp-content\/uploads\/2020\/06\/picadora-de-carne-verduras-especial-para-industra-0.jpg","datePublished":"2020-06-19T20:07:04+00:00","dateModified":"2024-10-05T03:52:47+00:00","breadcrumb":{"@id":"https:\/\/distribucionarc.com\/sl\/producto\/picadora-de-carne-o-verduras-especial-para-industra\/#breadcrumb"},"inLanguage":"bg-BG","potentialAction":[{"@type":"ReadAction","target":["https:\/\/distribucionarc.com\/sl\/producto\/picadora-de-carne-o-verduras-especial-para-industra\/"]}]},{"@type":"ImageObject","inLanguage":"bg-BG","@id":"https:\/\/distribucionarc.com\/sl\/producto\/picadora-de-carne-o-verduras-especial-para-industra\/#primaryimage","url":"https:\/\/distribucionarc.com\/wp-content\/uploads\/2020\/06\/picadora-de-carne-verduras-especial-para-industra-0.jpg","contentUrl":"https:\/\/distribucionarc.com\/wp-content\/uploads\/2020\/06\/picadora-de-carne-verduras-especial-para-industra-0.jpg","width":1600,"height":1600},{"@type":"BreadcrumbList","@id":"https:\/\/distribucionarc.com\/sl\/producto\/picadora-de-carne-o-verduras-especial-para-industra\/#breadcrumb","itemListElement":[{"@type":"ListItem","position":1,"name":"Portada","item":"https:\/\/www.distribucionarc.com\/"},{"@type":"ListItem","position":2,"name":"\u00dcr\u00fcnler","item":"https:\/\/www.distribucionarc.com\/tr\/magaza\/"},{"@type":"ListItem","position":3,"name":"picadora de carne o verduras especial para industra"}]},{"@type":"WebSite","@id":"https:\/\/www.distribucionarc.com\/sl\/#website","url":"https:\/\/www.distribucionarc.com\/sl\/","name":"ARC \u0440\u0430\u0437\u043f\u0440\u0435\u0434\u0435\u043b\u0435\u043d\u0438\u0435","description":"\u0424\u0438\u0440\u043c\u0430, \u0441\u043f\u0435\u0446\u0438\u0430\u043b\u0438\u0437\u0438\u0440\u0430\u043d\u0430 \u0432 \u043f\u0440\u043e\u0438\u0437\u0432\u043e\u0434\u0441\u0442\u0432\u043e\u0442\u043e \u0438 \u0434\u0438\u0441\u0442\u0440\u0438\u0431\u0443\u0446\u0438\u044f\u0442\u0430 \u043d\u0430 \u043f\u0440\u043e\u043c\u0438\u0448\u043b\u0435\u043d\u0438 \u043c\u0430\u0448\u0438\u043d\u0438, \u043c\u0430\u0448\u0438\u043d\u0438 \u0437\u0430 \u0437\u0430\u043f\u0435\u0447\u0430\u0442\u0432\u0430\u043d\u0435 \u043d\u0430 \u043a\u0443\u0442\u0438\u0438, \u043c\u0430\u0448\u0438\u043d\u0438 \u0437\u0430 \u043f\u0440\u043e\u0438\u0437\u0432\u043e\u0434\u0441\u0442\u0432\u043e \u043d\u0430 \u0442\u0430\u0431\u043b\u0435\u0442\u043a\u0438, \u043c\u0430\u0448\u0438\u043d\u0438 \u0437\u0430 \u0440\u044f\u0437\u0430\u043d\u0435 \u043d\u0430 \u043c\u0435\u0441\u043e...","publisher":{"@id":"https:\/\/www.distribucionarc.com\/sl\/#organization"},"potentialAction":[{"@type":"SearchAction","target":{"@type":"EntryPoint","urlTemplate":"https:\/\/www.distribucionarc.com\/sl\/?s={search_term_string}"},"query-input":{"@type":"PropertyValueSpecification","valueRequired":true,"valueName":"search_term_string"}}],"inLanguage":"bg-BG"},{"@type":"Organization","@id":"https:\/\/www.distribucionarc.com\/sl\/#organization","name":"ARC \u0420\u0430\u0437\u043f\u0440\u0435\u0434\u0435\u043b\u0435\u043d\u0438\u0435","url":"https:\/\/www.distribucionarc.com\/sl\/","logo":{"@type":"ImageObject","inLanguage":"bg-BG","@id":"https:\/\/www.distribucionarc.com\/sl\/#\/schema\/logo\/image\/","url":"https:\/\/distribucionarc.com\/wp-content\/uploads\/2024\/10\/distribucion-ARC-COLOR-SIN-FONDO-e1732295305345.png","contentUrl":"https:\/\/distribucionarc.com\/wp-content\/uploads\/2024\/10\/distribucion-ARC-COLOR-SIN-FONDO-e1732295305345.png","width":1164,"height":558,"caption":"Distribuci\u00f3n ARC"},"image":{"@id":"https:\/\/www.distribucionarc.com\/sl\/#\/schema\/logo\/image\/"},"description":"\u0414\u0440\u0443\u0436\u0435\u0441\u0442\u0432\u043e, \u0441\u043f\u0435\u0446\u0438\u0430\u043b\u0438\u0437\u0438\u0440\u0430\u043d\u043e \u0432 \u043f\u0440\u043e\u0438\u0437\u0432\u043e\u0434\u0441\u0442\u0432\u043e\u0442\u043e \u0438 \u0434\u0438\u0441\u0442\u0440\u0438\u0431\u0443\u0446\u0438\u044f\u0442\u0430 \u043d\u0430 \u043f\u0440\u043e\u043c\u0438\u0448\u043b\u0435\u043d\u0438 \u043c\u0430\u0448\u0438\u043d\u0438 \u0437\u0430 \u0445\u0440\u0430\u043d\u0438\u0442\u0435\u043b\u043d\u043e-\u0432\u043a\u0443\u0441\u043e\u0432\u0438\u044f \u0438 \u0444\u0430\u0440\u043c\u0430\u0446\u0435\u0432\u0442\u0438\u0447\u043d\u0438\u044f \u0441\u0435\u043a\u0442\u043e\u0440. \u041d\u0438\u0435 \u0441\u043c\u0435 \u0441\u043f\u0435\u0446\u0438\u0430\u043b\u0438\u0437\u0438\u0440\u0430\u043d\u0438 \u0432: \u041c\u0430\u0448\u0438\u043d\u0438 \u0437\u0430 \u0440\u044f\u0437\u0430\u043d\u0435 \u043d\u0430 \u043c\u0435\u0441\u043e \u041f\u0440\u043e\u0438\u0437\u0432\u043e\u0434\u0441\u0442\u0432\u043e \u043d\u0430 \u0442\u0430\u0431\u043b\u0435\u0442\u0438 \u041f\u0440\u043e\u043c\u0438\u0448\u043b\u0435\u043d\u0438 \u0442\u0440\u0430\u043d\u0441\u043f\u043e\u0440\u0442\u043d\u0438 \u0441\u0438\u0441\u0442\u0435\u043c\u0438 \u041b\u0438\u043d\u0438\u0438 \u0437\u0430 \u0431\u0443\u0442\u0438\u043b\u0438\u0440\u0430\u043d\u0435 \u0414\u0438\u0441\u043f\u0435\u043d\u0441\u044a\u0440\u0438 \u0418 \u043c\u043d\u043e\u0433\u043e \u0434\u0440\u0443\u0433\u0438... \u041d\u0438\u0435 \u043f\u0440\u0435\u0434\u043b\u0430\u0433\u0430\u043c\u0435 \u0438\u043d\u043e\u0432\u0430\u0442\u0438\u0432\u043d\u0438 \u0438 \u043f\u0435\u0440\u0441\u043e\u043d\u0430\u043b\u0438\u0437\u0438\u0440\u0430\u043d\u0438 \u0440\u0435\u0448\u0435\u043d\u0438\u044f \u0437\u0430 \u043e\u043f\u0442\u0438\u043c\u0438\u0437\u0438\u0440\u0430\u043d\u0435 \u043d\u0430 \u043f\u0440\u043e\u0438\u0437\u0432\u043e\u0434\u0441\u0442\u0432\u0435\u043d\u0438\u0442\u0435 \u043f\u0440\u043e\u0446\u0435\u0441\u0438 \u0432\u044a\u0432 \u0432\u0430\u0448\u0430\u0442\u0430 \u043a\u043e\u043c\u043f\u0430\u043d\u0438\u044f.","email":"Admistracion@distribucionarc.com","telephone":"+34 643496664","legalName":"ARC TECH SOLUTIONS","foundingDate":"2024-04-09","vatID":"B55480172","numberOfEmployees":{"@type":"QuantitativeValue","minValue":"1","maxValue":"10"}}]}},"_links":{"self":[{"href":"https:\/\/distribucionarc.com\/bg\/wp-json\/wp\/v2\/product\/687","targetHints":{"allow":["GET"]}}],"collection":[{"href":"https:\/\/distribucionarc.com\/bg\/wp-json\/wp\/v2\/product"}],"about":[{"href":"https:\/\/distribucionarc.com\/bg\/wp-json\/wp\/v2\/types\/product"}],"replies":[{"embeddable":true,"href":"https:\/\/distribucionarc.com\/bg\/wp-json\/wp\/v2\/comments?post=687"}],"version-history":[{"count":0,"href":"https:\/\/distribucionarc.com\/bg\/wp-json\/wp\/v2\/product\/687\/revisions"}],"wp:featuredmedia":[{"embeddable":true,"href":"https:\/\/distribucionarc.com\/bg\/wp-json\/wp\/v2\/media\/690"}],"wp:attachment":[{"href":"https:\/\/distribucionarc.com\/bg\/wp-json\/wp\/v2\/media?parent=687"}],"wp:term":[{"taxonomy":"product_brand","embeddable":true,"href":"https:\/\/distribucionarc.com\/bg\/wp-json\/wp\/v2\/product_brand?post=687"},{"taxonomy":"product_cat","embeddable":true,"href":"https:\/\/distribucionarc.com\/bg\/wp-json\/wp\/v2\/product_cat?post=687"},{"taxonomy":"product_tag","embeddable":true,"href":"https:\/\/distribucionarc.com\/bg\/wp-json\/wp\/v2\/product_tag?post=687"}],"curies":[{"name":"\u0440\u0430\u0431\u043e\u0442\u043d\u0430 \u0441\u0440\u0435\u0449\u0430","href":"https:\/\/api.w.org\/{rel}","templated":true}]}}