{"id":6920,"date":"2024-04-26T19:06:07","date_gmt":"2024-04-26T19:06:07","guid":{"rendered":"https:\/\/distribucionarc.com\/?post_type=product&#038;p=6920"},"modified":"2024-04-26T19:06:09","modified_gmt":"2024-04-26T19:06:09","slug":"%d0%b8%d0%bd%d0%b4%d1%83%d1%81%d1%82%d1%80%d0%b8%d0%b0%d0%bb%d0%b5%d0%bd-%d0%bc%d0%b8%d0%ba%d1%81%d0%b5%d1%80-%d1%82%d1%83%d0%bc%d0%b1%d0%bb%d0%b5%d1%80-%d0%bc%d0%b0%d1%88%d0%b8%d0%bd%d0%b0","status":"publish","type":"product","link":"https:\/\/distribucionarc.com\/bg\/producto\/maquina-industrial-mezcladora-tumbler\/","title":{"rendered":"\u0418\u041d\u0414\u0423\u0421\u0422\u0420\u0418\u0410\u041b\u041d\u0410 \u0421\u041c\u0415\u0421\u0418\u0422\u0415\u041b\u041d\u0410 \u041c\u0410\u0428\u0418\u041d\u0410"},"content":{"rendered":"<p>\u041e\u0442\u043a\u0440\u0438\u0439\u0442\u0435 \u043d\u0430\u0448\u0438\u0442\u0435 <strong>\u041c\u0430\u0448\u0438\u043d\u0430 \u0437\u0430 \u0441\u043c\u0435\u0441\u0432\u0430\u043d\u0435 \u043d\u0430 \u0447\u0430\u0448\u0438<\/strong> \u0441\u043f\u0435\u0446\u0438\u0430\u043b\u0438\u0437\u0438\u0440\u0430\u043d\u0430 \u0432 \u0441\u043c\u0435\u0441\u0432\u0430\u043d\u0435\u0442\u043e \u043d\u0430 <strong>\u0441\u0443\u0445\u0438 \u043f\u0440\u0430\u0445\u043e\u043e\u0431\u0440\u0430\u0437\u043d\u0438 \u043c\u0430\u0442\u0435\u0440\u0438\u0430\u043b\u0438<\/strong> <strong>\u043d\u0430 \u043c\u0435\u043b\u0430\u0442\u043e\u043d\u0438\u043d<\/strong>, \u043e\u0442 \u0441\u044a\u0449\u0435\u0441\u0442\u0432\u0435\u043d\u043e \u0437\u043d\u0430\u0447\u0435\u043d\u0438\u0435 \u0432\u044a\u0432 \u0444\u0430\u0440\u043c\u0430\u0446\u0435\u0432\u0442\u0438\u0447\u043d\u0430\u0442\u0430, \u0445\u0438\u043c\u0438\u0447\u0435\u0441\u043a\u0430\u0442\u0430 \u0438 \u0445\u0440\u0430\u043d\u0438\u0442\u0435\u043b\u043d\u043e-\u0432\u043a\u0443\u0441\u043e\u0432\u0430\u0442\u0430 \u043f\u0440\u043e\u043c\u0438\u0448\u043b\u0435\u043d\u043e\u0441\u0442. \u0422\u043e\u0439 \u043d\u0435 \u0441\u0430\u043c\u043e \u043f\u043e\u0437\u0432\u043e\u043b\u044f\u0432\u0430 \u0431\u044a\u0440\u0437\u043e \u0438 \u0440\u0430\u0432\u043d\u043e\u043c\u0435\u0440\u043d\u043e \u0441\u043c\u0435\u0441\u0432\u0430\u043d\u0435 \u043d\u0430 \u0440\u0430\u0437\u043b\u0438\u0447\u043d\u0438 \u043c\u0430\u0442\u0435\u0440\u0438\u0430\u043b\u0438 \u0441 \u0440\u0430\u0437\u043b\u0438\u0447\u043d\u0430 \u043f\u043b\u044a\u0442\u043d\u043e\u0441\u0442 \u0438 \u0440\u0430\u0437\u043c\u0435\u0440 \u043d\u0430 \u0447\u0430\u0441\u0442\u0438\u0446\u0438\u0442\u0435, \u043d\u043e \u0441\u044a\u0449\u043e \u0442\u0430\u043a\u0430 \u0441\u0435 \u043e\u0442\u043b\u0438\u0447\u0430\u0432\u0430 \u0441 \u0433\u043b\u0430\u0434\u043a\u0430 \u0440\u0430\u0431\u043e\u0442\u0430 \u0438 \u043d\u0438\u0441\u043a\u043e \u043d\u0438\u0432\u043e \u043d\u0430 \u0448\u0443\u043c. \u0423\u0432\u0435\u043b\u0438\u0447\u0435\u0442\u0435 \u0435\u0444\u0435\u043a\u0442\u0438\u0432\u043d\u043e\u0441\u0442\u0442\u0430 \u043d\u0430 \u0432\u0430\u0448\u0438\u0442\u0435 \u043f\u0440\u043e\u0438\u0437\u0432\u043e\u0434\u0441\u0442\u0432\u0435\u043d\u0438 \u043f\u0440\u043e\u0446\u0435\u0441\u0438 \u0438 \u043e\u0441\u0438\u0433\u0443\u0440\u0435\u0442\u0435 \u043a\u0430\u0447\u0435\u0441\u0442\u0432\u043e\u0442\u043e \u043d\u0430 \u0432\u0430\u0448\u0438\u0442\u0435 \u043f\u0440\u043e\u0434\u0443\u043a\u0442\u0438 \u0441 \u043d\u0430\u0448\u0435\u0442\u043e \u0430\u0432\u0430\u043d\u0433\u0430\u0440\u0434\u043d\u043e \u0440\u0435\u0448\u0435\u043d\u0438\u0435. \u041e\u043f\u0442\u0438\u043c\u0438\u0437\u0438\u0440\u0430\u0439\u0442\u0435 \u0440\u0430\u0431\u043e\u0442\u0430\u0442\u0430 \u0441\u0438 \u0438 \u043f\u043e\u0432\u0438\u0448\u0435\u0442\u0435 \u0441\u0442\u0430\u043d\u0434\u0430\u0440\u0442\u0438\u0442\u0435 \u0441\u0438 \u0437\u0430 \u043a\u0430\u0447\u0435\u0441\u0442\u0432\u043e \u0441 \u043d\u0430\u0448\u0430\u0442\u0430 \u0432\u043e\u0434\u0435\u0449\u0430 \u043d\u0430 \u043f\u0430\u0437\u0430\u0440\u0430 \u043c\u0430\u0448\u0438\u043d\u0430.<\/p>\n<p>&nbsp;<\/p>\n<table>\n<tbody>\n<tr>\n<td width=\"71\">\u043c\u043e\u0434\u0435\u043b<\/td>\n<td width=\"71\">\u0411\u0430\u0440\u0435\u043b \u0437\u0430 \u0441\u043c\u0435\u0441\u0432\u0430\u043d\u0435 (\u043b\u0438\u0442\u0440\u0438)<\/td>\n<td width=\"71\">\u041c\u0430\u043a\u0441\u0438\u043c\u0430\u043b\u0435\u043d \u043a\u0430\u043f\u0430\u0446\u0438\u0442\u0435\u0442 (\u043b\u0438\u0442\u0440\u0438)<\/td>\n<td width=\"71\">\u041a\u0430\u043f\u0430\u0446\u0438\u0442\u0435\u0442 \u0442\u0435\u0433\u043b\u043e (\u043a\u0433)<\/td>\n<td width=\"71\">\u0421\u043a\u043e\u0440\u043e\u0441\u0442 \u043d\u0430 \u0448\u043f\u0438\u043d\u0434\u0435\u043b\u0430 (rpm)<\/td>\n<td width=\"71\">\u041c\u043e\u0449\u043d\u043e\u0441\u0442 \u043d\u0430 \u0434\u0432\u0438\u0433\u0430\u0442\u0435\u043b\u044f (kw)<\/td>\n<td width=\"71\">\u0422\u0435\u0433\u043b\u043e (\u043a\u0433)<\/td>\n<td width=\"71\">\u041e\u0431\u0449 \u0440\u0430\u0437\u043c\u0435\u0440 (\u043c\u0438\u043b\u0438\u043c\u0435\u0442\u0440\u0438)<\/td>\n<\/tr>\n<tr>\n<td width=\"71\">10<\/td>\n<td width=\"71\">10<\/td>\n<td width=\"71\">8<\/td>\n<td width=\"71\">5<\/td>\n<td width=\"71\">0-15<\/td>\n<td width=\"71\">0.55<\/td>\n<td width=\"71\">120<\/td>\n<td width=\"71\">800*<\/p>\n<p>1200*<\/p>\n<p>1000*<\/td>\n<\/tr>\n<tr>\n<td width=\"71\">20<\/td>\n<td width=\"71\">20<\/td>\n<td width=\"71\">14<\/td>\n<td width=\"71\">10<\/td>\n<td width=\"71\">0-15<\/td>\n<td width=\"71\">0.75<\/td>\n<td width=\"71\">125<\/td>\n<td width=\"71\">800*<\/p>\n<p>1200*<\/p>\n<p>1000*<\/td>\n<\/tr>\n<tr>\n<td width=\"71\">50<\/td>\n<td width=\"71\">50<\/td>\n<td width=\"71\">40<\/td>\n<td width=\"71\">25<\/td>\n<td width=\"71\">0-15<\/td>\n<td width=\"71\">1.1<\/td>\n<td width=\"71\">300<\/td>\n<td width=\"71\">1000*<\/p>\n<p>1400*<\/p>\n<p>1200*<\/p>\n<p>&nbsp;<\/td>\n<\/tr>\n<tr>\n<td width=\"71\">100<\/td>\n<td width=\"71\">100<\/td>\n<td width=\"71\">80<\/td>\n<td width=\"71\">50<\/td>\n<td width=\"71\">0-15<\/td>\n<td width=\"71\">1.5<\/td>\n<td width=\"71\">500<\/td>\n<td width=\"71\">1200*<\/p>\n<p>1700*<\/p>\n<p>1500*<\/td>\n<\/tr>\n<tr>\n<td width=\"71\">200<\/td>\n<td width=\"71\">200<\/td>\n<td width=\"71\">160<\/td>\n<td width=\"71\">100<\/td>\n<td width=\"71\">0-15<\/td>\n<td width=\"71\">2.2<\/td>\n<td width=\"71\">800<\/td>\n<td width=\"71\">1400*<\/p>\n<p>1800*<\/p>\n<p>1600*<\/td>\n<\/tr>\n<tr>\n<td width=\"71\">300<\/td>\n<td width=\"71\">300<\/td>\n<td width=\"71\">240<\/td>\n<td width=\"71\">150<\/td>\n<td width=\"71\">0-15<\/td>\n<td width=\"71\">4<\/td>\n<td width=\"71\">1000<\/td>\n<td width=\"71\">1800*<\/p>\n<p>1950*<\/p>\n<p>1800*<\/td>\n<\/tr>\n<tr>\n<td width=\"71\">400<\/td>\n<td width=\"71\">400<\/td>\n<td width=\"71\">320<\/td>\n<td width=\"71\">200<\/td>\n<td width=\"71\">0-15<\/td>\n<td width=\"71\">4<\/td>\n<td width=\"71\">1200<\/td>\n<td width=\"71\">1800*<\/p>\n<p>2100*<\/p>\n<p>1950*<\/td>\n<\/tr>\n<tr>\n<td width=\"71\">500<\/td>\n<td width=\"71\">500<\/td>\n<td width=\"71\">400<\/td>\n<td width=\"71\">250<\/td>\n<td width=\"71\">0-15<\/td>\n<td width=\"71\">5.5<\/td>\n<td width=\"71\">1380<\/td>\n<td width=\"71\">1900*<\/p>\n<p>2100*<\/p>\n<p>2250*<\/td>\n<\/tr>\n<tr>\n<td width=\"71\">600<\/td>\n<td width=\"71\">600<\/td>\n<td width=\"71\">480<\/td>\n<td width=\"71\">300<\/td>\n<td width=\"71\">0-15<\/td>\n<td width=\"71\">5.5<\/td>\n<td width=\"71\">1500<\/td>\n<td width=\"71\">1900*<\/p>\n<p>2100*<\/p>\n<p>2250*<\/td>\n<\/tr>\n<tr>\n<td width=\"71\">800<\/td>\n<td width=\"71\">800<\/td>\n<td width=\"71\">640<\/td>\n<td width=\"71\">400<\/td>\n<td width=\"71\">0-15<\/td>\n<td width=\"71\">7.5<\/td>\n<td width=\"71\">2000<\/td>\n<td width=\"71\">220*<\/p>\n<p>2600*<\/p>\n<p>2600*<\/p>\n<p>&nbsp;<\/td>\n<\/tr>\n<tr>\n<td width=\"71\">1000<\/td>\n<td width=\"71\">100<\/td>\n<td width=\"71\">800<\/td>\n<td width=\"71\">500<\/td>\n<td width=\"71\">0-15<\/td>\n<td width=\"71\">7.5<\/td>\n<td width=\"71\">2500<\/td>\n<td width=\"71\">2250*<\/p>\n<p>2600*<\/p>\n<p>2600*<\/td>\n<\/tr>\n<tr>\n<td width=\"71\">1200<\/td>\n<td width=\"71\">1200<\/td>\n<td width=\"71\">950<\/td>\n<td width=\"71\">600<\/td>\n<td width=\"71\">0-15<\/td>\n<td width=\"71\">11<\/td>\n<td width=\"71\">2800<\/td>\n<td width=\"71\">2400*<\/p>\n<p>2800*<\/p>\n<p>2800*<\/td>\n<\/tr>\n<tr>\n<td width=\"71\">1500<\/td>\n<td width=\"71\">1500<\/td>\n<td width=\"71\">1200<\/td>\n<td width=\"71\">750<\/td>\n<td width=\"71\">0-15<\/td>\n<td width=\"71\">15<\/td>\n<td width=\"71\">3000<\/td>\n<td width=\"71\">2500*<\/p>\n<p>2950*<\/p>\n<p>3000*<\/td>\n<\/tr>\n<\/tbody>\n<\/table>","protected":false},"excerpt":{"rendered":"<p>\u041e\u0442\u043a\u0440\u0438\u0439\u0442\u0435 \u043d\u0430\u0448\u0430\u0442\u0430 \u043c\u0430\u0448\u0438\u043d\u0430 \u0437\u0430 \u0441\u043c\u0435\u0441\u0432\u0430\u043d\u0435 Tumbler, \u0441\u043f\u0435\u0446\u0438\u0430\u043b\u0438\u0437\u0438\u0440\u0430\u043d\u0430 \u0432 \u0441\u043c\u0435\u0441\u0432\u0430\u043d\u0435\u0442\u043e \u043d\u0430 \u0441\u0443\u0445\u0438 \u043f\u0440\u0430\u0445\u043e\u043e\u0431\u0440\u0430\u0437\u043d\u0438 \u043c\u0430\u0442\u0435\u0440\u0438\u0430\u043b\u0438 \u0441 \u043c\u0435\u043b\u0430\u0442\u043e\u043d\u0438\u043d, \u043e\u0442 \u0441\u044a\u0449\u0435\u0441\u0442\u0432\u0435\u043d\u043e \u0437\u043d\u0430\u0447\u0435\u043d\u0438\u0435 \u0432 \u0438\u043d\u0434\u0443\u0441\u0442\u0440\u0438\u0438\u0442\u0435.<\/p>","protected":false},"featured_media":6925,"comment_status":"open","ping_status":"closed","template":"","meta":{"wds_primary_product_brand":0,"wds_primary_product_cat":0},"product_brand":[],"product_cat":[84],"product_tag":[],"class_list":{"0":"post-6920","1":"product","2":"type-product","3":"status-publish","4":"has-post-thumbnail","6":"product_cat-maquinas-para-hacer-pastillas","8":"first","9":"instock","10":"taxable","11":"shipping-taxable","12":"purchasable","13":"product-type-simple"},"yoast_head":"<!-- This site is optimized with the Yoast SEO Premium plugin v24.9 (Yoast SEO v26.1) - https:\/\/yoast.com\/wordpress\/plugins\/seo\/ -->\n<title>MAQUINA INDUSTRIAL MEZCLADORA TUMBLER - distribuci\u00f3n ARC<\/title>\n<meta name=\"robots\" content=\"index, follow, max-snippet:-1, max-image-preview:large, max-video-preview:-1\" \/>\n<link rel=\"canonical\" href=\"https:\/\/www.distribucionarc.com\/en\/producto\/maquina-industrial-mezcladora-tumbler\/\" \/>\n<meta property=\"og:locale\" content=\"bg_BG\" \/>\n<meta property=\"og:type\" content=\"article\" \/>\n<meta property=\"og:title\" content=\"MAQUINA INDUSTRIAL MEZCLADORA TUMBLER\" \/>\n<meta property=\"og:description\" content=\"Descubre nuestra M\u00e1quina Mezcladora Tumbler especializada en la mezcla de materiales en polvo seco de melatonina, fundamental en las industrias\" \/>\n<meta property=\"og:url\" content=\"https:\/\/www.distribucionarc.com\/en\/producto\/maquina-industrial-mezcladora-tumbler\/\" \/>\n<meta property=\"og:site_name\" content=\"distribuci\u00f3n ARC\" \/>\n<meta property=\"article:modified_time\" content=\"2024-04-26T19:06:09+00:00\" \/>\n<meta property=\"og:image\" content=\"https:\/\/www.distribucionarc.com\/wp-content\/uploads\/2024\/04\/MAQUINA-INDUSTRIAL-MEZCLADORA-TUMBLER.webp\" \/>\n\t<meta property=\"og:image:width\" content=\"992\" \/>\n\t<meta property=\"og:image:height\" content=\"728\" \/>\n\t<meta property=\"og:image:type\" content=\"image\/webp\" \/>\n<meta name=\"twitter:card\" content=\"summary_large_image\" \/>\n<meta name=\"twitter:label1\" content=\"Est. reading time\" \/>\n\t<meta name=\"twitter:data1\" content=\"1 \u043c\u0438\u043d\u0443\u0442\u0430\" \/>\n<script type=\"application\/ld+json\" class=\"yoast-schema-graph\">{\"@context\":\"https:\/\/schema.org\",\"@graph\":[{\"@type\":\"WebPage\",\"@id\":\"https:\/\/www.distribucionarc.com\/en\/producto\/maquina-industrial-mezcladora-tumbler\/\",\"url\":\"https:\/\/www.distribucionarc.com\/en\/producto\/maquina-industrial-mezcladora-tumbler\/\",\"name\":\"MAQUINA INDUSTRIAL MEZCLADORA TUMBLER - distribuci\u00f3n ARC\",\"isPartOf\":{\"@id\":\"https:\/\/www.distribucionarc.com\/sl\/#website\"},\"primaryImageOfPage\":{\"@id\":\"https:\/\/www.distribucionarc.com\/en\/producto\/maquina-industrial-mezcladora-tumbler\/#primaryimage\"},\"image\":{\"@id\":\"https:\/\/www.distribucionarc.com\/en\/producto\/maquina-industrial-mezcladora-tumbler\/#primaryimage\"},\"thumbnailUrl\":\"https:\/\/distribucionarc.com\/wp-content\/uploads\/2024\/04\/MAQUINA-INDUSTRIAL-MEZCLADORA-TUMBLER.webp\",\"datePublished\":\"2024-04-26T19:06:07+00:00\",\"dateModified\":\"2024-04-26T19:06:09+00:00\",\"breadcrumb\":{\"@id\":\"https:\/\/www.distribucionarc.com\/en\/producto\/maquina-industrial-mezcladora-tumbler\/#breadcrumb\"},\"inLanguage\":\"bg-BG\",\"potentialAction\":[{\"@type\":\"ReadAction\",\"target\":[\"https:\/\/www.distribucionarc.com\/en\/producto\/maquina-industrial-mezcladora-tumbler\/\"]}]},{\"@type\":\"ImageObject\",\"inLanguage\":\"bg-BG\",\"@id\":\"https:\/\/www.distribucionarc.com\/en\/producto\/maquina-industrial-mezcladora-tumbler\/#primaryimage\",\"url\":\"https:\/\/distribucionarc.com\/wp-content\/uploads\/2024\/04\/MAQUINA-INDUSTRIAL-MEZCLADORA-TUMBLER.webp\",\"contentUrl\":\"https:\/\/distribucionarc.com\/wp-content\/uploads\/2024\/04\/MAQUINA-INDUSTRIAL-MEZCLADORA-TUMBLER.webp\",\"width\":992,\"height\":728,\"caption\":\"#image_title\"},{\"@type\":\"BreadcrumbList\",\"@id\":\"https:\/\/www.distribucionarc.com\/en\/producto\/maquina-industrial-mezcladora-tumbler\/#breadcrumb\",\"itemListElement\":[{\"@type\":\"ListItem\",\"position\":1,\"name\":\"Portada\",\"item\":\"https:\/\/www.distribucionarc.com\/\"},{\"@type\":\"ListItem\",\"position\":2,\"name\":\"\u00dcr\u00fcnler\",\"item\":\"https:\/\/www.distribucionarc.com\/tr\/magaza\/\"},{\"@type\":\"ListItem\",\"position\":3,\"name\":\"MAQUINA INDUSTRIAL MEZCLADORA TUMBLER\"}]},{\"@type\":\"WebSite\",\"@id\":\"https:\/\/www.distribucionarc.com\/sl\/#website\",\"url\":\"https:\/\/www.distribucionarc.com\/sl\/\",\"name\":\"distribuci\u00f3n ARC\",\"description\":\"Empresa especializada en la fabricaci\u00f3n y distribuci\u00f3n de maquinaria industrial, selladoras de latas, Maquinas de hacer pastillas, Maquinas de cortar carne...\",\"publisher\":{\"@id\":\"https:\/\/www.distribucionarc.com\/sl\/#organization\"},\"potentialAction\":[{\"@type\":\"SearchAction\",\"target\":{\"@type\":\"EntryPoint\",\"urlTemplate\":\"https:\/\/www.distribucionarc.com\/sl\/?s={search_term_string}\"},\"query-input\":{\"@type\":\"PropertyValueSpecification\",\"valueRequired\":true,\"valueName\":\"search_term_string\"}}],\"inLanguage\":\"bg-BG\"},{\"@type\":\"Organization\",\"@id\":\"https:\/\/www.distribucionarc.com\/sl\/#organization\",\"name\":\"Distribuci\u00f3n ARC\",\"url\":\"https:\/\/www.distribucionarc.com\/sl\/\",\"logo\":{\"@type\":\"ImageObject\",\"inLanguage\":\"bg-BG\",\"@id\":\"https:\/\/www.distribucionarc.com\/sl\/#\/schema\/logo\/image\/\",\"url\":\"https:\/\/distribucionarc.com\/wp-content\/uploads\/2024\/10\/distribucion-ARC-COLOR-SIN-FONDO-e1732295305345.png\",\"contentUrl\":\"https:\/\/distribucionarc.com\/wp-content\/uploads\/2024\/10\/distribucion-ARC-COLOR-SIN-FONDO-e1732295305345.png\",\"width\":1164,\"height\":558,\"caption\":\"Distribuci\u00f3n ARC\"},\"image\":{\"@id\":\"https:\/\/www.distribucionarc.com\/sl\/#\/schema\/logo\/image\/\"},\"description\":\"Empresa especializada en la fabricaci\u00f3n y distribuci\u00f3n de maquinaria industrial para los sectores alimentario y farmac\u00e9utico. Nos especializamos en: M\u00e1quinas de cortar carne Fabricaci\u00f3n de comprimidos Sistemas de transporte industrial L\u00edneas de embotellado Dosificadores Y mucho m\u00e1s... Ofrecemos soluciones innovadoras y personalizadas para optimizar los procesos productivos de tu empresa.\",\"email\":\"Admistracion@distribucionarc.com\",\"telephone\":\"+34 643496664\",\"legalName\":\"ARC TECH SOLUTIONS\",\"foundingDate\":\"2024-04-09\",\"vatID\":\"B55480172\",\"numberOfEmployees\":{\"@type\":\"QuantitativeValue\",\"minValue\":\"1\",\"maxValue\":\"10\"}}]}<\/script>\n<!-- \/ Yoast SEO Premium plugin. -->","yoast_head_json":{"title":"\u0418\u041d\u0414\u0423\u0421\u0422\u0420\u0418\u0410\u041b\u041d\u0410 \u0411\u042a\u041b\u0413\u0410\u0420\u041d\u0410 \u041c\u0418\u041a\u0421\u0415\u0420 \u041c\u0410\u0428\u0418\u041d\u0410 - ARC \u0440\u0430\u0437\u043f\u0440\u0435\u0434\u0435\u043b\u0435\u043d\u0438\u0435","robots":{"index":"index","follow":"follow","max-snippet":"max-snippet:-1","max-image-preview":"max-image-preview:large","max-video-preview":"max-video-preview:-1"},"canonical":"https:\/\/www.distribucionarc.com\/en\/producto\/maquina-industrial-mezcladora-tumbler\/","og_locale":"bg_BG","og_type":"article","og_title":"MAQUINA INDUSTRIAL MEZCLADORA TUMBLER","og_description":"Descubre nuestra M\u00e1quina Mezcladora Tumbler especializada en la mezcla de materiales en polvo seco de melatonina, fundamental en las industrias","og_url":"https:\/\/www.distribucionarc.com\/en\/producto\/maquina-industrial-mezcladora-tumbler\/","og_site_name":"distribuci\u00f3n ARC","article_modified_time":"2024-04-26T19:06:09+00:00","og_image":[{"width":992,"height":728,"url":"https:\/\/www.distribucionarc.com\/wp-content\/uploads\/2024\/04\/MAQUINA-INDUSTRIAL-MEZCLADORA-TUMBLER.webp","type":"image\/webp"}],"twitter_card":"summary_large_image","twitter_misc":{"Est. reading time":"1 \u043c\u0438\u043d\u0443\u0442\u0430"},"schema":{"@context":"https:\/\/schema.org","@graph":[{"@type":"WebPage","@id":"https:\/\/www.distribucionarc.com\/en\/producto\/maquina-industrial-mezcladora-tumbler\/","url":"https:\/\/www.distribucionarc.com\/en\/producto\/maquina-industrial-mezcladora-tumbler\/","name":"\u0418\u041d\u0414\u0423\u0421\u0422\u0420\u0418\u0410\u041b\u041d\u0410 \u0411\u042a\u041b\u0413\u0410\u0420\u041d\u0410 \u041c\u0418\u041a\u0421\u0415\u0420 \u041c\u0410\u0428\u0418\u041d\u0410 - ARC \u0440\u0430\u0437\u043f\u0440\u0435\u0434\u0435\u043b\u0435\u043d\u0438\u0435","isPartOf":{"@id":"https:\/\/www.distribucionarc.com\/sl\/#website"},"primaryImageOfPage":{"@id":"https:\/\/www.distribucionarc.com\/en\/producto\/maquina-industrial-mezcladora-tumbler\/#primaryimage"},"image":{"@id":"https:\/\/www.distribucionarc.com\/en\/producto\/maquina-industrial-mezcladora-tumbler\/#primaryimage"},"thumbnailUrl":"https:\/\/distribucionarc.com\/wp-content\/uploads\/2024\/04\/MAQUINA-INDUSTRIAL-MEZCLADORA-TUMBLER.webp","datePublished":"2024-04-26T19:06:07+00:00","dateModified":"2024-04-26T19:06:09+00:00","breadcrumb":{"@id":"https:\/\/www.distribucionarc.com\/en\/producto\/maquina-industrial-mezcladora-tumbler\/#breadcrumb"},"inLanguage":"bg-BG","potentialAction":[{"@type":"ReadAction","target":["https:\/\/www.distribucionarc.com\/en\/producto\/maquina-industrial-mezcladora-tumbler\/"]}]},{"@type":"ImageObject","inLanguage":"bg-BG","@id":"https:\/\/www.distribucionarc.com\/en\/producto\/maquina-industrial-mezcladora-tumbler\/#primaryimage","url":"https:\/\/distribucionarc.com\/wp-content\/uploads\/2024\/04\/MAQUINA-INDUSTRIAL-MEZCLADORA-TUMBLER.webp","contentUrl":"https:\/\/distribucionarc.com\/wp-content\/uploads\/2024\/04\/MAQUINA-INDUSTRIAL-MEZCLADORA-TUMBLER.webp","width":992,"height":728,"caption":"#image_title"},{"@type":"BreadcrumbList","@id":"https:\/\/www.distribucionarc.com\/en\/producto\/maquina-industrial-mezcladora-tumbler\/#breadcrumb","itemListElement":[{"@type":"ListItem","position":1,"name":"Portada","item":"https:\/\/www.distribucionarc.com\/"},{"@type":"ListItem","position":2,"name":"\u00dcr\u00fcnler","item":"https:\/\/www.distribucionarc.com\/tr\/magaza\/"},{"@type":"ListItem","position":3,"name":"MAQUINA INDUSTRIAL MEZCLADORA TUMBLER"}]},{"@type":"WebSite","@id":"https:\/\/www.distribucionarc.com\/sl\/#website","url":"https:\/\/www.distribucionarc.com\/sl\/","name":"ARC \u0440\u0430\u0437\u043f\u0440\u0435\u0434\u0435\u043b\u0435\u043d\u0438\u0435","description":"\u0424\u0438\u0440\u043c\u0430, \u0441\u043f\u0435\u0446\u0438\u0430\u043b\u0438\u0437\u0438\u0440\u0430\u043d\u0430 \u0432 \u043f\u0440\u043e\u0438\u0437\u0432\u043e\u0434\u0441\u0442\u0432\u043e\u0442\u043e \u0438 \u0434\u0438\u0441\u0442\u0440\u0438\u0431\u0443\u0446\u0438\u044f\u0442\u0430 \u043d\u0430 \u043f\u0440\u043e\u043c\u0438\u0448\u043b\u0435\u043d\u0438 \u043c\u0430\u0448\u0438\u043d\u0438, \u043c\u0430\u0448\u0438\u043d\u0438 \u0437\u0430 \u0437\u0430\u043f\u0435\u0447\u0430\u0442\u0432\u0430\u043d\u0435 \u043d\u0430 \u043a\u0443\u0442\u0438\u0438, \u043c\u0430\u0448\u0438\u043d\u0438 \u0437\u0430 \u043f\u0440\u043e\u0438\u0437\u0432\u043e\u0434\u0441\u0442\u0432\u043e \u043d\u0430 \u0442\u0430\u0431\u043b\u0435\u0442\u043a\u0438, \u043c\u0430\u0448\u0438\u043d\u0438 \u0437\u0430 \u0440\u044f\u0437\u0430\u043d\u0435 \u043d\u0430 \u043c\u0435\u0441\u043e...","publisher":{"@id":"https:\/\/www.distribucionarc.com\/sl\/#organization"},"potentialAction":[{"@type":"SearchAction","target":{"@type":"EntryPoint","urlTemplate":"https:\/\/www.distribucionarc.com\/sl\/?s={search_term_string}"},"query-input":{"@type":"PropertyValueSpecification","valueRequired":true,"valueName":"search_term_string"}}],"inLanguage":"bg-BG"},{"@type":"Organization","@id":"https:\/\/www.distribucionarc.com\/sl\/#organization","name":"ARC \u0420\u0430\u0437\u043f\u0440\u0435\u0434\u0435\u043b\u0435\u043d\u0438\u0435","url":"https:\/\/www.distribucionarc.com\/sl\/","logo":{"@type":"ImageObject","inLanguage":"bg-BG","@id":"https:\/\/www.distribucionarc.com\/sl\/#\/schema\/logo\/image\/","url":"https:\/\/distribucionarc.com\/wp-content\/uploads\/2024\/10\/distribucion-ARC-COLOR-SIN-FONDO-e1732295305345.png","contentUrl":"https:\/\/distribucionarc.com\/wp-content\/uploads\/2024\/10\/distribucion-ARC-COLOR-SIN-FONDO-e1732295305345.png","width":1164,"height":558,"caption":"Distribuci\u00f3n ARC"},"image":{"@id":"https:\/\/www.distribucionarc.com\/sl\/#\/schema\/logo\/image\/"},"description":"\u0414\u0440\u0443\u0436\u0435\u0441\u0442\u0432\u043e, \u0441\u043f\u0435\u0446\u0438\u0430\u043b\u0438\u0437\u0438\u0440\u0430\u043d\u043e \u0432 \u043f\u0440\u043e\u0438\u0437\u0432\u043e\u0434\u0441\u0442\u0432\u043e\u0442\u043e \u0438 \u0434\u0438\u0441\u0442\u0440\u0438\u0431\u0443\u0446\u0438\u044f\u0442\u0430 \u043d\u0430 \u043f\u0440\u043e\u043c\u0438\u0448\u043b\u0435\u043d\u0438 \u043c\u0430\u0448\u0438\u043d\u0438 \u0437\u0430 \u0445\u0440\u0430\u043d\u0438\u0442\u0435\u043b\u043d\u043e-\u0432\u043a\u0443\u0441\u043e\u0432\u0438\u044f \u0438 \u0444\u0430\u0440\u043c\u0430\u0446\u0435\u0432\u0442\u0438\u0447\u043d\u0438\u044f \u0441\u0435\u043a\u0442\u043e\u0440. \u041d\u0438\u0435 \u0441\u043c\u0435 \u0441\u043f\u0435\u0446\u0438\u0430\u043b\u0438\u0437\u0438\u0440\u0430\u043d\u0438 \u0432: \u041c\u0430\u0448\u0438\u043d\u0438 \u0437\u0430 \u0440\u044f\u0437\u0430\u043d\u0435 \u043d\u0430 \u043c\u0435\u0441\u043e \u041f\u0440\u043e\u0438\u0437\u0432\u043e\u0434\u0441\u0442\u0432\u043e \u043d\u0430 \u0442\u0430\u0431\u043b\u0435\u0442\u0438 \u041f\u0440\u043e\u043c\u0438\u0448\u043b\u0435\u043d\u0438 \u0442\u0440\u0430\u043d\u0441\u043f\u043e\u0440\u0442\u043d\u0438 \u0441\u0438\u0441\u0442\u0435\u043c\u0438 \u041b\u0438\u043d\u0438\u0438 \u0437\u0430 \u0431\u0443\u0442\u0438\u043b\u0438\u0440\u0430\u043d\u0435 \u0414\u0438\u0441\u043f\u0435\u043d\u0441\u044a\u0440\u0438 \u0418 \u043c\u043d\u043e\u0433\u043e \u0434\u0440\u0443\u0433\u0438... \u041d\u0438\u0435 \u043f\u0440\u0435\u0434\u043b\u0430\u0433\u0430\u043c\u0435 \u0438\u043d\u043e\u0432\u0430\u0442\u0438\u0432\u043d\u0438 \u0438 \u043f\u0435\u0440\u0441\u043e\u043d\u0430\u043b\u0438\u0437\u0438\u0440\u0430\u043d\u0438 \u0440\u0435\u0448\u0435\u043d\u0438\u044f \u0437\u0430 \u043e\u043f\u0442\u0438\u043c\u0438\u0437\u0438\u0440\u0430\u043d\u0435 \u043d\u0430 \u043f\u0440\u043e\u0438\u0437\u0432\u043e\u0434\u0441\u0442\u0432\u0435\u043d\u0438\u0442\u0435 \u043f\u0440\u043e\u0446\u0435\u0441\u0438 \u0432\u044a\u0432 \u0432\u0430\u0448\u0430\u0442\u0430 \u043a\u043e\u043c\u043f\u0430\u043d\u0438\u044f.","email":"Admistracion@distribucionarc.com","telephone":"+34 643496664","legalName":"ARC TECH SOLUTIONS","foundingDate":"2024-04-09","vatID":"B55480172","numberOfEmployees":{"@type":"QuantitativeValue","minValue":"1","maxValue":"10"}}]}},"_links":{"self":[{"href":"https:\/\/distribucionarc.com\/bg\/wp-json\/wp\/v2\/product\/6920","targetHints":{"allow":["GET"]}}],"collection":[{"href":"https:\/\/distribucionarc.com\/bg\/wp-json\/wp\/v2\/product"}],"about":[{"href":"https:\/\/distribucionarc.com\/bg\/wp-json\/wp\/v2\/types\/product"}],"replies":[{"embeddable":true,"href":"https:\/\/distribucionarc.com\/bg\/wp-json\/wp\/v2\/comments?post=6920"}],"version-history":[{"count":0,"href":"https:\/\/distribucionarc.com\/bg\/wp-json\/wp\/v2\/product\/6920\/revisions"}],"wp:featuredmedia":[{"embeddable":true,"href":"https:\/\/distribucionarc.com\/bg\/wp-json\/wp\/v2\/media\/6925"}],"wp:attachment":[{"href":"https:\/\/distribucionarc.com\/bg\/wp-json\/wp\/v2\/media?parent=6920"}],"wp:term":[{"taxonomy":"product_brand","embeddable":true,"href":"https:\/\/distribucionarc.com\/bg\/wp-json\/wp\/v2\/product_brand?post=6920"},{"taxonomy":"product_cat","embeddable":true,"href":"https:\/\/distribucionarc.com\/bg\/wp-json\/wp\/v2\/product_cat?post=6920"},{"taxonomy":"product_tag","embeddable":true,"href":"https:\/\/distribucionarc.com\/bg\/wp-json\/wp\/v2\/product_tag?post=6920"}],"curies":[{"name":"\u0440\u0430\u0431\u043e\u0442\u043d\u0430 \u0441\u0440\u0435\u0449\u0430","href":"https:\/\/api.w.org\/{rel}","templated":true}]}}