{"id":1251,"date":"2020-07-20T12:34:21","date_gmt":"2020-07-20T12:34:21","guid":{"rendered":"https:\/\/distribucionarc.com\/?post_type=product&#038;p=1251"},"modified":"2024-09-08T19:29:04","modified_gmt":"2024-09-08T19:29:04","slug":"eismaschine-20l","status":"publish","type":"product","link":"https:\/\/distribucionarc.com\/de\/producto\/maquina-para-hacer-helados-20l\/","title":{"rendered":"20L Eismaschine"},"content":{"rendered":"<h3>20L Eismaschine<\/h3>\n<p>Das <strong>kommerzielle Eismaschine <span style=\"color: #ff0000;\">ZU<span style=\"color: #0000ff;\">R<\/span><\/span>C<\/strong> Er zeichnet sich durch seinen extragro\u00dfen K\u00fchlzylinder und schnelles Gefrieren aus, er kann 10 l Eis in 30 Minuten und 20 l in 1 Stunde herstellen.<\/p>\n<p>Der <strong>Eismaschine <span style=\"color: #ff0000;\">ZU<\/span><span style=\"color: #0000ff;\">R<\/span>CMH01<\/strong> Es besteht aus hochwertigem Edelstahl, ist robust und elegant. Es ist au\u00dferdem antioxidativ und sehr leicht zu reinigen.<\/p>\n<p>Die Temperatur, H\u00e4rte und Menge der Eiscreme, die durch das erhalten wird <strong>Eismaschine <span style=\"color: #ff0000;\">ZU<\/span><span style=\"color: #0000ff;\">R<\/span>C<\/strong> Sie k\u00f6nnen zur direkten Beobachtung auf dem Bildschirm angezeigt werden. Dar\u00fcber hinaus sorgt die One-Touch-Reinigung f\u00fcr eine schnelle und automatische Reinigung der Maschine.<\/p>\n<p>Das <strong>professionelle Eismaschine <\/strong>von<strong> <span style=\"color: #ff0000;\">ZU<\/span><span style=\"color: #0000ff;\">R<\/span>C<\/strong> Es ist mit einer dicken Schallwand aus PC-Kunststoff, rutschfesten Gummipads und einem Hochgeschwindigkeits-Rotationsr\u00fchrwerk ausgestattet. Es enth\u00e4lt einen Premium-Luftkompressor mit Vollkupferkern und schneller Abk\u00fchlung, der zur Energieeinsparung und zur Senkung des Ger\u00e4uschpegels beitr\u00e4gt.<\/p>\n<p>Die Seite von <strong>die Eismaschine<\/strong> Es verf\u00fcgt \u00fcber ein Bel\u00fcftungsdesign, das die Effizienz der Warm- und Kaltumwandlung verbessert und eine gute W\u00e4rmeableitung gew\u00e4hrleistet. Bietet eine lange Nutzungsdauer der Maschine<\/p>\n<p>Perfekt f\u00fcr den gewerblichen oder privaten Gebrauch, insbesondere f\u00fcr Bars, Caf\u00e9s, Milchteel\u00e4den, Dessertl\u00e4den, Restaurants im westlichen Stil, Fruchtsaftbars, Hotels, B\u00e4ckereien usw.<\/p>\n<p>&nbsp;<\/p>\n<h6><strong>Garantie<span style=\"color: #ff0000;\">\u00a0ZU<\/span><span style=\"color: #0000ff;\">R<\/span>C 2 JAHRE<\/strong><\/h6>\n<h6><span style=\"color: #008000;\">Effiziente Eismaschine, geringer Verbrauch 1200 W<\/span><\/h6>\n<h6><strong>Technischer Support inklusive<\/strong><\/h6>\n<table>\n<thead>\n<tr>\n<th><strong>Eigenschaften<\/strong><\/th>\n<th><strong>Beschreibung<\/strong><\/th>\n<\/tr>\n<\/thead>\n<tbody>\n<tr>\n<td><strong>Herstellernummer<\/strong><\/td>\n<td>ARCMH01<\/td>\n<\/tr>\n<tr>\n<td><strong>L\u00e4nder mit technischem Support<\/strong><\/td>\n<td><a href=\"https:\/\/distribucionarc.com\/de\/technischer-service\/\" target=\"_new\" rel=\"noopener\">Wenden Sie sich hier an den technischen Support<\/a><\/td>\n<\/tr>\n<tr>\n<td><strong>Gewicht<\/strong><\/td>\n<td>60 Kilogramm (kg)<\/td>\n<\/tr>\n<tr>\n<td><strong>Maschinenabmessungen<\/strong><\/td>\n<td><strong>H\u00f6he<\/strong>: 64cm, <strong>Lang<\/strong>: 52,5 cm, <strong>Breit<\/strong>: 49cm<\/td>\n<\/tr>\n<tr>\n<td><strong>Farbe<\/strong><\/td>\n<td>Silber<\/td>\n<\/tr>\n<tr>\n<td><strong>Leistung<\/strong><\/td>\n<td>1200 Watt (W)<\/td>\n<\/tr>\n<tr>\n<td><strong>Eingangsspannung<\/strong><\/td>\n<td>220V \u2013 60Hz<\/td>\n<\/tr>\n<tr>\n<td><strong>Produktionskapazit\u00e4t<\/strong><\/td>\n<td>16 \u2013 20 Liter pro Stunde<\/td>\n<\/tr>\n<tr>\n<td><strong>K\u00e4ltemittel<\/strong><\/td>\n<td>R404a<\/td>\n<\/tr>\n<tr>\n<td><strong>Mixergr\u00f6\u00dfe<\/strong><\/td>\n<td>4,3 Liter pro Einheit<\/td>\n<\/tr>\n<tr>\n<td><strong>Material<\/strong><\/td>\n<td>Edelstahl mit Kupferkomponenten und intelligentem LCD-Steuerungspanel<\/td>\n<\/tr>\n<tr>\n<td><strong>Garantie<\/strong><\/td>\n<td>2 Jahre<\/td>\n<\/tr>\n<tr>\n<td><strong>Installationswerkzeuge<\/strong><\/td>\n<td>Im Lieferumfang enthalten<\/td>\n<\/tr>\n<\/tbody>\n<\/table>\n<div id=\"gtx-trans\">\n<div class=\"gtx-trans-icon\"><\/div>\n<\/div>","protected":false},"excerpt":{"rendered":"<h2>ARC Professional Harteismaschine \u2013 Hohe Kapazit\u00e4t und garantierte Leistung<\/h2>\n<p>Der <strong>ARC professionelle Harteismaschine<\/strong> Es wurde entwickelt, um die Anforderungen von zu erf\u00fcllen <strong>Eisdielen<\/strong>, <strong>Restaurants<\/strong>, Und <strong>Franchises<\/strong> die eine konstante und qualitativ hochwertige Produktion erfordern. Mit einer Kapazit\u00e4t von <strong>16 bis 20 Liter pro Stunde<\/strong>Mit dieser Ausr\u00fcstung k\u00f6nnen Sie einen gro\u00dfen Bedarf in kurzer Zeit decken und dank des K\u00e4ltemittels ein Eis mit perfekter Textur und einen effizienten K\u00fchlprozess garantieren <strong>R404a<\/strong>.<\/p>\n<h3>Produkte, die Sie herstellen k\u00f6nnen:<\/h3>\n<ul>\n<li><strong>Handwerklich hergestelltes Eis<\/strong>: Gro\u00dfe Vielfalt an Geschmacksrichtungen und Konsistenzen.<\/li>\n<li><strong>Gelato und Sorbets<\/strong>: Ideal f\u00fcr leichte und erfrischende Desserts.<\/li>\n<li><strong>gefrorene Desserts<\/strong>: Perfekt f\u00fcr personalisierte Men\u00fcs.<\/li>\n<\/ul>\n<h3>Branchen, in denen es umgesetzt werden kann:<\/h3>\n<ul>\n<li><strong>Eisdielen<\/strong>: Produziert hochwertiges Eis mit einem schnellen und effizienten Verfahren.<\/li>\n<li><strong>Restaurants und Caf\u00e9s<\/strong>: Bieten Sie hausgemachtes Eis als Teil Ihrer Dessertkarte an.<\/li>\n<li><strong>Franchises<\/strong>: Ideal f\u00fcr Unternehmen, die eine konstante Produktion an mehreren Verkaufsstellen ben\u00f6tigen.<\/li>\n<li><strong>Catering und Events<\/strong>: Servieren Sie frisches und k\u00f6stliches Eis auf Hochzeiten, Partys und Firmenveranstaltungen.<\/li>\n<\/ul>","protected":false},"featured_media":1257,"comment_status":"open","ping_status":"closed","template":"","meta":{"wds_primary_product_brand":0,"wds_primary_product_cat":0},"product_brand":[],"product_cat":[56,58],"product_tag":[],"class_list":{"0":"post-1251","1":"product","2":"type-product","3":"status-publish","4":"has-post-thumbnail","6":"product_cat-maquinaria-para-ferias","7":"product_cat-maquinaria-para-heladerias-profesionales","8":"product_shipping_class-hosteleria","10":"first","11":"instock","12":"sale","13":"taxable","14":"shipping-taxable","15":"purchasable","16":"product-type-simple"},"yoast_head":"<!-- This site is optimized with the Yoast SEO Premium plugin v24.9 (Yoast SEO v26.1) - https:\/\/yoast.com\/wordpress\/plugins\/seo\/ -->\n<title>M\u00e1quina para hacer helados 20L - distribuci\u00f3n ARC<\/title>\n<meta name=\"robots\" content=\"index, follow, max-snippet:-1, max-image-preview:large, max-video-preview:-1\" \/>\n<link rel=\"canonical\" href=\"https:\/\/distribucionarc.com\/de\/produkt-2\/eismaschine-20l\/\" \/>\n<meta property=\"og:locale\" content=\"de_DE\" \/>\n<meta property=\"og:type\" content=\"article\" \/>\n<meta property=\"og:title\" content=\"M\u00e1quina para hacer helados 20L\" \/>\n<meta property=\"og:description\" content=\"M\u00e1quina para hacer helados duros profesional ARC \u2013 Alta capacidad y rendimiento garantizad La m\u00e1quina para hacer helados duros profesional ARC est\u00e1 dise\u00f1ada para cumplir con las exigencias de helader\u00edas, restaurantes, y franquicias que necesitan una producci\u00f3n constante y de alta calidad. Con una capacidad de 16 a 20 litros por hora, este equipo te permitir\u00e1 satisfacer una gran demanda en poco tiempo, garantizando un helado de textura perfecta y un proceso de enfriamiento eficiente gracias al refrigerante R404a. Productos que puedes hacer:   Helados artesanales: Amplia variedad de sabores y consistencias.  Gelato y sorbetes: Ideal para postres ligeros y refrescantes.  Postres helados: Perfectos para men\u00fas personalizados.  Sectores donde se puede implementar:   Helader\u00edas: Produce helados de alta calidad con un proceso r\u00e1pido y eficiente.  Restaurantes y cafeter\u00edas: Ofrece helados artesanales como parte de tu men\u00fa de postres.  Franquicias: Ideal para negocios que necesitan una producci\u00f3n constante en varios puntos de venta.  Catering y eventos: Sirve helados frescos y deliciosos en bodas, fiestas y eventos corporativos.\" \/>\n<meta property=\"og:url\" content=\"https:\/\/distribucionarc.com\/de\/produkt-2\/eismaschine-20l\/\" \/>\n<meta property=\"og:site_name\" content=\"distribuci\u00f3n ARC\" \/>\n<meta property=\"article:modified_time\" content=\"2024-09-08T19:29:04+00:00\" \/>\n<meta property=\"og:image\" content=\"https:\/\/distribucionarc.com\/wp-content\/uploads\/2020\/07\/M\u00e1quina-para-hacer-helados-20L-0.jpg\" \/>\n\t<meta property=\"og:image:width\" content=\"1600\" \/>\n\t<meta property=\"og:image:height\" content=\"1600\" \/>\n\t<meta property=\"og:image:type\" content=\"image\/jpeg\" \/>\n<meta name=\"twitter:card\" content=\"summary_large_image\" \/>\n<meta name=\"twitter:label1\" content=\"Gesch\u00e4tzte Lesezeit\" \/>\n\t<meta name=\"twitter:data1\" content=\"2\u00a0Minuten\" \/>\n<script type=\"application\/ld+json\" class=\"yoast-schema-graph\">{\"@context\":\"https:\/\/schema.org\",\"@graph\":[{\"@type\":\"WebPage\",\"@id\":\"https:\/\/distribucionarc.com\/lt\/producto\/maquina-para-hacer-helados-20l\/\",\"url\":\"https:\/\/distribucionarc.com\/lt\/producto\/maquina-para-hacer-helados-20l\/\",\"name\":\"M\u00e1quina para hacer helados 20L - distribuci\u00f3n ARC\",\"isPartOf\":{\"@id\":\"https:\/\/distribucionarc.com\/ro\/#website\"},\"primaryImageOfPage\":{\"@id\":\"https:\/\/distribucionarc.com\/lt\/producto\/maquina-para-hacer-helados-20l\/#primaryimage\"},\"image\":{\"@id\":\"https:\/\/distribucionarc.com\/lt\/producto\/maquina-para-hacer-helados-20l\/#primaryimage\"},\"thumbnailUrl\":\"https:\/\/distribucionarc.com\/wp-content\/uploads\/2020\/07\/M\u00e1quina-para-hacer-helados-20L-0.jpg\",\"datePublished\":\"2020-07-20T12:34:21+00:00\",\"dateModified\":\"2024-09-08T19:29:04+00:00\",\"breadcrumb\":{\"@id\":\"https:\/\/distribucionarc.com\/lt\/producto\/maquina-para-hacer-helados-20l\/#breadcrumb\"},\"inLanguage\":\"de\",\"potentialAction\":[{\"@type\":\"ReadAction\",\"target\":[\"https:\/\/distribucionarc.com\/lt\/producto\/maquina-para-hacer-helados-20l\/\"]}]},{\"@type\":\"ImageObject\",\"inLanguage\":\"de\",\"@id\":\"https:\/\/distribucionarc.com\/lt\/producto\/maquina-para-hacer-helados-20l\/#primaryimage\",\"url\":\"https:\/\/distribucionarc.com\/wp-content\/uploads\/2020\/07\/M\u00e1quina-para-hacer-helados-20L-0.jpg\",\"contentUrl\":\"https:\/\/distribucionarc.com\/wp-content\/uploads\/2020\/07\/M\u00e1quina-para-hacer-helados-20L-0.jpg\",\"width\":1600,\"height\":1600,\"caption\":\"M\u00e1quina para hacer helados 20L\"},{\"@type\":\"BreadcrumbList\",\"@id\":\"https:\/\/distribucionarc.com\/lt\/producto\/maquina-para-hacer-helados-20l\/#breadcrumb\",\"itemListElement\":[{\"@type\":\"ListItem\",\"position\":1,\"name\":\"Portada\",\"item\":\"https:\/\/distribucionarc.com\/ar\/\"},{\"@type\":\"ListItem\",\"position\":2,\"name\":\"Proizvodi\",\"item\":\"https:\/\/www.distribucionarc.com\/hr\/ducan\/\"},{\"@type\":\"ListItem\",\"position\":3,\"name\":\"M\u00e1quina para hacer helados 20L\"}]},{\"@type\":\"WebSite\",\"@id\":\"https:\/\/distribucionarc.com\/ro\/#website\",\"url\":\"https:\/\/distribucionarc.com\/ro\/\",\"name\":\"distribuci\u00f3n ARC\",\"description\":\"Empresa especializada en la fabricaci\u00f3n y distribuci\u00f3n de maquinaria industrial, selladoras de latas, Maquinas de hacer pastillas, Maquinas de cortar carne...\",\"publisher\":{\"@id\":\"https:\/\/distribucionarc.com\/ro\/#organization\"},\"potentialAction\":[{\"@type\":\"SearchAction\",\"target\":{\"@type\":\"EntryPoint\",\"urlTemplate\":\"https:\/\/distribucionarc.com\/ro\/?s={search_term_string}\"},\"query-input\":{\"@type\":\"PropertyValueSpecification\",\"valueRequired\":true,\"valueName\":\"search_term_string\"}}],\"inLanguage\":\"de\"},{\"@type\":\"Organization\",\"@id\":\"https:\/\/distribucionarc.com\/ro\/#organization\",\"name\":\"Distribuci\u00f3n ARC\",\"url\":\"https:\/\/distribucionarc.com\/ro\/\",\"logo\":{\"@type\":\"ImageObject\",\"inLanguage\":\"de\",\"@id\":\"https:\/\/distribucionarc.com\/ro\/#\/schema\/logo\/image\/\",\"url\":\"https:\/\/distribucionarc.com\/wp-content\/uploads\/2024\/10\/distribucion-ARC-COLOR-SIN-FONDO-e1732295305345.png\",\"contentUrl\":\"https:\/\/distribucionarc.com\/wp-content\/uploads\/2024\/10\/distribucion-ARC-COLOR-SIN-FONDO-e1732295305345.png\",\"width\":1164,\"height\":558,\"caption\":\"Distribuci\u00f3n ARC\"},\"image\":{\"@id\":\"https:\/\/distribucionarc.com\/ro\/#\/schema\/logo\/image\/\"},\"description\":\"Empresa especializada en la fabricaci\u00f3n y distribuci\u00f3n de maquinaria industrial para los sectores alimentario y farmac\u00e9utico. Nos especializamos en: M\u00e1quinas de cortar carne Fabricaci\u00f3n de comprimidos Sistemas de transporte industrial L\u00edneas de embotellado Dosificadores Y mucho m\u00e1s... Ofrecemos soluciones innovadoras y personalizadas para optimizar los procesos productivos de tu empresa.\",\"email\":\"Admistracion@distribucionarc.com\",\"telephone\":\"+34 643496664\",\"legalName\":\"ARC TECH SOLUTIONS\",\"foundingDate\":\"2024-04-09\",\"vatID\":\"B55480172\",\"numberOfEmployees\":{\"@type\":\"QuantitativeValue\",\"minValue\":\"1\",\"maxValue\":\"10\"}}]}<\/script>\n<!-- \/ Yoast SEO Premium plugin. -->","yoast_head_json":{"title":"20-Liter-Eismaschine \u2013 ARC-Vertrieb","robots":{"index":"index","follow":"follow","max-snippet":"max-snippet:-1","max-image-preview":"max-image-preview:large","max-video-preview":"max-video-preview:-1"},"canonical":"https:\/\/distribucionarc.com\/de\/produkt-2\/eismaschine-20l\/","og_locale":"de_DE","og_type":"article","og_title":"M\u00e1quina para hacer helados 20L","og_description":"M\u00e1quina para hacer helados duros profesional ARC \u2013 Alta capacidad y rendimiento garantizad La m\u00e1quina para hacer helados duros profesional ARC est\u00e1 dise\u00f1ada para cumplir con las exigencias de helader\u00edas, restaurantes, y franquicias que necesitan una producci\u00f3n constante y de alta calidad. Con una capacidad de 16 a 20 litros por hora, este equipo te permitir\u00e1 satisfacer una gran demanda en poco tiempo, garantizando un helado de textura perfecta y un proceso de enfriamiento eficiente gracias al refrigerante R404a. Productos que puedes hacer:   Helados artesanales: Amplia variedad de sabores y consistencias.  Gelato y sorbetes: Ideal para postres ligeros y refrescantes.  Postres helados: Perfectos para men\u00fas personalizados.  Sectores donde se puede implementar:   Helader\u00edas: Produce helados de alta calidad con un proceso r\u00e1pido y eficiente.  Restaurantes y cafeter\u00edas: Ofrece helados artesanales como parte de tu men\u00fa de postres.  Franquicias: Ideal para negocios que necesitan una producci\u00f3n constante en varios puntos de venta.  Catering y eventos: Sirve helados frescos y deliciosos en bodas, fiestas y eventos corporativos.","og_url":"https:\/\/distribucionarc.com\/de\/produkt-2\/eismaschine-20l\/","og_site_name":"distribuci\u00f3n ARC","article_modified_time":"2024-09-08T19:29:04+00:00","og_image":[{"width":1600,"height":1600,"url":"https:\/\/distribucionarc.com\/wp-content\/uploads\/2020\/07\/M\u00e1quina-para-hacer-helados-20L-0.jpg","type":"image\/jpeg"}],"twitter_card":"summary_large_image","twitter_misc":{"Gesch\u00e4tzte Lesezeit":"2\u00a0Minuten"},"schema":{"@context":"https:\/\/schema.org","@graph":[{"@type":"WebPage","@id":"https:\/\/distribucionarc.com\/lt\/producto\/maquina-para-hacer-helados-20l\/","url":"https:\/\/distribucionarc.com\/lt\/producto\/maquina-para-hacer-helados-20l\/","name":"20-Liter-Eismaschine \u2013 ARC-Vertrieb","isPartOf":{"@id":"https:\/\/distribucionarc.com\/ro\/#website"},"primaryImageOfPage":{"@id":"https:\/\/distribucionarc.com\/lt\/producto\/maquina-para-hacer-helados-20l\/#primaryimage"},"image":{"@id":"https:\/\/distribucionarc.com\/lt\/producto\/maquina-para-hacer-helados-20l\/#primaryimage"},"thumbnailUrl":"https:\/\/distribucionarc.com\/wp-content\/uploads\/2020\/07\/M\u00e1quina-para-hacer-helados-20L-0.jpg","datePublished":"2020-07-20T12:34:21+00:00","dateModified":"2024-09-08T19:29:04+00:00","breadcrumb":{"@id":"https:\/\/distribucionarc.com\/lt\/producto\/maquina-para-hacer-helados-20l\/#breadcrumb"},"inLanguage":"de","potentialAction":[{"@type":"ReadAction","target":["https:\/\/distribucionarc.com\/lt\/producto\/maquina-para-hacer-helados-20l\/"]}]},{"@type":"ImageObject","inLanguage":"de","@id":"https:\/\/distribucionarc.com\/lt\/producto\/maquina-para-hacer-helados-20l\/#primaryimage","url":"https:\/\/distribucionarc.com\/wp-content\/uploads\/2020\/07\/M\u00e1quina-para-hacer-helados-20L-0.jpg","contentUrl":"https:\/\/distribucionarc.com\/wp-content\/uploads\/2020\/07\/M\u00e1quina-para-hacer-helados-20L-0.jpg","width":1600,"height":1600,"caption":"M\u00e1quina para hacer helados 20L"},{"@type":"BreadcrumbList","@id":"https:\/\/distribucionarc.com\/lt\/producto\/maquina-para-hacer-helados-20l\/#breadcrumb","itemListElement":[{"@type":"ListItem","position":1,"name":"Portada","item":"https:\/\/distribucionarc.com\/ar\/"},{"@type":"ListItem","position":2,"name":"Proizvodi","item":"https:\/\/www.distribucionarc.com\/hr\/ducan\/"},{"@type":"ListItem","position":3,"name":"M\u00e1quina para hacer helados 20L"}]},{"@type":"WebSite","@id":"https:\/\/distribucionarc.com\/ro\/#website","url":"https:\/\/distribucionarc.com\/ro\/","name":"ARC-Verteilung","description":"Das Unternehmen ist auf die Herstellung und den Vertrieb von Industriemaschinen, Dosenverschlie\u00dfmaschinen, Tablettenmaschinen, Fleischschneidemaschinen...","publisher":{"@id":"https:\/\/distribucionarc.com\/ro\/#organization"},"potentialAction":[{"@type":"SearchAction","target":{"@type":"EntryPoint","urlTemplate":"https:\/\/distribucionarc.com\/ro\/?s={search_term_string}"},"query-input":{"@type":"PropertyValueSpecification","valueRequired":true,"valueName":"search_term_string"}}],"inLanguage":"de"},{"@type":"Organization","@id":"https:\/\/distribucionarc.com\/ro\/#organization","name":"ARC-Verteilung","url":"https:\/\/distribucionarc.com\/ro\/","logo":{"@type":"ImageObject","inLanguage":"de","@id":"https:\/\/distribucionarc.com\/ro\/#\/schema\/logo\/image\/","url":"https:\/\/distribucionarc.com\/wp-content\/uploads\/2024\/10\/distribucion-ARC-COLOR-SIN-FONDO-e1732295305345.png","contentUrl":"https:\/\/distribucionarc.com\/wp-content\/uploads\/2024\/10\/distribucion-ARC-COLOR-SIN-FONDO-e1732295305345.png","width":1164,"height":558,"caption":"Distribuci\u00f3n ARC"},"image":{"@id":"https:\/\/distribucionarc.com\/ro\/#\/schema\/logo\/image\/"},"description":"Unternehmen, das auf die Herstellung und den Vertrieb von Industriemaschinen f\u00fcr den Lebensmittel- und Pharmasektor spezialisiert ist. Wir sind spezialisiert auf: Fleischschneidemaschinen Tablettenherstellung Industrielle F\u00f6rdersysteme Abf\u00fcllanlagen Dispenser Und vieles mehr... Wir bieten innovative und ma\u00dfgeschneiderte L\u00f6sungen zur Optimierung der Produktionsprozesse in Ihrem Unternehmen.","email":"Admistracion@distribucionarc.com","telephone":"+34 643496664","legalName":"ARC TECH SOLUTIONS","foundingDate":"2024-04-09","vatID":"B55480172","numberOfEmployees":{"@type":"QuantitativeValue","minValue":"1","maxValue":"10"}}]}},"_links":{"self":[{"href":"https:\/\/distribucionarc.com\/de\/wp-json\/wp\/v2\/product\/1251","targetHints":{"allow":["GET"]}}],"collection":[{"href":"https:\/\/distribucionarc.com\/de\/wp-json\/wp\/v2\/product"}],"about":[{"href":"https:\/\/distribucionarc.com\/de\/wp-json\/wp\/v2\/types\/product"}],"replies":[{"embeddable":true,"href":"https:\/\/distribucionarc.com\/de\/wp-json\/wp\/v2\/comments?post=1251"}],"version-history":[{"count":0,"href":"https:\/\/distribucionarc.com\/de\/wp-json\/wp\/v2\/product\/1251\/revisions"}],"wp:featuredmedia":[{"embeddable":true,"href":"https:\/\/distribucionarc.com\/de\/wp-json\/wp\/v2\/media\/1257"}],"wp:attachment":[{"href":"https:\/\/distribucionarc.com\/de\/wp-json\/wp\/v2\/media?parent=1251"}],"wp:term":[{"taxonomy":"product_brand","embeddable":true,"href":"https:\/\/distribucionarc.com\/de\/wp-json\/wp\/v2\/product_brand?post=1251"},{"taxonomy":"product_cat","embeddable":true,"href":"https:\/\/distribucionarc.com\/de\/wp-json\/wp\/v2\/product_cat?post=1251"},{"taxonomy":"product_tag","embeddable":true,"href":"https:\/\/distribucionarc.com\/de\/wp-json\/wp\/v2\/product_tag?post=1251"}],"curies":[{"name":"wp","href":"https:\/\/api.w.org\/{rel}","templated":true}]}}