{"id":1306,"date":"2020-07-29T13:54:04","date_gmt":"2020-07-29T13:54:04","guid":{"rendered":"https:\/\/distribucionarc.com\/?post_type=product&#038;p=1306"},"modified":"2024-10-06T07:11:27","modified_gmt":"2024-10-06T07:11:27","slug":"professioneller-schokoladenspender","status":"publish","type":"product","link":"https:\/\/distribucionarc.com\/de\/producto\/dispensador-chocolatera-caliente-profesional\/","title":{"rendered":"Professioneller Spender f\u00fcr hei\u00dfe Schokolade"},"content":{"rendered":"<h3>Professioneller Spender f\u00fcr hei\u00dfe Schokolade<\/h3>\n<p>Er <strong>Schokoladenspender<\/strong> von <strong><span style=\"color: #ff0000;\">ZU<\/span><span style=\"color: #0000ff;\">R<\/span>C<\/strong> Mit seinem 10-Liter-Tank, seinem eleganten Design, der schnellen Aufheizung und der konstanten Temperaturregelung ist er der perfekte Begleiter f\u00fcr jede K\u00fcche mit hohem Bedarf an hei\u00dfer Schokolade.<\/p>\n<p>Der <strong>Schokoladenhersteller<\/strong> von <strong><span style=\"color: #ff0000;\">ZU<\/span><span style=\"color: #0000ff;\">R<\/span>C<\/strong> Er verf\u00fcgt \u00fcber einen 10-Liter-Tank, um das Bef\u00fcllen zu erleichtern und mehr Produkt zur Verf\u00fcgung zu haben. Seine robuste und elegante Struktur besteht aus Edelstahl von bester Lebensmittelqualit\u00e4t, um den Geschmack nicht zu ver\u00e4ndern.<\/p>\n<p>Er <strong>Schokoladenspender <span style=\"color: #ff0000;\">ZU<\/span><span style=\"color: #0000ff;\">R<\/span>CMCH1<\/strong> Es verf\u00fcgt \u00fcber eine Temperaturregelung mit Sensoren, die das Licht ein- oder ausschalten. <strong>Schokoladenhersteller<\/strong>, abh\u00e4ngig von dem Temperaturbereich, der Ihren Anforderungen am besten entspricht. Das Design der Wasserbarriere-Heizung verhindert am effektivsten, dass Schokolade am Boden des Tanks anbrennt.<\/p>\n<p>Der <strong>Schokoladenhersteller<\/strong> von <strong><span style=\"color: #ff0000;\">ZU<\/span><span style=\"color: #0000ff;\">R<\/span>C<\/strong> Es ist sehr einfach zu bedienen, da es \u00fcber ein Dampfabzugs- und -ablaufsystem verf\u00fcgt und die automatische Temperaturregelung daf\u00fcr sorgt, dass das Produkt problemlos die von Ihnen gew\u00fcnschte Temperatur erreicht. Zus\u00e4tzlich zur F\u00f6rderung eines niedrigen Energieverbrauchs.<\/p>\n<h6><\/h6>\n<h6><strong>Garantie\u00a0<span style=\"color: #ff0000;\">ZU<\/span><span style=\"color: #0000ff;\">R<\/span>C 2 JAHRE<\/strong><\/h6>\n<h6><span style=\"color: #008000;\">Effizienter Schokoladenspender, geringer Verbrauch 350 W<\/span><\/h6>\n<h6><strong>Technischer Support inklusive<\/strong><\/h6>\n<p>&nbsp;<\/p>\n<p>&nbsp;<\/p>\n<table role=\"presentation\" width=\"100%\" cellspacing=\"0\" cellpadding=\"0\">\n<tbody>\n<tr>\n<td class=\"attrLabels\">Temperatur:<\/td>\n<td width=\"50.0%\">\u00a030 \u2013 90 \u00b0C<\/td>\n<\/tr>\n<tr>\n<td class=\"attrLabels\">Vertriebsland:<\/td>\n<td width=\"50.0%\">Spanien, Deutschland, USA<\/td>\n<td class=\"attrLabels\">Gewicht:<\/td>\n<td width=\"50.0%\">15kg<\/td>\n<\/tr>\n<tr>\n<td class=\"attrLabels\">Marke:<\/td>\n<td width=\"50.0%\">BOGEN<\/td>\n<td class=\"attrLabels\">H\u00f6he:<\/td>\n<td width=\"50.0%\">49cm<\/td>\n<\/tr>\n<tr>\n<td class=\"attrLabels\">Farbe:<\/td>\n<td width=\"50.0%\">Schwarz<\/td>\n<td class=\"attrLabels\">Lang:<\/td>\n<td width=\"50.0%\">36cm<\/td>\n<\/tr>\n<tr>\n<td class=\"attrLabels\">Produkttyp:<\/td>\n<td width=\"50.0%\">Schokoladenspender<\/td>\n<td class=\"attrLabels\">Breit:<\/td>\n<td width=\"50.0%\">\u00a018cm<\/td>\n<\/tr>\n<tr>\n<td class=\"attrLabels\">Herstellernummer:<\/td>\n<td width=\"50.0%\">ARCMCH1<\/td>\n<td class=\"attrLabels\">Leistung:<\/td>\n<td width=\"50.0%\">\u00a0350W<\/td>\n<\/tr>\n<tr>\n<td class=\"attrLabels\">Material:<\/td>\n<td width=\"50.0%\">Edelstahl, Temperaturregelung, Temperatursensoren<\/td>\n<td class=\"attrLabels\">Eingangsspannung<\/td>\n<td width=\"50.0%\">220V \u2013 60Hz<\/td>\n<\/tr>\n<tr>\n<td class=\"attrLabels\">F\u00e4cher:<\/td>\n<td width=\"50.0%\">\u00a01<\/td>\n<td class=\"attrLabels\">Tankgr\u00f6\u00dfe:<\/td>\n<td width=\"50.0%\">9L<\/td>\n<\/tr>\n<tr>\n<td class=\"attrLabels\">Installationswerkzeuge:<\/td>\n<td width=\"50.0%\">Ja<\/td>\n<td class=\"attrLabels\">Garantie:<\/td>\n<td width=\"50.0%\">2 JAHRE<\/td>\n<\/tr>\n<\/tbody>\n<\/table>\n<p>&nbsp;<\/p>\n<p>&nbsp;<\/p>\n<p>&nbsp;<\/p>","protected":false},"excerpt":{"rendered":"<h2>Professioneller Spender f\u00fcr hei\u00dfe Schokolade<\/h2>\n<p>Der einfachste Weg, etwas so Leckeres aufzubewahren und zu servieren <strong>hei\u00dfe Schokolade<\/strong>, mit dem <strong>Schokoladenhersteller<\/strong> von <strong><span style=\"color: #ff0000;\">ZU<\/span><span style=\"color: #0000ff;\">R<\/span>C<\/strong> Sie erhalten ein Produkt mit der richtigen Temperatur, das den gesamten Geschmack und die Eigenschaften des Produkts bewahrt.<\/p>\n<p>Mit dem <strong>Hei\u00dfgetr\u00e4nkespender<\/strong> von <strong><span style=\"color: #ff0000;\">ZU<\/span><span style=\"color: #0000ff;\">R<\/span>C<\/strong> Sie werden feststellen, dass Ihre Produktion durch die einfache Handhabung und schnelle Ausf\u00fchrung gesteigert wird. Sie m\u00fcssen nur 0 bis 3 Minuten warten <strong>Schokoladenhersteller <span style=\"color: #ff0000;\">ZU<\/span><span style=\"color: #0000ff;\">R<\/span>CMCH1<\/strong> Bringen Sie das Produkt auf die ideale Temperatur. Das <strong>Schokoladenspender<\/strong> Es eignet sich am besten f\u00fcr Restaurants, Caf\u00e9s, Bars, Hotels, Buffets usw.<\/p>\n<h6><strong>Garantie\u00a0<span style=\"color: #ff0000;\">ZU<\/span><span style=\"color: #0000ff;\">R<\/span>C 2 JAHRE<\/strong><\/h6>\n<h6><span style=\"color: #008000;\">Effizienter Schokoladenspender, geringer Verbrauch 350 W<\/span><\/h6>\n<h6><strong>Technischer Support inklusive<\/strong><\/h6>","protected":false},"featured_media":1708,"comment_status":"open","ping_status":"closed","template":"","meta":{"wds_primary_product_brand":0,"wds_primary_product_cat":0},"product_brand":[],"product_cat":[57],"product_tag":[],"class_list":{"0":"post-1306","1":"product","2":"type-product","3":"status-publish","4":"has-post-thumbnail","6":"product_cat-dosificadores-dispensadores","7":"product_shipping_class-hosteleria","9":"first","10":"instock","11":"sale","12":"taxable","13":"shipping-taxable","14":"purchasable","15":"product-type-simple"},"yoast_head":"<!-- This site is optimized with the Yoast SEO Premium plugin v24.9 (Yoast SEO v26.1) - https:\/\/yoast.com\/wordpress\/plugins\/seo\/ -->\n<title>Dispensador Chocolatera caliente profesional - distribuci\u00f3n ARC<\/title>\n<meta name=\"robots\" content=\"index, follow, max-snippet:-1, max-image-preview:large, max-video-preview:-1\" \/>\n<link rel=\"canonical\" href=\"https:\/\/distribucionarc.com\/de\/produkt-2\/professioneller-schokoladenspender\/\" \/>\n<meta property=\"og:locale\" content=\"de_DE\" \/>\n<meta property=\"og:type\" content=\"article\" \/>\n<meta property=\"og:title\" content=\"Dispensador Chocolatera caliente profesional\" \/>\n<meta property=\"og:description\" content=\"Dispensadora Chocolatera caliente profesional La forma m\u00e1s sencilla de conservar y servir algo tan delicioso como el chocolate caliente, con la chocolatera de ARC obtendr\u00e1 un producto a la temperatura adecuada que conservar\u00e1 todo el sabor y propiedades del producto.  Con el dispensador de bebidas calientes de ARC ver\u00e1 aumentada su producci\u00f3n por f\u00e1cil manejo y r\u00e1pida ejecuci\u00f3n. Tan solo tendr\u00e1 que esperar de 0 a 3 min para que la chocolatera ARCMCH1 lleve el producto a la temperatura ideal. Este dispensador de chocolate es el m\u00e1s adecuado para restaurantes, cafeter\u00edas, bar, hoteles, buffets, etc. Garant\u00eda\u00a0ARC 2 A\u00d1OS Dispensador de chocolate eficiente, bajo consumo 350w soporte t\u00e9cnico incluido\" \/>\n<meta property=\"og:url\" content=\"https:\/\/distribucionarc.com\/de\/produkt-2\/professioneller-schokoladenspender\/\" \/>\n<meta property=\"og:site_name\" content=\"distribuci\u00f3n ARC\" \/>\n<meta property=\"article:modified_time\" content=\"2024-10-06T07:11:27+00:00\" \/>\n<meta property=\"og:image\" content=\"https:\/\/distribucionarc.com\/wp-content\/uploads\/2020\/07\/Dispensador-Chocolatera-caliente-profesional-0.jpg\" \/>\n\t<meta property=\"og:image:width\" content=\"1600\" \/>\n\t<meta property=\"og:image:height\" content=\"1600\" \/>\n\t<meta property=\"og:image:type\" content=\"image\/jpeg\" \/>\n<meta name=\"twitter:card\" content=\"summary_large_image\" \/>\n<meta name=\"twitter:label1\" content=\"Gesch\u00e4tzte Lesezeit\" \/>\n\t<meta name=\"twitter:data1\" content=\"2\u00a0Minuten\" \/>\n<script type=\"application\/ld+json\" class=\"yoast-schema-graph\">{\"@context\":\"https:\/\/schema.org\",\"@graph\":[{\"@type\":\"WebPage\",\"@id\":\"https:\/\/distribucionarc.com\/it\/producto\/dispensador-chocolatera-caliente-profesional\/\",\"url\":\"https:\/\/distribucionarc.com\/it\/producto\/dispensador-chocolatera-caliente-profesional\/\",\"name\":\"Dispensador Chocolatera caliente profesional - distribuci\u00f3n ARC\",\"isPartOf\":{\"@id\":\"https:\/\/distribucionarc.com\/ro\/#website\"},\"primaryImageOfPage\":{\"@id\":\"https:\/\/distribucionarc.com\/it\/producto\/dispensador-chocolatera-caliente-profesional\/#primaryimage\"},\"image\":{\"@id\":\"https:\/\/distribucionarc.com\/it\/producto\/dispensador-chocolatera-caliente-profesional\/#primaryimage\"},\"thumbnailUrl\":\"https:\/\/distribucionarc.com\/wp-content\/uploads\/2020\/07\/Dispensador-Chocolatera-caliente-profesional-0.jpg\",\"datePublished\":\"2020-07-29T13:54:04+00:00\",\"dateModified\":\"2024-10-06T07:11:27+00:00\",\"breadcrumb\":{\"@id\":\"https:\/\/distribucionarc.com\/it\/producto\/dispensador-chocolatera-caliente-profesional\/#breadcrumb\"},\"inLanguage\":\"de\",\"potentialAction\":[{\"@type\":\"ReadAction\",\"target\":[\"https:\/\/distribucionarc.com\/it\/producto\/dispensador-chocolatera-caliente-profesional\/\"]}]},{\"@type\":\"ImageObject\",\"inLanguage\":\"de\",\"@id\":\"https:\/\/distribucionarc.com\/it\/producto\/dispensador-chocolatera-caliente-profesional\/#primaryimage\",\"url\":\"https:\/\/distribucionarc.com\/wp-content\/uploads\/2020\/07\/Dispensador-Chocolatera-caliente-profesional-0.jpg\",\"contentUrl\":\"https:\/\/distribucionarc.com\/wp-content\/uploads\/2020\/07\/Dispensador-Chocolatera-caliente-profesional-0.jpg\",\"width\":1600,\"height\":1600,\"caption\":\"Dispensador chocolate caliente profesional\"},{\"@type\":\"BreadcrumbList\",\"@id\":\"https:\/\/distribucionarc.com\/it\/producto\/dispensador-chocolatera-caliente-profesional\/#breadcrumb\",\"itemListElement\":[{\"@type\":\"ListItem\",\"position\":1,\"name\":\"Portada\",\"item\":\"https:\/\/distribucionarc.com\/ar\/\"},{\"@type\":\"ListItem\",\"position\":2,\"name\":\"Proizvodi\",\"item\":\"https:\/\/www.distribucionarc.com\/hr\/ducan\/\"},{\"@type\":\"ListItem\",\"position\":3,\"name\":\"Dispensador Chocolatera caliente profesional\"}]},{\"@type\":\"WebSite\",\"@id\":\"https:\/\/distribucionarc.com\/ro\/#website\",\"url\":\"https:\/\/distribucionarc.com\/ro\/\",\"name\":\"distribuci\u00f3n ARC\",\"description\":\"Empresa especializada en la fabricaci\u00f3n y distribuci\u00f3n de maquinaria industrial, selladoras de latas, Maquinas de hacer pastillas, Maquinas de cortar carne...\",\"publisher\":{\"@id\":\"https:\/\/distribucionarc.com\/ro\/#organization\"},\"potentialAction\":[{\"@type\":\"SearchAction\",\"target\":{\"@type\":\"EntryPoint\",\"urlTemplate\":\"https:\/\/distribucionarc.com\/ro\/?s={search_term_string}\"},\"query-input\":{\"@type\":\"PropertyValueSpecification\",\"valueRequired\":true,\"valueName\":\"search_term_string\"}}],\"inLanguage\":\"de\"},{\"@type\":\"Organization\",\"@id\":\"https:\/\/distribucionarc.com\/ro\/#organization\",\"name\":\"Distribuci\u00f3n ARC\",\"url\":\"https:\/\/distribucionarc.com\/ro\/\",\"logo\":{\"@type\":\"ImageObject\",\"inLanguage\":\"de\",\"@id\":\"https:\/\/distribucionarc.com\/ro\/#\/schema\/logo\/image\/\",\"url\":\"https:\/\/distribucionarc.com\/wp-content\/uploads\/2024\/10\/distribucion-ARC-COLOR-SIN-FONDO-e1732295305345.png\",\"contentUrl\":\"https:\/\/distribucionarc.com\/wp-content\/uploads\/2024\/10\/distribucion-ARC-COLOR-SIN-FONDO-e1732295305345.png\",\"width\":1164,\"height\":558,\"caption\":\"Distribuci\u00f3n ARC\"},\"image\":{\"@id\":\"https:\/\/distribucionarc.com\/ro\/#\/schema\/logo\/image\/\"},\"description\":\"Empresa especializada en la fabricaci\u00f3n y distribuci\u00f3n de maquinaria industrial para los sectores alimentario y farmac\u00e9utico. Nos especializamos en: M\u00e1quinas de cortar carne Fabricaci\u00f3n de comprimidos Sistemas de transporte industrial L\u00edneas de embotellado Dosificadores Y mucho m\u00e1s... Ofrecemos soluciones innovadoras y personalizadas para optimizar los procesos productivos de tu empresa.\",\"email\":\"Admistracion@distribucionarc.com\",\"telephone\":\"+34 643496664\",\"legalName\":\"ARC TECH SOLUTIONS\",\"foundingDate\":\"2024-04-09\",\"vatID\":\"B55480172\",\"numberOfEmployees\":{\"@type\":\"QuantitativeValue\",\"minValue\":\"1\",\"maxValue\":\"10\"}}]}<\/script>\n<!-- \/ Yoast SEO Premium plugin. -->","yoast_head_json":{"title":"Professioneller Spender f\u00fcr hei\u00dfe Schokolade \u2013 ARC Distribution","robots":{"index":"index","follow":"follow","max-snippet":"max-snippet:-1","max-image-preview":"max-image-preview:large","max-video-preview":"max-video-preview:-1"},"canonical":"https:\/\/distribucionarc.com\/de\/produkt-2\/professioneller-schokoladenspender\/","og_locale":"de_DE","og_type":"article","og_title":"Dispensador Chocolatera caliente profesional","og_description":"Dispensadora Chocolatera caliente profesional La forma m\u00e1s sencilla de conservar y servir algo tan delicioso como el chocolate caliente, con la chocolatera de ARC obtendr\u00e1 un producto a la temperatura adecuada que conservar\u00e1 todo el sabor y propiedades del producto.  Con el dispensador de bebidas calientes de ARC ver\u00e1 aumentada su producci\u00f3n por f\u00e1cil manejo y r\u00e1pida ejecuci\u00f3n. Tan solo tendr\u00e1 que esperar de 0 a 3 min para que la chocolatera ARCMCH1 lleve el producto a la temperatura ideal. Este dispensador de chocolate es el m\u00e1s adecuado para restaurantes, cafeter\u00edas, bar, hoteles, buffets, etc. Garant\u00eda\u00a0ARC 2 A\u00d1OS Dispensador de chocolate eficiente, bajo consumo 350w soporte t\u00e9cnico incluido","og_url":"https:\/\/distribucionarc.com\/de\/produkt-2\/professioneller-schokoladenspender\/","og_site_name":"distribuci\u00f3n ARC","article_modified_time":"2024-10-06T07:11:27+00:00","og_image":[{"width":1600,"height":1600,"url":"https:\/\/distribucionarc.com\/wp-content\/uploads\/2020\/07\/Dispensador-Chocolatera-caliente-profesional-0.jpg","type":"image\/jpeg"}],"twitter_card":"summary_large_image","twitter_misc":{"Gesch\u00e4tzte Lesezeit":"2\u00a0Minuten"},"schema":{"@context":"https:\/\/schema.org","@graph":[{"@type":"WebPage","@id":"https:\/\/distribucionarc.com\/it\/producto\/dispensador-chocolatera-caliente-profesional\/","url":"https:\/\/distribucionarc.com\/it\/producto\/dispensador-chocolatera-caliente-profesional\/","name":"Professioneller Spender f\u00fcr hei\u00dfe Schokolade \u2013 ARC Distribution","isPartOf":{"@id":"https:\/\/distribucionarc.com\/ro\/#website"},"primaryImageOfPage":{"@id":"https:\/\/distribucionarc.com\/it\/producto\/dispensador-chocolatera-caliente-profesional\/#primaryimage"},"image":{"@id":"https:\/\/distribucionarc.com\/it\/producto\/dispensador-chocolatera-caliente-profesional\/#primaryimage"},"thumbnailUrl":"https:\/\/distribucionarc.com\/wp-content\/uploads\/2020\/07\/Dispensador-Chocolatera-caliente-profesional-0.jpg","datePublished":"2020-07-29T13:54:04+00:00","dateModified":"2024-10-06T07:11:27+00:00","breadcrumb":{"@id":"https:\/\/distribucionarc.com\/it\/producto\/dispensador-chocolatera-caliente-profesional\/#breadcrumb"},"inLanguage":"de","potentialAction":[{"@type":"ReadAction","target":["https:\/\/distribucionarc.com\/it\/producto\/dispensador-chocolatera-caliente-profesional\/"]}]},{"@type":"ImageObject","inLanguage":"de","@id":"https:\/\/distribucionarc.com\/it\/producto\/dispensador-chocolatera-caliente-profesional\/#primaryimage","url":"https:\/\/distribucionarc.com\/wp-content\/uploads\/2020\/07\/Dispensador-Chocolatera-caliente-profesional-0.jpg","contentUrl":"https:\/\/distribucionarc.com\/wp-content\/uploads\/2020\/07\/Dispensador-Chocolatera-caliente-profesional-0.jpg","width":1600,"height":1600,"caption":"Dispensador chocolate caliente profesional"},{"@type":"BreadcrumbList","@id":"https:\/\/distribucionarc.com\/it\/producto\/dispensador-chocolatera-caliente-profesional\/#breadcrumb","itemListElement":[{"@type":"ListItem","position":1,"name":"Portada","item":"https:\/\/distribucionarc.com\/ar\/"},{"@type":"ListItem","position":2,"name":"Proizvodi","item":"https:\/\/www.distribucionarc.com\/hr\/ducan\/"},{"@type":"ListItem","position":3,"name":"Dispensador Chocolatera caliente profesional"}]},{"@type":"WebSite","@id":"https:\/\/distribucionarc.com\/ro\/#website","url":"https:\/\/distribucionarc.com\/ro\/","name":"ARC-Verteilung","description":"Das Unternehmen ist auf die Herstellung und den Vertrieb von Industriemaschinen, Dosenverschlie\u00dfmaschinen, Tablettenmaschinen, Fleischschneidemaschinen...","publisher":{"@id":"https:\/\/distribucionarc.com\/ro\/#organization"},"potentialAction":[{"@type":"SearchAction","target":{"@type":"EntryPoint","urlTemplate":"https:\/\/distribucionarc.com\/ro\/?s={search_term_string}"},"query-input":{"@type":"PropertyValueSpecification","valueRequired":true,"valueName":"search_term_string"}}],"inLanguage":"de"},{"@type":"Organization","@id":"https:\/\/distribucionarc.com\/ro\/#organization","name":"ARC-Verteilung","url":"https:\/\/distribucionarc.com\/ro\/","logo":{"@type":"ImageObject","inLanguage":"de","@id":"https:\/\/distribucionarc.com\/ro\/#\/schema\/logo\/image\/","url":"https:\/\/distribucionarc.com\/wp-content\/uploads\/2024\/10\/distribucion-ARC-COLOR-SIN-FONDO-e1732295305345.png","contentUrl":"https:\/\/distribucionarc.com\/wp-content\/uploads\/2024\/10\/distribucion-ARC-COLOR-SIN-FONDO-e1732295305345.png","width":1164,"height":558,"caption":"Distribuci\u00f3n ARC"},"image":{"@id":"https:\/\/distribucionarc.com\/ro\/#\/schema\/logo\/image\/"},"description":"Unternehmen, das auf die Herstellung und den Vertrieb von Industriemaschinen f\u00fcr den Lebensmittel- und Pharmasektor spezialisiert ist. Wir sind spezialisiert auf: Fleischschneidemaschinen Tablettenherstellung Industrielle F\u00f6rdersysteme Abf\u00fcllanlagen Dispenser Und vieles mehr... Wir bieten innovative und ma\u00dfgeschneiderte L\u00f6sungen zur Optimierung der Produktionsprozesse in Ihrem Unternehmen.","email":"Admistracion@distribucionarc.com","telephone":"+34 643496664","legalName":"ARC TECH SOLUTIONS","foundingDate":"2024-04-09","vatID":"B55480172","numberOfEmployees":{"@type":"QuantitativeValue","minValue":"1","maxValue":"10"}}]}},"_links":{"self":[{"href":"https:\/\/distribucionarc.com\/de\/wp-json\/wp\/v2\/product\/1306","targetHints":{"allow":["GET"]}}],"collection":[{"href":"https:\/\/distribucionarc.com\/de\/wp-json\/wp\/v2\/product"}],"about":[{"href":"https:\/\/distribucionarc.com\/de\/wp-json\/wp\/v2\/types\/product"}],"replies":[{"embeddable":true,"href":"https:\/\/distribucionarc.com\/de\/wp-json\/wp\/v2\/comments?post=1306"}],"version-history":[{"count":0,"href":"https:\/\/distribucionarc.com\/de\/wp-json\/wp\/v2\/product\/1306\/revisions"}],"wp:featuredmedia":[{"embeddable":true,"href":"https:\/\/distribucionarc.com\/de\/wp-json\/wp\/v2\/media\/1708"}],"wp:attachment":[{"href":"https:\/\/distribucionarc.com\/de\/wp-json\/wp\/v2\/media?parent=1306"}],"wp:term":[{"taxonomy":"product_brand","embeddable":true,"href":"https:\/\/distribucionarc.com\/de\/wp-json\/wp\/v2\/product_brand?post=1306"},{"taxonomy":"product_cat","embeddable":true,"href":"https:\/\/distribucionarc.com\/de\/wp-json\/wp\/v2\/product_cat?post=1306"},{"taxonomy":"product_tag","embeddable":true,"href":"https:\/\/distribucionarc.com\/de\/wp-json\/wp\/v2\/product_tag?post=1306"}],"curies":[{"name":"wp","href":"https:\/\/api.w.org\/{rel}","templated":true}]}}