{"id":14,"date":"2020-04-14T20:21:33","date_gmt":"2020-04-14T20:21:33","guid":{"rendered":"https:\/\/distribucionarc.com\/?post_type=product&#038;p=14"},"modified":"2025-05-08T21:40:38","modified_gmt":"2025-05-08T19:40:38","slug":"pneumatikkolben-flussigkeitsfuller-1000-ml-%f0%9f%a7%b4","status":"publish","type":"product","link":"https:\/\/distribucionarc.com\/de\/producto\/llenadora-de-liquidos-piston-neumatico-1000ml-%f0%9f%a7%b4\/","title":{"rendered":"Pneumatischer Saugkolben, Fl\u00fcssigkeitsf\u00fcller, Abf\u00fcllung, Abgabe von 1000 ml?"},"content":{"rendered":"<p>Anwendung:<\/p>\n<p>Der pneumatische F\u00fcller der GFA-Serie kann zum Abf\u00fcllen von Cremes und Fl\u00fcssigkeiten verwendet werden und wird h\u00e4ufig in den Bereichen Chemie, Lebensmittel, Getr\u00e4nke und Pharmaindustrie eingesetzt.<\/p>\n<p>Diese Maschine ist optimal aufgebaut und besteht aus einem pneumatischen Kolben, der die pneumatisch angetriebene Struktur implementiert. Das Geh\u00e4use und alle verbundenen Teile mit Materialien bestehen standardm\u00e4\u00dfig aus SS304-Edelstahl. Die Innenw\u00e4nde der Hauptteile bestehen aus poliertem Stahl mit einer Rauheit von ra \u2264 0,2\u20130,4 um, was den Anforderungen der GMP-Zertifizierung entspricht, daher ist es rostfrei und korrosionsbest\u00e4ndig, au\u00dferdem kann der Benutzer das Volumen und die F\u00fcllgeschwindigkeit im Inneren anpassen den ben\u00f6tigten Typ<\/p>\n<p>Mit dieser Dosiermaschine kann eine Abf\u00fcllmaschine hydrologisches Gel abgeben<\/p>\n<p>Maschinenbedienung<\/p>\n<p>Spezifikationen:<\/p>\n<p>Stahlk\u00f6rpermaschine<\/p>\n<ol>\n<li>1.Edelstahl<\/li>\n<\/ol>\n<p>Design des Drehventilsystems<\/p>\n<ol start=\"2\">\n<li>2. Kolbenf\u00fcllmodus<\/li>\n<li>3. Reifen<\/li>\n<li>4. Kolbenvorschubgeschwindigkeit einstellbar<\/li>\n<li>5. Rostschutz, Hauptf\u00fcllstelle und einstellbare H\u00f6he<\/li>\n<\/ol>\n<p>F\u00fcllgenauigkeit<\/p>\n<ol start=\"6\">\n<li>6.Hoch (+\/-1%)<\/li>\n<li>7. Leicht zu reinigen und zu warten<\/li>\n<\/ol>\n<p>Edelstahl der G\u00fcteklasse<\/p>\n<ol start=\"8\">\n<li>8. Einfache Montage und Demontage von pneumatischen Teilen.<\/li>\n<li>9. halbautomatisch oder automatisch<\/li>\n<li>10. Einstellung des Luftdruckeinlasses<\/li>\n<li>einstellbares F\u00fcllvolumen<\/li>\n<\/ol>\n<p>Technischer Parameter:<\/p>\n<p>Nachf\u00fcllbereich: 90 ml\u20131000 ml<\/p>\n<p>Anwendbarer Druck: 0,4\u20130,9 MPA<\/p>\n<p>F\u00fcllgeschwindigkeit: 40 Flaschen pro Minute<\/p>\n<p>Nettogewicht: 25 kg<\/p>\n<p>Leistung: 220 V<\/p>\n<p>F\u00fcllkopf: 1<\/p>\n<p>Maschinenabmessungen: 1000*350*355mm<\/p>\n<p>Automatische Sortierung: halbautomatisch<\/p>\n<p>Antriebsart: pneumatisch und elektrisch<\/p>\n<p>Material: Edelstahl SS304<\/p>\n<p>Maschinenabmessungen: 1000*350*355mm<\/p>\n<p><iframe loading=\"lazy\" src=\"https:\/\/www.youtube.com\/embed\/saMORv2poEk\" width=\"560\" height=\"315\" frameborder=\"0\" allowfullscreen=\"allowfullscreen\"><\/iframe><\/p>","protected":false},"excerpt":{"rendered":"<p>Pneumatisches Abf\u00fcllger\u00e4t 90ML \u27a1\ufe0f1000ML Abf\u00fcllmaschine f\u00fcr Shampoo, \u00d6l, Wasser, Parf\u00fcm<\/p>\n<p>halbautomatischer Flaschenf\u00fcller<\/p>\n<p>PNEUMATISCHE FL\u00dcSSIGKEITSF\u00dcLLMASCHINE F\u00dcR SHAMPOO, \u00d6L, PARF\u00dcM, WASSERGEL<\/p>\n<p>90ML \u27a1\ufe0f1000ML<\/p>\n<p>Sie k\u00f6nnen verschiedene Arten von Fl\u00fcssigkeiten wie Shampoo, \u00d6l, Wasser, Parf\u00fcm und chemisches Gel dosieren. Sie k\u00f6nnen unterschiedliche Produktmengen von 90 ml bis 1000 ml dosieren<\/p>","protected":false},"featured_media":15,"comment_status":"open","ping_status":"closed","template":"","meta":{"wds_primary_product_brand":0,"wds_primary_product_cat":0},"product_brand":[],"product_cat":[18,19,74,73,321],"product_tag":[],"class_list":{"0":"post-14","1":"product","2":"type-product","3":"status-publish","4":"has-post-thumbnail","6":"product_cat-dosificadoras","7":"product_cat-dosificadoras-de-liquidos","8":"product_cat-llenadoras-de-botellas","9":"product_cat-llenadoras-de-liquidos","10":"product_cat-llenadoras-de-piston","12":"first","13":"instock","14":"taxable","15":"shipping-taxable","16":"purchasable","17":"product-type-simple"},"yoast_head":"<!-- This site is optimized with the Yoast SEO Premium plugin v24.9 (Yoast SEO v26.1) - https:\/\/yoast.com\/wordpress\/plugins\/seo\/ -->\n<title>Llenadora de L\u00edquidos Pist\u00f3n Neum\u00e1tico por Succi\u00f3n Embotelladora, Dosificadora 1000 ml ? - distribuci\u00f3n ARC<\/title>\n<meta name=\"robots\" content=\"index, follow, max-snippet:-1, max-image-preview:large, max-video-preview:-1\" \/>\n<link rel=\"canonical\" href=\"https:\/\/distribucionarc.com\/de\/produkt-2\/pneumatikkolben-flussigkeitsfuller-1000-ml-\ud83e\uddf4\/\" \/>\n<meta property=\"og:locale\" content=\"de_DE\" \/>\n<meta property=\"og:type\" content=\"article\" \/>\n<meta property=\"og:title\" content=\"Llenadora de L\u00edquidos Pist\u00f3n Neum\u00e1tico por Succi\u00f3n Embotelladora, Dosificadora 1000 ml ?\" \/>\n<meta property=\"og:description\" content=\"Dispositivo de embotellado neum\u00e1tico 90ML \u27a1\ufe0f 1000ML m\u00e1quina de rellenar para el champ\u00fa, aceite, agua, perfume  llenadora de botellas semiautom\u00e1tica  MAQUINA DE LLENADO DE LIQUIDO NEUMATICA PARA CHAMPU, ACEITE, PERFUME DE AGUA GEL  90 ML \u27a1\ufe0f 1000 ML  Usted puede dosificar diversas clases de l\u00edquidos como champ\u00fa, aceite, agua, perfume, y gel el producto qu\u00edmico. Puede dosificar diferentes cantidades de producto que van desde los 90 Ml \u27a1\ufe0f1000 Ml\" \/>\n<meta property=\"og:url\" content=\"https:\/\/distribucionarc.com\/de\/produkt-2\/pneumatikkolben-flussigkeitsfuller-1000-ml-\ud83e\uddf4\/\" \/>\n<meta property=\"og:site_name\" content=\"distribuci\u00f3n ARC\" \/>\n<meta property=\"article:modified_time\" content=\"2025-05-08T19:40:38+00:00\" \/>\n<meta property=\"og:image\" content=\"https:\/\/distribucionarc.com\/wp-content\/uploads\/2020\/04\/llenadora_de_liquidos_0.jpg\" \/>\n\t<meta property=\"og:image:width\" content=\"1001\" \/>\n\t<meta property=\"og:image:height\" content=\"1001\" \/>\n\t<meta property=\"og:image:type\" content=\"image\/jpeg\" \/>\n<meta name=\"twitter:card\" content=\"summary_large_image\" \/>\n<meta name=\"twitter:label1\" content=\"Gesch\u00e4tzte Lesezeit\" \/>\n\t<meta name=\"twitter:data1\" content=\"2\u00a0Minuten\" \/>\n<script type=\"application\/ld+json\" class=\"yoast-schema-graph\">{\"@context\":\"https:\/\/schema.org\",\"@graph\":[{\"@type\":\"WebPage\",\"@id\":\"https:\/\/distribucionarc.com\/hr\/producto\/llenadora-de-liquidos-piston-neumatico-1000ml-%f0%9f%a7%b4\/\",\"url\":\"https:\/\/distribucionarc.com\/hr\/producto\/llenadora-de-liquidos-piston-neumatico-1000ml-%f0%9f%a7%b4\/\",\"name\":\"Llenadora de L\u00edquidos Pist\u00f3n Neum\u00e1tico por Succi\u00f3n Embotelladora, Dosificadora 1000 ml ? - distribuci\u00f3n ARC\",\"isPartOf\":{\"@id\":\"https:\/\/distribucionarc.com\/de\/#website\"},\"primaryImageOfPage\":{\"@id\":\"https:\/\/distribucionarc.com\/hr\/producto\/llenadora-de-liquidos-piston-neumatico-1000ml-%f0%9f%a7%b4\/#primaryimage\"},\"image\":{\"@id\":\"https:\/\/distribucionarc.com\/hr\/producto\/llenadora-de-liquidos-piston-neumatico-1000ml-%f0%9f%a7%b4\/#primaryimage\"},\"thumbnailUrl\":\"https:\/\/distribucionarc.com\/wp-content\/uploads\/2020\/04\/llenadora_de_liquidos_0.jpg\",\"datePublished\":\"2020-04-14T20:21:33+00:00\",\"dateModified\":\"2025-05-08T19:40:38+00:00\",\"breadcrumb\":{\"@id\":\"https:\/\/distribucionarc.com\/hr\/producto\/llenadora-de-liquidos-piston-neumatico-1000ml-%f0%9f%a7%b4\/#breadcrumb\"},\"inLanguage\":\"de\",\"potentialAction\":[{\"@type\":\"ReadAction\",\"target\":[\"https:\/\/distribucionarc.com\/hr\/producto\/llenadora-de-liquidos-piston-neumatico-1000ml-%f0%9f%a7%b4\/\"]}]},{\"@type\":\"ImageObject\",\"inLanguage\":\"de\",\"@id\":\"https:\/\/distribucionarc.com\/hr\/producto\/llenadora-de-liquidos-piston-neumatico-1000ml-%f0%9f%a7%b4\/#primaryimage\",\"url\":\"https:\/\/distribucionarc.com\/wp-content\/uploads\/2020\/04\/llenadora_de_liquidos_0.jpg\",\"contentUrl\":\"https:\/\/distribucionarc.com\/wp-content\/uploads\/2020\/04\/llenadora_de_liquidos_0.jpg\",\"width\":1001,\"height\":1001},{\"@type\":\"BreadcrumbList\",\"@id\":\"https:\/\/distribucionarc.com\/hr\/producto\/llenadora-de-liquidos-piston-neumatico-1000ml-%f0%9f%a7%b4\/#breadcrumb\",\"itemListElement\":[{\"@type\":\"ListItem\",\"position\":1,\"name\":\"Portada\",\"item\":\"https:\/\/distribucionarc.com\/pl\/\"},{\"@type\":\"ListItem\",\"position\":2,\"name\":\"Produkty\",\"item\":\"https:\/\/distribucionarc.com\/pl\/shop\/\"},{\"@type\":\"ListItem\",\"position\":3,\"name\":\"Llenadora de L\u00edquidos Pist\u00f3n Neum\u00e1tico por Succi\u00f3n Embotelladora, Dosificadora 1000 ml ?\"}]},{\"@type\":\"WebSite\",\"@id\":\"https:\/\/distribucionarc.com\/de\/#website\",\"url\":\"https:\/\/distribucionarc.com\/de\/\",\"name\":\"distribuci\u00f3n ARC\",\"description\":\"Empresa especializada en la fabricaci\u00f3n y distribuci\u00f3n de maquinaria industrial, selladoras de latas, Maquinas de hacer pastillas, Maquinas de cortar carne...\",\"publisher\":{\"@id\":\"https:\/\/distribucionarc.com\/de\/#organization\"},\"potentialAction\":[{\"@type\":\"SearchAction\",\"target\":{\"@type\":\"EntryPoint\",\"urlTemplate\":\"https:\/\/distribucionarc.com\/de\/?s={search_term_string}\"},\"query-input\":{\"@type\":\"PropertyValueSpecification\",\"valueRequired\":true,\"valueName\":\"search_term_string\"}}],\"inLanguage\":\"de\"},{\"@type\":\"Organization\",\"@id\":\"https:\/\/distribucionarc.com\/de\/#organization\",\"name\":\"Distribuci\u00f3n ARC\",\"url\":\"https:\/\/distribucionarc.com\/de\/\",\"logo\":{\"@type\":\"ImageObject\",\"inLanguage\":\"de\",\"@id\":\"https:\/\/distribucionarc.com\/de\/#\/schema\/logo\/image\/\",\"url\":\"https:\/\/distribucionarc.com\/wp-content\/uploads\/2024\/10\/distribucion-ARC-COLOR-SIN-FONDO-e1732295305345.png\",\"contentUrl\":\"https:\/\/distribucionarc.com\/wp-content\/uploads\/2024\/10\/distribucion-ARC-COLOR-SIN-FONDO-e1732295305345.png\",\"width\":1164,\"height\":558,\"caption\":\"Distribuci\u00f3n ARC\"},\"image\":{\"@id\":\"https:\/\/distribucionarc.com\/de\/#\/schema\/logo\/image\/\"},\"description\":\"Empresa especializada en la fabricaci\u00f3n y distribuci\u00f3n de maquinaria industrial para los sectores alimentario y farmac\u00e9utico. Nos especializamos en: M\u00e1quinas de cortar carne Fabricaci\u00f3n de comprimidos Sistemas de transporte industrial L\u00edneas de embotellado Dosificadores Y mucho m\u00e1s... Ofrecemos soluciones innovadoras y personalizadas para optimizar los procesos productivos de tu empresa.\",\"email\":\"Admistracion@distribucionarc.com\",\"telephone\":\"+34 643496664\",\"legalName\":\"ARC TECH SOLUTIONS\",\"foundingDate\":\"2024-04-09\",\"vatID\":\"B55480172\",\"numberOfEmployees\":{\"@type\":\"QuantitativeValue\",\"minValue\":\"1\",\"maxValue\":\"10\"}}]}<\/script>\n<!-- \/ Yoast SEO Premium plugin. -->","yoast_head_json":{"title":"Pneumatischer Saugkolben, Fl\u00fcssigkeitsf\u00fcller, Abf\u00fcllung, Abgabe von 1000 ml? - ARC-Verteilung","robots":{"index":"index","follow":"follow","max-snippet":"max-snippet:-1","max-image-preview":"max-image-preview:large","max-video-preview":"max-video-preview:-1"},"canonical":"https:\/\/distribucionarc.com\/de\/produkt-2\/pneumatikkolben-flussigkeitsfuller-1000-ml-\ud83e\uddf4\/","og_locale":"de_DE","og_type":"article","og_title":"Llenadora de L\u00edquidos Pist\u00f3n Neum\u00e1tico por Succi\u00f3n Embotelladora, Dosificadora 1000 ml ?","og_description":"Dispositivo de embotellado neum\u00e1tico 90ML \u27a1\ufe0f 1000ML m\u00e1quina de rellenar para el champ\u00fa, aceite, agua, perfume  llenadora de botellas semiautom\u00e1tica  MAQUINA DE LLENADO DE LIQUIDO NEUMATICA PARA CHAMPU, ACEITE, PERFUME DE AGUA GEL  90 ML \u27a1\ufe0f 1000 ML  Usted puede dosificar diversas clases de l\u00edquidos como champ\u00fa, aceite, agua, perfume, y gel el producto qu\u00edmico. Puede dosificar diferentes cantidades de producto que van desde los 90 Ml \u27a1\ufe0f1000 Ml","og_url":"https:\/\/distribucionarc.com\/de\/produkt-2\/pneumatikkolben-flussigkeitsfuller-1000-ml-\ud83e\uddf4\/","og_site_name":"distribuci\u00f3n ARC","article_modified_time":"2025-05-08T19:40:38+00:00","og_image":[{"width":1001,"height":1001,"url":"https:\/\/distribucionarc.com\/wp-content\/uploads\/2020\/04\/llenadora_de_liquidos_0.jpg","type":"image\/jpeg"}],"twitter_card":"summary_large_image","twitter_misc":{"Gesch\u00e4tzte Lesezeit":"2\u00a0Minuten"},"schema":{"@context":"https:\/\/schema.org","@graph":[{"@type":"WebPage","@id":"https:\/\/distribucionarc.com\/hr\/producto\/llenadora-de-liquidos-piston-neumatico-1000ml-%f0%9f%a7%b4\/","url":"https:\/\/distribucionarc.com\/hr\/producto\/llenadora-de-liquidos-piston-neumatico-1000ml-%f0%9f%a7%b4\/","name":"Pneumatischer Saugkolben, Fl\u00fcssigkeitsf\u00fcller, Abf\u00fcllung, Abgabe von 1000 ml? - ARC-Verteilung","isPartOf":{"@id":"https:\/\/distribucionarc.com\/de\/#website"},"primaryImageOfPage":{"@id":"https:\/\/distribucionarc.com\/hr\/producto\/llenadora-de-liquidos-piston-neumatico-1000ml-%f0%9f%a7%b4\/#primaryimage"},"image":{"@id":"https:\/\/distribucionarc.com\/hr\/producto\/llenadora-de-liquidos-piston-neumatico-1000ml-%f0%9f%a7%b4\/#primaryimage"},"thumbnailUrl":"https:\/\/distribucionarc.com\/wp-content\/uploads\/2020\/04\/llenadora_de_liquidos_0.jpg","datePublished":"2020-04-14T20:21:33+00:00","dateModified":"2025-05-08T19:40:38+00:00","breadcrumb":{"@id":"https:\/\/distribucionarc.com\/hr\/producto\/llenadora-de-liquidos-piston-neumatico-1000ml-%f0%9f%a7%b4\/#breadcrumb"},"inLanguage":"de","potentialAction":[{"@type":"ReadAction","target":["https:\/\/distribucionarc.com\/hr\/producto\/llenadora-de-liquidos-piston-neumatico-1000ml-%f0%9f%a7%b4\/"]}]},{"@type":"ImageObject","inLanguage":"de","@id":"https:\/\/distribucionarc.com\/hr\/producto\/llenadora-de-liquidos-piston-neumatico-1000ml-%f0%9f%a7%b4\/#primaryimage","url":"https:\/\/distribucionarc.com\/wp-content\/uploads\/2020\/04\/llenadora_de_liquidos_0.jpg","contentUrl":"https:\/\/distribucionarc.com\/wp-content\/uploads\/2020\/04\/llenadora_de_liquidos_0.jpg","width":1001,"height":1001},{"@type":"BreadcrumbList","@id":"https:\/\/distribucionarc.com\/hr\/producto\/llenadora-de-liquidos-piston-neumatico-1000ml-%f0%9f%a7%b4\/#breadcrumb","itemListElement":[{"@type":"ListItem","position":1,"name":"Portada","item":"https:\/\/distribucionarc.com\/pl\/"},{"@type":"ListItem","position":2,"name":"Produkty","item":"https:\/\/distribucionarc.com\/pl\/shop\/"},{"@type":"ListItem","position":3,"name":"Llenadora de L\u00edquidos Pist\u00f3n Neum\u00e1tico por Succi\u00f3n Embotelladora, Dosificadora 1000 ml ?"}]},{"@type":"WebSite","@id":"https:\/\/distribucionarc.com\/de\/#website","url":"https:\/\/distribucionarc.com\/de\/","name":"ARC-Verteilung","description":"Das Unternehmen ist auf die Herstellung und den Vertrieb von Industriemaschinen, Dosenverschlie\u00dfmaschinen, Tablettenmaschinen, Fleischschneidemaschinen...","publisher":{"@id":"https:\/\/distribucionarc.com\/de\/#organization"},"potentialAction":[{"@type":"SearchAction","target":{"@type":"EntryPoint","urlTemplate":"https:\/\/distribucionarc.com\/de\/?s={search_term_string}"},"query-input":{"@type":"PropertyValueSpecification","valueRequired":true,"valueName":"search_term_string"}}],"inLanguage":"de"},{"@type":"Organization","@id":"https:\/\/distribucionarc.com\/de\/#organization","name":"ARC-Verteilung","url":"https:\/\/distribucionarc.com\/de\/","logo":{"@type":"ImageObject","inLanguage":"de","@id":"https:\/\/distribucionarc.com\/de\/#\/schema\/logo\/image\/","url":"https:\/\/distribucionarc.com\/wp-content\/uploads\/2024\/10\/distribucion-ARC-COLOR-SIN-FONDO-e1732295305345.png","contentUrl":"https:\/\/distribucionarc.com\/wp-content\/uploads\/2024\/10\/distribucion-ARC-COLOR-SIN-FONDO-e1732295305345.png","width":1164,"height":558,"caption":"Distribuci\u00f3n ARC"},"image":{"@id":"https:\/\/distribucionarc.com\/de\/#\/schema\/logo\/image\/"},"description":"Unternehmen, das auf die Herstellung und den Vertrieb von Industriemaschinen f\u00fcr den Lebensmittel- und Pharmasektor spezialisiert ist. Wir sind spezialisiert auf: Fleischschneidemaschinen Tablettenherstellung Industrielle F\u00f6rdersysteme Abf\u00fcllanlagen Dispenser Und vieles mehr... Wir bieten innovative und ma\u00dfgeschneiderte L\u00f6sungen zur Optimierung der Produktionsprozesse in Ihrem Unternehmen.","email":"Admistracion@distribucionarc.com","telephone":"+34 643496664","legalName":"ARC TECH SOLUTIONS","foundingDate":"2024-04-09","vatID":"B55480172","numberOfEmployees":{"@type":"QuantitativeValue","minValue":"1","maxValue":"10"}}]}},"_links":{"self":[{"href":"https:\/\/distribucionarc.com\/de\/wp-json\/wp\/v2\/product\/14","targetHints":{"allow":["GET"]}}],"collection":[{"href":"https:\/\/distribucionarc.com\/de\/wp-json\/wp\/v2\/product"}],"about":[{"href":"https:\/\/distribucionarc.com\/de\/wp-json\/wp\/v2\/types\/product"}],"replies":[{"embeddable":true,"href":"https:\/\/distribucionarc.com\/de\/wp-json\/wp\/v2\/comments?post=14"}],"version-history":[{"count":1,"href":"https:\/\/distribucionarc.com\/de\/wp-json\/wp\/v2\/product\/14\/revisions"}],"predecessor-version":[{"id":17461,"href":"https:\/\/distribucionarc.com\/de\/wp-json\/wp\/v2\/product\/14\/revisions\/17461"}],"wp:featuredmedia":[{"embeddable":true,"href":"https:\/\/distribucionarc.com\/de\/wp-json\/wp\/v2\/media\/15"}],"wp:attachment":[{"href":"https:\/\/distribucionarc.com\/de\/wp-json\/wp\/v2\/media?parent=14"}],"wp:term":[{"taxonomy":"product_brand","embeddable":true,"href":"https:\/\/distribucionarc.com\/de\/wp-json\/wp\/v2\/product_brand?post=14"},{"taxonomy":"product_cat","embeddable":true,"href":"https:\/\/distribucionarc.com\/de\/wp-json\/wp\/v2\/product_cat?post=14"},{"taxonomy":"product_tag","embeddable":true,"href":"https:\/\/distribucionarc.com\/de\/wp-json\/wp\/v2\/product_tag?post=14"}],"curies":[{"name":"wp","href":"https:\/\/api.w.org\/{rel}","templated":true}]}}