{"id":1456,"date":"2020-07-24T18:54:07","date_gmt":"2020-07-24T18:54:07","guid":{"rendered":"https:\/\/distribucionarc.com\/?post_type=product&#038;p=1456"},"modified":"2020-09-29T18:47:32","modified_gmt":"2020-09-29T18:47:32","slug":"eiswurfelmaschine-150-kg","status":"publish","type":"product","link":"https:\/\/distribucionarc.com\/de\/producto\/maquina-para-cubitos-de-hielo-150-kg\/","title":{"rendered":"Eisw\u00fcrfelmaschine 150 kg"},"content":{"rendered":"<h3>Eismaschine f\u00fcr Eisw\u00fcrfel 150 kg<\/h3>\n<p>Der\u00a0<strong>Eismaschine<\/strong>\u00a0ist ausgestattet mit einem<strong>\u00a0automatisches Schutzsystem<\/strong>\u00a0die bei vollem Eis oder Wassermangel automatisch anhalten kann, wodurch Unf\u00e4lle effektiv vermieden werden.<\/p>\n<p>Es verwendet den importierten SECOP-Kompressor, der \u00fcber einen leistungsstarken Kernel verf\u00fcgt und ger\u00e4uschlos betrieben werden kann.\u00a0<span style=\"color: #008000;\"><strong>Es erm\u00f6glicht Ihnen Energieeinsparungen und tr\u00e4gt zur Umweltfreundlichkeit bei.<\/strong><\/span>, kann die Effizienz der Eisproduktion maximieren.<\/p>\n<p>Der<strong>\u00a0Eismaschine<\/strong>\u00a0von<span style=\"color: #ff0000;\">\u00a0<\/span><strong><span style=\"color: #ff0000;\">ZU<\/span><span style=\"color: #0000ff;\">R<\/span>C<\/strong> Es ist von einer doppelschichtigen Schaumstoffisolierung umgeben, die nach einem Stromausfall 3\u20135 Stunden lang wirksam verhindern kann, dass Eisw\u00fcrfel schmelzen. Das visualisierte Design erm\u00f6glicht einen direkten Blick auf den Innenraum, ohne dass die Abdeckung entfernt werden muss. Ausgestattet mit einer 125-teiligen (12 x 13) Multi-Raster-Eisschale<strong> W\u00fcrfelmaschine <span style=\"color: #ff0000;\">ZU<\/span><span style=\"color: #0000ff;\">R<\/span>CMCH150<\/strong> ist in der Lage, etwa (150-160 kg) exquisite Produkte zu produzieren <strong>kristallklare Eisw\u00fcrfel<\/strong> alle 24 Stunden. Mit der starken K\u00fchlfunktion und dem Start der zweiten Geschwindigkeit kann die Dicke der Eisw\u00fcrfel je nach Bedarf frei eingestellt werden (bei der ersten Eisbereitung dauert es etwa 20 Minuten, dann 10-15 Minuten f\u00fcr jede Eisplatte). .<\/p>\n<p>Das <strong>Eismaschine\u00a0<span style=\"color: #ff0000;\">ZU<\/span><span style=\"color: #0000ff;\">R<\/span>C<\/strong>\u00a0 Es ist mit einem intelligenten Touch-LCD-Panel ausgestattet, mit dem sich die Temperatur pr\u00e4zise steuern und die Zeit einstellen l\u00e4sst. Aufgrund der Backup-Funktion kann der Eisbereiter nachts ausgeschaltet und morgens wieder gestartet werden<\/p>\n<p>Der\u00a0<strong>Eisw\u00fcrfelmaschine<\/strong>\u00a0d\u00fcrfen\u00a0<span style=\"color: #00ccff;\"><strong>automatisch reinigen<\/strong><\/span>\u00a0in etwa 30 Minuten mit nur einer Taste, was Ihnen Zeit und M\u00fche spart. Benutzen Sie die\u00a0<span style=\"color: #800080;\"><strong>NANO-UV-Blaulicht<\/strong><\/span>, Das<span style=\"color: #00ccff;\"><span style=\"color: #000000;\">\u00a0<\/span><strong><span style=\"color: #000000;\">tr\u00e4gt zur Innenbeleuchtung bei und<\/span>\u00a0<span style=\"color: #000000;\">Ist<\/span> wirksam zur Sterilisation<\/strong><\/span>.<\/p>\n<h6><\/h6>\n<h6><strong>Garantie\u00a0<span style=\"color: #ff0000;\">ZU<\/span><span style=\"color: #0000ff;\">R<\/span>C 2 JAHRE<\/strong><\/h6>\n<h6><span style=\"color: #008000;\"><strong>Effiziente Eisw\u00fcrfelmaschine, geringer Verbrauch 750 W<\/strong><\/span><\/h6>\n<h6><strong>Technischer Support inklusive<\/strong><\/h6>\n<p>&nbsp;<\/p>\n<table role=\"presentation\" width=\"100%\" cellspacing=\"0\" cellpadding=\"0\">\n<tbody>\n<tr>\n<td class=\"attrLabels\">Leistung:<\/td>\n<td width=\"50.0%\">750W<\/td>\n<\/tr>\n<tr>\n<td class=\"attrLabels\">Stromspannung:<\/td>\n<td width=\"50.0%\">220V \u2013 240V, 50Hz<\/td>\n<td class=\"attrLabels\">Gewicht:<\/td>\n<td width=\"50.0%\">64kg<\/td>\n<\/tr>\n<tr>\n<td class=\"attrLabels\">Vertriebsland:<\/td>\n<td width=\"50.0%\">Spanien, Deutschland, USA<\/td>\n<td class=\"attrLabels\">H\u00f6he:<\/td>\n<td width=\"50.0%\">170cm<\/td>\n<\/tr>\n<tr>\n<td class=\"attrLabels\">Marke:<\/td>\n<td width=\"50.0%\">BOGEN<\/td>\n<td class=\"attrLabels\">Lang:<\/td>\n<td width=\"50.0%\">57cm<\/td>\n<\/tr>\n<tr>\n<td class=\"attrLabels\">Produkttyp:<\/td>\n<td width=\"50.0%\">Eisw\u00fcrfelmaschine<\/td>\n<td class=\"attrLabels\">Breit:<\/td>\n<td width=\"50.0%\">\u00a086cm<\/td>\n<\/tr>\n<tr>\n<td class=\"attrLabels\">Herstellernummer:<\/td>\n<td width=\"50.0%\">ARCMCH150<\/td>\n<td class=\"attrLabels\">Arbeitsgeschwindigkeit:<\/td>\n<td width=\"50.0%\">\u00a0150 kg pro 24 Stunden<\/td>\n<\/tr>\n<tr>\n<td class=\"attrLabels\">Material:<\/td>\n<td width=\"50.0%\">Edelstahl, LCD-Touchscreen, UV-Blaulicht, optimierter Motor, Ablaufpumpe<\/td>\n<td class=\"attrLabels\">Eisw\u00fcrfelgr\u00f6\u00dfe:<\/td>\n<td width=\"50.0%\">22x22x22mm<\/td>\n<\/tr>\n<tr>\n<td class=\"attrLabels\">Farbe:<\/td>\n<td width=\"50.0%\">Silber<\/td>\n<td class=\"attrLabels\">Lagerung:<\/td>\n<td width=\"50.0%\">100kg<\/td>\n<\/tr>\n<tr>\n<td class=\"attrLabels\">Installationswerkzeuge:<\/td>\n<td width=\"50.0%\">Ja<\/td>\n<td class=\"attrLabels\">Garantie:<\/td>\n<td width=\"50.0%\">2 JAHRE<\/td>\n<\/tr>\n<\/tbody>\n<\/table>","protected":false},"excerpt":{"rendered":"<h2>Eismaschine f\u00fcr Eisw\u00fcrfel 150 kg<\/h2>\n<p>Verschwenden Sie keine Zeit mehr mit dem Kauf von Eisbeuteln\u00a0<strong>Eisw\u00fcrfelmaschinen<\/strong>\u00a0von<span style=\"color: #ff0000;\">\u00a0<\/span><strong><span style=\"color: #ff0000;\">ZU<\/span><span style=\"color: #0000ff;\">R<\/span>C;<\/strong> Sie m\u00fcssen nirgendwo hingehen, um Ihre Vorr\u00e4te immer voll zu haben, indem Sie sie aufbewahren, w\u00e4hrend weiteres Eis hergestellt wird.<\/p>\n<p>Das\u00a0<strong>Eismaschine\u00a0<span style=\"color: #ff0000;\">ZU<\/span><span style=\"color: #0000ff;\">R<\/span>C<\/strong>\u00a0Hohe Qualit\u00e4t, hergestellt aus hochwertigem Edelstahl, speziell f\u00fcr Lebensmittel, mit doppellagiger Schaumstoffisolierung.  Der\u00a0<strong>Eisw\u00fcrfelmaschine<\/strong><span style=\"color: #ff0000;\">\u00a0<\/span><strong><span style=\"color: #ff0000;\">ZU<\/span><span style=\"color: #0000ff;\">R<\/span>CMCH150<\/strong>\u00a0hat eine Kapazit\u00e4t von\u00a0<strong>Eisproduktion von 150 kg in 24 Stunden<\/strong> und eine Eisspeicherkapazit\u00e4t von 140 kg, mit dem <strong>Eismaschine<\/strong>\u00a0Sie k\u00f6nnen die Dicke der W\u00fcrfel nach Bedarf anpassen.<\/p>\n<h6><strong>Garantie\u00a0<span style=\"color: #ff0000;\">ZU<\/span><span style=\"color: #0000ff;\">R<\/span>C 2 JAHRE<\/strong><\/h6>\n<h6><span style=\"color: #008000;\"><strong>Effiziente Eisw\u00fcrfelmaschine, geringer Verbrauch 750 W<\/strong><\/span><\/h6>\n<h6><strong>Technischer Support inklusive<\/strong><\/h6>","protected":false},"featured_media":1457,"comment_status":"open","ping_status":"closed","template":"","meta":{"wds_primary_product_brand":0,"wds_primary_product_cat":0},"product_brand":[],"product_cat":[59],"product_tag":[],"class_list":{"0":"post-1456","1":"product","2":"type-product","3":"status-publish","4":"has-post-thumbnail","6":"product_cat-hielo","7":"product_shipping_class-hosteleria","9":"first","10":"instock","11":"sale","12":"taxable","13":"shipping-taxable","14":"purchasable","15":"product-type-simple"},"yoast_head":"<!-- This site is optimized with the Yoast SEO Premium plugin v24.9 (Yoast SEO v26.1) - https:\/\/yoast.com\/wordpress\/plugins\/seo\/ -->\n<title>M\u00e1quina para cubitos de hielo 150 Kg - distribuci\u00f3n ARC<\/title>\n<meta name=\"robots\" content=\"index, follow, max-snippet:-1, max-image-preview:large, max-video-preview:-1\" \/>\n<link rel=\"canonical\" href=\"https:\/\/distribucionarc.com\/de\/produkt-2\/eiswurfelmaschine-150-kg\/\" \/>\n<meta property=\"og:locale\" content=\"de_DE\" \/>\n<meta property=\"og:type\" content=\"article\" \/>\n<meta property=\"og:title\" content=\"M\u00e1quina para cubitos de hielo 150 Kg\" \/>\n<meta property=\"og:description\" content=\"M\u00e1quina de hielo para cubitos de hielo 150 Kg No pierdas m\u00e1s el tiempo comprando sacos de hielo, con las\u00a0m\u00e1quinas para cubitos de hielo\u00a0de\u00a0ARC; no tendr\u00e1s que ir a ning\u00fan lado para tener tus reservas siempre llenas, al almacenarlo mientras se va fabricando m\u00e1s hielo.  Esta\u00a0m\u00e1quina de hielo\u00a0ARC\u00a0de alta calidad est\u00e1 hecha de acero inoxidable de la mejor calidad, especial para alimentos con aislamiento de espuma de doble capa. \u00a0La\u00a0m\u00e1quina para cubitos de hielo\u00a0ARCMCH150\u00a0cuenta con una capacidad de\u00a0producci\u00f3n de hielo de 150 Kg en 24 horas y una capacidad de almacenamiento de hielo de 140 Kg, con la m\u00e1quina de hielo\u00a0usted podr\u00e1 ajustar el grosor de los cubitos seg\u00fan le sea necesario. Garant\u00eda\u00a0ARC 2 A\u00d1OS Maquina para cubitos de hielo eficiente, bajo consumo 750w soporte t\u00e9cnico\u00a0incluido\" \/>\n<meta property=\"og:url\" content=\"https:\/\/distribucionarc.com\/de\/produkt-2\/eiswurfelmaschine-150-kg\/\" \/>\n<meta property=\"og:site_name\" content=\"distribuci\u00f3n ARC\" \/>\n<meta property=\"article:modified_time\" content=\"2020-09-29T18:47:32+00:00\" \/>\n<meta property=\"og:image\" content=\"https:\/\/distribucionarc.com\/wp-content\/uploads\/2020\/07\/M\u00e1quina-para-cubitos-de-hielo-150-Kg-0.jpg\" \/>\n\t<meta property=\"og:image:width\" content=\"1600\" \/>\n\t<meta property=\"og:image:height\" content=\"1600\" \/>\n\t<meta property=\"og:image:type\" content=\"image\/jpeg\" \/>\n<meta name=\"twitter:card\" content=\"summary_large_image\" \/>\n<meta name=\"twitter:label1\" content=\"Gesch\u00e4tzte Lesezeit\" \/>\n\t<meta name=\"twitter:data1\" content=\"2\u00a0Minuten\" \/>\n<script type=\"application\/ld+json\" class=\"yoast-schema-graph\">{\"@context\":\"https:\/\/schema.org\",\"@graph\":[{\"@type\":\"WebPage\",\"@id\":\"https:\/\/distribucionarc.com\/ar\/producto\/maquina-para-cubitos-de-hielo-150-kg\/\",\"url\":\"https:\/\/distribucionarc.com\/ar\/producto\/maquina-para-cubitos-de-hielo-150-kg\/\",\"name\":\"M\u00e1quina para cubitos de hielo 150 Kg - distribuci\u00f3n ARC\",\"isPartOf\":{\"@id\":\"https:\/\/distribucionarc.com\/en\/#website\"},\"primaryImageOfPage\":{\"@id\":\"https:\/\/distribucionarc.com\/ar\/producto\/maquina-para-cubitos-de-hielo-150-kg\/#primaryimage\"},\"image\":{\"@id\":\"https:\/\/distribucionarc.com\/ar\/producto\/maquina-para-cubitos-de-hielo-150-kg\/#primaryimage\"},\"thumbnailUrl\":\"https:\/\/distribucionarc.com\/wp-content\/uploads\/2020\/07\/M\u00e1quina-para-cubitos-de-hielo-150-Kg-0.jpg\",\"datePublished\":\"2020-07-24T18:54:07+00:00\",\"dateModified\":\"2020-09-29T18:47:32+00:00\",\"breadcrumb\":{\"@id\":\"https:\/\/distribucionarc.com\/ar\/producto\/maquina-para-cubitos-de-hielo-150-kg\/#breadcrumb\"},\"inLanguage\":\"de\",\"potentialAction\":[{\"@type\":\"ReadAction\",\"target\":[\"https:\/\/distribucionarc.com\/ar\/producto\/maquina-para-cubitos-de-hielo-150-kg\/\"]}]},{\"@type\":\"ImageObject\",\"inLanguage\":\"de\",\"@id\":\"https:\/\/distribucionarc.com\/ar\/producto\/maquina-para-cubitos-de-hielo-150-kg\/#primaryimage\",\"url\":\"https:\/\/distribucionarc.com\/wp-content\/uploads\/2020\/07\/M\u00e1quina-para-cubitos-de-hielo-150-Kg-0.jpg\",\"contentUrl\":\"https:\/\/distribucionarc.com\/wp-content\/uploads\/2020\/07\/M\u00e1quina-para-cubitos-de-hielo-150-Kg-0.jpg\",\"width\":1600,\"height\":1600,\"caption\":\"M\u00e1quina para cubitos de hielo 150 Kg\"},{\"@type\":\"BreadcrumbList\",\"@id\":\"https:\/\/distribucionarc.com\/ar\/producto\/maquina-para-cubitos-de-hielo-150-kg\/#breadcrumb\",\"itemListElement\":[{\"@type\":\"ListItem\",\"position\":1,\"name\":\"Portada\",\"item\":\"https:\/\/jagdesd.tempurl.host\/\"},{\"@type\":\"ListItem\",\"position\":2,\"name\":\"Productos\",\"item\":\"https:\/\/jagdesd.tempurl.host\/shop\/\"},{\"@type\":\"ListItem\",\"position\":3,\"name\":\"M\u00e1quina para cubitos de hielo 150 Kg\"}]},{\"@type\":\"WebSite\",\"@id\":\"https:\/\/distribucionarc.com\/en\/#website\",\"url\":\"https:\/\/distribucionarc.com\/en\/\",\"name\":\"distribuci\u00f3n ARC\",\"description\":\"Empresa especializada en la fabricaci\u00f3n y distribuci\u00f3n de maquinaria industrial, selladoras de latas, Maquinas de hacer pastillas, Maquinas de cortar carne...\",\"publisher\":{\"@id\":\"https:\/\/distribucionarc.com\/en\/#organization\"},\"potentialAction\":[{\"@type\":\"SearchAction\",\"target\":{\"@type\":\"EntryPoint\",\"urlTemplate\":\"https:\/\/distribucionarc.com\/en\/?s={search_term_string}\"},\"query-input\":{\"@type\":\"PropertyValueSpecification\",\"valueRequired\":true,\"valueName\":\"search_term_string\"}}],\"inLanguage\":\"de\"},{\"@type\":\"Organization\",\"@id\":\"https:\/\/distribucionarc.com\/en\/#organization\",\"name\":\"Distribuci\u00f3n ARC\",\"url\":\"https:\/\/distribucionarc.com\/en\/\",\"logo\":{\"@type\":\"ImageObject\",\"inLanguage\":\"de\",\"@id\":\"https:\/\/distribucionarc.com\/en\/#\/schema\/logo\/image\/\",\"url\":\"https:\/\/distribucionarc.com\/wp-content\/uploads\/2024\/10\/distribucion-ARC-COLOR-SIN-FONDO-e1732295305345.png\",\"contentUrl\":\"https:\/\/distribucionarc.com\/wp-content\/uploads\/2024\/10\/distribucion-ARC-COLOR-SIN-FONDO-e1732295305345.png\",\"width\":1164,\"height\":558,\"caption\":\"Distribuci\u00f3n ARC\"},\"image\":{\"@id\":\"https:\/\/distribucionarc.com\/en\/#\/schema\/logo\/image\/\"},\"description\":\"Empresa especializada en la fabricaci\u00f3n y distribuci\u00f3n de maquinaria industrial para los sectores alimentario y farmac\u00e9utico. Nos especializamos en: M\u00e1quinas de cortar carne Fabricaci\u00f3n de comprimidos Sistemas de transporte industrial L\u00edneas de embotellado Dosificadores Y mucho m\u00e1s... Ofrecemos soluciones innovadoras y personalizadas para optimizar los procesos productivos de tu empresa.\",\"email\":\"Admistracion@distribucionarc.com\",\"telephone\":\"+34 643496664\",\"legalName\":\"ARC TECH SOLUTIONS\",\"foundingDate\":\"2024-04-09\",\"vatID\":\"B55480172\",\"numberOfEmployees\":{\"@type\":\"QuantitativeValue\",\"minValue\":\"1\",\"maxValue\":\"10\"}}]}<\/script>\n<!-- \/ Yoast SEO Premium plugin. -->","yoast_head_json":{"title":"Eisw\u00fcrfelmaschine 150 kg \u2013 ARC-Verteilung","robots":{"index":"index","follow":"follow","max-snippet":"max-snippet:-1","max-image-preview":"max-image-preview:large","max-video-preview":"max-video-preview:-1"},"canonical":"https:\/\/distribucionarc.com\/de\/produkt-2\/eiswurfelmaschine-150-kg\/","og_locale":"de_DE","og_type":"article","og_title":"M\u00e1quina para cubitos de hielo 150 Kg","og_description":"M\u00e1quina de hielo para cubitos de hielo 150 Kg No pierdas m\u00e1s el tiempo comprando sacos de hielo, con las\u00a0m\u00e1quinas para cubitos de hielo\u00a0de\u00a0ARC; no tendr\u00e1s que ir a ning\u00fan lado para tener tus reservas siempre llenas, al almacenarlo mientras se va fabricando m\u00e1s hielo.  Esta\u00a0m\u00e1quina de hielo\u00a0ARC\u00a0de alta calidad est\u00e1 hecha de acero inoxidable de la mejor calidad, especial para alimentos con aislamiento de espuma de doble capa. \u00a0La\u00a0m\u00e1quina para cubitos de hielo\u00a0ARCMCH150\u00a0cuenta con una capacidad de\u00a0producci\u00f3n de hielo de 150 Kg en 24 horas y una capacidad de almacenamiento de hielo de 140 Kg, con la m\u00e1quina de hielo\u00a0usted podr\u00e1 ajustar el grosor de los cubitos seg\u00fan le sea necesario. Garant\u00eda\u00a0ARC 2 A\u00d1OS Maquina para cubitos de hielo eficiente, bajo consumo 750w soporte t\u00e9cnico\u00a0incluido","og_url":"https:\/\/distribucionarc.com\/de\/produkt-2\/eiswurfelmaschine-150-kg\/","og_site_name":"distribuci\u00f3n ARC","article_modified_time":"2020-09-29T18:47:32+00:00","og_image":[{"width":1600,"height":1600,"url":"https:\/\/distribucionarc.com\/wp-content\/uploads\/2020\/07\/M\u00e1quina-para-cubitos-de-hielo-150-Kg-0.jpg","type":"image\/jpeg"}],"twitter_card":"summary_large_image","twitter_misc":{"Gesch\u00e4tzte Lesezeit":"2\u00a0Minuten"},"schema":{"@context":"https:\/\/schema.org","@graph":[{"@type":"WebPage","@id":"https:\/\/distribucionarc.com\/ar\/producto\/maquina-para-cubitos-de-hielo-150-kg\/","url":"https:\/\/distribucionarc.com\/ar\/producto\/maquina-para-cubitos-de-hielo-150-kg\/","name":"Eisw\u00fcrfelmaschine 150 kg \u2013 ARC-Verteilung","isPartOf":{"@id":"https:\/\/distribucionarc.com\/en\/#website"},"primaryImageOfPage":{"@id":"https:\/\/distribucionarc.com\/ar\/producto\/maquina-para-cubitos-de-hielo-150-kg\/#primaryimage"},"image":{"@id":"https:\/\/distribucionarc.com\/ar\/producto\/maquina-para-cubitos-de-hielo-150-kg\/#primaryimage"},"thumbnailUrl":"https:\/\/distribucionarc.com\/wp-content\/uploads\/2020\/07\/M\u00e1quina-para-cubitos-de-hielo-150-Kg-0.jpg","datePublished":"2020-07-24T18:54:07+00:00","dateModified":"2020-09-29T18:47:32+00:00","breadcrumb":{"@id":"https:\/\/distribucionarc.com\/ar\/producto\/maquina-para-cubitos-de-hielo-150-kg\/#breadcrumb"},"inLanguage":"de","potentialAction":[{"@type":"ReadAction","target":["https:\/\/distribucionarc.com\/ar\/producto\/maquina-para-cubitos-de-hielo-150-kg\/"]}]},{"@type":"ImageObject","inLanguage":"de","@id":"https:\/\/distribucionarc.com\/ar\/producto\/maquina-para-cubitos-de-hielo-150-kg\/#primaryimage","url":"https:\/\/distribucionarc.com\/wp-content\/uploads\/2020\/07\/M\u00e1quina-para-cubitos-de-hielo-150-Kg-0.jpg","contentUrl":"https:\/\/distribucionarc.com\/wp-content\/uploads\/2020\/07\/M\u00e1quina-para-cubitos-de-hielo-150-Kg-0.jpg","width":1600,"height":1600,"caption":"M\u00e1quina para cubitos de hielo 150 Kg"},{"@type":"BreadcrumbList","@id":"https:\/\/distribucionarc.com\/ar\/producto\/maquina-para-cubitos-de-hielo-150-kg\/#breadcrumb","itemListElement":[{"@type":"ListItem","position":1,"name":"Portada","item":"https:\/\/jagdesd.tempurl.host\/"},{"@type":"ListItem","position":2,"name":"Productos","item":"https:\/\/jagdesd.tempurl.host\/shop\/"},{"@type":"ListItem","position":3,"name":"M\u00e1quina para cubitos de hielo 150 Kg"}]},{"@type":"WebSite","@id":"https:\/\/distribucionarc.com\/en\/#website","url":"https:\/\/distribucionarc.com\/en\/","name":"ARC-Verteilung","description":"Das Unternehmen ist auf die Herstellung und den Vertrieb von Industriemaschinen, Dosenverschlie\u00dfmaschinen, Tablettenmaschinen, Fleischschneidemaschinen...","publisher":{"@id":"https:\/\/distribucionarc.com\/en\/#organization"},"potentialAction":[{"@type":"SearchAction","target":{"@type":"EntryPoint","urlTemplate":"https:\/\/distribucionarc.com\/en\/?s={search_term_string}"},"query-input":{"@type":"PropertyValueSpecification","valueRequired":true,"valueName":"search_term_string"}}],"inLanguage":"de"},{"@type":"Organization","@id":"https:\/\/distribucionarc.com\/en\/#organization","name":"ARC-Verteilung","url":"https:\/\/distribucionarc.com\/en\/","logo":{"@type":"ImageObject","inLanguage":"de","@id":"https:\/\/distribucionarc.com\/en\/#\/schema\/logo\/image\/","url":"https:\/\/distribucionarc.com\/wp-content\/uploads\/2024\/10\/distribucion-ARC-COLOR-SIN-FONDO-e1732295305345.png","contentUrl":"https:\/\/distribucionarc.com\/wp-content\/uploads\/2024\/10\/distribucion-ARC-COLOR-SIN-FONDO-e1732295305345.png","width":1164,"height":558,"caption":"Distribuci\u00f3n ARC"},"image":{"@id":"https:\/\/distribucionarc.com\/en\/#\/schema\/logo\/image\/"},"description":"Unternehmen, das auf die Herstellung und den Vertrieb von Industriemaschinen f\u00fcr den Lebensmittel- und Pharmasektor spezialisiert ist. Wir sind spezialisiert auf: Fleischschneidemaschinen Tablettenherstellung Industrielle F\u00f6rdersysteme Abf\u00fcllanlagen Dispenser Und vieles mehr... Wir bieten innovative und ma\u00dfgeschneiderte L\u00f6sungen zur Optimierung der Produktionsprozesse in Ihrem Unternehmen.","email":"Admistracion@distribucionarc.com","telephone":"+34 643496664","legalName":"ARC TECH SOLUTIONS","foundingDate":"2024-04-09","vatID":"B55480172","numberOfEmployees":{"@type":"QuantitativeValue","minValue":"1","maxValue":"10"}}]}},"_links":{"self":[{"href":"https:\/\/distribucionarc.com\/de\/wp-json\/wp\/v2\/product\/1456","targetHints":{"allow":["GET"]}}],"collection":[{"href":"https:\/\/distribucionarc.com\/de\/wp-json\/wp\/v2\/product"}],"about":[{"href":"https:\/\/distribucionarc.com\/de\/wp-json\/wp\/v2\/types\/product"}],"replies":[{"embeddable":true,"href":"https:\/\/distribucionarc.com\/de\/wp-json\/wp\/v2\/comments?post=1456"}],"version-history":[{"count":0,"href":"https:\/\/distribucionarc.com\/de\/wp-json\/wp\/v2\/product\/1456\/revisions"}],"wp:featuredmedia":[{"embeddable":true,"href":"https:\/\/distribucionarc.com\/de\/wp-json\/wp\/v2\/media\/1457"}],"wp:attachment":[{"href":"https:\/\/distribucionarc.com\/de\/wp-json\/wp\/v2\/media?parent=1456"}],"wp:term":[{"taxonomy":"product_brand","embeddable":true,"href":"https:\/\/distribucionarc.com\/de\/wp-json\/wp\/v2\/product_brand?post=1456"},{"taxonomy":"product_cat","embeddable":true,"href":"https:\/\/distribucionarc.com\/de\/wp-json\/wp\/v2\/product_cat?post=1456"},{"taxonomy":"product_tag","embeddable":true,"href":"https:\/\/distribucionarc.com\/de\/wp-json\/wp\/v2\/product_tag?post=1456"}],"curies":[{"name":"wp","href":"https:\/\/api.w.org\/{rel}","templated":true}]}}