{"id":1530,"date":"2020-07-27T09:21:21","date_gmt":"2020-07-27T09:21:21","guid":{"rendered":"https:\/\/distribucionarc.com\/?post_type=product&#038;p=1530"},"modified":"2020-09-27T10:12:39","modified_gmt":"2020-09-27T10:12:39","slug":"profi-pommes-cutter","status":"publish","type":"product","link":"https:\/\/distribucionarc.com\/de\/producto\/cortador-de-patatas-fritas-profesional\/","title":{"rendered":"Professioneller Pommes-Frites-Schneider"},"content":{"rendered":"<h3>Professioneller Pommes-Frites-Schneider<\/h3>\n<p>Der<strong> elektrischer Kartoffelschneider <span style=\"color: #ff0000;\">ZU<\/span><span style=\"color: #0000ff;\">R<\/span><\/strong>C ist aus lebensmittelechtem Edelstahl gefertigt, robust und langlebig. Der gro\u00dfe, robuste Standfu\u00df verhindert wirksam das Umkippen der Maschine.<\/p>\n<p>Effiziente Schneidarbeiten lassen sich problemlos mit einer Hand erledigen. Der Schalter steuert die Vorw\u00e4rts- und R\u00fcckw\u00e4rtsbewegung der Klingenform.<\/p>\n<p>Er<strong> elektrischer Kartoffelschneider <span style=\"color: #ff0000;\">ZU<\/span><span style=\"color: #0000ff;\">R<\/span>CCPP1<\/strong> Im Lieferumfang sind drei Klingenformen in verschiedenen Gr\u00f6\u00dfen enthalten, darunter eine 8 x 8 mm gro\u00dfe Klinge, eine 10 x 10 mm gro\u00dfe Klinge und eine 12 x 12 mm gro\u00dfe Klinge. Blatt. Inklusive zus\u00e4tzlicher Edelstahlsch\u00fcssel.<\/p>\n<p>Wenn der elektrische Kartoffelschneider w\u00e4hrend des Betriebs die gew\u00fcnschte Position erreicht, wird die Schutzvorrichtung aktiviert, um die Stromversorgung automatisch zu unterbrechen.<\/p>\n<p>Die Klingenformen und Druckbl\u00f6cke sind abnehmbar, sodass sie zur einfachen Reinigung und Wartung einfach zusammengebaut werden k\u00f6nnen.<\/p>\n<p>Wird h\u00e4ufig zur Verarbeitung einiger Rohstoffe zu Kartoffeln und Pommes Frites verwendet. Besonders geeignet f\u00fcr weiches und halbweiches Obst und Gem\u00fcse.<\/p>\n<h6>Garantie<strong>\u00a0<span style=\"color: #ff0000;\">ZU<\/span><span style=\"color: #0000ff;\">R<\/span>C<\/strong><\/h6>\n<h6><span style=\"color: #008000;\"><strong>Professioneller Pommes-Frites-Schneider, geringer Verbrauch, 20 W<\/strong><\/span><\/h6>\n<h6>Technischer Support inklusive<\/h6>\n<p>&nbsp;<\/p>\n<table role=\"presentation\" width=\"100%\" cellspacing=\"0\" cellpadding=\"0\">\n<tbody>\n<tr>\n<td class=\"attrLabels\">Garantie:<\/td>\n<td width=\"50.0%\">\u00a0ARC 2 JAHRE<\/td>\n<\/tr>\n<tr>\n<td class=\"attrLabels\">Vertriebsland:<\/td>\n<td width=\"50.0%\">Spanien, Deutschland, USA<\/td>\n<td class=\"attrLabels\">Gewicht:<\/td>\n<td width=\"50.0%\">8,2 kg<\/td>\n<\/tr>\n<tr>\n<td class=\"attrLabels\">Marke:<\/td>\n<td width=\"50.0%\">BOGEN<\/td>\n<td class=\"attrLabels\">H\u00f6he:<\/td>\n<td width=\"50.0%\">\u00a051cm<\/td>\n<\/tr>\n<tr>\n<td class=\"attrLabels\">Farbe:<\/td>\n<td width=\"50.0%\">Silber<\/td>\n<td class=\"attrLabels\">Lang:<\/td>\n<td width=\"50.0%\">22cm<\/td>\n<\/tr>\n<tr>\n<td class=\"attrLabels\">Produkttyp:<\/td>\n<td width=\"50.0%\">Hei\u00dfluftfritteuse<\/td>\n<td class=\"attrLabels\">Breit:<\/td>\n<td width=\"50.0%\">26cm<\/td>\n<\/tr>\n<tr>\n<td class=\"attrLabels\">Herstellernummer:<\/td>\n<td width=\"50.0%\">ARCCPP1<\/td>\n<td class=\"attrLabels\">Leistung:<\/td>\n<td width=\"50.0%\">20W<\/td>\n<\/tr>\n<tr>\n<td class=\"attrLabels\">Material:<\/td>\n<td width=\"50.0%\">Edelstahl<\/td>\n<td class=\"attrLabels\">Eingangsspannung<\/td>\n<td width=\"50.0%\">220V \u2013 50Hz<\/td>\n<\/tr>\n<tr>\n<td class=\"attrLabels\">Schnittart:<\/td>\n<td width=\"50.0%\">\u00a08\u00d78mm \/ 10\u00d710mm \/ 12\u00d712mm<\/td>\n<td class=\"attrLabels\"><\/td>\n<td width=\"50.0%\"><\/td>\n<\/tr>\n<tr>\n<td class=\"attrLabels\">Installationswerkzeuge:<\/td>\n<td width=\"50.0%\">Ja<\/td>\n<td class=\"attrLabels\"><\/td>\n<td width=\"50.0%\"><\/td>\n<\/tr>\n<\/tbody>\n<\/table>","protected":false},"excerpt":{"rendered":"<h2>Professioneller Pommes-Frites-Schneider<\/h2>\n<p>Er<strong> Elektrischer Pommes-Frites-Schneider<\/strong> von <strong><span style=\"color: #ff0000;\">ZU<\/span><span style=\"color: #0000ff;\">R<\/span>C<\/strong> Es verleiht Ihren selbstgemachten Kartoffeln einen professionellen Schnitt und spart Ihnen Zeit und Geld.<\/p>\n<p>Das <strong>Elektrischer Pommes-Frites-Schneider<\/strong> Es erfordert keinen Arbeitsaufwand, spart viel Zeit und M\u00fche bei der Vorbereitung und vermeidet Verletzungen durch die Klingen. Es wird h\u00e4ufig in Fastfood-Restaurants, Kantinen und Privath\u00e4usern zur Verarbeitung von Rohstoffen zu Kartoffeln und Pommes Frites eingesetzt, was sehr praktisch und arbeitssparend ist.<\/p>\n<h6>Garantie<strong>\u00a0<span style=\"color: #ff0000;\">ZU<\/span><span style=\"color: #0000ff;\">R<\/span>C<\/strong><\/h6>\n<h6><span style=\"color: #008000;\"><strong>Professioneller Pommes-Frites-Schneider, geringer Verbrauch, 20 W<\/strong><\/span><\/h6>\n<h6>Technischer Support inklusive<\/h6>\n<p>&nbsp;<\/p>\n<p>&nbsp;<\/p>","protected":false},"featured_media":1537,"comment_status":"open","ping_status":"closed","template":"","meta":{"wds_primary_product_brand":0,"wds_primary_product_cat":0},"product_brand":[],"product_cat":[43],"product_tag":[],"class_list":{"0":"post-1530","1":"product","2":"type-product","3":"status-publish","4":"has-post-thumbnail","6":"product_cat-cortadoras-de-alimentos","7":"product_shipping_class-hosteleria","9":"first","10":"instock","11":"sale","12":"taxable","13":"shipping-taxable","14":"purchasable","15":"product-type-simple"},"yoast_head":"<!-- This site is optimized with the Yoast SEO Premium plugin v24.9 (Yoast SEO v26.1) - https:\/\/yoast.com\/wordpress\/plugins\/seo\/ -->\n<title>Cortador de patatas fritas profesional - distribuci\u00f3n ARC<\/title>\n<meta name=\"robots\" content=\"index, follow, max-snippet:-1, max-image-preview:large, max-video-preview:-1\" \/>\n<link rel=\"canonical\" href=\"https:\/\/distribucionarc.com\/de\/produkt-2\/profi-pommes-cutter\/\" \/>\n<meta property=\"og:locale\" content=\"de_DE\" \/>\n<meta property=\"og:type\" content=\"article\" \/>\n<meta property=\"og:title\" content=\"Cortador de patatas fritas profesional\" \/>\n<meta property=\"og:description\" content=\"Cortador de patatas fritas profesional El cortador de patatas fritas el\u00e9ctrica de ARC har\u00e1 que sus patatas caseras tengan un corte de profesional, ahorre tiempo y dinero.  Este cortador de patatas fritas el\u00e9ctricas no requiere ning\u00fan mano de obra, ahorra mucho tiempo y esfuerzo en la preparaci\u00f3n y evita lesiones causadas por las cuchillas. A menudo se utiliza en restaurantes de comida r\u00e1pida, comedores y casas particulares para procesar materias primas en papas y patatas fritas, que es muy pr\u00e1ctico y ahorra mano de obra Garant\u00eda\u00a0ARC Cortador de patatas fritas profesional, bajo consumo 20w soporte t\u00e9cnico\u00a0incluido &nbsp;  &nbsp;\" \/>\n<meta property=\"og:url\" content=\"https:\/\/distribucionarc.com\/de\/produkt-2\/profi-pommes-cutter\/\" \/>\n<meta property=\"og:site_name\" content=\"distribuci\u00f3n ARC\" \/>\n<meta property=\"article:modified_time\" content=\"2020-09-27T10:12:39+00:00\" \/>\n<meta property=\"og:image\" content=\"https:\/\/distribucionarc.com\/wp-content\/uploads\/2020\/07\/Cortador-de-patatas-fritas-profesional-0.jpg\" \/>\n\t<meta property=\"og:image:width\" content=\"1600\" \/>\n\t<meta property=\"og:image:height\" content=\"1600\" \/>\n\t<meta property=\"og:image:type\" content=\"image\/jpeg\" \/>\n<meta name=\"twitter:card\" content=\"summary_large_image\" \/>\n<meta name=\"twitter:label1\" content=\"Gesch\u00e4tzte Lesezeit\" \/>\n\t<meta name=\"twitter:data1\" content=\"1\u00a0Minute\" \/>\n<script type=\"application\/ld+json\" class=\"yoast-schema-graph\">{\"@context\":\"https:\/\/schema.org\",\"@graph\":[{\"@type\":\"WebPage\",\"@id\":\"https:\/\/distribucionarc.com\/de\/producto\/cortador-de-patatas-fritas-profesional\/\",\"url\":\"https:\/\/distribucionarc.com\/de\/producto\/cortador-de-patatas-fritas-profesional\/\",\"name\":\"Cortador de patatas fritas profesional - distribuci\u00f3n ARC\",\"isPartOf\":{\"@id\":\"https:\/\/www.distribucionarc.com\/de\/#website\"},\"primaryImageOfPage\":{\"@id\":\"https:\/\/distribucionarc.com\/de\/producto\/cortador-de-patatas-fritas-profesional\/#primaryimage\"},\"image\":{\"@id\":\"https:\/\/distribucionarc.com\/de\/producto\/cortador-de-patatas-fritas-profesional\/#primaryimage\"},\"thumbnailUrl\":\"https:\/\/distribucionarc.com\/wp-content\/uploads\/2020\/07\/Cortador-de-patatas-fritas-profesional-0.jpg\",\"datePublished\":\"2020-07-27T09:21:21+00:00\",\"dateModified\":\"2020-09-27T10:12:39+00:00\",\"breadcrumb\":{\"@id\":\"https:\/\/distribucionarc.com\/de\/producto\/cortador-de-patatas-fritas-profesional\/#breadcrumb\"},\"inLanguage\":\"de\",\"potentialAction\":[{\"@type\":\"ReadAction\",\"target\":[\"https:\/\/distribucionarc.com\/de\/producto\/cortador-de-patatas-fritas-profesional\/\"]}]},{\"@type\":\"ImageObject\",\"inLanguage\":\"de\",\"@id\":\"https:\/\/distribucionarc.com\/de\/producto\/cortador-de-patatas-fritas-profesional\/#primaryimage\",\"url\":\"https:\/\/distribucionarc.com\/wp-content\/uploads\/2020\/07\/Cortador-de-patatas-fritas-profesional-0.jpg\",\"contentUrl\":\"https:\/\/distribucionarc.com\/wp-content\/uploads\/2020\/07\/Cortador-de-patatas-fritas-profesional-0.jpg\",\"width\":1600,\"height\":1600,\"caption\":\"Cortador de patatas fritas profesional\"},{\"@type\":\"BreadcrumbList\",\"@id\":\"https:\/\/distribucionarc.com\/de\/producto\/cortador-de-patatas-fritas-profesional\/#breadcrumb\",\"itemListElement\":[{\"@type\":\"ListItem\",\"position\":1,\"name\":\"Portada\",\"item\":\"https:\/\/www.distribucionarc.com\/en\/\"},{\"@type\":\"ListItem\",\"position\":2,\"name\":\"Products\",\"item\":\"https:\/\/www.distribucionarc.com\/en\/shop\/\"},{\"@type\":\"ListItem\",\"position\":3,\"name\":\"Cortador de patatas fritas profesional\"}]},{\"@type\":\"WebSite\",\"@id\":\"https:\/\/www.distribucionarc.com\/de\/#website\",\"url\":\"https:\/\/www.distribucionarc.com\/de\/\",\"name\":\"distribuci\u00f3n ARC\",\"description\":\"Empresa especializada en la fabricaci\u00f3n y distribuci\u00f3n de maquinaria industrial, selladoras de latas, Maquinas de hacer pastillas, Maquinas de cortar carne...\",\"publisher\":{\"@id\":\"https:\/\/www.distribucionarc.com\/de\/#organization\"},\"potentialAction\":[{\"@type\":\"SearchAction\",\"target\":{\"@type\":\"EntryPoint\",\"urlTemplate\":\"https:\/\/www.distribucionarc.com\/de\/?s={search_term_string}\"},\"query-input\":{\"@type\":\"PropertyValueSpecification\",\"valueRequired\":true,\"valueName\":\"search_term_string\"}}],\"inLanguage\":\"de\"},{\"@type\":\"Organization\",\"@id\":\"https:\/\/www.distribucionarc.com\/de\/#organization\",\"name\":\"Distribuci\u00f3n ARC\",\"url\":\"https:\/\/www.distribucionarc.com\/de\/\",\"logo\":{\"@type\":\"ImageObject\",\"inLanguage\":\"de\",\"@id\":\"https:\/\/www.distribucionarc.com\/de\/#\/schema\/logo\/image\/\",\"url\":\"https:\/\/distribucionarc.com\/wp-content\/uploads\/2024\/10\/distribucion-ARC-COLOR-SIN-FONDO-e1732295305345.png\",\"contentUrl\":\"https:\/\/distribucionarc.com\/wp-content\/uploads\/2024\/10\/distribucion-ARC-COLOR-SIN-FONDO-e1732295305345.png\",\"width\":1164,\"height\":558,\"caption\":\"Distribuci\u00f3n ARC\"},\"image\":{\"@id\":\"https:\/\/www.distribucionarc.com\/de\/#\/schema\/logo\/image\/\"},\"description\":\"Empresa especializada en la fabricaci\u00f3n y distribuci\u00f3n de maquinaria industrial para los sectores alimentario y farmac\u00e9utico. Nos especializamos en: M\u00e1quinas de cortar carne Fabricaci\u00f3n de comprimidos Sistemas de transporte industrial L\u00edneas de embotellado Dosificadores Y mucho m\u00e1s... Ofrecemos soluciones innovadoras y personalizadas para optimizar los procesos productivos de tu empresa.\",\"email\":\"Admistracion@distribucionarc.com\",\"telephone\":\"+34 643496664\",\"legalName\":\"ARC TECH SOLUTIONS\",\"foundingDate\":\"2024-04-09\",\"vatID\":\"B55480172\",\"numberOfEmployees\":{\"@type\":\"QuantitativeValue\",\"minValue\":\"1\",\"maxValue\":\"10\"}}]}<\/script>\n<!-- \/ Yoast SEO Premium plugin. -->","yoast_head_json":{"title":"Professioneller Pommes-Frites-Schneider \u2013 ARC-Vertrieb","robots":{"index":"index","follow":"follow","max-snippet":"max-snippet:-1","max-image-preview":"max-image-preview:large","max-video-preview":"max-video-preview:-1"},"canonical":"https:\/\/distribucionarc.com\/de\/produkt-2\/profi-pommes-cutter\/","og_locale":"de_DE","og_type":"article","og_title":"Cortador de patatas fritas profesional","og_description":"Cortador de patatas fritas profesional El cortador de patatas fritas el\u00e9ctrica de ARC har\u00e1 que sus patatas caseras tengan un corte de profesional, ahorre tiempo y dinero.  Este cortador de patatas fritas el\u00e9ctricas no requiere ning\u00fan mano de obra, ahorra mucho tiempo y esfuerzo en la preparaci\u00f3n y evita lesiones causadas por las cuchillas. A menudo se utiliza en restaurantes de comida r\u00e1pida, comedores y casas particulares para procesar materias primas en papas y patatas fritas, que es muy pr\u00e1ctico y ahorra mano de obra Garant\u00eda\u00a0ARC Cortador de patatas fritas profesional, bajo consumo 20w soporte t\u00e9cnico\u00a0incluido &nbsp;  &nbsp;","og_url":"https:\/\/distribucionarc.com\/de\/produkt-2\/profi-pommes-cutter\/","og_site_name":"distribuci\u00f3n ARC","article_modified_time":"2020-09-27T10:12:39+00:00","og_image":[{"width":1600,"height":1600,"url":"https:\/\/distribucionarc.com\/wp-content\/uploads\/2020\/07\/Cortador-de-patatas-fritas-profesional-0.jpg","type":"image\/jpeg"}],"twitter_card":"summary_large_image","twitter_misc":{"Gesch\u00e4tzte Lesezeit":"1\u00a0Minute"},"schema":{"@context":"https:\/\/schema.org","@graph":[{"@type":"WebPage","@id":"https:\/\/distribucionarc.com\/de\/producto\/cortador-de-patatas-fritas-profesional\/","url":"https:\/\/distribucionarc.com\/de\/producto\/cortador-de-patatas-fritas-profesional\/","name":"Professioneller Pommes-Frites-Schneider \u2013 ARC-Vertrieb","isPartOf":{"@id":"https:\/\/www.distribucionarc.com\/de\/#website"},"primaryImageOfPage":{"@id":"https:\/\/distribucionarc.com\/de\/producto\/cortador-de-patatas-fritas-profesional\/#primaryimage"},"image":{"@id":"https:\/\/distribucionarc.com\/de\/producto\/cortador-de-patatas-fritas-profesional\/#primaryimage"},"thumbnailUrl":"https:\/\/distribucionarc.com\/wp-content\/uploads\/2020\/07\/Cortador-de-patatas-fritas-profesional-0.jpg","datePublished":"2020-07-27T09:21:21+00:00","dateModified":"2020-09-27T10:12:39+00:00","breadcrumb":{"@id":"https:\/\/distribucionarc.com\/de\/producto\/cortador-de-patatas-fritas-profesional\/#breadcrumb"},"inLanguage":"de","potentialAction":[{"@type":"ReadAction","target":["https:\/\/distribucionarc.com\/de\/producto\/cortador-de-patatas-fritas-profesional\/"]}]},{"@type":"ImageObject","inLanguage":"de","@id":"https:\/\/distribucionarc.com\/de\/producto\/cortador-de-patatas-fritas-profesional\/#primaryimage","url":"https:\/\/distribucionarc.com\/wp-content\/uploads\/2020\/07\/Cortador-de-patatas-fritas-profesional-0.jpg","contentUrl":"https:\/\/distribucionarc.com\/wp-content\/uploads\/2020\/07\/Cortador-de-patatas-fritas-profesional-0.jpg","width":1600,"height":1600,"caption":"Cortador de patatas fritas profesional"},{"@type":"BreadcrumbList","@id":"https:\/\/distribucionarc.com\/de\/producto\/cortador-de-patatas-fritas-profesional\/#breadcrumb","itemListElement":[{"@type":"ListItem","position":1,"name":"Portada","item":"https:\/\/www.distribucionarc.com\/en\/"},{"@type":"ListItem","position":2,"name":"Products","item":"https:\/\/www.distribucionarc.com\/en\/shop\/"},{"@type":"ListItem","position":3,"name":"Cortador de patatas fritas profesional"}]},{"@type":"WebSite","@id":"https:\/\/www.distribucionarc.com\/de\/#website","url":"https:\/\/www.distribucionarc.com\/de\/","name":"ARC-Verteilung","description":"Das Unternehmen ist auf die Herstellung und den Vertrieb von Industriemaschinen, Dosenverschlie\u00dfmaschinen, Tablettenmaschinen, Fleischschneidemaschinen...","publisher":{"@id":"https:\/\/www.distribucionarc.com\/de\/#organization"},"potentialAction":[{"@type":"SearchAction","target":{"@type":"EntryPoint","urlTemplate":"https:\/\/www.distribucionarc.com\/de\/?s={search_term_string}"},"query-input":{"@type":"PropertyValueSpecification","valueRequired":true,"valueName":"search_term_string"}}],"inLanguage":"de"},{"@type":"Organization","@id":"https:\/\/www.distribucionarc.com\/de\/#organization","name":"ARC-Verteilung","url":"https:\/\/www.distribucionarc.com\/de\/","logo":{"@type":"ImageObject","inLanguage":"de","@id":"https:\/\/www.distribucionarc.com\/de\/#\/schema\/logo\/image\/","url":"https:\/\/distribucionarc.com\/wp-content\/uploads\/2024\/10\/distribucion-ARC-COLOR-SIN-FONDO-e1732295305345.png","contentUrl":"https:\/\/distribucionarc.com\/wp-content\/uploads\/2024\/10\/distribucion-ARC-COLOR-SIN-FONDO-e1732295305345.png","width":1164,"height":558,"caption":"Distribuci\u00f3n ARC"},"image":{"@id":"https:\/\/www.distribucionarc.com\/de\/#\/schema\/logo\/image\/"},"description":"Unternehmen, das auf die Herstellung und den Vertrieb von Industriemaschinen f\u00fcr den Lebensmittel- und Pharmasektor spezialisiert ist. Wir sind spezialisiert auf: Fleischschneidemaschinen Tablettenherstellung Industrielle F\u00f6rdersysteme Abf\u00fcllanlagen Dispenser Und vieles mehr... Wir bieten innovative und ma\u00dfgeschneiderte L\u00f6sungen zur Optimierung der Produktionsprozesse in Ihrem Unternehmen.","email":"Admistracion@distribucionarc.com","telephone":"+34 643496664","legalName":"ARC TECH SOLUTIONS","foundingDate":"2024-04-09","vatID":"B55480172","numberOfEmployees":{"@type":"QuantitativeValue","minValue":"1","maxValue":"10"}}]}},"_links":{"self":[{"href":"https:\/\/distribucionarc.com\/de\/wp-json\/wp\/v2\/product\/1530","targetHints":{"allow":["GET"]}}],"collection":[{"href":"https:\/\/distribucionarc.com\/de\/wp-json\/wp\/v2\/product"}],"about":[{"href":"https:\/\/distribucionarc.com\/de\/wp-json\/wp\/v2\/types\/product"}],"replies":[{"embeddable":true,"href":"https:\/\/distribucionarc.com\/de\/wp-json\/wp\/v2\/comments?post=1530"}],"version-history":[{"count":0,"href":"https:\/\/distribucionarc.com\/de\/wp-json\/wp\/v2\/product\/1530\/revisions"}],"wp:featuredmedia":[{"embeddable":true,"href":"https:\/\/distribucionarc.com\/de\/wp-json\/wp\/v2\/media\/1537"}],"wp:attachment":[{"href":"https:\/\/distribucionarc.com\/de\/wp-json\/wp\/v2\/media?parent=1530"}],"wp:term":[{"taxonomy":"product_brand","embeddable":true,"href":"https:\/\/distribucionarc.com\/de\/wp-json\/wp\/v2\/product_brand?post=1530"},{"taxonomy":"product_cat","embeddable":true,"href":"https:\/\/distribucionarc.com\/de\/wp-json\/wp\/v2\/product_cat?post=1530"},{"taxonomy":"product_tag","embeddable":true,"href":"https:\/\/distribucionarc.com\/de\/wp-json\/wp\/v2\/product_tag?post=1530"}],"curies":[{"name":"wp","href":"https:\/\/api.w.org\/{rel}","templated":true}]}}