{"id":1556,"date":"2020-07-27T17:47:28","date_gmt":"2020-07-27T17:47:28","guid":{"rendered":"https:\/\/distribucionarc.com\/?post_type=product&#038;p=1556"},"modified":"2020-09-27T10:19:49","modified_gmt":"2020-09-27T10:19:49","slug":"fleischschneider-fur-doner-kebab","status":"publish","type":"product","link":"https:\/\/distribucionarc.com\/de\/producto\/cortador-de-carne-para-kebab-doner\/","title":{"rendered":"Fleischschneider f\u00fcr D\u00f6ner Kebab"},"content":{"rendered":"<h3>Fleischschneider f\u00fcr D\u00f6ner Kebab<\/h3>\n<p>Der <strong>Kebabschneider<\/strong> von <strong><span style=\"color: #ff0000;\">ZU<\/span><span style=\"color: #0000ff;\">R<\/span>C<\/strong> Es besteht aus einer Klinge aus geh\u00e4rtetem Edelstahl, um eine lange Lebensdauer der Maschine zu gew\u00e4hrleisten. F\u00fcr hohe Sicherheit ist die Klinge gesch\u00fctzt.<\/p>\n<p>Das <strong>D\u00f6nermesser<\/strong> Mit einer einfachen Entriegelungsschraube l\u00e4sst es sich leicht reinigen, man kann die Schnittst\u00e4rke regulieren, es verf\u00fcgt \u00fcber einen Stein, um die Sch\u00e4rfe der Klinge lange zu erhalten.<\/p>\n<p>Das<strong> Kebabschneider <span style=\"color: #ff0000;\">ZU<\/span><span style=\"color: #0000ff;\">R<\/span>CCK1<\/strong> <span style=\"color: #008000;\"><strong>verbraucht weniger Energie<\/strong><\/span> Der ergonomisch geformte Griff macht die Verwendung komfortabler als die anderen auf dem Markt.<\/p>\n<h6>Garantie<strong><span style=\"color: #ff0000;\">\u00a0ZU<\/span><span style=\"color: #0000ff;\">R<\/span>C<\/strong><\/h6>\n<h6><span style=\"color: #008000;\"><strong>Professioneller D\u00f6nerschneider, geringer Verbrauch, 60 W<\/strong><\/span><\/h6>\n<h6>Technischer Support inklusive<\/h6>\n<p>&nbsp;<\/p>\n<table role=\"presentation\" width=\"100%\" cellspacing=\"0\" cellpadding=\"0\">\n<tbody>\n<tr>\n<td class=\"attrLabels\">Garantie:<\/td>\n<td width=\"50.0%\">ARC 2 JAHRE<\/td>\n<\/tr>\n<tr>\n<td class=\"attrLabels\">Vertriebsland:<\/td>\n<td width=\"50.0%\">Spanien, Deutschland, USA<\/td>\n<td class=\"attrLabels\">Gewicht:<\/td>\n<td width=\"50.0%\">1,50 kg<\/td>\n<\/tr>\n<tr>\n<td class=\"attrLabels\">Marke:<\/td>\n<td width=\"50.0%\">BOGEN<\/td>\n<td class=\"attrLabels\">H\u00f6he:<\/td>\n<td width=\"50.0%\">\u00a027cm<\/td>\n<\/tr>\n<tr>\n<td class=\"attrLabels\">Farbe:<\/td>\n<td width=\"50.0%\">Silber<\/td>\n<td class=\"attrLabels\">Lang:<\/td>\n<td width=\"50.0%\">23cm<\/td>\n<\/tr>\n<tr>\n<td class=\"attrLabels\">Produkttyp:<\/td>\n<td width=\"50.0%\">Professioneller D\u00f6nerschneider<\/td>\n<td class=\"attrLabels\">Breit:<\/td>\n<td width=\"50.0%\">18cm<\/td>\n<\/tr>\n<tr>\n<td class=\"attrLabels\">Herstellernummer:<\/td>\n<td width=\"50.0%\">ARCCK1<\/td>\n<td class=\"attrLabels\">Leistung:<\/td>\n<td width=\"50.0%\">60W<\/td>\n<\/tr>\n<tr>\n<td class=\"attrLabels\">Material:<\/td>\n<td width=\"50.0%\">Edelstahl<\/td>\n<td class=\"attrLabels\">Eingangsspannung<\/td>\n<td width=\"50.0%\">220V \u2013 50Hz<\/td>\n<\/tr>\n<tr>\n<td class=\"attrLabels\">Schnittarten:<\/td>\n<td width=\"50.0%\">0 bis 8 mm<\/td>\n<td class=\"attrLabels\">Klingendurchmesser:<\/td>\n<td width=\"50.0%\">100mm<\/td>\n<\/tr>\n<tr>\n<td class=\"attrLabels\">Installationswerkzeuge:<\/td>\n<td width=\"50.0%\">Ja<\/td>\n<td class=\"attrLabels\">T\u00e4gliche Schnittleistung:<\/td>\n<td width=\"50.0%\">50 bis 70 kg<\/td>\n<\/tr>\n<\/tbody>\n<\/table>\n<p>&nbsp;<\/p>","protected":false},"excerpt":{"rendered":"<h2>Fleischschneider f\u00fcr D\u00f6ner Kebab<\/h2>\n<p>Der <strong>Kebabschneider <span style=\"color: #ff0000;\">ZU<\/span><span style=\"color: #0000ff;\">R<\/span>C<\/strong> Es ist so konzipiert, dass es leicht zu reinigen und zu warten ist: Die Klinge kann mit einer einfachen Feststellschraube entfernt werden.<\/p>\n<p>Das <strong>D\u00f6nerschneider <span style=\"color: #ff0000;\">ZU<\/span><span style=\"color: #0000ff;\">R<\/span>CCK1<\/strong> Es besteht aus hochqualifiziertem Material und ist ein praktisches Netzwerkger\u00e4t, sodass Sie es \u00fcberall verwenden k\u00f6nnen. Die Klinge ist superscharf und schneidet mit Leichtigkeit und Finesse durch Lamm, Huhn und Rind. Der Ring und die Schraube sind verstellbar, Sie k\u00f6nnen ihn auf die gew\u00fcnschte Dicke einstellen. Der D\u00f6nerschneider wird durch einen praktischen Klingenschutz sicher aufbewahrt und der Griff wurde ergonomisch so gestaltet, dass er perfekt in der Hand liegt.<\/p>\n<h6>Garantie<strong><span style=\"color: #ff0000;\">\u00a0ZU<\/span><span style=\"color: #0000ff;\">R<\/span>C<\/strong><\/h6>\n<h6><span style=\"color: #008000;\"><strong>Professioneller D\u00f6nerschneider, geringer Verbrauch, 60 W<\/strong><\/span><\/h6>\n<h6>Technischer Support inklusive<\/h6>\n<p>&nbsp;<\/p>","protected":false},"featured_media":1563,"comment_status":"open","ping_status":"closed","template":"","meta":{"wds_primary_product_brand":0,"wds_primary_product_cat":0},"product_brand":[],"product_cat":[43],"product_tag":[],"class_list":{"0":"post-1556","1":"product","2":"type-product","3":"status-publish","4":"has-post-thumbnail","6":"product_cat-cortadoras-de-alimentos","7":"product_shipping_class-hosteleria","9":"first","10":"instock","11":"sale","12":"taxable","13":"shipping-taxable","14":"purchasable","15":"product-type-simple"},"yoast_head":"<!-- This site is optimized with the Yoast SEO Premium plugin v24.9 (Yoast SEO v26.1) - https:\/\/yoast.com\/wordpress\/plugins\/seo\/ -->\n<title>Cortador de Carne para Kebab D\u00f6ner - distribuci\u00f3n ARC<\/title>\n<meta name=\"robots\" content=\"index, follow, max-snippet:-1, max-image-preview:large, max-video-preview:-1\" \/>\n<link rel=\"canonical\" href=\"https:\/\/distribucionarc.com\/de\/produkt-2\/fleischschneider-fur-doner-kebab\/\" \/>\n<meta property=\"og:locale\" content=\"de_DE\" \/>\n<meta property=\"og:type\" content=\"article\" \/>\n<meta property=\"og:title\" content=\"Cortador de Carne para Kebab D\u00f6ner\" \/>\n<meta property=\"og:description\" content=\"Cortador de Carne para Kebab D\u00f6ner La cortadora de kebab ARC est\u00e1 dise\u00f1ada para que sea f\u00e1cil de limpiar y mantener: la hoja se puede quitar con un simple tornillo de bloqueo.  Este cortador de kebab ARCCK1 est\u00e1 hecho de material altamente calificado y es un pr\u00e1ctico dispositivo de red para que pueda usarlo en cualquier lugar. La hoja es s\u00faper afilada, por lo que cortar\u00e1 a trav\u00e9s de cordero, pollo, ternera, con facilidad y finura. El anillo y el tornillo es ajustable, se puede ajustar para el espesor deseado. El cortador de kebab se mantiene seguro con un pr\u00e1ctico protector de la hoja y el mango ha sido dise\u00f1ado ergon\u00f3micamente para que encaje perfectamente en la mano. Garant\u00eda\u00a0ARC Cortador de kebab profesional, bajo consumo 60w soporte t\u00e9cnico\u00a0incluido &nbsp;\" \/>\n<meta property=\"og:url\" content=\"https:\/\/distribucionarc.com\/de\/produkt-2\/fleischschneider-fur-doner-kebab\/\" \/>\n<meta property=\"og:site_name\" content=\"distribuci\u00f3n ARC\" \/>\n<meta property=\"article:modified_time\" content=\"2020-09-27T10:19:49+00:00\" \/>\n<meta property=\"og:image\" content=\"https:\/\/distribucionarc.com\/wp-content\/uploads\/2020\/07\/Cortador-de-Carne-para-Kebab-D\u00f6ner-0.jpg\" \/>\n\t<meta property=\"og:image:width\" content=\"1000\" \/>\n\t<meta property=\"og:image:height\" content=\"1000\" \/>\n\t<meta property=\"og:image:type\" content=\"image\/jpeg\" \/>\n<meta name=\"twitter:card\" content=\"summary_large_image\" \/>\n<meta name=\"twitter:label1\" content=\"Gesch\u00e4tzte Lesezeit\" \/>\n\t<meta name=\"twitter:data1\" content=\"1\u00a0Minute\" \/>\n<script type=\"application\/ld+json\" class=\"yoast-schema-graph\">{\"@context\":\"https:\/\/schema.org\",\"@graph\":[{\"@type\":\"WebPage\",\"@id\":\"https:\/\/distribucionarc.com\/en\/producto\/cortador-de-carne-para-kebab-doner\/\",\"url\":\"https:\/\/distribucionarc.com\/en\/producto\/cortador-de-carne-para-kebab-doner\/\",\"name\":\"Cortador de Carne para Kebab D\u00f6ner - distribuci\u00f3n ARC\",\"isPartOf\":{\"@id\":\"https:\/\/distribucionarc.com\/pl\/#website\"},\"primaryImageOfPage\":{\"@id\":\"https:\/\/distribucionarc.com\/en\/producto\/cortador-de-carne-para-kebab-doner\/#primaryimage\"},\"image\":{\"@id\":\"https:\/\/distribucionarc.com\/en\/producto\/cortador-de-carne-para-kebab-doner\/#primaryimage\"},\"thumbnailUrl\":\"https:\/\/distribucionarc.com\/wp-content\/uploads\/2020\/07\/Cortador-de-Carne-para-Kebab-D\u00f6ner-0.jpg\",\"datePublished\":\"2020-07-27T17:47:28+00:00\",\"dateModified\":\"2020-09-27T10:19:49+00:00\",\"breadcrumb\":{\"@id\":\"https:\/\/distribucionarc.com\/en\/producto\/cortador-de-carne-para-kebab-doner\/#breadcrumb\"},\"inLanguage\":\"de\",\"potentialAction\":[{\"@type\":\"ReadAction\",\"target\":[\"https:\/\/distribucionarc.com\/en\/producto\/cortador-de-carne-para-kebab-doner\/\"]}]},{\"@type\":\"ImageObject\",\"inLanguage\":\"de\",\"@id\":\"https:\/\/distribucionarc.com\/en\/producto\/cortador-de-carne-para-kebab-doner\/#primaryimage\",\"url\":\"https:\/\/distribucionarc.com\/wp-content\/uploads\/2020\/07\/Cortador-de-Carne-para-Kebab-D\u00f6ner-0.jpg\",\"contentUrl\":\"https:\/\/distribucionarc.com\/wp-content\/uploads\/2020\/07\/Cortador-de-Carne-para-Kebab-D\u00f6ner-0.jpg\",\"width\":1000,\"height\":1000,\"caption\":\"Cortador de carne para kebab doner\"},{\"@type\":\"BreadcrumbList\",\"@id\":\"https:\/\/distribucionarc.com\/en\/producto\/cortador-de-carne-para-kebab-doner\/#breadcrumb\",\"itemListElement\":[{\"@type\":\"ListItem\",\"position\":1,\"name\":\"Portada\",\"item\":\"https:\/\/www.distribucionarc.com\/tr\/\"},{\"@type\":\"ListItem\",\"position\":2,\"name\":\"Izdelki\",\"item\":\"https:\/\/www.distribucionarc.com\/sl\/trgovina\/\"},{\"@type\":\"ListItem\",\"position\":3,\"name\":\"Cortador de Carne para Kebab D\u00f6ner\"}]},{\"@type\":\"WebSite\",\"@id\":\"https:\/\/distribucionarc.com\/pl\/#website\",\"url\":\"https:\/\/distribucionarc.com\/pl\/\",\"name\":\"distribuci\u00f3n ARC\",\"description\":\"Empresa especializada en la fabricaci\u00f3n y distribuci\u00f3n de maquinaria industrial, selladoras de latas, Maquinas de hacer pastillas, Maquinas de cortar carne...\",\"publisher\":{\"@id\":\"https:\/\/distribucionarc.com\/pl\/#organization\"},\"potentialAction\":[{\"@type\":\"SearchAction\",\"target\":{\"@type\":\"EntryPoint\",\"urlTemplate\":\"https:\/\/distribucionarc.com\/pl\/?s={search_term_string}\"},\"query-input\":{\"@type\":\"PropertyValueSpecification\",\"valueRequired\":true,\"valueName\":\"search_term_string\"}}],\"inLanguage\":\"de\"},{\"@type\":\"Organization\",\"@id\":\"https:\/\/distribucionarc.com\/pl\/#organization\",\"name\":\"Distribuci\u00f3n ARC\",\"url\":\"https:\/\/distribucionarc.com\/pl\/\",\"logo\":{\"@type\":\"ImageObject\",\"inLanguage\":\"de\",\"@id\":\"https:\/\/distribucionarc.com\/pl\/#\/schema\/logo\/image\/\",\"url\":\"https:\/\/distribucionarc.com\/wp-content\/uploads\/2024\/10\/distribucion-ARC-COLOR-SIN-FONDO-e1732295305345.png\",\"contentUrl\":\"https:\/\/distribucionarc.com\/wp-content\/uploads\/2024\/10\/distribucion-ARC-COLOR-SIN-FONDO-e1732295305345.png\",\"width\":1164,\"height\":558,\"caption\":\"Distribuci\u00f3n ARC\"},\"image\":{\"@id\":\"https:\/\/distribucionarc.com\/pl\/#\/schema\/logo\/image\/\"},\"description\":\"Empresa especializada en la fabricaci\u00f3n y distribuci\u00f3n de maquinaria industrial para los sectores alimentario y farmac\u00e9utico. Nos especializamos en: M\u00e1quinas de cortar carne Fabricaci\u00f3n de comprimidos Sistemas de transporte industrial L\u00edneas de embotellado Dosificadores Y mucho m\u00e1s... Ofrecemos soluciones innovadoras y personalizadas para optimizar los procesos productivos de tu empresa.\",\"email\":\"Admistracion@distribucionarc.com\",\"telephone\":\"+34 643496664\",\"legalName\":\"ARC TECH SOLUTIONS\",\"foundingDate\":\"2024-04-09\",\"vatID\":\"B55480172\",\"numberOfEmployees\":{\"@type\":\"QuantitativeValue\",\"minValue\":\"1\",\"maxValue\":\"10\"}}]}<\/script>\n<!-- \/ Yoast SEO Premium plugin. -->","yoast_head_json":{"title":"Fleischschneider f\u00fcr D\u00f6ner Kebab \u2013 ARC Distribution","robots":{"index":"index","follow":"follow","max-snippet":"max-snippet:-1","max-image-preview":"max-image-preview:large","max-video-preview":"max-video-preview:-1"},"canonical":"https:\/\/distribucionarc.com\/de\/produkt-2\/fleischschneider-fur-doner-kebab\/","og_locale":"de_DE","og_type":"article","og_title":"Cortador de Carne para Kebab D\u00f6ner","og_description":"Cortador de Carne para Kebab D\u00f6ner La cortadora de kebab ARC est\u00e1 dise\u00f1ada para que sea f\u00e1cil de limpiar y mantener: la hoja se puede quitar con un simple tornillo de bloqueo.  Este cortador de kebab ARCCK1 est\u00e1 hecho de material altamente calificado y es un pr\u00e1ctico dispositivo de red para que pueda usarlo en cualquier lugar. La hoja es s\u00faper afilada, por lo que cortar\u00e1 a trav\u00e9s de cordero, pollo, ternera, con facilidad y finura. El anillo y el tornillo es ajustable, se puede ajustar para el espesor deseado. El cortador de kebab se mantiene seguro con un pr\u00e1ctico protector de la hoja y el mango ha sido dise\u00f1ado ergon\u00f3micamente para que encaje perfectamente en la mano. Garant\u00eda\u00a0ARC Cortador de kebab profesional, bajo consumo 60w soporte t\u00e9cnico\u00a0incluido &nbsp;","og_url":"https:\/\/distribucionarc.com\/de\/produkt-2\/fleischschneider-fur-doner-kebab\/","og_site_name":"distribuci\u00f3n ARC","article_modified_time":"2020-09-27T10:19:49+00:00","og_image":[{"width":1000,"height":1000,"url":"https:\/\/distribucionarc.com\/wp-content\/uploads\/2020\/07\/Cortador-de-Carne-para-Kebab-D\u00f6ner-0.jpg","type":"image\/jpeg"}],"twitter_card":"summary_large_image","twitter_misc":{"Gesch\u00e4tzte Lesezeit":"1\u00a0Minute"},"schema":{"@context":"https:\/\/schema.org","@graph":[{"@type":"WebPage","@id":"https:\/\/distribucionarc.com\/en\/producto\/cortador-de-carne-para-kebab-doner\/","url":"https:\/\/distribucionarc.com\/en\/producto\/cortador-de-carne-para-kebab-doner\/","name":"Fleischschneider f\u00fcr D\u00f6ner Kebab \u2013 ARC Distribution","isPartOf":{"@id":"https:\/\/distribucionarc.com\/pl\/#website"},"primaryImageOfPage":{"@id":"https:\/\/distribucionarc.com\/en\/producto\/cortador-de-carne-para-kebab-doner\/#primaryimage"},"image":{"@id":"https:\/\/distribucionarc.com\/en\/producto\/cortador-de-carne-para-kebab-doner\/#primaryimage"},"thumbnailUrl":"https:\/\/distribucionarc.com\/wp-content\/uploads\/2020\/07\/Cortador-de-Carne-para-Kebab-D\u00f6ner-0.jpg","datePublished":"2020-07-27T17:47:28+00:00","dateModified":"2020-09-27T10:19:49+00:00","breadcrumb":{"@id":"https:\/\/distribucionarc.com\/en\/producto\/cortador-de-carne-para-kebab-doner\/#breadcrumb"},"inLanguage":"de","potentialAction":[{"@type":"ReadAction","target":["https:\/\/distribucionarc.com\/en\/producto\/cortador-de-carne-para-kebab-doner\/"]}]},{"@type":"ImageObject","inLanguage":"de","@id":"https:\/\/distribucionarc.com\/en\/producto\/cortador-de-carne-para-kebab-doner\/#primaryimage","url":"https:\/\/distribucionarc.com\/wp-content\/uploads\/2020\/07\/Cortador-de-Carne-para-Kebab-D\u00f6ner-0.jpg","contentUrl":"https:\/\/distribucionarc.com\/wp-content\/uploads\/2020\/07\/Cortador-de-Carne-para-Kebab-D\u00f6ner-0.jpg","width":1000,"height":1000,"caption":"Cortador de carne para kebab doner"},{"@type":"BreadcrumbList","@id":"https:\/\/distribucionarc.com\/en\/producto\/cortador-de-carne-para-kebab-doner\/#breadcrumb","itemListElement":[{"@type":"ListItem","position":1,"name":"Portada","item":"https:\/\/www.distribucionarc.com\/tr\/"},{"@type":"ListItem","position":2,"name":"Izdelki","item":"https:\/\/www.distribucionarc.com\/sl\/trgovina\/"},{"@type":"ListItem","position":3,"name":"Cortador de Carne para Kebab D\u00f6ner"}]},{"@type":"WebSite","@id":"https:\/\/distribucionarc.com\/pl\/#website","url":"https:\/\/distribucionarc.com\/pl\/","name":"ARC-Verteilung","description":"Das Unternehmen ist auf die Herstellung und den Vertrieb von Industriemaschinen, Dosenverschlie\u00dfmaschinen, Tablettenmaschinen, Fleischschneidemaschinen...","publisher":{"@id":"https:\/\/distribucionarc.com\/pl\/#organization"},"potentialAction":[{"@type":"SearchAction","target":{"@type":"EntryPoint","urlTemplate":"https:\/\/distribucionarc.com\/pl\/?s={search_term_string}"},"query-input":{"@type":"PropertyValueSpecification","valueRequired":true,"valueName":"search_term_string"}}],"inLanguage":"de"},{"@type":"Organization","@id":"https:\/\/distribucionarc.com\/pl\/#organization","name":"ARC-Verteilung","url":"https:\/\/distribucionarc.com\/pl\/","logo":{"@type":"ImageObject","inLanguage":"de","@id":"https:\/\/distribucionarc.com\/pl\/#\/schema\/logo\/image\/","url":"https:\/\/distribucionarc.com\/wp-content\/uploads\/2024\/10\/distribucion-ARC-COLOR-SIN-FONDO-e1732295305345.png","contentUrl":"https:\/\/distribucionarc.com\/wp-content\/uploads\/2024\/10\/distribucion-ARC-COLOR-SIN-FONDO-e1732295305345.png","width":1164,"height":558,"caption":"Distribuci\u00f3n ARC"},"image":{"@id":"https:\/\/distribucionarc.com\/pl\/#\/schema\/logo\/image\/"},"description":"Unternehmen, das auf die Herstellung und den Vertrieb von Industriemaschinen f\u00fcr den Lebensmittel- und Pharmasektor spezialisiert ist. Wir sind spezialisiert auf: Fleischschneidemaschinen Tablettenherstellung Industrielle F\u00f6rdersysteme Abf\u00fcllanlagen Dispenser Und vieles mehr... Wir bieten innovative und ma\u00dfgeschneiderte L\u00f6sungen zur Optimierung der Produktionsprozesse in Ihrem Unternehmen.","email":"Admistracion@distribucionarc.com","telephone":"+34 643496664","legalName":"ARC TECH SOLUTIONS","foundingDate":"2024-04-09","vatID":"B55480172","numberOfEmployees":{"@type":"QuantitativeValue","minValue":"1","maxValue":"10"}}]}},"_links":{"self":[{"href":"https:\/\/distribucionarc.com\/de\/wp-json\/wp\/v2\/product\/1556","targetHints":{"allow":["GET"]}}],"collection":[{"href":"https:\/\/distribucionarc.com\/de\/wp-json\/wp\/v2\/product"}],"about":[{"href":"https:\/\/distribucionarc.com\/de\/wp-json\/wp\/v2\/types\/product"}],"replies":[{"embeddable":true,"href":"https:\/\/distribucionarc.com\/de\/wp-json\/wp\/v2\/comments?post=1556"}],"version-history":[{"count":0,"href":"https:\/\/distribucionarc.com\/de\/wp-json\/wp\/v2\/product\/1556\/revisions"}],"wp:featuredmedia":[{"embeddable":true,"href":"https:\/\/distribucionarc.com\/de\/wp-json\/wp\/v2\/media\/1563"}],"wp:attachment":[{"href":"https:\/\/distribucionarc.com\/de\/wp-json\/wp\/v2\/media?parent=1556"}],"wp:term":[{"taxonomy":"product_brand","embeddable":true,"href":"https:\/\/distribucionarc.com\/de\/wp-json\/wp\/v2\/product_brand?post=1556"},{"taxonomy":"product_cat","embeddable":true,"href":"https:\/\/distribucionarc.com\/de\/wp-json\/wp\/v2\/product_cat?post=1556"},{"taxonomy":"product_tag","embeddable":true,"href":"https:\/\/distribucionarc.com\/de\/wp-json\/wp\/v2\/product_tag?post=1556"}],"curies":[{"name":"wp","href":"https:\/\/api.w.org\/{rel}","templated":true}]}}