{"id":1717,"date":"2020-07-29T19:32:01","date_gmt":"2020-07-29T19:32:01","guid":{"rendered":"https:\/\/distribucionarc.com\/?post_type=product&#038;p=1717"},"modified":"2020-09-29T19:05:23","modified_gmt":"2020-09-29T19:05:23","slug":"bugeleisen-55cm","status":"publish","type":"product","link":"https:\/\/distribucionarc.com\/de\/producto\/plancha-electrica-55cm\/","title":{"rendered":"B\u00fcgeleisen 55cm"},"content":{"rendered":"<h3>B\u00fcgeleisen 55cm<\/h3>\n<p>Der\u00a0 <strong>elektrisches B\u00fcgeleisen<span style=\"color: #ff0000;\"> ZU<\/span><span style=\"color: #0000ff;\">R<\/span>CPE01 <\/strong>Er verf\u00fcgt \u00fcber eine gro\u00dfe, flache Kochfl\u00e4che von 55 x 35 cm und ist ideal f\u00fcr die gleichzeitige Zubereitung verschiedener Speisen. Die 8 mm dicke Gusseisenplatte erhitzt sich schnell und gleichm\u00e4\u00dfig.<\/p>\n<p>Durch die konstante Temperaturregelung k\u00f6nnen Sie die Temperatur je nach Garbedarf verschiedener Lebensmittel im Bereich von 50-300\u2103 anpassen, wobei Anzeigen den Heizstatus anzeigen.<\/p>\n<p>Das <strong>elektrisches B\u00fcgeleisen <span style=\"color: #ff0000;\">ZU<\/span><span style=\"color: #0000ff;\">R<\/span>C<\/strong> Es besteht aus einem Geh\u00e4use aus lebensmittelechtem Edelstahl und einer hochwertigen antihaftbeschichteten Kochfl\u00e4che aus Gusseisen und bietet so h\u00f6chste Zuverl\u00e4ssigkeit und lange Lebensdauer.<\/p>\n<p>Ein zus\u00e4tzlicher Spritzschutz an beiden Seiten und an der R\u00fcckseite der Kochplatte sch\u00fctzt Benutzer und umgebende W\u00e4nde vor hei\u00dfem Fett und Spritzern. Eine Fettschublade sammelt \u00d6l und Speisereste und l\u00e4sst sich so leicht reinigen.<\/p>\n<p>Luftschlitze auf beiden Seiten leiten die Hitze ab und helfen, den Grill auf einer angemessenen Temperatur zu halten. Unser <strong>flacher Elektrogrill<\/strong> Es eignet sich perfekt zum Kochen verschiedener Gem\u00fcsesorten, H\u00fchnchen, Steak, Calamari, gegrilltem K\u00e4se, Pfannkuchen, R\u00fchrei und mehr.<\/p>\n<h6><\/h6>\n<h6><strong>Garantie\u00a0<span style=\"color: #ff0000;\">ZU<\/span><span style=\"color: #0000ff;\">R<\/span>C 2 JAHRE<\/strong><\/h6>\n<h6><span style=\"color: #008000;\">Effizientes B\u00fcgeleisen, geringer Verbrauch 3000 W<\/span><\/h6>\n<h6><strong>Technischer Support inklusive<\/strong><\/h6>\n<p>&nbsp;<\/p>\n<table width=\"100%\">\n<tbody>\n<tr>\n<td>Marke:<\/td>\n<td width=\"32%\">BOGEN<\/td>\n<td>Gewicht:<\/td>\n<td width=\"30%\">10kg<\/td>\n<\/tr>\n<tr>\n<td>Vertriebsland:<\/td>\n<td width=\"32%\">Spanien, Deutschland, USA<\/td>\n<td>H\u00f6he:<\/td>\n<td width=\"30%\">23cm<\/td>\n<\/tr>\n<tr>\n<td>Farbe:<\/td>\n<td width=\"32%\">Silber<\/td>\n<td>Lang:<\/td>\n<td width=\"30%\">54cm<\/td>\n<\/tr>\n<tr>\n<td>Produkttyp:<\/td>\n<td width=\"32%\">B\u00fcgeleisen<\/td>\n<td>Breit:<\/td>\n<td width=\"30%\">40cm<\/td>\n<\/tr>\n<tr>\n<td>Herstellernummer:<\/td>\n<td width=\"32%\">ARCPE01<\/td>\n<td>Grillgr\u00f6\u00dfe:<\/td>\n<td width=\"30%\">54 x 40 cm<\/td>\n<\/tr>\n<tr>\n<td>Material:<\/td>\n<td width=\"32%\">\u00a0Edelstahl, Temperaturregelung<\/td>\n<td>Leistung:<\/td>\n<td width=\"30%\">3000W<\/td>\n<\/tr>\n<tr>\n<td>Garantie:<\/td>\n<td width=\"32%\">2 Jahre<\/td>\n<td>Stromspannung:<\/td>\n<td width=\"30%\">\u00a0220 V \u2013 50 Hz<\/td>\n<\/tr>\n<\/tbody>\n<\/table>","protected":false},"excerpt":{"rendered":"<h2>B\u00fcgeleisen 55cm<\/h2>\n<p>Der <strong>elektrisches B\u00fcgeleisen <span style=\"color: #ff0000;\">ZU<\/span><span style=\"color: #0000ff;\">R<\/span>C<\/strong> Es eignet sich perfekt zum Kochen von Gem\u00fcse, Fleisch, Fisch, Tintenfisch, gegrilltem K\u00e4se, Pfannkuchen, R\u00fchrei usw. Durch die m\u00fchelose Handhabung ist er ideal f\u00fcr den privaten und gewerblichen Einsatz geeignet.<\/p>\n<p>Das<strong> elektrisches B\u00fcgeleisen <span style=\"color: #ff0000;\">ZU<\/span><span style=\"color: #0000ff;\">R<\/span>CPE01<\/strong> Es ist vollst\u00e4ndig aus lebensmittelechtem Edelstahl h\u00f6chster Qualit\u00e4t gefertigt. Wenn Sie auf der Suche nach Leistung sind, die <strong>B\u00fcgeleisen<\/strong> von <strong><span style=\"color: #ff0000;\">ZU<\/span><span style=\"color: #0000ff;\">R<\/span>C<\/strong> Sie f\u00fchren durch <strong><span style=\"color: #008000;\">minimaler Energieverbrauch im Vergleich zur Konkurrenz<\/span><\/strong>. Ohne die Ergebnisse und die Reaktionsgeschwindigkeit des B\u00fcgeleisens zu beeintr\u00e4chtigen.<\/p>\n<h6><strong>Garantie\u00a0<span style=\"color: #ff0000;\">ZU<\/span><span style=\"color: #0000ff;\">R<\/span>C 2 JAHRE<\/strong><\/h6>\n<h6><span style=\"color: #008000;\">Effizientes B\u00fcgeleisen, geringer Verbrauch 3000 W<\/span><\/h6>\n<h6><strong>Technischer Support inklusive<\/strong><\/h6>","protected":false},"featured_media":1718,"comment_status":"open","ping_status":"closed","template":"","meta":{"wds_primary_product_brand":0,"wds_primary_product_cat":0},"product_brand":[],"product_cat":[39],"product_tag":[],"class_list":{"0":"post-1717","1":"product","2":"type-product","3":"status-publish","4":"has-post-thumbnail","6":"product_cat-plancha-de-cosina","7":"product_shipping_class-hosteleria","9":"first","10":"instock","11":"sale","12":"taxable","13":"shipping-taxable","14":"purchasable","15":"product-type-simple"},"yoast_head":"<!-- This site is optimized with the Yoast SEO Premium plugin v24.9 (Yoast SEO v26.1) - https:\/\/yoast.com\/wordpress\/plugins\/seo\/ -->\n<title>Plancha el\u00e9ctrica 55cm - distribuci\u00f3n ARC<\/title>\n<meta name=\"robots\" content=\"index, follow, max-snippet:-1, max-image-preview:large, max-video-preview:-1\" \/>\n<link rel=\"canonical\" href=\"https:\/\/www.distribucionarc.com\/ro\/producto\/plancha-electrica-55cm\/\" \/>\n<meta property=\"og:locale\" content=\"de_DE\" \/>\n<meta property=\"og:type\" content=\"article\" \/>\n<meta property=\"og:title\" content=\"Plancha el\u00e9ctrica 55cm\" \/>\n<meta property=\"og:description\" content=\"Plancha el\u00e9ctrica 55cm La plancha el\u00e9ctrica ARC es perfecta para cocinar verduras, carnes, pescados, calamar, queso a la parrilla, tortitas, huevos revueltos, etc. Su manejo sin esfuerzo lo hace ideal para uso dom\u00e9stico y comercial.  Esta plancha el\u00e9ctrica ARCPE01 esta fabricada totalmente de acero inoxidable de la mejor calidad alimenticia. Si lo que busca es rendimiento, las planchas el\u00e9ctricas de ARC realizan un consumo m\u00ednimo de energ\u00eda respecto a las de la competencia. Sin alterar los resultados y velocidad de respuesta de la plancha. Garant\u00eda\u00a0ARC 2 A\u00d1OS Plancha el\u00e9ctrica eficiente, bajo consumo 3000w soporte t\u00e9cnico incluido\" \/>\n<meta property=\"og:url\" content=\"https:\/\/www.distribucionarc.com\/ro\/producto\/plancha-electrica-55cm\/\" \/>\n<meta property=\"og:site_name\" content=\"distribuci\u00f3n ARC\" \/>\n<meta property=\"article:modified_time\" content=\"2020-09-29T19:05:23+00:00\" \/>\n<meta property=\"og:image\" content=\"https:\/\/distribucionarc.com\/wp-content\/uploads\/2020\/07\/Plancha-el\u00e9ctrica-55cm-0.jpg\" \/>\n\t<meta property=\"og:image:width\" content=\"1600\" \/>\n\t<meta property=\"og:image:height\" content=\"1600\" \/>\n\t<meta property=\"og:image:type\" content=\"image\/jpeg\" \/>\n<meta name=\"twitter:card\" content=\"summary_large_image\" \/>\n<meta name=\"twitter:label1\" content=\"Gesch\u00e4tzte Lesezeit\" \/>\n\t<meta name=\"twitter:data1\" content=\"1\u00a0Minute\" \/>\n<script type=\"application\/ld+json\" class=\"yoast-schema-graph\">{\"@context\":\"https:\/\/schema.org\",\"@graph\":[{\"@type\":\"WebPage\",\"@id\":\"https:\/\/www.distribucionarc.com\/ro\/producto\/plancha-electrica-55cm\/\",\"url\":\"https:\/\/www.distribucionarc.com\/ro\/producto\/plancha-electrica-55cm\/\",\"name\":\"Plancha el\u00e9ctrica 55cm - distribuci\u00f3n ARC\",\"isPartOf\":{\"@id\":\"https:\/\/distribucionarc.com\/ro\/#website\"},\"primaryImageOfPage\":{\"@id\":\"https:\/\/www.distribucionarc.com\/ro\/producto\/plancha-electrica-55cm\/#primaryimage\"},\"image\":{\"@id\":\"https:\/\/www.distribucionarc.com\/ro\/producto\/plancha-electrica-55cm\/#primaryimage\"},\"thumbnailUrl\":\"https:\/\/distribucionarc.com\/wp-content\/uploads\/2020\/07\/Plancha-el\u00e9ctrica-55cm-0.jpg\",\"datePublished\":\"2020-07-29T19:32:01+00:00\",\"dateModified\":\"2020-09-29T19:05:23+00:00\",\"breadcrumb\":{\"@id\":\"https:\/\/www.distribucionarc.com\/ro\/producto\/plancha-electrica-55cm\/#breadcrumb\"},\"inLanguage\":\"de\",\"potentialAction\":[{\"@type\":\"ReadAction\",\"target\":[\"https:\/\/www.distribucionarc.com\/ro\/producto\/plancha-electrica-55cm\/\"]}]},{\"@type\":\"ImageObject\",\"inLanguage\":\"de\",\"@id\":\"https:\/\/www.distribucionarc.com\/ro\/producto\/plancha-electrica-55cm\/#primaryimage\",\"url\":\"https:\/\/distribucionarc.com\/wp-content\/uploads\/2020\/07\/Plancha-el\u00e9ctrica-55cm-0.jpg\",\"contentUrl\":\"https:\/\/distribucionarc.com\/wp-content\/uploads\/2020\/07\/Plancha-el\u00e9ctrica-55cm-0.jpg\",\"width\":1600,\"height\":1600,\"caption\":\"Plancha electrica 55cm\"},{\"@type\":\"BreadcrumbList\",\"@id\":\"https:\/\/www.distribucionarc.com\/ro\/producto\/plancha-electrica-55cm\/#breadcrumb\",\"itemListElement\":[{\"@type\":\"ListItem\",\"position\":1,\"name\":\"Portada\",\"item\":\"https:\/\/distribucionarc.com\/ar\/\"},{\"@type\":\"ListItem\",\"position\":2,\"name\":\"Proizvodi\",\"item\":\"https:\/\/www.distribucionarc.com\/hr\/ducan\/\"},{\"@type\":\"ListItem\",\"position\":3,\"name\":\"Plancha el\u00e9ctrica 55cm\"}]},{\"@type\":\"WebSite\",\"@id\":\"https:\/\/distribucionarc.com\/ro\/#website\",\"url\":\"https:\/\/distribucionarc.com\/ro\/\",\"name\":\"distribuci\u00f3n ARC\",\"description\":\"Empresa especializada en la fabricaci\u00f3n y distribuci\u00f3n de maquinaria industrial, selladoras de latas, Maquinas de hacer pastillas, Maquinas de cortar carne...\",\"publisher\":{\"@id\":\"https:\/\/distribucionarc.com\/ro\/#organization\"},\"potentialAction\":[{\"@type\":\"SearchAction\",\"target\":{\"@type\":\"EntryPoint\",\"urlTemplate\":\"https:\/\/distribucionarc.com\/ro\/?s={search_term_string}\"},\"query-input\":{\"@type\":\"PropertyValueSpecification\",\"valueRequired\":true,\"valueName\":\"search_term_string\"}}],\"inLanguage\":\"de\"},{\"@type\":\"Organization\",\"@id\":\"https:\/\/distribucionarc.com\/ro\/#organization\",\"name\":\"Distribuci\u00f3n ARC\",\"url\":\"https:\/\/distribucionarc.com\/ro\/\",\"logo\":{\"@type\":\"ImageObject\",\"inLanguage\":\"de\",\"@id\":\"https:\/\/distribucionarc.com\/ro\/#\/schema\/logo\/image\/\",\"url\":\"https:\/\/distribucionarc.com\/wp-content\/uploads\/2024\/10\/distribucion-ARC-COLOR-SIN-FONDO-e1732295305345.png\",\"contentUrl\":\"https:\/\/distribucionarc.com\/wp-content\/uploads\/2024\/10\/distribucion-ARC-COLOR-SIN-FONDO-e1732295305345.png\",\"width\":1164,\"height\":558,\"caption\":\"Distribuci\u00f3n ARC\"},\"image\":{\"@id\":\"https:\/\/distribucionarc.com\/ro\/#\/schema\/logo\/image\/\"},\"description\":\"Empresa especializada en la fabricaci\u00f3n y distribuci\u00f3n de maquinaria industrial para los sectores alimentario y farmac\u00e9utico. Nos especializamos en: M\u00e1quinas de cortar carne Fabricaci\u00f3n de comprimidos Sistemas de transporte industrial L\u00edneas de embotellado Dosificadores Y mucho m\u00e1s... Ofrecemos soluciones innovadoras y personalizadas para optimizar los procesos productivos de tu empresa.\",\"email\":\"Admistracion@distribucionarc.com\",\"telephone\":\"+34 643496664\",\"legalName\":\"ARC TECH SOLUTIONS\",\"foundingDate\":\"2024-04-09\",\"vatID\":\"B55480172\",\"numberOfEmployees\":{\"@type\":\"QuantitativeValue\",\"minValue\":\"1\",\"maxValue\":\"10\"}}]}<\/script>\n<!-- \/ Yoast SEO Premium plugin. -->","yoast_head_json":{"title":"Elektrische Grillplatte 55 cm - ARC distribution","robots":{"index":"index","follow":"follow","max-snippet":"max-snippet:-1","max-image-preview":"max-image-preview:large","max-video-preview":"max-video-preview:-1"},"canonical":"https:\/\/www.distribucionarc.com\/ro\/producto\/plancha-electrica-55cm\/","og_locale":"de_DE","og_type":"article","og_title":"Plancha el\u00e9ctrica 55cm","og_description":"Plancha el\u00e9ctrica 55cm La plancha el\u00e9ctrica ARC es perfecta para cocinar verduras, carnes, pescados, calamar, queso a la parrilla, tortitas, huevos revueltos, etc. Su manejo sin esfuerzo lo hace ideal para uso dom\u00e9stico y comercial.  Esta plancha el\u00e9ctrica ARCPE01 esta fabricada totalmente de acero inoxidable de la mejor calidad alimenticia. Si lo que busca es rendimiento, las planchas el\u00e9ctricas de ARC realizan un consumo m\u00ednimo de energ\u00eda respecto a las de la competencia. Sin alterar los resultados y velocidad de respuesta de la plancha. Garant\u00eda\u00a0ARC 2 A\u00d1OS Plancha el\u00e9ctrica eficiente, bajo consumo 3000w soporte t\u00e9cnico incluido","og_url":"https:\/\/www.distribucionarc.com\/ro\/producto\/plancha-electrica-55cm\/","og_site_name":"distribuci\u00f3n ARC","article_modified_time":"2020-09-29T19:05:23+00:00","og_image":[{"width":1600,"height":1600,"url":"https:\/\/distribucionarc.com\/wp-content\/uploads\/2020\/07\/Plancha-el\u00e9ctrica-55cm-0.jpg","type":"image\/jpeg"}],"twitter_card":"summary_large_image","twitter_misc":{"Gesch\u00e4tzte Lesezeit":"1\u00a0Minute"},"schema":{"@context":"https:\/\/schema.org","@graph":[{"@type":"WebPage","@id":"https:\/\/www.distribucionarc.com\/ro\/producto\/plancha-electrica-55cm\/","url":"https:\/\/www.distribucionarc.com\/ro\/producto\/plancha-electrica-55cm\/","name":"Elektrische Grillplatte 55 cm - ARC distribution","isPartOf":{"@id":"https:\/\/distribucionarc.com\/ro\/#website"},"primaryImageOfPage":{"@id":"https:\/\/www.distribucionarc.com\/ro\/producto\/plancha-electrica-55cm\/#primaryimage"},"image":{"@id":"https:\/\/www.distribucionarc.com\/ro\/producto\/plancha-electrica-55cm\/#primaryimage"},"thumbnailUrl":"https:\/\/distribucionarc.com\/wp-content\/uploads\/2020\/07\/Plancha-el\u00e9ctrica-55cm-0.jpg","datePublished":"2020-07-29T19:32:01+00:00","dateModified":"2020-09-29T19:05:23+00:00","breadcrumb":{"@id":"https:\/\/www.distribucionarc.com\/ro\/producto\/plancha-electrica-55cm\/#breadcrumb"},"inLanguage":"de","potentialAction":[{"@type":"ReadAction","target":["https:\/\/www.distribucionarc.com\/ro\/producto\/plancha-electrica-55cm\/"]}]},{"@type":"ImageObject","inLanguage":"de","@id":"https:\/\/www.distribucionarc.com\/ro\/producto\/plancha-electrica-55cm\/#primaryimage","url":"https:\/\/distribucionarc.com\/wp-content\/uploads\/2020\/07\/Plancha-el\u00e9ctrica-55cm-0.jpg","contentUrl":"https:\/\/distribucionarc.com\/wp-content\/uploads\/2020\/07\/Plancha-el\u00e9ctrica-55cm-0.jpg","width":1600,"height":1600,"caption":"Plancha electrica 55cm"},{"@type":"BreadcrumbList","@id":"https:\/\/www.distribucionarc.com\/ro\/producto\/plancha-electrica-55cm\/#breadcrumb","itemListElement":[{"@type":"ListItem","position":1,"name":"Portada","item":"https:\/\/distribucionarc.com\/ar\/"},{"@type":"ListItem","position":2,"name":"Proizvodi","item":"https:\/\/www.distribucionarc.com\/hr\/ducan\/"},{"@type":"ListItem","position":3,"name":"Plancha el\u00e9ctrica 55cm"}]},{"@type":"WebSite","@id":"https:\/\/distribucionarc.com\/ro\/#website","url":"https:\/\/distribucionarc.com\/ro\/","name":"ARC-Verteilung","description":"Das Unternehmen ist auf die Herstellung und den Vertrieb von Industriemaschinen, Dosenverschlie\u00dfmaschinen, Tablettenmaschinen, Fleischschneidemaschinen...","publisher":{"@id":"https:\/\/distribucionarc.com\/ro\/#organization"},"potentialAction":[{"@type":"SearchAction","target":{"@type":"EntryPoint","urlTemplate":"https:\/\/distribucionarc.com\/ro\/?s={search_term_string}"},"query-input":{"@type":"PropertyValueSpecification","valueRequired":true,"valueName":"search_term_string"}}],"inLanguage":"de"},{"@type":"Organization","@id":"https:\/\/distribucionarc.com\/ro\/#organization","name":"ARC-Verteilung","url":"https:\/\/distribucionarc.com\/ro\/","logo":{"@type":"ImageObject","inLanguage":"de","@id":"https:\/\/distribucionarc.com\/ro\/#\/schema\/logo\/image\/","url":"https:\/\/distribucionarc.com\/wp-content\/uploads\/2024\/10\/distribucion-ARC-COLOR-SIN-FONDO-e1732295305345.png","contentUrl":"https:\/\/distribucionarc.com\/wp-content\/uploads\/2024\/10\/distribucion-ARC-COLOR-SIN-FONDO-e1732295305345.png","width":1164,"height":558,"caption":"Distribuci\u00f3n ARC"},"image":{"@id":"https:\/\/distribucionarc.com\/ro\/#\/schema\/logo\/image\/"},"description":"Unternehmen, das auf die Herstellung und den Vertrieb von Industriemaschinen f\u00fcr den Lebensmittel- und Pharmasektor spezialisiert ist. Wir sind spezialisiert auf: Fleischschneidemaschinen Tablettenherstellung Industrielle F\u00f6rdersysteme Abf\u00fcllanlagen Dispenser Und vieles mehr... Wir bieten innovative und ma\u00dfgeschneiderte L\u00f6sungen zur Optimierung der Produktionsprozesse in Ihrem Unternehmen.","email":"Admistracion@distribucionarc.com","telephone":"+34 643496664","legalName":"ARC TECH SOLUTIONS","foundingDate":"2024-04-09","vatID":"B55480172","numberOfEmployees":{"@type":"QuantitativeValue","minValue":"1","maxValue":"10"}}]}},"_links":{"self":[{"href":"https:\/\/distribucionarc.com\/de\/wp-json\/wp\/v2\/product\/1717","targetHints":{"allow":["GET"]}}],"collection":[{"href":"https:\/\/distribucionarc.com\/de\/wp-json\/wp\/v2\/product"}],"about":[{"href":"https:\/\/distribucionarc.com\/de\/wp-json\/wp\/v2\/types\/product"}],"replies":[{"embeddable":true,"href":"https:\/\/distribucionarc.com\/de\/wp-json\/wp\/v2\/comments?post=1717"}],"version-history":[{"count":0,"href":"https:\/\/distribucionarc.com\/de\/wp-json\/wp\/v2\/product\/1717\/revisions"}],"wp:featuredmedia":[{"embeddable":true,"href":"https:\/\/distribucionarc.com\/de\/wp-json\/wp\/v2\/media\/1718"}],"wp:attachment":[{"href":"https:\/\/distribucionarc.com\/de\/wp-json\/wp\/v2\/media?parent=1717"}],"wp:term":[{"taxonomy":"product_brand","embeddable":true,"href":"https:\/\/distribucionarc.com\/de\/wp-json\/wp\/v2\/product_brand?post=1717"},{"taxonomy":"product_cat","embeddable":true,"href":"https:\/\/distribucionarc.com\/de\/wp-json\/wp\/v2\/product_cat?post=1717"},{"taxonomy":"product_tag","embeddable":true,"href":"https:\/\/distribucionarc.com\/de\/wp-json\/wp\/v2\/product_tag?post=1717"}],"curies":[{"name":"wp","href":"https:\/\/api.w.org\/{rel}","templated":true}]}}