{"id":1758,"date":"2020-07-30T12:33:23","date_gmt":"2020-07-30T12:33:23","guid":{"rendered":"https:\/\/distribucionarc.com\/?post_type=product&#038;p=1758"},"modified":"2020-09-27T16:33:52","modified_gmt":"2020-09-27T16:33:52","slug":"speisenwarmer-im-wasserbad-industriell-5","status":"publish","type":"product","link":"https:\/\/distribucionarc.com\/de\/producto\/calentador-de-alimentos-al-bano-maria-industrial-5\/","title":{"rendered":"Industrieller Bain-Marie-Lebensmittelauslage-Heizer 5"},"content":{"rendered":"<h2>Industrieller Bain-Marie-Speisenw\u00e4rmer 5<\/h2>\n<p>Der\u00a0<strong>beste Wasserbadheizungen<\/strong>\u00a0von\u00a0<strong><span style=\"color: #ff0000;\">ZU<\/span><span style=\"color: #0000ff;\">R<\/span>C<\/strong>\u00a0um den gesamten Geschmack und die Eigenschaften Ihrer Gerichte zu bewahren. Der beste Weg, sich um Ihre Kunden zu k\u00fcmmern.<\/p>\n<p>Geh\u00e4use und Deckel sind aus Edelstahl gefertigt und bieten somit beste Voraussetzungen f\u00fcr hygienische Anforderungen und machen sie zudem zu einem echten Hingucker. Alle Einheiten verf\u00fcgen \u00fcber eine\u00a0<strong>Ablassventil<\/strong>\u00a0Dies erleichtert das Entleeren des Wassertanks. Dar\u00fcber hinaus ist die\u00a0<strong>Warmwasserbereiter<\/strong>\u00a0Sie verf\u00fcgen \u00fcber einen Glasschutz, der Lebensmittel vor Verunreinigungen sch\u00fctzt und gleichzeitig eine einfache Entnahme erm\u00f6glicht.<\/p>\n<p>Durch die Heizelemente wird das Wasser erhitzt und die Speisen gleichm\u00e4\u00dfig und schonend erhitzt. Die Temperatur kann zwischen 50 und 200 Grad Celsius eingestellt werden. Aufgrund des Prinzips ist die\u00a0<strong>Die Lebensmitteltemperatur darf 100 \u00b0C nicht \u00fcberschreiten<\/strong>\u00a0damit sie nicht verbrennen.<\/p>\n<p>Dank der Standardma\u00dfe sind unterschiedliche Gr\u00f6\u00dfen m\u00f6glich\u00a0<strong>Gastronomiebeh\u00e4lter,<\/strong>\u00a0das Modell<strong><span style=\"color: #ff0000;\"> ZU<\/span><span style=\"color: #0000ff;\">R<\/span>CCCA5 <\/strong>Es verf\u00fcgt \u00fcber 5 Beh\u00e4lter zur Aufbewahrung Ihres Geschirrs.<\/p>\n<h6><strong>Garantie\u00a0<span style=\"color: #ff0000;\">ZU<\/span><span style=\"color: #0000ff;\">R<\/span>C 2 JAHRE<\/strong><\/h6>\n<h6><span style=\"color: #008000;\">Effizienter Speisenw\u00e4rmer, geringer Verbrauch 1350 W<\/span><\/h6>\n<h6><strong>Technischer Support inklusive<\/strong><\/h6>\n<p>&nbsp;<\/p>\n<table role=\"presentation\" width=\"100%\" cellspacing=\"0\" cellpadding=\"0\">\n<tbody>\n<tr>\n<td class=\"attrLabels\">Marke:<\/td>\n<td width=\"50.0%\">BOGEN<\/td>\n<\/tr>\n<tr>\n<td class=\"attrLabels\">Vertriebsland:<\/td>\n<td width=\"50.0%\">Spanien, Deutschland, USA<\/td>\n<td class=\"attrLabels\">Gewicht:<\/td>\n<td width=\"50.0%\">22kg<\/td>\n<\/tr>\n<tr>\n<td class=\"attrLabels\">Marke:<\/td>\n<td width=\"50.0%\">BOGEN<\/td>\n<td class=\"attrLabels\">H\u00f6he:<\/td>\n<td width=\"50.0%\">13cm<\/td>\n<\/tr>\n<tr>\n<td class=\"attrLabels\">Farbe:<\/td>\n<td width=\"50.0%\">Silber<\/td>\n<td class=\"attrLabels\">Lang:<\/td>\n<td width=\"50.0%\">144cm<\/td>\n<\/tr>\n<tr>\n<td class=\"attrLabels\">Produkttyp:<\/td>\n<td width=\"50.0%\">Speisenw\u00e4rmer<\/td>\n<td class=\"attrLabels\">Breit:<\/td>\n<td width=\"50.0%\">35cm<\/td>\n<\/tr>\n<tr>\n<td class=\"attrLabels\">Herstellernummer:<\/td>\n<td width=\"50.0%\">ARCCCA5<\/td>\n<td class=\"attrLabels\">Leistung:<\/td>\n<td width=\"50.0%\">1350W<\/td>\n<\/tr>\n<tr>\n<td class=\"attrLabels\">Material:<\/td>\n<td width=\"50.0%\">Edelstahl, Temperaturregelung<\/td>\n<td class=\"attrLabels\">Eingangsspannung<\/td>\n<td width=\"50.0%\">230V \u2013 50Hz<\/td>\n<\/tr>\n<tr>\n<td class=\"attrLabels\">Garantie:<\/td>\n<td width=\"50.0%\">\u00a0 2 Jahre<\/td>\n<td class=\"attrLabels\">Temperatur:<\/td>\n<td width=\"50.0%\">0\u00ba \u2013 200\u00ba C<\/td>\n<\/tr>\n<tr>\n<td class=\"attrLabels\">Installationswerkzeuge:<\/td>\n<td width=\"50.0%\">Ja<\/td>\n<td class=\"attrLabels\">Beh\u00e4lter:<\/td>\n<td width=\"50.0%\">\u00a05GN 1\/2<\/td>\n<\/tr>\n<\/tbody>\n<\/table>","protected":false},"excerpt":{"rendered":"<h2>Industrieller Bain-Marie-Speisenw\u00e4rmer 5<\/h2>\n<p>Aus<strong>\u00a0<span style=\"color: #ff0000;\">ZU<\/span><span style=\"color: #0000ff;\">R<\/span>C<\/strong>\u00a0Wir bieten Ihnen das Beste\u00a0<strong>Speisenw\u00e4rmer mit Wasser<\/strong>\u00a0Im Bain-Marie-Stil, um den Geschmack und die Textur besser zu bewahren.<\/p>\n<p>Der\u00a0<strong>professionelle Speisenw\u00e4rmer\u00a0<span style=\"color: #ff0000;\">ZU<\/span><span style=\"color: #0000ff;\">R<\/span>C\u00a0<\/strong>Sie sind die beste Option zum Servieren und Warmhalten Ihrer Gerichte. Sie werden in Gro\u00dfk\u00fcchen, Restaurants, Buffets, Hotels oder Cateringunternehmen eingesetzt. Die Ger\u00e4te sind\u00a0<strong>Konzipiert f\u00fcr den Einsatz in der Gastronomie<\/strong>\u00a0und halten Sie Lebensmittel immer auf einer optimalen Temperatur.<\/p>\n<h6><strong>Garantie\u00a0<span style=\"color: #ff0000;\">ZU<\/span><span style=\"color: #0000ff;\">R<\/span>C 2 JAHRE<\/strong><\/h6>\n<h6><span style=\"color: #008000;\">Effizienter Speisenw\u00e4rmer, geringer Verbrauch 1350 W<\/span><\/h6>\n<h6><strong>Technischer Support inklusive<\/strong><\/h6>\n<p>&nbsp;<\/p>\n<p>&nbsp;<\/p>","protected":false},"featured_media":1762,"comment_status":"open","ping_status":"closed","template":"","meta":{"wds_primary_product_brand":0,"wds_primary_product_cat":0},"product_brand":[],"product_cat":[41],"product_tag":[],"class_list":{"0":"post-1758","1":"product","2":"type-product","3":"status-publish","4":"has-post-thumbnail","6":"product_cat-expositor-de-alimentos","7":"product_shipping_class-hosteleria","9":"first","10":"instock","11":"sale","12":"taxable","13":"shipping-taxable","14":"purchasable","15":"product-type-simple"},"yoast_head":"<!-- This site is optimized with the Yoast SEO Premium plugin v24.9 (Yoast SEO v26.1) - https:\/\/yoast.com\/wordpress\/plugins\/seo\/ -->\n<title>Calentador vitrina de alimentos al ba\u00f1o maria industrial 5 - distribuci\u00f3n ARC<\/title>\n<meta name=\"robots\" content=\"index, follow, max-snippet:-1, max-image-preview:large, max-video-preview:-1\" \/>\n<link rel=\"canonical\" href=\"https:\/\/distribucionarc.com\/de\/produkt-2\/speisenwarmer-im-wasserbad-industriell-5\/\" \/>\n<meta property=\"og:locale\" content=\"de_DE\" \/>\n<meta property=\"og:type\" content=\"article\" \/>\n<meta property=\"og:title\" content=\"Calentador vitrina de alimentos al ba\u00f1o maria industrial 5\" \/>\n<meta property=\"og:description\" content=\"Calentador de alimentos al ba\u00f1o maria industrial 5 Desde\u00a0ARC\u00a0te ofrecemos los mejores\u00a0calentadores de alimentos con agua\u00a0al estilo ba\u00f1o mar\u00eda para conservar mejor el sabor y la textura.  Los\u00a0calentadores de alimentos profesionales de\u00a0ARC\u00a0son la mejor opci\u00f3n para servir y mantener calientes sus platos. Se utilizan en cocinas comerciales, restaurantes, buf\u00e9s, hoteles o empresas de catering. Los dispositivos est\u00e1n\u00a0dise\u00f1ados para su uso en la industria de la restauraci\u00f3n\u00a0y siempre mantienen los alimentos a una temperatura \u00f3ptima. Garant\u00eda\u00a0ARC 2 A\u00d1OS Calentador de alimentos eficiente, bajo consumo 1350w soporte t\u00e9cnico incluido &nbsp;  &nbsp;\" \/>\n<meta property=\"og:url\" content=\"https:\/\/distribucionarc.com\/de\/produkt-2\/speisenwarmer-im-wasserbad-industriell-5\/\" \/>\n<meta property=\"og:site_name\" content=\"distribuci\u00f3n ARC\" \/>\n<meta property=\"article:modified_time\" content=\"2020-09-27T16:33:52+00:00\" \/>\n<meta property=\"og:image\" content=\"https:\/\/distribucionarc.com\/wp-content\/uploads\/2020\/07\/Calentador-de-alimentos-al-ba\u00f1o-mar\u00eda-industrial-5-0.jpg\" \/>\n\t<meta property=\"og:image:width\" content=\"1500\" \/>\n\t<meta property=\"og:image:height\" content=\"1500\" \/>\n\t<meta property=\"og:image:type\" content=\"image\/jpeg\" \/>\n<meta name=\"twitter:card\" content=\"summary_large_image\" \/>\n<meta name=\"twitter:label1\" content=\"Gesch\u00e4tzte Lesezeit\" \/>\n\t<meta name=\"twitter:data1\" content=\"1\u00a0Minute\" \/>\n<script type=\"application\/ld+json\" class=\"yoast-schema-graph\">{\"@context\":\"https:\/\/schema.org\",\"@graph\":[{\"@type\":\"WebPage\",\"@id\":\"https:\/\/distribucionarc.com\/sk\/producto\/calentador-de-alimentos-al-bano-maria-industrial-5\/\",\"url\":\"https:\/\/distribucionarc.com\/sk\/producto\/calentador-de-alimentos-al-bano-maria-industrial-5\/\",\"name\":\"Calentador vitrina de alimentos al ba\u00f1o maria industrial 5 - distribuci\u00f3n ARC\",\"isPartOf\":{\"@id\":\"https:\/\/www.distribucionarc.com\/tr\/#website\"},\"primaryImageOfPage\":{\"@id\":\"https:\/\/distribucionarc.com\/sk\/producto\/calentador-de-alimentos-al-bano-maria-industrial-5\/#primaryimage\"},\"image\":{\"@id\":\"https:\/\/distribucionarc.com\/sk\/producto\/calentador-de-alimentos-al-bano-maria-industrial-5\/#primaryimage\"},\"thumbnailUrl\":\"https:\/\/distribucionarc.com\/wp-content\/uploads\/2020\/07\/Calentador-de-alimentos-al-ba\u00f1o-mar\u00eda-industrial-5-0.jpg\",\"datePublished\":\"2020-07-30T12:33:23+00:00\",\"dateModified\":\"2020-09-27T16:33:52+00:00\",\"breadcrumb\":{\"@id\":\"https:\/\/distribucionarc.com\/sk\/producto\/calentador-de-alimentos-al-bano-maria-industrial-5\/#breadcrumb\"},\"inLanguage\":\"de\",\"potentialAction\":[{\"@type\":\"ReadAction\",\"target\":[\"https:\/\/distribucionarc.com\/sk\/producto\/calentador-de-alimentos-al-bano-maria-industrial-5\/\"]}]},{\"@type\":\"ImageObject\",\"inLanguage\":\"de\",\"@id\":\"https:\/\/distribucionarc.com\/sk\/producto\/calentador-de-alimentos-al-bano-maria-industrial-5\/#primaryimage\",\"url\":\"https:\/\/distribucionarc.com\/wp-content\/uploads\/2020\/07\/Calentador-de-alimentos-al-ba\u00f1o-mar\u00eda-industrial-5-0.jpg\",\"contentUrl\":\"https:\/\/distribucionarc.com\/wp-content\/uploads\/2020\/07\/Calentador-de-alimentos-al-ba\u00f1o-mar\u00eda-industrial-5-0.jpg\",\"width\":1500,\"height\":1500,\"caption\":\"Calentador de alimentos al ba\u00f1o mar\u00eda industrial 5\"},{\"@type\":\"BreadcrumbList\",\"@id\":\"https:\/\/distribucionarc.com\/sk\/producto\/calentador-de-alimentos-al-bano-maria-industrial-5\/#breadcrumb\",\"itemListElement\":[{\"@type\":\"ListItem\",\"position\":1,\"name\":\"Portada\",\"item\":\"https:\/\/www.distribucionarc.com\/tr\/\"},{\"@type\":\"ListItem\",\"position\":2,\"name\":\"Produktai\",\"item\":\"https:\/\/distribucionarc.com\/lt\/parduotuve\/\"},{\"@type\":\"ListItem\",\"position\":3,\"name\":\"Calentador vitrina de alimentos al ba\u00f1o maria industrial 5\"}]},{\"@type\":\"WebSite\",\"@id\":\"https:\/\/www.distribucionarc.com\/tr\/#website\",\"url\":\"https:\/\/www.distribucionarc.com\/tr\/\",\"name\":\"distribuci\u00f3n ARC\",\"description\":\"Empresa especializada en la fabricaci\u00f3n y distribuci\u00f3n de maquinaria industrial, selladoras de latas, Maquinas de hacer pastillas, Maquinas de cortar carne...\",\"publisher\":{\"@id\":\"https:\/\/www.distribucionarc.com\/tr\/#organization\"},\"potentialAction\":[{\"@type\":\"SearchAction\",\"target\":{\"@type\":\"EntryPoint\",\"urlTemplate\":\"https:\/\/www.distribucionarc.com\/tr\/?s={search_term_string}\"},\"query-input\":{\"@type\":\"PropertyValueSpecification\",\"valueRequired\":true,\"valueName\":\"search_term_string\"}}],\"inLanguage\":\"de\"},{\"@type\":\"Organization\",\"@id\":\"https:\/\/www.distribucionarc.com\/tr\/#organization\",\"name\":\"Distribuci\u00f3n ARC\",\"url\":\"https:\/\/www.distribucionarc.com\/tr\/\",\"logo\":{\"@type\":\"ImageObject\",\"inLanguage\":\"de\",\"@id\":\"https:\/\/www.distribucionarc.com\/tr\/#\/schema\/logo\/image\/\",\"url\":\"https:\/\/distribucionarc.com\/wp-content\/uploads\/2024\/10\/distribucion-ARC-COLOR-SIN-FONDO-e1732295305345.png\",\"contentUrl\":\"https:\/\/distribucionarc.com\/wp-content\/uploads\/2024\/10\/distribucion-ARC-COLOR-SIN-FONDO-e1732295305345.png\",\"width\":1164,\"height\":558,\"caption\":\"Distribuci\u00f3n ARC\"},\"image\":{\"@id\":\"https:\/\/www.distribucionarc.com\/tr\/#\/schema\/logo\/image\/\"},\"description\":\"Empresa especializada en la fabricaci\u00f3n y distribuci\u00f3n de maquinaria industrial para los sectores alimentario y farmac\u00e9utico. Nos especializamos en: M\u00e1quinas de cortar carne Fabricaci\u00f3n de comprimidos Sistemas de transporte industrial L\u00edneas de embotellado Dosificadores Y mucho m\u00e1s... Ofrecemos soluciones innovadoras y personalizadas para optimizar los procesos productivos de tu empresa.\",\"email\":\"Admistracion@distribucionarc.com\",\"telephone\":\"+34 643496664\",\"legalName\":\"ARC TECH SOLUTIONS\",\"foundingDate\":\"2024-04-09\",\"vatID\":\"B55480172\",\"numberOfEmployees\":{\"@type\":\"QuantitativeValue\",\"minValue\":\"1\",\"maxValue\":\"10\"}}]}<\/script>\n<!-- \/ Yoast SEO Premium plugin. -->","yoast_head_json":{"title":"Industrieller Bain-Marie-Lebensmittelauslage-Heizer 5 \u2013 ARC-Verteilung","robots":{"index":"index","follow":"follow","max-snippet":"max-snippet:-1","max-image-preview":"max-image-preview:large","max-video-preview":"max-video-preview:-1"},"canonical":"https:\/\/distribucionarc.com\/de\/produkt-2\/speisenwarmer-im-wasserbad-industriell-5\/","og_locale":"de_DE","og_type":"article","og_title":"Calentador vitrina de alimentos al ba\u00f1o maria industrial 5","og_description":"Calentador de alimentos al ba\u00f1o maria industrial 5 Desde\u00a0ARC\u00a0te ofrecemos los mejores\u00a0calentadores de alimentos con agua\u00a0al estilo ba\u00f1o mar\u00eda para conservar mejor el sabor y la textura.  Los\u00a0calentadores de alimentos profesionales de\u00a0ARC\u00a0son la mejor opci\u00f3n para servir y mantener calientes sus platos. Se utilizan en cocinas comerciales, restaurantes, buf\u00e9s, hoteles o empresas de catering. Los dispositivos est\u00e1n\u00a0dise\u00f1ados para su uso en la industria de la restauraci\u00f3n\u00a0y siempre mantienen los alimentos a una temperatura \u00f3ptima. Garant\u00eda\u00a0ARC 2 A\u00d1OS Calentador de alimentos eficiente, bajo consumo 1350w soporte t\u00e9cnico incluido &nbsp;  &nbsp;","og_url":"https:\/\/distribucionarc.com\/de\/produkt-2\/speisenwarmer-im-wasserbad-industriell-5\/","og_site_name":"distribuci\u00f3n ARC","article_modified_time":"2020-09-27T16:33:52+00:00","og_image":[{"width":1500,"height":1500,"url":"https:\/\/distribucionarc.com\/wp-content\/uploads\/2020\/07\/Calentador-de-alimentos-al-ba\u00f1o-mar\u00eda-industrial-5-0.jpg","type":"image\/jpeg"}],"twitter_card":"summary_large_image","twitter_misc":{"Gesch\u00e4tzte Lesezeit":"1\u00a0Minute"},"schema":{"@context":"https:\/\/schema.org","@graph":[{"@type":"WebPage","@id":"https:\/\/distribucionarc.com\/sk\/producto\/calentador-de-alimentos-al-bano-maria-industrial-5\/","url":"https:\/\/distribucionarc.com\/sk\/producto\/calentador-de-alimentos-al-bano-maria-industrial-5\/","name":"Industrieller Bain-Marie-Lebensmittelauslage-Heizer 5 \u2013 ARC-Verteilung","isPartOf":{"@id":"https:\/\/www.distribucionarc.com\/tr\/#website"},"primaryImageOfPage":{"@id":"https:\/\/distribucionarc.com\/sk\/producto\/calentador-de-alimentos-al-bano-maria-industrial-5\/#primaryimage"},"image":{"@id":"https:\/\/distribucionarc.com\/sk\/producto\/calentador-de-alimentos-al-bano-maria-industrial-5\/#primaryimage"},"thumbnailUrl":"https:\/\/distribucionarc.com\/wp-content\/uploads\/2020\/07\/Calentador-de-alimentos-al-ba\u00f1o-mar\u00eda-industrial-5-0.jpg","datePublished":"2020-07-30T12:33:23+00:00","dateModified":"2020-09-27T16:33:52+00:00","breadcrumb":{"@id":"https:\/\/distribucionarc.com\/sk\/producto\/calentador-de-alimentos-al-bano-maria-industrial-5\/#breadcrumb"},"inLanguage":"de","potentialAction":[{"@type":"ReadAction","target":["https:\/\/distribucionarc.com\/sk\/producto\/calentador-de-alimentos-al-bano-maria-industrial-5\/"]}]},{"@type":"ImageObject","inLanguage":"de","@id":"https:\/\/distribucionarc.com\/sk\/producto\/calentador-de-alimentos-al-bano-maria-industrial-5\/#primaryimage","url":"https:\/\/distribucionarc.com\/wp-content\/uploads\/2020\/07\/Calentador-de-alimentos-al-ba\u00f1o-mar\u00eda-industrial-5-0.jpg","contentUrl":"https:\/\/distribucionarc.com\/wp-content\/uploads\/2020\/07\/Calentador-de-alimentos-al-ba\u00f1o-mar\u00eda-industrial-5-0.jpg","width":1500,"height":1500,"caption":"Calentador de alimentos al ba\u00f1o mar\u00eda industrial 5"},{"@type":"BreadcrumbList","@id":"https:\/\/distribucionarc.com\/sk\/producto\/calentador-de-alimentos-al-bano-maria-industrial-5\/#breadcrumb","itemListElement":[{"@type":"ListItem","position":1,"name":"Portada","item":"https:\/\/www.distribucionarc.com\/tr\/"},{"@type":"ListItem","position":2,"name":"Produktai","item":"https:\/\/distribucionarc.com\/lt\/parduotuve\/"},{"@type":"ListItem","position":3,"name":"Calentador vitrina de alimentos al ba\u00f1o maria industrial 5"}]},{"@type":"WebSite","@id":"https:\/\/www.distribucionarc.com\/tr\/#website","url":"https:\/\/www.distribucionarc.com\/tr\/","name":"ARC-Verteilung","description":"Das Unternehmen ist auf die Herstellung und den Vertrieb von Industriemaschinen, Dosenverschlie\u00dfmaschinen, Tablettenmaschinen, Fleischschneidemaschinen...","publisher":{"@id":"https:\/\/www.distribucionarc.com\/tr\/#organization"},"potentialAction":[{"@type":"SearchAction","target":{"@type":"EntryPoint","urlTemplate":"https:\/\/www.distribucionarc.com\/tr\/?s={search_term_string}"},"query-input":{"@type":"PropertyValueSpecification","valueRequired":true,"valueName":"search_term_string"}}],"inLanguage":"de"},{"@type":"Organization","@id":"https:\/\/www.distribucionarc.com\/tr\/#organization","name":"ARC-Verteilung","url":"https:\/\/www.distribucionarc.com\/tr\/","logo":{"@type":"ImageObject","inLanguage":"de","@id":"https:\/\/www.distribucionarc.com\/tr\/#\/schema\/logo\/image\/","url":"https:\/\/distribucionarc.com\/wp-content\/uploads\/2024\/10\/distribucion-ARC-COLOR-SIN-FONDO-e1732295305345.png","contentUrl":"https:\/\/distribucionarc.com\/wp-content\/uploads\/2024\/10\/distribucion-ARC-COLOR-SIN-FONDO-e1732295305345.png","width":1164,"height":558,"caption":"Distribuci\u00f3n ARC"},"image":{"@id":"https:\/\/www.distribucionarc.com\/tr\/#\/schema\/logo\/image\/"},"description":"Unternehmen, das auf die Herstellung und den Vertrieb von Industriemaschinen f\u00fcr den Lebensmittel- und Pharmasektor spezialisiert ist. Wir sind spezialisiert auf: Fleischschneidemaschinen Tablettenherstellung Industrielle F\u00f6rdersysteme Abf\u00fcllanlagen Dispenser Und vieles mehr... Wir bieten innovative und ma\u00dfgeschneiderte L\u00f6sungen zur Optimierung der Produktionsprozesse in Ihrem Unternehmen.","email":"Admistracion@distribucionarc.com","telephone":"+34 643496664","legalName":"ARC TECH SOLUTIONS","foundingDate":"2024-04-09","vatID":"B55480172","numberOfEmployees":{"@type":"QuantitativeValue","minValue":"1","maxValue":"10"}}]}},"_links":{"self":[{"href":"https:\/\/distribucionarc.com\/de\/wp-json\/wp\/v2\/product\/1758","targetHints":{"allow":["GET"]}}],"collection":[{"href":"https:\/\/distribucionarc.com\/de\/wp-json\/wp\/v2\/product"}],"about":[{"href":"https:\/\/distribucionarc.com\/de\/wp-json\/wp\/v2\/types\/product"}],"replies":[{"embeddable":true,"href":"https:\/\/distribucionarc.com\/de\/wp-json\/wp\/v2\/comments?post=1758"}],"version-history":[{"count":0,"href":"https:\/\/distribucionarc.com\/de\/wp-json\/wp\/v2\/product\/1758\/revisions"}],"wp:featuredmedia":[{"embeddable":true,"href":"https:\/\/distribucionarc.com\/de\/wp-json\/wp\/v2\/media\/1762"}],"wp:attachment":[{"href":"https:\/\/distribucionarc.com\/de\/wp-json\/wp\/v2\/media?parent=1758"}],"wp:term":[{"taxonomy":"product_brand","embeddable":true,"href":"https:\/\/distribucionarc.com\/de\/wp-json\/wp\/v2\/product_brand?post=1758"},{"taxonomy":"product_cat","embeddable":true,"href":"https:\/\/distribucionarc.com\/de\/wp-json\/wp\/v2\/product_cat?post=1758"},{"taxonomy":"product_tag","embeddable":true,"href":"https:\/\/distribucionarc.com\/de\/wp-json\/wp\/v2\/product_tag?post=1758"}],"curies":[{"name":"wp","href":"https:\/\/api.w.org\/{rel}","templated":true}]}}