{"id":17778,"date":"2025-08-21T01:39:52","date_gmt":"2025-08-20T23:39:52","guid":{"rendered":"https:\/\/distribucionarc.com\/?post_type=product&#038;p=17778"},"modified":"2025-08-21T01:39:53","modified_gmt":"2025-08-20T23:39:53","slug":"oszillierender-granulatorbrecher-fur-kaltarbeit-und-feuchtigkeitsanfallige-produkte","status":"publish","type":"product","link":"https:\/\/distribucionarc.com\/de\/producto\/triturador-granulador-oscilante-trabajo-en-frio-productos-humedad\/","title":{"rendered":"Oszillierender Granulatorbrecher Kaltarbeitsfeuchtigkeitsprodukte"},"content":{"rendered":"<p data-start=\"790\" data-end=\"1407\">Er <strong data-start=\"793\" data-end=\"805\">YARK-160<\/strong> es ist ein <strong data-start=\"812\" data-end=\"854\">Schwingm\u00fchle\/Brecher\/Granulator<\/strong> hohe Leistung, konzipiert f\u00fcr <strong data-start=\"889\" data-end=\"922\">Produkte mit hoher Luftfeuchtigkeit<\/strong> entweder <strong data-start=\"925\" data-end=\"947\">hitzeempfindlich<\/strong>Seine Schwingung <strong data-start=\"963\" data-end=\"971\">360\u00ba<\/strong> Zu <strong data-start=\"974\" data-end=\"992\">\u224860 Zyklen\/min<\/strong> erzeugt <strong data-start=\"1000\" data-end=\"1017\">weiche Scherung<\/strong>, mit <strong data-start=\"1023\" data-end=\"1040\">geringe Reibung<\/strong> Und <strong data-start=\"1043\" data-end=\"1071\">minimaler thermischer Anstieg<\/strong>, was es erm\u00f6glicht <strong data-start=\"1088\" data-end=\"1133\">zerkleinern, desagglomerieren und kalt granulieren<\/strong> ohne das Material <strong data-start=\"1154\" data-end=\"1200\">schmilzt, verklumpt oder verliert Eigenschaften<\/strong>.<br data-start=\"1201\" data-end=\"1204\" \/>Konzipiert f\u00fcr Linien <strong data-start=\"1224\" data-end=\"1237\">du machst weiter<\/strong> und intensive Schichten, bietet <strong data-start=\"1266\" data-end=\"1294\">kontrollierte Partikelgr\u00f6\u00dfenverteilung<\/strong> (je nach Maschenweite) zur Optimierung <strong data-start=\"1324\" data-end=\"1373\">Mischen, Dosieren, Extrudieren, Tablettieren<\/strong> Und <strong data-start=\"1376\" data-end=\"1387\">flie\u00dfend<\/strong> des Endprodukts.<\/p>\n<p data-start=\"1409\" data-end=\"1452\"><strong data-start=\"1409\" data-end=\"1450\">Anwendungen und Materialien (Beispiele):<\/strong><\/p>\n<ul data-start=\"1453\" data-end=\"2008\">\n<li data-start=\"1453\" data-end=\"1659\">\n<p data-start=\"1455\" data-end=\"1659\"><strong data-start=\"1455\" data-end=\"1471\">F\u00fctterung<\/strong>: Schokolade\/Kakao (ungeschmolzen), konzentrierte Br\u00fchen\/\u201eAvecrem\u201c, feuchter Zucker, feuchtes Meersalz, Gew\u00fcrze mit \u00d6len, getrocknete Fr\u00fcchte mit Restfeuchtigkeit, Vormischungen und Nachbearbeitungen.<\/p>\n<\/li>\n<li data-start=\"1660\" data-end=\"1804\">\n<p data-start=\"1662\" data-end=\"1804\"><strong data-start=\"1662\" data-end=\"1678\">Pharmazeutisch<\/strong>: <strong data-start=\"1680\" data-end=\"1702\">Nassgranulation<\/strong> von Pulvern f\u00fcr Tabletten, wieder zerkleinerten Tabletten, <strong data-start=\"1756\" data-end=\"1773\">desagglomeriert<\/strong> vor dem Mischen\/Verkapseln.<\/p>\n<\/li>\n<li data-start=\"1805\" data-end=\"1906\">\n<p data-start=\"1807\" data-end=\"1906\"><strong data-start=\"1807\" data-end=\"1820\">Kosmetika<\/strong>: Seifengrundlagen, Wachse, Balsame und Pasten; Gr\u00f6\u00dfenkontrolle <strong data-start=\"1882\" data-end=\"1903\">ohne \u00dcberhitzung<\/strong>.<\/p>\n<\/li>\n<li data-start=\"1907\" data-end=\"2008\">\n<p data-start=\"1909\" data-end=\"2008\"><strong data-start=\"1909\" data-end=\"1920\">Chemie<\/strong>: hygroskopische\/reaktive Pulver, vorgranuliert f\u00fcr <strong data-start=\"1972\" data-end=\"1988\">Dosierung<\/strong> Und <strong data-start=\"1991\" data-end=\"2007\">Verdichtung<\/strong>.<\/p>\n<\/li>\n<\/ul>\n<p data-start=\"2010\" data-end=\"2031\"><strong data-start=\"2010\" data-end=\"2029\">Hauptvorteile:<\/strong><\/p>\n<ul data-start=\"2032\" data-end=\"2494\">\n<li data-start=\"2032\" data-end=\"2117\">\n<p data-start=\"2034\" data-end=\"2117\"><strong data-start=\"2034\" data-end=\"2053\">Kaltarbeit<\/strong> \u2192 weniger Anhaften, weniger problematische Bu\u00dfgelder, <strong data-start=\"2097\" data-end=\"2114\">stabiler Fluss<\/strong>.<\/p>\n<\/li>\n<li data-start=\"2118\" data-end=\"2213\">\n<p data-start=\"2120\" data-end=\"2213\"><strong data-start=\"2120\" data-end=\"2146\">Kapazit\u00e4t 200\u2013300 kg\/h<\/strong> mit <strong data-start=\"2151\" data-end=\"2167\">2,2 kW-Motor<\/strong> \u2192 <strong data-start=\"2170\" data-end=\"2195\">Energieeffizienz<\/strong> Und <strong data-start=\"2198\" data-end=\"2210\">Robustheit<\/strong>.<\/p>\n<\/li>\n<li data-start=\"2214\" data-end=\"2314\">\n<p data-start=\"2216\" data-end=\"2314\"><strong data-start=\"2216\" data-end=\"2236\">Edelstahl<\/strong>, kompaktes Design f\u00fcr seine Gr\u00f6\u00dfe, <strong data-start=\"2270\" data-end=\"2289\">Maschenwechsel<\/strong> Und <strong data-start=\"2292\" data-end=\"2311\">schnelle Reinigung<\/strong>.<\/p>\n<\/li>\n<li data-start=\"2315\" data-end=\"2396\">\n<p data-start=\"2317\" data-end=\"2396\"><strong data-start=\"2317\" data-end=\"2341\">Online-Integration<\/strong>: anpassbarer Trichter, gleichm\u00e4\u00dfige Leistung, sicherer Betrieb.<\/p>\n<\/li>\n<li data-start=\"2397\" data-end=\"2494\">\n<p data-start=\"2399\" data-end=\"2494\"><strong data-start=\"2399\" data-end=\"2424\">ARC-Support in Spanien<\/strong>: Beratung, optionale Inbetriebnahme, Ersatzteile und Wartung.<\/p>\n<\/li>\n<\/ul>\n<blockquote data-start=\"2496\" data-end=\"2710\">\n<p data-start=\"2498\" data-end=\"2710\"><strong data-start=\"2498\" data-end=\"2542\">Auch in h\u00f6heren Modellen erh\u00e4ltlich<\/strong> (gr\u00f6\u00dfere \u00d6ffnung und Durchflussrate &gt;300 kg\/h). Zeigt <strong data-start=\"2583\" data-end=\"2595\">Material<\/strong>, <strong data-start=\"2597\" data-end=\"2613\">% Luftfeuchtigkeit<\/strong>, <strong data-start=\"2615\" data-end=\"2643\">Eingabe-\/Ausgabegr\u00f6\u00dfe<\/strong> Und <strong data-start=\"2646\" data-end=\"2665\">Zieldurchflussrate<\/strong> um Sie zu empfehlen <strong data-start=\"2684\" data-end=\"2693\">Maschenware<\/strong> und Konfiguration.<\/p>\n<\/blockquote>\n<table class=\"tabla-especificaciones yark-160\">\n<thead>\n<tr>\n<th colspan=\"2\">Technische Daten \u2014 YARK-160<\/th>\n<\/tr>\n<\/thead>\n<tbody>\n<tr>\n<td>Modell<\/td>\n<td>YARK-160<\/td>\n<\/tr>\n<tr>\n<td>Produktionskapazit\u00e4t<\/td>\n<td>200\u2013300 kg\/h (je nach Material, Feuchtigkeit und Maschenweite)<\/td>\n<\/tr>\n<tr>\n<td>Durchmesser des Schwingrotors<\/td>\n<td>160 mm<\/td>\n<\/tr>\n<tr>\n<td>Hub-\/Pendelwinkel<\/td>\n<td>360\u00b0<\/td>\n<\/tr>\n<tr>\n<td>Schwingfrequenz<\/td>\n<td>\u2248 60 Zyklen\/min<\/td>\n<\/tr>\n<tr>\n<td>Motorleistung<\/td>\n<td>2,2 kW<\/td>\n<\/tr>\n<tr>\n<td>Gewicht<\/td>\n<td>330 kg<\/td>\n<\/tr>\n<tr>\n<td>Abmessungen (L \u00d7 B \u00d7 H)<\/td>\n<td>950 \u00d7 750 \u00d7 1240 mm<\/td>\n<\/tr>\n<tr>\n<td>Baumaterial<\/td>\n<td>Edelstahl (robuste Konstruktion, einfache Reinigung)<\/td>\n<\/tr>\n<tr>\n<td>Operationen<\/td>\n<td>Zerkleinern, Kalt-Nass-Granulieren, Desagglomerieren, Homogenisieren<\/td>\n<\/tr>\n<tr>\n<td>Vorbeugende Wartung<\/td>\n<td><a href=\"https:\/\/distribucionarc.com\/de\/lichtbogen-vorbeugende-wartung\/\" target=\"_blank\" rel=\"noopener\">ARC-Plan zur vorbeugenden Wartung<\/a><\/td>\n<\/tr>\n<tr>\n<td>Technischer Service<\/td>\n<td><a href=\"https:\/\/distribucionarc.com\/de\/technischer-service\/\" target=\"_blank\" rel=\"noopener\">Spezialisierter technischer Service (Suche nach Land und Ort)<\/a><\/td>\n<\/tr>\n<tr>\n<td>Geltende Garantie<\/td>\n<td>Typ A \u2014 <a href=\"https:\/\/distribucionarc.com\/de\/garantie-verteilungsbogen\/\" target=\"_blank\" rel=\"noopener\">ARC-Vertriebsgarantie<\/a><\/td>\n<\/tr>\n<\/tbody>\n<\/table>\n<p>&nbsp;<\/p>\n<p>&nbsp;<\/p>","protected":false},"excerpt":{"rendered":"<p>Er <strong data-start=\"400\" data-end=\"412\">YARK-160<\/strong> es ist ein <strong data-start=\"419\" data-end=\"454\">oszillierender Brecher-Granulator<\/strong> von <strong data-start=\"458\" data-end=\"491\">hohe Kapazit\u00e4t (200\u2013300 kg\/h)<\/strong> f\u00fcr <strong data-start=\"497\" data-end=\"527\">Kalt-Nass-Granulation<\/strong>Ideal f\u00fcr Lebensmittel, Pharmazie, Kosmetik und Chemie: <strong data-start=\"582\" data-end=\"620\">verhindert Schmelzen, Anhaften und Verklumpen<\/strong>, verbessert die <strong data-start=\"632\" data-end=\"641\">flie\u00dfen<\/strong> und die <strong data-start=\"647\" data-end=\"663\">Homogenit\u00e4t<\/strong> des Granulats. <strong data-start=\"679\" data-end=\"718\">ARC Technischer Service in Europa und den Vereinigten Staaten<\/strong>\u00a0Und <strong data-start=\"721\" data-end=\"740\">Garantie Typ A<\/strong>.<\/p>","protected":false},"featured_media":17784,"comment_status":"open","ping_status":"closed","template":"","meta":{"wds_primary_product_brand":0,"wds_primary_product_cat":0},"product_brand":[],"product_cat":[326],"product_tag":[],"class_list":{"0":"post-17778","1":"product","2":"type-product","3":"status-publish","4":"has-post-thumbnail","6":"product_cat-trituradoras-industriales","8":"first","9":"instock","10":"taxable","11":"shipping-taxable","12":"purchasable","13":"product-type-simple"},"yoast_head":"<!-- This site is optimized with the Yoast SEO Premium plugin v24.9 (Yoast SEO v26.1) - https:\/\/yoast.com\/wordpress\/plugins\/seo\/ -->\n<title>Triturador Granulador Oscilante Trabajo en fr\u00edo productos humedad - distribuci\u00f3n ARC<\/title>\n<meta name=\"description\" content=\"YARK-160: triturador oscilante 200\u2013300 kg\/h para granulaci\u00f3n h\u00fameda en fr\u00edo en alimentos, farmacia y cosm\u00e9tica. Garant\u00eda tipo A y SAT ARC en Europa y estados unidos\" \/>\n<meta name=\"robots\" content=\"index, follow, max-snippet:-1, max-image-preview:large, max-video-preview:-1\" \/>\n<link rel=\"canonical\" href=\"https:\/\/www.distribucionarc.com\/de\/producto\/triturador-granulador-oscilante-trabajo-en-frio-productos-humedad\/\" \/>\n<meta property=\"og:locale\" content=\"de_DE\" \/>\n<meta property=\"og:type\" content=\"article\" \/>\n<meta property=\"og:title\" content=\"Triturador Granulador Oscilante Trabajo en fr\u00edo productos humedad\" \/>\n<meta property=\"og:description\" content=\"YARK-160: triturador oscilante 200\u2013300 kg\/h para granulaci\u00f3n h\u00fameda en fr\u00edo en alimentos, farmacia y cosm\u00e9tica. Garant\u00eda tipo A y SAT ARC en Europa y estados unidos\" \/>\n<meta property=\"og:url\" content=\"https:\/\/www.distribucionarc.com\/de\/producto\/triturador-granulador-oscilante-trabajo-en-frio-productos-humedad\/\" \/>\n<meta property=\"og:site_name\" content=\"distribuci\u00f3n ARC\" \/>\n<meta property=\"article:modified_time\" content=\"2025-08-20T23:39:53+00:00\" \/>\n<meta property=\"og:image\" content=\"https:\/\/www.distribucionarc.com\/wp-content\/uploads\/2025\/08\/Granulador-industrial-YARK-160-vista-lateral-derecha-completa.jpeg\" \/>\n\t<meta property=\"og:image:width\" content=\"800\" \/>\n\t<meta property=\"og:image:height\" content=\"800\" \/>\n\t<meta property=\"og:image:type\" content=\"image\/jpeg\" \/>\n<meta name=\"twitter:card\" content=\"summary_large_image\" \/>\n<meta name=\"twitter:label1\" content=\"Gesch\u00e4tzte Lesezeit\" \/>\n\t<meta name=\"twitter:data1\" content=\"2\u00a0Minuten\" \/>\n<script type=\"application\/ld+json\" class=\"yoast-schema-graph\">{\"@context\":\"https:\/\/schema.org\",\"@graph\":[{\"@type\":\"WebPage\",\"@id\":\"https:\/\/www.distribucionarc.com\/de\/producto\/triturador-granulador-oscilante-trabajo-en-frio-productos-humedad\/\",\"url\":\"https:\/\/www.distribucionarc.com\/de\/producto\/triturador-granulador-oscilante-trabajo-en-frio-productos-humedad\/\",\"name\":\"Triturador Granulador Oscilante Trabajo en fr\u00edo productos humedad - distribuci\u00f3n ARC\",\"isPartOf\":{\"@id\":\"https:\/\/distribucionarc.com\/de\/#website\"},\"primaryImageOfPage\":{\"@id\":\"https:\/\/www.distribucionarc.com\/de\/producto\/triturador-granulador-oscilante-trabajo-en-frio-productos-humedad\/#primaryimage\"},\"image\":{\"@id\":\"https:\/\/www.distribucionarc.com\/de\/producto\/triturador-granulador-oscilante-trabajo-en-frio-productos-humedad\/#primaryimage\"},\"thumbnailUrl\":\"https:\/\/distribucionarc.com\/wp-content\/uploads\/2025\/08\/Granulador-industrial-YARK-160-vista-lateral-derecha-completa.jpeg\",\"datePublished\":\"2025-08-20T23:39:52+00:00\",\"dateModified\":\"2025-08-20T23:39:53+00:00\",\"description\":\"YARK-160: triturador oscilante 200\u2013300 kg\/h para granulaci\u00f3n h\u00fameda en fr\u00edo en alimentos, farmacia y cosm\u00e9tica. Garant\u00eda tipo A y SAT ARC en Europa y estados unidos\",\"breadcrumb\":{\"@id\":\"https:\/\/www.distribucionarc.com\/de\/producto\/triturador-granulador-oscilante-trabajo-en-frio-productos-humedad\/#breadcrumb\"},\"inLanguage\":\"de\",\"potentialAction\":[{\"@type\":\"ReadAction\",\"target\":[\"https:\/\/www.distribucionarc.com\/de\/producto\/triturador-granulador-oscilante-trabajo-en-frio-productos-humedad\/\"]}]},{\"@type\":\"ImageObject\",\"inLanguage\":\"de\",\"@id\":\"https:\/\/www.distribucionarc.com\/de\/producto\/triturador-granulador-oscilante-trabajo-en-frio-productos-humedad\/#primaryimage\",\"url\":\"https:\/\/distribucionarc.com\/wp-content\/uploads\/2025\/08\/Granulador-industrial-YARK-160-vista-lateral-derecha-completa.jpeg\",\"contentUrl\":\"https:\/\/distribucionarc.com\/wp-content\/uploads\/2025\/08\/Granulador-industrial-YARK-160-vista-lateral-derecha-completa.jpeg\",\"width\":800,\"height\":800,\"caption\":\"Vista lateral completa del YARK-160 en posici\u00f3n de trabajo\"},{\"@type\":\"BreadcrumbList\",\"@id\":\"https:\/\/www.distribucionarc.com\/de\/producto\/triturador-granulador-oscilante-trabajo-en-frio-productos-humedad\/#breadcrumb\",\"itemListElement\":[{\"@type\":\"ListItem\",\"position\":1,\"name\":\"Portada\",\"item\":\"https:\/\/distribucionarc.com\/pl\/\"},{\"@type\":\"ListItem\",\"position\":2,\"name\":\"Produkty\",\"item\":\"https:\/\/distribucionarc.com\/pl\/shop\/\"},{\"@type\":\"ListItem\",\"position\":3,\"name\":\"Triturador Granulador Oscilante Trabajo en fr\u00edo productos humedad\"}]},{\"@type\":\"WebSite\",\"@id\":\"https:\/\/distribucionarc.com\/de\/#website\",\"url\":\"https:\/\/distribucionarc.com\/de\/\",\"name\":\"distribuci\u00f3n ARC\",\"description\":\"Empresa especializada en la fabricaci\u00f3n y distribuci\u00f3n de maquinaria industrial, selladoras de latas, Maquinas de hacer pastillas, Maquinas de cortar carne...\",\"publisher\":{\"@id\":\"https:\/\/distribucionarc.com\/de\/#organization\"},\"potentialAction\":[{\"@type\":\"SearchAction\",\"target\":{\"@type\":\"EntryPoint\",\"urlTemplate\":\"https:\/\/distribucionarc.com\/de\/?s={search_term_string}\"},\"query-input\":{\"@type\":\"PropertyValueSpecification\",\"valueRequired\":true,\"valueName\":\"search_term_string\"}}],\"inLanguage\":\"de\"},{\"@type\":\"Organization\",\"@id\":\"https:\/\/distribucionarc.com\/de\/#organization\",\"name\":\"Distribuci\u00f3n ARC\",\"url\":\"https:\/\/distribucionarc.com\/de\/\",\"logo\":{\"@type\":\"ImageObject\",\"inLanguage\":\"de\",\"@id\":\"https:\/\/distribucionarc.com\/de\/#\/schema\/logo\/image\/\",\"url\":\"https:\/\/distribucionarc.com\/wp-content\/uploads\/2024\/10\/distribucion-ARC-COLOR-SIN-FONDO-e1732295305345.png\",\"contentUrl\":\"https:\/\/distribucionarc.com\/wp-content\/uploads\/2024\/10\/distribucion-ARC-COLOR-SIN-FONDO-e1732295305345.png\",\"width\":1164,\"height\":558,\"caption\":\"Distribuci\u00f3n ARC\"},\"image\":{\"@id\":\"https:\/\/distribucionarc.com\/de\/#\/schema\/logo\/image\/\"},\"description\":\"Empresa especializada en la fabricaci\u00f3n y distribuci\u00f3n de maquinaria industrial para los sectores alimentario y farmac\u00e9utico. Nos especializamos en: M\u00e1quinas de cortar carne Fabricaci\u00f3n de comprimidos Sistemas de transporte industrial L\u00edneas de embotellado Dosificadores Y mucho m\u00e1s... Ofrecemos soluciones innovadoras y personalizadas para optimizar los procesos productivos de tu empresa.\",\"email\":\"Admistracion@distribucionarc.com\",\"telephone\":\"+34 643496664\",\"legalName\":\"ARC TECH SOLUTIONS\",\"foundingDate\":\"2024-04-09\",\"vatID\":\"B55480172\",\"numberOfEmployees\":{\"@type\":\"QuantitativeValue\",\"minValue\":\"1\",\"maxValue\":\"10\"}}]}<\/script>\n<!-- \/ Yoast SEO Premium plugin. -->","yoast_head_json":{"title":"Oszillierender Granulatorbrecher Kaltverarbeitung von feuchtigkeitsanf\u00e4lligen Produkten - ARC Distribution","description":"YARK-160: 200\u2013300 kg\/h Oszillationsbrecher f\u00fcr die Kalt-Nass-Granulierung in der Lebensmittel-, Pharma- und Kosmetikindustrie. Typ-A-Garantie und SAT ARC in Europa und den USA.","robots":{"index":"index","follow":"follow","max-snippet":"max-snippet:-1","max-image-preview":"max-image-preview:large","max-video-preview":"max-video-preview:-1"},"canonical":"https:\/\/www.distribucionarc.com\/de\/producto\/triturador-granulador-oscilante-trabajo-en-frio-productos-humedad\/","og_locale":"de_DE","og_type":"article","og_title":"Triturador Granulador Oscilante Trabajo en fr\u00edo productos humedad","og_description":"YARK-160: triturador oscilante 200\u2013300 kg\/h para granulaci\u00f3n h\u00fameda en fr\u00edo en alimentos, farmacia y cosm\u00e9tica. Garant\u00eda tipo A y SAT ARC en Europa y estados unidos","og_url":"https:\/\/www.distribucionarc.com\/de\/producto\/triturador-granulador-oscilante-trabajo-en-frio-productos-humedad\/","og_site_name":"distribuci\u00f3n ARC","article_modified_time":"2025-08-20T23:39:53+00:00","og_image":[{"width":800,"height":800,"url":"https:\/\/www.distribucionarc.com\/wp-content\/uploads\/2025\/08\/Granulador-industrial-YARK-160-vista-lateral-derecha-completa.jpeg","type":"image\/jpeg"}],"twitter_card":"summary_large_image","twitter_misc":{"Gesch\u00e4tzte Lesezeit":"2\u00a0Minuten"},"schema":{"@context":"https:\/\/schema.org","@graph":[{"@type":"WebPage","@id":"https:\/\/www.distribucionarc.com\/de\/producto\/triturador-granulador-oscilante-trabajo-en-frio-productos-humedad\/","url":"https:\/\/www.distribucionarc.com\/de\/producto\/triturador-granulador-oscilante-trabajo-en-frio-productos-humedad\/","name":"Oszillierender Granulatorbrecher Kaltverarbeitung von feuchtigkeitsanf\u00e4lligen Produkten - ARC Distribution","isPartOf":{"@id":"https:\/\/distribucionarc.com\/de\/#website"},"primaryImageOfPage":{"@id":"https:\/\/www.distribucionarc.com\/de\/producto\/triturador-granulador-oscilante-trabajo-en-frio-productos-humedad\/#primaryimage"},"image":{"@id":"https:\/\/www.distribucionarc.com\/de\/producto\/triturador-granulador-oscilante-trabajo-en-frio-productos-humedad\/#primaryimage"},"thumbnailUrl":"https:\/\/distribucionarc.com\/wp-content\/uploads\/2025\/08\/Granulador-industrial-YARK-160-vista-lateral-derecha-completa.jpeg","datePublished":"2025-08-20T23:39:52+00:00","dateModified":"2025-08-20T23:39:53+00:00","description":"YARK-160: 200\u2013300 kg\/h Oszillationsbrecher f\u00fcr die Kalt-Nass-Granulierung in der Lebensmittel-, Pharma- und Kosmetikindustrie. Typ-A-Garantie und SAT ARC in Europa und den USA.","breadcrumb":{"@id":"https:\/\/www.distribucionarc.com\/de\/producto\/triturador-granulador-oscilante-trabajo-en-frio-productos-humedad\/#breadcrumb"},"inLanguage":"de","potentialAction":[{"@type":"ReadAction","target":["https:\/\/www.distribucionarc.com\/de\/producto\/triturador-granulador-oscilante-trabajo-en-frio-productos-humedad\/"]}]},{"@type":"ImageObject","inLanguage":"de","@id":"https:\/\/www.distribucionarc.com\/de\/producto\/triturador-granulador-oscilante-trabajo-en-frio-productos-humedad\/#primaryimage","url":"https:\/\/distribucionarc.com\/wp-content\/uploads\/2025\/08\/Granulador-industrial-YARK-160-vista-lateral-derecha-completa.jpeg","contentUrl":"https:\/\/distribucionarc.com\/wp-content\/uploads\/2025\/08\/Granulador-industrial-YARK-160-vista-lateral-derecha-completa.jpeg","width":800,"height":800,"caption":"Vista lateral completa del YARK-160 en posici\u00f3n de trabajo"},{"@type":"BreadcrumbList","@id":"https:\/\/www.distribucionarc.com\/de\/producto\/triturador-granulador-oscilante-trabajo-en-frio-productos-humedad\/#breadcrumb","itemListElement":[{"@type":"ListItem","position":1,"name":"Portada","item":"https:\/\/distribucionarc.com\/pl\/"},{"@type":"ListItem","position":2,"name":"Produkty","item":"https:\/\/distribucionarc.com\/pl\/shop\/"},{"@type":"ListItem","position":3,"name":"Triturador Granulador Oscilante Trabajo en fr\u00edo productos humedad"}]},{"@type":"WebSite","@id":"https:\/\/distribucionarc.com\/de\/#website","url":"https:\/\/distribucionarc.com\/de\/","name":"ARC-Verteilung","description":"Das Unternehmen ist auf die Herstellung und den Vertrieb von Industriemaschinen, Dosenverschlie\u00dfmaschinen, Tablettenmaschinen, Fleischschneidemaschinen...","publisher":{"@id":"https:\/\/distribucionarc.com\/de\/#organization"},"potentialAction":[{"@type":"SearchAction","target":{"@type":"EntryPoint","urlTemplate":"https:\/\/distribucionarc.com\/de\/?s={search_term_string}"},"query-input":{"@type":"PropertyValueSpecification","valueRequired":true,"valueName":"search_term_string"}}],"inLanguage":"de"},{"@type":"Organization","@id":"https:\/\/distribucionarc.com\/de\/#organization","name":"ARC-Verteilung","url":"https:\/\/distribucionarc.com\/de\/","logo":{"@type":"ImageObject","inLanguage":"de","@id":"https:\/\/distribucionarc.com\/de\/#\/schema\/logo\/image\/","url":"https:\/\/distribucionarc.com\/wp-content\/uploads\/2024\/10\/distribucion-ARC-COLOR-SIN-FONDO-e1732295305345.png","contentUrl":"https:\/\/distribucionarc.com\/wp-content\/uploads\/2024\/10\/distribucion-ARC-COLOR-SIN-FONDO-e1732295305345.png","width":1164,"height":558,"caption":"Distribuci\u00f3n ARC"},"image":{"@id":"https:\/\/distribucionarc.com\/de\/#\/schema\/logo\/image\/"},"description":"Unternehmen, das auf die Herstellung und den Vertrieb von Industriemaschinen f\u00fcr den Lebensmittel- und Pharmasektor spezialisiert ist. Wir sind spezialisiert auf: Fleischschneidemaschinen Tablettenherstellung Industrielle F\u00f6rdersysteme Abf\u00fcllanlagen Dispenser Und vieles mehr... Wir bieten innovative und ma\u00dfgeschneiderte L\u00f6sungen zur Optimierung der Produktionsprozesse in Ihrem Unternehmen.","email":"Admistracion@distribucionarc.com","telephone":"+34 643496664","legalName":"ARC TECH SOLUTIONS","foundingDate":"2024-04-09","vatID":"B55480172","numberOfEmployees":{"@type":"QuantitativeValue","minValue":"1","maxValue":"10"}}]}},"_links":{"self":[{"href":"https:\/\/distribucionarc.com\/de\/wp-json\/wp\/v2\/product\/17778","targetHints":{"allow":["GET"]}}],"collection":[{"href":"https:\/\/distribucionarc.com\/de\/wp-json\/wp\/v2\/product"}],"about":[{"href":"https:\/\/distribucionarc.com\/de\/wp-json\/wp\/v2\/types\/product"}],"replies":[{"embeddable":true,"href":"https:\/\/distribucionarc.com\/de\/wp-json\/wp\/v2\/comments?post=17778"}],"version-history":[{"count":1,"href":"https:\/\/distribucionarc.com\/de\/wp-json\/wp\/v2\/product\/17778\/revisions"}],"predecessor-version":[{"id":17785,"href":"https:\/\/distribucionarc.com\/de\/wp-json\/wp\/v2\/product\/17778\/revisions\/17785"}],"wp:featuredmedia":[{"embeddable":true,"href":"https:\/\/distribucionarc.com\/de\/wp-json\/wp\/v2\/media\/17784"}],"wp:attachment":[{"href":"https:\/\/distribucionarc.com\/de\/wp-json\/wp\/v2\/media?parent=17778"}],"wp:term":[{"taxonomy":"product_brand","embeddable":true,"href":"https:\/\/distribucionarc.com\/de\/wp-json\/wp\/v2\/product_brand?post=17778"},{"taxonomy":"product_cat","embeddable":true,"href":"https:\/\/distribucionarc.com\/de\/wp-json\/wp\/v2\/product_cat?post=17778"},{"taxonomy":"product_tag","embeddable":true,"href":"https:\/\/distribucionarc.com\/de\/wp-json\/wp\/v2\/product_tag?post=17778"}],"curies":[{"name":"wp","href":"https:\/\/api.w.org\/{rel}","templated":true}]}}