{"id":1815,"date":"2020-07-31T11:24:52","date_gmt":"2020-07-31T11:24:52","guid":{"rendered":"https:\/\/distribucionarc.com\/?post_type=product&#038;p=1815"},"modified":"2022-10-15T21:48:50","modified_gmt":"2022-10-15T21:48:50","slug":"automatischer-getreidedosierer-versiegelungsmaschine-2","status":"publish","type":"product","link":"https:\/\/distribucionarc.com\/de\/producto\/dosificadora-selladora-automatica-de-granos-2\/","title":{"rendered":"Automatischer Getreideversiegelungsspender 200g"},"content":{"rendered":"<h3>Automatischer Siegelspender f\u00fcr Getreide, Mehle und Pulver<\/h3>\n<p>Der\u00a0<strong>Dosierversiegelung<\/strong>\u00a0von\u00a0<strong><span style=\"color: #ff0000;\">ZU<\/span><span style=\"color: #0000ff;\">R<\/span>C<\/strong>\u00a0Es ist v\u00f6llig automatisch, das Wiegen, Schneiden, Einwickeln und Schneiden erfolgt w\u00e4hrend des gesamten Prozesses. Der\u00a0<strong>Verpackungs- und Wiegemaschine<\/strong>\u00a0Es verf\u00fcgt \u00fcber ein Doppelvibrationssystem, das reibungslos und ger\u00e4uscharm arbeitet<\/p>\n<p>Der gro\u00dfe Trichter der\u00a0<strong><span style=\"color: #ff0000;\">ZU<\/span><span style=\"color: #0000ff;\">R<\/span>CMSAG200<\/strong> erm\u00f6glicht eine effiziente Bef\u00fcllung. Dies ist eine dreiseitige Dichtungsart. Papierbreite: 18 cm (d. h. die Breite des fertigen Produktbeutels betr\u00e4gt 8 cm). Papierl\u00e4nge: 1\u201316 cm. Verpackungsbereich: 1\u2013200 g Fassungsverm\u00f6gen. Das <strong>automatische Waage<\/strong>\u00a0Es eignet sich f\u00fcr feines Pulver, chemisches Pulver, essbares Pulver, Kaffeepulver und andere trockene und mobile Materialien.<\/p>\n<p>Das Mikrocomputer-Steuerungssystem <strong>hohe pr\u00e4zision<\/strong>\u00a0macht den Wiege- und Abf\u00fcllvorgang pr\u00e4zise und reduziert Fehler. Dual-Control-Bildschirme sind einfach zu bedienen.<\/p>\n<p>Der gesamte Rumpf des <strong>Siegel- und Wiegemaschine<\/strong> Es besteht aus lebensmittelechtem Edelstahl, ist robust und langlebig. Einfaches \u00d6ffnen und Schlie\u00dfen mit festen Locken. Der W\u00e4rmeableitungsventilator ist f\u00fcr den Dauereinsatz ausgelegt.<\/p>\n<p>Da die Maschine in zwei Teile zusammengefasst (abnehmbar) ist, sind die vier R\u00e4der f\u00fcr leichte Bewegung und einfaches Arbeiten ausgelegt.<\/p>\n<h6><strong>Garantie\u00a0<span style=\"color: #ff0000;\">ZU<\/span><span style=\"color: #0000ff;\">R<\/span>C 2 JAHRE<\/strong><\/h6>\n<h6><span style=\"color: #008000;\">Effizienter automatischer Siegelspender, geringer Verbrauch, 100 W<\/span><\/h6>\n<h6><strong>Technischer Support inklusive<\/strong><\/h6>\n<p>&nbsp;<\/p>\n<table role=\"presentation\" width=\"100%\" cellspacing=\"0\" cellpadding=\"0\">\n<tbody>\n<tr>\n<td class=\"attrLabels\">Marke:<\/td>\n<td width=\"50.0%\">BOGEN<\/td>\n<\/tr>\n<tr>\n<td class=\"attrLabels\">Vertriebsland:<\/td>\n<td width=\"50.0%\">Spanien, Deutschland, USA<\/td>\n<td class=\"attrLabels\">Gewicht:<\/td>\n<td width=\"50.0%\">66kg<\/td>\n<\/tr>\n<tr>\n<td class=\"attrLabels\">Marke:<\/td>\n<td width=\"50.0%\">BOGEN<\/td>\n<td class=\"attrLabels\">H\u00f6he:<\/td>\n<td width=\"50.0%\">141cm<\/td>\n<\/tr>\n<tr>\n<td class=\"attrLabels\">Farbe:<\/td>\n<td width=\"50.0%\">Silber<\/td>\n<td class=\"attrLabels\">Lang:<\/td>\n<td width=\"50.0%\">52cm<\/td>\n<\/tr>\n<tr>\n<td class=\"attrLabels\">Produkttyp:<\/td>\n<td width=\"50.0%\">Automatischer Dichtungsspender<\/td>\n<td class=\"attrLabels\">Breit:<\/td>\n<td width=\"50.0%\">62cm<\/td>\n<\/tr>\n<tr>\n<td class=\"attrLabels\">Herstellernummer:<\/td>\n<td width=\"50.0%\">ARCMSAG200<\/td>\n<td class=\"attrLabels\">Leistung:<\/td>\n<td width=\"50.0%\">100W<\/td>\n<\/tr>\n<tr>\n<td class=\"attrLabels\">Material:<\/td>\n<td width=\"50.0%\">Edelstahl, Mikrocomputer, automatische Steuerung<\/td>\n<td class=\"attrLabels\">Eingangsspannung<\/td>\n<td width=\"50.0%\">220V \u2013 60Hz<\/td>\n<\/tr>\n<tr>\n<td class=\"attrLabels\">Garantie:<\/td>\n<td width=\"50.0%\">\u00a0 2 Jahre<\/td>\n<td class=\"attrLabels\">Verpackungsgeschwindigkeit:<\/td>\n<td width=\"50.0%\">8 \u2013 12 Beutel pro Minute<\/td>\n<\/tr>\n<tr>\n<td class=\"attrLabels\">Installationswerkzeuge:<\/td>\n<td width=\"50.0%\">Ja<\/td>\n<td class=\"attrLabels\">Packkapazit\u00e4t:<\/td>\n<td width=\"50.0%\">\u00a00 \u2013 200 Gramm<\/td>\n<\/tr>\n<\/tbody>\n<\/table>","protected":false},"excerpt":{"rendered":"<h2>Automatischer Siegelspender f\u00fcr Getreide, Mehle und Pulver<\/h2>\n<p><strong><span style=\"color: #ff0000;\">ZU<\/span><span style=\"color: #0000ff;\">R<\/span>C<\/strong>\u00a0bietet verschiedene Arten von L\u00f6sungen f\u00fcr Branchen, die mit Pulvern, K\u00f6rnern und Mehlen arbeiten. Wir verf\u00fcgen \u00fcber Standardsysteme, die das Verschlie\u00dfen von Beuteln erm\u00f6glichen, und auch \u00fcber Systeme, die Vakuum f\u00fcr die Verpackung erzeugen.<\/p>\n<p>Der\u00a0<strong>automatische Versiegelungsmaschine <span style=\"color: #ff0000;\">ZU<\/span><span style=\"color: #0000ff;\">R<\/span>CMSAG200<\/strong>\u00a0Der dreiseitige Staubbeutel ist stabil und zuverl\u00e4ssig. Alles kombinieren <strong>Wiege- und Verpackungsfunktionen<\/strong>, um die Produktion zu f\u00f6rdern. Adoptieren <strong>Doppelvibrationssysteme zum Maskieren<\/strong> <strong>sehr effizient<\/strong>. Es eignet sich perfekt f\u00fcr Staub, Partikel und andere trockene und mobile Materialien, geeignet f\u00fcr Filterpapier, Verbundfolie, Aluminiumfolienbeutel, Vlies, \u00d6lpapier, hei\u00dfversiegelte Plastikt\u00fcten und andere hei\u00dfversiegelbare Verpackungsmaterialien.<\/p>\n<h6><strong>Garantie\u00a0<span style=\"color: #ff0000;\">ZU<\/span><span style=\"color: #0000ff;\">R<\/span>C 2 JAHRE<\/strong><\/h6>\n<h6><span style=\"color: #008000;\">Effizienter automatischer Siegelspender, geringer Verbrauch, 100 W<\/span><\/h6>\n<h6><strong>Technischer Support inklusive<\/strong><\/h6>","protected":false},"featured_media":1822,"comment_status":"open","ping_status":"closed","template":"","meta":{"wds_primary_product_brand":0,"wds_primary_product_cat":0},"product_brand":[],"product_cat":[18,22,15,21,27],"product_tag":[],"class_list":{"0":"post-1815","1":"product","2":"type-product","3":"status-publish","4":"has-post-thumbnail","6":"product_cat-dosificadoras","7":"product_cat-llenadora-de-bolsas-granos-y-polvo","8":"product_cat-llenadoras-y-selladoras-automaticas-flow-pack-sachet","9":"product_cat-maquinas-llenadoras","10":"product_cat-selladoras-de-bolsas","11":"product_shipping_class-express","13":"first","14":"instock","15":"taxable","16":"shipping-taxable","17":"purchasable","18":"product-type-simple"},"yoast_head":"<!-- This site is optimized with the Yoast SEO Premium plugin v24.9 (Yoast SEO v26.1) - https:\/\/yoast.com\/wordpress\/plugins\/seo\/ -->\n<title>Dosificadora selladora autom\u00e1tica de granos 200g - distribuci\u00f3n ARC<\/title>\n<meta name=\"robots\" content=\"index, follow, max-snippet:-1, max-image-preview:large, max-video-preview:-1\" \/>\n<link rel=\"canonical\" href=\"https:\/\/www.distribucionarc.com\/producto\/dosificadora-selladora-automatica-de-granos-2\/\" \/>\n<meta property=\"og:locale\" content=\"de_DE\" \/>\n<meta property=\"og:type\" content=\"article\" \/>\n<meta property=\"og:title\" content=\"Dosificadora selladora autom\u00e1tica de granos 200g\" \/>\n<meta property=\"og:description\" content=\"Dosificadora selladora autom\u00e1tica de granos, harinas polvos ARC\u00a0ofrece varios tipos de soluciones para las industrias que trabajan con polvos, granos y harinas. Tenemos sistemas est\u00e1ndar que permiten sellar las bolsas y tambi\u00e9n sistemas que generan vac\u00edo a los empaques.  La\u00a0m\u00e1quina de sellado autom\u00e1tico ARCMSAG200\u00a0de tres caras para bolsas de polvo es estable y confiable. Combina todas las funciones de pesaje y embalaje, para favorecer la producci\u00f3n. Adopta sistemas de doble vibraci\u00f3n para un enmascaramiento muy eficiente. Es perfecto para polvo, part\u00edculas y otros materiales secos y m\u00f3viles, adecuado para papel de filtro, pel\u00edcula compuesta, bolsas de papel de aluminio, no tejido, papel engrasado, bolsas de pl\u00e1stico termosellados y otros materiales de embalaje termosellable. Garant\u00eda\u00a0ARC 2 A\u00d1OS Dosificadora selladora autom\u00e1tica eficiente, bajo consumo 100w soporte t\u00e9cnico incluido\" \/>\n<meta property=\"og:url\" content=\"https:\/\/www.distribucionarc.com\/producto\/dosificadora-selladora-automatica-de-granos-2\/\" \/>\n<meta property=\"og:site_name\" content=\"distribuci\u00f3n ARC\" \/>\n<meta property=\"article:modified_time\" content=\"2022-10-15T21:48:50+00:00\" \/>\n<meta property=\"og:image\" content=\"https:\/\/distribucionarc.com\/wp-content\/uploads\/2020\/07\/Dosificadora-selladora-autom\u00e1tica-de-granos-200-0.jpg\" \/>\n\t<meta property=\"og:image:width\" content=\"1600\" \/>\n\t<meta property=\"og:image:height\" content=\"1600\" \/>\n\t<meta property=\"og:image:type\" content=\"image\/jpeg\" \/>\n<meta name=\"twitter:card\" content=\"summary_large_image\" \/>\n<meta name=\"twitter:label1\" content=\"Gesch\u00e4tzte Lesezeit\" \/>\n\t<meta name=\"twitter:data1\" content=\"2\u00a0Minuten\" \/>\n<script type=\"application\/ld+json\" class=\"yoast-schema-graph\">{\"@context\":\"https:\/\/schema.org\",\"@graph\":[{\"@type\":\"WebPage\",\"@id\":\"https:\/\/www.distribucionarc.com\/producto\/dosificadora-selladora-automatica-de-granos-2\/\",\"url\":\"https:\/\/www.distribucionarc.com\/producto\/dosificadora-selladora-automatica-de-granos-2\/\",\"name\":\"Dosificadora selladora autom\u00e1tica de granos 200g - distribuci\u00f3n ARC\",\"isPartOf\":{\"@id\":\"https:\/\/distribucionarc.com\/pl\/#website\"},\"primaryImageOfPage\":{\"@id\":\"https:\/\/www.distribucionarc.com\/producto\/dosificadora-selladora-automatica-de-granos-2\/#primaryimage\"},\"image\":{\"@id\":\"https:\/\/www.distribucionarc.com\/producto\/dosificadora-selladora-automatica-de-granos-2\/#primaryimage\"},\"thumbnailUrl\":\"https:\/\/distribucionarc.com\/wp-content\/uploads\/2020\/07\/Dosificadora-selladora-autom\u00e1tica-de-granos-200-0.jpg\",\"datePublished\":\"2020-07-31T11:24:52+00:00\",\"dateModified\":\"2022-10-15T21:48:50+00:00\",\"breadcrumb\":{\"@id\":\"https:\/\/www.distribucionarc.com\/producto\/dosificadora-selladora-automatica-de-granos-2\/#breadcrumb\"},\"inLanguage\":\"de\",\"potentialAction\":[{\"@type\":\"ReadAction\",\"target\":[\"https:\/\/www.distribucionarc.com\/producto\/dosificadora-selladora-automatica-de-granos-2\/\"]}]},{\"@type\":\"ImageObject\",\"inLanguage\":\"de\",\"@id\":\"https:\/\/www.distribucionarc.com\/producto\/dosificadora-selladora-automatica-de-granos-2\/#primaryimage\",\"url\":\"https:\/\/distribucionarc.com\/wp-content\/uploads\/2020\/07\/Dosificadora-selladora-autom\u00e1tica-de-granos-200-0.jpg\",\"contentUrl\":\"https:\/\/distribucionarc.com\/wp-content\/uploads\/2020\/07\/Dosificadora-selladora-autom\u00e1tica-de-granos-200-0.jpg\",\"width\":1600,\"height\":1600,\"caption\":\"Dosificadora selladora autom\u00e1tica de granos 200\"},{\"@type\":\"BreadcrumbList\",\"@id\":\"https:\/\/www.distribucionarc.com\/producto\/dosificadora-selladora-automatica-de-granos-2\/#breadcrumb\",\"itemListElement\":[{\"@type\":\"ListItem\",\"position\":1,\"name\":\"Portada\",\"item\":\"https:\/\/www.distribucionarc.com\/tr\/\"},{\"@type\":\"ListItem\",\"position\":2,\"name\":\"Izdelki\",\"item\":\"https:\/\/www.distribucionarc.com\/sl\/trgovina\/\"},{\"@type\":\"ListItem\",\"position\":3,\"name\":\"Dosificadora selladora autom\u00e1tica de granos 200g\"}]},{\"@type\":\"WebSite\",\"@id\":\"https:\/\/distribucionarc.com\/pl\/#website\",\"url\":\"https:\/\/distribucionarc.com\/pl\/\",\"name\":\"distribuci\u00f3n ARC\",\"description\":\"Empresa especializada en la fabricaci\u00f3n y distribuci\u00f3n de maquinaria industrial, selladoras de latas, Maquinas de hacer pastillas, Maquinas de cortar carne...\",\"publisher\":{\"@id\":\"https:\/\/distribucionarc.com\/pl\/#organization\"},\"potentialAction\":[{\"@type\":\"SearchAction\",\"target\":{\"@type\":\"EntryPoint\",\"urlTemplate\":\"https:\/\/distribucionarc.com\/pl\/?s={search_term_string}\"},\"query-input\":{\"@type\":\"PropertyValueSpecification\",\"valueRequired\":true,\"valueName\":\"search_term_string\"}}],\"inLanguage\":\"de\"},{\"@type\":\"Organization\",\"@id\":\"https:\/\/distribucionarc.com\/pl\/#organization\",\"name\":\"Distribuci\u00f3n ARC\",\"url\":\"https:\/\/distribucionarc.com\/pl\/\",\"logo\":{\"@type\":\"ImageObject\",\"inLanguage\":\"de\",\"@id\":\"https:\/\/distribucionarc.com\/pl\/#\/schema\/logo\/image\/\",\"url\":\"https:\/\/distribucionarc.com\/wp-content\/uploads\/2024\/10\/distribucion-ARC-COLOR-SIN-FONDO-e1732295305345.png\",\"contentUrl\":\"https:\/\/distribucionarc.com\/wp-content\/uploads\/2024\/10\/distribucion-ARC-COLOR-SIN-FONDO-e1732295305345.png\",\"width\":1164,\"height\":558,\"caption\":\"Distribuci\u00f3n ARC\"},\"image\":{\"@id\":\"https:\/\/distribucionarc.com\/pl\/#\/schema\/logo\/image\/\"},\"description\":\"Empresa especializada en la fabricaci\u00f3n y distribuci\u00f3n de maquinaria industrial para los sectores alimentario y farmac\u00e9utico. Nos especializamos en: M\u00e1quinas de cortar carne Fabricaci\u00f3n de comprimidos Sistemas de transporte industrial L\u00edneas de embotellado Dosificadores Y mucho m\u00e1s... Ofrecemos soluciones innovadoras y personalizadas para optimizar los procesos productivos de tu empresa.\",\"email\":\"Admistracion@distribucionarc.com\",\"telephone\":\"+34 643496664\",\"legalName\":\"ARC TECH SOLUTIONS\",\"foundingDate\":\"2024-04-09\",\"vatID\":\"B55480172\",\"numberOfEmployees\":{\"@type\":\"QuantitativeValue\",\"minValue\":\"1\",\"maxValue\":\"10\"}}]}<\/script>\n<!-- \/ Yoast SEO Premium plugin. -->","yoast_head_json":{"title":"Automatischer Getreideversiegelungsspender 200 g \u2013 ARC-Verteilung","robots":{"index":"index","follow":"follow","max-snippet":"max-snippet:-1","max-image-preview":"max-image-preview:large","max-video-preview":"max-video-preview:-1"},"canonical":"https:\/\/www.distribucionarc.com\/producto\/dosificadora-selladora-automatica-de-granos-2\/","og_locale":"de_DE","og_type":"article","og_title":"Dosificadora selladora autom\u00e1tica de granos 200g","og_description":"Dosificadora selladora autom\u00e1tica de granos, harinas polvos ARC\u00a0ofrece varios tipos de soluciones para las industrias que trabajan con polvos, granos y harinas. Tenemos sistemas est\u00e1ndar que permiten sellar las bolsas y tambi\u00e9n sistemas que generan vac\u00edo a los empaques.  La\u00a0m\u00e1quina de sellado autom\u00e1tico ARCMSAG200\u00a0de tres caras para bolsas de polvo es estable y confiable. Combina todas las funciones de pesaje y embalaje, para favorecer la producci\u00f3n. Adopta sistemas de doble vibraci\u00f3n para un enmascaramiento muy eficiente. Es perfecto para polvo, part\u00edculas y otros materiales secos y m\u00f3viles, adecuado para papel de filtro, pel\u00edcula compuesta, bolsas de papel de aluminio, no tejido, papel engrasado, bolsas de pl\u00e1stico termosellados y otros materiales de embalaje termosellable. Garant\u00eda\u00a0ARC 2 A\u00d1OS Dosificadora selladora autom\u00e1tica eficiente, bajo consumo 100w soporte t\u00e9cnico incluido","og_url":"https:\/\/www.distribucionarc.com\/producto\/dosificadora-selladora-automatica-de-granos-2\/","og_site_name":"distribuci\u00f3n ARC","article_modified_time":"2022-10-15T21:48:50+00:00","og_image":[{"width":1600,"height":1600,"url":"https:\/\/distribucionarc.com\/wp-content\/uploads\/2020\/07\/Dosificadora-selladora-autom\u00e1tica-de-granos-200-0.jpg","type":"image\/jpeg"}],"twitter_card":"summary_large_image","twitter_misc":{"Gesch\u00e4tzte Lesezeit":"2\u00a0Minuten"},"schema":{"@context":"https:\/\/schema.org","@graph":[{"@type":"WebPage","@id":"https:\/\/www.distribucionarc.com\/producto\/dosificadora-selladora-automatica-de-granos-2\/","url":"https:\/\/www.distribucionarc.com\/producto\/dosificadora-selladora-automatica-de-granos-2\/","name":"Automatischer Getreideversiegelungsspender 200 g \u2013 ARC-Verteilung","isPartOf":{"@id":"https:\/\/distribucionarc.com\/pl\/#website"},"primaryImageOfPage":{"@id":"https:\/\/www.distribucionarc.com\/producto\/dosificadora-selladora-automatica-de-granos-2\/#primaryimage"},"image":{"@id":"https:\/\/www.distribucionarc.com\/producto\/dosificadora-selladora-automatica-de-granos-2\/#primaryimage"},"thumbnailUrl":"https:\/\/distribucionarc.com\/wp-content\/uploads\/2020\/07\/Dosificadora-selladora-autom\u00e1tica-de-granos-200-0.jpg","datePublished":"2020-07-31T11:24:52+00:00","dateModified":"2022-10-15T21:48:50+00:00","breadcrumb":{"@id":"https:\/\/www.distribucionarc.com\/producto\/dosificadora-selladora-automatica-de-granos-2\/#breadcrumb"},"inLanguage":"de","potentialAction":[{"@type":"ReadAction","target":["https:\/\/www.distribucionarc.com\/producto\/dosificadora-selladora-automatica-de-granos-2\/"]}]},{"@type":"ImageObject","inLanguage":"de","@id":"https:\/\/www.distribucionarc.com\/producto\/dosificadora-selladora-automatica-de-granos-2\/#primaryimage","url":"https:\/\/distribucionarc.com\/wp-content\/uploads\/2020\/07\/Dosificadora-selladora-autom\u00e1tica-de-granos-200-0.jpg","contentUrl":"https:\/\/distribucionarc.com\/wp-content\/uploads\/2020\/07\/Dosificadora-selladora-autom\u00e1tica-de-granos-200-0.jpg","width":1600,"height":1600,"caption":"Dosificadora selladora autom\u00e1tica de granos 200"},{"@type":"BreadcrumbList","@id":"https:\/\/www.distribucionarc.com\/producto\/dosificadora-selladora-automatica-de-granos-2\/#breadcrumb","itemListElement":[{"@type":"ListItem","position":1,"name":"Portada","item":"https:\/\/www.distribucionarc.com\/tr\/"},{"@type":"ListItem","position":2,"name":"Izdelki","item":"https:\/\/www.distribucionarc.com\/sl\/trgovina\/"},{"@type":"ListItem","position":3,"name":"Dosificadora selladora autom\u00e1tica de granos 200g"}]},{"@type":"WebSite","@id":"https:\/\/distribucionarc.com\/pl\/#website","url":"https:\/\/distribucionarc.com\/pl\/","name":"ARC-Verteilung","description":"Das Unternehmen ist auf die Herstellung und den Vertrieb von Industriemaschinen, Dosenverschlie\u00dfmaschinen, Tablettenmaschinen, Fleischschneidemaschinen...","publisher":{"@id":"https:\/\/distribucionarc.com\/pl\/#organization"},"potentialAction":[{"@type":"SearchAction","target":{"@type":"EntryPoint","urlTemplate":"https:\/\/distribucionarc.com\/pl\/?s={search_term_string}"},"query-input":{"@type":"PropertyValueSpecification","valueRequired":true,"valueName":"search_term_string"}}],"inLanguage":"de"},{"@type":"Organization","@id":"https:\/\/distribucionarc.com\/pl\/#organization","name":"ARC-Verteilung","url":"https:\/\/distribucionarc.com\/pl\/","logo":{"@type":"ImageObject","inLanguage":"de","@id":"https:\/\/distribucionarc.com\/pl\/#\/schema\/logo\/image\/","url":"https:\/\/distribucionarc.com\/wp-content\/uploads\/2024\/10\/distribucion-ARC-COLOR-SIN-FONDO-e1732295305345.png","contentUrl":"https:\/\/distribucionarc.com\/wp-content\/uploads\/2024\/10\/distribucion-ARC-COLOR-SIN-FONDO-e1732295305345.png","width":1164,"height":558,"caption":"Distribuci\u00f3n ARC"},"image":{"@id":"https:\/\/distribucionarc.com\/pl\/#\/schema\/logo\/image\/"},"description":"Unternehmen, das auf die Herstellung und den Vertrieb von Industriemaschinen f\u00fcr den Lebensmittel- und Pharmasektor spezialisiert ist. Wir sind spezialisiert auf: Fleischschneidemaschinen Tablettenherstellung Industrielle F\u00f6rdersysteme Abf\u00fcllanlagen Dispenser Und vieles mehr... Wir bieten innovative und ma\u00dfgeschneiderte L\u00f6sungen zur Optimierung der Produktionsprozesse in Ihrem Unternehmen.","email":"Admistracion@distribucionarc.com","telephone":"+34 643496664","legalName":"ARC TECH SOLUTIONS","foundingDate":"2024-04-09","vatID":"B55480172","numberOfEmployees":{"@type":"QuantitativeValue","minValue":"1","maxValue":"10"}}]}},"_links":{"self":[{"href":"https:\/\/distribucionarc.com\/de\/wp-json\/wp\/v2\/product\/1815","targetHints":{"allow":["GET"]}}],"collection":[{"href":"https:\/\/distribucionarc.com\/de\/wp-json\/wp\/v2\/product"}],"about":[{"href":"https:\/\/distribucionarc.com\/de\/wp-json\/wp\/v2\/types\/product"}],"replies":[{"embeddable":true,"href":"https:\/\/distribucionarc.com\/de\/wp-json\/wp\/v2\/comments?post=1815"}],"version-history":[{"count":0,"href":"https:\/\/distribucionarc.com\/de\/wp-json\/wp\/v2\/product\/1815\/revisions"}],"wp:featuredmedia":[{"embeddable":true,"href":"https:\/\/distribucionarc.com\/de\/wp-json\/wp\/v2\/media\/1822"}],"wp:attachment":[{"href":"https:\/\/distribucionarc.com\/de\/wp-json\/wp\/v2\/media?parent=1815"}],"wp:term":[{"taxonomy":"product_brand","embeddable":true,"href":"https:\/\/distribucionarc.com\/de\/wp-json\/wp\/v2\/product_brand?post=1815"},{"taxonomy":"product_cat","embeddable":true,"href":"https:\/\/distribucionarc.com\/de\/wp-json\/wp\/v2\/product_cat?post=1815"},{"taxonomy":"product_tag","embeddable":true,"href":"https:\/\/distribucionarc.com\/de\/wp-json\/wp\/v2\/product_tag?post=1815"}],"curies":[{"name":"wp","href":"https:\/\/api.w.org\/{rel}","templated":true}]}}