{"id":1939,"date":"2020-08-03T15:37:26","date_gmt":"2020-08-03T15:37:26","guid":{"rendered":"https:\/\/distribucionarc.com\/?post_type=product&#038;p=1939"},"modified":"2023-01-19T14:48:14","modified_gmt":"2023-01-19T14:48:14","slug":"grill-mit-rollen-fur-hotdogs-9","status":"publish","type":"product","link":"https:\/\/distribucionarc.com\/de\/producto\/parrilla-con-rodillos-para-perritos-caliente-9\/","title":{"rendered":"Grill mit Hot-Dog-Rollern 9"},"content":{"rendered":"<h3>Grill mit Hot-Dog-Rollern 9<\/h3>\n<p>Mit dem\u00a0<strong>Hot-Dog-Maschine <span style=\"color: #ff0000;\">ZU<\/span><span style=\"color: #0000ff;\">R<\/span>CPES09<\/strong>\u00a0Es besteht die M\u00f6glichkeit, Hot-Dog-W\u00fcrstchen in verschiedenen separaten Heizzonen gleichzeitig zu grillen und zu erhitzen.<\/p>\n<p>Die hohe Leistung mit stufenloser Temperaturregulierung von 50\u00b0C bis 250\u00b0C sorgt zus\u00e4tzlich f\u00fcr die n\u00f6tige Leistung<strong>\u00a0Elektrogrill<\/strong>\u00a0von\u00a0<strong><span style=\"color: #ff0000;\">ZU<\/span><span style=\"color: #0000ff;\">R<\/span>C<\/strong>\u00a0effizienterer Energieverbrauch.<\/p>\n<p>F\u00fcr ein perfektes Bratergebnis drehen sich die Walzen beim Erhitzen der entsprechenden Heizzone automatisch um 360\u00b0.<\/p>\n<p>Die Glasabdeckung l\u00e4sst sich leicht anbringen und entfernen, um die Reinigung zu erleichtern und Ihr Produkt stets sicher aufzubewahren.<\/p>\n<p>Die Rollen, das Auffangbecken und das Geh\u00e4use sind aus hochwertigem Edelstahl gefertigt, um eine schnelle Reinigung zu erm\u00f6glichen und der Maschine mehr Robustheit zu verleihen.\u00a0<strong>Elektrogrill<\/strong><\/p>\n<h6><strong>Garantie\u00a0<span style=\"color: #ff0000;\">ZU<\/span><span style=\"color: #0000ff;\">R<\/span>C 2 JAHRE<\/strong><\/h6>\n<h6><span style=\"color: #008000;\">Effizienter Elektrogrill, geringer Verbrauch 1600W<\/span><\/h6>\n<h6><strong>Technischer Support inklusive<\/strong><\/h6>\n<p>&nbsp;<\/p>\n<table role=\"presentation\" width=\"100%\" cellspacing=\"0\" cellpadding=\"0\">\n<tbody>\n<tr>\n<td class=\"attrLabels\">Temperatur:<\/td>\n<td width=\"50.0%\">50-250 \u00b0C<\/td>\n<\/tr>\n<tr>\n<td class=\"attrLabels\">Vertriebsland:<\/td>\n<td width=\"50.0%\">Spanien, Deutschland, USA<\/td>\n<td class=\"attrLabels\">Gewicht:<\/td>\n<td width=\"50.0%\">14kg<\/td>\n<\/tr>\n<tr>\n<td class=\"attrLabels\">Marke:<\/td>\n<td width=\"50.0%\">BOGEN<\/td>\n<td class=\"attrLabels\">H\u00f6he:<\/td>\n<td width=\"50.0%\">58,50 cm<\/td>\n<\/tr>\n<tr>\n<td class=\"attrLabels\">Farbe:<\/td>\n<td width=\"50.0%\">Silber<\/td>\n<td class=\"attrLabels\">Lang:<\/td>\n<td width=\"50.0%\">41cm<\/td>\n<\/tr>\n<tr>\n<td class=\"attrLabels\">Produkttyp:<\/td>\n<td width=\"50.0%\">Elektrischer Wurstgrill<\/td>\n<td class=\"attrLabels\">Breit:<\/td>\n<td width=\"50.0%\">50cm<\/td>\n<\/tr>\n<tr>\n<td class=\"attrLabels\">Herstellernummer:<\/td>\n<td width=\"50.0%\">ARCPES09<\/td>\n<td class=\"attrLabels\">Leistung:<\/td>\n<td width=\"50.0%\">1600W<\/td>\n<\/tr>\n<tr>\n<td class=\"attrLabels\">Material:<\/td>\n<td width=\"50.0%\">Edelstahl, rotierende Rollen, Temperaturregelung<\/td>\n<td class=\"attrLabels\">Eingangsspannung<\/td>\n<td width=\"50.0%\">230V \u2013 50Hz<\/td>\n<\/tr>\n<tr>\n<td class=\"attrLabels\">Rollen:<\/td>\n<td width=\"50.0%\">\u00a09<\/td>\n<td class=\"attrLabels\">Garantie:<\/td>\n<td width=\"50.0%\">2 JAHRE<\/td>\n<\/tr>\n<tr>\n<td class=\"attrLabels\">Installationswerkzeuge:<\/td>\n<td width=\"50.0%\">Ja<\/td>\n<td class=\"attrLabels\">Produktion:<\/td>\n<td width=\"50.0%\">9 bis 20 St\u00fcck<\/td>\n<\/tr>\n<\/tbody>\n<\/table>","protected":false},"excerpt":{"rendered":"<h2>Grill mit Hot-Dog-Rollern 9<\/h2>\n<p>Der\u00a0<strong>Wurstmaschine\u00a0<span style=\"color: #ff0000;\">ZU<\/span><span style=\"color: #0000ff;\">R<\/span>C<\/strong>\u00a0sind geeignet f\u00fcr\u00a0<strong>Hotdogs aller Gr\u00f6\u00dfen<\/strong>. Die einfache Handhabung und Bedienung machen das Ger\u00e4t zum idealen Helfer f\u00fcr jedes Restaurant, jede Bar, Cafeteria, Messe usw.<\/p>\n<p>Der\u00a0<strong>Wurstgrill<\/strong>\u00a0Es ist mit 2 Temperaturreglern ausgestattet. Dadurch l\u00e4sst sich die Temperatur in beiden Heizzonen getrennt regeln. Mit Temperaturreglern l\u00e4sst sich die Temperatur regulieren<strong>\u00a0Pr\u00e4zision<\/strong>. Der\u00a0<strong>Abdeckung aus geh\u00e4rtetem Glas<\/strong>\u00a0Es sch\u00fctzt vor W\u00e4rmeverlust und erf\u00fcllt zus\u00e4tzlich die Hygienevorschriften. Der\u00a0<strong>Hot-Dog-Grill\u00a0<span style=\"color: #ff0000;\">ZU<\/span><span style=\"color: #0000ff;\">R<\/span>C<\/strong>\u00a0Sie bestehen aus Edelstahl, was die Reinigung einfach und bequem macht.<\/p>\n<h6><strong>Garantie\u00a0<span style=\"color: #ff0000;\">ZU<\/span><span style=\"color: #0000ff;\">R<\/span>C 2 JAHRE<\/strong><\/h6>\n<h6><span style=\"color: #008000;\">Effizienter Elektrogrill, geringer Verbrauch 1250 W<\/span><\/h6>\n<h6><strong>Technischer Support inklusive<\/strong><\/h6>","protected":false},"featured_media":1940,"comment_status":"open","ping_status":"closed","template":"","meta":{"wds_primary_product_brand":0,"wds_primary_product_cat":0},"product_brand":[],"product_cat":[56,39,41],"product_tag":[],"class_list":{"0":"post-1939","1":"product","2":"type-product","3":"status-publish","4":"has-post-thumbnail","6":"product_cat-maquinaria-para-ferias","7":"product_cat-plancha-de-cosina","8":"product_cat-expositor-de-alimentos","9":"product_shipping_class-express","11":"first","12":"instock","13":"sale","14":"taxable","15":"shipping-taxable","16":"purchasable","17":"product-type-simple"},"yoast_head":"<!-- This site is optimized with the Yoast SEO Premium plugin v24.9 (Yoast SEO v26.1) - https:\/\/yoast.com\/wordpress\/plugins\/seo\/ -->\n<title>Parrilla con rodillos para perritos caliente 9 - distribuci\u00f3n ARC<\/title>\n<meta name=\"robots\" content=\"index, follow, max-snippet:-1, max-image-preview:large, max-video-preview:-1\" \/>\n<link rel=\"canonical\" href=\"https:\/\/distribucionarc.com\/de\/produkt-2\/grill-mit-rollen-fur-hotdogs-9\/\" \/>\n<meta property=\"og:locale\" content=\"de_DE\" \/>\n<meta property=\"og:type\" content=\"article\" \/>\n<meta property=\"og:title\" content=\"Parrilla con rodillos para perritos caliente 9\" \/>\n<meta property=\"og:description\" content=\"Parrilla con rodillos para perritos caliente 9 La\u00a0m\u00e1quina para salchichas\u00a0ARC\u00a0son las adecuadas para\u00a0todos los tama\u00f1os de perritos calientes. La\u00a0facilidad de manejo y funcionamiento\u00a0hacen del aparato un\u00a0ayudante ideal para cualquier restaurante, bar, cafeter\u00eda, feria, etc..  La\u00a0parrilla de salchichas\u00a0est\u00e1\u00a0equipada con 2 controladores de temperatura. Esto permite que la temperatura en ambas zonas de calentamiento se controle por separado. Con los reguladores de temperatura la temperatura se puede ajustar con\u00a0precisi\u00f3n. La\u00a0cubierta de vidrio templado\u00a0protege contra la p\u00e9rdida de calor adem\u00e1s de cumplir con las normativas de higiene. Las\u00a0parrilla para perritos caliente\u00a0ARC\u00a0son de acero inoxidable, lo que hace que la limpieza sea sencilla y c\u00f3moda. Garant\u00eda\u00a0ARC 2 A\u00d1OS Parrilla el\u00e9ctrica\u00a0 eficiente, bajo consumo 1250w soporte t\u00e9cnico incluido\" \/>\n<meta property=\"og:url\" content=\"https:\/\/distribucionarc.com\/de\/produkt-2\/grill-mit-rollen-fur-hotdogs-9\/\" \/>\n<meta property=\"og:site_name\" content=\"distribuci\u00f3n ARC\" \/>\n<meta property=\"article:modified_time\" content=\"2023-01-19T14:48:14+00:00\" \/>\n<meta property=\"og:image\" content=\"https:\/\/distribucionarc.com\/wp-content\/uploads\/2020\/08\/Parrilla-para-perritos-caliente-9-0.jpg\" \/>\n\t<meta property=\"og:image:width\" content=\"1500\" \/>\n\t<meta property=\"og:image:height\" content=\"1500\" \/>\n\t<meta property=\"og:image:type\" content=\"image\/jpeg\" \/>\n<meta name=\"twitter:card\" content=\"summary_large_image\" \/>\n<meta name=\"twitter:label1\" content=\"Gesch\u00e4tzte Lesezeit\" \/>\n\t<meta name=\"twitter:data1\" content=\"1\u00a0Minute\" \/>\n<script type=\"application\/ld+json\" class=\"yoast-schema-graph\">{\"@context\":\"https:\/\/schema.org\",\"@graph\":[{\"@type\":\"WebPage\",\"@id\":\"https:\/\/distribucionarc.com\/producto\/parrilla-con-rodillos-para-perritos-caliente-9\/\",\"url\":\"https:\/\/distribucionarc.com\/producto\/parrilla-con-rodillos-para-perritos-caliente-9\/\",\"name\":\"Parrilla con rodillos para perritos caliente 9 - distribuci\u00f3n ARC\",\"isPartOf\":{\"@id\":\"https:\/\/www.distribucionarc.com\/de\/#website\"},\"primaryImageOfPage\":{\"@id\":\"https:\/\/distribucionarc.com\/producto\/parrilla-con-rodillos-para-perritos-caliente-9\/#primaryimage\"},\"image\":{\"@id\":\"https:\/\/distribucionarc.com\/producto\/parrilla-con-rodillos-para-perritos-caliente-9\/#primaryimage\"},\"thumbnailUrl\":\"https:\/\/distribucionarc.com\/wp-content\/uploads\/2020\/08\/Parrilla-para-perritos-caliente-9-0.jpg\",\"datePublished\":\"2020-08-03T15:37:26+00:00\",\"dateModified\":\"2023-01-19T14:48:14+00:00\",\"breadcrumb\":{\"@id\":\"https:\/\/distribucionarc.com\/producto\/parrilla-con-rodillos-para-perritos-caliente-9\/#breadcrumb\"},\"inLanguage\":\"de\",\"potentialAction\":[{\"@type\":\"ReadAction\",\"target\":[\"https:\/\/distribucionarc.com\/producto\/parrilla-con-rodillos-para-perritos-caliente-9\/\"]}]},{\"@type\":\"ImageObject\",\"inLanguage\":\"de\",\"@id\":\"https:\/\/distribucionarc.com\/producto\/parrilla-con-rodillos-para-perritos-caliente-9\/#primaryimage\",\"url\":\"https:\/\/distribucionarc.com\/wp-content\/uploads\/2020\/08\/Parrilla-para-perritos-caliente-9-0.jpg\",\"contentUrl\":\"https:\/\/distribucionarc.com\/wp-content\/uploads\/2020\/08\/Parrilla-para-perritos-caliente-9-0.jpg\",\"width\":1500,\"height\":1500,\"caption\":\"Parrilla para perritos caliente 9\"},{\"@type\":\"BreadcrumbList\",\"@id\":\"https:\/\/distribucionarc.com\/producto\/parrilla-con-rodillos-para-perritos-caliente-9\/#breadcrumb\",\"itemListElement\":[{\"@type\":\"ListItem\",\"position\":1,\"name\":\"Portada\",\"item\":\"https:\/\/www.distribucionarc.com\/en\/\"},{\"@type\":\"ListItem\",\"position\":2,\"name\":\"Products\",\"item\":\"https:\/\/www.distribucionarc.com\/en\/shop\/\"},{\"@type\":\"ListItem\",\"position\":3,\"name\":\"Parrilla con rodillos para perritos caliente 9\"}]},{\"@type\":\"WebSite\",\"@id\":\"https:\/\/www.distribucionarc.com\/de\/#website\",\"url\":\"https:\/\/www.distribucionarc.com\/de\/\",\"name\":\"distribuci\u00f3n ARC\",\"description\":\"Empresa especializada en la fabricaci\u00f3n y distribuci\u00f3n de maquinaria industrial, selladoras de latas, Maquinas de hacer pastillas, Maquinas de cortar carne...\",\"publisher\":{\"@id\":\"https:\/\/www.distribucionarc.com\/de\/#organization\"},\"potentialAction\":[{\"@type\":\"SearchAction\",\"target\":{\"@type\":\"EntryPoint\",\"urlTemplate\":\"https:\/\/www.distribucionarc.com\/de\/?s={search_term_string}\"},\"query-input\":{\"@type\":\"PropertyValueSpecification\",\"valueRequired\":true,\"valueName\":\"search_term_string\"}}],\"inLanguage\":\"de\"},{\"@type\":\"Organization\",\"@id\":\"https:\/\/www.distribucionarc.com\/de\/#organization\",\"name\":\"Distribuci\u00f3n ARC\",\"url\":\"https:\/\/www.distribucionarc.com\/de\/\",\"logo\":{\"@type\":\"ImageObject\",\"inLanguage\":\"de\",\"@id\":\"https:\/\/www.distribucionarc.com\/de\/#\/schema\/logo\/image\/\",\"url\":\"https:\/\/distribucionarc.com\/wp-content\/uploads\/2024\/10\/distribucion-ARC-COLOR-SIN-FONDO-e1732295305345.png\",\"contentUrl\":\"https:\/\/distribucionarc.com\/wp-content\/uploads\/2024\/10\/distribucion-ARC-COLOR-SIN-FONDO-e1732295305345.png\",\"width\":1164,\"height\":558,\"caption\":\"Distribuci\u00f3n ARC\"},\"image\":{\"@id\":\"https:\/\/www.distribucionarc.com\/de\/#\/schema\/logo\/image\/\"},\"description\":\"Empresa especializada en la fabricaci\u00f3n y distribuci\u00f3n de maquinaria industrial para los sectores alimentario y farmac\u00e9utico. Nos especializamos en: M\u00e1quinas de cortar carne Fabricaci\u00f3n de comprimidos Sistemas de transporte industrial L\u00edneas de embotellado Dosificadores Y mucho m\u00e1s... Ofrecemos soluciones innovadoras y personalizadas para optimizar los procesos productivos de tu empresa.\",\"email\":\"Admistracion@distribucionarc.com\",\"telephone\":\"+34 643496664\",\"legalName\":\"ARC TECH SOLUTIONS\",\"foundingDate\":\"2024-04-09\",\"vatID\":\"B55480172\",\"numberOfEmployees\":{\"@type\":\"QuantitativeValue\",\"minValue\":\"1\",\"maxValue\":\"10\"}}]}<\/script>\n<!-- \/ Yoast SEO Premium plugin. -->","yoast_head_json":{"title":"Hot Dog Rollgrill 9 - ARC distribution","robots":{"index":"index","follow":"follow","max-snippet":"max-snippet:-1","max-image-preview":"max-image-preview:large","max-video-preview":"max-video-preview:-1"},"canonical":"https:\/\/distribucionarc.com\/de\/produkt-2\/grill-mit-rollen-fur-hotdogs-9\/","og_locale":"de_DE","og_type":"article","og_title":"Parrilla con rodillos para perritos caliente 9","og_description":"Parrilla con rodillos para perritos caliente 9 La\u00a0m\u00e1quina para salchichas\u00a0ARC\u00a0son las adecuadas para\u00a0todos los tama\u00f1os de perritos calientes. La\u00a0facilidad de manejo y funcionamiento\u00a0hacen del aparato un\u00a0ayudante ideal para cualquier restaurante, bar, cafeter\u00eda, feria, etc..  La\u00a0parrilla de salchichas\u00a0est\u00e1\u00a0equipada con 2 controladores de temperatura. Esto permite que la temperatura en ambas zonas de calentamiento se controle por separado. Con los reguladores de temperatura la temperatura se puede ajustar con\u00a0precisi\u00f3n. La\u00a0cubierta de vidrio templado\u00a0protege contra la p\u00e9rdida de calor adem\u00e1s de cumplir con las normativas de higiene. Las\u00a0parrilla para perritos caliente\u00a0ARC\u00a0son de acero inoxidable, lo que hace que la limpieza sea sencilla y c\u00f3moda. Garant\u00eda\u00a0ARC 2 A\u00d1OS Parrilla el\u00e9ctrica\u00a0 eficiente, bajo consumo 1250w soporte t\u00e9cnico incluido","og_url":"https:\/\/distribucionarc.com\/de\/produkt-2\/grill-mit-rollen-fur-hotdogs-9\/","og_site_name":"distribuci\u00f3n ARC","article_modified_time":"2023-01-19T14:48:14+00:00","og_image":[{"width":1500,"height":1500,"url":"https:\/\/distribucionarc.com\/wp-content\/uploads\/2020\/08\/Parrilla-para-perritos-caliente-9-0.jpg","type":"image\/jpeg"}],"twitter_card":"summary_large_image","twitter_misc":{"Gesch\u00e4tzte Lesezeit":"1\u00a0Minute"},"schema":{"@context":"https:\/\/schema.org","@graph":[{"@type":"WebPage","@id":"https:\/\/distribucionarc.com\/producto\/parrilla-con-rodillos-para-perritos-caliente-9\/","url":"https:\/\/distribucionarc.com\/producto\/parrilla-con-rodillos-para-perritos-caliente-9\/","name":"Hot Dog Rollgrill 9 - ARC distribution","isPartOf":{"@id":"https:\/\/www.distribucionarc.com\/de\/#website"},"primaryImageOfPage":{"@id":"https:\/\/distribucionarc.com\/producto\/parrilla-con-rodillos-para-perritos-caliente-9\/#primaryimage"},"image":{"@id":"https:\/\/distribucionarc.com\/producto\/parrilla-con-rodillos-para-perritos-caliente-9\/#primaryimage"},"thumbnailUrl":"https:\/\/distribucionarc.com\/wp-content\/uploads\/2020\/08\/Parrilla-para-perritos-caliente-9-0.jpg","datePublished":"2020-08-03T15:37:26+00:00","dateModified":"2023-01-19T14:48:14+00:00","breadcrumb":{"@id":"https:\/\/distribucionarc.com\/producto\/parrilla-con-rodillos-para-perritos-caliente-9\/#breadcrumb"},"inLanguage":"de","potentialAction":[{"@type":"ReadAction","target":["https:\/\/distribucionarc.com\/producto\/parrilla-con-rodillos-para-perritos-caliente-9\/"]}]},{"@type":"ImageObject","inLanguage":"de","@id":"https:\/\/distribucionarc.com\/producto\/parrilla-con-rodillos-para-perritos-caliente-9\/#primaryimage","url":"https:\/\/distribucionarc.com\/wp-content\/uploads\/2020\/08\/Parrilla-para-perritos-caliente-9-0.jpg","contentUrl":"https:\/\/distribucionarc.com\/wp-content\/uploads\/2020\/08\/Parrilla-para-perritos-caliente-9-0.jpg","width":1500,"height":1500,"caption":"Parrilla para perritos caliente 9"},{"@type":"BreadcrumbList","@id":"https:\/\/distribucionarc.com\/producto\/parrilla-con-rodillos-para-perritos-caliente-9\/#breadcrumb","itemListElement":[{"@type":"ListItem","position":1,"name":"Portada","item":"https:\/\/www.distribucionarc.com\/en\/"},{"@type":"ListItem","position":2,"name":"Products","item":"https:\/\/www.distribucionarc.com\/en\/shop\/"},{"@type":"ListItem","position":3,"name":"Parrilla con rodillos para perritos caliente 9"}]},{"@type":"WebSite","@id":"https:\/\/www.distribucionarc.com\/de\/#website","url":"https:\/\/www.distribucionarc.com\/de\/","name":"ARC-Verteilung","description":"Das Unternehmen ist auf die Herstellung und den Vertrieb von Industriemaschinen, Dosenverschlie\u00dfmaschinen, Tablettenmaschinen, Fleischschneidemaschinen...","publisher":{"@id":"https:\/\/www.distribucionarc.com\/de\/#organization"},"potentialAction":[{"@type":"SearchAction","target":{"@type":"EntryPoint","urlTemplate":"https:\/\/www.distribucionarc.com\/de\/?s={search_term_string}"},"query-input":{"@type":"PropertyValueSpecification","valueRequired":true,"valueName":"search_term_string"}}],"inLanguage":"de"},{"@type":"Organization","@id":"https:\/\/www.distribucionarc.com\/de\/#organization","name":"ARC-Verteilung","url":"https:\/\/www.distribucionarc.com\/de\/","logo":{"@type":"ImageObject","inLanguage":"de","@id":"https:\/\/www.distribucionarc.com\/de\/#\/schema\/logo\/image\/","url":"https:\/\/distribucionarc.com\/wp-content\/uploads\/2024\/10\/distribucion-ARC-COLOR-SIN-FONDO-e1732295305345.png","contentUrl":"https:\/\/distribucionarc.com\/wp-content\/uploads\/2024\/10\/distribucion-ARC-COLOR-SIN-FONDO-e1732295305345.png","width":1164,"height":558,"caption":"Distribuci\u00f3n ARC"},"image":{"@id":"https:\/\/www.distribucionarc.com\/de\/#\/schema\/logo\/image\/"},"description":"Unternehmen, das auf die Herstellung und den Vertrieb von Industriemaschinen f\u00fcr den Lebensmittel- und Pharmasektor spezialisiert ist. Wir sind spezialisiert auf: Fleischschneidemaschinen Tablettenherstellung Industrielle F\u00f6rdersysteme Abf\u00fcllanlagen Dispenser Und vieles mehr... Wir bieten innovative und ma\u00dfgeschneiderte L\u00f6sungen zur Optimierung der Produktionsprozesse in Ihrem Unternehmen.","email":"Admistracion@distribucionarc.com","telephone":"+34 643496664","legalName":"ARC TECH SOLUTIONS","foundingDate":"2024-04-09","vatID":"B55480172","numberOfEmployees":{"@type":"QuantitativeValue","minValue":"1","maxValue":"10"}}]}},"_links":{"self":[{"href":"https:\/\/distribucionarc.com\/de\/wp-json\/wp\/v2\/product\/1939","targetHints":{"allow":["GET"]}}],"collection":[{"href":"https:\/\/distribucionarc.com\/de\/wp-json\/wp\/v2\/product"}],"about":[{"href":"https:\/\/distribucionarc.com\/de\/wp-json\/wp\/v2\/types\/product"}],"replies":[{"embeddable":true,"href":"https:\/\/distribucionarc.com\/de\/wp-json\/wp\/v2\/comments?post=1939"}],"version-history":[{"count":0,"href":"https:\/\/distribucionarc.com\/de\/wp-json\/wp\/v2\/product\/1939\/revisions"}],"wp:featuredmedia":[{"embeddable":true,"href":"https:\/\/distribucionarc.com\/de\/wp-json\/wp\/v2\/media\/1940"}],"wp:attachment":[{"href":"https:\/\/distribucionarc.com\/de\/wp-json\/wp\/v2\/media?parent=1939"}],"wp:term":[{"taxonomy":"product_brand","embeddable":true,"href":"https:\/\/distribucionarc.com\/de\/wp-json\/wp\/v2\/product_brand?post=1939"},{"taxonomy":"product_cat","embeddable":true,"href":"https:\/\/distribucionarc.com\/de\/wp-json\/wp\/v2\/product_cat?post=1939"},{"taxonomy":"product_tag","embeddable":true,"href":"https:\/\/distribucionarc.com\/de\/wp-json\/wp\/v2\/product_tag?post=1939"}],"curies":[{"name":"wp","href":"https:\/\/api.w.org\/{rel}","templated":true}]}}