{"id":1950,"date":"2020-08-04T12:22:50","date_gmt":"2020-08-04T12:22:50","guid":{"rendered":"https:\/\/distribucionarc.com\/?post_type=product&#038;p=1950"},"modified":"2020-09-30T07:35:05","modified_gmt":"2020-09-30T07:35:05","slug":"industrieller-luftschleier","status":"publish","type":"product","link":"https:\/\/distribucionarc.com\/de\/producto\/cortina-de-aire-industrial\/","title":{"rendered":"Industrieller Luftschleier 90 cm"},"content":{"rendered":"<h3>Industrielle Luftschleier-Klimaanlage<\/h3>\n<p>Der <strong>Windvorh\u00e4nge<\/strong> Sie verhindern wirksam, dass klimatisierte Luft nach au\u00dfen entweicht und blockieren das Eindringen von Staub, fliegenden Insekten, Rauch usw.<\/p>\n<p>Der<strong> Luftschleier <span style=\"color: #ff0000;\">ZU<\/span><span style=\"color: #0000ff;\">R<\/span>C<\/strong> T\u00fcrstopper sind mit einer Taste (niedrig\/aus\/hoch) zum \u00c4ndern der Windgeschwindigkeit ausgestattet. Der Energieverbrauch variiert je nach Bedarf zwischen 145 W und 165 W <span style=\"color: #008000;\"><strong>was den Energieverbrauch erheblich beg\u00fcnstigt.<\/strong><\/span><\/p>\n<p>Der Hochleistungsmotor sorgt f\u00fcr einen tollen Luftstrom. Das Design des Windabweisers wird \u00fcbernommen und die Windrichtung kann von Hand eingestellt werden, um sie an verschiedene Umgebungen anzupassen.<\/p>\n<p>Der <strong>Klimaanlagenvorhang <span style=\"color: #ff0000;\">ZU<\/span><span style=\"color: #0000ff;\">R<\/span>CCAF1<\/strong> F\u00fcr einen leisen Betrieb ist es mit Silentlagern ausgestattet. Der Ger\u00e4uschpegel betr\u00e4gt weniger als 55 dB, sodass der Betrieb in einer ruhigen Umgebung m\u00f6glich ist.<\/p>\n<p>Der Endschalter kann an der T\u00fcr montiert werden. Beim \u00d6ffnen der T\u00fcr beginnt der T\u00fcrventilator automatisch zu arbeiten, beim Schlie\u00dfen der T\u00fcr schlie\u00dft er automatisch.<\/p>\n<p>Im Lieferumfang ist eine Montageplatte enthalten, die bereits mit vorgebohrten L\u00f6chern ausgestattet ist, was die Installation einfacher und robuster macht.<\/p>\n<h6>\u00a0<strong>Garantie\u00a0<span style=\"color: #ff0000;\">ZU<\/span><span style=\"color: #0000ff;\">R<\/span>C 2 JAHRE<\/strong><\/h6>\n<h6><span style=\"color: #008000;\">Effiziente Klimaanlage, geringer Verbrauch 165 W<\/span><\/h6>\n<h6><strong>Technischer Support inklusive<\/strong><\/h6>\n<p>&nbsp;<\/p>\n<p>&nbsp;<\/p>\n<table role=\"presentation\" width=\"100%\" cellspacing=\"0\" cellpadding=\"0\">\n<tbody>\n<tr>\n<td class=\"attrLabels\">Marke:<\/td>\n<td width=\"50.0%\">BOGEN<\/td>\n<\/tr>\n<tr>\n<td class=\"attrLabels\">Vertriebsland:<\/td>\n<td width=\"50.0%\">Spanien, Deutschland, USA<\/td>\n<td class=\"attrLabels\">Gewicht:<\/td>\n<td width=\"50.0%\">13kg<\/td>\n<\/tr>\n<tr>\n<td class=\"attrLabels\">Farbe:<\/td>\n<td width=\"50.0%\">Wei\u00df<\/td>\n<td class=\"attrLabels\">H\u00f6he:<\/td>\n<td width=\"50.0%\">22cm<\/td>\n<\/tr>\n<tr>\n<td class=\"attrLabels\">\u00a0Garantie:<\/td>\n<td width=\"50.0%\">\u00a02 JAHRE<\/td>\n<td class=\"attrLabels\">Lang:<\/td>\n<td width=\"50.0%\">90cm<\/td>\n<\/tr>\n<tr>\n<td class=\"attrLabels\">Produkttyp:<\/td>\n<td width=\"50.0%\">Klimaanlage<\/td>\n<td class=\"attrLabels\">Breit:<\/td>\n<td width=\"50.0%\">19cm<\/td>\n<\/tr>\n<tr>\n<td class=\"attrLabels\">Herstellernummer:<\/td>\n<td width=\"50.0%\">ARCCAF1<\/td>\n<td class=\"attrLabels\">Hohe Geschwindigkeit:<\/td>\n<td width=\"50.0%\">1322,3 CFM<\/td>\n<\/tr>\n<tr>\n<td class=\"attrLabels\">Material:<\/td>\n<td width=\"50.0%\">Effizienter Motor, automatische Steuerung<\/td>\n<td class=\"attrLabels\">Niedrige Geschwindigkeit:<\/td>\n<td width=\"50.0%\">1082,0 CFM<\/td>\n<\/tr>\n<tr>\n<td class=\"attrLabels\">Leistung:<\/td>\n<td width=\"50.0%\">\u00a0145W bis 165W<\/td>\n<td class=\"attrLabels\">Empfohlene T\u00fcrh\u00f6he:<\/td>\n<td width=\"50.0%\">2,3 Meter<\/td>\n<\/tr>\n<tr>\n<td class=\"attrLabels\">Eingangsspannung:<\/td>\n<td width=\"50.0%\">230V \u2013 50Hz<\/td>\n<td class=\"attrLabels\">Motorger\u00e4usch:<\/td>\n<td width=\"50.0%\">&lt;55dB<\/td>\n<\/tr>\n<\/tbody>\n<\/table>","protected":false},"excerpt":{"rendered":"<h2>Industrielle Luftschleier-Klimaanlage<\/h2>\n<p>Die beste L\u00f6sung, damit Ihre R\u00e4umlichkeiten immer die richtige Temperatur haben und Ihren Kunden gefallen.<\/p>\n<p>Der <strong>Luftschleier<\/strong> von <strong><span style=\"color: #ff0000;\">ZU<\/span><span style=\"color: #0000ff;\">R<\/span>C<\/strong> Es handelt sich um einen leistungsstarken Ventilator, der eine unsichtbare Hochgeschwindigkeits-Luftbarriere \u00fcber dem Eingang erzeugt. Isoliert die Innen- und Au\u00dfenluftumgebung, um den Temperaturunterschied aufrechtzuerhalten. <strong>Sparen Sie Energie<\/strong> und verhindert, dass Luft nach au\u00dfen entweicht, und blockiert das Eindringen von fliegenden Insekten, Staub, hei\u00dfer oder kalter Luft und Rauch.<\/p>\n<h6><strong>Garantie\u00a0<span style=\"color: #ff0000;\">ZU<\/span><span style=\"color: #0000ff;\">R<\/span>C 2 JAHRE<\/strong><\/h6>\n<h6><span style=\"color: #008000;\">Effiziente Klimaanlage, geringer Verbrauch 165 W<\/span><\/h6>\n<h6><strong>Technischer Support inklusive<\/strong><\/h6>\n<p>&nbsp;<\/p>","protected":false},"featured_media":1951,"comment_status":"open","ping_status":"closed","template":"","meta":{"wds_primary_product_brand":0,"wds_primary_product_cat":0},"product_brand":[],"product_cat":[63],"product_tag":[],"class_list":{"0":"post-1950","1":"product","2":"type-product","3":"status-publish","4":"has-post-thumbnail","6":"product_cat-climatizacion-industrial","7":"product_shipping_class-hosteleria","9":"first","10":"instock","11":"sale","12":"taxable","13":"shipping-taxable","14":"purchasable","15":"product-type-simple"},"yoast_head":"<!-- This site is optimized with the Yoast SEO Premium plugin v24.9 (Yoast SEO v26.1) - https:\/\/yoast.com\/wordpress\/plugins\/seo\/ -->\n<title>Cortina de aire industrial 90 cm - distribuci\u00f3n ARC<\/title>\n<meta name=\"robots\" content=\"index, follow, max-snippet:-1, max-image-preview:large, max-video-preview:-1\" \/>\n<link rel=\"canonical\" href=\"https:\/\/www.distribucionarc.com\/en\/producto\/cortina-de-aire-industrial\/\" \/>\n<meta property=\"og:locale\" content=\"de_DE\" \/>\n<meta property=\"og:type\" content=\"article\" \/>\n<meta property=\"og:title\" content=\"Cortina de aire industrial 90 cm\" \/>\n<meta property=\"og:description\" content=\"Aire acondicionado cortina de aire industrial La mejor soluci\u00f3n para que su local est\u00e9 siempre a la temperatura adecuada y del agrado de sus clientes.  La cortina de aire de ARC es un potente ventilador, que crea una barrera de aire invisible de alta velocidad sobre la entrada. A\u00edsla el ambiente de aire interior y exterior para mantener la diferencia de temperatura. Ahorra energ\u00eda y ayuda a evitar que el aire escape al exterior, y bloquea la entrada de insectos voladores, polvo, aire caliente o fr\u00edo y humo. Garant\u00eda\u00a0ARC 2 A\u00d1OS Aire acondicionado eficiente, bajo consumo 165w soporte t\u00e9cnico incluido &nbsp;\" \/>\n<meta property=\"og:url\" content=\"https:\/\/www.distribucionarc.com\/en\/producto\/cortina-de-aire-industrial\/\" \/>\n<meta property=\"og:site_name\" content=\"distribuci\u00f3n ARC\" \/>\n<meta property=\"article:modified_time\" content=\"2020-09-30T07:35:05+00:00\" \/>\n<meta property=\"og:image\" content=\"https:\/\/www.distribucionarc.com\/wp-content\/uploads\/2020\/08\/Cortina-de-aire-industrial-0.jpg\" \/>\n\t<meta property=\"og:image:width\" content=\"1600\" \/>\n\t<meta property=\"og:image:height\" content=\"1600\" \/>\n\t<meta property=\"og:image:type\" content=\"image\/jpeg\" \/>\n<meta name=\"twitter:card\" content=\"summary_large_image\" \/>\n<meta name=\"twitter:label1\" content=\"Gesch\u00e4tzte Lesezeit\" \/>\n\t<meta name=\"twitter:data1\" content=\"1\u00a0Minute\" \/>\n<script type=\"application\/ld+json\" class=\"yoast-schema-graph\">{\"@context\":\"https:\/\/schema.org\",\"@graph\":[{\"@type\":\"WebPage\",\"@id\":\"https:\/\/www.distribucionarc.com\/en\/producto\/cortina-de-aire-industrial\/\",\"url\":\"https:\/\/www.distribucionarc.com\/en\/producto\/cortina-de-aire-industrial\/\",\"name\":\"Cortina de aire industrial 90 cm - distribuci\u00f3n ARC\",\"isPartOf\":{\"@id\":\"https:\/\/distribucionarc.com\/de\/#website\"},\"primaryImageOfPage\":{\"@id\":\"https:\/\/www.distribucionarc.com\/en\/producto\/cortina-de-aire-industrial\/#primaryimage\"},\"image\":{\"@id\":\"https:\/\/www.distribucionarc.com\/en\/producto\/cortina-de-aire-industrial\/#primaryimage\"},\"thumbnailUrl\":\"https:\/\/distribucionarc.com\/wp-content\/uploads\/2020\/08\/Cortina-de-aire-industrial-0.jpg\",\"datePublished\":\"2020-08-04T12:22:50+00:00\",\"dateModified\":\"2020-09-30T07:35:05+00:00\",\"breadcrumb\":{\"@id\":\"https:\/\/www.distribucionarc.com\/en\/producto\/cortina-de-aire-industrial\/#breadcrumb\"},\"inLanguage\":\"de\",\"potentialAction\":[{\"@type\":\"ReadAction\",\"target\":[\"https:\/\/www.distribucionarc.com\/en\/producto\/cortina-de-aire-industrial\/\"]}]},{\"@type\":\"ImageObject\",\"inLanguage\":\"de\",\"@id\":\"https:\/\/www.distribucionarc.com\/en\/producto\/cortina-de-aire-industrial\/#primaryimage\",\"url\":\"https:\/\/distribucionarc.com\/wp-content\/uploads\/2020\/08\/Cortina-de-aire-industrial-0.jpg\",\"contentUrl\":\"https:\/\/distribucionarc.com\/wp-content\/uploads\/2020\/08\/Cortina-de-aire-industrial-0.jpg\",\"width\":1600,\"height\":1600,\"caption\":\"Cortina de aire industrial\"},{\"@type\":\"BreadcrumbList\",\"@id\":\"https:\/\/www.distribucionarc.com\/en\/producto\/cortina-de-aire-industrial\/#breadcrumb\",\"itemListElement\":[{\"@type\":\"ListItem\",\"position\":1,\"name\":\"Portada\",\"item\":\"https:\/\/distribucionarc.com\/pl\/\"},{\"@type\":\"ListItem\",\"position\":2,\"name\":\"Produkty\",\"item\":\"https:\/\/distribucionarc.com\/pl\/shop\/\"},{\"@type\":\"ListItem\",\"position\":3,\"name\":\"Cortina de aire industrial 90 cm\"}]},{\"@type\":\"WebSite\",\"@id\":\"https:\/\/distribucionarc.com\/de\/#website\",\"url\":\"https:\/\/distribucionarc.com\/de\/\",\"name\":\"distribuci\u00f3n ARC\",\"description\":\"Empresa especializada en la fabricaci\u00f3n y distribuci\u00f3n de maquinaria industrial, selladoras de latas, Maquinas de hacer pastillas, Maquinas de cortar carne...\",\"publisher\":{\"@id\":\"https:\/\/distribucionarc.com\/de\/#organization\"},\"potentialAction\":[{\"@type\":\"SearchAction\",\"target\":{\"@type\":\"EntryPoint\",\"urlTemplate\":\"https:\/\/distribucionarc.com\/de\/?s={search_term_string}\"},\"query-input\":{\"@type\":\"PropertyValueSpecification\",\"valueRequired\":true,\"valueName\":\"search_term_string\"}}],\"inLanguage\":\"de\"},{\"@type\":\"Organization\",\"@id\":\"https:\/\/distribucionarc.com\/de\/#organization\",\"name\":\"Distribuci\u00f3n ARC\",\"url\":\"https:\/\/distribucionarc.com\/de\/\",\"logo\":{\"@type\":\"ImageObject\",\"inLanguage\":\"de\",\"@id\":\"https:\/\/distribucionarc.com\/de\/#\/schema\/logo\/image\/\",\"url\":\"https:\/\/distribucionarc.com\/wp-content\/uploads\/2024\/10\/distribucion-ARC-COLOR-SIN-FONDO-e1732295305345.png\",\"contentUrl\":\"https:\/\/distribucionarc.com\/wp-content\/uploads\/2024\/10\/distribucion-ARC-COLOR-SIN-FONDO-e1732295305345.png\",\"width\":1164,\"height\":558,\"caption\":\"Distribuci\u00f3n ARC\"},\"image\":{\"@id\":\"https:\/\/distribucionarc.com\/de\/#\/schema\/logo\/image\/\"},\"description\":\"Empresa especializada en la fabricaci\u00f3n y distribuci\u00f3n de maquinaria industrial para los sectores alimentario y farmac\u00e9utico. Nos especializamos en: M\u00e1quinas de cortar carne Fabricaci\u00f3n de comprimidos Sistemas de transporte industrial L\u00edneas de embotellado Dosificadores Y mucho m\u00e1s... Ofrecemos soluciones innovadoras y personalizadas para optimizar los procesos productivos de tu empresa.\",\"email\":\"Admistracion@distribucionarc.com\",\"telephone\":\"+34 643496664\",\"legalName\":\"ARC TECH SOLUTIONS\",\"foundingDate\":\"2024-04-09\",\"vatID\":\"B55480172\",\"numberOfEmployees\":{\"@type\":\"QuantitativeValue\",\"minValue\":\"1\",\"maxValue\":\"10\"}}]}<\/script>\n<!-- \/ Yoast SEO Premium plugin. -->","yoast_head_json":{"title":"Industrieller Luftschleier 90 cm \u2013 ARC-Verteilung","robots":{"index":"index","follow":"follow","max-snippet":"max-snippet:-1","max-image-preview":"max-image-preview:large","max-video-preview":"max-video-preview:-1"},"canonical":"https:\/\/www.distribucionarc.com\/en\/producto\/cortina-de-aire-industrial\/","og_locale":"de_DE","og_type":"article","og_title":"Cortina de aire industrial 90 cm","og_description":"Aire acondicionado cortina de aire industrial La mejor soluci\u00f3n para que su local est\u00e9 siempre a la temperatura adecuada y del agrado de sus clientes.  La cortina de aire de ARC es un potente ventilador, que crea una barrera de aire invisible de alta velocidad sobre la entrada. A\u00edsla el ambiente de aire interior y exterior para mantener la diferencia de temperatura. Ahorra energ\u00eda y ayuda a evitar que el aire escape al exterior, y bloquea la entrada de insectos voladores, polvo, aire caliente o fr\u00edo y humo. Garant\u00eda\u00a0ARC 2 A\u00d1OS Aire acondicionado eficiente, bajo consumo 165w soporte t\u00e9cnico incluido &nbsp;","og_url":"https:\/\/www.distribucionarc.com\/en\/producto\/cortina-de-aire-industrial\/","og_site_name":"distribuci\u00f3n ARC","article_modified_time":"2020-09-30T07:35:05+00:00","og_image":[{"width":1600,"height":1600,"url":"https:\/\/www.distribucionarc.com\/wp-content\/uploads\/2020\/08\/Cortina-de-aire-industrial-0.jpg","type":"image\/jpeg"}],"twitter_card":"summary_large_image","twitter_misc":{"Gesch\u00e4tzte Lesezeit":"1\u00a0Minute"},"schema":{"@context":"https:\/\/schema.org","@graph":[{"@type":"WebPage","@id":"https:\/\/www.distribucionarc.com\/en\/producto\/cortina-de-aire-industrial\/","url":"https:\/\/www.distribucionarc.com\/en\/producto\/cortina-de-aire-industrial\/","name":"Industrieller Luftschleier 90 cm \u2013 ARC-Verteilung","isPartOf":{"@id":"https:\/\/distribucionarc.com\/de\/#website"},"primaryImageOfPage":{"@id":"https:\/\/www.distribucionarc.com\/en\/producto\/cortina-de-aire-industrial\/#primaryimage"},"image":{"@id":"https:\/\/www.distribucionarc.com\/en\/producto\/cortina-de-aire-industrial\/#primaryimage"},"thumbnailUrl":"https:\/\/distribucionarc.com\/wp-content\/uploads\/2020\/08\/Cortina-de-aire-industrial-0.jpg","datePublished":"2020-08-04T12:22:50+00:00","dateModified":"2020-09-30T07:35:05+00:00","breadcrumb":{"@id":"https:\/\/www.distribucionarc.com\/en\/producto\/cortina-de-aire-industrial\/#breadcrumb"},"inLanguage":"de","potentialAction":[{"@type":"ReadAction","target":["https:\/\/www.distribucionarc.com\/en\/producto\/cortina-de-aire-industrial\/"]}]},{"@type":"ImageObject","inLanguage":"de","@id":"https:\/\/www.distribucionarc.com\/en\/producto\/cortina-de-aire-industrial\/#primaryimage","url":"https:\/\/distribucionarc.com\/wp-content\/uploads\/2020\/08\/Cortina-de-aire-industrial-0.jpg","contentUrl":"https:\/\/distribucionarc.com\/wp-content\/uploads\/2020\/08\/Cortina-de-aire-industrial-0.jpg","width":1600,"height":1600,"caption":"Cortina de aire industrial"},{"@type":"BreadcrumbList","@id":"https:\/\/www.distribucionarc.com\/en\/producto\/cortina-de-aire-industrial\/#breadcrumb","itemListElement":[{"@type":"ListItem","position":1,"name":"Portada","item":"https:\/\/distribucionarc.com\/pl\/"},{"@type":"ListItem","position":2,"name":"Produkty","item":"https:\/\/distribucionarc.com\/pl\/shop\/"},{"@type":"ListItem","position":3,"name":"Cortina de aire industrial 90 cm"}]},{"@type":"WebSite","@id":"https:\/\/distribucionarc.com\/de\/#website","url":"https:\/\/distribucionarc.com\/de\/","name":"ARC-Verteilung","description":"Das Unternehmen ist auf die Herstellung und den Vertrieb von Industriemaschinen, Dosenverschlie\u00dfmaschinen, Tablettenmaschinen, Fleischschneidemaschinen...","publisher":{"@id":"https:\/\/distribucionarc.com\/de\/#organization"},"potentialAction":[{"@type":"SearchAction","target":{"@type":"EntryPoint","urlTemplate":"https:\/\/distribucionarc.com\/de\/?s={search_term_string}"},"query-input":{"@type":"PropertyValueSpecification","valueRequired":true,"valueName":"search_term_string"}}],"inLanguage":"de"},{"@type":"Organization","@id":"https:\/\/distribucionarc.com\/de\/#organization","name":"ARC-Verteilung","url":"https:\/\/distribucionarc.com\/de\/","logo":{"@type":"ImageObject","inLanguage":"de","@id":"https:\/\/distribucionarc.com\/de\/#\/schema\/logo\/image\/","url":"https:\/\/distribucionarc.com\/wp-content\/uploads\/2024\/10\/distribucion-ARC-COLOR-SIN-FONDO-e1732295305345.png","contentUrl":"https:\/\/distribucionarc.com\/wp-content\/uploads\/2024\/10\/distribucion-ARC-COLOR-SIN-FONDO-e1732295305345.png","width":1164,"height":558,"caption":"Distribuci\u00f3n ARC"},"image":{"@id":"https:\/\/distribucionarc.com\/de\/#\/schema\/logo\/image\/"},"description":"Unternehmen, das auf die Herstellung und den Vertrieb von Industriemaschinen f\u00fcr den Lebensmittel- und Pharmasektor spezialisiert ist. Wir sind spezialisiert auf: Fleischschneidemaschinen Tablettenherstellung Industrielle F\u00f6rdersysteme Abf\u00fcllanlagen Dispenser Und vieles mehr... Wir bieten innovative und ma\u00dfgeschneiderte L\u00f6sungen zur Optimierung der Produktionsprozesse in Ihrem Unternehmen.","email":"Admistracion@distribucionarc.com","telephone":"+34 643496664","legalName":"ARC TECH SOLUTIONS","foundingDate":"2024-04-09","vatID":"B55480172","numberOfEmployees":{"@type":"QuantitativeValue","minValue":"1","maxValue":"10"}}]}},"_links":{"self":[{"href":"https:\/\/distribucionarc.com\/de\/wp-json\/wp\/v2\/product\/1950","targetHints":{"allow":["GET"]}}],"collection":[{"href":"https:\/\/distribucionarc.com\/de\/wp-json\/wp\/v2\/product"}],"about":[{"href":"https:\/\/distribucionarc.com\/de\/wp-json\/wp\/v2\/types\/product"}],"replies":[{"embeddable":true,"href":"https:\/\/distribucionarc.com\/de\/wp-json\/wp\/v2\/comments?post=1950"}],"version-history":[{"count":0,"href":"https:\/\/distribucionarc.com\/de\/wp-json\/wp\/v2\/product\/1950\/revisions"}],"wp:featuredmedia":[{"embeddable":true,"href":"https:\/\/distribucionarc.com\/de\/wp-json\/wp\/v2\/media\/1951"}],"wp:attachment":[{"href":"https:\/\/distribucionarc.com\/de\/wp-json\/wp\/v2\/media?parent=1950"}],"wp:term":[{"taxonomy":"product_brand","embeddable":true,"href":"https:\/\/distribucionarc.com\/de\/wp-json\/wp\/v2\/product_brand?post=1950"},{"taxonomy":"product_cat","embeddable":true,"href":"https:\/\/distribucionarc.com\/de\/wp-json\/wp\/v2\/product_cat?post=1950"},{"taxonomy":"product_tag","embeddable":true,"href":"https:\/\/distribucionarc.com\/de\/wp-json\/wp\/v2\/product_tag?post=1950"}],"curies":[{"name":"wp","href":"https:\/\/api.w.org\/{rel}","templated":true}]}}