{"id":1971,"date":"2020-08-04T14:51:56","date_gmt":"2020-08-04T14:51:56","guid":{"rendered":"https:\/\/distribucionarc.com\/?post_type=product&#038;p=1971"},"modified":"2020-09-30T07:40:06","modified_gmt":"2020-09-30T07:40:06","slug":"ventilator-industrie-90-cm","status":"publish","type":"product","link":"https:\/\/distribucionarc.com\/de\/producto\/ventilador-industrial-90-cm\/","title":{"rendered":"Industrieventilator 90 cm"},"content":{"rendered":"<h3>Industrieventilator 90 cm<\/h3>\n<p>Der reibungslose Betrieb von Motor und Rotor sorgt f\u00fcr eine bessere Luftverteilung. Der\u00a0<strong>Windmaschine<\/strong>\u00a0von\u00a0<strong><span style=\"color: #ff0000;\">ZU<\/span><span style=\"color: #0000ff;\">R<\/span>C<\/strong>\u00a0Es ist ideal in Bereichen, in denen schnell viel Luft ben\u00f6tigt wird (z. B. Restaurants, Hallen, Werkst\u00e4tten, B\u00fcros, industrielle Produktion und vieles mehr).<\/p>\n<p>Er<strong> Industrieventilator <span style=\"color: #ff0000;\">ZU<\/span><span style=\"color: #0000ff;\">R<\/span>CVEI90<\/strong> Es ist mit einem 90 cm langen Edelstahlrahmen verst\u00e4rkt, der robust ist, um eine lange Lebensdauer zu gew\u00e4hrleisten, und verf\u00fcgt au\u00dferdem \u00fcber einen Satz R\u00e4der, um das Bewegen zu erleichtern.<\/p>\n<p>Sein leistungsstarker 230-V-Motor hilft Ihnen dabei, eine Energie zu erzeugen\u00a0<span style=\"color: #008000;\"><strong>geringer Energieverbrauch<\/strong><\/span>\u00a0Aufgrund der hohen Erzeugungsleistung von nur 160 W kann die Windmaschine bis zu 13.800 m3\/h erzeugen.<\/p>\n<p>Die Windmaschine verf\u00fcgt \u00fcber 3 Geschwindigkeiten, um sie an Ihre Bed\u00fcrfnisse anzupassen.<\/p>\n<h6>\u00a0<strong>Garantie\u00a0<span style=\"color: #ff0000;\">ZU<\/span><span style=\"color: #0000ff;\">R<\/span>C 2 JAHRE<\/strong><\/h6>\n<h6><span style=\"color: #008000;\">Effizienter Industrieventilator, geringer Verbrauch 160 W<\/span><\/h6>\n<h6><strong>Technischer Support inklusive<\/strong><\/h6>\n<p>&nbsp;<\/p>\n<table role=\"presentation\" width=\"100%\" cellspacing=\"0\" cellpadding=\"0\">\n<tbody>\n<tr>\n<td class=\"attrLabels\">Marke:<\/td>\n<td width=\"50.0%\">BOGEN<\/td>\n<\/tr>\n<tr>\n<td class=\"attrLabels\">Vertriebsland:<\/td>\n<td width=\"50.0%\">Spanien, Deutschland, USA<\/td>\n<td class=\"attrLabels\">Gewicht:<\/td>\n<td width=\"50.0%\">18kg<\/td>\n<\/tr>\n<tr>\n<td class=\"attrLabels\">Farbe:<\/td>\n<td width=\"50.0%\">Schwarz<\/td>\n<td class=\"attrLabels\">H\u00f6he:<\/td>\n<td width=\"50.0%\">95cm<\/td>\n<\/tr>\n<tr>\n<td class=\"attrLabels\">\u00a0Garantie:<\/td>\n<td width=\"50.0%\">\u00a02 JAHRE<\/td>\n<td class=\"attrLabels\">Lang:<\/td>\n<td width=\"50.0%\">90cm<\/td>\n<\/tr>\n<tr>\n<td class=\"attrLabels\">Produkttyp:<\/td>\n<td width=\"50.0%\">Industrieventilator<\/td>\n<td class=\"attrLabels\">Breit:<\/td>\n<td width=\"50.0%\">35cm<\/td>\n<\/tr>\n<tr>\n<td class=\"attrLabels\">Herstellernummer:<\/td>\n<td width=\"50.0%\">ARCVEI90<\/td>\n<td class=\"attrLabels\">Korbdurchmesser:<\/td>\n<td width=\"50.0%\">90cm<\/td>\n<\/tr>\n<tr>\n<td class=\"attrLabels\">Material:<\/td>\n<td width=\"50.0%\">Effizienter Motor, automatische Steuerung<\/td>\n<td class=\"attrLabels\">Maximale Luftleistung:<\/td>\n<td width=\"50.0%\">13.800 m3\/h<\/td>\n<\/tr>\n<tr>\n<td class=\"attrLabels\">Leistung:<\/td>\n<td width=\"50.0%\">\u00a0145W bis 165W<\/td>\n<td class=\"attrLabels\">Rotor:<\/td>\n<td width=\"50.0%\">90cm<\/td>\n<\/tr>\n<tr>\n<td class=\"attrLabels\">Eingangsspannung:<\/td>\n<td width=\"50.0%\">230V \u2013 50Hz<\/td>\n<td class=\"attrLabels\">Geschwindigkeiten:<\/td>\n<td width=\"50.0%\">3<\/td>\n<\/tr>\n<\/tbody>\n<\/table>","protected":false},"excerpt":{"rendered":"<h2>Industrieventilator 90 cm<\/h2>\n<p>Die beste L\u00f6sung, damit Ihre R\u00e4umlichkeiten immer die richtige Temperatur haben und Ihren Kunden gefallen.<\/p>\n<p>Mit nur 160 Watt Verbrauch schafft es dieser Ventilator, eine unglaubliche Ventilationskraft von 13.800 m3 pro Stunde zu erzeugen. Das\u00a0<strong>Windmaschine<\/strong>\u00a0von\u00a0<strong><span style=\"color: #ff0000;\">ZU<\/span><span style=\"color: #0000ff;\">R<\/span>C<\/strong>\u00a0Es wurde f\u00fcr den industriellen Einsatz hergestellt. Daher ist die\u00a0<strong>L\u00fcfter<\/strong>\u00a0Es kann sowohl zur Geb\u00e4udetrocknung als auch zur K\u00fchlung von Maschinen oder einfach zur Luftzirkulation eingesetzt werden.<\/p>\n<h6>\u00a0<strong>Garantie\u00a0<span style=\"color: #ff0000;\">ZU<\/span><span style=\"color: #0000ff;\">R<\/span>C 2 JAHRE<\/strong><\/h6>\n<h6><span style=\"color: #008000;\">Effizienter Industrieventilator, geringer Verbrauch 160 W<\/span><\/h6>\n<h6><strong>Technischer Support inklusive<\/strong><\/h6>","protected":false},"featured_media":1976,"comment_status":"open","ping_status":"closed","template":"","meta":{"wds_primary_product_brand":0,"wds_primary_product_cat":0},"product_brand":[],"product_cat":[63],"product_tag":[],"class_list":{"0":"post-1971","1":"product","2":"type-product","3":"status-publish","4":"has-post-thumbnail","6":"product_cat-climatizacion-industrial","7":"product_shipping_class-hosteleria","9":"first","10":"instock","11":"sale","12":"taxable","13":"shipping-taxable","14":"purchasable","15":"product-type-simple"},"yoast_head":"<!-- This site is optimized with the Yoast SEO Premium plugin v24.9 (Yoast SEO v26.1) - https:\/\/yoast.com\/wordpress\/plugins\/seo\/ -->\n<title>Ventilador industrial 90 cm - distribuci\u00f3n ARC<\/title>\n<meta name=\"robots\" content=\"index, follow, max-snippet:-1, max-image-preview:large, max-video-preview:-1\" \/>\n<link rel=\"canonical\" href=\"https:\/\/distribucionarc.com\/de\/produkt-2\/ventilator-industrie-90-cm\/\" \/>\n<meta property=\"og:locale\" content=\"de_DE\" \/>\n<meta property=\"og:type\" content=\"article\" \/>\n<meta property=\"og:title\" content=\"Ventilador industrial 90 cm\" \/>\n<meta property=\"og:description\" content=\"Ventilador industrial 90 cm La mejor soluci\u00f3n para que su local est\u00e9 siempre a la temperatura adecuada y del agrado de sus clientes.  Con s\u00f3lo 160 vatios de consumo, este ventilador logra generar una incre\u00edble fuerza de ventilaci\u00f3n de 13,800m3 por hora. Esta\u00a0m\u00e1quina e\u00f3lica\u00a0de\u00a0ARC\u00a0fue fabricada para uso industrial. Por lo tanto, el\u00a0ventilador\u00a0se puede utilizar para el secado de edificios, as\u00ed como para la refrigeraci\u00f3n de maquinaria o simplemente para la circulaci\u00f3n de aire. \u00a0Garant\u00eda\u00a0ARC 2 A\u00d1OS Ventilador industrial eficiente, bajo consumo 160w soporte t\u00e9cnico incluido\" \/>\n<meta property=\"og:url\" content=\"https:\/\/distribucionarc.com\/de\/produkt-2\/ventilator-industrie-90-cm\/\" \/>\n<meta property=\"og:site_name\" content=\"distribuci\u00f3n ARC\" \/>\n<meta property=\"article:modified_time\" content=\"2020-09-30T07:40:06+00:00\" \/>\n<meta property=\"og:image\" content=\"https:\/\/distribucionarc.com\/wp-content\/uploads\/2020\/08\/Ventilador-industrial-90-0.jpg\" \/>\n\t<meta property=\"og:image:width\" content=\"1600\" \/>\n\t<meta property=\"og:image:height\" content=\"1548\" \/>\n\t<meta property=\"og:image:type\" content=\"image\/jpeg\" \/>\n<meta name=\"twitter:card\" content=\"summary_large_image\" \/>\n<meta name=\"twitter:label1\" content=\"Gesch\u00e4tzte Lesezeit\" \/>\n\t<meta name=\"twitter:data1\" content=\"1\u00a0Minute\" \/>\n<script type=\"application\/ld+json\" class=\"yoast-schema-graph\">{\"@context\":\"https:\/\/schema.org\",\"@graph\":[{\"@type\":\"WebPage\",\"@id\":\"https:\/\/distribucionarc.com\/nl\/producto\/ventilador-industrial-90-cm\/\",\"url\":\"https:\/\/distribucionarc.com\/nl\/producto\/ventilador-industrial-90-cm\/\",\"name\":\"Ventilador industrial 90 cm - distribuci\u00f3n ARC\",\"isPartOf\":{\"@id\":\"https:\/\/distribucionarc.com\/de\/#website\"},\"primaryImageOfPage\":{\"@id\":\"https:\/\/distribucionarc.com\/nl\/producto\/ventilador-industrial-90-cm\/#primaryimage\"},\"image\":{\"@id\":\"https:\/\/distribucionarc.com\/nl\/producto\/ventilador-industrial-90-cm\/#primaryimage\"},\"thumbnailUrl\":\"https:\/\/distribucionarc.com\/wp-content\/uploads\/2020\/08\/Ventilador-industrial-90-0.jpg\",\"datePublished\":\"2020-08-04T14:51:56+00:00\",\"dateModified\":\"2020-09-30T07:40:06+00:00\",\"breadcrumb\":{\"@id\":\"https:\/\/distribucionarc.com\/nl\/producto\/ventilador-industrial-90-cm\/#breadcrumb\"},\"inLanguage\":\"de\",\"potentialAction\":[{\"@type\":\"ReadAction\",\"target\":[\"https:\/\/distribucionarc.com\/nl\/producto\/ventilador-industrial-90-cm\/\"]}]},{\"@type\":\"ImageObject\",\"inLanguage\":\"de\",\"@id\":\"https:\/\/distribucionarc.com\/nl\/producto\/ventilador-industrial-90-cm\/#primaryimage\",\"url\":\"https:\/\/distribucionarc.com\/wp-content\/uploads\/2020\/08\/Ventilador-industrial-90-0.jpg\",\"contentUrl\":\"https:\/\/distribucionarc.com\/wp-content\/uploads\/2020\/08\/Ventilador-industrial-90-0.jpg\",\"width\":1600,\"height\":1548,\"caption\":\"Ventilador industrial 90\"},{\"@type\":\"BreadcrumbList\",\"@id\":\"https:\/\/distribucionarc.com\/nl\/producto\/ventilador-industrial-90-cm\/#breadcrumb\",\"itemListElement\":[{\"@type\":\"ListItem\",\"position\":1,\"name\":\"Portada\",\"item\":\"https:\/\/distribucionarc.com\/pl\/\"},{\"@type\":\"ListItem\",\"position\":2,\"name\":\"Produkty\",\"item\":\"https:\/\/distribucionarc.com\/pl\/shop\/\"},{\"@type\":\"ListItem\",\"position\":3,\"name\":\"Ventilador industrial 90 cm\"}]},{\"@type\":\"WebSite\",\"@id\":\"https:\/\/distribucionarc.com\/de\/#website\",\"url\":\"https:\/\/distribucionarc.com\/de\/\",\"name\":\"distribuci\u00f3n ARC\",\"description\":\"Empresa especializada en la fabricaci\u00f3n y distribuci\u00f3n de maquinaria industrial, selladoras de latas, Maquinas de hacer pastillas, Maquinas de cortar carne...\",\"publisher\":{\"@id\":\"https:\/\/distribucionarc.com\/de\/#organization\"},\"potentialAction\":[{\"@type\":\"SearchAction\",\"target\":{\"@type\":\"EntryPoint\",\"urlTemplate\":\"https:\/\/distribucionarc.com\/de\/?s={search_term_string}\"},\"query-input\":{\"@type\":\"PropertyValueSpecification\",\"valueRequired\":true,\"valueName\":\"search_term_string\"}}],\"inLanguage\":\"de\"},{\"@type\":\"Organization\",\"@id\":\"https:\/\/distribucionarc.com\/de\/#organization\",\"name\":\"Distribuci\u00f3n ARC\",\"url\":\"https:\/\/distribucionarc.com\/de\/\",\"logo\":{\"@type\":\"ImageObject\",\"inLanguage\":\"de\",\"@id\":\"https:\/\/distribucionarc.com\/de\/#\/schema\/logo\/image\/\",\"url\":\"https:\/\/distribucionarc.com\/wp-content\/uploads\/2024\/10\/distribucion-ARC-COLOR-SIN-FONDO-e1732295305345.png\",\"contentUrl\":\"https:\/\/distribucionarc.com\/wp-content\/uploads\/2024\/10\/distribucion-ARC-COLOR-SIN-FONDO-e1732295305345.png\",\"width\":1164,\"height\":558,\"caption\":\"Distribuci\u00f3n ARC\"},\"image\":{\"@id\":\"https:\/\/distribucionarc.com\/de\/#\/schema\/logo\/image\/\"},\"description\":\"Empresa especializada en la fabricaci\u00f3n y distribuci\u00f3n de maquinaria industrial para los sectores alimentario y farmac\u00e9utico. Nos especializamos en: M\u00e1quinas de cortar carne Fabricaci\u00f3n de comprimidos Sistemas de transporte industrial L\u00edneas de embotellado Dosificadores Y mucho m\u00e1s... Ofrecemos soluciones innovadoras y personalizadas para optimizar los procesos productivos de tu empresa.\",\"email\":\"Admistracion@distribucionarc.com\",\"telephone\":\"+34 643496664\",\"legalName\":\"ARC TECH SOLUTIONS\",\"foundingDate\":\"2024-04-09\",\"vatID\":\"B55480172\",\"numberOfEmployees\":{\"@type\":\"QuantitativeValue\",\"minValue\":\"1\",\"maxValue\":\"10\"}}]}<\/script>\n<!-- \/ Yoast SEO Premium plugin. -->","yoast_head_json":{"title":"Industrieventilator 90 cm - ARC distribution","robots":{"index":"index","follow":"follow","max-snippet":"max-snippet:-1","max-image-preview":"max-image-preview:large","max-video-preview":"max-video-preview:-1"},"canonical":"https:\/\/distribucionarc.com\/de\/produkt-2\/ventilator-industrie-90-cm\/","og_locale":"de_DE","og_type":"article","og_title":"Ventilador industrial 90 cm","og_description":"Ventilador industrial 90 cm La mejor soluci\u00f3n para que su local est\u00e9 siempre a la temperatura adecuada y del agrado de sus clientes.  Con s\u00f3lo 160 vatios de consumo, este ventilador logra generar una incre\u00edble fuerza de ventilaci\u00f3n de 13,800m3 por hora. Esta\u00a0m\u00e1quina e\u00f3lica\u00a0de\u00a0ARC\u00a0fue fabricada para uso industrial. Por lo tanto, el\u00a0ventilador\u00a0se puede utilizar para el secado de edificios, as\u00ed como para la refrigeraci\u00f3n de maquinaria o simplemente para la circulaci\u00f3n de aire. \u00a0Garant\u00eda\u00a0ARC 2 A\u00d1OS Ventilador industrial eficiente, bajo consumo 160w soporte t\u00e9cnico incluido","og_url":"https:\/\/distribucionarc.com\/de\/produkt-2\/ventilator-industrie-90-cm\/","og_site_name":"distribuci\u00f3n ARC","article_modified_time":"2020-09-30T07:40:06+00:00","og_image":[{"width":1600,"height":1548,"url":"https:\/\/distribucionarc.com\/wp-content\/uploads\/2020\/08\/Ventilador-industrial-90-0.jpg","type":"image\/jpeg"}],"twitter_card":"summary_large_image","twitter_misc":{"Gesch\u00e4tzte Lesezeit":"1\u00a0Minute"},"schema":{"@context":"https:\/\/schema.org","@graph":[{"@type":"WebPage","@id":"https:\/\/distribucionarc.com\/nl\/producto\/ventilador-industrial-90-cm\/","url":"https:\/\/distribucionarc.com\/nl\/producto\/ventilador-industrial-90-cm\/","name":"Industrieventilator 90 cm - ARC distribution","isPartOf":{"@id":"https:\/\/distribucionarc.com\/de\/#website"},"primaryImageOfPage":{"@id":"https:\/\/distribucionarc.com\/nl\/producto\/ventilador-industrial-90-cm\/#primaryimage"},"image":{"@id":"https:\/\/distribucionarc.com\/nl\/producto\/ventilador-industrial-90-cm\/#primaryimage"},"thumbnailUrl":"https:\/\/distribucionarc.com\/wp-content\/uploads\/2020\/08\/Ventilador-industrial-90-0.jpg","datePublished":"2020-08-04T14:51:56+00:00","dateModified":"2020-09-30T07:40:06+00:00","breadcrumb":{"@id":"https:\/\/distribucionarc.com\/nl\/producto\/ventilador-industrial-90-cm\/#breadcrumb"},"inLanguage":"de","potentialAction":[{"@type":"ReadAction","target":["https:\/\/distribucionarc.com\/nl\/producto\/ventilador-industrial-90-cm\/"]}]},{"@type":"ImageObject","inLanguage":"de","@id":"https:\/\/distribucionarc.com\/nl\/producto\/ventilador-industrial-90-cm\/#primaryimage","url":"https:\/\/distribucionarc.com\/wp-content\/uploads\/2020\/08\/Ventilador-industrial-90-0.jpg","contentUrl":"https:\/\/distribucionarc.com\/wp-content\/uploads\/2020\/08\/Ventilador-industrial-90-0.jpg","width":1600,"height":1548,"caption":"Ventilador industrial 90"},{"@type":"BreadcrumbList","@id":"https:\/\/distribucionarc.com\/nl\/producto\/ventilador-industrial-90-cm\/#breadcrumb","itemListElement":[{"@type":"ListItem","position":1,"name":"Portada","item":"https:\/\/distribucionarc.com\/pl\/"},{"@type":"ListItem","position":2,"name":"Produkty","item":"https:\/\/distribucionarc.com\/pl\/shop\/"},{"@type":"ListItem","position":3,"name":"Ventilador industrial 90 cm"}]},{"@type":"WebSite","@id":"https:\/\/distribucionarc.com\/de\/#website","url":"https:\/\/distribucionarc.com\/de\/","name":"ARC-Verteilung","description":"Das Unternehmen ist auf die Herstellung und den Vertrieb von Industriemaschinen, Dosenverschlie\u00dfmaschinen, Tablettenmaschinen, Fleischschneidemaschinen...","publisher":{"@id":"https:\/\/distribucionarc.com\/de\/#organization"},"potentialAction":[{"@type":"SearchAction","target":{"@type":"EntryPoint","urlTemplate":"https:\/\/distribucionarc.com\/de\/?s={search_term_string}"},"query-input":{"@type":"PropertyValueSpecification","valueRequired":true,"valueName":"search_term_string"}}],"inLanguage":"de"},{"@type":"Organization","@id":"https:\/\/distribucionarc.com\/de\/#organization","name":"ARC-Verteilung","url":"https:\/\/distribucionarc.com\/de\/","logo":{"@type":"ImageObject","inLanguage":"de","@id":"https:\/\/distribucionarc.com\/de\/#\/schema\/logo\/image\/","url":"https:\/\/distribucionarc.com\/wp-content\/uploads\/2024\/10\/distribucion-ARC-COLOR-SIN-FONDO-e1732295305345.png","contentUrl":"https:\/\/distribucionarc.com\/wp-content\/uploads\/2024\/10\/distribucion-ARC-COLOR-SIN-FONDO-e1732295305345.png","width":1164,"height":558,"caption":"Distribuci\u00f3n ARC"},"image":{"@id":"https:\/\/distribucionarc.com\/de\/#\/schema\/logo\/image\/"},"description":"Unternehmen, das auf die Herstellung und den Vertrieb von Industriemaschinen f\u00fcr den Lebensmittel- und Pharmasektor spezialisiert ist. Wir sind spezialisiert auf: Fleischschneidemaschinen Tablettenherstellung Industrielle F\u00f6rdersysteme Abf\u00fcllanlagen Dispenser Und vieles mehr... Wir bieten innovative und ma\u00dfgeschneiderte L\u00f6sungen zur Optimierung der Produktionsprozesse in Ihrem Unternehmen.","email":"Admistracion@distribucionarc.com","telephone":"+34 643496664","legalName":"ARC TECH SOLUTIONS","foundingDate":"2024-04-09","vatID":"B55480172","numberOfEmployees":{"@type":"QuantitativeValue","minValue":"1","maxValue":"10"}}]}},"_links":{"self":[{"href":"https:\/\/distribucionarc.com\/de\/wp-json\/wp\/v2\/product\/1971","targetHints":{"allow":["GET"]}}],"collection":[{"href":"https:\/\/distribucionarc.com\/de\/wp-json\/wp\/v2\/product"}],"about":[{"href":"https:\/\/distribucionarc.com\/de\/wp-json\/wp\/v2\/types\/product"}],"replies":[{"embeddable":true,"href":"https:\/\/distribucionarc.com\/de\/wp-json\/wp\/v2\/comments?post=1971"}],"version-history":[{"count":0,"href":"https:\/\/distribucionarc.com\/de\/wp-json\/wp\/v2\/product\/1971\/revisions"}],"wp:featuredmedia":[{"embeddable":true,"href":"https:\/\/distribucionarc.com\/de\/wp-json\/wp\/v2\/media\/1976"}],"wp:attachment":[{"href":"https:\/\/distribucionarc.com\/de\/wp-json\/wp\/v2\/media?parent=1971"}],"wp:term":[{"taxonomy":"product_brand","embeddable":true,"href":"https:\/\/distribucionarc.com\/de\/wp-json\/wp\/v2\/product_brand?post=1971"},{"taxonomy":"product_cat","embeddable":true,"href":"https:\/\/distribucionarc.com\/de\/wp-json\/wp\/v2\/product_cat?post=1971"},{"taxonomy":"product_tag","embeddable":true,"href":"https:\/\/distribucionarc.com\/de\/wp-json\/wp\/v2\/product_tag?post=1971"}],"curies":[{"name":"wp","href":"https:\/\/api.w.org\/{rel}","templated":true}]}}