{"id":2014,"date":"2020-08-05T14:54:47","date_gmt":"2020-08-05T14:54:47","guid":{"rendered":"https:\/\/distribucionarc.com\/?post_type=product&#038;p=2014"},"modified":"2023-10-29T21:57:09","modified_gmt":"2023-10-29T21:57:09","slug":"donut-fritteuse","status":"publish","type":"product","link":"https:\/\/distribucionarc.com\/de\/producto\/freidora-de-donuts\/","title":{"rendered":"Donut- und K\u00fcrbisfritteuse"},"content":{"rendered":"<h3>Donut-Fritteuse mit manuellem Spender<\/h3>\n<p>Mit dem <strong>Hersteller von K\u00fcrbisk\u00fcchlein <span style=\"color: #ff0000;\">ZU<\/span><span style=\"color: #0000ff;\">R<\/span>C<\/strong> Die Vorbereitung des Messbeh\u00e4lters f\u00fcr den Einsatz dauert weniger als 5 Sekunden. Die einfache Bedienung mit manuellem Design erm\u00f6glicht Ihnen das Erstellen <strong>perfekte Donuts<\/strong> eine leichte Rotation aus\u00fcben.<\/p>\n<p>Automatische Temperaturanpassung <strong><span style=\"color: #ff0000;\">ZU<\/span><span style=\"color: #0000ff;\">R<\/span>CFPD01<\/strong> Es hilft Ihnen, den Temperaturbereich einzuhalten, den Sie f\u00fcr die Vielfalt der Produkte ben\u00f6tigen, die Sie herstellen k\u00f6nnen, indem Sie den Messtrichter einfach abnehmen.<\/p>\n<p>Der <strong>Donut-Maschine<\/strong>\u00a0Zur Reinigung und Desinfektion l\u00e4sst es sich leicht zerlegen. Sein modernes Design wird von einem ergonomischen Bedienfeld begleitet<\/p>\n<h6><strong>Garantie\u00a0<span style=\"color: #ff0000;\">ZU<\/span><span style=\"color: #0000ff;\">R<\/span>C<\/strong><strong>\u00a02 JAHRE<\/strong><\/h6>\n<h6><span style=\"color: #008000;\">Effiziente Donut-Fritteuse, geringer Verbrauch 2000 W<\/span><\/h6>\n<h6><strong>Technischer Support inklusive<\/strong><\/h6>\n<p>&nbsp;<\/p>\n<table role=\"presentation\" width=\"100%\" cellspacing=\"0\" cellpadding=\"0\">\n<tbody>\n<tr>\n<td class=\"attrLabels\">Garantie:<\/td>\n<td width=\"50.0%\">\u00a02 JAHRE<\/td>\n<\/tr>\n<tr>\n<td class=\"attrLabels\">Vertriebsland:<\/td>\n<td width=\"50.0%\">Spanien, Deutschland, USA<\/td>\n<td class=\"attrLabels\">Gewicht:<\/td>\n<td width=\"50.0%\">9kg<\/td>\n<\/tr>\n<tr>\n<td class=\"attrLabels\">Marke:<\/td>\n<td width=\"50.0%\">BOGEN<\/td>\n<td class=\"attrLabels\">H\u00f6he:<\/td>\n<td width=\"50.0%\">64cm<\/td>\n<\/tr>\n<tr>\n<td class=\"attrLabels\">Farbe:<\/td>\n<td width=\"50.0%\">Silber<\/td>\n<td class=\"attrLabels\">Lang:<\/td>\n<td width=\"50.0%\">24cm<\/td>\n<\/tr>\n<tr>\n<td class=\"attrLabels\">Produkttyp:<\/td>\n<td width=\"50.0%\">Professionelle automatische Donutmaschine<\/td>\n<td class=\"attrLabels\">Breit:<\/td>\n<td width=\"50.0%\">46cm<\/td>\n<\/tr>\n<tr>\n<td class=\"attrLabels\">Herstellernummer:<\/td>\n<td width=\"50.0%\">ARCFPD01<\/td>\n<td class=\"attrLabels\">Leistung:<\/td>\n<td width=\"50.0%\">3000W<\/td>\n<\/tr>\n<tr>\n<td class=\"attrLabels\">Material:<\/td>\n<td width=\"50.0%\">Edelstahl, Temperaturregelung, vollautomatisch<\/td>\n<td class=\"attrLabels\">Eingangsspannung<\/td>\n<td width=\"50.0%\">220V \u2013 50Hz<\/td>\n<\/tr>\n<tr>\n<td class=\"attrLabels\">Donutgewicht:<\/td>\n<td width=\"50.0%\">25g<\/td>\n<td class=\"attrLabels\">Trichtervolumen:<\/td>\n<td width=\"50.0%\">3L<\/td>\n<\/tr>\n<tr>\n<td class=\"attrLabels\">Installationswerkzeuge:<\/td>\n<td width=\"50.0%\">Ja<\/td>\n<td class=\"attrLabels\">Produktion:<\/td>\n<td width=\"50.0%\">80 pro Stunde<\/td>\n<\/tr>\n<\/tbody>\n<\/table>","protected":false},"excerpt":{"rendered":"<h2>Donut-Fritteuse mit manuellem Spender<\/h2>\n<p>Das\u00a0<strong>Donut-Maschine<\/strong>\u00a0von\u00a0<strong><span style=\"color: #ff0000;\">ZU<\/span><span style=\"color: #0000ff;\">R<\/span>C<\/strong>\u00a0Es eignet sich f\u00fcr die Kettenproduktion oder sogar f\u00fcr die Herstellung frischer Donuts in gro\u00dfen Mengen, damit sie ihre gesamte Textur und ihren Geschmack behalten.<\/p>\n<p>Der <strong>Donut-Maschinen<\/strong> Sie haben ein Arbeits\u00f6lvolumen von 3 l. Der Messtrichter ben\u00f6tigt wenig Platz und ist schnell einsatzbereit. Dieser Donut-Maker kann auch als Fritteuse oder Bratpfanne verwendet werden.<\/p>\n<h6><strong>Garantie\u00a0<span style=\"color: #ff0000;\">ZU<\/span><span style=\"color: #0000ff;\">R<\/span>C<\/strong><strong>\u00a02 JAHRE<\/strong><\/h6>\n<h6><span style=\"color: #008000;\">Effiziente Donut-Fritteuse, geringer Verbrauch 2000 W<\/span><\/h6>\n<h6><strong>Technischer Support inklusive<\/strong><\/h6>","protected":false},"featured_media":2017,"comment_status":"open","ping_status":"closed","template":"","meta":{"wds_primary_product_brand":0,"wds_primary_product_cat":0},"product_brand":[],"product_cat":[38,56,53],"product_tag":[],"class_list":{"0":"post-2014","1":"product","2":"type-product","3":"status-publish","4":"has-post-thumbnail","6":"product_cat-freidoras","7":"product_cat-maquinaria-para-ferias","8":"product_cat-panaderia-y-pasteleria-industrial","9":"product_shipping_class-hosteleria","11":"first","12":"instock","13":"taxable","14":"shipping-taxable","15":"purchasable","16":"product-type-simple"},"yoast_head":"<!-- This site is optimized with the Yoast SEO Premium plugin v24.9 (Yoast SEO v26.1) - https:\/\/yoast.com\/wordpress\/plugins\/seo\/ -->\n<title>Freidora de donuts y de bu\u00f1uelos calabaza - distribuci\u00f3n ARC<\/title>\n<meta name=\"robots\" content=\"index, follow, max-snippet:-1, max-image-preview:large, max-video-preview:-1\" \/>\n<link rel=\"canonical\" href=\"https:\/\/distribucionarc.com\/de\/produkt-2\/donut-fritteuse\/\" \/>\n<meta property=\"og:locale\" content=\"de_DE\" \/>\n<meta property=\"og:type\" content=\"article\" \/>\n<meta property=\"og:title\" content=\"Freidora de donuts y de bu\u00f1uelos calabaza\" \/>\n<meta property=\"og:description\" content=\"Freidora de donuts con dosificador manual Esta\u00a0m\u00e1quina de rosquillas\u00a0de\u00a0ARC\u00a0es la indicada para la producci\u00f3n en cadena o incluso para fabricar donuts frescos en gran cantidad para que conserven toda su textura y sabor.  Las m\u00e1quinas para hacer donuts disponen de un volumen de aceite de trabajo de 3 l. La tolva de medici\u00f3n ocupa poco espacio y puede prepararse r\u00e1pidamente para su uso. Esta fabricadora de rosquillas tambi\u00e9n se puede usar como freidora o sart\u00e9n. Garant\u00eda\u00a0ARC\u00a02 A\u00d1OS Freidora para rosquillas eficiente, bajo consumo 2000w soporte t\u00e9cnico incluido\" \/>\n<meta property=\"og:url\" content=\"https:\/\/distribucionarc.com\/de\/produkt-2\/donut-fritteuse\/\" \/>\n<meta property=\"og:site_name\" content=\"distribuci\u00f3n ARC\" \/>\n<meta property=\"article:modified_time\" content=\"2023-10-29T21:57:09+00:00\" \/>\n<meta property=\"og:image\" content=\"https:\/\/distribucionarc.com\/wp-content\/uploads\/2020\/08\/Freidora-de-donuts-2.jpg\" \/>\n\t<meta property=\"og:image:width\" content=\"800\" \/>\n\t<meta property=\"og:image:height\" content=\"760\" \/>\n\t<meta property=\"og:image:type\" content=\"image\/jpeg\" \/>\n<meta name=\"twitter:card\" content=\"summary_large_image\" \/>\n<meta name=\"twitter:label1\" content=\"Gesch\u00e4tzte Lesezeit\" \/>\n\t<meta name=\"twitter:data1\" content=\"1\u00a0Minute\" \/>\n<script type=\"application\/ld+json\" class=\"yoast-schema-graph\">{\"@context\":\"https:\/\/schema.org\",\"@graph\":[{\"@type\":\"WebPage\",\"@id\":\"https:\/\/distribucionarc.com\/pt\/producto\/freidora-de-donuts\/\",\"url\":\"https:\/\/distribucionarc.com\/pt\/producto\/freidora-de-donuts\/\",\"name\":\"Freidora de donuts y de bu\u00f1uelos calabaza - distribuci\u00f3n ARC\",\"isPartOf\":{\"@id\":\"https:\/\/distribucionarc.com\/de\/#website\"},\"primaryImageOfPage\":{\"@id\":\"https:\/\/distribucionarc.com\/pt\/producto\/freidora-de-donuts\/#primaryimage\"},\"image\":{\"@id\":\"https:\/\/distribucionarc.com\/pt\/producto\/freidora-de-donuts\/#primaryimage\"},\"thumbnailUrl\":\"https:\/\/distribucionarc.com\/wp-content\/uploads\/2020\/08\/Freidora-de-donuts-2.jpg\",\"datePublished\":\"2020-08-05T14:54:47+00:00\",\"dateModified\":\"2023-10-29T21:57:09+00:00\",\"breadcrumb\":{\"@id\":\"https:\/\/distribucionarc.com\/pt\/producto\/freidora-de-donuts\/#breadcrumb\"},\"inLanguage\":\"de\",\"potentialAction\":[{\"@type\":\"ReadAction\",\"target\":[\"https:\/\/distribucionarc.com\/pt\/producto\/freidora-de-donuts\/\"]}]},{\"@type\":\"ImageObject\",\"inLanguage\":\"de\",\"@id\":\"https:\/\/distribucionarc.com\/pt\/producto\/freidora-de-donuts\/#primaryimage\",\"url\":\"https:\/\/distribucionarc.com\/wp-content\/uploads\/2020\/08\/Freidora-de-donuts-2.jpg\",\"contentUrl\":\"https:\/\/distribucionarc.com\/wp-content\/uploads\/2020\/08\/Freidora-de-donuts-2.jpg\",\"width\":800,\"height\":760,\"caption\":\"Freidora de donuts\"},{\"@type\":\"BreadcrumbList\",\"@id\":\"https:\/\/distribucionarc.com\/pt\/producto\/freidora-de-donuts\/#breadcrumb\",\"itemListElement\":[{\"@type\":\"ListItem\",\"position\":1,\"name\":\"Portada\",\"item\":\"https:\/\/distribucionarc.com\/pl\/\"},{\"@type\":\"ListItem\",\"position\":2,\"name\":\"Produkty\",\"item\":\"https:\/\/distribucionarc.com\/pl\/shop\/\"},{\"@type\":\"ListItem\",\"position\":3,\"name\":\"Freidora de donuts y de bu\u00f1uelos calabaza\"}]},{\"@type\":\"WebSite\",\"@id\":\"https:\/\/distribucionarc.com\/de\/#website\",\"url\":\"https:\/\/distribucionarc.com\/de\/\",\"name\":\"distribuci\u00f3n ARC\",\"description\":\"Empresa especializada en la fabricaci\u00f3n y distribuci\u00f3n de maquinaria industrial, selladoras de latas, Maquinas de hacer pastillas, Maquinas de cortar carne...\",\"publisher\":{\"@id\":\"https:\/\/distribucionarc.com\/de\/#organization\"},\"potentialAction\":[{\"@type\":\"SearchAction\",\"target\":{\"@type\":\"EntryPoint\",\"urlTemplate\":\"https:\/\/distribucionarc.com\/de\/?s={search_term_string}\"},\"query-input\":{\"@type\":\"PropertyValueSpecification\",\"valueRequired\":true,\"valueName\":\"search_term_string\"}}],\"inLanguage\":\"de\"},{\"@type\":\"Organization\",\"@id\":\"https:\/\/distribucionarc.com\/de\/#organization\",\"name\":\"Distribuci\u00f3n ARC\",\"url\":\"https:\/\/distribucionarc.com\/de\/\",\"logo\":{\"@type\":\"ImageObject\",\"inLanguage\":\"de\",\"@id\":\"https:\/\/distribucionarc.com\/de\/#\/schema\/logo\/image\/\",\"url\":\"https:\/\/distribucionarc.com\/wp-content\/uploads\/2024\/10\/distribucion-ARC-COLOR-SIN-FONDO-e1732295305345.png\",\"contentUrl\":\"https:\/\/distribucionarc.com\/wp-content\/uploads\/2024\/10\/distribucion-ARC-COLOR-SIN-FONDO-e1732295305345.png\",\"width\":1164,\"height\":558,\"caption\":\"Distribuci\u00f3n ARC\"},\"image\":{\"@id\":\"https:\/\/distribucionarc.com\/de\/#\/schema\/logo\/image\/\"},\"description\":\"Empresa especializada en la fabricaci\u00f3n y distribuci\u00f3n de maquinaria industrial para los sectores alimentario y farmac\u00e9utico. Nos especializamos en: M\u00e1quinas de cortar carne Fabricaci\u00f3n de comprimidos Sistemas de transporte industrial L\u00edneas de embotellado Dosificadores Y mucho m\u00e1s... Ofrecemos soluciones innovadoras y personalizadas para optimizar los procesos productivos de tu empresa.\",\"email\":\"Admistracion@distribucionarc.com\",\"telephone\":\"+34 643496664\",\"legalName\":\"ARC TECH SOLUTIONS\",\"foundingDate\":\"2024-04-09\",\"vatID\":\"B55480172\",\"numberOfEmployees\":{\"@type\":\"QuantitativeValue\",\"minValue\":\"1\",\"maxValue\":\"10\"}}]}<\/script>\n<!-- \/ Yoast SEO Premium plugin. -->","yoast_head_json":{"title":"Donut- und K\u00fcrbisfritteuse \u2013 ARC-Vertrieb","robots":{"index":"index","follow":"follow","max-snippet":"max-snippet:-1","max-image-preview":"max-image-preview:large","max-video-preview":"max-video-preview:-1"},"canonical":"https:\/\/distribucionarc.com\/de\/produkt-2\/donut-fritteuse\/","og_locale":"de_DE","og_type":"article","og_title":"Freidora de donuts y de bu\u00f1uelos calabaza","og_description":"Freidora de donuts con dosificador manual Esta\u00a0m\u00e1quina de rosquillas\u00a0de\u00a0ARC\u00a0es la indicada para la producci\u00f3n en cadena o incluso para fabricar donuts frescos en gran cantidad para que conserven toda su textura y sabor.  Las m\u00e1quinas para hacer donuts disponen de un volumen de aceite de trabajo de 3 l. La tolva de medici\u00f3n ocupa poco espacio y puede prepararse r\u00e1pidamente para su uso. Esta fabricadora de rosquillas tambi\u00e9n se puede usar como freidora o sart\u00e9n. Garant\u00eda\u00a0ARC\u00a02 A\u00d1OS Freidora para rosquillas eficiente, bajo consumo 2000w soporte t\u00e9cnico incluido","og_url":"https:\/\/distribucionarc.com\/de\/produkt-2\/donut-fritteuse\/","og_site_name":"distribuci\u00f3n ARC","article_modified_time":"2023-10-29T21:57:09+00:00","og_image":[{"width":800,"height":760,"url":"https:\/\/distribucionarc.com\/wp-content\/uploads\/2020\/08\/Freidora-de-donuts-2.jpg","type":"image\/jpeg"}],"twitter_card":"summary_large_image","twitter_misc":{"Gesch\u00e4tzte Lesezeit":"1\u00a0Minute"},"schema":{"@context":"https:\/\/schema.org","@graph":[{"@type":"WebPage","@id":"https:\/\/distribucionarc.com\/pt\/producto\/freidora-de-donuts\/","url":"https:\/\/distribucionarc.com\/pt\/producto\/freidora-de-donuts\/","name":"Donut- und K\u00fcrbisfritteuse \u2013 ARC-Vertrieb","isPartOf":{"@id":"https:\/\/distribucionarc.com\/de\/#website"},"primaryImageOfPage":{"@id":"https:\/\/distribucionarc.com\/pt\/producto\/freidora-de-donuts\/#primaryimage"},"image":{"@id":"https:\/\/distribucionarc.com\/pt\/producto\/freidora-de-donuts\/#primaryimage"},"thumbnailUrl":"https:\/\/distribucionarc.com\/wp-content\/uploads\/2020\/08\/Freidora-de-donuts-2.jpg","datePublished":"2020-08-05T14:54:47+00:00","dateModified":"2023-10-29T21:57:09+00:00","breadcrumb":{"@id":"https:\/\/distribucionarc.com\/pt\/producto\/freidora-de-donuts\/#breadcrumb"},"inLanguage":"de","potentialAction":[{"@type":"ReadAction","target":["https:\/\/distribucionarc.com\/pt\/producto\/freidora-de-donuts\/"]}]},{"@type":"ImageObject","inLanguage":"de","@id":"https:\/\/distribucionarc.com\/pt\/producto\/freidora-de-donuts\/#primaryimage","url":"https:\/\/distribucionarc.com\/wp-content\/uploads\/2020\/08\/Freidora-de-donuts-2.jpg","contentUrl":"https:\/\/distribucionarc.com\/wp-content\/uploads\/2020\/08\/Freidora-de-donuts-2.jpg","width":800,"height":760,"caption":"Freidora de donuts"},{"@type":"BreadcrumbList","@id":"https:\/\/distribucionarc.com\/pt\/producto\/freidora-de-donuts\/#breadcrumb","itemListElement":[{"@type":"ListItem","position":1,"name":"Portada","item":"https:\/\/distribucionarc.com\/pl\/"},{"@type":"ListItem","position":2,"name":"Produkty","item":"https:\/\/distribucionarc.com\/pl\/shop\/"},{"@type":"ListItem","position":3,"name":"Freidora de donuts y de bu\u00f1uelos calabaza"}]},{"@type":"WebSite","@id":"https:\/\/distribucionarc.com\/de\/#website","url":"https:\/\/distribucionarc.com\/de\/","name":"ARC-Verteilung","description":"Das Unternehmen ist auf die Herstellung und den Vertrieb von Industriemaschinen, Dosenverschlie\u00dfmaschinen, Tablettenmaschinen, Fleischschneidemaschinen...","publisher":{"@id":"https:\/\/distribucionarc.com\/de\/#organization"},"potentialAction":[{"@type":"SearchAction","target":{"@type":"EntryPoint","urlTemplate":"https:\/\/distribucionarc.com\/de\/?s={search_term_string}"},"query-input":{"@type":"PropertyValueSpecification","valueRequired":true,"valueName":"search_term_string"}}],"inLanguage":"de"},{"@type":"Organization","@id":"https:\/\/distribucionarc.com\/de\/#organization","name":"ARC-Verteilung","url":"https:\/\/distribucionarc.com\/de\/","logo":{"@type":"ImageObject","inLanguage":"de","@id":"https:\/\/distribucionarc.com\/de\/#\/schema\/logo\/image\/","url":"https:\/\/distribucionarc.com\/wp-content\/uploads\/2024\/10\/distribucion-ARC-COLOR-SIN-FONDO-e1732295305345.png","contentUrl":"https:\/\/distribucionarc.com\/wp-content\/uploads\/2024\/10\/distribucion-ARC-COLOR-SIN-FONDO-e1732295305345.png","width":1164,"height":558,"caption":"Distribuci\u00f3n ARC"},"image":{"@id":"https:\/\/distribucionarc.com\/de\/#\/schema\/logo\/image\/"},"description":"Unternehmen, das auf die Herstellung und den Vertrieb von Industriemaschinen f\u00fcr den Lebensmittel- und Pharmasektor spezialisiert ist. Wir sind spezialisiert auf: Fleischschneidemaschinen Tablettenherstellung Industrielle F\u00f6rdersysteme Abf\u00fcllanlagen Dispenser Und vieles mehr... Wir bieten innovative und ma\u00dfgeschneiderte L\u00f6sungen zur Optimierung der Produktionsprozesse in Ihrem Unternehmen.","email":"Admistracion@distribucionarc.com","telephone":"+34 643496664","legalName":"ARC TECH SOLUTIONS","foundingDate":"2024-04-09","vatID":"B55480172","numberOfEmployees":{"@type":"QuantitativeValue","minValue":"1","maxValue":"10"}}]}},"_links":{"self":[{"href":"https:\/\/distribucionarc.com\/de\/wp-json\/wp\/v2\/product\/2014","targetHints":{"allow":["GET"]}}],"collection":[{"href":"https:\/\/distribucionarc.com\/de\/wp-json\/wp\/v2\/product"}],"about":[{"href":"https:\/\/distribucionarc.com\/de\/wp-json\/wp\/v2\/types\/product"}],"replies":[{"embeddable":true,"href":"https:\/\/distribucionarc.com\/de\/wp-json\/wp\/v2\/comments?post=2014"}],"version-history":[{"count":0,"href":"https:\/\/distribucionarc.com\/de\/wp-json\/wp\/v2\/product\/2014\/revisions"}],"wp:featuredmedia":[{"embeddable":true,"href":"https:\/\/distribucionarc.com\/de\/wp-json\/wp\/v2\/media\/2017"}],"wp:attachment":[{"href":"https:\/\/distribucionarc.com\/de\/wp-json\/wp\/v2\/media?parent=2014"}],"wp:term":[{"taxonomy":"product_brand","embeddable":true,"href":"https:\/\/distribucionarc.com\/de\/wp-json\/wp\/v2\/product_brand?post=2014"},{"taxonomy":"product_cat","embeddable":true,"href":"https:\/\/distribucionarc.com\/de\/wp-json\/wp\/v2\/product_cat?post=2014"},{"taxonomy":"product_tag","embeddable":true,"href":"https:\/\/distribucionarc.com\/de\/wp-json\/wp\/v2\/product_tag?post=2014"}],"curies":[{"name":"wp","href":"https:\/\/api.w.org\/{rel}","templated":true}]}}