{"id":2043,"date":"2020-08-07T12:24:18","date_gmt":"2020-08-07T12:24:18","guid":{"rendered":"https:\/\/distribucionarc.com\/?post_type=product&#038;p=2043"},"modified":"2025-05-08T21:08:48","modified_gmt":"2025-05-08T19:08:48","slug":"17l-digital-liquid-filler-dosier-abfullmaschine","status":"publish","type":"product","link":"https:\/\/distribucionarc.com\/de\/producto\/dosificadora-embotelladora-llenadora-de-liquidos-digital-de-17l\/","title":{"rendered":"20L digitaler Fl\u00fcssigkeitsspender, Abf\u00fcllmaschine, F\u00fcller"},"content":{"rendered":"<h3>20L digitaler Fl\u00fcssigkeitsspender, Abf\u00fcllmaschine, F\u00fcller<\/h3>\n<p>Die Pumpe und der Motor <strong>Fl\u00fcssigkeitsspender <span style=\"color: #ff0000;\">ZU<\/span><span style=\"color: #0000ff;\">R<\/span>C<\/strong> Sie bestehen aus mehreren Korrosionsschutzmaterialien bester Qualit\u00e4t, das robuste Edelstahlgeh\u00e4use ist mit einem Rostschutzmittel versehen, um seine Haltbarkeit zu gew\u00e4hrleisten.<\/p>\n<p>Die Wartezeit bis zum Bef\u00fcllen l\u00e4sst sich auf dem LCD-Bildschirm stufenlos einstellen und verf\u00fcgt zudem \u00fcber eine automatische Z\u00e4hlfunktion. Sie k\u00f6nnen den F\u00fcllvorgang durchf\u00fchren, indem Sie die einstellen<strong> F\u00fcllstoff<\/strong> <strong>automatisch<\/strong> <strong>entweder<\/strong> <strong>den Prozess manuell steuern<\/strong> mit einem einfach zu bedienenden selbststartenden Pedal.<\/p>\n<p>Sie k\u00f6nnen die H\u00f6he, die D\u00fcse und den Schlauch an unterschiedliche Beh\u00e4ltergr\u00f6\u00dfen anpassen<strong> Abf\u00fcller <span style=\"color: #ff0000;\">ZU<\/span><span style=\"color: #0000ff;\">R<\/span>CEDL20K<\/strong> Sie sind mit einem hochpr\u00e4zisen Anti-Tropf-F\u00fcllsystem ausgestattet. Bietet eine <strong>gro\u00dfe F\u00fcllmenge (20L\/min)\u00a0<\/strong> frei von Verunreinigungen dank seines gro\u00dfen Einlassfilters.<\/p>\n<p>Es verf\u00fcgt \u00fcber einen L\u00fcfter, der dank seiner automatischen Absorptions- und W\u00e4rmeschutzfunktion einen stabilen Betrieb gew\u00e4hrleistet und einen normalen Betrieb erm\u00f6glicht, auch wenn es l\u00e4ngere Zeit in Betrieb ist oder inaktiv ist.<\/p>\n<h6><strong>Garantie\u00a0<span style=\"color: #ff0000;\">ZU<\/span><span style=\"color: #0000ff;\">R<\/span>C 2 JAHRE<\/strong><\/h6>\n<h6><span style=\"color: #008000;\">Effizienter Flaschenspender, geringer Verbrauch 200 W<\/span><\/h6>\n<h6><strong>Technischer Support inklusive<\/strong><\/h6>\n<p>&nbsp;<\/p>\n<table role=\"presentation\" width=\"100%\" cellspacing=\"0\" cellpadding=\"0\">\n<tbody>\n<tr>\n<td class=\"attrLabels\">Marke:<\/td>\n<td width=\"50.0%\">BOGEN<\/td>\n<\/tr>\n<tr>\n<td class=\"attrLabels\">Vertriebsland:<\/td>\n<td width=\"50.0%\">Spanien, Deutschland, USA<\/td>\n<td class=\"attrLabels\">Gewicht:<\/td>\n<td width=\"50.0%\">10kg<\/td>\n<\/tr>\n<tr>\n<td class=\"attrLabels\">Marke:<\/td>\n<td width=\"50.0%\">BOGEN<\/td>\n<td class=\"attrLabels\">H\u00f6he:<\/td>\n<td width=\"50.0%\">21,5 cm<\/td>\n<\/tr>\n<tr>\n<td class=\"attrLabels\">Farbe:<\/td>\n<td width=\"50.0%\">Silber<\/td>\n<td class=\"attrLabels\">Lang:<\/td>\n<td width=\"50.0%\">35,5 cm<\/td>\n<\/tr>\n<tr>\n<td class=\"attrLabels\">Produkttyp:<\/td>\n<td width=\"50.0%\">Spender f\u00fcr Fl\u00fcssigkeitsf\u00fcllung<\/td>\n<td class=\"attrLabels\">Breit:<\/td>\n<td width=\"50.0%\">32,5 cm<\/td>\n<\/tr>\n<tr>\n<td class=\"attrLabels\">Herstellernummer:<\/td>\n<td width=\"50.0%\">ARCEDL20K<\/td>\n<td class=\"attrLabels\">Leistung:<\/td>\n<td width=\"50.0%\">200W<\/td>\n<\/tr>\n<tr>\n<td class=\"attrLabels\">Material:<\/td>\n<td width=\"50.0%\">Edelstahl, Mikrocomputer, automatische Steuerung, Fu\u00dfschalter<\/td>\n<td class=\"attrLabels\">Eingangsspannung<\/td>\n<td width=\"50.0%\">220V \u2013 60Hz<\/td>\n<\/tr>\n<tr>\n<td class=\"attrLabels\">Garantie:<\/td>\n<td width=\"50.0%\">\u00a0 2 Jahre<\/td>\n<td class=\"attrLabels\">F\u00fcllvolumen:<\/td>\n<td width=\"50.0%\">30 ml bis 20.000 ml<\/td>\n<\/tr>\n<tr>\n<td class=\"attrLabels\">Installationswerkzeuge:<\/td>\n<td width=\"50.0%\">Ja<\/td>\n<td class=\"attrLabels\">Maximaler Durchfluss:<\/td>\n<td width=\"50.0%\">\u00a020 l\/min je nach Fl\u00fcssigkeit und Man\u00f6vrierf\u00e4higkeit<\/td>\n<\/tr>\n<\/tbody>\n<\/table>\n<p>&nbsp;<\/p>","protected":false},"excerpt":{"rendered":"<h2>20L digitaler Fl\u00fcssigkeitsspender, Abf\u00fcllmaschine, F\u00fcller<\/h2>\n<p>Das <strong>Spender<\/strong> Es wird h\u00e4ufig in der Pharma-, Chemie-, Getr\u00e4nke-, \u00d6l-, Kosmetik- und anderen Industrie eingesetzt und eignet sich f\u00fcr<strong> Fl\u00fcssigkeiten mit niedriger Viskosit\u00e4t, frei von Partikeln<\/strong> wie Wasser, Oliven\u00f6l, Kraftstoff, Getr\u00e4nke usw.<\/p>\n<p>Der <strong>Fl\u00fcssigkeitsf\u00fcllmaschine<\/strong> <strong><span style=\"color: #ff0000;\">ZU<\/span><span style=\"color: #0000ff;\">R<\/span>C<\/strong> Es verf\u00fcgt \u00fcber eine automatische Startpumpe und zwei K\u00f6pfe, was es praktischer und effizienter macht. Es kann zum Abf\u00fcllen vieler Arten von Fl\u00fcssigkeiten geringer Dichte und leichter Fl\u00fcssigkeiten verwendet werden. Wie Wasser, Oliven\u00f6l, Getr\u00e4nke, Essig, Milch usw. Abh\u00e4ngig von der Art der Fl\u00fcssigkeit empfiehlt es sich, unterschiedliche Materialien zu verwenden. Der von uns gelieferte Schlauch besteht aus Silikon.<\/p>\n<h6><strong>Garantie\u00a0<span style=\"color: #ff0000;\">ZU<\/span><span style=\"color: #0000ff;\">R<\/span>C 2 JAHRE<\/strong><\/h6>\n<h6><span style=\"color: #008000;\">Effizienter Flaschenspender, geringer Verbrauch 200 W<\/span><\/h6>\n<h6><strong>Technischer Support inklusive<\/strong><\/h6>\n<p>&nbsp;<\/p>","protected":false},"featured_media":2053,"comment_status":"open","ping_status":"closed","template":"","meta":{"wds_primary_product_brand":0,"wds_primary_product_cat":0},"product_brand":[],"product_cat":[18,19,320,21],"product_tag":[],"class_list":{"0":"post-2043","1":"product","2":"type-product","3":"status-publish","4":"has-post-thumbnail","6":"product_cat-dosificadoras","7":"product_cat-dosificadoras-de-liquidos","8":"product_cat-llenadoras-de-liquidos-por-gravedad","9":"product_cat-maquinas-llenadoras","10":"product_shipping_class-express","12":"first","13":"instock","14":"sale","15":"taxable","16":"shipping-taxable","17":"purchasable","18":"product-type-simple"},"yoast_head":"<!-- This site is optimized with the Yoast SEO Premium plugin v24.9 (Yoast SEO v26.1) - https:\/\/yoast.com\/wordpress\/plugins\/seo\/ -->\n<title>Dosificadora, Embotelladora, Llenadora de L\u00edquidos Digital de 20L - distribuci\u00f3n ARC<\/title>\n<meta name=\"robots\" content=\"index, follow, max-snippet:-1, max-image-preview:large, max-video-preview:-1\" \/>\n<link rel=\"canonical\" href=\"https:\/\/distribucionarc.com\/de\/produkt-2\/17l-digital-liquid-filler-dosier-abfullmaschine\/\" \/>\n<meta property=\"og:locale\" content=\"de_DE\" \/>\n<meta property=\"og:type\" content=\"article\" \/>\n<meta property=\"og:title\" content=\"Dosificadora, Embotelladora, Llenadora de L\u00edquidos Digital de 20L\" \/>\n<meta property=\"og:description\" content=\"Dosificadora, Embotelladora, Llenadora de L\u00edquidos Digital de 20L Esta dosificadora es ampliamente utilizada en las industrias farmac\u00e9utica, qu\u00edmica, de bebidas, aceite, cosm\u00e9tica y otras, adecuado para l\u00edquidos de baja viscosidad y libres de part\u00edculas como agua, aceite de oliva, combustibles, bebidas, etc.  La m\u00e1quina llenadora de l\u00edquidos ARC tiene una bomba de arranque autom\u00e1tico y dos cabezales, que la hacen m\u00e1s pr\u00e1ctica y eficiente. Se puede utilizar para llenar muchos tipos de l\u00edquidos de baja densidad y ligeros. Tales como agua, aceite de oliva, bebidas, vinagre, leche, etc. Seg\u00fan los distintos tipos de l\u00edquidos se recomienda utilizar diferentes materiales. El tubo que suministramos es de silicona. Garant\u00eda\u00a0ARC 2 A\u00d1OS Dosificadora\u00a0 embotelladora eficiente, bajo consumo 200w soporte t\u00e9cnico incluido &nbsp;\" \/>\n<meta property=\"og:url\" content=\"https:\/\/distribucionarc.com\/de\/produkt-2\/17l-digital-liquid-filler-dosier-abfullmaschine\/\" \/>\n<meta property=\"og:site_name\" content=\"distribuci\u00f3n ARC\" \/>\n<meta property=\"article:modified_time\" content=\"2025-05-08T19:08:48+00:00\" \/>\n<meta property=\"og:image\" content=\"https:\/\/distribucionarc.com\/wp-content\/uploads\/2020\/08\/Dosificadora-embotelladora-llenadora-de-l\u00edquidos-digital-de-17L-0.jpg\" \/>\n\t<meta property=\"og:image:width\" content=\"1600\" \/>\n\t<meta property=\"og:image:height\" content=\"1600\" \/>\n\t<meta property=\"og:image:type\" content=\"image\/jpeg\" \/>\n<meta name=\"twitter:card\" content=\"summary_large_image\" \/>\n<meta name=\"twitter:label1\" content=\"Gesch\u00e4tzte Lesezeit\" \/>\n\t<meta name=\"twitter:data1\" content=\"2\u00a0Minuten\" \/>\n<script type=\"application\/ld+json\" class=\"yoast-schema-graph\">{\"@context\":\"https:\/\/schema.org\",\"@graph\":[{\"@type\":\"WebPage\",\"@id\":\"https:\/\/distribucionarc.com\/hr\/producto\/dosificadora-embotelladora-llenadora-de-liquidos-digital-de-17l\/\",\"url\":\"https:\/\/distribucionarc.com\/hr\/producto\/dosificadora-embotelladora-llenadora-de-liquidos-digital-de-17l\/\",\"name\":\"Dosificadora, Embotelladora, Llenadora de L\u00edquidos Digital de 20L - distribuci\u00f3n ARC\",\"isPartOf\":{\"@id\":\"https:\/\/distribucionarc.com\/de\/#website\"},\"primaryImageOfPage\":{\"@id\":\"https:\/\/distribucionarc.com\/hr\/producto\/dosificadora-embotelladora-llenadora-de-liquidos-digital-de-17l\/#primaryimage\"},\"image\":{\"@id\":\"https:\/\/distribucionarc.com\/hr\/producto\/dosificadora-embotelladora-llenadora-de-liquidos-digital-de-17l\/#primaryimage\"},\"thumbnailUrl\":\"https:\/\/distribucionarc.com\/wp-content\/uploads\/2020\/08\/Dosificadora-embotelladora-llenadora-de-l\u00edquidos-digital-de-17L-0.jpg\",\"datePublished\":\"2020-08-07T12:24:18+00:00\",\"dateModified\":\"2025-05-08T19:08:48+00:00\",\"breadcrumb\":{\"@id\":\"https:\/\/distribucionarc.com\/hr\/producto\/dosificadora-embotelladora-llenadora-de-liquidos-digital-de-17l\/#breadcrumb\"},\"inLanguage\":\"de\",\"potentialAction\":[{\"@type\":\"ReadAction\",\"target\":[\"https:\/\/distribucionarc.com\/hr\/producto\/dosificadora-embotelladora-llenadora-de-liquidos-digital-de-17l\/\"]}]},{\"@type\":\"ImageObject\",\"inLanguage\":\"de\",\"@id\":\"https:\/\/distribucionarc.com\/hr\/producto\/dosificadora-embotelladora-llenadora-de-liquidos-digital-de-17l\/#primaryimage\",\"url\":\"https:\/\/distribucionarc.com\/wp-content\/uploads\/2020\/08\/Dosificadora-embotelladora-llenadora-de-l\u00edquidos-digital-de-17L-0.jpg\",\"contentUrl\":\"https:\/\/distribucionarc.com\/wp-content\/uploads\/2020\/08\/Dosificadora-embotelladora-llenadora-de-l\u00edquidos-digital-de-17L-0.jpg\",\"width\":1600,\"height\":1600,\"caption\":\"Dosificadora embotelladora llenadora de l\u00edquidos digital de 17L\"},{\"@type\":\"BreadcrumbList\",\"@id\":\"https:\/\/distribucionarc.com\/hr\/producto\/dosificadora-embotelladora-llenadora-de-liquidos-digital-de-17l\/#breadcrumb\",\"itemListElement\":[{\"@type\":\"ListItem\",\"position\":1,\"name\":\"Portada\",\"item\":\"https:\/\/distribucionarc.com\/pl\/\"},{\"@type\":\"ListItem\",\"position\":2,\"name\":\"Produkty\",\"item\":\"https:\/\/distribucionarc.com\/pl\/shop\/\"},{\"@type\":\"ListItem\",\"position\":3,\"name\":\"Dosificadora, Embotelladora, Llenadora de L\u00edquidos Digital de 20L\"}]},{\"@type\":\"WebSite\",\"@id\":\"https:\/\/distribucionarc.com\/de\/#website\",\"url\":\"https:\/\/distribucionarc.com\/de\/\",\"name\":\"distribuci\u00f3n ARC\",\"description\":\"Empresa especializada en la fabricaci\u00f3n y distribuci\u00f3n de maquinaria industrial, selladoras de latas, Maquinas de hacer pastillas, Maquinas de cortar carne...\",\"publisher\":{\"@id\":\"https:\/\/distribucionarc.com\/de\/#organization\"},\"potentialAction\":[{\"@type\":\"SearchAction\",\"target\":{\"@type\":\"EntryPoint\",\"urlTemplate\":\"https:\/\/distribucionarc.com\/de\/?s={search_term_string}\"},\"query-input\":{\"@type\":\"PropertyValueSpecification\",\"valueRequired\":true,\"valueName\":\"search_term_string\"}}],\"inLanguage\":\"de\"},{\"@type\":\"Organization\",\"@id\":\"https:\/\/distribucionarc.com\/de\/#organization\",\"name\":\"Distribuci\u00f3n ARC\",\"url\":\"https:\/\/distribucionarc.com\/de\/\",\"logo\":{\"@type\":\"ImageObject\",\"inLanguage\":\"de\",\"@id\":\"https:\/\/distribucionarc.com\/de\/#\/schema\/logo\/image\/\",\"url\":\"https:\/\/distribucionarc.com\/wp-content\/uploads\/2024\/10\/distribucion-ARC-COLOR-SIN-FONDO-e1732295305345.png\",\"contentUrl\":\"https:\/\/distribucionarc.com\/wp-content\/uploads\/2024\/10\/distribucion-ARC-COLOR-SIN-FONDO-e1732295305345.png\",\"width\":1164,\"height\":558,\"caption\":\"Distribuci\u00f3n ARC\"},\"image\":{\"@id\":\"https:\/\/distribucionarc.com\/de\/#\/schema\/logo\/image\/\"},\"description\":\"Empresa especializada en la fabricaci\u00f3n y distribuci\u00f3n de maquinaria industrial para los sectores alimentario y farmac\u00e9utico. Nos especializamos en: M\u00e1quinas de cortar carne Fabricaci\u00f3n de comprimidos Sistemas de transporte industrial L\u00edneas de embotellado Dosificadores Y mucho m\u00e1s... Ofrecemos soluciones innovadoras y personalizadas para optimizar los procesos productivos de tu empresa.\",\"email\":\"Admistracion@distribucionarc.com\",\"telephone\":\"+34 643496664\",\"legalName\":\"ARC TECH SOLUTIONS\",\"foundingDate\":\"2024-04-09\",\"vatID\":\"B55480172\",\"numberOfEmployees\":{\"@type\":\"QuantitativeValue\",\"minValue\":\"1\",\"maxValue\":\"10\"}}]}<\/script>\n<!-- \/ Yoast SEO Premium plugin. -->","yoast_head_json":{"title":"Digitaler 20-Liter-Fl\u00fcssigkeitsspender, Abf\u00fcller und Abf\u00fcller \u2013 ARC-Vertrieb","robots":{"index":"index","follow":"follow","max-snippet":"max-snippet:-1","max-image-preview":"max-image-preview:large","max-video-preview":"max-video-preview:-1"},"canonical":"https:\/\/distribucionarc.com\/de\/produkt-2\/17l-digital-liquid-filler-dosier-abfullmaschine\/","og_locale":"de_DE","og_type":"article","og_title":"Dosificadora, Embotelladora, Llenadora de L\u00edquidos Digital de 20L","og_description":"Dosificadora, Embotelladora, Llenadora de L\u00edquidos Digital de 20L Esta dosificadora es ampliamente utilizada en las industrias farmac\u00e9utica, qu\u00edmica, de bebidas, aceite, cosm\u00e9tica y otras, adecuado para l\u00edquidos de baja viscosidad y libres de part\u00edculas como agua, aceite de oliva, combustibles, bebidas, etc.  La m\u00e1quina llenadora de l\u00edquidos ARC tiene una bomba de arranque autom\u00e1tico y dos cabezales, que la hacen m\u00e1s pr\u00e1ctica y eficiente. Se puede utilizar para llenar muchos tipos de l\u00edquidos de baja densidad y ligeros. Tales como agua, aceite de oliva, bebidas, vinagre, leche, etc. Seg\u00fan los distintos tipos de l\u00edquidos se recomienda utilizar diferentes materiales. El tubo que suministramos es de silicona. Garant\u00eda\u00a0ARC 2 A\u00d1OS Dosificadora\u00a0 embotelladora eficiente, bajo consumo 200w soporte t\u00e9cnico incluido &nbsp;","og_url":"https:\/\/distribucionarc.com\/de\/produkt-2\/17l-digital-liquid-filler-dosier-abfullmaschine\/","og_site_name":"distribuci\u00f3n ARC","article_modified_time":"2025-05-08T19:08:48+00:00","og_image":[{"width":1600,"height":1600,"url":"https:\/\/distribucionarc.com\/wp-content\/uploads\/2020\/08\/Dosificadora-embotelladora-llenadora-de-l\u00edquidos-digital-de-17L-0.jpg","type":"image\/jpeg"}],"twitter_card":"summary_large_image","twitter_misc":{"Gesch\u00e4tzte Lesezeit":"2\u00a0Minuten"},"schema":{"@context":"https:\/\/schema.org","@graph":[{"@type":"WebPage","@id":"https:\/\/distribucionarc.com\/hr\/producto\/dosificadora-embotelladora-llenadora-de-liquidos-digital-de-17l\/","url":"https:\/\/distribucionarc.com\/hr\/producto\/dosificadora-embotelladora-llenadora-de-liquidos-digital-de-17l\/","name":"Digitaler 20-Liter-Fl\u00fcssigkeitsspender, Abf\u00fcller und Abf\u00fcller \u2013 ARC-Vertrieb","isPartOf":{"@id":"https:\/\/distribucionarc.com\/de\/#website"},"primaryImageOfPage":{"@id":"https:\/\/distribucionarc.com\/hr\/producto\/dosificadora-embotelladora-llenadora-de-liquidos-digital-de-17l\/#primaryimage"},"image":{"@id":"https:\/\/distribucionarc.com\/hr\/producto\/dosificadora-embotelladora-llenadora-de-liquidos-digital-de-17l\/#primaryimage"},"thumbnailUrl":"https:\/\/distribucionarc.com\/wp-content\/uploads\/2020\/08\/Dosificadora-embotelladora-llenadora-de-l\u00edquidos-digital-de-17L-0.jpg","datePublished":"2020-08-07T12:24:18+00:00","dateModified":"2025-05-08T19:08:48+00:00","breadcrumb":{"@id":"https:\/\/distribucionarc.com\/hr\/producto\/dosificadora-embotelladora-llenadora-de-liquidos-digital-de-17l\/#breadcrumb"},"inLanguage":"de","potentialAction":[{"@type":"ReadAction","target":["https:\/\/distribucionarc.com\/hr\/producto\/dosificadora-embotelladora-llenadora-de-liquidos-digital-de-17l\/"]}]},{"@type":"ImageObject","inLanguage":"de","@id":"https:\/\/distribucionarc.com\/hr\/producto\/dosificadora-embotelladora-llenadora-de-liquidos-digital-de-17l\/#primaryimage","url":"https:\/\/distribucionarc.com\/wp-content\/uploads\/2020\/08\/Dosificadora-embotelladora-llenadora-de-l\u00edquidos-digital-de-17L-0.jpg","contentUrl":"https:\/\/distribucionarc.com\/wp-content\/uploads\/2020\/08\/Dosificadora-embotelladora-llenadora-de-l\u00edquidos-digital-de-17L-0.jpg","width":1600,"height":1600,"caption":"Dosificadora embotelladora llenadora de l\u00edquidos digital de 17L"},{"@type":"BreadcrumbList","@id":"https:\/\/distribucionarc.com\/hr\/producto\/dosificadora-embotelladora-llenadora-de-liquidos-digital-de-17l\/#breadcrumb","itemListElement":[{"@type":"ListItem","position":1,"name":"Portada","item":"https:\/\/distribucionarc.com\/pl\/"},{"@type":"ListItem","position":2,"name":"Produkty","item":"https:\/\/distribucionarc.com\/pl\/shop\/"},{"@type":"ListItem","position":3,"name":"Dosificadora, Embotelladora, Llenadora de L\u00edquidos Digital de 20L"}]},{"@type":"WebSite","@id":"https:\/\/distribucionarc.com\/de\/#website","url":"https:\/\/distribucionarc.com\/de\/","name":"ARC-Verteilung","description":"Das Unternehmen ist auf die Herstellung und den Vertrieb von Industriemaschinen, Dosenverschlie\u00dfmaschinen, Tablettenmaschinen, Fleischschneidemaschinen...","publisher":{"@id":"https:\/\/distribucionarc.com\/de\/#organization"},"potentialAction":[{"@type":"SearchAction","target":{"@type":"EntryPoint","urlTemplate":"https:\/\/distribucionarc.com\/de\/?s={search_term_string}"},"query-input":{"@type":"PropertyValueSpecification","valueRequired":true,"valueName":"search_term_string"}}],"inLanguage":"de"},{"@type":"Organization","@id":"https:\/\/distribucionarc.com\/de\/#organization","name":"ARC-Verteilung","url":"https:\/\/distribucionarc.com\/de\/","logo":{"@type":"ImageObject","inLanguage":"de","@id":"https:\/\/distribucionarc.com\/de\/#\/schema\/logo\/image\/","url":"https:\/\/distribucionarc.com\/wp-content\/uploads\/2024\/10\/distribucion-ARC-COLOR-SIN-FONDO-e1732295305345.png","contentUrl":"https:\/\/distribucionarc.com\/wp-content\/uploads\/2024\/10\/distribucion-ARC-COLOR-SIN-FONDO-e1732295305345.png","width":1164,"height":558,"caption":"Distribuci\u00f3n ARC"},"image":{"@id":"https:\/\/distribucionarc.com\/de\/#\/schema\/logo\/image\/"},"description":"Unternehmen, das auf die Herstellung und den Vertrieb von Industriemaschinen f\u00fcr den Lebensmittel- und Pharmasektor spezialisiert ist. Wir sind spezialisiert auf: Fleischschneidemaschinen Tablettenherstellung Industrielle F\u00f6rdersysteme Abf\u00fcllanlagen Dispenser Und vieles mehr... Wir bieten innovative und ma\u00dfgeschneiderte L\u00f6sungen zur Optimierung der Produktionsprozesse in Ihrem Unternehmen.","email":"Admistracion@distribucionarc.com","telephone":"+34 643496664","legalName":"ARC TECH SOLUTIONS","foundingDate":"2024-04-09","vatID":"B55480172","numberOfEmployees":{"@type":"QuantitativeValue","minValue":"1","maxValue":"10"}}]}},"_links":{"self":[{"href":"https:\/\/distribucionarc.com\/de\/wp-json\/wp\/v2\/product\/2043","targetHints":{"allow":["GET"]}}],"collection":[{"href":"https:\/\/distribucionarc.com\/de\/wp-json\/wp\/v2\/product"}],"about":[{"href":"https:\/\/distribucionarc.com\/de\/wp-json\/wp\/v2\/types\/product"}],"replies":[{"embeddable":true,"href":"https:\/\/distribucionarc.com\/de\/wp-json\/wp\/v2\/comments?post=2043"}],"version-history":[{"count":1,"href":"https:\/\/distribucionarc.com\/de\/wp-json\/wp\/v2\/product\/2043\/revisions"}],"predecessor-version":[{"id":17458,"href":"https:\/\/distribucionarc.com\/de\/wp-json\/wp\/v2\/product\/2043\/revisions\/17458"}],"wp:featuredmedia":[{"embeddable":true,"href":"https:\/\/distribucionarc.com\/de\/wp-json\/wp\/v2\/media\/2053"}],"wp:attachment":[{"href":"https:\/\/distribucionarc.com\/de\/wp-json\/wp\/v2\/media?parent=2043"}],"wp:term":[{"taxonomy":"product_brand","embeddable":true,"href":"https:\/\/distribucionarc.com\/de\/wp-json\/wp\/v2\/product_brand?post=2043"},{"taxonomy":"product_cat","embeddable":true,"href":"https:\/\/distribucionarc.com\/de\/wp-json\/wp\/v2\/product_cat?post=2043"},{"taxonomy":"product_tag","embeddable":true,"href":"https:\/\/distribucionarc.com\/de\/wp-json\/wp\/v2\/product_tag?post=2043"}],"curies":[{"name":"wp","href":"https:\/\/api.w.org\/{rel}","templated":true}]}}