{"id":2108,"date":"2020-08-10T10:11:48","date_gmt":"2020-08-10T10:11:48","guid":{"rendered":"https:\/\/distribucionarc.com\/?post_type=product&#038;p=2108"},"modified":"2020-09-30T09:28:41","modified_gmt":"2020-09-30T09:28:41","slug":"holz-obst-zerkleinerer-muhle-7l","status":"publish","type":"product","link":"https:\/\/distribucionarc.com\/de\/producto\/trituradora-molinillo-de-frutas-de-madera-7l\/","title":{"rendered":"Zerkleinerer, 7-Liter-Obstm\u00fchle aus Holz"},"content":{"rendered":"<h3>7L Holz-Obstzerkleinerer<\/h3>\n<p>\u00c4pfel, Birnen, Quitten und verwandte Obstarten eignen sich besonders gut f\u00fcr die Weiterverarbeitung. Das relativ feste Fruchtfleisch wird dabei zerkleinert\u00a0<strong>die Obstm\u00fchle\u00a0<span style=\"color: #ff0000;\">ZU<\/span><span style=\"color: #0000ff;\">R<\/span>C<\/strong>; Die daraus resultierende Mazeration erh\u00f6ht die Saftausbeute und erm\u00f6glicht das Pressen der Fr\u00fcchte. Fr\u00fcchte mit weichem oder weichem Fruchtfleisch m\u00fcssen nicht von der M\u00fchle zerkleinert werden, da ihre Kerne dazu neigen, den Geschmack des Saftes zu bitter zu machen.<\/p>\n<p>Eine gute Saftqualit\u00e4t erhalten Sie, wenn Sie reifes und gutes Obst verwenden. Unreife, \u00fcberreife, faule oder zerbrochene Fr\u00fcchte m\u00fcssen sortiert werden. Reinigen Sie die Fr\u00fcchte vor der Verarbeitung gr\u00fcndlich mit Trinkwasser, damit kein Schmutz in das P\u00fcree gelangt.<\/p>\n<p>Damit\u00a0<strong>Obst- oder Gem\u00fcsezerkleinerer<\/strong>\u00a0<strong><span style=\"color: #ff0000;\">ZU<\/span><span style=\"color: #0000ff;\">R<\/span>CTMMF7 <\/strong>Beim Mahlen wird genau die richtige Konsistenz erreicht. Das robuste Schneidwerk (Aluminiumlegierung) wird durch einen manuellen Antrieb leichtg\u00e4ngig gef\u00fchrt. Sowohl der Zerkleinerungstrichter als auch der Auffangtrichter sind aus robustem Holz gefertigt und sorgen f\u00fcr ein einzigartiges Aroma. Der Trichter hat ein Fassungsverm\u00f6gen von 7 Litern. F\u00fcr einen stabilen Halt ist das Grundgestell mit Gummif\u00fc\u00dfen ausgestattet.<\/p>\n<h6><\/h6>\n<h6><strong>Garantie\u00a0<\/strong><span style=\"color: #ff0000;\"><strong>ZU<\/strong><\/span><span style=\"color: #0000ff;\"><strong>R<\/strong><\/span><strong>C 2 JAHRE<\/strong><\/h6>\n<h6><strong>Technischer Support inklusive<\/strong><\/h6>\n<p>&nbsp;<\/p>\n<table width=\"100%\">\n<tbody>\n<tr>\n<td>Kerl:<\/td>\n<td width=\"50%\">Handbuch<\/td>\n<td colspan=\"2\" width=\"327\"><\/td>\n<\/tr>\n<tr>\n<td>Vertriebsland:<\/td>\n<td width=\"50%\">Spanien, Deutschland, USA<\/td>\n<td>Gewicht:<\/td>\n<td width=\"50%\">5kg<\/td>\n<\/tr>\n<tr>\n<td>Marke:<\/td>\n<td width=\"50%\">BOGEN<\/td>\n<td>H\u00f6he:<\/td>\n<td width=\"50%\">30cm<\/td>\n<\/tr>\n<tr>\n<td>Farbe:<\/td>\n<td width=\"50%\">Silber<\/td>\n<td>Lang:<\/td>\n<td width=\"50%\">\u00a056cm<\/td>\n<\/tr>\n<tr>\n<td>Produkttyp:<\/td>\n<td width=\"50%\">Fruchtpresse, Weinpresse<\/td>\n<td>Breit:<\/td>\n<td width=\"50%\">23cm<\/td>\n<\/tr>\n<tr>\n<td>Herstellernummer:<\/td>\n<td width=\"50%\">ARCTMF7<\/td>\n<td>Korbgr\u00f6\u00dfe:<\/td>\n<td width=\"50%\">34x30cm<\/td>\n<\/tr>\n<tr>\n<td>Material:<\/td>\n<td width=\"50%\">\u00a0Robustes Holz, Aluminiumlegierung<\/td>\n<td>Ausr\u00fcstung:<\/td>\n<td width=\"50%\">Kurbel<\/td>\n<\/tr>\n<tr>\n<td>F\u00e4higkeit:<\/td>\n<td width=\"50%\">7L<\/td>\n<td>Garantie:<\/td>\n<td width=\"50%\">2 JAHRE<\/td>\n<\/tr>\n<tr>\n<td>Laufh\u00f6he:<\/td>\n<td width=\"50%\">18cm<\/td>\n<td><\/td>\n<td width=\"50%\"><\/td>\n<\/tr>\n<\/tbody>\n<\/table>","protected":false},"excerpt":{"rendered":"<h2>7L Holz-Obstzerkleinerer<\/h2>\n<p>Der Schl\u00fcssel zur Herstellung eines guten Safts, Weins, Mosts, Apfelweins usw. Dadurch entsteht ein leckeres und geschmeidiges P\u00fcree<strong>\u00a0Schleifmaschinen\u00a0<span style=\"color: #ff0000;\">ZU<\/span><span style=\"color: #0000ff;\">R<\/span>C<\/strong>. Sofort und \u00fcberall einsatzbereit, unabh\u00e4ngig vom Stromnetz.<\/p>\n<p>Der gro\u00dfe Trichter hat ein Fassungsverm\u00f6gen von 7 Litern, um die Fr\u00fcchte zu zerkleinern. Der Robuste\u00a0<strong>Obsthacker<\/strong> Das Schneidebrett ist aus robustem Holz gefertigt, um Ihrem Produkt einen einzigartigen Geschmack zu verleihen.<\/p>\n<h6><strong>Garantie\u00a0<\/strong><span style=\"color: #ff0000;\"><strong>ZU<\/strong><\/span><span style=\"color: #0000ff;\"><strong>R<\/strong><\/span><strong>C 2 JAHRE<\/strong><\/h6>\n<h6><strong>Technischer Support inklusive<\/strong><\/h6>","protected":false},"featured_media":2109,"comment_status":"open","ping_status":"closed","template":"","meta":{"wds_primary_product_brand":0,"wds_primary_product_cat":0},"product_brand":[],"product_cat":[30,65,68],"product_tag":[],"class_list":{"0":"post-2108","1":"product","2":"type-product","3":"status-publish","4":"has-post-thumbnail","6":"product_cat-maquinaria-apicola","7":"product_cat-maquinaria-industrial-para-procesar-fruta-verdura-panales","8":"product_cat-trituradoras-picadoras-de-frutas-y-verduras","9":"product_shipping_class-hosteleria","11":"first","12":"instock","13":"sale","14":"taxable","15":"shipping-taxable","16":"purchasable","17":"product-type-simple"},"yoast_head":"<!-- This site is optimized with the Yoast SEO Premium plugin v24.9 (Yoast SEO v26.1) - https:\/\/yoast.com\/wordpress\/plugins\/seo\/ -->\n<title>Trituradora, molinillo de frutas de madera 7L - distribuci\u00f3n ARC<\/title>\n<meta name=\"robots\" content=\"index, follow, max-snippet:-1, max-image-preview:large, max-video-preview:-1\" \/>\n<link rel=\"canonical\" href=\"https:\/\/distribucionarc.com\/de\/produkt-2\/holz-obst-zerkleinerer-muhle-7l\/\" \/>\n<meta property=\"og:locale\" content=\"de_DE\" \/>\n<meta property=\"og:type\" content=\"article\" \/>\n<meta property=\"og:title\" content=\"Trituradora, molinillo de frutas de madera 7L\" \/>\n<meta property=\"og:description\" content=\"Trituradora de frutas de madera 7L La clave para elaborar un buen zumo, jugo, vino, mosto, sidra etc. Es elaborar un sabroso y suave pur\u00e9 gracias a las\u00a0molinillos de\u00a0ARC. Listos para usar de inmediato y en cualquier lugar, independientemente de la energ\u00eda el\u00e9ctrica.  El embudo grande tiene una capacidad de 7 litros, para picar la fruta. La robusta\u00a0picadora de fruta de corte esta fabricada de madera robusta para darle un sabor \u00fanico a tu producto. Garant\u00eda\u00a0ARC 2 A\u00d1OS soporte t\u00e9cnico\u00a0incluido\" \/>\n<meta property=\"og:url\" content=\"https:\/\/distribucionarc.com\/de\/produkt-2\/holz-obst-zerkleinerer-muhle-7l\/\" \/>\n<meta property=\"og:site_name\" content=\"distribuci\u00f3n ARC\" \/>\n<meta property=\"article:modified_time\" content=\"2020-09-30T09:28:41+00:00\" \/>\n<meta property=\"og:image\" content=\"https:\/\/distribucionarc.com\/wp-content\/uploads\/2020\/08\/Trituradora-molinillo-de-frutas-de-madera-7L-0.jpg\" \/>\n\t<meta property=\"og:image:width\" content=\"1000\" \/>\n\t<meta property=\"og:image:height\" content=\"1000\" \/>\n\t<meta property=\"og:image:type\" content=\"image\/jpeg\" \/>\n<meta name=\"twitter:card\" content=\"summary_large_image\" \/>\n<meta name=\"twitter:label1\" content=\"Gesch\u00e4tzte Lesezeit\" \/>\n\t<meta name=\"twitter:data1\" content=\"1\u00a0Minute\" \/>\n<script type=\"application\/ld+json\" class=\"yoast-schema-graph\">{\"@context\":\"https:\/\/schema.org\",\"@graph\":[{\"@type\":\"WebPage\",\"@id\":\"https:\/\/distribucionarc.com\/en\/producto\/trituradora-molinillo-de-frutas-de-madera-7l\/\",\"url\":\"https:\/\/distribucionarc.com\/en\/producto\/trituradora-molinillo-de-frutas-de-madera-7l\/\",\"name\":\"Trituradora, molinillo de frutas de madera 7L - distribuci\u00f3n ARC\",\"isPartOf\":{\"@id\":\"https:\/\/distribucionarc.com\/ro\/#website\"},\"primaryImageOfPage\":{\"@id\":\"https:\/\/distribucionarc.com\/en\/producto\/trituradora-molinillo-de-frutas-de-madera-7l\/#primaryimage\"},\"image\":{\"@id\":\"https:\/\/distribucionarc.com\/en\/producto\/trituradora-molinillo-de-frutas-de-madera-7l\/#primaryimage\"},\"thumbnailUrl\":\"https:\/\/distribucionarc.com\/wp-content\/uploads\/2020\/08\/Trituradora-molinillo-de-frutas-de-madera-7L-0.jpg\",\"datePublished\":\"2020-08-10T10:11:48+00:00\",\"dateModified\":\"2020-09-30T09:28:41+00:00\",\"breadcrumb\":{\"@id\":\"https:\/\/distribucionarc.com\/en\/producto\/trituradora-molinillo-de-frutas-de-madera-7l\/#breadcrumb\"},\"inLanguage\":\"de\",\"potentialAction\":[{\"@type\":\"ReadAction\",\"target\":[\"https:\/\/distribucionarc.com\/en\/producto\/trituradora-molinillo-de-frutas-de-madera-7l\/\"]}]},{\"@type\":\"ImageObject\",\"inLanguage\":\"de\",\"@id\":\"https:\/\/distribucionarc.com\/en\/producto\/trituradora-molinillo-de-frutas-de-madera-7l\/#primaryimage\",\"url\":\"https:\/\/distribucionarc.com\/wp-content\/uploads\/2020\/08\/Trituradora-molinillo-de-frutas-de-madera-7L-0.jpg\",\"contentUrl\":\"https:\/\/distribucionarc.com\/wp-content\/uploads\/2020\/08\/Trituradora-molinillo-de-frutas-de-madera-7L-0.jpg\",\"width\":1000,\"height\":1000,\"caption\":\"Trituradora molinillo de frutas de madera 7L\"},{\"@type\":\"BreadcrumbList\",\"@id\":\"https:\/\/distribucionarc.com\/en\/producto\/trituradora-molinillo-de-frutas-de-madera-7l\/#breadcrumb\",\"itemListElement\":[{\"@type\":\"ListItem\",\"position\":1,\"name\":\"Portada\",\"item\":\"https:\/\/distribucionarc.com\/ar\/\"},{\"@type\":\"ListItem\",\"position\":2,\"name\":\"Proizvodi\",\"item\":\"https:\/\/www.distribucionarc.com\/hr\/ducan\/\"},{\"@type\":\"ListItem\",\"position\":3,\"name\":\"Trituradora, molinillo de frutas de madera 7L\"}]},{\"@type\":\"WebSite\",\"@id\":\"https:\/\/distribucionarc.com\/ro\/#website\",\"url\":\"https:\/\/distribucionarc.com\/ro\/\",\"name\":\"distribuci\u00f3n ARC\",\"description\":\"Empresa especializada en la fabricaci\u00f3n y distribuci\u00f3n de maquinaria industrial, selladoras de latas, Maquinas de hacer pastillas, Maquinas de cortar carne...\",\"publisher\":{\"@id\":\"https:\/\/distribucionarc.com\/ro\/#organization\"},\"potentialAction\":[{\"@type\":\"SearchAction\",\"target\":{\"@type\":\"EntryPoint\",\"urlTemplate\":\"https:\/\/distribucionarc.com\/ro\/?s={search_term_string}\"},\"query-input\":{\"@type\":\"PropertyValueSpecification\",\"valueRequired\":true,\"valueName\":\"search_term_string\"}}],\"inLanguage\":\"de\"},{\"@type\":\"Organization\",\"@id\":\"https:\/\/distribucionarc.com\/ro\/#organization\",\"name\":\"Distribuci\u00f3n ARC\",\"url\":\"https:\/\/distribucionarc.com\/ro\/\",\"logo\":{\"@type\":\"ImageObject\",\"inLanguage\":\"de\",\"@id\":\"https:\/\/distribucionarc.com\/ro\/#\/schema\/logo\/image\/\",\"url\":\"https:\/\/distribucionarc.com\/wp-content\/uploads\/2024\/10\/distribucion-ARC-COLOR-SIN-FONDO-e1732295305345.png\",\"contentUrl\":\"https:\/\/distribucionarc.com\/wp-content\/uploads\/2024\/10\/distribucion-ARC-COLOR-SIN-FONDO-e1732295305345.png\",\"width\":1164,\"height\":558,\"caption\":\"Distribuci\u00f3n ARC\"},\"image\":{\"@id\":\"https:\/\/distribucionarc.com\/ro\/#\/schema\/logo\/image\/\"},\"description\":\"Empresa especializada en la fabricaci\u00f3n y distribuci\u00f3n de maquinaria industrial para los sectores alimentario y farmac\u00e9utico. Nos especializamos en: M\u00e1quinas de cortar carne Fabricaci\u00f3n de comprimidos Sistemas de transporte industrial L\u00edneas de embotellado Dosificadores Y mucho m\u00e1s... Ofrecemos soluciones innovadoras y personalizadas para optimizar los procesos productivos de tu empresa.\",\"email\":\"Admistracion@distribucionarc.com\",\"telephone\":\"+34 643496664\",\"legalName\":\"ARC TECH SOLUTIONS\",\"foundingDate\":\"2024-04-09\",\"vatID\":\"B55480172\",\"numberOfEmployees\":{\"@type\":\"QuantitativeValue\",\"minValue\":\"1\",\"maxValue\":\"10\"}}]}<\/script>\n<!-- \/ Yoast SEO Premium plugin. -->","yoast_head_json":{"title":"Zerkleinerer, 7-Liter-Obstm\u00fchle aus Holz \u2013 ARC-Verteilung","robots":{"index":"index","follow":"follow","max-snippet":"max-snippet:-1","max-image-preview":"max-image-preview:large","max-video-preview":"max-video-preview:-1"},"canonical":"https:\/\/distribucionarc.com\/de\/produkt-2\/holz-obst-zerkleinerer-muhle-7l\/","og_locale":"de_DE","og_type":"article","og_title":"Trituradora, molinillo de frutas de madera 7L","og_description":"Trituradora de frutas de madera 7L La clave para elaborar un buen zumo, jugo, vino, mosto, sidra etc. Es elaborar un sabroso y suave pur\u00e9 gracias a las\u00a0molinillos de\u00a0ARC. Listos para usar de inmediato y en cualquier lugar, independientemente de la energ\u00eda el\u00e9ctrica.  El embudo grande tiene una capacidad de 7 litros, para picar la fruta. La robusta\u00a0picadora de fruta de corte esta fabricada de madera robusta para darle un sabor \u00fanico a tu producto. Garant\u00eda\u00a0ARC 2 A\u00d1OS soporte t\u00e9cnico\u00a0incluido","og_url":"https:\/\/distribucionarc.com\/de\/produkt-2\/holz-obst-zerkleinerer-muhle-7l\/","og_site_name":"distribuci\u00f3n ARC","article_modified_time":"2020-09-30T09:28:41+00:00","og_image":[{"width":1000,"height":1000,"url":"https:\/\/distribucionarc.com\/wp-content\/uploads\/2020\/08\/Trituradora-molinillo-de-frutas-de-madera-7L-0.jpg","type":"image\/jpeg"}],"twitter_card":"summary_large_image","twitter_misc":{"Gesch\u00e4tzte Lesezeit":"1\u00a0Minute"},"schema":{"@context":"https:\/\/schema.org","@graph":[{"@type":"WebPage","@id":"https:\/\/distribucionarc.com\/en\/producto\/trituradora-molinillo-de-frutas-de-madera-7l\/","url":"https:\/\/distribucionarc.com\/en\/producto\/trituradora-molinillo-de-frutas-de-madera-7l\/","name":"Zerkleinerer, 7-Liter-Obstm\u00fchle aus Holz \u2013 ARC-Verteilung","isPartOf":{"@id":"https:\/\/distribucionarc.com\/ro\/#website"},"primaryImageOfPage":{"@id":"https:\/\/distribucionarc.com\/en\/producto\/trituradora-molinillo-de-frutas-de-madera-7l\/#primaryimage"},"image":{"@id":"https:\/\/distribucionarc.com\/en\/producto\/trituradora-molinillo-de-frutas-de-madera-7l\/#primaryimage"},"thumbnailUrl":"https:\/\/distribucionarc.com\/wp-content\/uploads\/2020\/08\/Trituradora-molinillo-de-frutas-de-madera-7L-0.jpg","datePublished":"2020-08-10T10:11:48+00:00","dateModified":"2020-09-30T09:28:41+00:00","breadcrumb":{"@id":"https:\/\/distribucionarc.com\/en\/producto\/trituradora-molinillo-de-frutas-de-madera-7l\/#breadcrumb"},"inLanguage":"de","potentialAction":[{"@type":"ReadAction","target":["https:\/\/distribucionarc.com\/en\/producto\/trituradora-molinillo-de-frutas-de-madera-7l\/"]}]},{"@type":"ImageObject","inLanguage":"de","@id":"https:\/\/distribucionarc.com\/en\/producto\/trituradora-molinillo-de-frutas-de-madera-7l\/#primaryimage","url":"https:\/\/distribucionarc.com\/wp-content\/uploads\/2020\/08\/Trituradora-molinillo-de-frutas-de-madera-7L-0.jpg","contentUrl":"https:\/\/distribucionarc.com\/wp-content\/uploads\/2020\/08\/Trituradora-molinillo-de-frutas-de-madera-7L-0.jpg","width":1000,"height":1000,"caption":"Trituradora molinillo de frutas de madera 7L"},{"@type":"BreadcrumbList","@id":"https:\/\/distribucionarc.com\/en\/producto\/trituradora-molinillo-de-frutas-de-madera-7l\/#breadcrumb","itemListElement":[{"@type":"ListItem","position":1,"name":"Portada","item":"https:\/\/distribucionarc.com\/ar\/"},{"@type":"ListItem","position":2,"name":"Proizvodi","item":"https:\/\/www.distribucionarc.com\/hr\/ducan\/"},{"@type":"ListItem","position":3,"name":"Trituradora, molinillo de frutas de madera 7L"}]},{"@type":"WebSite","@id":"https:\/\/distribucionarc.com\/ro\/#website","url":"https:\/\/distribucionarc.com\/ro\/","name":"ARC-Verteilung","description":"Das Unternehmen ist auf die Herstellung und den Vertrieb von Industriemaschinen, Dosenverschlie\u00dfmaschinen, Tablettenmaschinen, Fleischschneidemaschinen...","publisher":{"@id":"https:\/\/distribucionarc.com\/ro\/#organization"},"potentialAction":[{"@type":"SearchAction","target":{"@type":"EntryPoint","urlTemplate":"https:\/\/distribucionarc.com\/ro\/?s={search_term_string}"},"query-input":{"@type":"PropertyValueSpecification","valueRequired":true,"valueName":"search_term_string"}}],"inLanguage":"de"},{"@type":"Organization","@id":"https:\/\/distribucionarc.com\/ro\/#organization","name":"ARC-Verteilung","url":"https:\/\/distribucionarc.com\/ro\/","logo":{"@type":"ImageObject","inLanguage":"de","@id":"https:\/\/distribucionarc.com\/ro\/#\/schema\/logo\/image\/","url":"https:\/\/distribucionarc.com\/wp-content\/uploads\/2024\/10\/distribucion-ARC-COLOR-SIN-FONDO-e1732295305345.png","contentUrl":"https:\/\/distribucionarc.com\/wp-content\/uploads\/2024\/10\/distribucion-ARC-COLOR-SIN-FONDO-e1732295305345.png","width":1164,"height":558,"caption":"Distribuci\u00f3n ARC"},"image":{"@id":"https:\/\/distribucionarc.com\/ro\/#\/schema\/logo\/image\/"},"description":"Unternehmen, das auf die Herstellung und den Vertrieb von Industriemaschinen f\u00fcr den Lebensmittel- und Pharmasektor spezialisiert ist. Wir sind spezialisiert auf: Fleischschneidemaschinen Tablettenherstellung Industrielle F\u00f6rdersysteme Abf\u00fcllanlagen Dispenser Und vieles mehr... Wir bieten innovative und ma\u00dfgeschneiderte L\u00f6sungen zur Optimierung der Produktionsprozesse in Ihrem Unternehmen.","email":"Admistracion@distribucionarc.com","telephone":"+34 643496664","legalName":"ARC TECH SOLUTIONS","foundingDate":"2024-04-09","vatID":"B55480172","numberOfEmployees":{"@type":"QuantitativeValue","minValue":"1","maxValue":"10"}}]}},"_links":{"self":[{"href":"https:\/\/distribucionarc.com\/de\/wp-json\/wp\/v2\/product\/2108","targetHints":{"allow":["GET"]}}],"collection":[{"href":"https:\/\/distribucionarc.com\/de\/wp-json\/wp\/v2\/product"}],"about":[{"href":"https:\/\/distribucionarc.com\/de\/wp-json\/wp\/v2\/types\/product"}],"replies":[{"embeddable":true,"href":"https:\/\/distribucionarc.com\/de\/wp-json\/wp\/v2\/comments?post=2108"}],"version-history":[{"count":0,"href":"https:\/\/distribucionarc.com\/de\/wp-json\/wp\/v2\/product\/2108\/revisions"}],"wp:featuredmedia":[{"embeddable":true,"href":"https:\/\/distribucionarc.com\/de\/wp-json\/wp\/v2\/media\/2109"}],"wp:attachment":[{"href":"https:\/\/distribucionarc.com\/de\/wp-json\/wp\/v2\/media?parent=2108"}],"wp:term":[{"taxonomy":"product_brand","embeddable":true,"href":"https:\/\/distribucionarc.com\/de\/wp-json\/wp\/v2\/product_brand?post=2108"},{"taxonomy":"product_cat","embeddable":true,"href":"https:\/\/distribucionarc.com\/de\/wp-json\/wp\/v2\/product_cat?post=2108"},{"taxonomy":"product_tag","embeddable":true,"href":"https:\/\/distribucionarc.com\/de\/wp-json\/wp\/v2\/product_tag?post=2108"}],"curies":[{"name":"wp","href":"https:\/\/api.w.org\/{rel}","templated":true}]}}