{"id":2173,"date":"2020-08-11T14:48:35","date_gmt":"2020-08-11T14:48:35","guid":{"rendered":"https:\/\/distribucionarc.com\/?post_type=product&#038;p=2173"},"modified":"2020-09-30T10:01:31","modified_gmt":"2020-09-30T10:01:31","slug":"wasserpresse-hydropresse-fur-obst-gemuse-honig-20l","status":"publish","type":"product","link":"https:\/\/distribucionarc.com\/de\/producto\/prensa-de-agua-hidroprensa-para-frutas-verduras-miel-20l\/","title":{"rendered":"Wasserpresse, Hydropresse f\u00fcr Obst, Gem\u00fcse, Honig 20L"},"content":{"rendered":"<h2>Wasserpresse, Hydropresse f\u00fcr Wein, Obst, Honig 20L<\/h2>\n<p>Der schnellste Weg, frischen Saft zu verarbeiten, der alle seine Eigenschaften beh\u00e4lt. Einfach das Fruchtp\u00fcree dazugeben<strong> Wasserpresse <span style=\"color: #ff0000;\">ZU<\/span><span style=\"color: #0000ff;\">R<\/span>C<\/strong>\u00d6ffnen Sie den Wasserhahn und beobachten Sie, wie der Druck des einstr\u00f6menden Leitungswassers das Mahlgut von innen nach au\u00dfen gegen die Korbauflage dr\u00fcckt.<\/p>\n<p>Ein genial einfacher Antrieb, der<span style=\"color: #008000;\"><strong> Energie sparen<\/strong><\/span>: Schlie\u00dfen Sie den Schlauch an die Wasserleitung an und drehen Sie den Wasserhahn auf. Leitungswasser dehnt die eingebaute Gummimembran nach au\u00dfen aus und dr\u00fcckt den Rost gegen den Korbrost. Die Druckkraft und -zeit k\u00f6nnen durch \u00d6ffnen oder Schlie\u00dfen des Hahns eingestellt werden.<\/p>\n<p>Er\u00a0<strong>schnelles Dr\u00fccken<\/strong>\u00a0und die\u00a0<strong>kurze Flie\u00dfwege<\/strong> Vitamine sch\u00fctzen; Der Saft beh\u00e4lt ein wunderbar frisches Aroma. Dank des hohen Drucks von 3 Bar, der ausge\u00fcbt wird <strong>Fruchtsaftpresse <span style=\"color: #ff0000;\">ZU<\/span><span style=\"color: #0000ff;\">R<\/span>CPHA20<\/strong>\u00a0Du bekommst ein\u00a0<strong>Saftausbeute<\/strong>\u00a0au\u00dfergew\u00f6hnlich\u00a0<strong>hoch<\/strong>, auch wenn der Presskorb teilweise gef\u00fcllt ist.<\/p>\n<h6><\/h6>\n<h6><strong>Garantie\u00a0<\/strong><span style=\"color: #ff0000;\"><strong>ZU<\/strong><\/span><span style=\"color: #0000ff;\"><strong>R<\/strong><\/span><strong>C 2 JAHRE<\/strong><\/h6>\n<h6><span style=\"color: #0000ff;\">Presse ohne Strom, Wasserdruck<\/span> <span style=\"color: #0000ff;\">(3 bar)<\/span><\/h6>\n<h6><strong>Technischer Support inklusive<\/strong><\/h6>\n<p>&nbsp;<\/p>\n<table width=\"100%\">\n<tbody>\n<tr>\n<td>Kerl:<\/td>\n<td width=\"50%\">Hydropresse<\/td>\n<td colspan=\"2\" width=\"327\"><\/td>\n<\/tr>\n<tr>\n<td>Vertriebsland:<\/td>\n<td width=\"50%\">Spanien, Deutschland, USA<\/td>\n<td>Gewicht:<\/td>\n<td width=\"50%\">13kg<\/td>\n<\/tr>\n<tr>\n<td>Marke:<\/td>\n<td width=\"50%\">BOGEN<\/td>\n<td>H\u00f6he:<\/td>\n<td width=\"50%\">82cm<\/td>\n<\/tr>\n<tr>\n<td>Farbe:<\/td>\n<td width=\"50%\">Silber<\/td>\n<td>Lang:<\/td>\n<td width=\"50%\">50cm<\/td>\n<\/tr>\n<tr>\n<td>Produkttyp:<\/td>\n<td width=\"50%\">Fruchtpresse, Weinpresse<\/td>\n<td>Breit:<\/td>\n<td width=\"50%\">50cm<\/td>\n<\/tr>\n<tr>\n<td>Herstellernummer:<\/td>\n<td width=\"50%\">ARCPHA20<\/td>\n<td>F\u00e4higkeit:<\/td>\n<td width=\"50%\">20L<\/td>\n<\/tr>\n<tr>\n<td>Material:<\/td>\n<td width=\"50%\">\u00a0Edelstahl in Lebensmittelqualit\u00e4t, Membran aus lebensmittelechtem Gummi<\/td>\n<td>Korbgr\u00f6\u00dfe:<\/td>\n<td width=\"50%\">26,5 x 39 cm<\/td>\n<\/tr>\n<tr>\n<td>Fassabmessungen:<\/td>\n<td width=\"50%\">41 cm Durchmesser<\/td>\n<td>Ausr\u00fcstung:<\/td>\n<td width=\"50%\">Presstuch im Lieferumfang enthalten<\/td>\n<\/tr>\n<tr>\n<td>Laufh\u00f6he:<\/td>\n<td width=\"50%\">45cm<\/td>\n<td>Garantie:<\/td>\n<td width=\"50%\">2 JAHRE<\/td>\n<\/tr>\n<\/tbody>\n<\/table>","protected":false},"excerpt":{"rendered":"<h2>Wasserpresse, Hydropresse f\u00fcr Wein, Obst, Honig 20L<\/h2>\n<p>Der<strong> hydraulische Brecher <span style=\"color: #ff0000;\">ZU<\/span><span style=\"color: #0000ff;\">R<\/span>C<\/strong> Sie sind die beste L\u00f6sung f\u00fcr die Herstellung von S\u00e4ften, die Verarbeitung von Waben, Most, Wein, Apfelwein usw. <span style=\"color: #008000;\"><strong>Ohne <\/strong><\/span>Die<span style=\"color: #008000;\"><strong> Bedarf an elektrischer Energie<\/strong> <\/span>und ohne k\u00f6rperliche Anstrengung<\/p>\n<p>Danke an die <strong>hydraulische Pressen <span style=\"color: #ff0000;\">ZU<\/span><span style=\"color: #0000ff;\">R<\/span>C<\/strong> das Pressen wird sein<strong> schnell<\/strong>\u00a0und mit\u00a0<strong>kurze Flie\u00dfwege <\/strong>hilft, Vitamine zu sch\u00fctzen; Sie erhalten ein wunderbar frisch duftendes Produkt. Dank des hohen Drucks a\u00a0<strong>Leistung <\/strong>Saft ausnahmsweise\u00a0<strong>hoch<\/strong><\/p>\n<h6><strong>Garantie\u00a0<\/strong><span style=\"color: #ff0000;\"><strong>ZU<\/strong><\/span><span style=\"color: #0000ff;\"><strong>R<\/strong><\/span><strong>C 2 JAHRE<\/strong><\/h6>\n<h6><span style=\"color: #0000ff;\">Presse ohne Strom, Wasserdruck<\/span> <span style=\"color: #0000ff;\">(3 bar)<\/span><\/h6>\n<h6><strong>Technischer Support inklusive<\/strong><\/h6>","protected":false},"featured_media":2179,"comment_status":"open","ping_status":"closed","template":"","meta":{"wds_primary_product_brand":0,"wds_primary_product_cat":0},"product_brand":[],"product_cat":[30,65,67],"product_tag":[],"class_list":{"0":"post-2173","1":"product","2":"type-product","3":"status-publish","4":"has-post-thumbnail","6":"product_cat-maquinaria-apicola","7":"product_cat-maquinaria-industrial-para-procesar-fruta-verdura-panales","8":"product_cat-prensas-de-frutas-trituradoras","9":"product_shipping_class-hosteleria","11":"first","12":"instock","13":"sale","14":"taxable","15":"shipping-taxable","16":"purchasable","17":"product-type-simple"},"yoast_head":"<!-- This site is optimized with the Yoast SEO Premium plugin v24.9 (Yoast SEO v26.1) - https:\/\/yoast.com\/wordpress\/plugins\/seo\/ -->\n<title>Prensa de agua, Hidroprensa para frutas, verduras, miel 20L - distribuci\u00f3n ARC<\/title>\n<meta name=\"robots\" content=\"index, follow, max-snippet:-1, max-image-preview:large, max-video-preview:-1\" \/>\n<link rel=\"canonical\" href=\"https:\/\/distribucionarc.com\/de\/produkt-2\/wasserpresse-hydropresse-fur-obst-gemuse-honig-20l\/\" \/>\n<meta property=\"og:locale\" content=\"de_DE\" \/>\n<meta property=\"og:type\" content=\"article\" \/>\n<meta property=\"og:title\" content=\"Prensa de agua, Hidroprensa para frutas, verduras, miel 20L\" \/>\n<meta property=\"og:description\" content=\"Prensa de agua, Hidroprensa para vino, frutas, miel 20L Las trituradoras hidr\u00e1ulicas ARC son la mejor soluci\u00f3n para realizar zumos, procesar panales de miel, mostos, vino, sidra, etc. Sin la necesidad de energ\u00eda el\u00e9ctrica y sin esfuerzo f\u00edsico  Gracias a las Prensas hidr\u00e1ulicas ARC el\u00a0prensado ser\u00e1 r\u00e1pido\u00a0y con\u00a0recorridos cortos de flujo ayudando a\u00a0proteger las vitaminas;\u00a0obtendr\u00e1 un producto con un aroma maravillosamente fresco.\u00a0Gracias a la alta presi\u00f3n se obtiene un\u00a0rendimiento de zumo\u00a0excepcionalmente\u00a0alto Garant\u00eda\u00a0ARC 2 A\u00d1OS Prensa sin electricidad,\u00a0 presi\u00f3n de agua (3 bar) soporte t\u00e9cnico\u00a0incluido\" \/>\n<meta property=\"og:url\" content=\"https:\/\/distribucionarc.com\/de\/produkt-2\/wasserpresse-hydropresse-fur-obst-gemuse-honig-20l\/\" \/>\n<meta property=\"og:site_name\" content=\"distribuci\u00f3n ARC\" \/>\n<meta property=\"article:modified_time\" content=\"2020-09-30T10:01:31+00:00\" \/>\n<meta property=\"og:image\" content=\"https:\/\/distribucionarc.com\/wp-content\/uploads\/2020\/08\/Prensa-de-agua-Hidro-prensa-para-frutas-verduras-miel-20L-0.jpg\" \/>\n\t<meta property=\"og:image:width\" content=\"1000\" \/>\n\t<meta property=\"og:image:height\" content=\"1000\" \/>\n\t<meta property=\"og:image:type\" content=\"image\/jpeg\" \/>\n<meta name=\"twitter:card\" content=\"summary_large_image\" \/>\n<meta name=\"twitter:label1\" content=\"Gesch\u00e4tzte Lesezeit\" \/>\n\t<meta name=\"twitter:data1\" content=\"1\u00a0Minute\" \/>\n<script type=\"application\/ld+json\" class=\"yoast-schema-graph\">{\"@context\":\"https:\/\/schema.org\",\"@graph\":[{\"@type\":\"WebPage\",\"@id\":\"https:\/\/distribucionarc.com\/pl\/producto\/prensa-de-agua-hidroprensa-para-frutas-verduras-miel-20l\/\",\"url\":\"https:\/\/distribucionarc.com\/pl\/producto\/prensa-de-agua-hidroprensa-para-frutas-verduras-miel-20l\/\",\"name\":\"Prensa de agua, Hidroprensa para frutas, verduras, miel 20L - distribuci\u00f3n ARC\",\"isPartOf\":{\"@id\":\"https:\/\/distribucionarc.com\/de\/#website\"},\"primaryImageOfPage\":{\"@id\":\"https:\/\/distribucionarc.com\/pl\/producto\/prensa-de-agua-hidroprensa-para-frutas-verduras-miel-20l\/#primaryimage\"},\"image\":{\"@id\":\"https:\/\/distribucionarc.com\/pl\/producto\/prensa-de-agua-hidroprensa-para-frutas-verduras-miel-20l\/#primaryimage\"},\"thumbnailUrl\":\"https:\/\/distribucionarc.com\/wp-content\/uploads\/2020\/08\/Prensa-de-agua-Hidro-prensa-para-frutas-verduras-miel-20L-0.jpg\",\"datePublished\":\"2020-08-11T14:48:35+00:00\",\"dateModified\":\"2020-09-30T10:01:31+00:00\",\"breadcrumb\":{\"@id\":\"https:\/\/distribucionarc.com\/pl\/producto\/prensa-de-agua-hidroprensa-para-frutas-verduras-miel-20l\/#breadcrumb\"},\"inLanguage\":\"de\",\"potentialAction\":[{\"@type\":\"ReadAction\",\"target\":[\"https:\/\/distribucionarc.com\/pl\/producto\/prensa-de-agua-hidroprensa-para-frutas-verduras-miel-20l\/\"]}]},{\"@type\":\"ImageObject\",\"inLanguage\":\"de\",\"@id\":\"https:\/\/distribucionarc.com\/pl\/producto\/prensa-de-agua-hidroprensa-para-frutas-verduras-miel-20l\/#primaryimage\",\"url\":\"https:\/\/distribucionarc.com\/wp-content\/uploads\/2020\/08\/Prensa-de-agua-Hidro-prensa-para-frutas-verduras-miel-20L-0.jpg\",\"contentUrl\":\"https:\/\/distribucionarc.com\/wp-content\/uploads\/2020\/08\/Prensa-de-agua-Hidro-prensa-para-frutas-verduras-miel-20L-0.jpg\",\"width\":1000,\"height\":1000,\"caption\":\"Prensa de agua Hidro prensa para frutas verduras miel 20L\"},{\"@type\":\"BreadcrumbList\",\"@id\":\"https:\/\/distribucionarc.com\/pl\/producto\/prensa-de-agua-hidroprensa-para-frutas-verduras-miel-20l\/#breadcrumb\",\"itemListElement\":[{\"@type\":\"ListItem\",\"position\":1,\"name\":\"Portada\",\"item\":\"https:\/\/distribucionarc.com\/pl\/\"},{\"@type\":\"ListItem\",\"position\":2,\"name\":\"Produkty\",\"item\":\"https:\/\/distribucionarc.com\/pl\/shop\/\"},{\"@type\":\"ListItem\",\"position\":3,\"name\":\"Prensa de agua, Hidroprensa para frutas, verduras, miel 20L\"}]},{\"@type\":\"WebSite\",\"@id\":\"https:\/\/distribucionarc.com\/de\/#website\",\"url\":\"https:\/\/distribucionarc.com\/de\/\",\"name\":\"distribuci\u00f3n ARC\",\"description\":\"Empresa especializada en la fabricaci\u00f3n y distribuci\u00f3n de maquinaria industrial, selladoras de latas, Maquinas de hacer pastillas, Maquinas de cortar carne...\",\"publisher\":{\"@id\":\"https:\/\/distribucionarc.com\/de\/#organization\"},\"potentialAction\":[{\"@type\":\"SearchAction\",\"target\":{\"@type\":\"EntryPoint\",\"urlTemplate\":\"https:\/\/distribucionarc.com\/de\/?s={search_term_string}\"},\"query-input\":{\"@type\":\"PropertyValueSpecification\",\"valueRequired\":true,\"valueName\":\"search_term_string\"}}],\"inLanguage\":\"de\"},{\"@type\":\"Organization\",\"@id\":\"https:\/\/distribucionarc.com\/de\/#organization\",\"name\":\"Distribuci\u00f3n ARC\",\"url\":\"https:\/\/distribucionarc.com\/de\/\",\"logo\":{\"@type\":\"ImageObject\",\"inLanguage\":\"de\",\"@id\":\"https:\/\/distribucionarc.com\/de\/#\/schema\/logo\/image\/\",\"url\":\"https:\/\/distribucionarc.com\/wp-content\/uploads\/2024\/10\/distribucion-ARC-COLOR-SIN-FONDO-e1732295305345.png\",\"contentUrl\":\"https:\/\/distribucionarc.com\/wp-content\/uploads\/2024\/10\/distribucion-ARC-COLOR-SIN-FONDO-e1732295305345.png\",\"width\":1164,\"height\":558,\"caption\":\"Distribuci\u00f3n ARC\"},\"image\":{\"@id\":\"https:\/\/distribucionarc.com\/de\/#\/schema\/logo\/image\/\"},\"description\":\"Empresa especializada en la fabricaci\u00f3n y distribuci\u00f3n de maquinaria industrial para los sectores alimentario y farmac\u00e9utico. Nos especializamos en: M\u00e1quinas de cortar carne Fabricaci\u00f3n de comprimidos Sistemas de transporte industrial L\u00edneas de embotellado Dosificadores Y mucho m\u00e1s... Ofrecemos soluciones innovadoras y personalizadas para optimizar los procesos productivos de tu empresa.\",\"email\":\"Admistracion@distribucionarc.com\",\"telephone\":\"+34 643496664\",\"legalName\":\"ARC TECH SOLUTIONS\",\"foundingDate\":\"2024-04-09\",\"vatID\":\"B55480172\",\"numberOfEmployees\":{\"@type\":\"QuantitativeValue\",\"minValue\":\"1\",\"maxValue\":\"10\"}}]}<\/script>\n<!-- \/ Yoast SEO Premium plugin. -->","yoast_head_json":{"title":"Wasserpresse, Hydropresse f\u00fcr Obst, Gem\u00fcse, Honig 20L \u2013 ARC-Verteilung","robots":{"index":"index","follow":"follow","max-snippet":"max-snippet:-1","max-image-preview":"max-image-preview:large","max-video-preview":"max-video-preview:-1"},"canonical":"https:\/\/distribucionarc.com\/de\/produkt-2\/wasserpresse-hydropresse-fur-obst-gemuse-honig-20l\/","og_locale":"de_DE","og_type":"article","og_title":"Prensa de agua, Hidroprensa para frutas, verduras, miel 20L","og_description":"Prensa de agua, Hidroprensa para vino, frutas, miel 20L Las trituradoras hidr\u00e1ulicas ARC son la mejor soluci\u00f3n para realizar zumos, procesar panales de miel, mostos, vino, sidra, etc. Sin la necesidad de energ\u00eda el\u00e9ctrica y sin esfuerzo f\u00edsico  Gracias a las Prensas hidr\u00e1ulicas ARC el\u00a0prensado ser\u00e1 r\u00e1pido\u00a0y con\u00a0recorridos cortos de flujo ayudando a\u00a0proteger las vitaminas;\u00a0obtendr\u00e1 un producto con un aroma maravillosamente fresco.\u00a0Gracias a la alta presi\u00f3n se obtiene un\u00a0rendimiento de zumo\u00a0excepcionalmente\u00a0alto Garant\u00eda\u00a0ARC 2 A\u00d1OS Prensa sin electricidad,\u00a0 presi\u00f3n de agua (3 bar) soporte t\u00e9cnico\u00a0incluido","og_url":"https:\/\/distribucionarc.com\/de\/produkt-2\/wasserpresse-hydropresse-fur-obst-gemuse-honig-20l\/","og_site_name":"distribuci\u00f3n ARC","article_modified_time":"2020-09-30T10:01:31+00:00","og_image":[{"width":1000,"height":1000,"url":"https:\/\/distribucionarc.com\/wp-content\/uploads\/2020\/08\/Prensa-de-agua-Hidro-prensa-para-frutas-verduras-miel-20L-0.jpg","type":"image\/jpeg"}],"twitter_card":"summary_large_image","twitter_misc":{"Gesch\u00e4tzte Lesezeit":"1\u00a0Minute"},"schema":{"@context":"https:\/\/schema.org","@graph":[{"@type":"WebPage","@id":"https:\/\/distribucionarc.com\/pl\/producto\/prensa-de-agua-hidroprensa-para-frutas-verduras-miel-20l\/","url":"https:\/\/distribucionarc.com\/pl\/producto\/prensa-de-agua-hidroprensa-para-frutas-verduras-miel-20l\/","name":"Wasserpresse, Hydropresse f\u00fcr Obst, Gem\u00fcse, Honig 20L \u2013 ARC-Verteilung","isPartOf":{"@id":"https:\/\/distribucionarc.com\/de\/#website"},"primaryImageOfPage":{"@id":"https:\/\/distribucionarc.com\/pl\/producto\/prensa-de-agua-hidroprensa-para-frutas-verduras-miel-20l\/#primaryimage"},"image":{"@id":"https:\/\/distribucionarc.com\/pl\/producto\/prensa-de-agua-hidroprensa-para-frutas-verduras-miel-20l\/#primaryimage"},"thumbnailUrl":"https:\/\/distribucionarc.com\/wp-content\/uploads\/2020\/08\/Prensa-de-agua-Hidro-prensa-para-frutas-verduras-miel-20L-0.jpg","datePublished":"2020-08-11T14:48:35+00:00","dateModified":"2020-09-30T10:01:31+00:00","breadcrumb":{"@id":"https:\/\/distribucionarc.com\/pl\/producto\/prensa-de-agua-hidroprensa-para-frutas-verduras-miel-20l\/#breadcrumb"},"inLanguage":"de","potentialAction":[{"@type":"ReadAction","target":["https:\/\/distribucionarc.com\/pl\/producto\/prensa-de-agua-hidroprensa-para-frutas-verduras-miel-20l\/"]}]},{"@type":"ImageObject","inLanguage":"de","@id":"https:\/\/distribucionarc.com\/pl\/producto\/prensa-de-agua-hidroprensa-para-frutas-verduras-miel-20l\/#primaryimage","url":"https:\/\/distribucionarc.com\/wp-content\/uploads\/2020\/08\/Prensa-de-agua-Hidro-prensa-para-frutas-verduras-miel-20L-0.jpg","contentUrl":"https:\/\/distribucionarc.com\/wp-content\/uploads\/2020\/08\/Prensa-de-agua-Hidro-prensa-para-frutas-verduras-miel-20L-0.jpg","width":1000,"height":1000,"caption":"Prensa de agua Hidro prensa para frutas verduras miel 20L"},{"@type":"BreadcrumbList","@id":"https:\/\/distribucionarc.com\/pl\/producto\/prensa-de-agua-hidroprensa-para-frutas-verduras-miel-20l\/#breadcrumb","itemListElement":[{"@type":"ListItem","position":1,"name":"Portada","item":"https:\/\/distribucionarc.com\/pl\/"},{"@type":"ListItem","position":2,"name":"Produkty","item":"https:\/\/distribucionarc.com\/pl\/shop\/"},{"@type":"ListItem","position":3,"name":"Prensa de agua, Hidroprensa para frutas, verduras, miel 20L"}]},{"@type":"WebSite","@id":"https:\/\/distribucionarc.com\/de\/#website","url":"https:\/\/distribucionarc.com\/de\/","name":"ARC-Verteilung","description":"Das Unternehmen ist auf die Herstellung und den Vertrieb von Industriemaschinen, Dosenverschlie\u00dfmaschinen, Tablettenmaschinen, Fleischschneidemaschinen...","publisher":{"@id":"https:\/\/distribucionarc.com\/de\/#organization"},"potentialAction":[{"@type":"SearchAction","target":{"@type":"EntryPoint","urlTemplate":"https:\/\/distribucionarc.com\/de\/?s={search_term_string}"},"query-input":{"@type":"PropertyValueSpecification","valueRequired":true,"valueName":"search_term_string"}}],"inLanguage":"de"},{"@type":"Organization","@id":"https:\/\/distribucionarc.com\/de\/#organization","name":"ARC-Verteilung","url":"https:\/\/distribucionarc.com\/de\/","logo":{"@type":"ImageObject","inLanguage":"de","@id":"https:\/\/distribucionarc.com\/de\/#\/schema\/logo\/image\/","url":"https:\/\/distribucionarc.com\/wp-content\/uploads\/2024\/10\/distribucion-ARC-COLOR-SIN-FONDO-e1732295305345.png","contentUrl":"https:\/\/distribucionarc.com\/wp-content\/uploads\/2024\/10\/distribucion-ARC-COLOR-SIN-FONDO-e1732295305345.png","width":1164,"height":558,"caption":"Distribuci\u00f3n ARC"},"image":{"@id":"https:\/\/distribucionarc.com\/de\/#\/schema\/logo\/image\/"},"description":"Unternehmen, das auf die Herstellung und den Vertrieb von Industriemaschinen f\u00fcr den Lebensmittel- und Pharmasektor spezialisiert ist. Wir sind spezialisiert auf: Fleischschneidemaschinen Tablettenherstellung Industrielle F\u00f6rdersysteme Abf\u00fcllanlagen Dispenser Und vieles mehr... Wir bieten innovative und ma\u00dfgeschneiderte L\u00f6sungen zur Optimierung der Produktionsprozesse in Ihrem Unternehmen.","email":"Admistracion@distribucionarc.com","telephone":"+34 643496664","legalName":"ARC TECH SOLUTIONS","foundingDate":"2024-04-09","vatID":"B55480172","numberOfEmployees":{"@type":"QuantitativeValue","minValue":"1","maxValue":"10"}}]}},"_links":{"self":[{"href":"https:\/\/distribucionarc.com\/de\/wp-json\/wp\/v2\/product\/2173","targetHints":{"allow":["GET"]}}],"collection":[{"href":"https:\/\/distribucionarc.com\/de\/wp-json\/wp\/v2\/product"}],"about":[{"href":"https:\/\/distribucionarc.com\/de\/wp-json\/wp\/v2\/types\/product"}],"replies":[{"embeddable":true,"href":"https:\/\/distribucionarc.com\/de\/wp-json\/wp\/v2\/comments?post=2173"}],"version-history":[{"count":0,"href":"https:\/\/distribucionarc.com\/de\/wp-json\/wp\/v2\/product\/2173\/revisions"}],"wp:featuredmedia":[{"embeddable":true,"href":"https:\/\/distribucionarc.com\/de\/wp-json\/wp\/v2\/media\/2179"}],"wp:attachment":[{"href":"https:\/\/distribucionarc.com\/de\/wp-json\/wp\/v2\/media?parent=2173"}],"wp:term":[{"taxonomy":"product_brand","embeddable":true,"href":"https:\/\/distribucionarc.com\/de\/wp-json\/wp\/v2\/product_brand?post=2173"},{"taxonomy":"product_cat","embeddable":true,"href":"https:\/\/distribucionarc.com\/de\/wp-json\/wp\/v2\/product_cat?post=2173"},{"taxonomy":"product_tag","embeddable":true,"href":"https:\/\/distribucionarc.com\/de\/wp-json\/wp\/v2\/product_tag?post=2173"}],"curies":[{"name":"wp","href":"https:\/\/api.w.org\/{rel}","templated":true}]}}