{"id":2278,"date":"2020-08-13T14:39:36","date_gmt":"2020-08-13T14:39:36","guid":{"rendered":"https:\/\/distribucionarc.com\/?post_type=product&#038;p=2278"},"modified":"2020-09-30T11:51:48","modified_gmt":"2020-09-30T11:51:48","slug":"designer-essenswarmer-konservative-hitze-x-2","status":"publish","type":"product","link":"https:\/\/distribucionarc.com\/de\/producto\/calentador-de-alimentos-conservador-de-calor-de-diseno-x-2\/","title":{"rendered":"Speisenw\u00e4rmer, Designer-W\u00e4rmespeicher x 2"},"content":{"rendered":"<h3>Speisenw\u00e4rmer, Designer-W\u00e4rmespeicher x 2<\/h3>\n<p>Diese W\u00e4rmewannen \u00fcberstehen problemlos eine lange Lebensdauer. Sie sind leicht aufzubewahren und zu reinigen und erm\u00f6glichen Ihnen die schnelle und einfache Pr\u00e4sentation Ihrer leckersten Gerichte. Das\u00a0<strong>Schalter\u00a0<\/strong><b>sph\u00e4risch<\/b>\u00a0kombiniert Stil und Haltbarkeit, um ein nachhaltiges Produkt zu gew\u00e4hrleisten, das Ihre Kunden beeindrucken wird.<\/p>\n<p>Der\u00a0<strong>Heizungen <span style=\"color: #ff0000;\">ZU<\/span><span style=\"color: #0000ff;\">R<\/span>CBCA2.8<\/strong> ist korrosionsbest\u00e4ndig und bietet eine gl\u00e4nzende silberne Au\u00dfenseite. Der dekorative Griff am Deckel gew\u00e4hrleistet einen einfachen und sicheren Zugriff auf Ihre Lebensmittel. Die Abdeckung l\u00e4sst sich um 90 Grad arretieren oder um 180 Grad drehen. Bietet einfachen Zugriff aus allen Winkeln. Hilft, Gerichte warm und saftig zu halten.<\/p>\n<p>Diese\u00a0<strong>Hitzekonservierungsmittel<\/strong>\u00a0\u00a0<strong><span style=\"color: #ff0000;\">ZU<\/span><span style=\"color: #0000ff;\">R<\/span>C<\/strong>\u00a0sich in der N\u00e4he der Wasserschale befinden und dabei die richtige Temperatur der Lebensmittel aufrechterhalten\u00a0<strong>minimiert die Flammenbelastung<\/strong>, um die Sicherheit von G\u00e4sten und Personal zu gew\u00e4hrleisten.  Die beiden Griffe auf jeder Seite sollen das Servieren von Gerichten erleichtern und Sicherheit bieten. Die abgeschr\u00e4gten Beine sorgen zudem f\u00fcr optimale Stabilit\u00e4t. Es ist attraktiv und erschwinglich und eignet sich perfekt zum Pr\u00e4sentieren und Warmhalten von Speisen f\u00fcr G\u00e4ste.<\/p>\n<h6><\/h6>\n<h6><strong>Garantie\u00a0<span style=\"color: #ff0000;\">ZU<\/span><span style=\"color: #0000ff;\">R<\/span>C<\/strong><strong>\u00a02 JAHRE<\/strong><\/h6>\n<h6><strong>Technischer Support inklusive<\/strong><\/h6>\n<p>&nbsp;<\/p>\n<table role=\"presentation\" width=\"100%\" cellspacing=\"0\" cellpadding=\"0\">\n<tbody>\n<tr>\n<td class=\"attrLabels\">Garantie:<\/td>\n<td width=\"50.0%\">\u00a02 JAHRE<\/td>\n<\/tr>\n<tr>\n<td class=\"attrLabels\">Vertriebsland:<\/td>\n<td width=\"50.0%\">Spanien, Deutschland, USA<\/td>\n<td class=\"attrLabels\">Gewicht:<\/td>\n<td width=\"50.0%\">16,3 kg<\/td>\n<\/tr>\n<tr>\n<td class=\"attrLabels\">Marke:<\/td>\n<td width=\"50.0%\">BOGEN<\/td>\n<td class=\"attrLabels\">H\u00f6he:<\/td>\n<td width=\"50.0%\">68 cm<\/td>\n<\/tr>\n<tr>\n<td class=\"attrLabels\">Farbe:<\/td>\n<td width=\"50.0%\">Silber<\/td>\n<td class=\"attrLabels\">Lang:<\/td>\n<td width=\"50.0%\">52cm<\/td>\n<\/tr>\n<tr>\n<td class=\"attrLabels\">Produkttyp:<\/td>\n<td width=\"50.0%\">W\u00e4rmespeicher<\/td>\n<td class=\"attrLabels\">Breit:<\/td>\n<td width=\"50.0%\">50cm<\/td>\n<\/tr>\n<tr>\n<td class=\"attrLabels\">Herstellernummer:<\/td>\n<td width=\"50.0%\">ARCBCA2.8<\/td>\n<td class=\"attrLabels\">Tablettdurchmesser:<\/td>\n<td width=\"50.0%\">35cm<\/td>\n<\/tr>\n<tr>\n<td class=\"attrLabels\">Material:<\/td>\n<td width=\"50.0%\">401 Edelstahl<\/td>\n<td class=\"attrLabels\">Deckelh\u00f6he:<\/td>\n<td width=\"50.0%\">53cm<\/td>\n<\/tr>\n<tr>\n<td class=\"attrLabels\">Beinhaltet:<\/td>\n<td width=\"50.0%\">2 vollrunde W\u00e4rmeschalen<\/td>\n<td class=\"attrLabels\">Schlie\u00dfen:<\/td>\n<td width=\"50.0%\">180\u00ba<\/td>\n<\/tr>\n<tr>\n<td class=\"attrLabels\">F\u00e4higkeit:<\/td>\n<td width=\"50.0%\">6,8 Liter<\/td>\n<td class=\"attrLabels\">Blockade:<\/td>\n<td width=\"50.0%\">90\u00ba<\/td>\n<\/tr>\n<\/tbody>\n<\/table>","protected":false},"excerpt":{"rendered":"<h2>Speisenw\u00e4rmer, Designer-W\u00e4rmespeicher x 2<\/h2>\n<p>Der\u00a0<strong>Speisenw\u00e4rmer<\/strong>\u00a0Edelstahl in Lebensmittelqualit\u00e4t\u00a0<strong><span style=\"color: #ff0000;\">ZU<\/span><span style=\"color: #0000ff;\">R<\/span>C<\/strong> von <strong>8 Liter<\/strong> Sie sorgen f\u00fcr lange Haltbarkeit und fallen zus\u00e4tzlich durch ihr auff\u00e4lliges Design mit 180\u00ba-Verschluss auf. Ideal f\u00fcr Buffets, Fr\u00fchst\u00fccksbereiche, Hotels, Restaurants, Empf\u00e4nge, Hochzeitsbankette und Selbstbedienungsumgebungen.<\/p>\n<h6><strong>Garantie\u00a0<span style=\"color: #ff0000;\">ZU<\/span><span style=\"color: #0000ff;\">R<\/span>C<\/strong><strong>\u00a02 JAHRE<\/strong><\/h6>\n<h6><strong>Technischer Support inklusive<\/strong><\/h6>","protected":false},"featured_media":2279,"comment_status":"open","ping_status":"closed","template":"","meta":{"wds_primary_product_brand":0,"wds_primary_product_cat":0},"product_brand":[],"product_cat":[41],"product_tag":[],"class_list":{"0":"post-2278","1":"product","2":"type-product","3":"status-publish","4":"has-post-thumbnail","6":"product_cat-expositor-de-alimentos","7":"product_shipping_class-hosteleria","9":"first","10":"instock","11":"sale","12":"taxable","13":"shipping-taxable","14":"purchasable","15":"product-type-simple"},"yoast_head":"<!-- This site is optimized with the Yoast SEO Premium plugin v24.9 (Yoast SEO v26.1) - https:\/\/yoast.com\/wordpress\/plugins\/seo\/ -->\n<title>Calentador de alimentos, conservador de calor de dise\u00f1o x 2 - distribuci\u00f3n ARC<\/title>\n<meta name=\"robots\" content=\"index, follow, max-snippet:-1, max-image-preview:large, max-video-preview:-1\" \/>\n<link rel=\"canonical\" href=\"https:\/\/distribucionarc.com\/de\/produkt-2\/designer-essenswarmer-konservative-hitze-x-2\/\" \/>\n<meta property=\"og:locale\" content=\"de_DE\" \/>\n<meta property=\"og:type\" content=\"article\" \/>\n<meta property=\"og:title\" content=\"Calentador de alimentos, conservador de calor de dise\u00f1o x 2\" \/>\n<meta property=\"og:description\" content=\"Calentador de alimentos, conservador de calor de dise\u00f1o x 2 Los\u00a0calentadores de alimentos\u00a0de acero inoxidable alimentario\u00a0ARC de 8 litros aseguran una durabilidad a largo plazo adem\u00e1s de llamar la atenci\u00f3n gracias a su dise\u00f1o llamativo con cierre de 180\u00ba. Por lo que es ideal para buffets, \u00e1reas de desayuno, hoteles, restaurantes, recepciones, banquetes de boda y ambientes de autoservicio. Garant\u00eda\u00a0ARC\u00a02 A\u00d1OS soporte t\u00e9cnico incluido\" \/>\n<meta property=\"og:url\" content=\"https:\/\/distribucionarc.com\/de\/produkt-2\/designer-essenswarmer-konservative-hitze-x-2\/\" \/>\n<meta property=\"og:site_name\" content=\"distribuci\u00f3n ARC\" \/>\n<meta property=\"article:modified_time\" content=\"2020-09-30T11:51:48+00:00\" \/>\n<meta property=\"og:image\" content=\"https:\/\/distribucionarc.com\/wp-content\/uploads\/2020\/08\/Calentador-de-alimentos-conservador-de-calor-de-dise\u00f1o-x-2-0.jpg\" \/>\n\t<meta property=\"og:image:width\" content=\"1600\" \/>\n\t<meta property=\"og:image:height\" content=\"1600\" \/>\n\t<meta property=\"og:image:type\" content=\"image\/jpeg\" \/>\n<meta name=\"twitter:card\" content=\"summary_large_image\" \/>\n<meta name=\"twitter:label1\" content=\"Gesch\u00e4tzte Lesezeit\" \/>\n\t<meta name=\"twitter:data1\" content=\"1\u00a0Minute\" \/>\n<script type=\"application\/ld+json\" class=\"yoast-schema-graph\">{\"@context\":\"https:\/\/schema.org\",\"@graph\":[{\"@type\":\"WebPage\",\"@id\":\"https:\/\/distribucionarc.com\/producto\/calentador-de-alimentos-conservador-de-calor-de-diseno-x-2\/\",\"url\":\"https:\/\/distribucionarc.com\/producto\/calentador-de-alimentos-conservador-de-calor-de-diseno-x-2\/\",\"name\":\"Calentador de alimentos, conservador de calor de dise\u00f1o x 2 - distribuci\u00f3n ARC\",\"isPartOf\":{\"@id\":\"https:\/\/www.distribucionarc.com\/tr\/#website\"},\"primaryImageOfPage\":{\"@id\":\"https:\/\/distribucionarc.com\/producto\/calentador-de-alimentos-conservador-de-calor-de-diseno-x-2\/#primaryimage\"},\"image\":{\"@id\":\"https:\/\/distribucionarc.com\/producto\/calentador-de-alimentos-conservador-de-calor-de-diseno-x-2\/#primaryimage\"},\"thumbnailUrl\":\"https:\/\/distribucionarc.com\/wp-content\/uploads\/2020\/08\/Calentador-de-alimentos-conservador-de-calor-de-dise\u00f1o-x-2-0.jpg\",\"datePublished\":\"2020-08-13T14:39:36+00:00\",\"dateModified\":\"2020-09-30T11:51:48+00:00\",\"breadcrumb\":{\"@id\":\"https:\/\/distribucionarc.com\/producto\/calentador-de-alimentos-conservador-de-calor-de-diseno-x-2\/#breadcrumb\"},\"inLanguage\":\"de\",\"potentialAction\":[{\"@type\":\"ReadAction\",\"target\":[\"https:\/\/distribucionarc.com\/producto\/calentador-de-alimentos-conservador-de-calor-de-diseno-x-2\/\"]}]},{\"@type\":\"ImageObject\",\"inLanguage\":\"de\",\"@id\":\"https:\/\/distribucionarc.com\/producto\/calentador-de-alimentos-conservador-de-calor-de-diseno-x-2\/#primaryimage\",\"url\":\"https:\/\/distribucionarc.com\/wp-content\/uploads\/2020\/08\/Calentador-de-alimentos-conservador-de-calor-de-dise\u00f1o-x-2-0.jpg\",\"contentUrl\":\"https:\/\/distribucionarc.com\/wp-content\/uploads\/2020\/08\/Calentador-de-alimentos-conservador-de-calor-de-dise\u00f1o-x-2-0.jpg\",\"width\":1600,\"height\":1600,\"caption\":\"Calentador de alimentos, conservador de calor de dise\u00f1o x 2\"},{\"@type\":\"BreadcrumbList\",\"@id\":\"https:\/\/distribucionarc.com\/producto\/calentador-de-alimentos-conservador-de-calor-de-diseno-x-2\/#breadcrumb\",\"itemListElement\":[{\"@type\":\"ListItem\",\"position\":1,\"name\":\"Portada\",\"item\":\"https:\/\/www.distribucionarc.com\/tr\/\"},{\"@type\":\"ListItem\",\"position\":2,\"name\":\"Produktai\",\"item\":\"https:\/\/distribucionarc.com\/lt\/parduotuve\/\"},{\"@type\":\"ListItem\",\"position\":3,\"name\":\"Calentador de alimentos, conservador de calor de dise\u00f1o x 2\"}]},{\"@type\":\"WebSite\",\"@id\":\"https:\/\/www.distribucionarc.com\/tr\/#website\",\"url\":\"https:\/\/www.distribucionarc.com\/tr\/\",\"name\":\"distribuci\u00f3n ARC\",\"description\":\"Empresa especializada en la fabricaci\u00f3n y distribuci\u00f3n de maquinaria industrial, selladoras de latas, Maquinas de hacer pastillas, Maquinas de cortar carne...\",\"publisher\":{\"@id\":\"https:\/\/www.distribucionarc.com\/tr\/#organization\"},\"potentialAction\":[{\"@type\":\"SearchAction\",\"target\":{\"@type\":\"EntryPoint\",\"urlTemplate\":\"https:\/\/www.distribucionarc.com\/tr\/?s={search_term_string}\"},\"query-input\":{\"@type\":\"PropertyValueSpecification\",\"valueRequired\":true,\"valueName\":\"search_term_string\"}}],\"inLanguage\":\"de\"},{\"@type\":\"Organization\",\"@id\":\"https:\/\/www.distribucionarc.com\/tr\/#organization\",\"name\":\"Distribuci\u00f3n ARC\",\"url\":\"https:\/\/www.distribucionarc.com\/tr\/\",\"logo\":{\"@type\":\"ImageObject\",\"inLanguage\":\"de\",\"@id\":\"https:\/\/www.distribucionarc.com\/tr\/#\/schema\/logo\/image\/\",\"url\":\"https:\/\/distribucionarc.com\/wp-content\/uploads\/2024\/10\/distribucion-ARC-COLOR-SIN-FONDO-e1732295305345.png\",\"contentUrl\":\"https:\/\/distribucionarc.com\/wp-content\/uploads\/2024\/10\/distribucion-ARC-COLOR-SIN-FONDO-e1732295305345.png\",\"width\":1164,\"height\":558,\"caption\":\"Distribuci\u00f3n ARC\"},\"image\":{\"@id\":\"https:\/\/www.distribucionarc.com\/tr\/#\/schema\/logo\/image\/\"},\"description\":\"Empresa especializada en la fabricaci\u00f3n y distribuci\u00f3n de maquinaria industrial para los sectores alimentario y farmac\u00e9utico. Nos especializamos en: M\u00e1quinas de cortar carne Fabricaci\u00f3n de comprimidos Sistemas de transporte industrial L\u00edneas de embotellado Dosificadores Y mucho m\u00e1s... Ofrecemos soluciones innovadoras y personalizadas para optimizar los procesos productivos de tu empresa.\",\"email\":\"Admistracion@distribucionarc.com\",\"telephone\":\"+34 643496664\",\"legalName\":\"ARC TECH SOLUTIONS\",\"foundingDate\":\"2024-04-09\",\"vatID\":\"B55480172\",\"numberOfEmployees\":{\"@type\":\"QuantitativeValue\",\"minValue\":\"1\",\"maxValue\":\"10\"}}]}<\/script>\n<!-- \/ Yoast SEO Premium plugin. -->","yoast_head_json":{"title":"Speisenw\u00e4rmer, Designer-W\u00e4rmespeicher x 2 - ARC-Vertrieb","robots":{"index":"index","follow":"follow","max-snippet":"max-snippet:-1","max-image-preview":"max-image-preview:large","max-video-preview":"max-video-preview:-1"},"canonical":"https:\/\/distribucionarc.com\/de\/produkt-2\/designer-essenswarmer-konservative-hitze-x-2\/","og_locale":"de_DE","og_type":"article","og_title":"Calentador de alimentos, conservador de calor de dise\u00f1o x 2","og_description":"Calentador de alimentos, conservador de calor de dise\u00f1o x 2 Los\u00a0calentadores de alimentos\u00a0de acero inoxidable alimentario\u00a0ARC de 8 litros aseguran una durabilidad a largo plazo adem\u00e1s de llamar la atenci\u00f3n gracias a su dise\u00f1o llamativo con cierre de 180\u00ba. Por lo que es ideal para buffets, \u00e1reas de desayuno, hoteles, restaurantes, recepciones, banquetes de boda y ambientes de autoservicio. Garant\u00eda\u00a0ARC\u00a02 A\u00d1OS soporte t\u00e9cnico incluido","og_url":"https:\/\/distribucionarc.com\/de\/produkt-2\/designer-essenswarmer-konservative-hitze-x-2\/","og_site_name":"distribuci\u00f3n ARC","article_modified_time":"2020-09-30T11:51:48+00:00","og_image":[{"width":1600,"height":1600,"url":"https:\/\/distribucionarc.com\/wp-content\/uploads\/2020\/08\/Calentador-de-alimentos-conservador-de-calor-de-dise\u00f1o-x-2-0.jpg","type":"image\/jpeg"}],"twitter_card":"summary_large_image","twitter_misc":{"Gesch\u00e4tzte Lesezeit":"1\u00a0Minute"},"schema":{"@context":"https:\/\/schema.org","@graph":[{"@type":"WebPage","@id":"https:\/\/distribucionarc.com\/producto\/calentador-de-alimentos-conservador-de-calor-de-diseno-x-2\/","url":"https:\/\/distribucionarc.com\/producto\/calentador-de-alimentos-conservador-de-calor-de-diseno-x-2\/","name":"Speisenw\u00e4rmer, Designer-W\u00e4rmespeicher x 2 - ARC-Vertrieb","isPartOf":{"@id":"https:\/\/www.distribucionarc.com\/tr\/#website"},"primaryImageOfPage":{"@id":"https:\/\/distribucionarc.com\/producto\/calentador-de-alimentos-conservador-de-calor-de-diseno-x-2\/#primaryimage"},"image":{"@id":"https:\/\/distribucionarc.com\/producto\/calentador-de-alimentos-conservador-de-calor-de-diseno-x-2\/#primaryimage"},"thumbnailUrl":"https:\/\/distribucionarc.com\/wp-content\/uploads\/2020\/08\/Calentador-de-alimentos-conservador-de-calor-de-dise\u00f1o-x-2-0.jpg","datePublished":"2020-08-13T14:39:36+00:00","dateModified":"2020-09-30T11:51:48+00:00","breadcrumb":{"@id":"https:\/\/distribucionarc.com\/producto\/calentador-de-alimentos-conservador-de-calor-de-diseno-x-2\/#breadcrumb"},"inLanguage":"de","potentialAction":[{"@type":"ReadAction","target":["https:\/\/distribucionarc.com\/producto\/calentador-de-alimentos-conservador-de-calor-de-diseno-x-2\/"]}]},{"@type":"ImageObject","inLanguage":"de","@id":"https:\/\/distribucionarc.com\/producto\/calentador-de-alimentos-conservador-de-calor-de-diseno-x-2\/#primaryimage","url":"https:\/\/distribucionarc.com\/wp-content\/uploads\/2020\/08\/Calentador-de-alimentos-conservador-de-calor-de-dise\u00f1o-x-2-0.jpg","contentUrl":"https:\/\/distribucionarc.com\/wp-content\/uploads\/2020\/08\/Calentador-de-alimentos-conservador-de-calor-de-dise\u00f1o-x-2-0.jpg","width":1600,"height":1600,"caption":"Calentador de alimentos, conservador de calor de dise\u00f1o x 2"},{"@type":"BreadcrumbList","@id":"https:\/\/distribucionarc.com\/producto\/calentador-de-alimentos-conservador-de-calor-de-diseno-x-2\/#breadcrumb","itemListElement":[{"@type":"ListItem","position":1,"name":"Portada","item":"https:\/\/www.distribucionarc.com\/tr\/"},{"@type":"ListItem","position":2,"name":"Produktai","item":"https:\/\/distribucionarc.com\/lt\/parduotuve\/"},{"@type":"ListItem","position":3,"name":"Calentador de alimentos, conservador de calor de dise\u00f1o x 2"}]},{"@type":"WebSite","@id":"https:\/\/www.distribucionarc.com\/tr\/#website","url":"https:\/\/www.distribucionarc.com\/tr\/","name":"ARC-Verteilung","description":"Das Unternehmen ist auf die Herstellung und den Vertrieb von Industriemaschinen, Dosenverschlie\u00dfmaschinen, Tablettenmaschinen, Fleischschneidemaschinen...","publisher":{"@id":"https:\/\/www.distribucionarc.com\/tr\/#organization"},"potentialAction":[{"@type":"SearchAction","target":{"@type":"EntryPoint","urlTemplate":"https:\/\/www.distribucionarc.com\/tr\/?s={search_term_string}"},"query-input":{"@type":"PropertyValueSpecification","valueRequired":true,"valueName":"search_term_string"}}],"inLanguage":"de"},{"@type":"Organization","@id":"https:\/\/www.distribucionarc.com\/tr\/#organization","name":"ARC-Verteilung","url":"https:\/\/www.distribucionarc.com\/tr\/","logo":{"@type":"ImageObject","inLanguage":"de","@id":"https:\/\/www.distribucionarc.com\/tr\/#\/schema\/logo\/image\/","url":"https:\/\/distribucionarc.com\/wp-content\/uploads\/2024\/10\/distribucion-ARC-COLOR-SIN-FONDO-e1732295305345.png","contentUrl":"https:\/\/distribucionarc.com\/wp-content\/uploads\/2024\/10\/distribucion-ARC-COLOR-SIN-FONDO-e1732295305345.png","width":1164,"height":558,"caption":"Distribuci\u00f3n ARC"},"image":{"@id":"https:\/\/www.distribucionarc.com\/tr\/#\/schema\/logo\/image\/"},"description":"Unternehmen, das auf die Herstellung und den Vertrieb von Industriemaschinen f\u00fcr den Lebensmittel- und Pharmasektor spezialisiert ist. Wir sind spezialisiert auf: Fleischschneidemaschinen Tablettenherstellung Industrielle F\u00f6rdersysteme Abf\u00fcllanlagen Dispenser Und vieles mehr... Wir bieten innovative und ma\u00dfgeschneiderte L\u00f6sungen zur Optimierung der Produktionsprozesse in Ihrem Unternehmen.","email":"Admistracion@distribucionarc.com","telephone":"+34 643496664","legalName":"ARC TECH SOLUTIONS","foundingDate":"2024-04-09","vatID":"B55480172","numberOfEmployees":{"@type":"QuantitativeValue","minValue":"1","maxValue":"10"}}]}},"_links":{"self":[{"href":"https:\/\/distribucionarc.com\/de\/wp-json\/wp\/v2\/product\/2278","targetHints":{"allow":["GET"]}}],"collection":[{"href":"https:\/\/distribucionarc.com\/de\/wp-json\/wp\/v2\/product"}],"about":[{"href":"https:\/\/distribucionarc.com\/de\/wp-json\/wp\/v2\/types\/product"}],"replies":[{"embeddable":true,"href":"https:\/\/distribucionarc.com\/de\/wp-json\/wp\/v2\/comments?post=2278"}],"version-history":[{"count":0,"href":"https:\/\/distribucionarc.com\/de\/wp-json\/wp\/v2\/product\/2278\/revisions"}],"wp:featuredmedia":[{"embeddable":true,"href":"https:\/\/distribucionarc.com\/de\/wp-json\/wp\/v2\/media\/2279"}],"wp:attachment":[{"href":"https:\/\/distribucionarc.com\/de\/wp-json\/wp\/v2\/media?parent=2278"}],"wp:term":[{"taxonomy":"product_brand","embeddable":true,"href":"https:\/\/distribucionarc.com\/de\/wp-json\/wp\/v2\/product_brand?post=2278"},{"taxonomy":"product_cat","embeddable":true,"href":"https:\/\/distribucionarc.com\/de\/wp-json\/wp\/v2\/product_cat?post=2278"},{"taxonomy":"product_tag","embeddable":true,"href":"https:\/\/distribucionarc.com\/de\/wp-json\/wp\/v2\/product_tag?post=2278"}],"curies":[{"name":"wp","href":"https:\/\/api.w.org\/{rel}","templated":true}]}}