{"id":2440,"date":"2020-08-18T11:37:11","date_gmt":"2020-08-18T11:37:11","guid":{"rendered":"https:\/\/distribucionarc.com\/?post_type=product&#038;p=2440"},"modified":"2020-09-30T15:18:08","modified_gmt":"2020-09-30T15:18:08","slug":"automatische-orangen-entsafter-maschine","status":"publish","type":"product","link":"https:\/\/distribucionarc.com\/de\/producto\/maquina-exprimidor-automatico-de-naranjas\/","title":{"rendered":"Automatische Orangenpresse"},"content":{"rendered":"<h2>Automatische Orangenpresse<\/h2>\n<p>Der <strong>Orangensaftmaschine <span style=\"color: #ff0000;\">ZU<\/span><span style=\"color: #0000ff;\">R<\/span>C<\/strong> Es besteht aus einer robusten Au\u00dfenh\u00fclle aus lebensmittelechtem Edelstahl und einer Edelstahlabdeckung. Es ist nicht leicht zu zerkratzen oder zu rosten. Es ist mit einem Obstkorb mit gro\u00dfem Fassungsverm\u00f6gen ausgestattet, der die Arbeitseffizienz verbessert. Geeignet f\u00fcr Orangen mit einem Durchmesser von 4-8 cm<\/p>\n<p>Die Saftausbeute betr\u00e4gt <strong>erh\u00f6ht sich im Vergleich zu anderen Maschinen um 5%<\/strong> dank seines Schneid- und Drucksystems. Kann <strong><span style=\"color: #ff9900;\">Entsaften Sie bis zu 22\u201330 Orangen pro Minute<\/span>.<\/strong><\/p>\n<p>Das <strong>automatische Orangenpresse <span style=\"color: #ff0000;\">ZU<\/span><span style=\"color: #0000ff;\">R<\/span>CEAN22<\/strong> Ein verbesserter integrierter herausnehmbarer Filterkasten (kann zusammen mit dem Wasserkasten herausgenommen werden). Neben zwei angebrachten Schalenauffangbeh\u00e4ltern zum Auffangen von Schalen und R\u00fcckst\u00e4nden nach dem Entsaften dient die Abtropfschale zur Aufnahme der Saftbecher. Zur einfachen Reinigung sind sie alle leicht zu montieren und zu demontieren.<\/p>\n<p>Um den EIN\/AUS-Schalter herum befindet sich eine Schutzabdeckung, die daf\u00fcr sorgt, dass er wasserdicht und auslaufsicher ist; Ohne die Edelstahlabdeckung funktioniert die Maschine nicht mehr, um die Sicherheit des Bedieners zu gew\u00e4hrleisten.<\/p>\n<h6><\/h6>\n<h6>Garantie<strong>\u00a0<\/strong><span style=\"color: #ff0000;\"><strong>ZU<\/strong><\/span><span style=\"color: #0000ff;\"><strong>R<\/strong><\/span><strong>C 2 JAHRE<\/strong><\/h6>\n<h6><span style=\"color: #008000;\">100 W h\u00f6chsteffizienter Motor mit geringem Verbrauch<\/span><\/h6>\n<h6>Technischer Support inklusive<\/h6>\n<p>&nbsp;<\/p>\n<table role=\"presentation\" width=\"100%\" cellspacing=\"0\" cellpadding=\"0\">\n<tbody>\n<tr>\n<td class=\"attrLabels\">Garantie:<\/td>\n<td width=\"50.0%\">2 JAHRE<\/td>\n<\/tr>\n<tr>\n<td class=\"attrLabels\">Farbe:<\/td>\n<td width=\"50.0%\">Silber<\/td>\n<td class=\"attrLabels\">H\u00f6he:<\/td>\n<td width=\"50.0%\">78,5 cm<\/td>\n<\/tr>\n<tr>\n<td class=\"attrLabels\">Vertriebsland:<\/td>\n<td width=\"50.0%\">Spanien, Deutschland, USA<\/td>\n<td class=\"attrLabels\">Lang:<\/td>\n<td width=\"50.0%\">54cm<\/td>\n<\/tr>\n<tr>\n<td class=\"attrLabels\">Marke:<\/td>\n<td width=\"50.0%\">BOGEN<\/td>\n<td class=\"attrLabels\">Breit:<\/td>\n<td width=\"50.0%\">\u00a0 34cm<\/td>\n<\/tr>\n<tr>\n<td class=\"attrLabels\">Produkttyp:<\/td>\n<td width=\"50.0%\">Professioneller Mixer<\/td>\n<td class=\"attrLabels\">Leistung:<\/td>\n<td width=\"50.0%\">100W<\/td>\n<\/tr>\n<tr>\n<td class=\"attrLabels\">Herstellernummer:<\/td>\n<td width=\"50.0%\">ARCEAN22<\/td>\n<td class=\"attrLabels\">Stromspannung:<\/td>\n<td width=\"50.0%\">110V 60Hz<\/p>\n<p>220V 50Hz<\/td>\n<\/tr>\n<tr>\n<td class=\"attrLabels\">Material:<\/td>\n<td width=\"50.0%\">304 Edelstahl, effizienter Motor<\/td>\n<td class=\"attrLabels\">Entsaftungszeit:<\/td>\n<td width=\"50.0%\">22-30 St\u00fcck pro Minute<\/td>\n<\/tr>\n<tr>\n<td class=\"attrLabels\">Installationswerkzeuge:<\/td>\n<td width=\"50.0%\">Ja<\/td>\n<td class=\"attrLabels\">Orangefarbener Durchmesser:<\/td>\n<td width=\"50.0%\">4 \u2013 8cm<\/td>\n<\/tr>\n<tr>\n<td class=\"attrLabels\">Gewicht:<\/td>\n<td width=\"50.0%\">44,8 kg<\/td>\n<td class=\"attrLabels\">Korbkapazit\u00e4t:<\/td>\n<td width=\"50.0%\">Je nach Gr\u00f6\u00dfe 4 bis 8 kg<\/td>\n<\/tr>\n<\/tbody>\n<\/table>","protected":false},"excerpt":{"rendered":"<h2>Automatische Orangenpresse<\/h2>\n<p>Der<strong> Entsafter-Maschine <span style=\"color: #ff0000;\">ZU<\/span><span style=\"color: #0000ff;\">R<\/span>C<\/strong> Es hat ein attraktives Design und besteht aus hochwertigem Edelstahl in Lebensmittelqualit\u00e4t. Es kann effektiv Saft aus Orangen, Zitronen, Limetten usw. extrahieren. Die Maschine sch\u00e4lt die Haut, produziert frische S\u00e4fte und filtert automatisch. Durch das Bef\u00fcllen des Korbes erhalten Sie k\u00f6stliche frische S\u00e4fte ohne Zusatzstoffe <strong>automatischer Entsafter<\/strong> und Dr\u00fccken der Starttaste.<\/p>\n<h6>Garantie<strong>\u00a0<\/strong><span style=\"color: #ff0000;\"><strong>ZU<\/strong><\/span><span style=\"color: #0000ff;\"><strong>R<\/strong><\/span><strong>C 2 JAHRE<\/strong><\/h6>\n<h6><span style=\"color: #008000;\">100 W h\u00f6chsteffizienter Motor mit geringem Verbrauch<\/span><\/h6>\n<h6>Technischer Support inklusive<\/h6>","protected":false},"featured_media":2447,"comment_status":"open","ping_status":"closed","template":"","meta":{"wds_primary_product_brand":0,"wds_primary_product_cat":0},"product_brand":[],"product_cat":[65],"product_tag":[],"class_list":{"0":"post-2440","1":"product","2":"type-product","3":"status-publish","4":"has-post-thumbnail","6":"product_cat-maquinaria-industrial-para-procesar-fruta-verdura-panales","7":"product_shipping_class-express","9":"first","10":"instock","11":"sale","12":"taxable","13":"shipping-taxable","14":"purchasable","15":"product-type-simple"},"yoast_head":"<!-- This site is optimized with the Yoast SEO Premium plugin v24.9 (Yoast SEO v26.1) - https:\/\/yoast.com\/wordpress\/plugins\/seo\/ -->\n<title>M\u00e1quina exprimidor autom\u00e1tico de naranjas - distribuci\u00f3n ARC<\/title>\n<meta name=\"robots\" content=\"index, follow, max-snippet:-1, max-image-preview:large, max-video-preview:-1\" \/>\n<link rel=\"canonical\" href=\"https:\/\/www.distribucionarc.com\/pl\/producto\/maquina-exprimidor-automatico-de-naranjas\/\" \/>\n<meta property=\"og:locale\" content=\"de_DE\" \/>\n<meta property=\"og:type\" content=\"article\" \/>\n<meta property=\"og:title\" content=\"M\u00e1quina exprimidor autom\u00e1tico de naranjas\" \/>\n<meta property=\"og:description\" content=\"M\u00e1quina exprimidor autom\u00e1tico de naranjas La m\u00e1quina de exprimidora ARC tiene un dise\u00f1o atractivo y est\u00e1 hecha de acero inoxidable de calidad alimentaria de alta calidad. Puede extraer eficazmente el zumo de naranjas, limones, limas, etc. La m\u00e1quina pela la piel, produce zumos frescos y se filtra autom\u00e1ticamente. Obtendr\u00e1 deliciosos jugos frescos sin aditivos llenando la cesta del exprimidor autom\u00e1tico y accionando el bot\u00f3n de inicio. Garant\u00eda\u00a0ARC 2 A\u00d1OS motor m\u00e1s eficiente bajo consumo 100W soporte t\u00e9cnico\u00a0incluido\" \/>\n<meta property=\"og:url\" content=\"https:\/\/www.distribucionarc.com\/pl\/producto\/maquina-exprimidor-automatico-de-naranjas\/\" \/>\n<meta property=\"og:site_name\" content=\"distribuci\u00f3n ARC\" \/>\n<meta property=\"article:modified_time\" content=\"2020-09-30T15:18:08+00:00\" \/>\n<meta property=\"og:image\" content=\"https:\/\/distribucionarc.com\/wp-content\/uploads\/2020\/08\/M\u00e1quina-exprimidor-autom\u00e1tico-de-naranjas-0.jpg\" \/>\n\t<meta property=\"og:image:width\" content=\"1600\" \/>\n\t<meta property=\"og:image:height\" content=\"1600\" \/>\n\t<meta property=\"og:image:type\" content=\"image\/jpeg\" \/>\n<meta name=\"twitter:card\" content=\"summary_large_image\" \/>\n<meta name=\"twitter:label1\" content=\"Gesch\u00e4tzte Lesezeit\" \/>\n\t<meta name=\"twitter:data1\" content=\"1\u00a0Minute\" \/>\n<script type=\"application\/ld+json\" class=\"yoast-schema-graph\">{\"@context\":\"https:\/\/schema.org\",\"@graph\":[{\"@type\":\"WebPage\",\"@id\":\"https:\/\/www.distribucionarc.com\/pl\/producto\/maquina-exprimidor-automatico-de-naranjas\/\",\"url\":\"https:\/\/www.distribucionarc.com\/pl\/producto\/maquina-exprimidor-automatico-de-naranjas\/\",\"name\":\"M\u00e1quina exprimidor autom\u00e1tico de naranjas - distribuci\u00f3n ARC\",\"isPartOf\":{\"@id\":\"https:\/\/distribucionarc.com\/bg\/#website\"},\"primaryImageOfPage\":{\"@id\":\"https:\/\/www.distribucionarc.com\/pl\/producto\/maquina-exprimidor-automatico-de-naranjas\/#primaryimage\"},\"image\":{\"@id\":\"https:\/\/www.distribucionarc.com\/pl\/producto\/maquina-exprimidor-automatico-de-naranjas\/#primaryimage\"},\"thumbnailUrl\":\"https:\/\/distribucionarc.com\/wp-content\/uploads\/2020\/08\/M\u00e1quina-exprimidor-autom\u00e1tico-de-naranjas-0.jpg\",\"datePublished\":\"2020-08-18T11:37:11+00:00\",\"dateModified\":\"2020-09-30T15:18:08+00:00\",\"breadcrumb\":{\"@id\":\"https:\/\/www.distribucionarc.com\/pl\/producto\/maquina-exprimidor-automatico-de-naranjas\/#breadcrumb\"},\"inLanguage\":\"de\",\"potentialAction\":[{\"@type\":\"ReadAction\",\"target\":[\"https:\/\/www.distribucionarc.com\/pl\/producto\/maquina-exprimidor-automatico-de-naranjas\/\"]}]},{\"@type\":\"ImageObject\",\"inLanguage\":\"de\",\"@id\":\"https:\/\/www.distribucionarc.com\/pl\/producto\/maquina-exprimidor-automatico-de-naranjas\/#primaryimage\",\"url\":\"https:\/\/distribucionarc.com\/wp-content\/uploads\/2020\/08\/M\u00e1quina-exprimidor-autom\u00e1tico-de-naranjas-0.jpg\",\"contentUrl\":\"https:\/\/distribucionarc.com\/wp-content\/uploads\/2020\/08\/M\u00e1quina-exprimidor-autom\u00e1tico-de-naranjas-0.jpg\",\"width\":1600,\"height\":1600,\"caption\":\"M\u00e1quina exprimidor autom\u00e1tico de naranjas\"},{\"@type\":\"BreadcrumbList\",\"@id\":\"https:\/\/www.distribucionarc.com\/pl\/producto\/maquina-exprimidor-automatico-de-naranjas\/#breadcrumb\",\"itemListElement\":[{\"@type\":\"ListItem\",\"position\":1,\"name\":\"Portada\",\"item\":\"https:\/\/distribucionarc.com\/nb\/\"},{\"@type\":\"ListItem\",\"position\":2,\"name\":\"Products\",\"item\":\"https:\/\/www.distribucionarc.com\/en\/shop\/\"},{\"@type\":\"ListItem\",\"position\":3,\"name\":\"M\u00e1quina exprimidor autom\u00e1tico de naranjas\"}]},{\"@type\":\"WebSite\",\"@id\":\"https:\/\/distribucionarc.com\/bg\/#website\",\"url\":\"https:\/\/distribucionarc.com\/bg\/\",\"name\":\"distribuci\u00f3n ARC\",\"description\":\"Empresa especializada en la fabricaci\u00f3n y distribuci\u00f3n de maquinaria industrial, selladoras de latas, Maquinas de hacer pastillas, Maquinas de cortar carne...\",\"publisher\":{\"@id\":\"https:\/\/distribucionarc.com\/bg\/#organization\"},\"potentialAction\":[{\"@type\":\"SearchAction\",\"target\":{\"@type\":\"EntryPoint\",\"urlTemplate\":\"https:\/\/distribucionarc.com\/bg\/?s={search_term_string}\"},\"query-input\":{\"@type\":\"PropertyValueSpecification\",\"valueRequired\":true,\"valueName\":\"search_term_string\"}}],\"inLanguage\":\"de\"},{\"@type\":\"Organization\",\"@id\":\"https:\/\/distribucionarc.com\/bg\/#organization\",\"name\":\"Distribuci\u00f3n ARC\",\"url\":\"https:\/\/distribucionarc.com\/bg\/\",\"logo\":{\"@type\":\"ImageObject\",\"inLanguage\":\"de\",\"@id\":\"https:\/\/distribucionarc.com\/bg\/#\/schema\/logo\/image\/\",\"url\":\"https:\/\/distribucionarc.com\/wp-content\/uploads\/2024\/10\/distribucion-ARC-COLOR-SIN-FONDO-e1732295305345.png\",\"contentUrl\":\"https:\/\/distribucionarc.com\/wp-content\/uploads\/2024\/10\/distribucion-ARC-COLOR-SIN-FONDO-e1732295305345.png\",\"width\":1164,\"height\":558,\"caption\":\"Distribuci\u00f3n ARC\"},\"image\":{\"@id\":\"https:\/\/distribucionarc.com\/bg\/#\/schema\/logo\/image\/\"},\"description\":\"Empresa especializada en la fabricaci\u00f3n y distribuci\u00f3n de maquinaria industrial para los sectores alimentario y farmac\u00e9utico. Nos especializamos en: M\u00e1quinas de cortar carne Fabricaci\u00f3n de comprimidos Sistemas de transporte industrial L\u00edneas de embotellado Dosificadores Y mucho m\u00e1s... Ofrecemos soluciones innovadoras y personalizadas para optimizar los procesos productivos de tu empresa.\",\"email\":\"Admistracion@distribucionarc.com\",\"telephone\":\"+34 643496664\",\"legalName\":\"ARC TECH SOLUTIONS\",\"foundingDate\":\"2024-04-09\",\"vatID\":\"B55480172\",\"numberOfEmployees\":{\"@type\":\"QuantitativeValue\",\"minValue\":\"1\",\"maxValue\":\"10\"}}]}<\/script>\n<!-- \/ Yoast SEO Premium plugin. -->","yoast_head_json":{"title":"Automatische Orangenpresse \u2013 ARC-Verteilung","robots":{"index":"index","follow":"follow","max-snippet":"max-snippet:-1","max-image-preview":"max-image-preview:large","max-video-preview":"max-video-preview:-1"},"canonical":"https:\/\/www.distribucionarc.com\/pl\/producto\/maquina-exprimidor-automatico-de-naranjas\/","og_locale":"de_DE","og_type":"article","og_title":"M\u00e1quina exprimidor autom\u00e1tico de naranjas","og_description":"M\u00e1quina exprimidor autom\u00e1tico de naranjas La m\u00e1quina de exprimidora ARC tiene un dise\u00f1o atractivo y est\u00e1 hecha de acero inoxidable de calidad alimentaria de alta calidad. Puede extraer eficazmente el zumo de naranjas, limones, limas, etc. La m\u00e1quina pela la piel, produce zumos frescos y se filtra autom\u00e1ticamente. Obtendr\u00e1 deliciosos jugos frescos sin aditivos llenando la cesta del exprimidor autom\u00e1tico y accionando el bot\u00f3n de inicio. Garant\u00eda\u00a0ARC 2 A\u00d1OS motor m\u00e1s eficiente bajo consumo 100W soporte t\u00e9cnico\u00a0incluido","og_url":"https:\/\/www.distribucionarc.com\/pl\/producto\/maquina-exprimidor-automatico-de-naranjas\/","og_site_name":"distribuci\u00f3n ARC","article_modified_time":"2020-09-30T15:18:08+00:00","og_image":[{"width":1600,"height":1600,"url":"https:\/\/distribucionarc.com\/wp-content\/uploads\/2020\/08\/M\u00e1quina-exprimidor-autom\u00e1tico-de-naranjas-0.jpg","type":"image\/jpeg"}],"twitter_card":"summary_large_image","twitter_misc":{"Gesch\u00e4tzte Lesezeit":"1\u00a0Minute"},"schema":{"@context":"https:\/\/schema.org","@graph":[{"@type":"WebPage","@id":"https:\/\/www.distribucionarc.com\/pl\/producto\/maquina-exprimidor-automatico-de-naranjas\/","url":"https:\/\/www.distribucionarc.com\/pl\/producto\/maquina-exprimidor-automatico-de-naranjas\/","name":"Automatische Orangenpresse \u2013 ARC-Verteilung","isPartOf":{"@id":"https:\/\/distribucionarc.com\/bg\/#website"},"primaryImageOfPage":{"@id":"https:\/\/www.distribucionarc.com\/pl\/producto\/maquina-exprimidor-automatico-de-naranjas\/#primaryimage"},"image":{"@id":"https:\/\/www.distribucionarc.com\/pl\/producto\/maquina-exprimidor-automatico-de-naranjas\/#primaryimage"},"thumbnailUrl":"https:\/\/distribucionarc.com\/wp-content\/uploads\/2020\/08\/M\u00e1quina-exprimidor-autom\u00e1tico-de-naranjas-0.jpg","datePublished":"2020-08-18T11:37:11+00:00","dateModified":"2020-09-30T15:18:08+00:00","breadcrumb":{"@id":"https:\/\/www.distribucionarc.com\/pl\/producto\/maquina-exprimidor-automatico-de-naranjas\/#breadcrumb"},"inLanguage":"de","potentialAction":[{"@type":"ReadAction","target":["https:\/\/www.distribucionarc.com\/pl\/producto\/maquina-exprimidor-automatico-de-naranjas\/"]}]},{"@type":"ImageObject","inLanguage":"de","@id":"https:\/\/www.distribucionarc.com\/pl\/producto\/maquina-exprimidor-automatico-de-naranjas\/#primaryimage","url":"https:\/\/distribucionarc.com\/wp-content\/uploads\/2020\/08\/M\u00e1quina-exprimidor-autom\u00e1tico-de-naranjas-0.jpg","contentUrl":"https:\/\/distribucionarc.com\/wp-content\/uploads\/2020\/08\/M\u00e1quina-exprimidor-autom\u00e1tico-de-naranjas-0.jpg","width":1600,"height":1600,"caption":"M\u00e1quina exprimidor autom\u00e1tico de naranjas"},{"@type":"BreadcrumbList","@id":"https:\/\/www.distribucionarc.com\/pl\/producto\/maquina-exprimidor-automatico-de-naranjas\/#breadcrumb","itemListElement":[{"@type":"ListItem","position":1,"name":"Portada","item":"https:\/\/distribucionarc.com\/nb\/"},{"@type":"ListItem","position":2,"name":"Products","item":"https:\/\/www.distribucionarc.com\/en\/shop\/"},{"@type":"ListItem","position":3,"name":"M\u00e1quina exprimidor autom\u00e1tico de naranjas"}]},{"@type":"WebSite","@id":"https:\/\/distribucionarc.com\/bg\/#website","url":"https:\/\/distribucionarc.com\/bg\/","name":"ARC-Verteilung","description":"Das Unternehmen ist auf die Herstellung und den Vertrieb von Industriemaschinen, Dosenverschlie\u00dfmaschinen, Tablettenmaschinen, Fleischschneidemaschinen...","publisher":{"@id":"https:\/\/distribucionarc.com\/bg\/#organization"},"potentialAction":[{"@type":"SearchAction","target":{"@type":"EntryPoint","urlTemplate":"https:\/\/distribucionarc.com\/bg\/?s={search_term_string}"},"query-input":{"@type":"PropertyValueSpecification","valueRequired":true,"valueName":"search_term_string"}}],"inLanguage":"de"},{"@type":"Organization","@id":"https:\/\/distribucionarc.com\/bg\/#organization","name":"ARC-Verteilung","url":"https:\/\/distribucionarc.com\/bg\/","logo":{"@type":"ImageObject","inLanguage":"de","@id":"https:\/\/distribucionarc.com\/bg\/#\/schema\/logo\/image\/","url":"https:\/\/distribucionarc.com\/wp-content\/uploads\/2024\/10\/distribucion-ARC-COLOR-SIN-FONDO-e1732295305345.png","contentUrl":"https:\/\/distribucionarc.com\/wp-content\/uploads\/2024\/10\/distribucion-ARC-COLOR-SIN-FONDO-e1732295305345.png","width":1164,"height":558,"caption":"Distribuci\u00f3n ARC"},"image":{"@id":"https:\/\/distribucionarc.com\/bg\/#\/schema\/logo\/image\/"},"description":"Unternehmen, das auf die Herstellung und den Vertrieb von Industriemaschinen f\u00fcr den Lebensmittel- und Pharmasektor spezialisiert ist. Wir sind spezialisiert auf: Fleischschneidemaschinen Tablettenherstellung Industrielle F\u00f6rdersysteme Abf\u00fcllanlagen Dispenser Und vieles mehr... Wir bieten innovative und ma\u00dfgeschneiderte L\u00f6sungen zur Optimierung der Produktionsprozesse in Ihrem Unternehmen.","email":"Admistracion@distribucionarc.com","telephone":"+34 643496664","legalName":"ARC TECH SOLUTIONS","foundingDate":"2024-04-09","vatID":"B55480172","numberOfEmployees":{"@type":"QuantitativeValue","minValue":"1","maxValue":"10"}}]}},"_links":{"self":[{"href":"https:\/\/distribucionarc.com\/de\/wp-json\/wp\/v2\/product\/2440","targetHints":{"allow":["GET"]}}],"collection":[{"href":"https:\/\/distribucionarc.com\/de\/wp-json\/wp\/v2\/product"}],"about":[{"href":"https:\/\/distribucionarc.com\/de\/wp-json\/wp\/v2\/types\/product"}],"replies":[{"embeddable":true,"href":"https:\/\/distribucionarc.com\/de\/wp-json\/wp\/v2\/comments?post=2440"}],"version-history":[{"count":0,"href":"https:\/\/distribucionarc.com\/de\/wp-json\/wp\/v2\/product\/2440\/revisions"}],"wp:featuredmedia":[{"embeddable":true,"href":"https:\/\/distribucionarc.com\/de\/wp-json\/wp\/v2\/media\/2447"}],"wp:attachment":[{"href":"https:\/\/distribucionarc.com\/de\/wp-json\/wp\/v2\/media?parent=2440"}],"wp:term":[{"taxonomy":"product_brand","embeddable":true,"href":"https:\/\/distribucionarc.com\/de\/wp-json\/wp\/v2\/product_brand?post=2440"},{"taxonomy":"product_cat","embeddable":true,"href":"https:\/\/distribucionarc.com\/de\/wp-json\/wp\/v2\/product_cat?post=2440"},{"taxonomy":"product_tag","embeddable":true,"href":"https:\/\/distribucionarc.com\/de\/wp-json\/wp\/v2\/product_tag?post=2440"}],"curies":[{"name":"wp","href":"https:\/\/api.w.org\/{rel}","templated":true}]}}