{"id":2493,"date":"2020-08-19T12:13:29","date_gmt":"2020-08-19T12:13:29","guid":{"rendered":"https:\/\/distribucionarc.com\/?post_type=product&#038;p=2493"},"modified":"2020-10-01T07:59:01","modified_gmt":"2020-10-01T07:59:01","slug":"abfullspender-mit-ruhrbesen-50-ml-%f0%9f%94%9b-500-ml","status":"publish","type":"product","link":"https:\/\/distribucionarc.com\/de\/producto\/dosificadora-embotelladora-llenadora-con-batidor-50-ml-%f0%9f%94%9b-500-ml\/","title":{"rendered":"Spender, Abf\u00fcllung, F\u00fcller mit Schneebesen 50 ml? 500 ml"},"content":{"rendered":"<h3><strong>Spender, Abf\u00fcllung, F\u00fcller mit Schneebesen 50 ml? 500 ml<\/strong><\/h3>\n<p>&nbsp;<\/p>\n<p>Diese Maschine ist perfekt f\u00fcr <strong>Messen Sie Produkte wie Marmeladen oder Saucen ab, die einen Schneebesen erfordern<\/strong> \/ R\u00fchrwerk, damit das Produkt in kontinuierlicher Bewegung ist. Es verf\u00fcgt \u00fcber einen Motor mit einstellbarer Geschwindigkeit. Es ist wichtig, die Geschwindigkeit zu regulieren, um es an Ihr Produkt anzupassen. Diese Maschine ist aus Edelstahl 316 gefertigt, sodass hochwertige Materialien verwendet werden Der Spender entspricht unseren hohen Qualit\u00e4tsanforderungen.<\/p>\n<p>Die Abf\u00fcllmaschine ist modular aufgebaut. Im Falle eines Ausfalls oder Ausfalls stellen wir Ihnen das komplette Modul zum Austausch zur Verf\u00fcgung, leisten technischen Support und gew\u00e4hren 2 Jahre Garantie.<\/p>\n<p>Es verf\u00fcgt \u00fcber das CE-Zertifikat<\/p>\n<p>In diesem Video zeigen wir Ihnen die Maschine im Einsatz<\/p>\n<ul>\n<li>Robustes Design des Zellenradschleusensystems.<\/li>\n<li>Bef\u00fcllung mit pneumatischem Kolben.<\/li>\n<li>Die Kolbenvorschubgeschwindigkeit ist einstellbar.<\/li>\n<li>Verstellbarer Kopf mit Anti-Tropf-System.<\/li>\n<li>F\u00fcllgenauigkeit (+\/- 1%)<\/li>\n<li>Einfache Wartung und Reinigung.<\/li>\n<li>Edelstahl in Lebensmittelqualit\u00e4t.<\/li>\n<li>Sehr einfach zu bedienen.<\/li>\n<li>Pneumatikteile einfach zu montieren und zu demontieren.<\/li>\n<li>Automatischer und halbautomatischer F\u00fcllschalter.<\/li>\n<li>Luftdruckmesser.<\/li>\n<li>F\u00fcllvolumen und -geschwindigkeit einstellbar.<\/li>\n<\/ul>\n<ul>\n<li>\n<ul>\n<li>F\u00fcllbereich: 50 \u2796 500 ml.<\/li>\n<li>Trichterkapazit\u00e4t: 30 L.<\/li>\n<li>Geschwindigkeit bis zu: 30 Flaschen\/Min.<\/li>\n<li>F\u00fcllkopf: Einzeld\u00fcse.<\/li>\n<li>Maschinenmaterial: Edelstahl 304\/316.<\/li>\n<li>2\ufe0f\u20e3 JAHRE GARANTIE<\/li>\n<li>Technische Unterst\u00fctzung<\/li>\n<\/ul>\n<\/li>\n<\/ul>","protected":false},"excerpt":{"rendered":"<h2 class=\"product_title entry-title\"><strong>Spender, Abf\u00fcllung, F\u00fcller mit Schneebesen 50 ml? 500 ml<\/strong><\/h2>\n<p><strong>Fl\u00fcssigkeitsf\u00fcllmaschine<\/strong> Sehr viskose Halbautomatik, angetrieben durch einen pneumatischen Kolben, hergestellt aus hochwertigen Materialien. Ausgestattet mit f\u00fcnf Ventilen, die den Produktfluss steuern. Struktur mit \u00fcberlegenem Design und alle Modelle sind einfach zu bedienen. Die verwendeten pneumatischen Komponenten werden in Deutschland und Taiwan hergestellt. Alle verwendeten Kontaktmaterialien bestehen aus Edelstahl 316 gem\u00e4\u00df den GMP-Anforderungen. Volumenmenge und F\u00fcllgeschwindigkeit lassen sich sehr pr\u00e4zise regulieren.<\/p>","protected":false},"featured_media":2500,"comment_status":"open","ping_status":"closed","template":"","meta":{"wds_primary_product_brand":0,"wds_primary_product_cat":0},"product_brand":[],"product_cat":[18,19],"product_tag":[],"class_list":{"0":"post-2493","1":"product","2":"type-product","3":"status-publish","4":"has-post-thumbnail","6":"product_cat-dosificadoras","7":"product_cat-dosificadoras-de-liquidos","8":"product_shipping_class-express","10":"first","11":"instock","12":"sale","13":"taxable","14":"shipping-taxable","15":"purchasable","16":"product-type-simple"},"yoast_head":"<!-- This site is optimized with the Yoast SEO Premium plugin v24.9 (Yoast SEO v26.1) - https:\/\/yoast.com\/wordpress\/plugins\/seo\/ -->\n<title>Dosificadora, Embotelladora, Llenadora con Batidor 50 ml ? 500 ml - distribuci\u00f3n ARC<\/title>\n<meta name=\"robots\" content=\"index, follow, max-snippet:-1, max-image-preview:large, max-video-preview:-1\" \/>\n<link rel=\"canonical\" href=\"https:\/\/distribucionarc.com\/de\/produkt-2\/abfullspender-mit-ruhrbesen-50-ml-\ud83d\udd1b-500-ml\/\" \/>\n<meta property=\"og:locale\" content=\"de_DE\" \/>\n<meta property=\"og:type\" content=\"article\" \/>\n<meta property=\"og:title\" content=\"Dosificadora, Embotelladora, Llenadora con Batidor 50 ml ? 500 ml\" \/>\n<meta property=\"og:description\" content=\"Dosificadora, Embotelladora, Llenadora con Batidor 50 ml ? 500 ml M\u00e1quina para llenado de l\u00edquidos muy viscosos semiautom\u00e1tica, impulsada por un pist\u00f3n neum\u00e1tico, fabricada con materiales de primera calidad. Equipada con cinco v\u00e1lvulas que controlan el flujo de los productos. Estructura con dise\u00f1o superior y todos los modelos son f\u00e1ciles de operar. Los componentes neum\u00e1ticos utilizados son hechos en Alemania y Taiwan. Todos los materiales de contacto utilizados, son de acero inoxidable 316 de acuerdo con los requisitos de GMP. La cantidad de volumen y la velocidad de llenado pueden ser regulados con una gran precisi\u00f3n.\" \/>\n<meta property=\"og:url\" content=\"https:\/\/distribucionarc.com\/de\/produkt-2\/abfullspender-mit-ruhrbesen-50-ml-\ud83d\udd1b-500-ml\/\" \/>\n<meta property=\"og:site_name\" content=\"distribuci\u00f3n ARC\" \/>\n<meta property=\"article:modified_time\" content=\"2020-10-01T07:59:01+00:00\" \/>\n<meta property=\"og:image\" content=\"https:\/\/distribucionarc.com\/wp-content\/uploads\/2020\/08\/Dosificadora-Embotelladora-Llenadora-con-Batidor-50-ml-500-ml-0.jpg\" \/>\n\t<meta property=\"og:image:width\" content=\"1600\" \/>\n\t<meta property=\"og:image:height\" content=\"1600\" \/>\n\t<meta property=\"og:image:type\" content=\"image\/jpeg\" \/>\n<meta name=\"twitter:card\" content=\"summary_large_image\" \/>\n<meta name=\"twitter:label1\" content=\"Gesch\u00e4tzte Lesezeit\" \/>\n\t<meta name=\"twitter:data1\" content=\"1\u00a0Minute\" \/>\n<script type=\"application\/ld+json\" class=\"yoast-schema-graph\">{\"@context\":\"https:\/\/schema.org\",\"@graph\":[{\"@type\":\"WebPage\",\"@id\":\"https:\/\/distribucionarc.com\/de\/producto\/dosificadora-embotelladora-llenadora-con-batidor-50-ml-%f0%9f%94%9b-500-ml\/\",\"url\":\"https:\/\/distribucionarc.com\/de\/producto\/dosificadora-embotelladora-llenadora-con-batidor-50-ml-%f0%9f%94%9b-500-ml\/\",\"name\":\"Dosificadora, Embotelladora, Llenadora con Batidor 50 ml ? 500 ml - distribuci\u00f3n ARC\",\"isPartOf\":{\"@id\":\"https:\/\/distribucionarc.com\/bg\/#website\"},\"primaryImageOfPage\":{\"@id\":\"https:\/\/distribucionarc.com\/de\/producto\/dosificadora-embotelladora-llenadora-con-batidor-50-ml-%f0%9f%94%9b-500-ml\/#primaryimage\"},\"image\":{\"@id\":\"https:\/\/distribucionarc.com\/de\/producto\/dosificadora-embotelladora-llenadora-con-batidor-50-ml-%f0%9f%94%9b-500-ml\/#primaryimage\"},\"thumbnailUrl\":\"https:\/\/distribucionarc.com\/wp-content\/uploads\/2020\/08\/Dosificadora-Embotelladora-Llenadora-con-Batidor-50-ml-500-ml-0.jpg\",\"datePublished\":\"2020-08-19T12:13:29+00:00\",\"dateModified\":\"2020-10-01T07:59:01+00:00\",\"breadcrumb\":{\"@id\":\"https:\/\/distribucionarc.com\/de\/producto\/dosificadora-embotelladora-llenadora-con-batidor-50-ml-%f0%9f%94%9b-500-ml\/#breadcrumb\"},\"inLanguage\":\"de\",\"potentialAction\":[{\"@type\":\"ReadAction\",\"target\":[\"https:\/\/distribucionarc.com\/de\/producto\/dosificadora-embotelladora-llenadora-con-batidor-50-ml-%f0%9f%94%9b-500-ml\/\"]}]},{\"@type\":\"ImageObject\",\"inLanguage\":\"de\",\"@id\":\"https:\/\/distribucionarc.com\/de\/producto\/dosificadora-embotelladora-llenadora-con-batidor-50-ml-%f0%9f%94%9b-500-ml\/#primaryimage\",\"url\":\"https:\/\/distribucionarc.com\/wp-content\/uploads\/2020\/08\/Dosificadora-Embotelladora-Llenadora-con-Batidor-50-ml-500-ml-0.jpg\",\"contentUrl\":\"https:\/\/distribucionarc.com\/wp-content\/uploads\/2020\/08\/Dosificadora-Embotelladora-Llenadora-con-Batidor-50-ml-500-ml-0.jpg\",\"width\":1600,\"height\":1600,\"caption\":\"Dosificadora, Embotelladora, Llenadora con Batidor 50 ml 500 ml\"},{\"@type\":\"BreadcrumbList\",\"@id\":\"https:\/\/distribucionarc.com\/de\/producto\/dosificadora-embotelladora-llenadora-con-batidor-50-ml-%f0%9f%94%9b-500-ml\/#breadcrumb\",\"itemListElement\":[{\"@type\":\"ListItem\",\"position\":1,\"name\":\"Portada\",\"item\":\"https:\/\/distribucionarc.com\/nb\/\"},{\"@type\":\"ListItem\",\"position\":2,\"name\":\"Products\",\"item\":\"https:\/\/www.distribucionarc.com\/en\/shop\/\"},{\"@type\":\"ListItem\",\"position\":3,\"name\":\"Dosificadora, Embotelladora, Llenadora con Batidor 50 ml ? 500 ml\"}]},{\"@type\":\"WebSite\",\"@id\":\"https:\/\/distribucionarc.com\/bg\/#website\",\"url\":\"https:\/\/distribucionarc.com\/bg\/\",\"name\":\"distribuci\u00f3n ARC\",\"description\":\"Empresa especializada en la fabricaci\u00f3n y distribuci\u00f3n de maquinaria industrial, selladoras de latas, Maquinas de hacer pastillas, Maquinas de cortar carne...\",\"publisher\":{\"@id\":\"https:\/\/distribucionarc.com\/bg\/#organization\"},\"potentialAction\":[{\"@type\":\"SearchAction\",\"target\":{\"@type\":\"EntryPoint\",\"urlTemplate\":\"https:\/\/distribucionarc.com\/bg\/?s={search_term_string}\"},\"query-input\":{\"@type\":\"PropertyValueSpecification\",\"valueRequired\":true,\"valueName\":\"search_term_string\"}}],\"inLanguage\":\"de\"},{\"@type\":\"Organization\",\"@id\":\"https:\/\/distribucionarc.com\/bg\/#organization\",\"name\":\"Distribuci\u00f3n ARC\",\"url\":\"https:\/\/distribucionarc.com\/bg\/\",\"logo\":{\"@type\":\"ImageObject\",\"inLanguage\":\"de\",\"@id\":\"https:\/\/distribucionarc.com\/bg\/#\/schema\/logo\/image\/\",\"url\":\"https:\/\/distribucionarc.com\/wp-content\/uploads\/2024\/10\/distribucion-ARC-COLOR-SIN-FONDO-e1732295305345.png\",\"contentUrl\":\"https:\/\/distribucionarc.com\/wp-content\/uploads\/2024\/10\/distribucion-ARC-COLOR-SIN-FONDO-e1732295305345.png\",\"width\":1164,\"height\":558,\"caption\":\"Distribuci\u00f3n ARC\"},\"image\":{\"@id\":\"https:\/\/distribucionarc.com\/bg\/#\/schema\/logo\/image\/\"},\"description\":\"Empresa especializada en la fabricaci\u00f3n y distribuci\u00f3n de maquinaria industrial para los sectores alimentario y farmac\u00e9utico. Nos especializamos en: M\u00e1quinas de cortar carne Fabricaci\u00f3n de comprimidos Sistemas de transporte industrial L\u00edneas de embotellado Dosificadores Y mucho m\u00e1s... Ofrecemos soluciones innovadoras y personalizadas para optimizar los procesos productivos de tu empresa.\",\"email\":\"Admistracion@distribucionarc.com\",\"telephone\":\"+34 643496664\",\"legalName\":\"ARC TECH SOLUTIONS\",\"foundingDate\":\"2024-04-09\",\"vatID\":\"B55480172\",\"numberOfEmployees\":{\"@type\":\"QuantitativeValue\",\"minValue\":\"1\",\"maxValue\":\"10\"}}]}<\/script>\n<!-- \/ Yoast SEO Premium plugin. -->","yoast_head_json":{"title":"Spender, Abf\u00fcllung, F\u00fcller mit Schneebesen 50 ml? 500 ml \u2013 ARC-Verteilung","robots":{"index":"index","follow":"follow","max-snippet":"max-snippet:-1","max-image-preview":"max-image-preview:large","max-video-preview":"max-video-preview:-1"},"canonical":"https:\/\/distribucionarc.com\/de\/produkt-2\/abfullspender-mit-ruhrbesen-50-ml-\ud83d\udd1b-500-ml\/","og_locale":"de_DE","og_type":"article","og_title":"Dosificadora, Embotelladora, Llenadora con Batidor 50 ml ? 500 ml","og_description":"Dosificadora, Embotelladora, Llenadora con Batidor 50 ml ? 500 ml M\u00e1quina para llenado de l\u00edquidos muy viscosos semiautom\u00e1tica, impulsada por un pist\u00f3n neum\u00e1tico, fabricada con materiales de primera calidad. Equipada con cinco v\u00e1lvulas que controlan el flujo de los productos. Estructura con dise\u00f1o superior y todos los modelos son f\u00e1ciles de operar. Los componentes neum\u00e1ticos utilizados son hechos en Alemania y Taiwan. Todos los materiales de contacto utilizados, son de acero inoxidable 316 de acuerdo con los requisitos de GMP. La cantidad de volumen y la velocidad de llenado pueden ser regulados con una gran precisi\u00f3n.","og_url":"https:\/\/distribucionarc.com\/de\/produkt-2\/abfullspender-mit-ruhrbesen-50-ml-\ud83d\udd1b-500-ml\/","og_site_name":"distribuci\u00f3n ARC","article_modified_time":"2020-10-01T07:59:01+00:00","og_image":[{"width":1600,"height":1600,"url":"https:\/\/distribucionarc.com\/wp-content\/uploads\/2020\/08\/Dosificadora-Embotelladora-Llenadora-con-Batidor-50-ml-500-ml-0.jpg","type":"image\/jpeg"}],"twitter_card":"summary_large_image","twitter_misc":{"Gesch\u00e4tzte Lesezeit":"1\u00a0Minute"},"schema":{"@context":"https:\/\/schema.org","@graph":[{"@type":"WebPage","@id":"https:\/\/distribucionarc.com\/de\/producto\/dosificadora-embotelladora-llenadora-con-batidor-50-ml-%f0%9f%94%9b-500-ml\/","url":"https:\/\/distribucionarc.com\/de\/producto\/dosificadora-embotelladora-llenadora-con-batidor-50-ml-%f0%9f%94%9b-500-ml\/","name":"Spender, Abf\u00fcllung, F\u00fcller mit Schneebesen 50 ml? 500 ml \u2013 ARC-Verteilung","isPartOf":{"@id":"https:\/\/distribucionarc.com\/bg\/#website"},"primaryImageOfPage":{"@id":"https:\/\/distribucionarc.com\/de\/producto\/dosificadora-embotelladora-llenadora-con-batidor-50-ml-%f0%9f%94%9b-500-ml\/#primaryimage"},"image":{"@id":"https:\/\/distribucionarc.com\/de\/producto\/dosificadora-embotelladora-llenadora-con-batidor-50-ml-%f0%9f%94%9b-500-ml\/#primaryimage"},"thumbnailUrl":"https:\/\/distribucionarc.com\/wp-content\/uploads\/2020\/08\/Dosificadora-Embotelladora-Llenadora-con-Batidor-50-ml-500-ml-0.jpg","datePublished":"2020-08-19T12:13:29+00:00","dateModified":"2020-10-01T07:59:01+00:00","breadcrumb":{"@id":"https:\/\/distribucionarc.com\/de\/producto\/dosificadora-embotelladora-llenadora-con-batidor-50-ml-%f0%9f%94%9b-500-ml\/#breadcrumb"},"inLanguage":"de","potentialAction":[{"@type":"ReadAction","target":["https:\/\/distribucionarc.com\/de\/producto\/dosificadora-embotelladora-llenadora-con-batidor-50-ml-%f0%9f%94%9b-500-ml\/"]}]},{"@type":"ImageObject","inLanguage":"de","@id":"https:\/\/distribucionarc.com\/de\/producto\/dosificadora-embotelladora-llenadora-con-batidor-50-ml-%f0%9f%94%9b-500-ml\/#primaryimage","url":"https:\/\/distribucionarc.com\/wp-content\/uploads\/2020\/08\/Dosificadora-Embotelladora-Llenadora-con-Batidor-50-ml-500-ml-0.jpg","contentUrl":"https:\/\/distribucionarc.com\/wp-content\/uploads\/2020\/08\/Dosificadora-Embotelladora-Llenadora-con-Batidor-50-ml-500-ml-0.jpg","width":1600,"height":1600,"caption":"Dosificadora, Embotelladora, Llenadora con Batidor 50 ml 500 ml"},{"@type":"BreadcrumbList","@id":"https:\/\/distribucionarc.com\/de\/producto\/dosificadora-embotelladora-llenadora-con-batidor-50-ml-%f0%9f%94%9b-500-ml\/#breadcrumb","itemListElement":[{"@type":"ListItem","position":1,"name":"Portada","item":"https:\/\/distribucionarc.com\/nb\/"},{"@type":"ListItem","position":2,"name":"Products","item":"https:\/\/www.distribucionarc.com\/en\/shop\/"},{"@type":"ListItem","position":3,"name":"Dosificadora, Embotelladora, Llenadora con Batidor 50 ml ? 500 ml"}]},{"@type":"WebSite","@id":"https:\/\/distribucionarc.com\/bg\/#website","url":"https:\/\/distribucionarc.com\/bg\/","name":"ARC-Verteilung","description":"Das Unternehmen ist auf die Herstellung und den Vertrieb von Industriemaschinen, Dosenverschlie\u00dfmaschinen, Tablettenmaschinen, Fleischschneidemaschinen...","publisher":{"@id":"https:\/\/distribucionarc.com\/bg\/#organization"},"potentialAction":[{"@type":"SearchAction","target":{"@type":"EntryPoint","urlTemplate":"https:\/\/distribucionarc.com\/bg\/?s={search_term_string}"},"query-input":{"@type":"PropertyValueSpecification","valueRequired":true,"valueName":"search_term_string"}}],"inLanguage":"de"},{"@type":"Organization","@id":"https:\/\/distribucionarc.com\/bg\/#organization","name":"ARC-Verteilung","url":"https:\/\/distribucionarc.com\/bg\/","logo":{"@type":"ImageObject","inLanguage":"de","@id":"https:\/\/distribucionarc.com\/bg\/#\/schema\/logo\/image\/","url":"https:\/\/distribucionarc.com\/wp-content\/uploads\/2024\/10\/distribucion-ARC-COLOR-SIN-FONDO-e1732295305345.png","contentUrl":"https:\/\/distribucionarc.com\/wp-content\/uploads\/2024\/10\/distribucion-ARC-COLOR-SIN-FONDO-e1732295305345.png","width":1164,"height":558,"caption":"Distribuci\u00f3n ARC"},"image":{"@id":"https:\/\/distribucionarc.com\/bg\/#\/schema\/logo\/image\/"},"description":"Unternehmen, das auf die Herstellung und den Vertrieb von Industriemaschinen f\u00fcr den Lebensmittel- und Pharmasektor spezialisiert ist. Wir sind spezialisiert auf: Fleischschneidemaschinen Tablettenherstellung Industrielle F\u00f6rdersysteme Abf\u00fcllanlagen Dispenser Und vieles mehr... Wir bieten innovative und ma\u00dfgeschneiderte L\u00f6sungen zur Optimierung der Produktionsprozesse in Ihrem Unternehmen.","email":"Admistracion@distribucionarc.com","telephone":"+34 643496664","legalName":"ARC TECH SOLUTIONS","foundingDate":"2024-04-09","vatID":"B55480172","numberOfEmployees":{"@type":"QuantitativeValue","minValue":"1","maxValue":"10"}}]}},"_links":{"self":[{"href":"https:\/\/distribucionarc.com\/de\/wp-json\/wp\/v2\/product\/2493","targetHints":{"allow":["GET"]}}],"collection":[{"href":"https:\/\/distribucionarc.com\/de\/wp-json\/wp\/v2\/product"}],"about":[{"href":"https:\/\/distribucionarc.com\/de\/wp-json\/wp\/v2\/types\/product"}],"replies":[{"embeddable":true,"href":"https:\/\/distribucionarc.com\/de\/wp-json\/wp\/v2\/comments?post=2493"}],"version-history":[{"count":0,"href":"https:\/\/distribucionarc.com\/de\/wp-json\/wp\/v2\/product\/2493\/revisions"}],"wp:featuredmedia":[{"embeddable":true,"href":"https:\/\/distribucionarc.com\/de\/wp-json\/wp\/v2\/media\/2500"}],"wp:attachment":[{"href":"https:\/\/distribucionarc.com\/de\/wp-json\/wp\/v2\/media?parent=2493"}],"wp:term":[{"taxonomy":"product_brand","embeddable":true,"href":"https:\/\/distribucionarc.com\/de\/wp-json\/wp\/v2\/product_brand?post=2493"},{"taxonomy":"product_cat","embeddable":true,"href":"https:\/\/distribucionarc.com\/de\/wp-json\/wp\/v2\/product_cat?post=2493"},{"taxonomy":"product_tag","embeddable":true,"href":"https:\/\/distribucionarc.com\/de\/wp-json\/wp\/v2\/product_tag?post=2493"}],"curies":[{"name":"wp","href":"https:\/\/api.w.org\/{rel}","templated":true}]}}