{"id":2597,"date":"2020-08-19T16:17:15","date_gmt":"2020-08-19T16:17:15","guid":{"rendered":"https:\/\/distribucionarc.com\/?post_type=product&#038;p=2597"},"modified":"2020-10-01T08:22:30","modified_gmt":"2020-10-01T08:22:30","slug":"automatische-maschine-fur-donuts-oder-donuts-profi-fur-4-donuts","status":"publish","type":"product","link":"https:\/\/distribucionarc.com\/de\/producto\/maquina-automatica-para-donuts-o-rosquillas-profesional-para-4-donuts\/","title":{"rendered":"Professionelle automatische Donut- oder Donutmaschine f\u00fcr 4 Donuts"},"content":{"rendered":"<h3>Professionelle automatische Donut- oder Donutmaschine f\u00fcr 4 Donuts<\/h3>\n<p>Steigern Sie Ihre Produktion, ohne den Geschmack Ihres Produkts zu verlieren<strong>\u00a0automatische Donutmaschine<\/strong>\u00a0von\u00a0<strong><span style=\"color: #ff0000;\">ZU<\/span><span style=\"color: #0000ff;\">R<\/span>C<\/strong>. Es verf\u00fcgt \u00fcber die notwendigen Funktionen, um Ihr A hervorzuheben<strong>hohe Leistung<\/strong>, Handhabbarkeit und\u00a0<span style=\"color: #008000;\"><strong>geringer Energieverbrauch<\/strong>.<\/span><\/p>\n<p>Das\u00a0<strong>kommerzielle Donutmaschine<\/strong>\u00a0von\u00a0<strong><span style=\"color: #ff0000;\">ZU<\/span><span style=\"color: #0000ff;\">R<\/span>C<\/strong>\u00a0Es besteht aus Edelstahl 304 in Lebensmittelqualit\u00e4t, ist robust und langlebig. Korrosionsbest\u00e4ndig, rostbest\u00e4ndig und leicht zu reinigen.<\/p>\n<p>Der\u00a0<strong>automatische Donutmaschine<\/strong>\u00a0<strong>ARCMADL4<\/strong>\u00a0Es ist mit einem intelligenten Bedienfeld zur bequemen und pr\u00e4zisen Steuerung der \u00d6ltemperatur und der Frittierzeit ausgestattet. Mit Indikatoren, die jederzeit den Garstatus anzeigen. Das\u00a0<strong>Donut-Maschine<\/strong>\u00a0von\u00a0<strong><span style=\"color: #ff0000;\">ZU<\/span><span style=\"color: #0000ff;\">R<\/span>C<\/strong>\u00a0Es ist vollautomatisch, mit automatischer Formung, automatischer Temperaturregelung, automatischem Braten, automatischem Wenden und Ausgeben<span style=\"color: #008000;\">\u00a0<strong>spart enorm Energie<\/strong><\/span>\u00a0und seine Zeit.<\/p>\n<p>Der\u00a0<strong>Mini-Automat zur Herstellung von Donuts<\/strong>\u00a0Im Lieferumfang ist ein Trichter mit gro\u00dfem Fassungsverm\u00f6gen f\u00fcr 9,5 Liter Teig enthalten. Sie k\u00f6nnen mehrere Donuts gleichzeitig zubereiten, ohne den Trichter immer wieder neu bef\u00fcllen zu m\u00fcssen.<\/p>\n<p>Der Trichter ist mit 4 Donutformen ausgestattet, <span style=\"color: #ff0000;\"><strong>Kann 1800 Donuts pro Stunde produzieren<\/strong><\/span>. Diese Donut-Maschine mit 4 Reihen unterst\u00fctzt den Transport von zwei Reihen Donuts und erm\u00f6glicht so eine effizientere Donut-Herstellung. Die Gr\u00f6\u00dfe reicht von 3 bis 5 cm, mit 4 Geschwindigkeitseinstellungen.<\/p>\n<h6><strong>Garantie\u00a0<span style=\"color: #ff0000;\">ZU<\/span><span style=\"color: #0000ff;\">R<\/span>C<\/strong><strong>\u00a02 JAHRE<\/strong><\/h6>\n<h6><span style=\"color: #008000;\">Automatische Maschine f\u00fcr Donuts und Doughnuts, effizient, geringer Verbrauch 2600 W<\/span><\/h6>\n<h6><strong>Technischer Support inklusive<\/strong><\/h6>\n<p>&nbsp;<\/p>\n<table role=\"presentation\" width=\"100%\" cellspacing=\"0\" cellpadding=\"0\">\n<tbody>\n<tr>\n<td class=\"attrLabels\">Temperatur:<\/td>\n<td width=\"50.0%\">0-300 \u00b0C<\/td>\n<\/tr>\n<tr>\n<td class=\"attrLabels\">Vertriebsland:<\/td>\n<td width=\"50.0%\">Spanien, Deutschland, USA<\/td>\n<td class=\"attrLabels\">Gewicht:<\/td>\n<td width=\"50.0%\">24kg<\/td>\n<\/tr>\n<tr>\n<td class=\"attrLabels\">Marke:<\/td>\n<td width=\"50.0%\">BOGEN<\/td>\n<td class=\"attrLabels\">H\u00f6he:<\/td>\n<td width=\"50.0%\">39,8 cm<\/td>\n<\/tr>\n<tr>\n<td class=\"attrLabels\">Farbe:<\/td>\n<td width=\"50.0%\">Silber<\/td>\n<td class=\"attrLabels\">Lang:<\/td>\n<td width=\"50.0%\">40,8 cm<\/td>\n<\/tr>\n<tr>\n<td class=\"attrLabels\">Produkttyp:<\/td>\n<td width=\"50.0%\">Professionelle automatische Donutmaschine<\/td>\n<td class=\"attrLabels\">Breit:<\/td>\n<td width=\"50.0%\">29,2 cm<\/td>\n<\/tr>\n<tr>\n<td class=\"attrLabels\">Herstellernummer:<\/td>\n<td width=\"50.0%\">ARCMADL4<\/td>\n<td class=\"attrLabels\">Leistung:<\/td>\n<td width=\"50.0%\">2600 W<\/td>\n<\/tr>\n<tr>\n<td class=\"attrLabels\">Material:<\/td>\n<td width=\"50.0%\">Edelstahl, Temperaturregelung, vollautomatisch<\/td>\n<td class=\"attrLabels\">Eingangsspannung<\/td>\n<td width=\"50.0%\">220V \u2013 60Hz<\/td>\n<\/tr>\n<tr>\n<td class=\"attrLabels\">Donutgr\u00f6\u00dfe:<\/td>\n<td width=\"50.0%\">3 \u2013 5 cm<\/td>\n<td class=\"attrLabels\">Garantie:<\/td>\n<td width=\"50.0%\">2 JAHRE<\/td>\n<\/tr>\n<tr>\n<td class=\"attrLabels\">Installationswerkzeuge:<\/td>\n<td width=\"50.0%\">Ja<\/td>\n<td class=\"attrLabels\">Produktion:<\/td>\n<td width=\"50.0%\">1800 St\u00fcck pro Stunde<\/td>\n<\/tr>\n<\/tbody>\n<\/table>","protected":false},"excerpt":{"rendered":"<h2>Professionelle automatische Donut- oder Donutmaschine f\u00fcr 4 Donuts<\/h2>\n<p>Das\u00a0<strong>Donut-Maschine<\/strong>\u00a0von\u00a0<strong><span style=\"color: #ff0000;\">ZU<\/span><span style=\"color: #0000ff;\">R<\/span>C<\/strong>\u00a0Es eignet sich f\u00fcr die Kettenproduktion oder sogar f\u00fcr die Herstellung frischer Donuts in gro\u00dfen Mengen, damit sie ihre gesamte Textur und ihren Geschmack behalten.<\/p>\n<p>Der\u00a0<strong>Automatische Donutmaschine ARCMADL6<\/strong>\u00a0Es besteht aus lebensmittelechtem Edelstahl. Das vollautomatische Design ist wegen seiner hohen Effizienz und Pr\u00e4zision in der Produktion beliebt<span style=\"color: #ff0000;\"><strong> 4 Donuts in einer Reihe<\/strong><\/span>\u00a0mit automatischer Formung: Es verf\u00fcgt \u00fcber eine automatische Temperaturregelung, die Donuts drehen sich automatisch auf dem Band\u00a0<span style=\"color: #008000;\"><strong>Zeit und Energie sparen<\/strong><\/span>. Mit dem\u00a0<strong>automatische Donutmaschine<\/strong>\u00a0kann viel Leckeres machen<strong>\u00a0Donuts<\/strong> goldbraun und knusprig dank seines 5,5-Liter-Tanks k\u00f6nnen Sie beim Formen auch Erdn\u00fcsse, Sesam oder Waln\u00fcsse auf die Oberfl\u00e4che des Donuts geben. Ideal f\u00fcr den professionellen oder privaten Gebrauch.<\/p>\n<h6><strong>Garantie\u00a0<span style=\"color: #ff0000;\">ZU<\/span><span style=\"color: #0000ff;\">R<\/span>C<\/strong><strong>\u00a02 JAHRE<\/strong><\/h6>\n<h6><span style=\"color: #008000;\">Automatische Maschine f\u00fcr Donuts und Doughnuts, effizient, geringer Verbrauch 2600 W<\/span><\/h6>\n<h6><strong>Technischer Support inklusive<\/strong><\/h6>","protected":false},"featured_media":2598,"comment_status":"open","ping_status":"closed","template":"","meta":{"wds_primary_product_brand":0,"wds_primary_product_cat":0},"product_brand":[],"product_cat":[56,53],"product_tag":[],"class_list":{"0":"post-2597","1":"product","2":"type-product","3":"status-publish","4":"has-post-thumbnail","6":"product_cat-maquinaria-para-ferias","7":"product_cat-panaderia-y-pasteleria-industrial","8":"product_shipping_class-express","10":"first","11":"instock","12":"sale","13":"taxable","14":"shipping-taxable","15":"purchasable","16":"product-type-simple"},"yoast_head":"<!-- This site is optimized with the Yoast SEO Premium plugin v24.9 (Yoast SEO v26.1) - https:\/\/yoast.com\/wordpress\/plugins\/seo\/ -->\n<title>M\u00e1quina autom\u00e1tica para donuts o rosquillas profesional para 4 donuts - distribuci\u00f3n ARC<\/title>\n<meta name=\"robots\" content=\"index, follow, max-snippet:-1, max-image-preview:large, max-video-preview:-1\" \/>\n<link rel=\"canonical\" href=\"https:\/\/distribucionarc.com\/de\/produkt-2\/automatische-maschine-fur-donuts-oder-donuts-profi-fur-4-donuts\/\" \/>\n<meta property=\"og:locale\" content=\"de_DE\" \/>\n<meta property=\"og:type\" content=\"article\" \/>\n<meta property=\"og:title\" content=\"M\u00e1quina autom\u00e1tica para donuts o rosquillas profesional para 4 donuts\" \/>\n<meta property=\"og:description\" content=\"M\u00e1quina autom\u00e1tica para donuts o rosquillas profesional para 4 donuts Esta\u00a0m\u00e1quina de donuts\u00a0de\u00a0ARC\u00a0es la indicada para la producci\u00f3n en cadena o incluso para fabricar donuts frescos en gran cantidad para que conserven toda su textura y sabor.  La\u00a0m\u00e1quina autom\u00e1tica de rosquillas\u00a0ARCMADL6\u00a0est\u00e1 hecha de acero inoxidable de calidad alimentaria. El dise\u00f1o totalmente autom\u00e1tico es popular por su alta eficiencia y precisi\u00f3n para producir 4 donuts seguidos\u00a0con formaci\u00f3n autom\u00e1tica: dispone de control autom\u00e1tico de temperatura, los donuts giran autom\u00e1ticamente por la cinta\u00a0ahorrando tiempo y energ\u00eda. Con la\u00a0m\u00e1quina autom\u00e1tica de rosquillas\u00a0puede hacer \u00a0una gran cantidad de deliciosos\u00a0donuts dorados y crujientes gracias a su tanque de 5,5L , tambi\u00e9n se pueden a\u00f1adir cacahuetes, s\u00e9samo o nueces a la superficie del donut al moldear. Ideal para profesional o dom\u00e9stico. Garant\u00eda\u00a0ARC\u00a02 A\u00d1OS Maquina automatica para donuts y rosquillas eficiente, bajo consumo 2600w soporte t\u00e9cnico incluido\" \/>\n<meta property=\"og:url\" content=\"https:\/\/distribucionarc.com\/de\/produkt-2\/automatische-maschine-fur-donuts-oder-donuts-profi-fur-4-donuts\/\" \/>\n<meta property=\"og:site_name\" content=\"distribuci\u00f3n ARC\" \/>\n<meta property=\"article:modified_time\" content=\"2020-10-01T08:22:30+00:00\" \/>\n<meta property=\"og:image\" content=\"https:\/\/distribucionarc.com\/wp-content\/uploads\/2020\/08\/M\u00e1quina-autom\u00e1tica-para-donuts-o-rosquillas-profesional-para-4-donuts-0.jpg\" \/>\n\t<meta property=\"og:image:width\" content=\"1600\" \/>\n\t<meta property=\"og:image:height\" content=\"1600\" \/>\n\t<meta property=\"og:image:type\" content=\"image\/jpeg\" \/>\n<meta name=\"twitter:card\" content=\"summary_large_image\" \/>\n<meta name=\"twitter:label1\" content=\"Gesch\u00e4tzte Lesezeit\" \/>\n\t<meta name=\"twitter:data1\" content=\"2\u00a0Minuten\" \/>\n<script type=\"application\/ld+json\" class=\"yoast-schema-graph\">{\"@context\":\"https:\/\/schema.org\",\"@graph\":[{\"@type\":\"WebPage\",\"@id\":\"https:\/\/distribucionarc.com\/producto\/maquina-automatica-para-donuts-o-rosquillas-profesional-para-4-donuts\/\",\"url\":\"https:\/\/distribucionarc.com\/producto\/maquina-automatica-para-donuts-o-rosquillas-profesional-para-4-donuts\/\",\"name\":\"M\u00e1quina autom\u00e1tica para donuts o rosquillas profesional para 4 donuts - distribuci\u00f3n ARC\",\"isPartOf\":{\"@id\":\"https:\/\/distribucionarc.com\/ro\/#website\"},\"primaryImageOfPage\":{\"@id\":\"https:\/\/distribucionarc.com\/producto\/maquina-automatica-para-donuts-o-rosquillas-profesional-para-4-donuts\/#primaryimage\"},\"image\":{\"@id\":\"https:\/\/distribucionarc.com\/producto\/maquina-automatica-para-donuts-o-rosquillas-profesional-para-4-donuts\/#primaryimage\"},\"thumbnailUrl\":\"https:\/\/distribucionarc.com\/wp-content\/uploads\/2020\/08\/M\u00e1quina-autom\u00e1tica-para-donuts-o-rosquillas-profesional-para-4-donuts-0.jpg\",\"datePublished\":\"2020-08-19T16:17:15+00:00\",\"dateModified\":\"2020-10-01T08:22:30+00:00\",\"breadcrumb\":{\"@id\":\"https:\/\/distribucionarc.com\/producto\/maquina-automatica-para-donuts-o-rosquillas-profesional-para-4-donuts\/#breadcrumb\"},\"inLanguage\":\"de\",\"potentialAction\":[{\"@type\":\"ReadAction\",\"target\":[\"https:\/\/distribucionarc.com\/producto\/maquina-automatica-para-donuts-o-rosquillas-profesional-para-4-donuts\/\"]}]},{\"@type\":\"ImageObject\",\"inLanguage\":\"de\",\"@id\":\"https:\/\/distribucionarc.com\/producto\/maquina-automatica-para-donuts-o-rosquillas-profesional-para-4-donuts\/#primaryimage\",\"url\":\"https:\/\/distribucionarc.com\/wp-content\/uploads\/2020\/08\/M\u00e1quina-autom\u00e1tica-para-donuts-o-rosquillas-profesional-para-4-donuts-0.jpg\",\"contentUrl\":\"https:\/\/distribucionarc.com\/wp-content\/uploads\/2020\/08\/M\u00e1quina-autom\u00e1tica-para-donuts-o-rosquillas-profesional-para-4-donuts-0.jpg\",\"width\":1600,\"height\":1600,\"caption\":\"M\u00e1quina autom\u00e1tica para donuts o rosquillas profesional para 4 donuts\"},{\"@type\":\"BreadcrumbList\",\"@id\":\"https:\/\/distribucionarc.com\/producto\/maquina-automatica-para-donuts-o-rosquillas-profesional-para-4-donuts\/#breadcrumb\",\"itemListElement\":[{\"@type\":\"ListItem\",\"position\":1,\"name\":\"Portada\",\"item\":\"https:\/\/distribucionarc.com\/ar\/\"},{\"@type\":\"ListItem\",\"position\":2,\"name\":\"Proizvodi\",\"item\":\"https:\/\/www.distribucionarc.com\/hr\/ducan\/\"},{\"@type\":\"ListItem\",\"position\":3,\"name\":\"M\u00e1quina autom\u00e1tica para donuts o rosquillas profesional para 4 donuts\"}]},{\"@type\":\"WebSite\",\"@id\":\"https:\/\/distribucionarc.com\/ro\/#website\",\"url\":\"https:\/\/distribucionarc.com\/ro\/\",\"name\":\"distribuci\u00f3n ARC\",\"description\":\"Empresa especializada en la fabricaci\u00f3n y distribuci\u00f3n de maquinaria industrial, selladoras de latas, Maquinas de hacer pastillas, Maquinas de cortar carne...\",\"publisher\":{\"@id\":\"https:\/\/distribucionarc.com\/ro\/#organization\"},\"potentialAction\":[{\"@type\":\"SearchAction\",\"target\":{\"@type\":\"EntryPoint\",\"urlTemplate\":\"https:\/\/distribucionarc.com\/ro\/?s={search_term_string}\"},\"query-input\":{\"@type\":\"PropertyValueSpecification\",\"valueRequired\":true,\"valueName\":\"search_term_string\"}}],\"inLanguage\":\"de\"},{\"@type\":\"Organization\",\"@id\":\"https:\/\/distribucionarc.com\/ro\/#organization\",\"name\":\"Distribuci\u00f3n ARC\",\"url\":\"https:\/\/distribucionarc.com\/ro\/\",\"logo\":{\"@type\":\"ImageObject\",\"inLanguage\":\"de\",\"@id\":\"https:\/\/distribucionarc.com\/ro\/#\/schema\/logo\/image\/\",\"url\":\"https:\/\/distribucionarc.com\/wp-content\/uploads\/2024\/10\/distribucion-ARC-COLOR-SIN-FONDO-e1732295305345.png\",\"contentUrl\":\"https:\/\/distribucionarc.com\/wp-content\/uploads\/2024\/10\/distribucion-ARC-COLOR-SIN-FONDO-e1732295305345.png\",\"width\":1164,\"height\":558,\"caption\":\"Distribuci\u00f3n ARC\"},\"image\":{\"@id\":\"https:\/\/distribucionarc.com\/ro\/#\/schema\/logo\/image\/\"},\"description\":\"Empresa especializada en la fabricaci\u00f3n y distribuci\u00f3n de maquinaria industrial para los sectores alimentario y farmac\u00e9utico. Nos especializamos en: M\u00e1quinas de cortar carne Fabricaci\u00f3n de comprimidos Sistemas de transporte industrial L\u00edneas de embotellado Dosificadores Y mucho m\u00e1s... Ofrecemos soluciones innovadoras y personalizadas para optimizar los procesos productivos de tu empresa.\",\"email\":\"Admistracion@distribucionarc.com\",\"telephone\":\"+34 643496664\",\"legalName\":\"ARC TECH SOLUTIONS\",\"foundingDate\":\"2024-04-09\",\"vatID\":\"B55480172\",\"numberOfEmployees\":{\"@type\":\"QuantitativeValue\",\"minValue\":\"1\",\"maxValue\":\"10\"}}]}<\/script>\n<!-- \/ Yoast SEO Premium plugin. -->","yoast_head_json":{"title":"Professionelle automatische Donutmaschine f\u00fcr 4 Donuts - ARC distribution","robots":{"index":"index","follow":"follow","max-snippet":"max-snippet:-1","max-image-preview":"max-image-preview:large","max-video-preview":"max-video-preview:-1"},"canonical":"https:\/\/distribucionarc.com\/de\/produkt-2\/automatische-maschine-fur-donuts-oder-donuts-profi-fur-4-donuts\/","og_locale":"de_DE","og_type":"article","og_title":"M\u00e1quina autom\u00e1tica para donuts o rosquillas profesional para 4 donuts","og_description":"M\u00e1quina autom\u00e1tica para donuts o rosquillas profesional para 4 donuts Esta\u00a0m\u00e1quina de donuts\u00a0de\u00a0ARC\u00a0es la indicada para la producci\u00f3n en cadena o incluso para fabricar donuts frescos en gran cantidad para que conserven toda su textura y sabor.  La\u00a0m\u00e1quina autom\u00e1tica de rosquillas\u00a0ARCMADL6\u00a0est\u00e1 hecha de acero inoxidable de calidad alimentaria. El dise\u00f1o totalmente autom\u00e1tico es popular por su alta eficiencia y precisi\u00f3n para producir 4 donuts seguidos\u00a0con formaci\u00f3n autom\u00e1tica: dispone de control autom\u00e1tico de temperatura, los donuts giran autom\u00e1ticamente por la cinta\u00a0ahorrando tiempo y energ\u00eda. Con la\u00a0m\u00e1quina autom\u00e1tica de rosquillas\u00a0puede hacer \u00a0una gran cantidad de deliciosos\u00a0donuts dorados y crujientes gracias a su tanque de 5,5L , tambi\u00e9n se pueden a\u00f1adir cacahuetes, s\u00e9samo o nueces a la superficie del donut al moldear. Ideal para profesional o dom\u00e9stico. Garant\u00eda\u00a0ARC\u00a02 A\u00d1OS Maquina automatica para donuts y rosquillas eficiente, bajo consumo 2600w soporte t\u00e9cnico incluido","og_url":"https:\/\/distribucionarc.com\/de\/produkt-2\/automatische-maschine-fur-donuts-oder-donuts-profi-fur-4-donuts\/","og_site_name":"distribuci\u00f3n ARC","article_modified_time":"2020-10-01T08:22:30+00:00","og_image":[{"width":1600,"height":1600,"url":"https:\/\/distribucionarc.com\/wp-content\/uploads\/2020\/08\/M\u00e1quina-autom\u00e1tica-para-donuts-o-rosquillas-profesional-para-4-donuts-0.jpg","type":"image\/jpeg"}],"twitter_card":"summary_large_image","twitter_misc":{"Gesch\u00e4tzte Lesezeit":"2\u00a0Minuten"},"schema":{"@context":"https:\/\/schema.org","@graph":[{"@type":"WebPage","@id":"https:\/\/distribucionarc.com\/producto\/maquina-automatica-para-donuts-o-rosquillas-profesional-para-4-donuts\/","url":"https:\/\/distribucionarc.com\/producto\/maquina-automatica-para-donuts-o-rosquillas-profesional-para-4-donuts\/","name":"Professionelle automatische Donutmaschine f\u00fcr 4 Donuts - ARC distribution","isPartOf":{"@id":"https:\/\/distribucionarc.com\/ro\/#website"},"primaryImageOfPage":{"@id":"https:\/\/distribucionarc.com\/producto\/maquina-automatica-para-donuts-o-rosquillas-profesional-para-4-donuts\/#primaryimage"},"image":{"@id":"https:\/\/distribucionarc.com\/producto\/maquina-automatica-para-donuts-o-rosquillas-profesional-para-4-donuts\/#primaryimage"},"thumbnailUrl":"https:\/\/distribucionarc.com\/wp-content\/uploads\/2020\/08\/M\u00e1quina-autom\u00e1tica-para-donuts-o-rosquillas-profesional-para-4-donuts-0.jpg","datePublished":"2020-08-19T16:17:15+00:00","dateModified":"2020-10-01T08:22:30+00:00","breadcrumb":{"@id":"https:\/\/distribucionarc.com\/producto\/maquina-automatica-para-donuts-o-rosquillas-profesional-para-4-donuts\/#breadcrumb"},"inLanguage":"de","potentialAction":[{"@type":"ReadAction","target":["https:\/\/distribucionarc.com\/producto\/maquina-automatica-para-donuts-o-rosquillas-profesional-para-4-donuts\/"]}]},{"@type":"ImageObject","inLanguage":"de","@id":"https:\/\/distribucionarc.com\/producto\/maquina-automatica-para-donuts-o-rosquillas-profesional-para-4-donuts\/#primaryimage","url":"https:\/\/distribucionarc.com\/wp-content\/uploads\/2020\/08\/M\u00e1quina-autom\u00e1tica-para-donuts-o-rosquillas-profesional-para-4-donuts-0.jpg","contentUrl":"https:\/\/distribucionarc.com\/wp-content\/uploads\/2020\/08\/M\u00e1quina-autom\u00e1tica-para-donuts-o-rosquillas-profesional-para-4-donuts-0.jpg","width":1600,"height":1600,"caption":"M\u00e1quina autom\u00e1tica para donuts o rosquillas profesional para 4 donuts"},{"@type":"BreadcrumbList","@id":"https:\/\/distribucionarc.com\/producto\/maquina-automatica-para-donuts-o-rosquillas-profesional-para-4-donuts\/#breadcrumb","itemListElement":[{"@type":"ListItem","position":1,"name":"Portada","item":"https:\/\/distribucionarc.com\/ar\/"},{"@type":"ListItem","position":2,"name":"Proizvodi","item":"https:\/\/www.distribucionarc.com\/hr\/ducan\/"},{"@type":"ListItem","position":3,"name":"M\u00e1quina autom\u00e1tica para donuts o rosquillas profesional para 4 donuts"}]},{"@type":"WebSite","@id":"https:\/\/distribucionarc.com\/ro\/#website","url":"https:\/\/distribucionarc.com\/ro\/","name":"ARC-Verteilung","description":"Das Unternehmen ist auf die Herstellung und den Vertrieb von Industriemaschinen, Dosenverschlie\u00dfmaschinen, Tablettenmaschinen, Fleischschneidemaschinen...","publisher":{"@id":"https:\/\/distribucionarc.com\/ro\/#organization"},"potentialAction":[{"@type":"SearchAction","target":{"@type":"EntryPoint","urlTemplate":"https:\/\/distribucionarc.com\/ro\/?s={search_term_string}"},"query-input":{"@type":"PropertyValueSpecification","valueRequired":true,"valueName":"search_term_string"}}],"inLanguage":"de"},{"@type":"Organization","@id":"https:\/\/distribucionarc.com\/ro\/#organization","name":"ARC-Verteilung","url":"https:\/\/distribucionarc.com\/ro\/","logo":{"@type":"ImageObject","inLanguage":"de","@id":"https:\/\/distribucionarc.com\/ro\/#\/schema\/logo\/image\/","url":"https:\/\/distribucionarc.com\/wp-content\/uploads\/2024\/10\/distribucion-ARC-COLOR-SIN-FONDO-e1732295305345.png","contentUrl":"https:\/\/distribucionarc.com\/wp-content\/uploads\/2024\/10\/distribucion-ARC-COLOR-SIN-FONDO-e1732295305345.png","width":1164,"height":558,"caption":"Distribuci\u00f3n ARC"},"image":{"@id":"https:\/\/distribucionarc.com\/ro\/#\/schema\/logo\/image\/"},"description":"Unternehmen, das auf die Herstellung und den Vertrieb von Industriemaschinen f\u00fcr den Lebensmittel- und Pharmasektor spezialisiert ist. Wir sind spezialisiert auf: Fleischschneidemaschinen Tablettenherstellung Industrielle F\u00f6rdersysteme Abf\u00fcllanlagen Dispenser Und vieles mehr... Wir bieten innovative und ma\u00dfgeschneiderte L\u00f6sungen zur Optimierung der Produktionsprozesse in Ihrem Unternehmen.","email":"Admistracion@distribucionarc.com","telephone":"+34 643496664","legalName":"ARC TECH SOLUTIONS","foundingDate":"2024-04-09","vatID":"B55480172","numberOfEmployees":{"@type":"QuantitativeValue","minValue":"1","maxValue":"10"}}]}},"_links":{"self":[{"href":"https:\/\/distribucionarc.com\/de\/wp-json\/wp\/v2\/product\/2597","targetHints":{"allow":["GET"]}}],"collection":[{"href":"https:\/\/distribucionarc.com\/de\/wp-json\/wp\/v2\/product"}],"about":[{"href":"https:\/\/distribucionarc.com\/de\/wp-json\/wp\/v2\/types\/product"}],"replies":[{"embeddable":true,"href":"https:\/\/distribucionarc.com\/de\/wp-json\/wp\/v2\/comments?post=2597"}],"version-history":[{"count":0,"href":"https:\/\/distribucionarc.com\/de\/wp-json\/wp\/v2\/product\/2597\/revisions"}],"wp:featuredmedia":[{"embeddable":true,"href":"https:\/\/distribucionarc.com\/de\/wp-json\/wp\/v2\/media\/2598"}],"wp:attachment":[{"href":"https:\/\/distribucionarc.com\/de\/wp-json\/wp\/v2\/media?parent=2597"}],"wp:term":[{"taxonomy":"product_brand","embeddable":true,"href":"https:\/\/distribucionarc.com\/de\/wp-json\/wp\/v2\/product_brand?post=2597"},{"taxonomy":"product_cat","embeddable":true,"href":"https:\/\/distribucionarc.com\/de\/wp-json\/wp\/v2\/product_cat?post=2597"},{"taxonomy":"product_tag","embeddable":true,"href":"https:\/\/distribucionarc.com\/de\/wp-json\/wp\/v2\/product_tag?post=2597"}],"curies":[{"name":"wp","href":"https:\/\/api.w.org\/{rel}","templated":true}]}}